{"id":157319,"date":"2025-08-18T09:09:30","date_gmt":"2025-08-18T09:09:30","guid":{"rendered":"https:\/\/avo.it\/technische-informationen\/zubehoer\/"},"modified":"2026-01-07T09:43:05","modified_gmt":"2026-01-07T09:43:05","slug":"zubehoer","status":"publish","type":"page","link":"https:\/\/www.avo.it\/de\/technische-informationen\/zubehoer\/","title":{"rendered":"Zubeh\u00f6r"},"content":{"rendered":"\t\t<div data-elementor-type=\"wp-page\" data-elementor-id=\"157319\" class=\"elementor elementor-157319 elementor-150488\" data-elementor-post-type=\"page\">\n\t\t\t\t<div class=\"elementor-element elementor-element-5a98839 e-con-full e-flex e-con e-parent\" data-id=\"5a98839\" data-element_type=\"container\" data-e-type=\"container\" data-settings=\"{&quot;background_background&quot;:&quot;classic&quot;}\">\n\t\t<div class=\"elementor-element elementor-element-4fafbae e-con-full e-flex e-con e-child\" data-id=\"4fafbae\" data-element_type=\"container\" data-e-type=\"container\" data-settings=\"{&quot;background_background&quot;:&quot;classic&quot;}\">\n\t\t<div class=\"elementor-element elementor-element-74947ac e-con-full e-flex e-con e-child\" data-id=\"74947ac\" data-element_type=\"container\" data-e-type=\"container\" data-settings=\"{&quot;background_background&quot;:&quot;classic&quot;}\">\n\t\t\t\t<div class=\"elementor-element elementor-element-3a8c620 elementor-widget elementor-widget-heading\" data-id=\"3a8c620\" data-element_type=\"widget\" data-e-type=\"widget\" data-widget_type=\"heading.default\">\n\t\t\t\t\t<h1 class=\"elementor-heading-title elementor-size-default\"><span style=\"color: #B3E5FC\">Zubeh\u00f6r<\/span><\/h1>\t\t\t\t<\/div>\n\t\t\t\t<\/div>\n\t\t\t\t<\/div>\n\t\t\t\t<\/div>\n\t\t<div class=\"elementor-element elementor-element-a65a2a1 e-con-full e-flex e-con e-parent\" data-id=\"a65a2a1\" data-element_type=\"container\" data-e-type=\"container\">\n\t\t\t\t<div class=\"elementor-element elementor-element-fb47279 elementor-widget elementor-widget-heading\" data-id=\"fb47279\" data-element_type=\"widget\" data-e-type=\"widget\" data-widget_type=\"heading.default\">\n\t\t\t\t\t<h2 class=\"elementor-heading-title elementor-size-default\">Zubeh\u00f6r f\u00fcr R\u00e4der und Rollen<\/h2>\t\t\t\t<\/div>\n\t\t\t\t<div class=\"elementor-element elementor-element-3f1900c elementor-widget elementor-widget-text-editor\" data-id=\"3f1900c\" data-element_type=\"widget\" data-e-type=\"widget\" data-widget_type=\"text-editor.default\">\n\t\t\t\t\t\t\t\t\t<p>Zubeh\u00f6rkomponenten erh\u00f6hen die <strong>Sicherheit<\/strong> und <strong>Effizienz<\/strong> von Transportger\u00e4ten.<\/p>\n<ul>\n<li><strong>Fadenschutzringe (Protegge-fili)<\/strong> verhindern das Aufwickeln von R\u00fcckst\u00e4nden um Achse und Nabe und reduzieren dadurch Verschlei\u00df und Wartungsaufwand.<\/li>\n<li><strong>Richtungsfeststeller (Freni direzionali)<\/strong> blockieren schwenkbare Geh\u00e4use und sorgen f\u00fcr h\u00f6here Stabilit\u00e4t bei Geradeausfahrten.<\/li>\n<li><strong>Fu\u00dfschutzvorrichtungen (Parapiedi)<\/strong> sch\u00fctzen den Bediener vor St\u00f6\u00dfen und Quetschungen.<\/li>\n<\/ul>\n<p>Ideale L\u00f6sungen f\u00fcr <strong>Industrie<\/strong>, <strong>Logistik<\/strong> und <strong>Gesundheitswesen<\/strong>.<\/p>\n\t\t\t\t\t\t\t\t<\/div>\n\t\t\t\t<\/div>\n\t\t<div class=\"elementor-element elementor-element-c0e2b9a e-con-full e-flex e-con e-parent\" data-id=\"c0e2b9a\" data-element_type=\"container\" data-e-type=\"container\">\n\t\t<div class=\"elementor-element elementor-element-4827805 e-con-full e-flex e-con e-child\" data-id=\"4827805\" data-element_type=\"container\" data-e-type=\"container\">\n\t\t<div class=\"elementor-element elementor-element-04dcbb1 e-con-full e-flex e-con e-child\" data-id=\"04dcbb1\" data-element_type=\"container\" data-e-type=\"container\">\n\t\t\t\t<div class=\"elementor-element elementor-element-1b2c826 elementor-widget elementor-widget-heading\" data-id=\"1b2c826\" data-element_type=\"widget\" data-e-type=\"widget\" data-widget_type=\"heading.default\">\n\t\t\t\t\t<h3 class=\"elementor-heading-title elementor-size-default\">Gewindeschutzvorrichtungen<\/h3>\t\t\t\t<\/div>\n\t\t\t\t<div class=\"elementor-element elementor-element-ca19c9f elementor-widget elementor-widget-text-editor\" data-id=\"ca19c9f\" data-element_type=\"widget\" data-e-type=\"widget\" data-widget_type=\"text-editor.default\">\n\t\t\t\t\t\t\t\t\t<p>Fadenschutzringe sind Zubeh\u00f6rteile, die an R\u00e4dern angebracht werden, um das Aufwickeln von <strong>F\u00e4den<\/strong>, <strong>Haaren<\/strong>, <strong>Seilen<\/strong> oder anderen R\u00fcckst\u00e4nden um Nabe und Achse zu verhindern.<br \/>Sie gew\u00e4hrleisten eine <strong>gleichm\u00e4\u00dfige Laufeigenschaft<\/strong>, reduzieren <strong>vorzeitigen Verschlei\u00df<\/strong> und verhindern <strong>ungewollte Blockierungen<\/strong> w\u00e4hrend des Betriebs.<br \/>In der Regel aus <strong>verzinktem Stahl<\/strong>, <strong>Edelstahl<\/strong> oder <strong>technischen Kunststoffen<\/strong> gefertigt, sind sie besonders geeignet f\u00fcr Anwendungen in <strong>Krankenh\u00e4usern<\/strong>, der <strong>Lebensmittelindustrie<\/strong> und <strong>Laboren<\/strong>, bei denen <strong>Hygiene<\/strong> und <strong>Zuverl\u00e4ssigkeit<\/strong> entscheidend sind.<\/p>\n\t\t\t\t\t\t\t\t<\/div>\n\t\t\t\t<\/div>\n\t\t<div class=\"elementor-element elementor-element-13e14e4 e-con-full e-flex e-con e-child\" data-id=\"13e14e4\" data-element_type=\"container\" data-e-type=\"container\">\n\t\t\t\t<div class=\"elementor-element elementor-element-9e5097d elementor-widget elementor-widget-image\" data-id=\"9e5097d\" data-element_type=\"widget\" data-e-type=\"widget\" data-widget_type=\"image.default\">\n\t\t\t\t\t\t\t\t\t\t\t\t\t\t\t\t<a href=\"https:\/\/www.avo.it\/wp-content\/uploads\/2025\/08\/PARAFILI-e1756296645741.png\" data-elementor-open-lightbox=\"yes\" data-e-action-hash=\"#elementor-action%3Aaction%3Dlightbox%26settings%3DeyJpZCI6MTUxMDg3LCJ1cmwiOiJodHRwczpcL1wvd3d3LmF2by5pdFwvd3AtY29udGVudFwvdXBsb2Fkc1wvMjAyNVwvMDhcL1BBUkFGSUxJLWUxNzU2Mjk2NjQ1NzQxLnBuZyJ9\">\n\t\t\t\t\t\t\t<img fetchpriority=\"high\" decoding=\"async\" width=\"2048\" height=\"2048\" src=\"https:\/\/www.avo.it\/wp-content\/uploads\/2025\/08\/PARAFILI-e1756296645741.png\" class=\"attachment-full size-full wp-image-151087\" alt=\"\" \/>\t\t\t\t\t\t\t\t<\/a>\n\t\t\t\t\t\t\t\t\t\t\t\t\t\t\t<\/div>\n\t\t\t\t<\/div>\n\t\t\t\t<\/div>\n\t\t\t\t<\/div>\n\t\t<div class=\"elementor-element elementor-element-4111f9c e-con-full e-flex e-con e-parent\" data-id=\"4111f9c\" data-element_type=\"container\" data-e-type=\"container\">\n\t\t\t\t<div class=\"elementor-element elementor-element-cdf2b76 elementor-widget-divider--view-line elementor-widget elementor-widget-divider\" data-id=\"cdf2b76\" data-element_type=\"widget\" data-e-type=\"widget\" data-widget_type=\"divider.default\">\n\t\t\t\t\t\t\t<div class=\"elementor-divider\">\n\t\t\t<span class=\"elementor-divider-separator\">\n\t\t\t\t\t\t<\/span>\n\t\t<\/div>\n\t\t\t\t\t\t<\/div>\n\t\t<div class=\"elementor-element elementor-element-b8d1686 e-con-full e-flex e-con e-child\" data-id=\"b8d1686\" data-element_type=\"container\" data-e-type=\"container\">\n\t\t<div class=\"elementor-element elementor-element-0caf82f e-con-full e-flex e-con e-child\" data-id=\"0caf82f\" data-element_type=\"container\" data-e-type=\"container\">\n\t\t\t\t<div class=\"elementor-element elementor-element-06c3eab elementor-widget elementor-widget-heading\" data-id=\"06c3eab\" data-element_type=\"widget\" data-e-type=\"widget\" data-widget_type=\"heading.default\">\n\t\t\t\t\t<h3 class=\"elementor-heading-title elementor-size-default\">Richtungsfeststeller<\/h3>\t\t\t\t<\/div>\n\t\t\t\t<div class=\"elementor-element elementor-element-58498f9 elementor-widget elementor-widget-text-editor\" data-id=\"58498f9\" data-element_type=\"widget\" data-e-type=\"widget\" data-widget_type=\"text-editor.default\">\n\t\t\t\t\t\t\t\t\t<p>Richtungsfeststeller sind Zubeh\u00f6rkomponenten f\u00fcr <strong>schwenkbare Geh\u00e4use<\/strong>, mit denen die Drehbewegung des Geh\u00e4uses tempor\u00e4r blockiert und das Schwenkrad in ein <strong>Bockrad<\/strong> umgewandelt wird.<br \/>Diese Funktion verbessert die <strong>Spurtreue<\/strong> und <strong>Kontrolle<\/strong> des Transportger\u00e4ts bei Geradeausfahrten, insbesondere \u00fcber l\u00e4ngere Strecken.<br \/>Die Bet\u00e4tigung erfolgt schnell und ergonomisch \u00fcber <strong>Hebel<\/strong> oder <strong>Pedal<\/strong>, sodass der Bediener flexibel zwischen verschiedenen Fahrmodi w\u00e4hlen kann.<\/p>\n\t\t\t\t\t\t\t\t<\/div>\n\t\t\t\t<\/div>\n\t\t<div class=\"elementor-element elementor-element-cd946e3 e-con-full e-flex e-con e-child\" data-id=\"cd946e3\" data-element_type=\"container\" data-e-type=\"container\">\n\t\t\t\t<div class=\"elementor-element elementor-element-7cb9fb5 elementor-widget elementor-widget-image\" data-id=\"7cb9fb5\" data-element_type=\"widget\" data-e-type=\"widget\" data-widget_type=\"image.default\">\n\t\t\t\t\t\t\t\t\t\t\t\t\t\t\t\t<a href=\"https:\/\/www.avo.it\/wp-content\/uploads\/2025\/08\/FRENI-DIREZIONALI.png\" data-elementor-open-lightbox=\"yes\" data-e-action-hash=\"#elementor-action%3Aaction%3Dlightbox%26settings%3DeyJpZCI6MTUxMDgyLCJ1cmwiOiJodHRwczpcL1wvd3d3LmF2by5pdFwvd3AtY29udGVudFwvdXBsb2Fkc1wvMjAyNVwvMDhcL0ZSRU5JLURJUkVaSU9OQUxJLnBuZyJ9\">\n\t\t\t\t\t\t\t<img decoding=\"async\" width=\"2048\" height=\"2048\" src=\"https:\/\/www.avo.it\/wp-content\/uploads\/2025\/08\/FRENI-DIREZIONALI.png\" class=\"attachment-full size-full wp-image-151082\" alt=\"\" srcset=\"https:\/\/www.avo.it\/wp-content\/uploads\/2025\/08\/FRENI-DIREZIONALI.png 2048w, https:\/\/www.avo.it\/wp-content\/uploads\/2025\/08\/FRENI-DIREZIONALI-300x300.png 300w, https:\/\/www.avo.it\/wp-content\/uploads\/2025\/08\/FRENI-DIREZIONALI-1024x1024.png 1024w, https:\/\/www.avo.it\/wp-content\/uploads\/2025\/08\/FRENI-DIREZIONALI-150x150.png 150w, https:\/\/www.avo.it\/wp-content\/uploads\/2025\/08\/FRENI-DIREZIONALI-768x768.png 768w, https:\/\/www.avo.it\/wp-content\/uploads\/2025\/08\/FRENI-DIREZIONALI-1536x1536.png 1536w\" sizes=\"(max-width: 2048px) 100vw, 2048px\" \/>\t\t\t\t\t\t\t\t<\/a>\n\t\t\t\t\t\t\t\t\t\t\t\t\t\t\t<\/div>\n\t\t\t\t<\/div>\n\t\t\t\t<\/div>\n\t\t\t\t<\/div>\n\t\t<div class=\"elementor-element elementor-element-7dd553c e-con-full e-flex e-con e-parent\" data-id=\"7dd553c\" data-element_type=\"container\" data-e-type=\"container\">\n\t\t\t\t<div class=\"elementor-element elementor-element-29b4dfd elementor-widget-divider--view-line elementor-widget elementor-widget-divider\" data-id=\"29b4dfd\" data-element_type=\"widget\" data-e-type=\"widget\" data-widget_type=\"divider.default\">\n\t\t\t\t\t\t\t<div class=\"elementor-divider\">\n\t\t\t<span class=\"elementor-divider-separator\">\n\t\t\t\t\t\t<\/span>\n\t\t<\/div>\n\t\t\t\t\t\t<\/div>\n\t\t<div class=\"elementor-element elementor-element-9e07b39 e-con-full e-flex e-con e-child\" data-id=\"9e07b39\" data-element_type=\"container\" data-e-type=\"container\">\n\t\t<div class=\"elementor-element elementor-element-4e6689f e-con-full e-flex e-con e-child\" data-id=\"4e6689f\" data-element_type=\"container\" data-e-type=\"container\">\n\t\t\t\t<div class=\"elementor-element elementor-element-7d25c64 elementor-widget elementor-widget-heading\" data-id=\"7d25c64\" data-element_type=\"widget\" data-e-type=\"widget\" data-widget_type=\"heading.default\">\n\t\t\t\t\t<h3 class=\"elementor-heading-title elementor-size-default\">Fu\u00dfschutzvorrichtungen<\/h3>\t\t\t\t<\/div>\n\t\t\t\t<div class=\"elementor-element elementor-element-e64e158 elementor-widget elementor-widget-text-editor\" data-id=\"e64e158\" data-element_type=\"widget\" data-e-type=\"widget\" data-widget_type=\"text-editor.default\">\n\t\t\t\t\t\t\t\t\t<p>Fu\u00dfschutzvorrichtungen sind <strong>Sicherheitsbauteile<\/strong>, die an Radgeh\u00e4usen montiert werden und den Bediener vor <strong>unbeabsichtigten St\u00f6\u00dfen<\/strong> sch\u00fctzen.<br \/>Sie sind im unteren Bereich des Geh\u00e4uses wenige Millimeter \u00fcber dem Boden positioniert, um Hindernisse abzuleiten und ein <strong>\u00dcberrollen oder Quetschen des Fu\u00dfes<\/strong> zu verhindern.<\/p>\n\t\t\t\t\t\t\t\t<\/div>\n\t\t\t\t<\/div>\n\t\t<div class=\"elementor-element elementor-element-29e7038 e-con-full e-flex e-con e-child\" data-id=\"29e7038\" data-element_type=\"container\" data-e-type=\"container\">\n\t\t\t\t<div class=\"elementor-element elementor-element-b4bf22d elementor-widget elementor-widget-image\" data-id=\"b4bf22d\" data-element_type=\"widget\" data-e-type=\"widget\" data-widget_type=\"image.default\">\n\t\t\t\t\t\t\t\t\t\t\t\t\t\t\t\t<a href=\"https:\/\/www.avo.it\/wp-content\/uploads\/2025\/08\/PARAPIEDI.png\" data-elementor-open-lightbox=\"yes\" data-e-action-hash=\"#elementor-action%3Aaction%3Dlightbox%26settings%3DeyJpZCI6MTUxMDkyLCJ1cmwiOiJodHRwczpcL1wvd3d3LmF2by5pdFwvd3AtY29udGVudFwvdXBsb2Fkc1wvMjAyNVwvMDhcL1BBUkFQSUVESS5wbmcifQ%3D%3D\">\n\t\t\t\t\t\t\t<img decoding=\"async\" width=\"2048\" height=\"2048\" src=\"https:\/\/www.avo.it\/wp-content\/uploads\/2025\/08\/PARAPIEDI.png\" class=\"attachment-full size-full wp-image-151092\" alt=\"\" srcset=\"https:\/\/www.avo.it\/wp-content\/uploads\/2025\/08\/PARAPIEDI.png 2048w, https:\/\/www.avo.it\/wp-content\/uploads\/2025\/08\/PARAPIEDI-300x300.png 300w, https:\/\/www.avo.it\/wp-content\/uploads\/2025\/08\/PARAPIEDI-1024x1024.png 1024w, https:\/\/www.avo.it\/wp-content\/uploads\/2025\/08\/PARAPIEDI-150x150.png 150w, https:\/\/www.avo.it\/wp-content\/uploads\/2025\/08\/PARAPIEDI-768x768.png 768w, https:\/\/www.avo.it\/wp-content\/uploads\/2025\/08\/PARAPIEDI-1536x1536.png 1536w\" sizes=\"(max-width: 2048px) 100vw, 2048px\" \/>\t\t\t\t\t\t\t\t<\/a>\n\t\t\t\t\t\t\t\t\t\t\t\t\t\t\t<\/div>\n\t\t\t\t<\/div>\n\t\t\t\t<\/div>\n\t\t\t\t<\/div>\n\t\t<div class=\"elementor-element elementor-element-3ca9f9f e-con-full e-flex e-con e-parent\" data-id=\"3ca9f9f\" data-element_type=\"container\" data-e-type=\"container\">\n\t\t<div class=\"elementor-element elementor-element-ecd2697 e-con-full e-flex e-con e-child\" data-id=\"ecd2697\" data-element_type=\"container\" data-e-type=\"container\">\n\t\t<div class=\"elementor-element elementor-element-6402836 e-con-full e-flex e-con e-child\" data-id=\"6402836\" data-element_type=\"container\" data-e-type=\"container\">\n\t\t<div class=\"elementor-element elementor-element-bcef2e6 e-con-full e-flex e-con e-child\" data-id=\"bcef2e6\" data-element_type=\"container\" data-e-type=\"container\">\n\t\t\t\t<div class=\"elementor-element elementor-element-4c0d892 elementor-widget elementor-widget-text-editor\" data-id=\"4c0d892\" data-element_type=\"widget\" data-e-type=\"widget\" data-widget_type=\"text-editor.default\">\n\t\t\t\t\t\t\t\t\t<p><strong>F\u00fcr weitere technische Details oder eine pers\u00f6nliche Beratung wenden Sie sich bitte an:<\/strong><\/p>\n\t\t\t\t\t\t\t\t<\/div>\n\t\t\t\t<div class=\"elementor-element elementor-element-b4356e8 elementor-position-inline-end elementor-mobile-position-inline-end elementor-view-default elementor-widget elementor-widget-icon-box\" data-id=\"b4356e8\" data-element_type=\"widget\" data-e-type=\"widget\" data-widget_type=\"icon-box.default\">\n\t\t\t\t\t\t\t<div class=\"elementor-icon-box-wrapper\">\n\n\t\t\t\t\t\t<div class=\"elementor-icon-box-icon\">\n\t\t\t\t<a href=\"https:\/\/www.avo.it\/contatti\/\" title=\"Approfondisci\" class=\"elementor-icon\" tabindex=\"-1\" aria-label=\"Kontaktiere uns\">\n\t\t\t\t<svg xmlns=\"http:\/\/www.w3.org\/2000\/svg\" id=\"Livello_1\" data-name=\"Livello 1\" viewBox=\"0 0 36.78 36.78\"><defs><style>      .cls-1 {        fill: #b3e5fc;      }      .cls-2 {        fill: #21355a;      }    <\/style><\/defs><circle class=\"cls-1\" cx=\"18.39\" cy=\"18.39\" r=\"18.39\"><\/circle><path class=\"cls-2\" d=\"M13.65,26.72l7.81-7.81c.28-.28.28-.77,0-1.04l-7.81-7.81,1.04-1.04,7.81,7.81c.84.84.84,2.3,0,3.13l-7.81,7.81-1.04-1.04Z\"><\/path><\/svg>\t\t\t\t<\/a>\n\t\t\t<\/div>\n\t\t\t\n\t\t\t\t\t\t<div class=\"elementor-icon-box-content\">\n\n\t\t\t\t\t\t\t\t\t<h3 class=\"elementor-icon-box-title\">\n\t\t\t\t\t\t<a href=\"https:\/\/www.avo.it\/contatti\/\" title=\"Approfondisci\" >\n\t\t\t\t\t\t\tKontaktiere uns\t\t\t\t\t\t<\/a>\n\t\t\t\t\t<\/h3>\n\t\t\t\t\n\t\t\t\t\n\t\t\t<\/div>\n\t\t\t\n\t\t<\/div>\n\t\t\t\t\t\t<\/div>\n\t\t\t\t<\/div>\n\t\t\t\t<\/div>\n\t\t\t\t<\/div>\n\t\t\t\t<\/div>\n\t\t\t\t<\/div>\n\t\t","protected":false},"excerpt":{"rendered":"<p>Zubeh\u00f6r Zubeh\u00f6r f\u00fcr R\u00e4der und Rollen Zubeh\u00f6rkomponenten erh\u00f6hen die Sicherheit und Effizienz von Transportger\u00e4ten. Fadenschutzringe (Protegge-fili) verhindern das Aufwickeln von R\u00fcckst\u00e4nden um Achse und Nabe und reduzieren dadurch Verschlei\u00df und Wartungsaufwand. Richtungsfeststeller (Freni direzionali) blockieren schwenkbare Geh\u00e4use und sorgen f\u00fcr h\u00f6here Stabilit\u00e4t bei Geradeausfahrten. Fu\u00dfschutzvorrichtungen (Parapiedi) sch\u00fctzen den Bediener vor St\u00f6\u00dfen und Quetschungen. Ideale L\u00f6sungen [&hellip;]<\/p>\n","protected":false},"author":3,"featured_media":0,"parent":157317,"menu_order":0,"comment_status":"closed","ping_status":"closed","template":"","meta":{"_acf_changed":false,"footnotes":""},"class_list":["post-157319","page","type-page","status-publish","hentry"],"acf":[],"_links":{"self":[{"href":"https:\/\/www.avo.it\/de\/wp-json\/wp\/v2\/pages\/157319","targetHints":{"allow":["GET"]}}],"collection":[{"href":"https:\/\/www.avo.it\/de\/wp-json\/wp\/v2\/pages"}],"about":[{"href":"https:\/\/www.avo.it\/de\/wp-json\/wp\/v2\/types\/page"}],"author":[{"embeddable":true,"href":"https:\/\/www.avo.it\/de\/wp-json\/wp\/v2\/users\/3"}],"replies":[{"embeddable":true,"href":"https:\/\/www.avo.it\/de\/wp-json\/wp\/v2\/comments?post=157319"}],"version-history":[{"count":1,"href":"https:\/\/www.avo.it\/de\/wp-json\/wp\/v2\/pages\/157319\/revisions"}],"predecessor-version":[{"id":157320,"href":"https:\/\/www.avo.it\/de\/wp-json\/wp\/v2\/pages\/157319\/revisions\/157320"}],"up":[{"embeddable":true,"href":"https:\/\/www.avo.it\/de\/wp-json\/wp\/v2\/pages\/157317"}],"wp:attachment":[{"href":"https:\/\/www.avo.it\/de\/wp-json\/wp\/v2\/media?parent=157319"}],"curies":[{"name":"wp","href":"https:\/\/api.w.org\/{rel}","templated":true}]}}