{"id":157323,"date":"2025-08-18T09:16:26","date_gmt":"2025-08-18T09:16:26","guid":{"rendered":"https:\/\/avo.it\/technische-informationen\/begriffe-und-grundlagen\/"},"modified":"2026-01-07T11:21:47","modified_gmt":"2026-01-07T11:21:47","slug":"begriffe-und-grundlagen","status":"publish","type":"page","link":"https:\/\/www.avo.it\/de\/technische-informationen\/begriffe-und-grundlagen\/","title":{"rendered":"Begriffe und Grundlagen"},"content":{"rendered":"\t\t<div data-elementor-type=\"wp-page\" data-elementor-id=\"157323\" class=\"elementor elementor-157323 elementor-150493\" data-elementor-post-type=\"page\">\n\t\t\t\t<div class=\"elementor-element elementor-element-1511d79 e-con-full e-flex e-con e-parent\" data-id=\"1511d79\" data-element_type=\"container\" data-e-type=\"container\" data-settings=\"{&quot;background_background&quot;:&quot;classic&quot;}\">\n\t\t<div class=\"elementor-element elementor-element-31022d2 e-con-full e-flex e-con e-child\" data-id=\"31022d2\" data-element_type=\"container\" data-e-type=\"container\" data-settings=\"{&quot;background_background&quot;:&quot;classic&quot;}\">\n\t\t<div class=\"elementor-element elementor-element-c27cfbc e-con-full e-flex e-con e-child\" data-id=\"c27cfbc\" data-element_type=\"container\" data-e-type=\"container\" data-settings=\"{&quot;background_background&quot;:&quot;classic&quot;}\">\n\t\t\t\t<div class=\"elementor-element elementor-element-6226712 elementor-widget elementor-widget-heading\" data-id=\"6226712\" data-element_type=\"widget\" data-e-type=\"widget\" data-widget_type=\"heading.default\">\n\t\t\t\t\t<h1 class=\"elementor-heading-title elementor-size-default\">Begriffe und <span style=\"color: #B3E5FC\">Grundlagen<\/span><\/h1>\t\t\t\t<\/div>\n\t\t\t\t<\/div>\n\t\t\t\t<\/div>\n\t\t\t\t<\/div>\n\t\t<div class=\"elementor-element elementor-element-fefa795 e-con-full e-flex e-con e-parent\" data-id=\"fefa795\" data-element_type=\"container\" data-e-type=\"container\">\n\t\t\t\t<div class=\"elementor-element elementor-element-cc1fac0 elementor-widget elementor-widget-heading\" data-id=\"cc1fac0\" data-element_type=\"widget\" data-e-type=\"widget\" data-widget_type=\"heading.default\">\n\t\t\t\t\t<h2 class=\"elementor-heading-title elementor-size-default\">Definitionen und grundlegende Komponenten von R\u00e4dern<\/h2>\t\t\t\t<\/div>\n\t\t\t\t<div class=\"elementor-element elementor-element-f261ed8 elementor-widget elementor-widget-text-editor\" data-id=\"f261ed8\" data-element_type=\"widget\" data-e-type=\"widget\" data-widget_type=\"text-editor.default\">\n\t\t\t\t\t\t\t\t\t<p>Ein Rad besteht aus <strong>Laufbelag<\/strong>, <strong>Radk\u00f6rper<\/strong>, <strong>Nabe<\/strong> und <strong>Radlager<\/strong>.<br \/>R\u00e4der mit <strong>Drehgeh\u00e4use<\/strong> drehen sich um eine vertikale Achse und gew\u00e4hrleisten <strong>hohe Man\u00f6vrierf\u00e4higkeit<\/strong> und <strong>Stabilit\u00e4t<\/strong>; sie k\u00f6nnen mit unterschiedlichen <strong>Feststell- und Bremssystemen<\/strong> ausgestattet sein.<br \/>R\u00e4der mit <strong>starren Geh\u00e4usen<\/strong> sind hingegen nicht schwenkbar und eignen sich besonders f\u00fcr <strong>geradlinige Bewegungen<\/strong>.<\/p>\n\t\t\t\t\t\t\t\t<\/div>\n\t\t\t\t<\/div>\n\t\t<div class=\"elementor-element elementor-element-82723b7 e-con-full e-flex e-con e-parent\" data-id=\"82723b7\" data-element_type=\"container\" data-e-type=\"container\">\n\t\t<div class=\"elementor-element elementor-element-dd72034 e-con-full e-flex e-con e-child\" data-id=\"dd72034\" data-element_type=\"container\" data-e-type=\"container\">\n\t\t<div class=\"elementor-element elementor-element-42308e3 e-con-full e-flex e-con e-child\" data-id=\"42308e3\" data-element_type=\"container\" data-e-type=\"container\">\n\t\t\t\t<div class=\"elementor-element elementor-element-6eb067e elementor-widget elementor-widget-heading\" data-id=\"6eb067e\" data-element_type=\"widget\" data-e-type=\"widget\" data-widget_type=\"heading.default\">\n\t\t\t\t\t<h3 class=\"elementor-heading-title elementor-size-default\">Rad<\/h3>\t\t\t\t<\/div>\n\t\t\t\t<div class=\"elementor-element elementor-element-95752f7 elementor-widget elementor-widget-text-editor\" data-id=\"95752f7\" data-element_type=\"widget\" data-e-type=\"widget\" data-widget_type=\"text-editor.default\">\n\t\t\t\t\t\t\t\t\t<p>Ein Rad besteht aus <strong>Laufbelag<\/strong>, <strong>Radk\u00f6rper<\/strong> und <strong>Nabe<\/strong>.<\/p>\n<p>Die unterschiedlichen Radausf\u00fchrungen unterscheiden sich hinsichtlich <strong>Tragf\u00e4higkeit<\/strong>, <strong>Rollwiderstand<\/strong> und <strong>Laufeigenschaften<\/strong>.<br \/>Die spezifischen Merkmale jeder Radserie sind im jeweiligen Abschnitt detailliert beschrieben.<\/p>\n<p><strong>Nomenklatur:<\/strong><br \/>1 = Laufbelag<br \/>2 = Radk\u00f6rper<br \/>3 = Nabe<br \/>4 = Radlager<\/p>\n\t\t\t\t\t\t\t\t<\/div>\n\t\t\t\t<\/div>\n\t\t<div class=\"elementor-element elementor-element-81f1a8a e-con-full e-flex e-con e-child\" data-id=\"81f1a8a\" data-element_type=\"container\" data-e-type=\"container\">\n\t\t\t\t<div class=\"elementor-element elementor-element-cf51b61 elementor-widget elementor-widget-image\" data-id=\"cf51b61\" data-element_type=\"widget\" data-e-type=\"widget\" data-widget_type=\"image.default\">\n\t\t\t\t\t\t\t\t\t\t\t\t\t\t\t\t<a href=\"https:\/\/www.avo.it\/wp-content\/uploads\/2025\/08\/definizioni-ruota.png\" data-elementor-open-lightbox=\"yes\" data-e-action-hash=\"#elementor-action%3Aaction%3Dlightbox%26settings%3DeyJpZCI6MTUwNTMxLCJ1cmwiOiJodHRwczpcL1wvd3d3LmF2by5pdFwvd3AtY29udGVudFwvdXBsb2Fkc1wvMjAyNVwvMDhcL2RlZmluaXppb25pLXJ1b3RhLnBuZyJ9\">\n\t\t\t\t\t\t\t<img fetchpriority=\"high\" decoding=\"async\" width=\"589\" height=\"794\" src=\"https:\/\/www.avo.it\/wp-content\/uploads\/2025\/08\/definizioni-ruota.png\" class=\"attachment-full size-full wp-image-150531\" alt=\"\" srcset=\"https:\/\/www.avo.it\/wp-content\/uploads\/2025\/08\/definizioni-ruota.png 589w, https:\/\/www.avo.it\/wp-content\/uploads\/2025\/08\/definizioni-ruota-223x300.png 223w\" sizes=\"(max-width: 589px) 100vw, 589px\" \/>\t\t\t\t\t\t\t\t<\/a>\n\t\t\t\t\t\t\t\t\t\t\t\t\t\t\t<\/div>\n\t\t\t\t<\/div>\n\t\t\t\t<\/div>\n\t\t\t\t<\/div>\n\t\t<div class=\"elementor-element elementor-element-8eb4d24 e-con-full e-flex e-con e-parent\" data-id=\"8eb4d24\" data-element_type=\"container\" data-e-type=\"container\">\n\t\t\t\t<div class=\"elementor-element elementor-element-61f827b elementor-widget-divider--view-line elementor-widget elementor-widget-divider\" data-id=\"61f827b\" data-element_type=\"widget\" data-e-type=\"widget\" data-widget_type=\"divider.default\">\n\t\t\t\t\t\t\t<div class=\"elementor-divider\">\n\t\t\t<span class=\"elementor-divider-separator\">\n\t\t\t\t\t\t<\/span>\n\t\t<\/div>\n\t\t\t\t\t\t<\/div>\n\t\t<div class=\"elementor-element elementor-element-aaa00fd e-con-full e-flex e-con e-child\" data-id=\"aaa00fd\" data-element_type=\"container\" data-e-type=\"container\">\n\t\t<div class=\"elementor-element elementor-element-bce66f3 e-con-full e-flex e-con e-child\" data-id=\"bce66f3\" data-element_type=\"container\" data-e-type=\"container\">\n\t\t\t\t<div class=\"elementor-element elementor-element-4f2feeb elementor-widget elementor-widget-heading\" data-id=\"4f2feeb\" data-element_type=\"widget\" data-e-type=\"widget\" data-widget_type=\"heading.default\">\n\t\t\t\t\t<h3 class=\"elementor-heading-title elementor-size-default\">Rad mit Drehgeh\u00e4use<\/h3>\t\t\t\t<\/div>\n\t\t\t\t<div class=\"elementor-element elementor-element-4c4dbd7 elementor-widget elementor-widget-text-editor\" data-id=\"4c4dbd7\" data-element_type=\"widget\" data-e-type=\"widget\" data-widget_type=\"text-editor.default\">\n\t\t\t\t\t\t\t\t\t<p><strong>Nomenklatur:<\/strong><br \/>1\u20133 = Drehgeh\u00e4use<br \/>1 = Befestigungsplatte<br \/>2 = Drehkranz (Drehkopf)<br \/>3 = Schwenkgabel<br \/>4 = Rad<br \/>5 = Achse<\/p>\n\t\t\t\t\t\t\t\t<\/div>\n\t\t\t\t<div class=\"elementor-element elementor-element-650a3e8 elementor-widget elementor-widget-text-editor\" data-id=\"650a3e8\" data-element_type=\"widget\" data-e-type=\"widget\" data-widget_type=\"text-editor.default\">\n\t\t\t\t\t\t\t\t\t<p><strong>Abmessungen:<\/strong><br \/>H = Gesamt- \/ Bauh\u00f6he<br \/>F = Ausladung (Versatz)<br \/>A, B = Abmessungen der Platte<br \/>a, b = Lochabst\u00e4nde<br \/>d = Durchmesser der Befestigungsbohrungen<\/p>\n\t\t\t\t\t\t\t\t<\/div>\n\t\t\t\t<div class=\"elementor-element elementor-element-7bba2d1 elementor-widget elementor-widget-text-editor\" data-id=\"7bba2d1\" data-element_type=\"widget\" data-e-type=\"widget\" data-widget_type=\"text-editor.default\">\n\t\t\t\t\t\t\t\t\t<p>R\u00e4der mit Drehgeh\u00e4use sind um eine vertikale Achse drehbar und erm\u00f6glichen eine <strong>leichte Man\u00f6vrierbarkeit<\/strong> von Maschinen, Ger\u00e4ten und \u00e4hnlichen Einrichtungen.<\/p>\n<p>Der Drehkranz verbindet die Schwenkgabel mit dem Befestigungselement.<br \/>In der Regel ist die Drehachse des Drehgeh\u00e4uses <strong>horizontal versetzt<\/strong> zur Radachse (Versatz), was das <strong>selbstt\u00e4tige Einschwenken<\/strong> der Gabel erleichtert.<\/p>\n<p>Dieser Versatz erm\u00f6glicht eine freie Drehbewegung ohne zus\u00e4tzliche Vorrichtungen und sorgt gleichzeitig f\u00fcr eine <strong>gute Geradeausstabilit\u00e4t<\/strong>.<\/p>\n<p>R\u00e4der mit Drehgeh\u00e4use k\u00f6nnen mit unterschiedlichen Blockiersystemen ausgestattet werden:<\/p>\n<ul>\n<li><strong>Blockierung nur der Radrotation<\/strong> (Radbremse)<\/li>\n<li><strong>Blockierung von Rad und Drehbewegung<\/strong> (Totalbremse)<\/li>\n<li><strong>Blockierung nur der Drehbewegung<\/strong> zur Richtungsf\u00fchrung (Richtungsfeststeller)<\/li>\n<\/ul>\n\t\t\t\t\t\t\t\t<\/div>\n\t\t\t\t<\/div>\n\t\t<div class=\"elementor-element elementor-element-31bf3e6 e-con-full e-flex e-con e-child\" data-id=\"31bf3e6\" data-element_type=\"container\" data-e-type=\"container\">\n\t\t\t\t<div class=\"elementor-element elementor-element-1cacc8c elementor-widget elementor-widget-image\" data-id=\"1cacc8c\" data-element_type=\"widget\" data-e-type=\"widget\" data-widget_type=\"image.default\">\n\t\t\t\t\t\t\t\t\t\t\t\t\t\t\t\t<a href=\"https:\/\/www.avo.it\/wp-content\/uploads\/2025\/08\/ruota-supporto-girevole.png\" data-elementor-open-lightbox=\"yes\" data-e-action-hash=\"#elementor-action%3Aaction%3Dlightbox%26settings%3DeyJpZCI6MTUwNTU0LCJ1cmwiOiJodHRwczpcL1wvd3d3LmF2by5pdFwvd3AtY29udGVudFwvdXBsb2Fkc1wvMjAyNVwvMDhcL3J1b3RhLXN1cHBvcnRvLWdpcmV2b2xlLnBuZyJ9\">\n\t\t\t\t\t\t\t<img decoding=\"async\" width=\"374\" height=\"590\" src=\"https:\/\/www.avo.it\/wp-content\/uploads\/2025\/08\/ruota-supporto-girevole.png\" class=\"attachment-full size-full wp-image-150554\" alt=\"\" srcset=\"https:\/\/www.avo.it\/wp-content\/uploads\/2025\/08\/ruota-supporto-girevole.png 374w, https:\/\/www.avo.it\/wp-content\/uploads\/2025\/08\/ruota-supporto-girevole-190x300.png 190w\" sizes=\"(max-width: 374px) 100vw, 374px\" \/>\t\t\t\t\t\t\t\t<\/a>\n\t\t\t\t\t\t\t\t\t\t\t\t\t\t\t<\/div>\n\t\t\t\t<\/div>\n\t\t\t\t<\/div>\n\t\t\t\t<\/div>\n\t\t<div class=\"elementor-element elementor-element-e104d9e e-con-full e-flex e-con e-parent\" data-id=\"e104d9e\" data-element_type=\"container\" data-e-type=\"container\">\n\t\t\t\t<div class=\"elementor-element elementor-element-9744aad elementor-widget-divider--view-line elementor-widget elementor-widget-divider\" data-id=\"9744aad\" data-element_type=\"widget\" data-e-type=\"widget\" data-widget_type=\"divider.default\">\n\t\t\t\t\t\t\t<div class=\"elementor-divider\">\n\t\t\t<span class=\"elementor-divider-separator\">\n\t\t\t\t\t\t<\/span>\n\t\t<\/div>\n\t\t\t\t\t\t<\/div>\n\t\t<div class=\"elementor-element elementor-element-4d4bfd8 e-con-full e-flex e-con e-child\" data-id=\"4d4bfd8\" data-element_type=\"container\" data-e-type=\"container\">\n\t\t<div class=\"elementor-element elementor-element-8af4124 e-con-full e-flex e-con e-child\" data-id=\"8af4124\" data-element_type=\"container\" data-e-type=\"container\">\n\t\t\t\t<div class=\"elementor-element elementor-element-eb47885 elementor-widget elementor-widget-heading\" data-id=\"eb47885\" data-element_type=\"widget\" data-e-type=\"widget\" data-widget_type=\"heading.default\">\n\t\t\t\t\t<h3 class=\"elementor-heading-title elementor-size-default\">Rad mit starrem Geh\u00e4use<\/h3>\t\t\t\t<\/div>\n\t\t\t\t<div class=\"elementor-element elementor-element-57b5826 elementor-widget elementor-widget-text-editor\" data-id=\"57b5826\" data-element_type=\"widget\" data-e-type=\"widget\" data-widget_type=\"text-editor.default\">\n\t\t\t\t\t\t\t\t\t<p><strong>Nomenklatur:<\/strong><br \/>1 = Starres Geh\u00e4use<br \/>2 = Rad<br \/>3 = Achse<\/p>\n\t\t\t\t\t\t\t\t<\/div>\n\t\t\t\t<div class=\"elementor-element elementor-element-efad9ea elementor-widget elementor-widget-text-editor\" data-id=\"efad9ea\" data-element_type=\"widget\" data-e-type=\"widget\" data-widget_type=\"text-editor.default\">\n\t\t\t\t\t\t\t\t\t<p><strong>Abmessungen:<\/strong><br \/>H = Gesamt- \/ Bauh\u00f6he<br \/>A, B = Abmessungen der Platte<br \/>a, b = Lochabst\u00e4nde<br \/>d = Durchmesser der Befestigungsbohrungen<\/p>\n\t\t\t\t\t\t\t\t<\/div>\n\t\t\t\t<div class=\"elementor-element elementor-element-212cd96 elementor-widget elementor-widget-text-editor\" data-id=\"212cd96\" data-element_type=\"widget\" data-e-type=\"widget\" data-widget_type=\"text-editor.default\">\n\t\t\t\t\t\t\t\t\t<p>R\u00e4der mit starrem Geh\u00e4use sind <strong>nicht schwenkbar<\/strong> und erleichtern den Transport von Maschinen, Ger\u00e4ten und Anlagen in einer <strong>fest definierten Bewegungsrichtung<\/strong> ohne seitliche Abweichungen.<\/p>\n\t\t\t\t\t\t\t\t<\/div>\n\t\t\t\t<\/div>\n\t\t<div class=\"elementor-element elementor-element-b1d12e1 e-con-full e-flex e-con e-child\" data-id=\"b1d12e1\" data-element_type=\"container\" data-e-type=\"container\">\n\t\t\t\t<div class=\"elementor-element elementor-element-86a3b7b elementor-widget elementor-widget-image\" data-id=\"86a3b7b\" data-element_type=\"widget\" data-e-type=\"widget\" data-widget_type=\"image.default\">\n\t\t\t\t\t\t\t\t\t\t\t\t\t\t\t\t<a href=\"https:\/\/www.avo.it\/wp-content\/uploads\/2025\/08\/ruota-supporto-fisso.png\" data-elementor-open-lightbox=\"yes\" data-e-action-hash=\"#elementor-action%3Aaction%3Dlightbox%26settings%3DeyJpZCI6MTUwNTk2LCJ1cmwiOiJodHRwczpcL1wvd3d3LmF2by5pdFwvd3AtY29udGVudFwvdXBsb2Fkc1wvMjAyNVwvMDhcL3J1b3RhLXN1cHBvcnRvLWZpc3NvLnBuZyJ9\">\n\t\t\t\t\t\t\t<img decoding=\"async\" width=\"396\" height=\"604\" src=\"https:\/\/www.avo.it\/wp-content\/uploads\/2025\/08\/ruota-supporto-fisso.png\" class=\"attachment-full size-full wp-image-150596\" alt=\"\" srcset=\"https:\/\/www.avo.it\/wp-content\/uploads\/2025\/08\/ruota-supporto-fisso.png 396w, https:\/\/www.avo.it\/wp-content\/uploads\/2025\/08\/ruota-supporto-fisso-197x300.png 197w\" sizes=\"(max-width: 396px) 100vw, 396px\" \/>\t\t\t\t\t\t\t\t<\/a>\n\t\t\t\t\t\t\t\t\t\t\t\t\t\t\t<\/div>\n\t\t\t\t<\/div>\n\t\t\t\t<\/div>\n\t\t\t\t<\/div>\n\t\t<div class=\"elementor-element elementor-element-d898b0a e-con-full e-flex e-con e-parent\" data-id=\"d898b0a\" data-element_type=\"container\" data-e-type=\"container\">\n\t\t\t\t<div class=\"elementor-element elementor-element-85bf455 elementor-widget elementor-widget-text-editor\" data-id=\"85bf455\" data-element_type=\"widget\" data-e-type=\"widget\" data-widget_type=\"text-editor.default\">\n\t\t\t\t\t\t\t\t\t<p><strong>F\u00fcr weitere technische Details oder eine pers\u00f6nliche Beratung wenden Sie sich bitte an:<\/strong><\/p>\n\t\t\t\t\t\t\t\t<\/div>\n\t\t\t\t<div class=\"elementor-element elementor-element-a373f41 elementor-position-inline-end elementor-mobile-position-inline-end elementor-view-default elementor-widget elementor-widget-icon-box\" data-id=\"a373f41\" data-element_type=\"widget\" data-e-type=\"widget\" data-widget_type=\"icon-box.default\">\n\t\t\t\t\t\t\t<div class=\"elementor-icon-box-wrapper\">\n\n\t\t\t\t\t\t<div class=\"elementor-icon-box-icon\">\n\t\t\t\t<a href=\"https:\/\/www.avo.it\/contatti\/\" title=\"Approfondisci\" class=\"elementor-icon\" tabindex=\"-1\" aria-label=\"Kontaktiere uns\">\n\t\t\t\t<svg xmlns=\"http:\/\/www.w3.org\/2000\/svg\" id=\"Livello_1\" data-name=\"Livello 1\" viewBox=\"0 0 36.78 36.78\"><defs><style>      .cls-1 {        fill: #b3e5fc;      }      .cls-2 {        fill: #21355a;      }    <\/style><\/defs><circle class=\"cls-1\" cx=\"18.39\" cy=\"18.39\" r=\"18.39\"><\/circle><path class=\"cls-2\" d=\"M13.65,26.72l7.81-7.81c.28-.28.28-.77,0-1.04l-7.81-7.81,1.04-1.04,7.81,7.81c.84.84.84,2.3,0,3.13l-7.81,7.81-1.04-1.04Z\"><\/path><\/svg>\t\t\t\t<\/a>\n\t\t\t<\/div>\n\t\t\t\n\t\t\t\t\t\t<div class=\"elementor-icon-box-content\">\n\n\t\t\t\t\t\t\t\t\t<h3 class=\"elementor-icon-box-title\">\n\t\t\t\t\t\t<a href=\"https:\/\/www.avo.it\/contatti\/\" title=\"Approfondisci\" >\n\t\t\t\t\t\t\tKontaktiere uns\t\t\t\t\t\t<\/a>\n\t\t\t\t\t<\/h3>\n\t\t\t\t\n\t\t\t\t\n\t\t\t<\/div>\n\t\t\t\n\t\t<\/div>\n\t\t\t\t\t\t<\/div>\n\t\t\t\t<\/div>\n\t\t\t\t<\/div>\n\t\t","protected":false},"excerpt":{"rendered":"<p>Begriffe und Grundlagen Definitionen und grundlegende Komponenten von R\u00e4dern Ein Rad besteht aus Laufbelag, Radk\u00f6rper, Nabe und Radlager.R\u00e4der mit Drehgeh\u00e4use drehen sich um eine vertikale Achse und gew\u00e4hrleisten hohe Man\u00f6vrierf\u00e4higkeit und Stabilit\u00e4t; sie k\u00f6nnen mit unterschiedlichen Feststell- und Bremssystemen ausgestattet sein.R\u00e4der mit starren Geh\u00e4usen sind hingegen nicht schwenkbar und eignen sich besonders f\u00fcr geradlinige Bewegungen. [&hellip;]<\/p>\n","protected":false},"author":2,"featured_media":0,"parent":157317,"menu_order":0,"comment_status":"closed","ping_status":"closed","template":"","meta":{"_acf_changed":false,"footnotes":""},"class_list":["post-157323","page","type-page","status-publish","hentry"],"acf":[],"_links":{"self":[{"href":"https:\/\/www.avo.it\/de\/wp-json\/wp\/v2\/pages\/157323","targetHints":{"allow":["GET"]}}],"collection":[{"href":"https:\/\/www.avo.it\/de\/wp-json\/wp\/v2\/pages"}],"about":[{"href":"https:\/\/www.avo.it\/de\/wp-json\/wp\/v2\/types\/page"}],"author":[{"embeddable":true,"href":"https:\/\/www.avo.it\/de\/wp-json\/wp\/v2\/users\/2"}],"replies":[{"embeddable":true,"href":"https:\/\/www.avo.it\/de\/wp-json\/wp\/v2\/comments?post=157323"}],"version-history":[{"count":1,"href":"https:\/\/www.avo.it\/de\/wp-json\/wp\/v2\/pages\/157323\/revisions"}],"predecessor-version":[{"id":157324,"href":"https:\/\/www.avo.it\/de\/wp-json\/wp\/v2\/pages\/157323\/revisions\/157324"}],"up":[{"embeddable":true,"href":"https:\/\/www.avo.it\/de\/wp-json\/wp\/v2\/pages\/157317"}],"wp:attachment":[{"href":"https:\/\/www.avo.it\/de\/wp-json\/wp\/v2\/media?parent=157323"}],"curies":[{"name":"wp","href":"https:\/\/api.w.org\/{rel}","templated":true}]}}