{"id":157325,"date":"2025-08-18T08:39:18","date_gmt":"2025-08-18T08:39:18","guid":{"rendered":"https:\/\/avo.it\/technische-informationen\/umgebungsfaktoren\/"},"modified":"2026-01-07T13:33:02","modified_gmt":"2026-01-07T13:33:02","slug":"umgebungsfaktoren","status":"publish","type":"page","link":"https:\/\/www.avo.it\/de\/technische-informationen\/umgebungsfaktoren\/","title":{"rendered":"Umgebungsfaktoren"},"content":{"rendered":"\t\t<div data-elementor-type=\"wp-page\" data-elementor-id=\"157325\" class=\"elementor elementor-157325 elementor-150426\" data-elementor-post-type=\"page\">\n\t\t\t\t<div class=\"elementor-element elementor-element-5a42572 e-con-full e-flex e-con e-parent\" data-id=\"5a42572\" data-element_type=\"container\" data-e-type=\"container\" data-settings=\"{&quot;background_background&quot;:&quot;classic&quot;}\">\n\t\t<div class=\"elementor-element elementor-element-66a5fd5 e-con-full e-flex e-con e-child\" data-id=\"66a5fd5\" data-element_type=\"container\" data-e-type=\"container\" data-settings=\"{&quot;background_background&quot;:&quot;classic&quot;}\">\n\t\t<div class=\"elementor-element elementor-element-1524045 e-con-full e-flex e-con e-child\" data-id=\"1524045\" data-element_type=\"container\" data-e-type=\"container\" data-settings=\"{&quot;background_background&quot;:&quot;classic&quot;}\">\n\t\t\t\t<div class=\"elementor-element elementor-element-fa46211 elementor-widget elementor-widget-heading\" data-id=\"fa46211\" data-element_type=\"widget\" data-e-type=\"widget\" data-widget_type=\"heading.default\">\n\t\t\t\t\t<h1 class=\"elementor-heading-title elementor-size-default\"><span style=\"color: #B3E5FC\"><br>Umgebungsfaktoren<\/span><\/h1>\t\t\t\t<\/div>\n\t\t\t\t<\/div>\n\t\t\t\t<\/div>\n\t\t\t\t<\/div>\n\t\t<div class=\"elementor-element elementor-element-be1211c e-con-full e-flex e-con e-parent\" data-id=\"be1211c\" data-element_type=\"container\" data-e-type=\"container\">\n\t\t\t\t<div class=\"elementor-element elementor-element-5299829 elementor-widget elementor-widget-heading\" data-id=\"5299829\" data-element_type=\"widget\" data-e-type=\"widget\" data-widget_type=\"heading.default\">\n\t\t\t\t\t<h2 class=\"elementor-heading-title elementor-size-default\">Umgebungsfaktoren<\/h2>\t\t\t\t<\/div>\n\t\t\t\t<div class=\"elementor-element elementor-element-885614c elementor-widget elementor-widget-text-editor\" data-id=\"885614c\" data-element_type=\"widget\" data-e-type=\"widget\" data-widget_type=\"text-editor.default\">\n\t\t\t\t\t\t\t\t\t<p>Bei der Auswahl eines Rades oder Geh\u00e4uses stellen die <strong>mechanischen Leistungswerte<\/strong> nur einen Teil der zu ber\u00fccksichtigenden Kriterien dar.<br \/>Die <strong>Umgebungsbedingungen<\/strong> am Einsatzort k\u00f6nnen die <strong>Lebensdauer<\/strong>, <strong>Sicherheit<\/strong> und <strong>Gesamtzuverl\u00e4ssigkeit<\/strong> des F\u00f6rdersystems ma\u00dfgeblich beeinflussen.<br \/>AVO bietet gezielte L\u00f6sungen, die vier grundlegende Aspekte ber\u00fccksichtigen: <strong>Korrosionsbest\u00e4ndigkeit<\/strong>, <strong>Temperaturbest\u00e4ndigkeit<\/strong>, <strong>elektrische Leitf\u00e4higkeit<\/strong> und <strong>chemische Best\u00e4ndigkeit<\/strong>.<\/p>\n\t\t\t\t\t\t\t\t<\/div>\n\t\t\t\t<\/div>\n\t\t<div class=\"elementor-element elementor-element-2cf1eee e-con-full e-flex e-con e-parent\" data-id=\"2cf1eee\" data-element_type=\"container\" data-e-type=\"container\">\n\t\t<div class=\"elementor-element elementor-element-83fd8de e-con-full e-flex e-con e-child\" data-id=\"83fd8de\" data-element_type=\"container\" data-e-type=\"container\">\n\t\t<div class=\"elementor-element elementor-element-d66cb4f e-con-full e-flex e-con e-child\" data-id=\"d66cb4f\" data-element_type=\"container\" data-e-type=\"container\">\n\t\t\t\t<div class=\"elementor-element elementor-element-67de1ed elementor-widget elementor-widget-heading\" data-id=\"67de1ed\" data-element_type=\"widget\" data-e-type=\"widget\" data-widget_type=\"heading.default\">\n\t\t\t\t\t<h3 class=\"elementor-heading-title elementor-size-default\">Korrosionsbest\u00e4ndigkeit<\/h3>\t\t\t\t<\/div>\n\t\t\t\t<div class=\"elementor-element elementor-element-11e84ed elementor-widget elementor-widget-text-editor\" data-id=\"11e84ed\" data-element_type=\"widget\" data-e-type=\"widget\" data-widget_type=\"text-editor.default\">\n\t\t\t\t\t\t\t\t\t<p>Bei Vorhandensein von <strong>Feuchtigkeit<\/strong>, <strong>Wasser<\/strong> oder <strong>korrosiven Substanzen<\/strong> ist es entscheidend, dass R\u00e4der und Geh\u00e4use ihre Eigenschaften dauerhaft beibehalten, ohne zu korrodieren.<br \/>Geh\u00e4use aus <strong>Edelstahl AISI 304 und AISI 316<\/strong> stellen die ideale L\u00f6sung f\u00fcr <strong>marine Umgebungen<\/strong>, <strong>lebensmittelverarbeitende Anlagen<\/strong> und Einsatzbereiche mit <strong>strengen Hygieneanforderungen<\/strong> dar, in denen ein zuverl\u00e4ssiger Rostschutz unerl\u00e4sslich ist.<br \/>R\u00e4der mit <strong>Polyamid-Radk\u00f6rper<\/strong> sowie <strong>AVOWATER-Polyurethan-Laufbel\u00e4gen<\/strong> bieten ebenfalls hervorragende Best\u00e4ndigkeit gegen <strong>Oxidation<\/strong> und <strong>Feuchtigkeit<\/strong>. Sie eignen sich besonders f\u00fcr <strong>Gew\u00e4chsh\u00e4user<\/strong>, <strong>Werften<\/strong> oder Bereiche mit <strong>h\u00e4ufigen Reinigungszyklen<\/strong>.<\/p>\n\t\t\t\t\t\t\t\t<\/div>\n\t\t\t\t<\/div>\n\t\t<div class=\"elementor-element elementor-element-59ece6e e-con-full e-flex e-con e-child\" data-id=\"59ece6e\" data-element_type=\"container\" data-e-type=\"container\">\n\t\t\t\t<div class=\"elementor-element elementor-element-bdadc1d elementor-widget elementor-widget-image\" data-id=\"bdadc1d\" data-element_type=\"widget\" data-e-type=\"widget\" data-widget_type=\"image.default\">\n\t\t\t\t\t\t\t\t\t\t\t\t\t\t\t\t<a href=\"https:\/\/www.avo.it\/wp-content\/uploads\/2025\/08\/fattori-ambientali01.png\" data-elementor-open-lightbox=\"yes\" data-e-action-hash=\"#elementor-action%3Aaction%3Dlightbox%26settings%3DeyJpZCI6MTUxMDU5LCJ1cmwiOiJodHRwczpcL1wvd3d3LmF2by5pdFwvd3AtY29udGVudFwvdXBsb2Fkc1wvMjAyNVwvMDhcL2ZhdHRvcmktYW1iaWVudGFsaTAxLnBuZyJ9\">\n\t\t\t\t\t\t\t<img fetchpriority=\"high\" decoding=\"async\" width=\"2048\" height=\"2048\" src=\"https:\/\/www.avo.it\/wp-content\/uploads\/2025\/08\/fattori-ambientali01.png\" class=\"attachment-full size-full wp-image-151059\" alt=\"\" srcset=\"https:\/\/www.avo.it\/wp-content\/uploads\/2025\/08\/fattori-ambientali01.png 2048w, https:\/\/www.avo.it\/wp-content\/uploads\/2025\/08\/fattori-ambientali01-300x300.png 300w, https:\/\/www.avo.it\/wp-content\/uploads\/2025\/08\/fattori-ambientali01-1024x1024.png 1024w, https:\/\/www.avo.it\/wp-content\/uploads\/2025\/08\/fattori-ambientali01-150x150.png 150w, https:\/\/www.avo.it\/wp-content\/uploads\/2025\/08\/fattori-ambientali01-768x768.png 768w, https:\/\/www.avo.it\/wp-content\/uploads\/2025\/08\/fattori-ambientali01-1536x1536.png 1536w\" sizes=\"(max-width: 2048px) 100vw, 2048px\" \/>\t\t\t\t\t\t\t\t<\/a>\n\t\t\t\t\t\t\t\t\t\t\t\t\t\t\t<\/div>\n\t\t\t\t<\/div>\n\t\t\t\t<\/div>\n\t\t\t\t<\/div>\n\t\t<div class=\"elementor-element elementor-element-cf2452d e-con-full e-flex e-con e-parent\" data-id=\"cf2452d\" data-element_type=\"container\" data-e-type=\"container\">\n\t\t\t\t<div class=\"elementor-element elementor-element-9ad6c29 elementor-widget-divider--view-line elementor-widget elementor-widget-divider\" data-id=\"9ad6c29\" data-element_type=\"widget\" data-e-type=\"widget\" data-widget_type=\"divider.default\">\n\t\t\t\t\t\t\t<div class=\"elementor-divider\">\n\t\t\t<span class=\"elementor-divider-separator\">\n\t\t\t\t\t\t<\/span>\n\t\t<\/div>\n\t\t\t\t\t\t<\/div>\n\t\t<div class=\"elementor-element elementor-element-0e32fcb e-con-full e-flex e-con e-child\" data-id=\"0e32fcb\" data-element_type=\"container\" data-e-type=\"container\">\n\t\t<div class=\"elementor-element elementor-element-d3972a8 e-con-full e-flex e-con e-child\" data-id=\"d3972a8\" data-element_type=\"container\" data-e-type=\"container\">\n\t\t\t\t<div class=\"elementor-element elementor-element-43ec8f2 elementor-widget elementor-widget-heading\" data-id=\"43ec8f2\" data-element_type=\"widget\" data-e-type=\"widget\" data-widget_type=\"heading.default\">\n\t\t\t\t\t<h3 class=\"elementor-heading-title elementor-size-default\">Temperaturbest\u00e4ndigkeit<\/h3>\t\t\t\t<\/div>\n\t\t\t\t<div class=\"elementor-element elementor-element-e93d8cd elementor-widget elementor-widget-text-editor\" data-id=\"e93d8cd\" data-element_type=\"widget\" data-e-type=\"widget\" data-widget_type=\"text-editor.default\">\n\t\t\t\t\t\t\t\t\t<p>Temperaturschwankungen k\u00f6nnen die Leistungsf\u00e4higkeit von Werkstoffen beeintr\u00e4chtigen, insbesondere wenn die Einsatzgrenzen standardm\u00e4\u00dfiger Mischungen \u00fcberschritten werden.<br \/>F\u00fcr Anwendungen in <strong>\u00d6fen<\/strong> oder <strong>Hochtemperaturumgebungen<\/strong> behalten R\u00e4der aus <strong>perlitisch aufgebautem Grauguss<\/strong> ihre Festigkeit auch unter extremen Bedingungen.<br \/>Ausf\u00fchrungen aus <strong>w\u00e4rmebest\u00e4ndigem Spezialgummi<\/strong> gew\u00e4hrleisten <strong>Elastizit\u00e4t<\/strong> und <strong>hohen Laufkomfort<\/strong> auch bei Temperaturen von <strong>\u00fcber 100 \u00b0C<\/strong>.<br \/>Gleichzeitig bieten <strong>AVO-Polyurethan-Laufbel\u00e4ge<\/strong> ausgezeichnete Eigenschaften bei <strong>niedrigen Temperaturen<\/strong>, was sie ideal f\u00fcr <strong>K\u00fchl- und Tiefk\u00fchlr\u00e4ume<\/strong> sowie die <strong>K\u00e4ltelogistik<\/strong> macht.<\/p>\n\t\t\t\t\t\t\t\t<\/div>\n\t\t\t\t<\/div>\n\t\t<div class=\"elementor-element elementor-element-8a11155 e-con-full e-flex e-con e-child\" data-id=\"8a11155\" data-element_type=\"container\" data-e-type=\"container\">\n\t\t\t\t<div class=\"elementor-element elementor-element-bba98d3 elementor-widget elementor-widget-image\" data-id=\"bba98d3\" data-element_type=\"widget\" data-e-type=\"widget\" data-widget_type=\"image.default\">\n\t\t\t\t\t\t\t\t\t\t\t\t\t\t\t\t<a href=\"https:\/\/www.avo.it\/wp-content\/uploads\/2025\/08\/fattori-ambientali02.png\" data-elementor-open-lightbox=\"yes\" data-e-action-hash=\"#elementor-action%3Aaction%3Dlightbox%26settings%3DeyJpZCI6MTUxMDY0LCJ1cmwiOiJodHRwczpcL1wvd3d3LmF2by5pdFwvd3AtY29udGVudFwvdXBsb2Fkc1wvMjAyNVwvMDhcL2ZhdHRvcmktYW1iaWVudGFsaTAyLnBuZyJ9\">\n\t\t\t\t\t\t\t<img decoding=\"async\" width=\"2048\" height=\"2048\" src=\"https:\/\/www.avo.it\/wp-content\/uploads\/2025\/08\/fattori-ambientali02.png\" class=\"attachment-full size-full wp-image-151064\" alt=\"\" srcset=\"https:\/\/www.avo.it\/wp-content\/uploads\/2025\/08\/fattori-ambientali02.png 2048w, https:\/\/www.avo.it\/wp-content\/uploads\/2025\/08\/fattori-ambientali02-300x300.png 300w, https:\/\/www.avo.it\/wp-content\/uploads\/2025\/08\/fattori-ambientali02-1024x1024.png 1024w, https:\/\/www.avo.it\/wp-content\/uploads\/2025\/08\/fattori-ambientali02-150x150.png 150w, https:\/\/www.avo.it\/wp-content\/uploads\/2025\/08\/fattori-ambientali02-768x768.png 768w, https:\/\/www.avo.it\/wp-content\/uploads\/2025\/08\/fattori-ambientali02-1536x1536.png 1536w\" sizes=\"(max-width: 2048px) 100vw, 2048px\" \/>\t\t\t\t\t\t\t\t<\/a>\n\t\t\t\t\t\t\t\t\t\t\t\t\t\t\t<\/div>\n\t\t\t\t<\/div>\n\t\t\t\t<\/div>\n\t\t\t\t<\/div>\n\t\t<div class=\"elementor-element elementor-element-59b02bb e-con-full e-flex e-con e-parent\" data-id=\"59b02bb\" data-element_type=\"container\" data-e-type=\"container\">\n\t\t\t\t<div class=\"elementor-element elementor-element-99a18d4 elementor-widget-divider--view-line elementor-widget elementor-widget-divider\" data-id=\"99a18d4\" data-element_type=\"widget\" data-e-type=\"widget\" data-widget_type=\"divider.default\">\n\t\t\t\t\t\t\t<div class=\"elementor-divider\">\n\t\t\t<span class=\"elementor-divider-separator\">\n\t\t\t\t\t\t<\/span>\n\t\t<\/div>\n\t\t\t\t\t\t<\/div>\n\t\t<div class=\"elementor-element elementor-element-ae0e22d e-con-full e-flex e-con e-child\" data-id=\"ae0e22d\" data-element_type=\"container\" data-e-type=\"container\">\n\t\t<div class=\"elementor-element elementor-element-abb9d73 e-con-full e-flex e-con e-child\" data-id=\"abb9d73\" data-element_type=\"container\" data-e-type=\"container\">\n\t\t\t\t<div class=\"elementor-element elementor-element-ba4e822 elementor-widget elementor-widget-heading\" data-id=\"ba4e822\" data-element_type=\"widget\" data-e-type=\"widget\" data-widget_type=\"heading.default\">\n\t\t\t\t\t<h3 class=\"elementor-heading-title elementor-size-default\">Elektrische Leitf\u00e4higkeit<\/h3>\t\t\t\t<\/div>\n\t\t\t\t<div class=\"elementor-element elementor-element-bde2b8f elementor-widget elementor-widget-text-editor\" data-id=\"bde2b8f\" data-element_type=\"widget\" data-e-type=\"widget\" data-widget_type=\"text-editor.default\">\n\t\t\t\t\t\t\t\t\t<p>In zahlreichen Branchen \u2013 wie der <strong>Elektronik<\/strong> oder der <strong>chemischen Industrie<\/strong> \u2013 ist es unerl\u00e4sslich, die <strong>Ansammlung elektrostatischer Ladungen<\/strong> zu vermeiden.<br \/>AVO hat hierf\u00fcr das Polyurethan <strong>AVOANTISTATIC<\/strong> entwickelt, das durch einen <strong>kontrollierten elektrischen Widerstand (R \u2264 50 M\u03a9)<\/strong> eine effektive Ableitung statischer Ladungen erm\u00f6glicht.<br \/>Diese Eigenschaft sch\u00fctzt empfindliche Ger\u00e4te und Bauteile und erh\u00f6ht gleichzeitig die <strong>Betriebssicherheit<\/strong> f\u00fcr Bediener und Anlagen.<\/p>\n\t\t\t\t\t\t\t\t<\/div>\n\t\t\t\t<\/div>\n\t\t<div class=\"elementor-element elementor-element-f0b68ed e-con-full e-flex e-con e-child\" data-id=\"f0b68ed\" data-element_type=\"container\" data-e-type=\"container\">\n\t\t\t\t<div class=\"elementor-element elementor-element-eda0cce elementor-widget elementor-widget-image\" data-id=\"eda0cce\" data-element_type=\"widget\" data-e-type=\"widget\" data-widget_type=\"image.default\">\n\t\t\t\t\t\t\t\t\t\t\t\t\t\t\t\t<a href=\"https:\/\/www.avo.it\/wp-content\/uploads\/2025\/08\/fattori-ambientali03.png\" data-elementor-open-lightbox=\"yes\" data-e-action-hash=\"#elementor-action%3Aaction%3Dlightbox%26settings%3DeyJpZCI6MTUxMDY5LCJ1cmwiOiJodHRwczpcL1wvd3d3LmF2by5pdFwvd3AtY29udGVudFwvdXBsb2Fkc1wvMjAyNVwvMDhcL2ZhdHRvcmktYW1iaWVudGFsaTAzLnBuZyJ9\">\n\t\t\t\t\t\t\t<img decoding=\"async\" width=\"2048\" height=\"2048\" src=\"https:\/\/www.avo.it\/wp-content\/uploads\/2025\/08\/fattori-ambientali03.png\" class=\"attachment-full size-full wp-image-151069\" alt=\"\" srcset=\"https:\/\/www.avo.it\/wp-content\/uploads\/2025\/08\/fattori-ambientali03.png 2048w, https:\/\/www.avo.it\/wp-content\/uploads\/2025\/08\/fattori-ambientali03-300x300.png 300w, https:\/\/www.avo.it\/wp-content\/uploads\/2025\/08\/fattori-ambientali03-1024x1024.png 1024w, https:\/\/www.avo.it\/wp-content\/uploads\/2025\/08\/fattori-ambientali03-150x150.png 150w, https:\/\/www.avo.it\/wp-content\/uploads\/2025\/08\/fattori-ambientali03-768x768.png 768w, https:\/\/www.avo.it\/wp-content\/uploads\/2025\/08\/fattori-ambientali03-1536x1536.png 1536w\" sizes=\"(max-width: 2048px) 100vw, 2048px\" \/>\t\t\t\t\t\t\t\t<\/a>\n\t\t\t\t\t\t\t\t\t\t\t\t\t\t\t<\/div>\n\t\t\t\t<\/div>\n\t\t\t\t<\/div>\n\t\t\t\t<\/div>\n\t\t<div class=\"elementor-element elementor-element-211feed e-con-full e-flex e-con e-parent\" data-id=\"211feed\" data-element_type=\"container\" data-e-type=\"container\">\n\t\t\t\t<div class=\"elementor-element elementor-element-463d23e elementor-widget-divider--view-line elementor-widget elementor-widget-divider\" data-id=\"463d23e\" data-element_type=\"widget\" data-e-type=\"widget\" data-widget_type=\"divider.default\">\n\t\t\t\t\t\t\t<div class=\"elementor-divider\">\n\t\t\t<span class=\"elementor-divider-separator\">\n\t\t\t\t\t\t<\/span>\n\t\t<\/div>\n\t\t\t\t\t\t<\/div>\n\t\t<div class=\"elementor-element elementor-element-a914af9 e-con-full e-flex e-con e-child\" data-id=\"a914af9\" data-element_type=\"container\" data-e-type=\"container\">\n\t\t<div class=\"elementor-element elementor-element-1fbe47e e-con-full e-flex e-con e-child\" data-id=\"1fbe47e\" data-element_type=\"container\" data-e-type=\"container\">\n\t\t\t\t<div class=\"elementor-element elementor-element-f8cb06e elementor-widget elementor-widget-heading\" data-id=\"f8cb06e\" data-element_type=\"widget\" data-e-type=\"widget\" data-widget_type=\"heading.default\">\n\t\t\t\t\t<h3 class=\"elementor-heading-title elementor-size-default\">Chemische Best\u00e4ndigkeit<\/h3>\t\t\t\t<\/div>\n\t\t\t\t<div class=\"elementor-element elementor-element-2a0eee6 elementor-widget elementor-widget-text-editor\" data-id=\"2a0eee6\" data-element_type=\"widget\" data-e-type=\"widget\" data-widget_type=\"text-editor.default\">\n\t\t\t\t\t\t\t\t\t<p>Viele industrielle Einsatzumgebungen setzen R\u00e4der <strong>\u00d6len<\/strong>, <strong>Fetten<\/strong>, <strong>L\u00f6sungsmitteln<\/strong> oder anderen aggressiven Medien aus, die herk\u00f6mmliche Materialien angreifen k\u00f6nnen.<br \/>F\u00fcr diese Anwendungen bietet AVO spezielle Produktlinien wie <strong>AVOPRENE<\/strong> und <strong>AVOTOP<\/strong>, die gezielt f\u00fcr die Best\u00e4ndigkeit gegen <strong>Hydrolyse<\/strong>, <strong>pflanzliche und mineralische \u00d6le<\/strong>, <strong>L\u00f6sungsmittel<\/strong> sowie <strong>verd\u00fcnnte Laugen<\/strong> entwickelt wurden.<\/p>\n<p>Dank ihrer fortschrittlichen Rezepturen behalten diese Polyurethane ihre <strong>strukturelle Integrit\u00e4t<\/strong> auch unter <strong>harten Einsatzbedingungen<\/strong> und bei <strong>intensiven Lastzyklen<\/strong>.<br \/>Ebenso zeichnen sich Werkstoffe wie <strong>Polypropylen<\/strong> und <strong>glasfaserverst\u00e4rktes Polyamid 6<\/strong> durch eine hohe <strong>chemische Stabilit\u00e4t<\/strong> aus und eignen sich ideal f\u00fcr Umgebungen mit <strong>chlorierten L\u00f6sungsmitteln<\/strong> oder <strong>korrosiven Substanzen<\/strong>.<\/p>\n\t\t\t\t\t\t\t\t<\/div>\n\t\t\t\t<\/div>\n\t\t<div class=\"elementor-element elementor-element-fd6af7e e-con-full e-flex e-con e-child\" data-id=\"fd6af7e\" data-element_type=\"container\" data-e-type=\"container\">\n\t\t\t\t<div class=\"elementor-element elementor-element-79540f5 elementor-widget elementor-widget-image\" data-id=\"79540f5\" data-element_type=\"widget\" data-e-type=\"widget\" data-widget_type=\"image.default\">\n\t\t\t\t\t\t\t\t\t\t\t\t\t\t\t\t<a href=\"https:\/\/www.avo.it\/wp-content\/uploads\/2025\/08\/fattori-ambientali04.png\" data-elementor-open-lightbox=\"yes\" data-e-action-hash=\"#elementor-action%3Aaction%3Dlightbox%26settings%3DeyJpZCI6MTUxMDc0LCJ1cmwiOiJodHRwczpcL1wvd3d3LmF2by5pdFwvd3AtY29udGVudFwvdXBsb2Fkc1wvMjAyNVwvMDhcL2ZhdHRvcmktYW1iaWVudGFsaTA0LnBuZyJ9\">\n\t\t\t\t\t\t\t<img loading=\"lazy\" decoding=\"async\" width=\"2048\" height=\"2048\" src=\"https:\/\/www.avo.it\/wp-content\/uploads\/2025\/08\/fattori-ambientali04.png\" class=\"attachment-full size-full wp-image-151074\" alt=\"\" srcset=\"https:\/\/www.avo.it\/wp-content\/uploads\/2025\/08\/fattori-ambientali04.png 2048w, https:\/\/www.avo.it\/wp-content\/uploads\/2025\/08\/fattori-ambientali04-300x300.png 300w, https:\/\/www.avo.it\/wp-content\/uploads\/2025\/08\/fattori-ambientali04-1024x1024.png 1024w, https:\/\/www.avo.it\/wp-content\/uploads\/2025\/08\/fattori-ambientali04-150x150.png 150w, https:\/\/www.avo.it\/wp-content\/uploads\/2025\/08\/fattori-ambientali04-768x768.png 768w, https:\/\/www.avo.it\/wp-content\/uploads\/2025\/08\/fattori-ambientali04-1536x1536.png 1536w\" sizes=\"(max-width: 2048px) 100vw, 2048px\" \/>\t\t\t\t\t\t\t\t<\/a>\n\t\t\t\t\t\t\t\t\t\t\t\t\t\t\t<\/div>\n\t\t\t\t<\/div>\n\t\t\t\t<\/div>\n\t\t\t\t<\/div>\n\t\t<div class=\"elementor-element elementor-element-3fadec4 e-con-full e-flex e-con e-parent\" data-id=\"3fadec4\" data-element_type=\"container\" data-e-type=\"container\">\n\t\t<div class=\"elementor-element elementor-element-3b219d6 e-con-full e-flex e-con e-child\" data-id=\"3b219d6\" data-element_type=\"container\" data-e-type=\"container\">\n\t\t<div class=\"elementor-element elementor-element-0e75501 e-con-full e-flex e-con e-child\" data-id=\"0e75501\" data-element_type=\"container\" data-e-type=\"container\">\n\t\t<div class=\"elementor-element elementor-element-65a8339 e-con-full e-flex e-con e-child\" data-id=\"65a8339\" data-element_type=\"container\" data-e-type=\"container\">\n\t\t\t\t<div class=\"elementor-element elementor-element-dee5941 elementor-widget elementor-widget-text-editor\" data-id=\"dee5941\" data-element_type=\"widget\" data-e-type=\"widget\" data-widget_type=\"text-editor.default\">\n\t\t\t\t\t\t\t\t\t<p><strong>F\u00fcr weitere technische Details oder zur Anforderung einer individuellen Beratung:<\/strong><\/p>\n\t\t\t\t\t\t\t\t<\/div>\n\t\t\t\t<div class=\"elementor-element elementor-element-4cb0957 elementor-position-inline-end elementor-mobile-position-inline-end elementor-view-default elementor-widget elementor-widget-icon-box\" data-id=\"4cb0957\" data-element_type=\"widget\" data-e-type=\"widget\" data-widget_type=\"icon-box.default\">\n\t\t\t\t\t\t\t<div class=\"elementor-icon-box-wrapper\">\n\n\t\t\t\t\t\t<div class=\"elementor-icon-box-icon\">\n\t\t\t\t<a href=\"https:\/\/www.avo.it\/contatti\/\" title=\"Approfondisci\" class=\"elementor-icon\" tabindex=\"-1\" aria-label=\"Kontaktiere uns\">\n\t\t\t\t<svg xmlns=\"http:\/\/www.w3.org\/2000\/svg\" id=\"Livello_1\" data-name=\"Livello 1\" viewBox=\"0 0 36.78 36.78\"><defs><style>      .cls-1 {        fill: #b3e5fc;      }      .cls-2 {        fill: #21355a;      }    <\/style><\/defs><circle class=\"cls-1\" cx=\"18.39\" cy=\"18.39\" r=\"18.39\"><\/circle><path class=\"cls-2\" d=\"M13.65,26.72l7.81-7.81c.28-.28.28-.77,0-1.04l-7.81-7.81,1.04-1.04,7.81,7.81c.84.84.84,2.3,0,3.13l-7.81,7.81-1.04-1.04Z\"><\/path><\/svg>\t\t\t\t<\/a>\n\t\t\t<\/div>\n\t\t\t\n\t\t\t\t\t\t<div class=\"elementor-icon-box-content\">\n\n\t\t\t\t\t\t\t\t\t<h3 class=\"elementor-icon-box-title\">\n\t\t\t\t\t\t<a href=\"https:\/\/www.avo.it\/contatti\/\" title=\"Approfondisci\" >\n\t\t\t\t\t\t\tKontaktiere uns\t\t\t\t\t\t<\/a>\n\t\t\t\t\t<\/h3>\n\t\t\t\t\n\t\t\t\t\n\t\t\t<\/div>\n\t\t\t\n\t\t<\/div>\n\t\t\t\t\t\t<\/div>\n\t\t\t\t<\/div>\n\t\t\t\t<\/div>\n\t\t\t\t<\/div>\n\t\t\t\t<\/div>\n\t\t\t\t<\/div>\n\t\t","protected":false},"excerpt":{"rendered":"<p>Umgebungsfaktoren Umgebungsfaktoren Bei der Auswahl eines Rades oder Geh\u00e4uses stellen die mechanischen Leistungswerte nur einen Teil der zu ber\u00fccksichtigenden Kriterien dar.Die Umgebungsbedingungen am Einsatzort k\u00f6nnen die Lebensdauer, Sicherheit und Gesamtzuverl\u00e4ssigkeit des F\u00f6rdersystems ma\u00dfgeblich beeinflussen.AVO bietet gezielte L\u00f6sungen, die vier grundlegende Aspekte ber\u00fccksichtigen: Korrosionsbest\u00e4ndigkeit, Temperaturbest\u00e4ndigkeit, elektrische Leitf\u00e4higkeit und chemische Best\u00e4ndigkeit. Korrosionsbest\u00e4ndigkeit Bei Vorhandensein von Feuchtigkeit, Wasser [&hellip;]<\/p>\n","protected":false},"author":3,"featured_media":0,"parent":157317,"menu_order":0,"comment_status":"closed","ping_status":"closed","template":"","meta":{"_acf_changed":false,"footnotes":""},"class_list":["post-157325","page","type-page","status-publish","hentry"],"acf":[],"_links":{"self":[{"href":"https:\/\/www.avo.it\/de\/wp-json\/wp\/v2\/pages\/157325","targetHints":{"allow":["GET"]}}],"collection":[{"href":"https:\/\/www.avo.it\/de\/wp-json\/wp\/v2\/pages"}],"about":[{"href":"https:\/\/www.avo.it\/de\/wp-json\/wp\/v2\/types\/page"}],"author":[{"embeddable":true,"href":"https:\/\/www.avo.it\/de\/wp-json\/wp\/v2\/users\/3"}],"replies":[{"embeddable":true,"href":"https:\/\/www.avo.it\/de\/wp-json\/wp\/v2\/comments?post=157325"}],"version-history":[{"count":1,"href":"https:\/\/www.avo.it\/de\/wp-json\/wp\/v2\/pages\/157325\/revisions"}],"predecessor-version":[{"id":157326,"href":"https:\/\/www.avo.it\/de\/wp-json\/wp\/v2\/pages\/157325\/revisions\/157326"}],"up":[{"embeddable":true,"href":"https:\/\/www.avo.it\/de\/wp-json\/wp\/v2\/pages\/157317"}],"wp:attachment":[{"href":"https:\/\/www.avo.it\/de\/wp-json\/wp\/v2\/media?parent=157325"}],"curies":[{"name":"wp","href":"https:\/\/api.w.org\/{rel}","templated":true}]}}