{"id":157329,"date":"2025-08-18T10:37:47","date_gmt":"2025-08-18T10:37:47","guid":{"rendered":"https:\/\/avo.it\/werkstoff-gummi\/"},"modified":"2026-01-08T13:44:40","modified_gmt":"2026-01-08T13:44:40","slug":"werkstoff-gummi","status":"publish","type":"page","link":"https:\/\/www.avo.it\/de\/technische-informationen\/informationen-zu-den-materialien\/werkstoff-gummi\/","title":{"rendered":"Werkstoff: Gummi"},"content":{"rendered":"\t\t<div data-elementor-type=\"wp-page\" data-elementor-id=\"157329\" class=\"elementor elementor-157329 elementor-150625\" data-elementor-post-type=\"page\">\n\t\t\t\t<div class=\"elementor-element elementor-element-d711051 e-con-full e-flex e-con e-parent\" data-id=\"d711051\" data-element_type=\"container\" data-e-type=\"container\" data-settings=\"{&quot;background_background&quot;:&quot;classic&quot;}\">\n\t\t<div class=\"elementor-element elementor-element-567e269 e-con-full e-flex e-con e-child\" data-id=\"567e269\" data-element_type=\"container\" data-e-type=\"container\" data-settings=\"{&quot;background_background&quot;:&quot;classic&quot;}\">\n\t\t<div class=\"elementor-element elementor-element-7ece13f e-con-full e-flex e-con e-child\" data-id=\"7ece13f\" data-element_type=\"container\" data-e-type=\"container\" data-settings=\"{&quot;background_background&quot;:&quot;classic&quot;}\">\n\t\t\t\t<div class=\"elementor-element elementor-element-1e0b486 elementor-widget elementor-widget-heading\" data-id=\"1e0b486\" data-element_type=\"widget\" data-e-type=\"widget\" data-widget_type=\"heading.default\">\n\t\t\t\t\t<h1 class=\"elementor-heading-title elementor-size-default\">Werkstoff: <span style=\"color: #B3E5FC\"><br>gummi<\/span><\/h1>\t\t\t\t<\/div>\n\t\t\t\t<\/div>\n\t\t\t\t<\/div>\n\t\t\t\t<\/div>\n\t\t<div class=\"elementor-element elementor-element-e0bafbc e-con-full e-flex e-con e-parent\" data-id=\"e0bafbc\" data-element_type=\"container\" data-e-type=\"container\">\n\t\t<div class=\"elementor-element elementor-element-c51ca0b e-con-full e-flex e-con e-child\" data-id=\"c51ca0b\" data-element_type=\"container\" data-e-type=\"container\">\n\t\t<div class=\"elementor-element elementor-element-45321ec e-con-full e-flex e-con e-child\" data-id=\"45321ec\" data-element_type=\"container\" data-e-type=\"container\">\n\t\t\t\t<div class=\"elementor-element elementor-element-11fe638 elementor-widget elementor-widget-heading\" data-id=\"11fe638\" data-element_type=\"widget\" data-e-type=\"widget\" data-widget_type=\"heading.default\">\n\t\t\t\t\t<h3 class=\"elementor-heading-title elementor-size-default\">Vollgummi<\/h3>\t\t\t\t<\/div>\n\t\t\t\t<div class=\"elementor-element elementor-element-d665f20 elementor-widget elementor-widget-text-editor\" data-id=\"d665f20\" data-element_type=\"widget\" data-e-type=\"widget\" data-widget_type=\"text-editor.default\">\n\t\t\t\t\t\t\t\t\t<p>Vollgummi wird durch <strong>Vulkanisation<\/strong> aus nat\u00fcrlichen Rohstoffen hergestellt.<br \/>Die Mischung ist speziell formuliert, um eine <strong>sehr gute Rollf\u00e4higkeit<\/strong>, eine <strong>gute Verschlei\u00dffestigkeit<\/strong> und eine <strong>hohe Elastizit\u00e4t<\/strong> sicherzustellen.<br \/>Antistatische, <strong>nicht markierende<\/strong> und <strong>hitzebest\u00e4ndige<\/strong> Ausf\u00fchrungen sind auf Anfrage verf\u00fcgbar.<br \/>Der Werkstoff ist am Ende der Lebensdauer <strong>unproblematisch zu entsorgen<\/strong> und <strong>gut recycelbar<\/strong>.<\/p>\n\t\t\t\t\t\t\t\t<\/div>\n\t\t\t\t<\/div>\n\t\t<div class=\"elementor-element elementor-element-080054b e-con-full e-flex e-con e-child\" data-id=\"080054b\" data-element_type=\"container\" data-e-type=\"container\">\n\t\t\t\t<div class=\"elementor-element elementor-element-ad2dc0a elementor-widget elementor-widget-image\" data-id=\"ad2dc0a\" data-element_type=\"widget\" data-e-type=\"widget\" data-widget_type=\"image.default\">\n\t\t\t\t\t\t\t\t\t\t\t\t\t\t\t\t<a href=\"https:\/\/www.avo.it\/wp-content\/uploads\/2025\/08\/GOMMA-PIENA.jpg\" data-elementor-open-lightbox=\"yes\" data-e-action-hash=\"#elementor-action%3Aaction%3Dlightbox%26settings%3DeyJpZCI6MTUxMjkyLCJ1cmwiOiJodHRwczpcL1wvd3d3LmF2by5pdFwvd3AtY29udGVudFwvdXBsb2Fkc1wvMjAyNVwvMDhcL0dPTU1BLVBJRU5BLmpwZyJ9\">\n\t\t\t\t\t\t\t<img fetchpriority=\"high\" decoding=\"async\" width=\"2048\" height=\"1362\" src=\"https:\/\/www.avo.it\/wp-content\/uploads\/2025\/08\/GOMMA-PIENA.jpg\" class=\"attachment-full size-full wp-image-151292\" alt=\"\" srcset=\"https:\/\/www.avo.it\/wp-content\/uploads\/2025\/08\/GOMMA-PIENA.jpg 2048w, https:\/\/www.avo.it\/wp-content\/uploads\/2025\/08\/GOMMA-PIENA-300x200.jpg 300w, https:\/\/www.avo.it\/wp-content\/uploads\/2025\/08\/GOMMA-PIENA-1024x681.jpg 1024w, https:\/\/www.avo.it\/wp-content\/uploads\/2025\/08\/GOMMA-PIENA-768x511.jpg 768w, https:\/\/www.avo.it\/wp-content\/uploads\/2025\/08\/GOMMA-PIENA-1536x1022.jpg 1536w\" sizes=\"(max-width: 2048px) 100vw, 2048px\" \/>\t\t\t\t\t\t\t\t<\/a>\n\t\t\t\t\t\t\t\t\t\t\t\t\t\t\t<\/div>\n\t\t\t\t<\/div>\n\t\t\t\t<\/div>\n\t\t\t\t<\/div>\n\t\t<div class=\"elementor-element elementor-element-93c439e e-con-full e-flex e-con e-parent\" data-id=\"93c439e\" data-element_type=\"container\" data-e-type=\"container\">\n\t\t\t\t<div class=\"elementor-element elementor-element-fdab93d elementor-widget-divider--view-line elementor-widget elementor-widget-divider\" data-id=\"fdab93d\" data-element_type=\"widget\" data-e-type=\"widget\" data-widget_type=\"divider.default\">\n\t\t\t\t\t\t\t<div class=\"elementor-divider\">\n\t\t\t<span class=\"elementor-divider-separator\">\n\t\t\t\t\t\t<\/span>\n\t\t<\/div>\n\t\t\t\t\t\t<\/div>\n\t\t<div class=\"elementor-element elementor-element-d650617 e-con-full e-flex e-con e-child\" data-id=\"d650617\" data-element_type=\"container\" data-e-type=\"container\">\n\t\t<div class=\"elementor-element elementor-element-b167a53 e-con-full e-flex e-con e-child\" data-id=\"b167a53\" data-element_type=\"container\" data-e-type=\"container\">\n\t\t\t\t<div class=\"elementor-element elementor-element-98fb41f elementor-widget elementor-widget-heading\" data-id=\"98fb41f\" data-element_type=\"widget\" data-e-type=\"widget\" data-widget_type=\"heading.default\">\n\t\t\t\t\t<h3 class=\"elementor-heading-title elementor-size-default\">Elastikgummi<\/h3>\t\t\t\t<\/div>\n\t\t\t\t<div class=\"elementor-element elementor-element-53ad24f elementor-widget elementor-widget-text-editor\" data-id=\"53ad24f\" data-element_type=\"widget\" data-e-type=\"widget\" data-widget_type=\"text-editor.default\">\n\t\t\t\t\t\t\t\t\t<p>Der AVO-Elastikgummi wird aus einer speziell entwickelten Mischung gefertigt und bietet <strong>optimale Rollf\u00e4higkeit<\/strong>, <strong>gute Abriebfestigkeit<\/strong> sowie eine <strong>sehr hohe Tragf\u00e4higkeit<\/strong>.<br \/>Ein dauerhafter Einsatz bei Temperaturen von <strong>\u00fcber 70 \u00b0C<\/strong> wird nicht empfohlen.<\/p>\n\t\t\t\t\t\t\t\t<\/div>\n\t\t\t\t<\/div>\n\t\t<div class=\"elementor-element elementor-element-31de6bf e-con-full e-flex e-con e-child\" data-id=\"31de6bf\" data-element_type=\"container\" data-e-type=\"container\">\n\t\t\t\t<div class=\"elementor-element elementor-element-9bc281f elementor-widget elementor-widget-image\" data-id=\"9bc281f\" data-element_type=\"widget\" data-e-type=\"widget\" data-widget_type=\"image.default\">\n\t\t\t\t\t\t\t\t\t\t\t\t\t\t\t\t<a href=\"https:\/\/www.avo.it\/wp-content\/uploads\/2025\/08\/GOMMA-ELASTICA.jpg\" data-elementor-open-lightbox=\"yes\" data-e-action-hash=\"#elementor-action%3Aaction%3Dlightbox%26settings%3DeyJpZCI6MTUxMjg3LCJ1cmwiOiJodHRwczpcL1wvd3d3LmF2by5pdFwvd3AtY29udGVudFwvdXBsb2Fkc1wvMjAyNVwvMDhcL0dPTU1BLUVMQVNUSUNBLmpwZyJ9\">\n\t\t\t\t\t\t\t<img decoding=\"async\" width=\"2048\" height=\"1421\" src=\"https:\/\/www.avo.it\/wp-content\/uploads\/2025\/08\/GOMMA-ELASTICA.jpg\" class=\"attachment-full size-full wp-image-151287\" alt=\"\" srcset=\"https:\/\/www.avo.it\/wp-content\/uploads\/2025\/08\/GOMMA-ELASTICA.jpg 2048w, https:\/\/www.avo.it\/wp-content\/uploads\/2025\/08\/GOMMA-ELASTICA-300x208.jpg 300w, https:\/\/www.avo.it\/wp-content\/uploads\/2025\/08\/GOMMA-ELASTICA-1024x711.jpg 1024w, https:\/\/www.avo.it\/wp-content\/uploads\/2025\/08\/GOMMA-ELASTICA-768x533.jpg 768w, https:\/\/www.avo.it\/wp-content\/uploads\/2025\/08\/GOMMA-ELASTICA-1536x1066.jpg 1536w\" sizes=\"(max-width: 2048px) 100vw, 2048px\" \/>\t\t\t\t\t\t\t\t<\/a>\n\t\t\t\t\t\t\t\t\t\t\t\t\t\t\t<\/div>\n\t\t\t\t<\/div>\n\t\t\t\t<\/div>\n\t\t\t\t<\/div>\n\t\t<div class=\"elementor-element elementor-element-0e86119 e-con-full e-flex e-con e-parent\" data-id=\"0e86119\" data-element_type=\"container\" data-e-type=\"container\">\n\t\t\t\t<div class=\"elementor-element elementor-element-f12e332 elementor-widget-divider--view-line elementor-widget elementor-widget-divider\" data-id=\"f12e332\" data-element_type=\"widget\" data-e-type=\"widget\" data-widget_type=\"divider.default\">\n\t\t\t\t\t\t\t<div class=\"elementor-divider\">\n\t\t\t<span class=\"elementor-divider-separator\">\n\t\t\t\t\t\t<\/span>\n\t\t<\/div>\n\t\t\t\t\t\t<\/div>\n\t\t<div class=\"elementor-element elementor-element-4d862d6 e-con-full e-flex e-con e-child\" data-id=\"4d862d6\" data-element_type=\"container\" data-e-type=\"container\">\n\t\t<div class=\"elementor-element elementor-element-ce0b86e e-con-full e-flex e-con e-child\" data-id=\"ce0b86e\" data-element_type=\"container\" data-e-type=\"container\">\n\t\t\t\t<div class=\"elementor-element elementor-element-8226da2 elementor-widget elementor-widget-heading\" data-id=\"8226da2\" data-element_type=\"widget\" data-e-type=\"widget\" data-widget_type=\"heading.default\">\n\t\t\t\t\t<h3 class=\"elementor-heading-title elementor-size-default\">Cushion-Gummi<\/h3>\t\t\t\t<\/div>\n\t\t\t\t<div class=\"elementor-element elementor-element-92ea4ca elementor-widget elementor-widget-text-editor\" data-id=\"92ea4ca\" data-element_type=\"widget\" data-e-type=\"widget\" data-widget_type=\"text-editor.default\">\n\t\t\t\t\t\t\t\t\t<p>Diese Gummiausf\u00fchrung ist f\u00fcr Transportger\u00e4te mit <strong>elektrischem oder elektronischem Antrieb<\/strong> geeignet und wird ausschlie\u00dflich aus <strong>Naturkautschuk<\/strong> hergestellt.<br \/>Sie bietet eine <strong>sehr gute Rollf\u00e4higkeit<\/strong> und tr\u00e4gt dadurch zur <strong>Reduzierung des Energieverbrauchs<\/strong> der Batterien bei.<br \/>Die hohe Elastizit\u00e4t sorgt f\u00fcr <strong>hohen Fahrkomfort<\/strong> und erleichtert den Transport durch <strong>reduzierten Antriebsaufwand<\/strong>.<\/p>\n\t\t\t\t\t\t\t\t<\/div>\n\t\t\t\t<\/div>\n\t\t<div class=\"elementor-element elementor-element-c6fc01a e-con-full e-flex e-con e-child\" data-id=\"c6fc01a\" data-element_type=\"container\" data-e-type=\"container\">\n\t\t\t\t<div class=\"elementor-element elementor-element-c155444 elementor-widget elementor-widget-image\" data-id=\"c155444\" data-element_type=\"widget\" data-e-type=\"widget\" data-widget_type=\"image.default\">\n\t\t\t\t\t\t\t\t\t\t\t\t\t\t\t\t<a href=\"https:\/\/www.avo.it\/wp-content\/uploads\/2025\/08\/GOMMA-CUSHION.jpg\" data-elementor-open-lightbox=\"yes\" data-e-action-hash=\"#elementor-action%3Aaction%3Dlightbox%26settings%3DeyJpZCI6MTUxMjgyLCJ1cmwiOiJodHRwczpcL1wvd3d3LmF2by5pdFwvd3AtY29udGVudFwvdXBsb2Fkc1wvMjAyNVwvMDhcL0dPTU1BLUNVU0hJT04uanBnIn0%3D\">\n\t\t\t\t\t\t\t<img decoding=\"async\" width=\"2048\" height=\"1445\" src=\"https:\/\/www.avo.it\/wp-content\/uploads\/2025\/08\/GOMMA-CUSHION.jpg\" class=\"attachment-full size-full wp-image-151282\" alt=\"\" srcset=\"https:\/\/www.avo.it\/wp-content\/uploads\/2025\/08\/GOMMA-CUSHION.jpg 2048w, https:\/\/www.avo.it\/wp-content\/uploads\/2025\/08\/GOMMA-CUSHION-300x212.jpg 300w, https:\/\/www.avo.it\/wp-content\/uploads\/2025\/08\/GOMMA-CUSHION-1024x723.jpg 1024w, https:\/\/www.avo.it\/wp-content\/uploads\/2025\/08\/GOMMA-CUSHION-768x542.jpg 768w, https:\/\/www.avo.it\/wp-content\/uploads\/2025\/08\/GOMMA-CUSHION-1536x1084.jpg 1536w\" sizes=\"(max-width: 2048px) 100vw, 2048px\" \/>\t\t\t\t\t\t\t\t<\/a>\n\t\t\t\t\t\t\t\t\t\t\t\t\t\t\t<\/div>\n\t\t\t\t<\/div>\n\t\t\t\t<\/div>\n\t\t\t\t<\/div>\n\t\t<div class=\"elementor-element elementor-element-ac0ee44 e-con-full e-flex e-con e-parent\" data-id=\"ac0ee44\" data-element_type=\"container\" data-e-type=\"container\">\n\t\t\t\t<div class=\"elementor-element elementor-element-232fc0d elementor-widget-divider--view-line elementor-widget elementor-widget-divider\" data-id=\"232fc0d\" data-element_type=\"widget\" data-e-type=\"widget\" data-widget_type=\"divider.default\">\n\t\t\t\t\t\t\t<div class=\"elementor-divider\">\n\t\t\t<span class=\"elementor-divider-separator\">\n\t\t\t\t\t\t<\/span>\n\t\t<\/div>\n\t\t\t\t\t\t<\/div>\n\t\t<div class=\"elementor-element elementor-element-0475f71 e-con-full e-flex e-con e-child\" data-id=\"0475f71\" data-element_type=\"container\" data-e-type=\"container\">\n\t\t<div class=\"elementor-element elementor-element-91c0476 e-con-full e-flex e-con e-child\" data-id=\"91c0476\" data-element_type=\"container\" data-e-type=\"container\">\n\t\t\t\t<div class=\"elementor-element elementor-element-98ceb11 elementor-widget elementor-widget-heading\" data-id=\"98ceb11\" data-element_type=\"widget\" data-e-type=\"widget\" data-widget_type=\"heading.default\">\n\t\t\t\t\t<h3 class=\"elementor-heading-title elementor-size-default\">Thermoplastischer synthetischer Gummi<\/h3>\t\t\t\t<\/div>\n\t\t\t\t<div class=\"elementor-element elementor-element-548f0ab elementor-widget elementor-widget-text-editor\" data-id=\"548f0ab\" data-element_type=\"widget\" data-e-type=\"widget\" data-widget_type=\"text-editor.default\">\n\t\t\t\t\t\t\t\t\t<p>Hierbei handelt es sich um einen <strong>synthetischen thermoplastischen<\/strong> Werkstoff mit <strong>hoher Elastizit\u00e4t<\/strong>, einem breiten <strong>H\u00e4rtebereich<\/strong>, guter <strong>chemischer Best\u00e4ndigkeit<\/strong>, sehr guter <strong>Einf\u00e4rbbarkeit<\/strong> und <strong>ger\u00e4uscharmem Lauf<\/strong>.<br \/>Er bietet gute mechanische Eigenschaften, ist am Ende der Lebensdauer <strong>unproblematisch<\/strong> und <strong>gut recycelbar<\/strong>.<\/p>\n\t\t\t\t\t\t\t\t<\/div>\n\t\t\t\t<\/div>\n\t\t<div class=\"elementor-element elementor-element-130d41b e-con-full e-flex e-con e-child\" data-id=\"130d41b\" data-element_type=\"container\" data-e-type=\"container\">\n\t\t\t\t<div class=\"elementor-element elementor-element-6381f66 elementor-widget elementor-widget-image\" data-id=\"6381f66\" data-element_type=\"widget\" data-e-type=\"widget\" data-widget_type=\"image.default\">\n\t\t\t\t\t\t\t\t\t\t\t\t\t\t\t\t<a href=\"https:\/\/www.avo.it\/wp-content\/uploads\/2025\/08\/GOMMA-SINTETICA-TERMOPLASTICA.jpg\" data-elementor-open-lightbox=\"yes\" data-e-action-hash=\"#elementor-action%3Aaction%3Dlightbox%26settings%3DeyJpZCI6MTUxMjk3LCJ1cmwiOiJodHRwczpcL1wvd3d3LmF2by5pdFwvd3AtY29udGVudFwvdXBsb2Fkc1wvMjAyNVwvMDhcL0dPTU1BLVNJTlRFVElDQS1URVJNT1BMQVNUSUNBLmpwZyJ9\">\n\t\t\t\t\t\t\t<img loading=\"lazy\" decoding=\"async\" width=\"2048\" height=\"1411\" src=\"https:\/\/www.avo.it\/wp-content\/uploads\/2025\/08\/GOMMA-SINTETICA-TERMOPLASTICA.jpg\" class=\"attachment-full size-full wp-image-151297\" alt=\"\" srcset=\"https:\/\/www.avo.it\/wp-content\/uploads\/2025\/08\/GOMMA-SINTETICA-TERMOPLASTICA.jpg 2048w, https:\/\/www.avo.it\/wp-content\/uploads\/2025\/08\/GOMMA-SINTETICA-TERMOPLASTICA-300x207.jpg 300w, https:\/\/www.avo.it\/wp-content\/uploads\/2025\/08\/GOMMA-SINTETICA-TERMOPLASTICA-1024x706.jpg 1024w, https:\/\/www.avo.it\/wp-content\/uploads\/2025\/08\/GOMMA-SINTETICA-TERMOPLASTICA-768x529.jpg 768w, https:\/\/www.avo.it\/wp-content\/uploads\/2025\/08\/GOMMA-SINTETICA-TERMOPLASTICA-1536x1058.jpg 1536w\" sizes=\"(max-width: 2048px) 100vw, 2048px\" \/>\t\t\t\t\t\t\t\t<\/a>\n\t\t\t\t\t\t\t\t\t\t\t\t\t\t\t<\/div>\n\t\t\t\t<\/div>\n\t\t\t\t<\/div>\n\t\t\t\t<\/div>\n\t\t<div class=\"elementor-element elementor-element-8c34115 e-con-full e-flex e-con e-parent\" data-id=\"8c34115\" data-element_type=\"container\" data-e-type=\"container\">\n\t\t<div class=\"elementor-element elementor-element-63a2b0b e-con-full e-flex e-con e-child\" data-id=\"63a2b0b\" data-element_type=\"container\" data-e-type=\"container\">\n\t\t<div class=\"elementor-element elementor-element-ba3d7aa e-con-full e-flex e-con e-child\" data-id=\"ba3d7aa\" data-element_type=\"container\" data-e-type=\"container\">\n\t\t<div class=\"elementor-element elementor-element-131f9d9 e-con-full e-flex e-con e-child\" data-id=\"131f9d9\" data-element_type=\"container\" data-e-type=\"container\">\n\t\t\t\t<div class=\"elementor-element elementor-element-270dfd1 elementor-widget elementor-widget-text-editor\" data-id=\"270dfd1\" data-element_type=\"widget\" data-e-type=\"widget\" data-widget_type=\"text-editor.default\">\n\t\t\t\t\t\t\t\t\t<p>F\u00fcr weitere technische Details oder zur Anforderung einer <strong>individuellen Beratung<\/strong>:<\/p>\n\t\t\t\t\t\t\t\t<\/div>\n\t\t\t\t<div class=\"elementor-element elementor-element-79a8929 elementor-position-inline-end elementor-mobile-position-inline-end elementor-view-default elementor-widget elementor-widget-icon-box\" data-id=\"79a8929\" data-element_type=\"widget\" data-e-type=\"widget\" data-widget_type=\"icon-box.default\">\n\t\t\t\t\t\t\t<div class=\"elementor-icon-box-wrapper\">\n\n\t\t\t\t\t\t<div class=\"elementor-icon-box-icon\">\n\t\t\t\t<a href=\"https:\/\/www.avo.it\/contatti\/\" title=\"Approfondisci\" class=\"elementor-icon\" tabindex=\"-1\" aria-label=\"Kontaktiere uns\">\n\t\t\t\t<svg xmlns=\"http:\/\/www.w3.org\/2000\/svg\" id=\"Livello_1\" data-name=\"Livello 1\" viewBox=\"0 0 36.78 36.78\"><defs><style>      .cls-1 {        fill: #b3e5fc;      }      .cls-2 {        fill: #21355a;      }    <\/style><\/defs><circle class=\"cls-1\" cx=\"18.39\" cy=\"18.39\" r=\"18.39\"><\/circle><path class=\"cls-2\" d=\"M13.65,26.72l7.81-7.81c.28-.28.28-.77,0-1.04l-7.81-7.81,1.04-1.04,7.81,7.81c.84.84.84,2.3,0,3.13l-7.81,7.81-1.04-1.04Z\"><\/path><\/svg>\t\t\t\t<\/a>\n\t\t\t<\/div>\n\t\t\t\n\t\t\t\t\t\t<div class=\"elementor-icon-box-content\">\n\n\t\t\t\t\t\t\t\t\t<h3 class=\"elementor-icon-box-title\">\n\t\t\t\t\t\t<a href=\"https:\/\/www.avo.it\/contatti\/\" title=\"Approfondisci\" >\n\t\t\t\t\t\t\tKontaktiere uns\t\t\t\t\t\t<\/a>\n\t\t\t\t\t<\/h3>\n\t\t\t\t\n\t\t\t\t\n\t\t\t<\/div>\n\t\t\t\n\t\t<\/div>\n\t\t\t\t\t\t<\/div>\n\t\t\t\t<\/div>\n\t\t\t\t<\/div>\n\t\t\t\t<\/div>\n\t\t\t\t<\/div>\n\t\t\t\t<\/div>\n\t\t","protected":false},"excerpt":{"rendered":"<p>Werkstoff: gummi Vollgummi Vollgummi wird durch Vulkanisation aus nat\u00fcrlichen Rohstoffen hergestellt.Die Mischung ist speziell formuliert, um eine sehr gute Rollf\u00e4higkeit, eine gute Verschlei\u00dffestigkeit und eine hohe Elastizit\u00e4t sicherzustellen.Antistatische, nicht markierende und hitzebest\u00e4ndige Ausf\u00fchrungen sind auf Anfrage verf\u00fcgbar.Der Werkstoff ist am Ende der Lebensdauer unproblematisch zu entsorgen und gut recycelbar. Elastikgummi Der AVO-Elastikgummi wird aus einer [&hellip;]<\/p>\n","protected":false},"author":3,"featured_media":0,"parent":157363,"menu_order":0,"comment_status":"closed","ping_status":"closed","template":"","meta":{"_acf_changed":false,"footnotes":""},"class_list":["post-157329","page","type-page","status-publish","hentry"],"acf":[],"_links":{"self":[{"href":"https:\/\/www.avo.it\/de\/wp-json\/wp\/v2\/pages\/157329","targetHints":{"allow":["GET"]}}],"collection":[{"href":"https:\/\/www.avo.it\/de\/wp-json\/wp\/v2\/pages"}],"about":[{"href":"https:\/\/www.avo.it\/de\/wp-json\/wp\/v2\/types\/page"}],"author":[{"embeddable":true,"href":"https:\/\/www.avo.it\/de\/wp-json\/wp\/v2\/users\/3"}],"replies":[{"embeddable":true,"href":"https:\/\/www.avo.it\/de\/wp-json\/wp\/v2\/comments?post=157329"}],"version-history":[{"count":1,"href":"https:\/\/www.avo.it\/de\/wp-json\/wp\/v2\/pages\/157329\/revisions"}],"predecessor-version":[{"id":157330,"href":"https:\/\/www.avo.it\/de\/wp-json\/wp\/v2\/pages\/157329\/revisions\/157330"}],"up":[{"embeddable":true,"href":"https:\/\/www.avo.it\/de\/wp-json\/wp\/v2\/pages\/157363"}],"wp:attachment":[{"href":"https:\/\/www.avo.it\/de\/wp-json\/wp\/v2\/media?parent=157329"}],"curies":[{"name":"wp","href":"https:\/\/api.w.org\/{rel}","templated":true}]}}