{"id":157332,"date":"2025-08-27T07:39:46","date_gmt":"2025-08-27T07:39:46","guid":{"rendered":"https:\/\/avo.it\/werkstoff-pneumatikgummi\/"},"modified":"2026-01-08T13:44:40","modified_gmt":"2026-01-08T13:44:40","slug":"werkstoff-pneumatikgummi","status":"publish","type":"page","link":"https:\/\/www.avo.it\/de\/technische-informationen\/informationen-zu-den-materialien\/werkstoff-pneumatikgummi\/","title":{"rendered":"Werkstoff: Pneumatikgummi"},"content":{"rendered":"\t\t<div data-elementor-type=\"wp-page\" data-elementor-id=\"157332\" class=\"elementor elementor-157332 elementor-151200\" data-elementor-post-type=\"page\">\n\t\t\t\t<div class=\"elementor-element elementor-element-5f4e14d e-con-full e-flex e-con e-parent\" data-id=\"5f4e14d\" data-element_type=\"container\" data-e-type=\"container\" data-settings=\"{&quot;background_background&quot;:&quot;classic&quot;}\">\n\t\t<div class=\"elementor-element elementor-element-18f275e e-con-full e-flex e-con e-child\" data-id=\"18f275e\" data-element_type=\"container\" data-e-type=\"container\" data-settings=\"{&quot;background_background&quot;:&quot;classic&quot;}\">\n\t\t<div class=\"elementor-element elementor-element-dace993 e-con-full e-flex e-con e-child\" data-id=\"dace993\" data-element_type=\"container\" data-e-type=\"container\" data-settings=\"{&quot;background_background&quot;:&quot;classic&quot;}\">\n\t\t\t\t<div class=\"elementor-element elementor-element-7986977 elementor-widget elementor-widget-heading\" data-id=\"7986977\" data-element_type=\"widget\" data-e-type=\"widget\" data-widget_type=\"heading.default\">\n\t\t\t\t\t<h1 class=\"elementor-heading-title elementor-size-default\">Werkstoff: <span style=\"color: #B3E5FC\"><br>Pneumatikgummi<\/span><\/h1>\t\t\t\t<\/div>\n\t\t\t\t<\/div>\n\t\t\t\t<\/div>\n\t\t\t\t<\/div>\n\t\t<div class=\"elementor-element elementor-element-87d27b0 e-con-full e-flex e-con e-parent\" data-id=\"87d27b0\" data-element_type=\"container\" data-e-type=\"container\">\n\t\t<div class=\"elementor-element elementor-element-54015d5 e-con-full e-flex e-con e-child\" data-id=\"54015d5\" data-element_type=\"container\" data-e-type=\"container\">\n\t\t<div class=\"elementor-element elementor-element-bc9278d e-con-full e-flex e-con e-child\" data-id=\"bc9278d\" data-element_type=\"container\" data-e-type=\"container\">\n\t\t\t\t<div class=\"elementor-element elementor-element-c998ba4 elementor-widget elementor-widget-heading\" data-id=\"c998ba4\" data-element_type=\"widget\" data-e-type=\"widget\" data-widget_type=\"heading.default\">\n\t\t\t\t\t<h2 class=\"elementor-heading-title elementor-size-default\">Pneumatikgummi<\/h2>\t\t\t\t<\/div>\n\t\t\t\t<div class=\"elementor-element elementor-element-d913f95 elementor-widget elementor-widget-text-editor\" data-id=\"d913f95\" data-element_type=\"widget\" data-e-type=\"widget\" data-widget_type=\"text-editor.default\">\n\t\t\t\t\t\t\t\t\t<p>Pneumatische Gummir\u00e4der sind die ideale L\u00f6sung, wenn eine <strong>maximale Sto\u00dfd\u00e4mpfung<\/strong> und ein hoher <strong>Fahrkomfort<\/strong> gefordert sind.<br \/>Dank des innenliegenden <strong>Luftschlauchs<\/strong> bieten sie eine sehr gute D\u00e4mpfung auch auf <strong>unebenen Untergr\u00fcnden<\/strong> und reduzieren Vibrationen sowie Belastungsspitzen sowohl auf der transportierten Last als auch auf den tragenden Strukturen.<\/p>\n<p>Gefertigt aus <strong>verschlei\u00dffesten Gummimischungen<\/strong>, zeichnen sich diese R\u00e4der durch <strong>hohe Elastizit\u00e4t<\/strong>, gute <strong>Bodenhaftung<\/strong> und die F\u00e4higkeit aus, <strong>hohe Lasten<\/strong> aufzunehmen.<br \/>Sie eignen sich besonders f\u00fcr <strong>Industriewagen<\/strong>, <strong>mobile Maschinen<\/strong>, <strong>landwirtschaftliche Ger\u00e4te<\/strong> sowie Anwendungen, bei denen eine gleichm\u00e4\u00dfige Bewegung auf <strong>rauen oder unregelm\u00e4\u00dfigen B\u00f6den<\/strong> erforderlich ist.<\/p>\n<p>Neben dem hohen Fahrkomfort bieten diese R\u00e4der zus\u00e4tzliche <strong>Vielseitigkeit<\/strong> und <strong>Sicherheit<\/strong>:<br \/>Das Laufprofil kann in unterschiedlichen Ausf\u00fchrungen zur Optimierung der <strong>Traktion<\/strong> ausgelegt werden, w\u00e4hrend Felgen in verschiedenen Werkstoffen und Bauarten verf\u00fcgbar sind, um jede Anwendung optimal abzudecken.<\/p>\n\t\t\t\t\t\t\t\t<\/div>\n\t\t\t\t<div class=\"elementor-element elementor-element-603d84e elementor-widget elementor-widget-text-editor\" data-id=\"603d84e\" data-element_type=\"widget\" data-e-type=\"widget\" data-widget_type=\"text-editor.default\">\n\t\t\t\t\t\t\t\t\t<p><strong>F\u00fcr weitere technische Details oder zur Anforderung einer individuellen Beratung:<\/strong><\/p>\n\t\t\t\t\t\t\t\t<\/div>\n\t\t\t\t<div class=\"elementor-element elementor-element-d99e52c elementor-position-inline-end elementor-mobile-position-inline-end elementor-view-default elementor-widget elementor-widget-icon-box\" data-id=\"d99e52c\" data-element_type=\"widget\" data-e-type=\"widget\" data-widget_type=\"icon-box.default\">\n\t\t\t\t\t\t\t<div class=\"elementor-icon-box-wrapper\">\n\n\t\t\t\t\t\t<div class=\"elementor-icon-box-icon\">\n\t\t\t\t<a href=\"https:\/\/www.avo.it\/contatti\/\" title=\"Approfondisci\" class=\"elementor-icon\" tabindex=\"-1\" aria-label=\"Kontaktiere uns\">\n\t\t\t\t<svg xmlns=\"http:\/\/www.w3.org\/2000\/svg\" id=\"Livello_1\" data-name=\"Livello 1\" viewBox=\"0 0 36.78 36.78\"><defs><style>      .cls-1 {        fill: #b3e5fc;      }      .cls-2 {        fill: #21355a;      }    <\/style><\/defs><circle class=\"cls-1\" cx=\"18.39\" cy=\"18.39\" r=\"18.39\"><\/circle><path class=\"cls-2\" d=\"M13.65,26.72l7.81-7.81c.28-.28.28-.77,0-1.04l-7.81-7.81,1.04-1.04,7.81,7.81c.84.84.84,2.3,0,3.13l-7.81,7.81-1.04-1.04Z\"><\/path><\/svg>\t\t\t\t<\/a>\n\t\t\t<\/div>\n\t\t\t\n\t\t\t\t\t\t<div class=\"elementor-icon-box-content\">\n\n\t\t\t\t\t\t\t\t\t<h3 class=\"elementor-icon-box-title\">\n\t\t\t\t\t\t<a href=\"https:\/\/www.avo.it\/contatti\/\" title=\"Approfondisci\" >\n\t\t\t\t\t\t\tKontaktiere uns\t\t\t\t\t\t<\/a>\n\t\t\t\t\t<\/h3>\n\t\t\t\t\n\t\t\t\t\n\t\t\t<\/div>\n\t\t\t\n\t\t<\/div>\n\t\t\t\t\t\t<\/div>\n\t\t\t\t<\/div>\n\t\t<div class=\"elementor-element elementor-element-3c574d0 e-con-full e-flex e-con e-child\" data-id=\"3c574d0\" data-element_type=\"container\" data-e-type=\"container\">\n\t\t\t\t<div class=\"elementor-element elementor-element-9d14f8f elementor-widget elementor-widget-image\" data-id=\"9d14f8f\" data-element_type=\"widget\" data-e-type=\"widget\" data-widget_type=\"image.default\">\n\t\t\t\t\t\t\t\t\t\t\t\t\t\t\t\t<a href=\"https:\/\/www.avo.it\/wp-content\/uploads\/2025\/08\/PNEUMATICA-dettaglio.jpg\" data-elementor-open-lightbox=\"yes\" data-e-action-hash=\"#elementor-action%3Aaction%3Dlightbox%26settings%3DeyJpZCI6MTUxMjUyLCJ1cmwiOiJodHRwczpcL1wvd3d3LmF2by5pdFwvd3AtY29udGVudFwvdXBsb2Fkc1wvMjAyNVwvMDhcL1BORVVNQVRJQ0EtZGV0dGFnbGlvLmpwZyJ9\">\n\t\t\t\t\t\t\t<img fetchpriority=\"high\" decoding=\"async\" width=\"2048\" height=\"1533\" src=\"https:\/\/www.avo.it\/wp-content\/uploads\/2025\/08\/PNEUMATICA-dettaglio.jpg\" class=\"attachment-full size-full wp-image-151252\" alt=\"\" srcset=\"https:\/\/www.avo.it\/wp-content\/uploads\/2025\/08\/PNEUMATICA-dettaglio.jpg 2048w, https:\/\/www.avo.it\/wp-content\/uploads\/2025\/08\/PNEUMATICA-dettaglio-300x225.jpg 300w, https:\/\/www.avo.it\/wp-content\/uploads\/2025\/08\/PNEUMATICA-dettaglio-1024x767.jpg 1024w, https:\/\/www.avo.it\/wp-content\/uploads\/2025\/08\/PNEUMATICA-dettaglio-768x575.jpg 768w, https:\/\/www.avo.it\/wp-content\/uploads\/2025\/08\/PNEUMATICA-dettaglio-1536x1150.jpg 1536w\" sizes=\"(max-width: 2048px) 100vw, 2048px\" \/>\t\t\t\t\t\t\t\t<\/a>\n\t\t\t\t\t\t\t\t\t\t\t\t\t\t\t<\/div>\n\t\t\t\t<\/div>\n\t\t\t\t<\/div>\n\t\t\t\t<\/div>\n\t\t\t\t<\/div>\n\t\t","protected":false},"excerpt":{"rendered":"<p>Werkstoff: Pneumatikgummi Pneumatikgummi Pneumatische Gummir\u00e4der sind die ideale L\u00f6sung, wenn eine maximale Sto\u00dfd\u00e4mpfung und ein hoher Fahrkomfort gefordert sind.Dank des innenliegenden Luftschlauchs bieten sie eine sehr gute D\u00e4mpfung auch auf unebenen Untergr\u00fcnden und reduzieren Vibrationen sowie Belastungsspitzen sowohl auf der transportierten Last als auch auf den tragenden Strukturen. Gefertigt aus verschlei\u00dffesten Gummimischungen, zeichnen sich diese [&hellip;]<\/p>\n","protected":false},"author":2,"featured_media":0,"parent":157363,"menu_order":0,"comment_status":"closed","ping_status":"closed","template":"","meta":{"_acf_changed":false,"footnotes":""},"class_list":["post-157332","page","type-page","status-publish","hentry"],"acf":[],"_links":{"self":[{"href":"https:\/\/www.avo.it\/de\/wp-json\/wp\/v2\/pages\/157332","targetHints":{"allow":["GET"]}}],"collection":[{"href":"https:\/\/www.avo.it\/de\/wp-json\/wp\/v2\/pages"}],"about":[{"href":"https:\/\/www.avo.it\/de\/wp-json\/wp\/v2\/types\/page"}],"author":[{"embeddable":true,"href":"https:\/\/www.avo.it\/de\/wp-json\/wp\/v2\/users\/2"}],"replies":[{"embeddable":true,"href":"https:\/\/www.avo.it\/de\/wp-json\/wp\/v2\/comments?post=157332"}],"version-history":[{"count":1,"href":"https:\/\/www.avo.it\/de\/wp-json\/wp\/v2\/pages\/157332\/revisions"}],"predecessor-version":[{"id":157333,"href":"https:\/\/www.avo.it\/de\/wp-json\/wp\/v2\/pages\/157332\/revisions\/157333"}],"up":[{"embeddable":true,"href":"https:\/\/www.avo.it\/de\/wp-json\/wp\/v2\/pages\/157363"}],"wp:attachment":[{"href":"https:\/\/www.avo.it\/de\/wp-json\/wp\/v2\/media?parent=157332"}],"curies":[{"name":"wp","href":"https:\/\/api.w.org\/{rel}","templated":true}]}}