{"id":157334,"date":"2025-08-18T10:45:23","date_gmt":"2025-08-18T10:45:23","guid":{"rendered":"https:\/\/avo.it\/werkstoff-polyamid-6\/"},"modified":"2026-01-08T13:44:40","modified_gmt":"2026-01-08T13:44:40","slug":"werkstoff-polyamid-6","status":"publish","type":"page","link":"https:\/\/www.avo.it\/de\/technische-informationen\/informationen-zu-den-materialien\/werkstoff-polyamid-6\/","title":{"rendered":"Werkstoff: Polyamid 6"},"content":{"rendered":"\t\t<div data-elementor-type=\"wp-page\" data-elementor-id=\"157334\" class=\"elementor elementor-157334 elementor-150653\" data-elementor-post-type=\"page\">\n\t\t\t\t<div class=\"elementor-element elementor-element-4148d63 e-con-full e-flex e-con e-parent\" data-id=\"4148d63\" data-element_type=\"container\" data-e-type=\"container\" data-settings=\"{&quot;background_background&quot;:&quot;classic&quot;}\">\n\t\t<div class=\"elementor-element elementor-element-c909fbb e-con-full e-flex e-con e-child\" data-id=\"c909fbb\" data-element_type=\"container\" data-e-type=\"container\" data-settings=\"{&quot;background_background&quot;:&quot;classic&quot;}\">\n\t\t<div class=\"elementor-element elementor-element-e6739ed e-con-full e-flex e-con e-child\" data-id=\"e6739ed\" data-element_type=\"container\" data-e-type=\"container\" data-settings=\"{&quot;background_background&quot;:&quot;classic&quot;}\">\n\t\t\t\t<div class=\"elementor-element elementor-element-6acbea8 elementor-widget elementor-widget-heading\" data-id=\"6acbea8\" data-element_type=\"widget\" data-e-type=\"widget\" data-widget_type=\"heading.default\">\n\t\t\t\t\t<h1 class=\"elementor-heading-title elementor-size-default\">Werkstoff: <span style=\"color: #B3E5FC\"><br>polyamid 6<\/span><\/h1>\t\t\t\t<\/div>\n\t\t\t\t<\/div>\n\t\t\t\t<\/div>\n\t\t\t\t<\/div>\n\t\t<div class=\"elementor-element elementor-element-96f3511 e-con-full e-flex e-con e-parent\" data-id=\"96f3511\" data-element_type=\"container\" data-e-type=\"container\">\n\t\t<div class=\"elementor-element elementor-element-f5ebf98 e-con-full e-flex e-con e-child\" data-id=\"f5ebf98\" data-element_type=\"container\" data-e-type=\"container\">\n\t\t<div class=\"elementor-element elementor-element-ebf6c91 e-con-full e-flex e-con e-child\" data-id=\"ebf6c91\" data-element_type=\"container\" data-e-type=\"container\">\n\t\t\t\t<div class=\"elementor-element elementor-element-be01334 elementor-widget elementor-widget-heading\" data-id=\"be01334\" data-element_type=\"widget\" data-e-type=\"widget\" data-widget_type=\"heading.default\">\n\t\t\t\t\t<h3 class=\"elementor-heading-title elementor-size-default\">Polyamid 6<\/h3>\t\t\t\t<\/div>\n\t\t\t\t<div class=\"elementor-element elementor-element-ffb74b5 elementor-widget elementor-widget-text-editor\" data-id=\"ffb74b5\" data-element_type=\"widget\" data-e-type=\"widget\" data-widget_type=\"text-editor.default\">\n\t\t\t\t\t\t\t\t\t<p>Produkte aus Polyamid 6, h\u00e4ufig als <strong>Nylon\u00ae<\/strong> bezeichnet, sind spritzgegossene Thermoplaste.<br \/>Durch den <strong>geringen Reibungskoeffizienten<\/strong> gew\u00e4hrleistet Polyamid 6 eine <strong>sehr gute Rollf\u00e4higkeit<\/strong> bei gleichzeitig <strong>minimalem Verschlei\u00df<\/strong>, was eine lange Lebensdauer erm\u00f6glicht.<\/p>\n<p>Polyamid 6 zeichnet sich durch hohe <strong>Bruchfestigkeit<\/strong>, Best\u00e4ndigkeit gegen\u00fcber <strong>chemischen<\/strong> und <strong>atmosph\u00e4rischen Einfl\u00fcssen<\/strong> sowie ein geringes <strong>spezifisches Gewicht<\/strong> aus, wodurch R\u00e4der und Komponenten besonders <strong>leicht<\/strong> sind.<br \/>Zudem ist die <strong>Einf\u00e4rbbarkeit<\/strong> des Werkstoffs sehr gut und erm\u00f6glicht eine funktionale und optische Anpassung.<\/p>\n\t\t\t\t\t\t\t\t<\/div>\n\t\t\t\t<\/div>\n\t\t<div class=\"elementor-element elementor-element-f9fcf39 e-con-full e-flex e-con e-child\" data-id=\"f9fcf39\" data-element_type=\"container\" data-e-type=\"container\">\n\t\t\t\t<div class=\"elementor-element elementor-element-ce24987 elementor-widget elementor-widget-image\" data-id=\"ce24987\" data-element_type=\"widget\" data-e-type=\"widget\" data-widget_type=\"image.default\">\n\t\t\t\t\t\t\t\t\t\t\t\t\t\t\t\t<a href=\"https:\/\/www.avo.it\/wp-content\/uploads\/2025\/08\/POLIAMMIDE-6-dettaglio.jpg\" data-elementor-open-lightbox=\"yes\" data-e-action-hash=\"#elementor-action%3Aaction%3Dlightbox%26settings%3DeyJpZCI6MTUxMzA1LCJ1cmwiOiJodHRwczpcL1wvd3d3LmF2by5pdFwvd3AtY29udGVudFwvdXBsb2Fkc1wvMjAyNVwvMDhcL1BPTElBTU1JREUtNi1kZXR0YWdsaW8uanBnIn0%3D\">\n\t\t\t\t\t\t\t<img fetchpriority=\"high\" decoding=\"async\" width=\"2048\" height=\"1385\" src=\"https:\/\/www.avo.it\/wp-content\/uploads\/2025\/08\/POLIAMMIDE-6-dettaglio.jpg\" class=\"attachment-full size-full wp-image-151305\" alt=\"\" srcset=\"https:\/\/www.avo.it\/wp-content\/uploads\/2025\/08\/POLIAMMIDE-6-dettaglio.jpg 2048w, https:\/\/www.avo.it\/wp-content\/uploads\/2025\/08\/POLIAMMIDE-6-dettaglio-300x203.jpg 300w, https:\/\/www.avo.it\/wp-content\/uploads\/2025\/08\/POLIAMMIDE-6-dettaglio-1024x693.jpg 1024w, https:\/\/www.avo.it\/wp-content\/uploads\/2025\/08\/POLIAMMIDE-6-dettaglio-768x519.jpg 768w, https:\/\/www.avo.it\/wp-content\/uploads\/2025\/08\/POLIAMMIDE-6-dettaglio-1536x1039.jpg 1536w\" sizes=\"(max-width: 2048px) 100vw, 2048px\" \/>\t\t\t\t\t\t\t\t<\/a>\n\t\t\t\t\t\t\t\t\t\t\t\t\t\t\t<\/div>\n\t\t\t\t<\/div>\n\t\t\t\t<\/div>\n\t\t\t\t<\/div>\n\t\t<div class=\"elementor-element elementor-element-4db93c0 e-con-full e-flex e-con e-parent\" data-id=\"4db93c0\" data-element_type=\"container\" data-e-type=\"container\">\n\t\t<div class=\"elementor-element elementor-element-c2b24f6 e-con-full e-flex e-con e-child\" data-id=\"c2b24f6\" data-element_type=\"container\" data-e-type=\"container\">\n\t\t<div class=\"elementor-element elementor-element-9feb562 e-con-full e-flex e-con e-child\" data-id=\"9feb562\" data-element_type=\"container\" data-e-type=\"container\">\n\t\t\t\t<div class=\"elementor-element elementor-element-0bff96a elementor-widget elementor-widget-heading\" data-id=\"0bff96a\" data-element_type=\"widget\" data-e-type=\"widget\" data-widget_type=\"heading.default\">\n\t\t\t\t\t<h3 class=\"elementor-heading-title elementor-size-default\">Polyamid 6, 30% glasfaserverst\u00e4rkt<\/h3>\t\t\t\t<\/div>\n\t\t\t\t<div class=\"elementor-element elementor-element-f3089ac elementor-widget elementor-widget-text-editor\" data-id=\"f3089ac\" data-element_type=\"widget\" data-e-type=\"widget\" data-widget_type=\"text-editor.default\">\n\t\t\t\t\t\t\t\t\t<p>Polyamid 6 mit <strong>30 % Glasfaseranteil<\/strong> ist ein Hochleistungs-Technopolymer, das die Eigenschaften technischer Kunststoffe mit den durch Glasfaserverst\u00e4rkung erzielten au\u00dfergew\u00f6hnlichen mechanischen Kennwerten kombiniert.<\/p>\n<p>Diese Ausf\u00fchrung bietet hohe <strong>Ma\u00dfstabilit\u00e4t<\/strong>, erh\u00f6hte <strong>Zug-<\/strong>, <strong>Druck-<\/strong> und <strong>Biegefestigkeit<\/strong> sowie eine sehr gute Eignung f\u00fcr <strong>statische und dynamische Belastungen<\/strong>, auch unter <strong>harten Einsatzbedingungen<\/strong>.<\/p>\n\t\t\t\t\t\t\t\t<\/div>\n\t\t\t\t<div class=\"elementor-element elementor-element-56f41b5 elementor-widget elementor-widget-text-editor\" data-id=\"56f41b5\" data-element_type=\"widget\" data-e-type=\"widget\" data-widget_type=\"text-editor.default\">\n\t\t\t\t\t\t\t\t\t<p><strong>F\u00fcr weitere technische Details oder zur Anforderung einer individuellen Beratung:<\/strong><\/p>\n\t\t\t\t\t\t\t\t<\/div>\n\t\t\t\t<div class=\"elementor-element elementor-element-0883755 elementor-position-inline-end elementor-mobile-position-inline-end elementor-view-default elementor-widget elementor-widget-icon-box\" data-id=\"0883755\" data-element_type=\"widget\" data-e-type=\"widget\" data-widget_type=\"icon-box.default\">\n\t\t\t\t\t\t\t<div class=\"elementor-icon-box-wrapper\">\n\n\t\t\t\t\t\t<div class=\"elementor-icon-box-icon\">\n\t\t\t\t<a href=\"https:\/\/www.avo.it\/contatti\/\" title=\"Approfondisci\" class=\"elementor-icon\" tabindex=\"-1\" aria-label=\"Kontaktiere uns\">\n\t\t\t\t<svg xmlns=\"http:\/\/www.w3.org\/2000\/svg\" id=\"Livello_1\" data-name=\"Livello 1\" viewBox=\"0 0 36.78 36.78\"><defs><style>      .cls-1 {        fill: #b3e5fc;      }      .cls-2 {        fill: #21355a;      }    <\/style><\/defs><circle class=\"cls-1\" cx=\"18.39\" cy=\"18.39\" r=\"18.39\"><\/circle><path class=\"cls-2\" d=\"M13.65,26.72l7.81-7.81c.28-.28.28-.77,0-1.04l-7.81-7.81,1.04-1.04,7.81,7.81c.84.84.84,2.3,0,3.13l-7.81,7.81-1.04-1.04Z\"><\/path><\/svg>\t\t\t\t<\/a>\n\t\t\t<\/div>\n\t\t\t\n\t\t\t\t\t\t<div class=\"elementor-icon-box-content\">\n\n\t\t\t\t\t\t\t\t\t<h3 class=\"elementor-icon-box-title\">\n\t\t\t\t\t\t<a href=\"https:\/\/www.avo.it\/contatti\/\" title=\"Approfondisci\" >\n\t\t\t\t\t\t\tKontaktiere uns\t\t\t\t\t\t<\/a>\n\t\t\t\t\t<\/h3>\n\t\t\t\t\n\t\t\t\t\n\t\t\t<\/div>\n\t\t\t\n\t\t<\/div>\n\t\t\t\t\t\t<\/div>\n\t\t\t\t<\/div>\n\t\t<div class=\"elementor-element elementor-element-d6d12d1 e-con-full e-flex e-con e-child\" data-id=\"d6d12d1\" data-element_type=\"container\" data-e-type=\"container\">\n\t\t\t\t<div class=\"elementor-element elementor-element-41d64d3 elementor-widget elementor-widget-image\" data-id=\"41d64d3\" data-element_type=\"widget\" data-e-type=\"widget\" data-widget_type=\"image.default\">\n\t\t\t\t\t\t\t\t\t\t\t\t\t\t\t\t<a href=\"https:\/\/www.avo.it\/wp-content\/uploads\/2025\/08\/POLIAMMIDE-6-CARICATA-VETRO-dettaglio.jpg\" data-elementor-open-lightbox=\"yes\" data-e-action-hash=\"#elementor-action%3Aaction%3Dlightbox%26settings%3DeyJpZCI6MTUxMzEwLCJ1cmwiOiJodHRwczpcL1wvd3d3LmF2by5pdFwvd3AtY29udGVudFwvdXBsb2Fkc1wvMjAyNVwvMDhcL1BPTElBTU1JREUtNi1DQVJJQ0FUQS1WRVRSTy1kZXR0YWdsaW8uanBnIn0%3D\">\n\t\t\t\t\t\t\t<img decoding=\"async\" width=\"2048\" height=\"1381\" src=\"https:\/\/www.avo.it\/wp-content\/uploads\/2025\/08\/POLIAMMIDE-6-CARICATA-VETRO-dettaglio.jpg\" class=\"attachment-full size-full wp-image-151310\" alt=\"\" srcset=\"https:\/\/www.avo.it\/wp-content\/uploads\/2025\/08\/POLIAMMIDE-6-CARICATA-VETRO-dettaglio.jpg 2048w, https:\/\/www.avo.it\/wp-content\/uploads\/2025\/08\/POLIAMMIDE-6-CARICATA-VETRO-dettaglio-300x202.jpg 300w, https:\/\/www.avo.it\/wp-content\/uploads\/2025\/08\/POLIAMMIDE-6-CARICATA-VETRO-dettaglio-1024x691.jpg 1024w, https:\/\/www.avo.it\/wp-content\/uploads\/2025\/08\/POLIAMMIDE-6-CARICATA-VETRO-dettaglio-768x518.jpg 768w, https:\/\/www.avo.it\/wp-content\/uploads\/2025\/08\/POLIAMMIDE-6-CARICATA-VETRO-dettaglio-1536x1036.jpg 1536w\" sizes=\"(max-width: 2048px) 100vw, 2048px\" \/>\t\t\t\t\t\t\t\t<\/a>\n\t\t\t\t\t\t\t\t\t\t\t\t\t\t\t<\/div>\n\t\t\t\t<\/div>\n\t\t\t\t<\/div>\n\t\t\t\t<\/div>\n\t\t\t\t<\/div>\n\t\t","protected":false},"excerpt":{"rendered":"<p>Werkstoff: polyamid 6 Polyamid 6 Produkte aus Polyamid 6, h\u00e4ufig als Nylon\u00ae bezeichnet, sind spritzgegossene Thermoplaste.Durch den geringen Reibungskoeffizienten gew\u00e4hrleistet Polyamid 6 eine sehr gute Rollf\u00e4higkeit bei gleichzeitig minimalem Verschlei\u00df, was eine lange Lebensdauer erm\u00f6glicht. Polyamid 6 zeichnet sich durch hohe Bruchfestigkeit, Best\u00e4ndigkeit gegen\u00fcber chemischen und atmosph\u00e4rischen Einfl\u00fcssen sowie ein geringes spezifisches Gewicht aus, wodurch [&hellip;]<\/p>\n","protected":false},"author":3,"featured_media":0,"parent":157363,"menu_order":0,"comment_status":"closed","ping_status":"closed","template":"","meta":{"_acf_changed":false,"footnotes":""},"class_list":["post-157334","page","type-page","status-publish","hentry"],"acf":[],"_links":{"self":[{"href":"https:\/\/www.avo.it\/de\/wp-json\/wp\/v2\/pages\/157334","targetHints":{"allow":["GET"]}}],"collection":[{"href":"https:\/\/www.avo.it\/de\/wp-json\/wp\/v2\/pages"}],"about":[{"href":"https:\/\/www.avo.it\/de\/wp-json\/wp\/v2\/types\/page"}],"author":[{"embeddable":true,"href":"https:\/\/www.avo.it\/de\/wp-json\/wp\/v2\/users\/3"}],"replies":[{"embeddable":true,"href":"https:\/\/www.avo.it\/de\/wp-json\/wp\/v2\/comments?post=157334"}],"version-history":[{"count":1,"href":"https:\/\/www.avo.it\/de\/wp-json\/wp\/v2\/pages\/157334\/revisions"}],"predecessor-version":[{"id":157335,"href":"https:\/\/www.avo.it\/de\/wp-json\/wp\/v2\/pages\/157334\/revisions\/157335"}],"up":[{"embeddable":true,"href":"https:\/\/www.avo.it\/de\/wp-json\/wp\/v2\/pages\/157363"}],"wp:attachment":[{"href":"https:\/\/www.avo.it\/de\/wp-json\/wp\/v2\/media?parent=157334"}],"curies":[{"name":"wp","href":"https:\/\/api.w.org\/{rel}","templated":true}]}}