{"id":157336,"date":"2025-08-18T10:57:47","date_gmt":"2025-08-18T10:57:47","guid":{"rendered":"https:\/\/avo.it\/werkstoff-polypropylen\/"},"modified":"2026-01-08T13:44:40","modified_gmt":"2026-01-08T13:44:40","slug":"werkstoff-polypropylen","status":"publish","type":"page","link":"https:\/\/www.avo.it\/de\/technische-informationen\/informationen-zu-den-materialien\/werkstoff-polypropylen\/","title":{"rendered":"Werkstoff: Polypropylen"},"content":{"rendered":"\t\t<div data-elementor-type=\"wp-page\" data-elementor-id=\"157336\" class=\"elementor elementor-157336 elementor-150711\" data-elementor-post-type=\"page\">\n\t\t\t\t<div class=\"elementor-element elementor-element-7e31756 e-con-full e-flex e-con e-parent\" data-id=\"7e31756\" data-element_type=\"container\" data-e-type=\"container\" data-settings=\"{&quot;background_background&quot;:&quot;classic&quot;}\">\n\t\t<div class=\"elementor-element elementor-element-ee656e8 e-con-full e-flex e-con e-child\" data-id=\"ee656e8\" data-element_type=\"container\" data-e-type=\"container\" data-settings=\"{&quot;background_background&quot;:&quot;classic&quot;}\">\n\t\t<div class=\"elementor-element elementor-element-f24b26c e-con-full e-flex e-con e-child\" data-id=\"f24b26c\" data-element_type=\"container\" data-e-type=\"container\" data-settings=\"{&quot;background_background&quot;:&quot;classic&quot;}\">\n\t\t\t\t<div class=\"elementor-element elementor-element-fc7061c elementor-widget elementor-widget-heading\" data-id=\"fc7061c\" data-element_type=\"widget\" data-e-type=\"widget\" data-widget_type=\"heading.default\">\n\t\t\t\t\t<h1 class=\"elementor-heading-title elementor-size-default\">Werkstoff: <span style=\"color: #B3E5FC\"><br>polypropylen<\/span><\/h1>\t\t\t\t<\/div>\n\t\t\t\t<\/div>\n\t\t\t\t<\/div>\n\t\t\t\t<\/div>\n\t\t<div class=\"elementor-element elementor-element-09c568f e-con-full e-flex e-con e-parent\" data-id=\"09c568f\" data-element_type=\"container\" data-e-type=\"container\">\n\t\t<div class=\"elementor-element elementor-element-240d7f4 e-con-full e-flex e-con e-child\" data-id=\"240d7f4\" data-element_type=\"container\" data-e-type=\"container\">\n\t\t<div class=\"elementor-element elementor-element-f4855db e-con-full e-flex e-con e-child\" data-id=\"f4855db\" data-element_type=\"container\" data-e-type=\"container\">\n\t\t\t\t<div class=\"elementor-element elementor-element-13e31d8 elementor-widget elementor-widget-heading\" data-id=\"13e31d8\" data-element_type=\"widget\" data-e-type=\"widget\" data-widget_type=\"heading.default\">\n\t\t\t\t\t<h2 class=\"elementor-heading-title elementor-size-default\">Polypropylen<\/h2>\t\t\t\t<\/div>\n\t\t\t\t<div class=\"elementor-element elementor-element-7b7fbb3 elementor-widget elementor-widget-text-editor\" data-id=\"7b7fbb3\" data-element_type=\"widget\" data-e-type=\"widget\" data-widget_type=\"text-editor.default\">\n\t\t\t\t\t\t\t\t\t<p>Polypropylen ist ein thermoplastischer Kunststoff, der in unterschiedlichen <strong>Taktizit\u00e4ten<\/strong> vorliegen kann.<br \/>Industriell besonders relevant ist <strong>isotaktisches Polypropylen<\/strong>, ein teilkristalliner Werkstoff mit hoher <strong>Zugfestigkeit<\/strong>, geringer <strong>Dichte<\/strong>, guter <strong>Temperaturbest\u00e4ndigkeit<\/strong> und ausgezeichneter <strong>Abriebfestigkeit<\/strong>.<\/p>\n<p>Er bietet sehr gute <strong>Rollf\u00e4higkeit<\/strong>, hohe <strong>Schlagz\u00e4higkeit<\/strong>, ausgezeichnete <strong>Einf\u00e4rbbarkeit<\/strong>, hohe <strong>Ma\u00dfstabilit\u00e4t<\/strong> und eine sehr gute <strong>Langzeitbest\u00e4ndigkeit<\/strong>.<br \/>Zudem zeigt Polypropylen ein sehr gutes Verhalten gegen\u00fcber <strong>aggressiven chemischen Medien<\/strong>.<br \/>Am Ende der Lebensdauer ist der Werkstoff <strong>unproblematisch<\/strong> und <strong>gut recycelbar<\/strong>.<\/p>\n\t\t\t\t\t\t\t\t<\/div>\n\t\t\t\t<div class=\"elementor-element elementor-element-b83c41a elementor-widget elementor-widget-text-editor\" data-id=\"b83c41a\" data-element_type=\"widget\" data-e-type=\"widget\" data-widget_type=\"text-editor.default\">\n\t\t\t\t\t\t\t\t\t<p><strong>F\u00fcr weitere technische Details oder zur Anforderung einer individuellen Beratung:<\/strong><\/p>\n\t\t\t\t\t\t\t\t<\/div>\n\t\t\t\t<div class=\"elementor-element elementor-element-7e5c4d7 elementor-position-inline-end elementor-mobile-position-inline-end elementor-view-default elementor-widget elementor-widget-icon-box\" data-id=\"7e5c4d7\" data-element_type=\"widget\" data-e-type=\"widget\" data-widget_type=\"icon-box.default\">\n\t\t\t\t\t\t\t<div class=\"elementor-icon-box-wrapper\">\n\n\t\t\t\t\t\t<div class=\"elementor-icon-box-icon\">\n\t\t\t\t<a href=\"https:\/\/www.avo.it\/contatti\/\" title=\"Approfondisci\" class=\"elementor-icon\" tabindex=\"-1\" aria-label=\"Kontaktiere uns\">\n\t\t\t\t<svg xmlns=\"http:\/\/www.w3.org\/2000\/svg\" id=\"Livello_1\" data-name=\"Livello 1\" viewBox=\"0 0 36.78 36.78\"><defs><style>      .cls-1 {        fill: #b3e5fc;      }      .cls-2 {        fill: #21355a;      }    <\/style><\/defs><circle class=\"cls-1\" cx=\"18.39\" cy=\"18.39\" r=\"18.39\"><\/circle><path class=\"cls-2\" d=\"M13.65,26.72l7.81-7.81c.28-.28.28-.77,0-1.04l-7.81-7.81,1.04-1.04,7.81,7.81c.84.84.84,2.3,0,3.13l-7.81,7.81-1.04-1.04Z\"><\/path><\/svg>\t\t\t\t<\/a>\n\t\t\t<\/div>\n\t\t\t\n\t\t\t\t\t\t<div class=\"elementor-icon-box-content\">\n\n\t\t\t\t\t\t\t\t\t<h3 class=\"elementor-icon-box-title\">\n\t\t\t\t\t\t<a href=\"https:\/\/www.avo.it\/contatti\/\" title=\"Approfondisci\" >\n\t\t\t\t\t\t\tKontaktiere uns\t\t\t\t\t\t<\/a>\n\t\t\t\t\t<\/h3>\n\t\t\t\t\n\t\t\t\t\n\t\t\t<\/div>\n\t\t\t\n\t\t<\/div>\n\t\t\t\t\t\t<\/div>\n\t\t\t\t<\/div>\n\t\t<div class=\"elementor-element elementor-element-e1ae1e4 e-con-full e-flex e-con e-child\" data-id=\"e1ae1e4\" data-element_type=\"container\" data-e-type=\"container\">\n\t\t\t\t<div class=\"elementor-element elementor-element-725805d elementor-widget elementor-widget-image\" data-id=\"725805d\" data-element_type=\"widget\" data-e-type=\"widget\" data-widget_type=\"image.default\">\n\t\t\t\t\t\t\t\t\t\t\t\t\t\t\t\t<a href=\"https:\/\/www.avo.it\/wp-content\/uploads\/2025\/08\/POLIPROPILENE.jpg\" data-elementor-open-lightbox=\"yes\" data-e-action-hash=\"#elementor-action%3Aaction%3Dlightbox%26settings%3DeyJpZCI6MTUxMzE4LCJ1cmwiOiJodHRwczpcL1wvd3d3LmF2by5pdFwvd3AtY29udGVudFwvdXBsb2Fkc1wvMjAyNVwvMDhcL1BPTElQUk9QSUxFTkUuanBnIn0%3D\">\n\t\t\t\t\t\t\t<img fetchpriority=\"high\" decoding=\"async\" width=\"2048\" height=\"1135\" src=\"https:\/\/www.avo.it\/wp-content\/uploads\/2025\/08\/POLIPROPILENE.jpg\" class=\"attachment-full size-full wp-image-151318\" alt=\"\" srcset=\"https:\/\/www.avo.it\/wp-content\/uploads\/2025\/08\/POLIPROPILENE.jpg 2048w, https:\/\/www.avo.it\/wp-content\/uploads\/2025\/08\/POLIPROPILENE-300x166.jpg 300w, https:\/\/www.avo.it\/wp-content\/uploads\/2025\/08\/POLIPROPILENE-1024x568.jpg 1024w, https:\/\/www.avo.it\/wp-content\/uploads\/2025\/08\/POLIPROPILENE-768x426.jpg 768w, https:\/\/www.avo.it\/wp-content\/uploads\/2025\/08\/POLIPROPILENE-1536x851.jpg 1536w\" sizes=\"(max-width: 2048px) 100vw, 2048px\" \/>\t\t\t\t\t\t\t\t<\/a>\n\t\t\t\t\t\t\t\t\t\t\t\t\t\t\t<\/div>\n\t\t\t\t<\/div>\n\t\t\t\t<\/div>\n\t\t\t\t<\/div>\n\t\t\t\t<\/div>\n\t\t","protected":false},"excerpt":{"rendered":"<p>Werkstoff: polypropylen Polypropylen Polypropylen ist ein thermoplastischer Kunststoff, der in unterschiedlichen Taktizit\u00e4ten vorliegen kann.Industriell besonders relevant ist isotaktisches Polypropylen, ein teilkristalliner Werkstoff mit hoher Zugfestigkeit, geringer Dichte, guter Temperaturbest\u00e4ndigkeit und ausgezeichneter Abriebfestigkeit. Er bietet sehr gute Rollf\u00e4higkeit, hohe Schlagz\u00e4higkeit, ausgezeichnete Einf\u00e4rbbarkeit, hohe Ma\u00dfstabilit\u00e4t und eine sehr gute Langzeitbest\u00e4ndigkeit.Zudem zeigt Polypropylen ein sehr gutes Verhalten gegen\u00fcber [&hellip;]<\/p>\n","protected":false},"author":3,"featured_media":0,"parent":157363,"menu_order":0,"comment_status":"closed","ping_status":"closed","template":"","meta":{"_acf_changed":false,"footnotes":""},"class_list":["post-157336","page","type-page","status-publish","hentry"],"acf":[],"_links":{"self":[{"href":"https:\/\/www.avo.it\/de\/wp-json\/wp\/v2\/pages\/157336","targetHints":{"allow":["GET"]}}],"collection":[{"href":"https:\/\/www.avo.it\/de\/wp-json\/wp\/v2\/pages"}],"about":[{"href":"https:\/\/www.avo.it\/de\/wp-json\/wp\/v2\/types\/page"}],"author":[{"embeddable":true,"href":"https:\/\/www.avo.it\/de\/wp-json\/wp\/v2\/users\/3"}],"replies":[{"embeddable":true,"href":"https:\/\/www.avo.it\/de\/wp-json\/wp\/v2\/comments?post=157336"}],"version-history":[{"count":1,"href":"https:\/\/www.avo.it\/de\/wp-json\/wp\/v2\/pages\/157336\/revisions"}],"predecessor-version":[{"id":157337,"href":"https:\/\/www.avo.it\/de\/wp-json\/wp\/v2\/pages\/157336\/revisions\/157337"}],"up":[{"embeddable":true,"href":"https:\/\/www.avo.it\/de\/wp-json\/wp\/v2\/pages\/157363"}],"wp:attachment":[{"href":"https:\/\/www.avo.it\/de\/wp-json\/wp\/v2\/media?parent=157336"}],"curies":[{"name":"wp","href":"https:\/\/api.w.org\/{rel}","templated":true}]}}