{"id":157355,"date":"2025-08-18T10:23:51","date_gmt":"2025-08-18T10:23:51","guid":{"rendered":"https:\/\/avo.it\/technische-informationen\/dreh-und-lagersysteme\/"},"modified":"2026-01-08T11:15:01","modified_gmt":"2026-01-08T11:15:01","slug":"dreh-und-lagersysteme","status":"publish","type":"page","link":"https:\/\/www.avo.it\/de\/technische-informationen\/dreh-und-lagersysteme\/","title":{"rendered":"Dreh- und Lagersysteme"},"content":{"rendered":"\t\t<div data-elementor-type=\"wp-page\" data-elementor-id=\"157355\" class=\"elementor elementor-157355 elementor-150608\" data-elementor-post-type=\"page\">\n\t\t\t\t<div class=\"elementor-element elementor-element-ee6b60a e-con-full e-flex e-con e-parent\" data-id=\"ee6b60a\" data-element_type=\"container\" data-e-type=\"container\" data-settings=\"{&quot;background_background&quot;:&quot;classic&quot;}\">\n\t\t<div class=\"elementor-element elementor-element-4234e80 e-con-full e-flex e-con e-child\" data-id=\"4234e80\" data-element_type=\"container\" data-e-type=\"container\" data-settings=\"{&quot;background_background&quot;:&quot;classic&quot;}\">\n\t\t<div class=\"elementor-element elementor-element-4bfe4bc e-con-full dkr-background-banner e-flex e-con e-child\" data-id=\"4bfe4bc\" data-element_type=\"container\" data-e-type=\"container\" data-settings=\"{&quot;background_background&quot;:&quot;classic&quot;}\">\n\t\t\t\t<div class=\"elementor-element elementor-element-44ee3a9 elementor-widget elementor-widget-heading\" data-id=\"44ee3a9\" data-element_type=\"widget\" data-e-type=\"widget\" data-widget_type=\"heading.default\">\n\t\t\t\t\t<h1 class=\"elementor-heading-title elementor-size-default\">Dreh- und <span style=\"color: #B3E5FC\">lagersysteme<\/span><\/h1>\t\t\t\t<\/div>\n\t\t\t\t<\/div>\n\t\t\t\t<\/div>\n\t\t\t\t<\/div>\n\t\t<div class=\"elementor-element elementor-element-b60a749 e-con-full e-flex e-con e-parent\" data-id=\"b60a749\" data-element_type=\"container\" data-e-type=\"container\">\n\t\t\t\t<div class=\"elementor-element elementor-element-06d6324 elementor-widget elementor-widget-heading\" data-id=\"06d6324\" data-element_type=\"widget\" data-e-type=\"widget\" data-widget_type=\"heading.default\">\n\t\t\t\t\t<h2 class=\"elementor-heading-title elementor-size-default\">Dreh- und Lagersysteme<\/h2>\t\t\t\t<\/div>\n\t\t\t\t<div class=\"elementor-element elementor-element-3ba1a71 elementor-widget elementor-widget-text-editor\" data-id=\"3ba1a71\" data-element_type=\"widget\" data-e-type=\"widget\" data-widget_type=\"text-editor.default\">\n\t\t\t\t\t\t\t\t\t<p>Die Dreh- und Lagersysteme unterscheiden sich je nach <strong>Leistungsanforderung<\/strong> und <strong>Tragf\u00e4higkeit<\/strong>:<br \/><strong>Nylonbuchsen<\/strong> sind wirtschaftlich und robust und eignen sich f\u00fcr <strong>geringe Geschwindigkeiten<\/strong>;<br \/><strong>Rollenlagerk\u00e4fige<\/strong> reduzieren die Reibung und erm\u00f6glichen das Bewegen <strong>hoher Lasten<\/strong>;<br \/><strong>Kugellager<\/strong> bieten die beste <strong>Leichtl\u00e4ufigkeit<\/strong>, <strong>Lebensdauer<\/strong> und <strong>Zuverl\u00e4ssigkeit<\/strong>, auch bei <strong>h\u00f6heren Geschwindigkeiten<\/strong>.<\/p>\n\t\t\t\t\t\t\t\t<\/div>\n\t\t\t\t<\/div>\n\t\t<div class=\"elementor-element elementor-element-0fcc5be e-con-full e-flex e-con e-parent\" data-id=\"0fcc5be\" data-element_type=\"container\" data-e-type=\"container\">\n\t\t<div class=\"elementor-element elementor-element-8eec782 e-con-full e-flex e-con e-child\" data-id=\"8eec782\" data-element_type=\"container\" data-e-type=\"container\">\n\t\t<div class=\"elementor-element elementor-element-2d6d8f5 e-con-full e-flex e-con e-child\" data-id=\"2d6d8f5\" data-element_type=\"container\" data-e-type=\"container\">\n\t\t\t\t<div class=\"elementor-element elementor-element-6585a9a elementor-position-inline-end elementor-mobile-position-inline-end elementor-view-default elementor-widget elementor-widget-icon-box\" data-id=\"6585a9a\" data-element_type=\"widget\" data-e-type=\"widget\" data-widget_type=\"icon-box.default\">\n\t\t\t\t\t\t\t<div class=\"elementor-icon-box-wrapper\">\n\n\t\t\t\t\t\t<div class=\"elementor-icon-box-icon\">\n\t\t\t\t<span  class=\"elementor-icon\">\n\t\t\t\t<svg xmlns=\"http:\/\/www.w3.org\/2000\/svg\" id=\"uuid-d686d51e-f4f3-47f4-bffb-0e1569e9f477\" width=\"13.01mm\" height=\"12.66mm\" viewBox=\"0 0 36.89 35.89\"><rect width=\"36.89\" height=\"8.89\"><\/rect><rect y=\"27\" width=\"36.89\" height=\"8.89\"><\/rect><\/svg>\t\t\t\t<\/span>\n\t\t\t<\/div>\n\t\t\t\n\t\t\t\t\t\t<div class=\"elementor-icon-box-content\">\n\n\t\t\t\t\t\t\t\t\t<h3 class=\"elementor-icon-box-title\">\n\t\t\t\t\t\t<span  >\n\t\t\t\t\t\t\tSelbstschmierende Nylonbuchse\t\t\t\t\t\t<\/span>\n\t\t\t\t\t<\/h3>\n\t\t\t\t\n\t\t\t\t\n\t\t\t<\/div>\n\t\t\t\n\t\t<\/div>\n\t\t\t\t\t\t<\/div>\n\t\t\t\t<div class=\"elementor-element elementor-element-dd8fc0e elementor-widget elementor-widget-text-editor\" data-id=\"dd8fc0e\" data-element_type=\"widget\" data-e-type=\"widget\" data-widget_type=\"text-editor.default\">\n\t\t\t\t\t\t\t\t\t<p>Das einfachste Drehelement ist die <strong>Buchse<\/strong> \u2013 eine wirtschaftliche und robuste L\u00f6sung, die bei Standardgeh\u00e4usen und Transportger\u00e4ten mit <strong>geringer Fahrgeschwindigkeit<\/strong> oder <strong>gelegentlicher Nutzung<\/strong> eingesetzt wird.<\/p>\n<p>Der Einsatz von Buchsen h\u00e4ngt vom Werkstoff des Rades und des Radk\u00f6rpers ab: Bei <strong>Polyamid<\/strong>, <strong>Polypropylen<\/strong> oder <strong>Gusseisen<\/strong> sind zus\u00e4tzliche Laufelemente in der Regel nicht erforderlich, da diese Werkstoffe bereits gute Gleiteigenschaften besitzen.<\/p>\n<p><strong>Nylon<\/strong> ist einer der am besten geeigneten Werkstoffe f\u00fcr Buchsen und bew\u00e4hrt sich insbesondere in Kombination mit <strong>Gummir\u00e4dern<\/strong> und Radk\u00f6rpern aus <strong>Blech<\/strong>.<\/p>\n<p>Buchsen sind \u00fcblicherweise <strong>wartungsfrei<\/strong>, ausgenommen bei extremen Einsatzbedingungen (z. B. sehr hohe Staubbelastung).<br \/>Zudem sind sie <strong>korrosionsbest\u00e4ndig<\/strong>.<\/p>\n\t\t\t\t\t\t\t\t<\/div>\n\t\t\t\t<\/div>\n\t\t<div class=\"elementor-element elementor-element-16c0629 e-con-full e-flex e-con e-child\" data-id=\"16c0629\" data-element_type=\"container\" data-e-type=\"container\">\n\t\t\t\t<div class=\"elementor-element elementor-element-7eb1ab6 elementor-widget elementor-widget-image\" data-id=\"7eb1ab6\" data-element_type=\"widget\" data-e-type=\"widget\" data-widget_type=\"image.default\">\n\t\t\t\t\t\t\t\t\t\t\t\t\t\t\t\t<a href=\"https:\/\/www.avo.it\/wp-content\/uploads\/2025\/08\/boccola-autolubrificante.jpg\" data-elementor-open-lightbox=\"yes\" data-e-action-hash=\"#elementor-action%3Aaction%3Dlightbox%26settings%3DeyJpZCI6MTUxMTU4LCJ1cmwiOiJodHRwczpcL1wvd3d3LmF2by5pdFwvd3AtY29udGVudFwvdXBsb2Fkc1wvMjAyNVwvMDhcL2JvY2NvbGEtYXV0b2x1YnJpZmljYW50ZS5qcGcifQ%3D%3D\">\n\t\t\t\t\t\t\t<img fetchpriority=\"high\" decoding=\"async\" width=\"2048\" height=\"2048\" src=\"https:\/\/www.avo.it\/wp-content\/uploads\/2025\/08\/boccola-autolubrificante.jpg\" class=\"attachment-full size-full wp-image-151158\" alt=\"\" srcset=\"https:\/\/www.avo.it\/wp-content\/uploads\/2025\/08\/boccola-autolubrificante.jpg 2048w, https:\/\/www.avo.it\/wp-content\/uploads\/2025\/08\/boccola-autolubrificante-300x300.jpg 300w, https:\/\/www.avo.it\/wp-content\/uploads\/2025\/08\/boccola-autolubrificante-1024x1024.jpg 1024w, https:\/\/www.avo.it\/wp-content\/uploads\/2025\/08\/boccola-autolubrificante-150x150.jpg 150w, https:\/\/www.avo.it\/wp-content\/uploads\/2025\/08\/boccola-autolubrificante-768x768.jpg 768w, https:\/\/www.avo.it\/wp-content\/uploads\/2025\/08\/boccola-autolubrificante-1536x1536.jpg 1536w\" sizes=\"(max-width: 2048px) 100vw, 2048px\" \/>\t\t\t\t\t\t\t\t<\/a>\n\t\t\t\t\t\t\t\t\t\t\t\t\t\t\t<\/div>\n\t\t\t\t<\/div>\n\t\t\t\t<\/div>\n\t\t\t\t<\/div>\n\t\t<div class=\"elementor-element elementor-element-37ea351 e-con-full e-flex e-con e-parent\" data-id=\"37ea351\" data-element_type=\"container\" data-e-type=\"container\">\n\t\t<div class=\"elementor-element elementor-element-b39db7b e-con-full e-flex e-con e-child\" data-id=\"b39db7b\" data-element_type=\"container\" data-e-type=\"container\">\n\t\t<div class=\"elementor-element elementor-element-e36a5ec e-con-full e-flex e-con e-child\" data-id=\"e36a5ec\" data-element_type=\"container\" data-e-type=\"container\">\n\t\t\t\t<div class=\"elementor-element elementor-element-9e508f9 elementor-position-inline-end elementor-mobile-position-inline-end elementor-view-default elementor-widget elementor-widget-icon-box\" data-id=\"9e508f9\" data-element_type=\"widget\" data-e-type=\"widget\" data-widget_type=\"icon-box.default\">\n\t\t\t\t\t\t\t<div class=\"elementor-icon-box-wrapper\">\n\n\t\t\t\t\t\t<div class=\"elementor-icon-box-icon\">\n\t\t\t\t<span  class=\"elementor-icon\">\n\t\t\t\t<svg xmlns=\"http:\/\/www.w3.org\/2000\/svg\" id=\"uuid-e4fd7a6f-26cd-4e7a-9b8f-9993e63f767d\" width=\"102.64\" height=\"36.45\" viewBox=\"0 0 102.64 36.45\"><path d=\"M37.9,9.89H0V0h37.9v9.89ZM1,8.89h35.9V1H1v7.89Z\"><\/path><path d=\"M37.9,23.18H0v-9.89h37.9v9.89ZM1,22.18h35.9v-7.89H1v7.89Z\"><\/path><path d=\"M37.9,36.45H0v-9.89h37.9v9.89ZM1,35.45h35.9v-7.89H1v7.89Z\"><\/path><rect x=\"65.76\" y=\"13.78\" width=\"36.88\" height=\"8.89\"><\/rect><rect x=\"65.76\" y=\"-.1\" width=\"36.88\" height=\"8.89\"><\/rect><rect x=\"65.76\" y=\"27.67\" width=\"36.88\" height=\"8.89\"><\/rect><\/svg>\t\t\t\t<\/span>\n\t\t\t<\/div>\n\t\t\t\n\t\t\t\t\t\t<div class=\"elementor-icon-box-content\">\n\n\t\t\t\t\t\t\t\t\t<h3 class=\"elementor-icon-box-title\">\n\t\t\t\t\t\t<span  >\n\t\t\t\t\t\t\tRollenlagerk\u00e4fig\t\t\t\t\t\t<\/span>\n\t\t\t\t\t<\/h3>\n\t\t\t\t\n\t\t\t\t\n\t\t\t<\/div>\n\t\t\t\n\t\t<\/div>\n\t\t\t\t\t\t<\/div>\n\t\t\t\t<div class=\"elementor-element elementor-element-2ebdd4a elementor-widget elementor-widget-text-editor\" data-id=\"2ebdd4a\" data-element_type=\"widget\" data-e-type=\"widget\" data-widget_type=\"text-editor.default\">\n\t\t\t\t\t\t\t\t\t<p>Der Rollenlagerk\u00e4fig wird aufgrund seiner <strong>Robustheit<\/strong> und <strong>Praxisn\u00e4he<\/strong> h\u00e4ufig in Wagengeh\u00e4usen eingesetzt.<br \/>Durch seine <strong>kompakte Bauform<\/strong> eignet er sich f\u00fcr beengte Einbausituationen.<\/p>\n<p>Er ist <strong>wartungsfrei<\/strong>, da er bei der Montage mit <strong>Dauerfett<\/strong> vorgeschmiert wird.<br \/>Die Ausf\u00fchrung \u2013 auch in <strong>Edelstahl<\/strong> erh\u00e4ltlich \u2013 besteht aus einem Kunststoff- oder Metallk\u00e4fig mit zylindrischen Stahlrollen, die zwischen <strong>Achsh\u00fclse<\/strong> und <strong>Radnabe<\/strong> abrollen.<\/p>\n<p>Dieses System erzeugt <strong>W\u00e4lzreibung statt Gleitreibung<\/strong>, reduziert dadurch die erforderliche Schubkraft und erm\u00f6glicht das Bewegen <strong>sehr hoher Lasten<\/strong> mit deutlich geringerem Kraftaufwand.<\/p>\n\t\t\t\t\t\t\t\t<\/div>\n\t\t\t\t<\/div>\n\t\t<div class=\"elementor-element elementor-element-4058dde e-con-full e-flex e-con e-child\" data-id=\"4058dde\" data-element_type=\"container\" data-e-type=\"container\">\n\t\t\t\t<div class=\"elementor-element elementor-element-cb56c94 elementor-widget elementor-widget-image\" data-id=\"cb56c94\" data-element_type=\"widget\" data-e-type=\"widget\" data-widget_type=\"image.default\">\n\t\t\t\t\t\t\t\t\t\t\t\t\t\t\t\t<a href=\"https:\/\/www.avo.it\/wp-content\/uploads\/2025\/08\/gabbia-a-rulli-sistemi-rotazione.jpg\" data-elementor-open-lightbox=\"yes\" data-e-action-hash=\"#elementor-action%3Aaction%3Dlightbox%26settings%3DeyJpZCI6MTUxMTY4LCJ1cmwiOiJodHRwczpcL1wvd3d3LmF2by5pdFwvd3AtY29udGVudFwvdXBsb2Fkc1wvMjAyNVwvMDhcL2dhYmJpYS1hLXJ1bGxpLXNpc3RlbWktcm90YXppb25lLmpwZyJ9\">\n\t\t\t\t\t\t\t<img decoding=\"async\" width=\"2048\" height=\"2048\" src=\"https:\/\/www.avo.it\/wp-content\/uploads\/2025\/08\/gabbia-a-rulli-sistemi-rotazione.jpg\" class=\"attachment-full size-full wp-image-151168\" alt=\"\" srcset=\"https:\/\/www.avo.it\/wp-content\/uploads\/2025\/08\/gabbia-a-rulli-sistemi-rotazione.jpg 2048w, https:\/\/www.avo.it\/wp-content\/uploads\/2025\/08\/gabbia-a-rulli-sistemi-rotazione-300x300.jpg 300w, https:\/\/www.avo.it\/wp-content\/uploads\/2025\/08\/gabbia-a-rulli-sistemi-rotazione-1024x1024.jpg 1024w, https:\/\/www.avo.it\/wp-content\/uploads\/2025\/08\/gabbia-a-rulli-sistemi-rotazione-150x150.jpg 150w, https:\/\/www.avo.it\/wp-content\/uploads\/2025\/08\/gabbia-a-rulli-sistemi-rotazione-768x768.jpg 768w, https:\/\/www.avo.it\/wp-content\/uploads\/2025\/08\/gabbia-a-rulli-sistemi-rotazione-1536x1536.jpg 1536w\" sizes=\"(max-width: 2048px) 100vw, 2048px\" \/>\t\t\t\t\t\t\t\t<\/a>\n\t\t\t\t\t\t\t\t\t\t\t\t\t\t\t<\/div>\n\t\t\t\t<\/div>\n\t\t\t\t<\/div>\n\t\t\t\t<\/div>\n\t\t<div class=\"elementor-element elementor-element-7706f2d e-con-full e-flex e-con e-parent\" data-id=\"7706f2d\" data-element_type=\"container\" data-e-type=\"container\">\n\t\t<div class=\"elementor-element elementor-element-efd5767 e-con-full e-flex e-con e-child\" data-id=\"efd5767\" data-element_type=\"container\" data-e-type=\"container\">\n\t\t<div class=\"elementor-element elementor-element-0d81512 e-con-full e-flex e-con e-child\" data-id=\"0d81512\" data-element_type=\"container\" data-e-type=\"container\">\n\t\t\t\t<div class=\"elementor-element elementor-element-19f4b7f elementor-position-inline-end elementor-mobile-position-inline-end elementor-view-default elementor-widget elementor-widget-icon-box\" data-id=\"19f4b7f\" data-element_type=\"widget\" data-e-type=\"widget\" data-widget_type=\"icon-box.default\">\n\t\t\t\t\t\t\t<div class=\"elementor-icon-box-wrapper\">\n\n\t\t\t\t\t\t<div class=\"elementor-icon-box-icon\">\n\t\t\t\t<span  class=\"elementor-icon\">\n\t\t\t\t<svg xmlns=\"http:\/\/www.w3.org\/2000\/svg\" id=\"uuid-9d9551c2-060d-4ffd-a092-d8bd4491c1ba\" width=\"13.01mm\" height=\"12.62mm\" viewBox=\"0 0 36.89 35.78\"><rect width=\"36.89\" height=\"8.89\"><\/rect><rect y=\"26.89\" width=\"36.89\" height=\"8.89\"><\/rect><path d=\"M18.44,9.89c4.41,0,8,3.59,8,8s-3.59,8-8,8-8-3.59-8-8,3.59-8,8-8M18.44,8.89c-4.97,0-9,4.03-9,9s4.03,9,9,9,9-4.03,9-9-4.03-9-9-9h0Z\"><\/path><\/svg>\t\t\t\t<\/span>\n\t\t\t<\/div>\n\t\t\t\n\t\t\t\t\t\t<div class=\"elementor-icon-box-content\">\n\n\t\t\t\t\t\t\t\t\t<h3 class=\"elementor-icon-box-title\">\n\t\t\t\t\t\t<span  >\n\t\t\t\t\t\t\tKugellager\t\t\t\t\t\t<\/span>\n\t\t\t\t\t<\/h3>\n\t\t\t\t\n\t\t\t\t\n\t\t\t<\/div>\n\t\t\t\n\t\t<\/div>\n\t\t\t\t\t\t<\/div>\n\t\t\t\t<div class=\"elementor-element elementor-element-f95f224 elementor-widget elementor-widget-text-editor\" data-id=\"f95f224\" data-element_type=\"widget\" data-e-type=\"widget\" data-widget_type=\"text-editor.default\">\n\t\t\t\t\t\t\t\t\t<p>F\u00fcr Anwendungen, die <strong>maximale Rollf\u00e4higkeit<\/strong> \u2013 auch bei h\u00f6heren Geschwindigkeiten \u2013 und eine hohe Belastbarkeit in unterschiedlichen Umgebungen erfordern, ist das am h\u00e4ufigsten eingesetzte Drehelement das <strong>einreihige Kugellager<\/strong> (bzw. Pr\u00e4zisionskugellager).<\/p>\n<p>Die W\u00e4lzk\u00f6rper sind geh\u00e4rtete Kugeln, die in einem K\u00e4fig laufen und zwischen zwei Ringen \u2013 <strong>Au\u00dfenring<\/strong> und <strong>Innenring<\/strong> \u2013 abrollen.<br \/>Ein metallischer Schutzdeckel (Typ <strong>Z<\/strong>) sch\u00fctzt das Lager vor Staub.<\/p>\n<p>Je nach Anforderung k\u00f6nnen ein oder zwei Dichtscheiben erg\u00e4nzt werden (Typ <strong>RS<\/strong> bzw. <strong>2RS<\/strong>).<br \/>Kugellager sind auch in <strong>Edelstahlausf\u00fchrung<\/strong> verf\u00fcgbar; beide Varianten sind <strong>wartungsfrei<\/strong>, da sie bei der Montage <strong>lebensdauergeschmiert<\/strong> werden.<\/p>\n<p>Eine weitere Ausf\u00fchrung \u2013 das <strong>Kegel-Kugellager<\/strong> \u2013 wird \u00fcberwiegend in Standardgeh\u00e4usen eingesetzt.<br \/>Die W\u00e4lzk\u00f6rper laufen in einem K\u00e4fig zwischen geh\u00e4rteten <strong>konischen Laufbahnen<\/strong> und sind ebenfalls vorgeschmiert, um einen <strong>dauerhaften<\/strong> und <strong>leichtg\u00e4ngigen<\/strong> Betrieb sicherzustellen.<\/p>\n\t\t\t\t\t\t\t\t<\/div>\n\t\t\t\t<\/div>\n\t\t<div class=\"elementor-element elementor-element-60e97b0 e-con-full e-flex e-con e-child\" data-id=\"60e97b0\" data-element_type=\"container\" data-e-type=\"container\">\n\t\t\t\t<div class=\"elementor-element elementor-element-6467dbf elementor-widget elementor-widget-image\" data-id=\"6467dbf\" data-element_type=\"widget\" data-e-type=\"widget\" data-widget_type=\"image.default\">\n\t\t\t\t\t\t\t\t\t\t\t\t\t\t\t\t<a href=\"https:\/\/www.avo.it\/wp-content\/uploads\/2025\/10\/EXTRA-CATALOGOSEZIONIRUOTA-112-CUSCRUOTA-112-CUSC-1.jpg\" data-elementor-open-lightbox=\"yes\" data-e-action-hash=\"#elementor-action%3Aaction%3Dlightbox%26settings%3DeyJpZCI6MTUyNjk4LCJ1cmwiOiJodHRwczpcL1wvd3d3LmF2by5pdFwvd3AtY29udGVudFwvdXBsb2Fkc1wvMjAyNVwvMTBcL0VYVFJBLUNBVEFMT0dPU0VaSU9OSVJVT1RBLTExMi1DVVNDUlVPVEEtMTEyLUNVU0MtMS5qcGcifQ%3D%3D\">\n\t\t\t\t\t\t\t<img decoding=\"async\" width=\"2048\" height=\"2048\" src=\"https:\/\/www.avo.it\/wp-content\/uploads\/2025\/10\/EXTRA-CATALOGOSEZIONIRUOTA-112-CUSCRUOTA-112-CUSC-1.jpg\" class=\"attachment-full size-full wp-image-152698\" alt=\"\" srcset=\"https:\/\/www.avo.it\/wp-content\/uploads\/2025\/10\/EXTRA-CATALOGOSEZIONIRUOTA-112-CUSCRUOTA-112-CUSC-1.jpg 2048w, https:\/\/www.avo.it\/wp-content\/uploads\/2025\/10\/EXTRA-CATALOGOSEZIONIRUOTA-112-CUSCRUOTA-112-CUSC-1-300x300.jpg 300w, https:\/\/www.avo.it\/wp-content\/uploads\/2025\/10\/EXTRA-CATALOGOSEZIONIRUOTA-112-CUSCRUOTA-112-CUSC-1-1024x1024.jpg 1024w, https:\/\/www.avo.it\/wp-content\/uploads\/2025\/10\/EXTRA-CATALOGOSEZIONIRUOTA-112-CUSCRUOTA-112-CUSC-1-150x150.jpg 150w, https:\/\/www.avo.it\/wp-content\/uploads\/2025\/10\/EXTRA-CATALOGOSEZIONIRUOTA-112-CUSCRUOTA-112-CUSC-1-768x768.jpg 768w, https:\/\/www.avo.it\/wp-content\/uploads\/2025\/10\/EXTRA-CATALOGOSEZIONIRUOTA-112-CUSCRUOTA-112-CUSC-1-1536x1536.jpg 1536w\" sizes=\"(max-width: 2048px) 100vw, 2048px\" \/>\t\t\t\t\t\t\t\t<\/a>\n\t\t\t\t\t\t\t\t\t\t\t\t\t\t\t<\/div>\n\t\t\t\t<\/div>\n\t\t\t\t<\/div>\n\t\t\t\t<\/div>\n\t\t<div class=\"elementor-element elementor-element-d005e63 e-con-full e-flex e-con e-parent\" data-id=\"d005e63\" data-element_type=\"container\" data-e-type=\"container\">\n\t\t\t\t<div class=\"elementor-element elementor-element-9096422 elementor-widget elementor-widget-text-editor\" data-id=\"9096422\" data-element_type=\"widget\" data-e-type=\"widget\" data-widget_type=\"text-editor.default\">\n\t\t\t\t\t\t\t\t\t<p><strong>F\u00fcr weitere technische Details oder zur Anforderung einer individuellen Beratung:<\/strong><\/p>\n\t\t\t\t\t\t\t\t<\/div>\n\t\t\t\t<div class=\"elementor-element elementor-element-f2b7d56 elementor-position-inline-end elementor-mobile-position-inline-end elementor-view-default elementor-widget elementor-widget-icon-box\" data-id=\"f2b7d56\" data-element_type=\"widget\" data-e-type=\"widget\" data-widget_type=\"icon-box.default\">\n\t\t\t\t\t\t\t<div class=\"elementor-icon-box-wrapper\">\n\n\t\t\t\t\t\t<div class=\"elementor-icon-box-icon\">\n\t\t\t\t<a href=\"https:\/\/www.avo.it\/contatti\/\" title=\"Approfondisci\" class=\"elementor-icon\" tabindex=\"-1\" aria-label=\"Kontaktiere uns\">\n\t\t\t\t<svg xmlns=\"http:\/\/www.w3.org\/2000\/svg\" id=\"Livello_1\" data-name=\"Livello 1\" viewBox=\"0 0 36.78 36.78\"><defs><style>      .cls-1 {        fill: #b3e5fc;      }      .cls-2 {        fill: #21355a;      }    <\/style><\/defs><circle class=\"cls-1\" cx=\"18.39\" cy=\"18.39\" r=\"18.39\"><\/circle><path class=\"cls-2\" d=\"M13.65,26.72l7.81-7.81c.28-.28.28-.77,0-1.04l-7.81-7.81,1.04-1.04,7.81,7.81c.84.84.84,2.3,0,3.13l-7.81,7.81-1.04-1.04Z\"><\/path><\/svg>\t\t\t\t<\/a>\n\t\t\t<\/div>\n\t\t\t\n\t\t\t\t\t\t<div class=\"elementor-icon-box-content\">\n\n\t\t\t\t\t\t\t\t\t<h3 class=\"elementor-icon-box-title\">\n\t\t\t\t\t\t<a href=\"https:\/\/www.avo.it\/contatti\/\" title=\"Approfondisci\" >\n\t\t\t\t\t\t\tKontaktiere uns\t\t\t\t\t\t<\/a>\n\t\t\t\t\t<\/h3>\n\t\t\t\t\n\t\t\t\t\n\t\t\t<\/div>\n\t\t\t\n\t\t<\/div>\n\t\t\t\t\t\t<\/div>\n\t\t\t\t<\/div>\n\t\t\t\t<\/div>\n\t\t","protected":false},"excerpt":{"rendered":"<p>Dreh- und lagersysteme Dreh- und Lagersysteme Die Dreh- und Lagersysteme unterscheiden sich je nach Leistungsanforderung und Tragf\u00e4higkeit:Nylonbuchsen sind wirtschaftlich und robust und eignen sich f\u00fcr geringe Geschwindigkeiten;Rollenlagerk\u00e4fige reduzieren die Reibung und erm\u00f6glichen das Bewegen hoher Lasten;Kugellager bieten die beste Leichtl\u00e4ufigkeit, Lebensdauer und Zuverl\u00e4ssigkeit, auch bei h\u00f6heren Geschwindigkeiten. Selbstschmierende Nylonbuchse Das einfachste Drehelement ist die Buchse [&hellip;]<\/p>\n","protected":false},"author":2,"featured_media":0,"parent":157317,"menu_order":0,"comment_status":"closed","ping_status":"closed","template":"","meta":{"_acf_changed":false,"footnotes":""},"class_list":["post-157355","page","type-page","status-publish","hentry"],"acf":[],"_links":{"self":[{"href":"https:\/\/www.avo.it\/de\/wp-json\/wp\/v2\/pages\/157355","targetHints":{"allow":["GET"]}}],"collection":[{"href":"https:\/\/www.avo.it\/de\/wp-json\/wp\/v2\/pages"}],"about":[{"href":"https:\/\/www.avo.it\/de\/wp-json\/wp\/v2\/types\/page"}],"author":[{"embeddable":true,"href":"https:\/\/www.avo.it\/de\/wp-json\/wp\/v2\/users\/2"}],"replies":[{"embeddable":true,"href":"https:\/\/www.avo.it\/de\/wp-json\/wp\/v2\/comments?post=157355"}],"version-history":[{"count":1,"href":"https:\/\/www.avo.it\/de\/wp-json\/wp\/v2\/pages\/157355\/revisions"}],"predecessor-version":[{"id":157356,"href":"https:\/\/www.avo.it\/de\/wp-json\/wp\/v2\/pages\/157355\/revisions\/157356"}],"up":[{"embeddable":true,"href":"https:\/\/www.avo.it\/de\/wp-json\/wp\/v2\/pages\/157317"}],"wp:attachment":[{"href":"https:\/\/www.avo.it\/de\/wp-json\/wp\/v2\/media?parent=157355"}],"curies":[{"name":"wp","href":"https:\/\/api.w.org\/{rel}","templated":true}]}}