{"id":157361,"date":"2025-12-22T11:58:49","date_gmt":"2025-12-22T11:58:49","guid":{"rendered":"https:\/\/avo.it\/anwendungen\/produktion-von-flightcases\/"},"modified":"2026-01-08T13:32:21","modified_gmt":"2026-01-08T13:32:21","slug":"produktion-von-flightcases","status":"publish","type":"page","link":"https:\/\/www.avo.it\/de\/anwendungen\/produktion-von-flightcases\/","title":{"rendered":"Produktion von Flightcases"},"content":{"rendered":"\t\t<div data-elementor-type=\"wp-page\" data-elementor-id=\"157361\" class=\"elementor elementor-157361 elementor-156094\" data-elementor-post-type=\"page\">\n\t\t\t\t<div class=\"elementor-element elementor-element-e622a13 e-con-full e-flex e-con e-parent\" data-id=\"e622a13\" data-element_type=\"container\" data-e-type=\"container\" data-settings=\"{&quot;background_background&quot;:&quot;classic&quot;}\">\n\t\t<div class=\"elementor-element elementor-element-776546b e-con-full e-flex e-con e-child\" data-id=\"776546b\" data-element_type=\"container\" data-e-type=\"container\" data-settings=\"{&quot;background_background&quot;:&quot;classic&quot;}\">\n\t\t<div class=\"elementor-element elementor-element-87181e2 e-con-full e-flex e-con e-child\" data-id=\"87181e2\" data-element_type=\"container\" data-e-type=\"container\" data-settings=\"{&quot;background_background&quot;:&quot;classic&quot;}\">\n\t\t\t\t<div class=\"elementor-element elementor-element-a46166a elementor-widget elementor-widget-heading\" data-id=\"a46166a\" data-element_type=\"widget\" data-e-type=\"widget\" data-widget_type=\"heading.default\">\n\t\t\t\t\t<h1 class=\"elementor-heading-title elementor-size-default\">Produktion von <span style=\"color: #B3E5FC\">Flightcases<\/span><\/h1>\t\t\t\t<\/div>\n\t\t\t\t<\/div>\n\t\t\t\t<\/div>\n\t\t\t\t<\/div>\n\t\t<div class=\"elementor-element elementor-element-1901598 e-con-full e-flex e-con e-parent\" data-id=\"1901598\" data-element_type=\"container\" data-e-type=\"container\">\n\t\t<div class=\"elementor-element elementor-element-11c796e e-con-full e-flex e-con e-child\" data-id=\"11c796e\" data-element_type=\"container\" data-e-type=\"container\">\n\t\t\t\t<div class=\"elementor-element elementor-element-1891942 elementor-widget elementor-widget-text-editor\" data-id=\"1891942\" data-element_type=\"widget\" data-e-type=\"widget\" data-widget_type=\"text-editor.default\">\n\t\t\t\t\t\t\t\t\t<p>In der Herstellung von Flightcases ist eine hochwertige Bewegungstechnik ein wesentlicher Faktor, um den Schutz der Ausr\u00fcstung, die Betriebssicherheit sowie die Effizienz bei Transport, Verladung und Aufbau sicherzustellen.<\/p>\n<p>Die R\u00e4der und Geh\u00e4use von AVO sind darauf ausgelegt, die spezifischen Anforderungen dieses Einsatzbereichs zu erf\u00fcllen, der durch hohe Lasten, intensiven Gebrauch und h\u00e4ufige Ortswechsel in unterschiedlichsten Umgebungen gepr\u00e4gt ist \u2013 von Konzerttourneen \u00fcber Messeveranstaltungen bis hin zu Theaterproduktionen und Fernsehstudios.<\/p>\n<p>Die hohe Materialst\u00e4rke des Stahlgeh\u00e4uses, die integrierte Bremse und der elastische Hochleistungs-Gummilaufbelag sind nur einige der Merkmale, die unsere L\u00f6sungen auszeichnen. Sie gew\u00e4hrleisten ein optimales Laufverhalten, hohe Stabilit\u00e4t und eine ausgezeichnete Sto\u00dffestigkeit \u2013 selbst auf unebenen Untergr\u00fcnden und unter anspruchsvollen Arbeitsbedingungen. Der Einsatz leistungsf\u00e4higer Materialien sichert eine lange Lebensdauer und reduziert den Wartungsaufwand.<\/p>\n\t\t\t\t\t\t\t\t<\/div>\n\t\t\t\t<\/div>\n\t\t\t\t<\/div>\n\t\t\t\t<\/div>\n\t\t","protected":false},"excerpt":{"rendered":"<p>Produktion von Flightcases In der Herstellung von Flightcases ist eine hochwertige Bewegungstechnik ein wesentlicher Faktor, um den Schutz der Ausr\u00fcstung, die Betriebssicherheit sowie die Effizienz bei Transport, Verladung und Aufbau sicherzustellen. Die R\u00e4der und Geh\u00e4use von AVO sind darauf ausgelegt, die spezifischen Anforderungen dieses Einsatzbereichs zu erf\u00fcllen, der durch hohe Lasten, intensiven Gebrauch und h\u00e4ufige [&hellip;]<\/p>\n","protected":false},"author":2,"featured_media":0,"parent":48336,"menu_order":0,"comment_status":"closed","ping_status":"closed","template":"","meta":{"_acf_changed":false,"footnotes":""},"class_list":["post-157361","page","type-page","status-publish","hentry"],"acf":[],"_links":{"self":[{"href":"https:\/\/www.avo.it\/de\/wp-json\/wp\/v2\/pages\/157361","targetHints":{"allow":["GET"]}}],"collection":[{"href":"https:\/\/www.avo.it\/de\/wp-json\/wp\/v2\/pages"}],"about":[{"href":"https:\/\/www.avo.it\/de\/wp-json\/wp\/v2\/types\/page"}],"author":[{"embeddable":true,"href":"https:\/\/www.avo.it\/de\/wp-json\/wp\/v2\/users\/2"}],"replies":[{"embeddable":true,"href":"https:\/\/www.avo.it\/de\/wp-json\/wp\/v2\/comments?post=157361"}],"version-history":[{"count":1,"href":"https:\/\/www.avo.it\/de\/wp-json\/wp\/v2\/pages\/157361\/revisions"}],"predecessor-version":[{"id":157362,"href":"https:\/\/www.avo.it\/de\/wp-json\/wp\/v2\/pages\/157361\/revisions\/157362"}],"up":[{"embeddable":true,"href":"https:\/\/www.avo.it\/de\/wp-json\/wp\/v2\/pages\/48336"}],"wp:attachment":[{"href":"https:\/\/www.avo.it\/de\/wp-json\/wp\/v2\/media?parent=157361"}],"curies":[{"name":"wp","href":"https:\/\/api.w.org\/{rel}","templated":true}]}}