{"id":157365,"date":"2025-08-18T12:27:06","date_gmt":"2025-08-18T12:27:06","guid":{"rendered":"https:\/\/avo.it\/technische-informationen\/informationen-zu-den-materialien\/material-stahl\/"},"modified":"2026-01-08T13:57:05","modified_gmt":"2026-01-08T13:57:05","slug":"material-stahl","status":"publish","type":"page","link":"https:\/\/www.avo.it\/de\/technische-informationen\/informationen-zu-den-materialien\/material-stahl\/","title":{"rendered":"Material: Stahl"},"content":{"rendered":"\t\t<div data-elementor-type=\"wp-page\" data-elementor-id=\"157365\" class=\"elementor elementor-157365 elementor-150738\" data-elementor-post-type=\"page\">\n\t\t\t\t<div class=\"elementor-element elementor-element-f6fbb49 e-con-full e-flex e-con e-parent\" data-id=\"f6fbb49\" data-element_type=\"container\" data-e-type=\"container\" data-settings=\"{&quot;background_background&quot;:&quot;classic&quot;}\">\n\t\t<div class=\"elementor-element elementor-element-4d3e876 e-con-full e-flex e-con e-child\" data-id=\"4d3e876\" data-element_type=\"container\" data-e-type=\"container\" data-settings=\"{&quot;background_background&quot;:&quot;classic&quot;}\">\n\t\t<div class=\"elementor-element elementor-element-3e88d30 e-con-full e-flex e-con e-child\" data-id=\"3e88d30\" data-element_type=\"container\" data-e-type=\"container\" data-settings=\"{&quot;background_background&quot;:&quot;classic&quot;}\">\n\t\t\t\t<div class=\"elementor-element elementor-element-6219f02 elementor-widget elementor-widget-heading\" data-id=\"6219f02\" data-element_type=\"widget\" data-e-type=\"widget\" data-widget_type=\"heading.default\">\n\t\t\t\t\t<h1 class=\"elementor-heading-title elementor-size-default\">Material: <span style=\"color: #B3E5FC\"><br>stahl<\/span><\/h1>\t\t\t\t<\/div>\n\t\t\t\t<\/div>\n\t\t\t\t<\/div>\n\t\t\t\t<\/div>\n\t\t<div class=\"elementor-element elementor-element-54849d4 e-con-full e-flex e-con e-parent\" data-id=\"54849d4\" data-element_type=\"container\" data-e-type=\"container\">\n\t\t<div class=\"elementor-element elementor-element-6256314 e-con-full e-flex e-con e-child\" data-id=\"6256314\" data-element_type=\"container\" data-e-type=\"container\">\n\t\t<div class=\"elementor-element elementor-element-bb6c371 e-con-full e-flex e-con e-child\" data-id=\"bb6c371\" data-element_type=\"container\" data-e-type=\"container\">\n\t\t\t\t<div class=\"elementor-element elementor-element-aead16e elementor-widget elementor-widget-heading\" data-id=\"aead16e\" data-element_type=\"widget\" data-e-type=\"widget\" data-widget_type=\"heading.default\">\n\t\t\t\t\t<h2 class=\"elementor-heading-title elementor-size-default\">Stahl<\/h2>\t\t\t\t<\/div>\n\t\t\t\t<div class=\"elementor-element elementor-element-3a773a5 elementor-widget elementor-widget-text-editor\" data-id=\"3a773a5\" data-element_type=\"widget\" data-e-type=\"widget\" data-widget_type=\"text-editor.default\">\n\t\t\t\t\t\t\t\t\t<p>Stahl ist eine Eisen-Kohlenstoff-Legierung, die aufgrund ihrer Kombination aus mechanischer Festigkeit, Steifigkeit und guter Verarbeitbarkeit zu den am h\u00e4ufigsten verwendeten Materialien f\u00fcr die Herstellung industrieller Geh\u00e4use und Tr\u00e4gersysteme geh\u00f6rt.<br \/>Geh\u00e4use aus unlegiertem Kohlenstoffstahl werden in der Regel durch Umformverfahren oder Schwei\u00dfkonstruktionen gefertigt und anschlie\u00dfend mit sch\u00fctzenden Oberfl\u00e4chenbehandlungen (z. B. Verzinkung oder Pulverbeschichtung) versehen, um die Korrosionsbest\u00e4ndigkeit zu erh\u00f6hen und die Lebensdauer in normalen oder m\u00e4\u00dfig aggressiven Umgebungen zu verl\u00e4ngern.<\/p>\n<p>F\u00fcr Anwendungen, die eine deutlich h\u00f6here Best\u00e4ndigkeit gegen\u00fcber Oxidation und chemischen Einfl\u00fcssen erfordern, wird Edelstahl eingesetzt \u2013 insbesondere die Legierungen <strong>AISI 304<\/strong> und <strong>AISI 316<\/strong>.<\/p>\n<p><strong>AISI 304:<\/strong> zeichnet sich durch eine hervorragende Korrosionsbest\u00e4ndigkeit in feuchten Umgebungen und gegen\u00fcber vielen chemischen Substanzen aus; die g\u00e4ngigste L\u00f6sung f\u00fcr industrielle, lebensmitteltechnische und pharmazeutische Anwendungen.<br \/><strong>AISI 316:<\/strong> bietet dank des Zusatzes von Molybd\u00e4n eine nochmals h\u00f6here Best\u00e4ndigkeit gegen Korrosion, insbesondere in salzhaltigen oder stark aggressiven Umgebungen, und ist somit ideal f\u00fcr den maritimen, chemischen und medizinischen Bereich.<\/p>\n<p>Beide Edelstahltypen gew\u00e4hrleisten eine hohe mechanische Festigkeit, sind leicht zu reinigen und zu desinfizieren und bieten zuverl\u00e4ssige Performance selbst bei anspruchsvollen und kontinuierlichen Einsatzbedingungen.<\/p>\n\t\t\t\t\t\t\t\t<\/div>\n\t\t\t\t<div class=\"elementor-element elementor-element-9315d80 elementor-widget elementor-widget-text-editor\" data-id=\"9315d80\" data-element_type=\"widget\" data-e-type=\"widget\" data-widget_type=\"text-editor.default\">\n\t\t\t\t\t\t\t\t\t<p><strong>F\u00fcr weitere technische Informationen oder eine individuelle Beratung:<\/strong><\/p>\n\t\t\t\t\t\t\t\t<\/div>\n\t\t\t\t<div class=\"elementor-element elementor-element-38bd932 elementor-position-inline-end elementor-mobile-position-inline-end elementor-view-default elementor-widget elementor-widget-icon-box\" data-id=\"38bd932\" data-element_type=\"widget\" data-e-type=\"widget\" data-widget_type=\"icon-box.default\">\n\t\t\t\t\t\t\t<div class=\"elementor-icon-box-wrapper\">\n\n\t\t\t\t\t\t<div class=\"elementor-icon-box-icon\">\n\t\t\t\t<a href=\"https:\/\/www.avo.it\/contatti\/\" title=\"Approfondisci\" class=\"elementor-icon\" tabindex=\"-1\" aria-label=\"Kontaktiere uns\">\n\t\t\t\t<svg xmlns=\"http:\/\/www.w3.org\/2000\/svg\" id=\"Livello_1\" data-name=\"Livello 1\" viewBox=\"0 0 36.78 36.78\"><defs><style>      .cls-1 {        fill: #b3e5fc;      }      .cls-2 {        fill: #21355a;      }    <\/style><\/defs><circle class=\"cls-1\" cx=\"18.39\" cy=\"18.39\" r=\"18.39\"><\/circle><path class=\"cls-2\" d=\"M13.65,26.72l7.81-7.81c.28-.28.28-.77,0-1.04l-7.81-7.81,1.04-1.04,7.81,7.81c.84.84.84,2.3,0,3.13l-7.81,7.81-1.04-1.04Z\"><\/path><\/svg>\t\t\t\t<\/a>\n\t\t\t<\/div>\n\t\t\t\n\t\t\t\t\t\t<div class=\"elementor-icon-box-content\">\n\n\t\t\t\t\t\t\t\t\t<h3 class=\"elementor-icon-box-title\">\n\t\t\t\t\t\t<a href=\"https:\/\/www.avo.it\/contatti\/\" title=\"Approfondisci\" >\n\t\t\t\t\t\t\tKontaktiere uns\t\t\t\t\t\t<\/a>\n\t\t\t\t\t<\/h3>\n\t\t\t\t\n\t\t\t\t\n\t\t\t<\/div>\n\t\t\t\n\t\t<\/div>\n\t\t\t\t\t\t<\/div>\n\t\t\t\t<\/div>\n\t\t<div class=\"elementor-element elementor-element-bfe64a2 e-con-full e-flex e-con e-child\" data-id=\"bfe64a2\" data-element_type=\"container\" data-e-type=\"container\">\n\t\t\t\t<div class=\"elementor-element elementor-element-dfb880b elementor-widget elementor-widget-image\" data-id=\"dfb880b\" data-element_type=\"widget\" data-e-type=\"widget\" data-widget_type=\"image.default\">\n\t\t\t\t\t\t\t\t\t\t\t\t\t\t\t\t<a href=\"https:\/\/www.avo.it\/wp-content\/uploads\/2025\/08\/ACCIAIO-dettaglio.jpg\" data-elementor-open-lightbox=\"yes\" data-e-action-hash=\"#elementor-action%3Aaction%3Dlightbox%26settings%3DeyJpZCI6MTUxMjc0LCJ1cmwiOiJodHRwczpcL1wvd3d3LmF2by5pdFwvd3AtY29udGVudFwvdXBsb2Fkc1wvMjAyNVwvMDhcL0FDQ0lBSU8tZGV0dGFnbGlvLmpwZyJ9\">\n\t\t\t\t\t\t\t<img fetchpriority=\"high\" decoding=\"async\" width=\"2048\" height=\"1171\" src=\"https:\/\/www.avo.it\/wp-content\/uploads\/2025\/08\/ACCIAIO-dettaglio.jpg\" class=\"attachment-full size-full wp-image-151274\" alt=\"\" srcset=\"https:\/\/www.avo.it\/wp-content\/uploads\/2025\/08\/ACCIAIO-dettaglio.jpg 2048w, https:\/\/www.avo.it\/wp-content\/uploads\/2025\/08\/ACCIAIO-dettaglio-300x172.jpg 300w, https:\/\/www.avo.it\/wp-content\/uploads\/2025\/08\/ACCIAIO-dettaglio-1024x586.jpg 1024w, https:\/\/www.avo.it\/wp-content\/uploads\/2025\/08\/ACCIAIO-dettaglio-768x439.jpg 768w, https:\/\/www.avo.it\/wp-content\/uploads\/2025\/08\/ACCIAIO-dettaglio-1536x878.jpg 1536w\" sizes=\"(max-width: 2048px) 100vw, 2048px\" \/>\t\t\t\t\t\t\t\t<\/a>\n\t\t\t\t\t\t\t\t\t\t\t\t\t\t\t<\/div>\n\t\t\t\t<\/div>\n\t\t\t\t<\/div>\n\t\t\t\t<\/div>\n\t\t\t\t<\/div>\n\t\t","protected":false},"excerpt":{"rendered":"<p>Material: stahl Stahl Stahl ist eine Eisen-Kohlenstoff-Legierung, die aufgrund ihrer Kombination aus mechanischer Festigkeit, Steifigkeit und guter Verarbeitbarkeit zu den am h\u00e4ufigsten verwendeten Materialien f\u00fcr die Herstellung industrieller Geh\u00e4use und Tr\u00e4gersysteme geh\u00f6rt.Geh\u00e4use aus unlegiertem Kohlenstoffstahl werden in der Regel durch Umformverfahren oder Schwei\u00dfkonstruktionen gefertigt und anschlie\u00dfend mit sch\u00fctzenden Oberfl\u00e4chenbehandlungen (z. B. Verzinkung oder Pulverbeschichtung) versehen, [&hellip;]<\/p>\n","protected":false},"author":3,"featured_media":0,"parent":157363,"menu_order":0,"comment_status":"closed","ping_status":"closed","template":"","meta":{"_acf_changed":false,"footnotes":""},"class_list":["post-157365","page","type-page","status-publish","hentry"],"acf":[],"_links":{"self":[{"href":"https:\/\/www.avo.it\/de\/wp-json\/wp\/v2\/pages\/157365","targetHints":{"allow":["GET"]}}],"collection":[{"href":"https:\/\/www.avo.it\/de\/wp-json\/wp\/v2\/pages"}],"about":[{"href":"https:\/\/www.avo.it\/de\/wp-json\/wp\/v2\/types\/page"}],"author":[{"embeddable":true,"href":"https:\/\/www.avo.it\/de\/wp-json\/wp\/v2\/users\/3"}],"replies":[{"embeddable":true,"href":"https:\/\/www.avo.it\/de\/wp-json\/wp\/v2\/comments?post=157365"}],"version-history":[{"count":1,"href":"https:\/\/www.avo.it\/de\/wp-json\/wp\/v2\/pages\/157365\/revisions"}],"predecessor-version":[{"id":157366,"href":"https:\/\/www.avo.it\/de\/wp-json\/wp\/v2\/pages\/157365\/revisions\/157366"}],"up":[{"embeddable":true,"href":"https:\/\/www.avo.it\/de\/wp-json\/wp\/v2\/pages\/157363"}],"wp:attachment":[{"href":"https:\/\/www.avo.it\/de\/wp-json\/wp\/v2\/media?parent=157365"}],"curies":[{"name":"wp","href":"https:\/\/api.w.org\/{rel}","templated":true}]}}