{"id":157369,"date":"2025-08-18T10:47:17","date_gmt":"2025-08-18T10:47:17","guid":{"rendered":"https:\/\/avo.it\/technische-informationen\/informationen-zu-den-materialien\/material-gusseisen\/"},"modified":"2026-01-08T14:08:45","modified_gmt":"2026-01-08T14:08:45","slug":"material-gusseisen","status":"publish","type":"page","link":"https:\/\/www.avo.it\/de\/technische-informationen\/informationen-zu-den-materialien\/material-gusseisen\/","title":{"rendered":"Material: Gusseisen"},"content":{"rendered":"\t\t<div data-elementor-type=\"wp-page\" data-elementor-id=\"157369\" class=\"elementor elementor-157369 elementor-150664\" data-elementor-post-type=\"page\">\n\t\t\t\t<div class=\"elementor-element elementor-element-2406a71 e-con-full e-flex e-con e-parent\" data-id=\"2406a71\" data-element_type=\"container\" data-e-type=\"container\" data-settings=\"{&quot;background_background&quot;:&quot;classic&quot;}\">\n\t\t<div class=\"elementor-element elementor-element-954e6a1 e-con-full e-flex e-con e-child\" data-id=\"954e6a1\" data-element_type=\"container\" data-e-type=\"container\" data-settings=\"{&quot;background_background&quot;:&quot;classic&quot;}\">\n\t\t<div class=\"elementor-element elementor-element-a2a2922 e-con-full e-flex e-con e-child\" data-id=\"a2a2922\" data-element_type=\"container\" data-e-type=\"container\" data-settings=\"{&quot;background_background&quot;:&quot;classic&quot;}\">\n\t\t\t\t<div class=\"elementor-element elementor-element-dc3a17d elementor-widget elementor-widget-heading\" data-id=\"dc3a17d\" data-element_type=\"widget\" data-e-type=\"widget\" data-widget_type=\"heading.default\">\n\t\t\t\t\t<h1 class=\"elementor-heading-title elementor-size-default\">Material: <span style=\"color: #B3E5FC\"><br>Gusseisen<\/span><\/h1>\t\t\t\t<\/div>\n\t\t\t\t<\/div>\n\t\t\t\t<\/div>\n\t\t\t\t<\/div>\n\t\t<div class=\"elementor-element elementor-element-77bdd0e e-con-full e-flex e-con e-parent\" data-id=\"77bdd0e\" data-element_type=\"container\" data-e-type=\"container\">\n\t\t<div class=\"elementor-element elementor-element-83310c8 e-con-full e-flex e-con e-child\" data-id=\"83310c8\" data-element_type=\"container\" data-e-type=\"container\">\n\t\t<div class=\"elementor-element elementor-element-4b5ce57 e-con-full e-flex e-con e-child\" data-id=\"4b5ce57\" data-element_type=\"container\" data-e-type=\"container\">\n\t\t\t\t<div class=\"elementor-element elementor-element-4b19430 elementor-widget elementor-widget-heading\" data-id=\"4b19430\" data-element_type=\"widget\" data-e-type=\"widget\" data-widget_type=\"heading.default\">\n\t\t\t\t\t<h2 class=\"elementor-heading-title elementor-size-default\">Gusseisen<\/h2>\t\t\t\t<\/div>\n\t\t\t\t<div class=\"elementor-element elementor-element-d02cdda elementor-widget elementor-widget-text-editor\" data-id=\"d02cdda\" data-element_type=\"widget\" data-e-type=\"widget\" data-widget_type=\"text-editor.default\">\n\t\t\t\t\t\t\t\t\t<p>Perlitisch- oder lamellar-strukturiertes Grauguss gem\u00e4\u00df <strong>ISO 185<\/strong> ist eine Eisenlegierung, die sich durch eine hervorragende Druckfestigkeit, gute Ma\u00dfstabilit\u00e4t und eine ausgepr\u00e4gte F\u00e4higkeit zur D\u00e4mpfung von Vibrationen und Ger\u00e4uschen auszeichnet. Die perlitische Mikrostruktur verleiht dem Material eine h\u00f6here H\u00e4rte und mechanische Festigkeit, w\u00e4hrend die lamellare Graphitstruktur die Bearbeitbarkeit verbessert und das Risiko spr\u00f6der Br\u00fcche reduziert.<\/p>\n<p>Der Einsatz wird f\u00fcr Anwendungen mit mittleren Lasten auf festen, kompakten B\u00f6den empfohlen, bei denen die Kombination aus Robustheit und Steifigkeit eine lange Betriebsdauer gew\u00e4hrleistet. Aufgrund seiner hohen Temperaturbest\u00e4ndigkeit eignet sich Grauguss besonders f\u00fcr den Einsatz in \u00d6fen oder in Bereichen mit erh\u00f6hten thermischen Belastungen.<br \/>Nicht geeignet ist das Material hingegen bei stark s\u00e4urehaltigen Medien oder chlorierten L\u00f6sungsmitteln, da diese die Legierungsstruktur angreifen und den Alterungsprozess beschleunigen k\u00f6nnen.<\/p>\n\t\t\t\t\t\t\t\t<\/div>\n\t\t\t\t<div class=\"elementor-element elementor-element-854bee6 elementor-widget elementor-widget-text-editor\" data-id=\"854bee6\" data-element_type=\"widget\" data-e-type=\"widget\" data-widget_type=\"text-editor.default\">\n\t\t\t\t\t\t\t\t\t<p><strong>F\u00fcr weitere technische Informationen oder eine individuelle Beratung:<\/strong><\/p>\n\t\t\t\t\t\t\t\t<\/div>\n\t\t\t\t<div class=\"elementor-element elementor-element-791cd89 elementor-position-inline-end elementor-mobile-position-inline-end elementor-view-default elementor-widget elementor-widget-icon-box\" data-id=\"791cd89\" data-element_type=\"widget\" data-e-type=\"widget\" data-widget_type=\"icon-box.default\">\n\t\t\t\t\t\t\t<div class=\"elementor-icon-box-wrapper\">\n\n\t\t\t\t\t\t<div class=\"elementor-icon-box-icon\">\n\t\t\t\t<a href=\"https:\/\/www.avo.it\/contatti\/\" title=\"Approfondisci\" class=\"elementor-icon\" tabindex=\"-1\" aria-label=\"Kontaktiere uns\">\n\t\t\t\t<svg xmlns=\"http:\/\/www.w3.org\/2000\/svg\" id=\"Livello_1\" data-name=\"Livello 1\" viewBox=\"0 0 36.78 36.78\"><defs><style>      .cls-1 {        fill: #b3e5fc;      }      .cls-2 {        fill: #21355a;      }    <\/style><\/defs><circle class=\"cls-1\" cx=\"18.39\" cy=\"18.39\" r=\"18.39\"><\/circle><path class=\"cls-2\" d=\"M13.65,26.72l7.81-7.81c.28-.28.28-.77,0-1.04l-7.81-7.81,1.04-1.04,7.81,7.81c.84.84.84,2.3,0,3.13l-7.81,7.81-1.04-1.04Z\"><\/path><\/svg>\t\t\t\t<\/a>\n\t\t\t<\/div>\n\t\t\t\n\t\t\t\t\t\t<div class=\"elementor-icon-box-content\">\n\n\t\t\t\t\t\t\t\t\t<h3 class=\"elementor-icon-box-title\">\n\t\t\t\t\t\t<a href=\"https:\/\/www.avo.it\/contatti\/\" title=\"Approfondisci\" >\n\t\t\t\t\t\t\tKontaktiere uns\t\t\t\t\t\t<\/a>\n\t\t\t\t\t<\/h3>\n\t\t\t\t\n\t\t\t\t\n\t\t\t<\/div>\n\t\t\t\n\t\t<\/div>\n\t\t\t\t\t\t<\/div>\n\t\t\t\t<\/div>\n\t\t<div class=\"elementor-element elementor-element-3923178 e-con-full e-flex e-con e-child\" data-id=\"3923178\" data-element_type=\"container\" data-e-type=\"container\">\n\t\t\t\t<div class=\"elementor-element elementor-element-a7665bc elementor-widget elementor-widget-image\" data-id=\"a7665bc\" data-element_type=\"widget\" data-e-type=\"widget\" data-widget_type=\"image.default\">\n\t\t\t\t\t\t\t\t\t\t\t\t\t\t\t\t<a href=\"https:\/\/www.avo.it\/wp-content\/uploads\/2025\/08\/GHISA-dettaglio.jpg\" data-elementor-open-lightbox=\"yes\" data-e-action-hash=\"#elementor-action%3Aaction%3Dlightbox%26settings%3DeyJpZCI6MTUxMjYwLCJ1cmwiOiJodHRwczpcL1wvd3d3LmF2by5pdFwvd3AtY29udGVudFwvdXBsb2Fkc1wvMjAyNVwvMDhcL0dISVNBLWRldHRhZ2xpby5qcGcifQ%3D%3D\">\n\t\t\t\t\t\t\t<img fetchpriority=\"high\" decoding=\"async\" width=\"2048\" height=\"1465\" src=\"https:\/\/www.avo.it\/wp-content\/uploads\/2025\/08\/GHISA-dettaglio.jpg\" class=\"attachment-full size-full wp-image-151260\" alt=\"\" srcset=\"https:\/\/www.avo.it\/wp-content\/uploads\/2025\/08\/GHISA-dettaglio.jpg 2048w, https:\/\/www.avo.it\/wp-content\/uploads\/2025\/08\/GHISA-dettaglio-300x215.jpg 300w, https:\/\/www.avo.it\/wp-content\/uploads\/2025\/08\/GHISA-dettaglio-1024x733.jpg 1024w, https:\/\/www.avo.it\/wp-content\/uploads\/2025\/08\/GHISA-dettaglio-768x549.jpg 768w, https:\/\/www.avo.it\/wp-content\/uploads\/2025\/08\/GHISA-dettaglio-1536x1099.jpg 1536w\" sizes=\"(max-width: 2048px) 100vw, 2048px\" \/>\t\t\t\t\t\t\t\t<\/a>\n\t\t\t\t\t\t\t\t\t\t\t\t\t\t\t<\/div>\n\t\t\t\t<\/div>\n\t\t\t\t<\/div>\n\t\t\t\t<\/div>\n\t\t\t\t<\/div>\n\t\t","protected":false},"excerpt":{"rendered":"<p>Material: Gusseisen Gusseisen Perlitisch- oder lamellar-strukturiertes Grauguss gem\u00e4\u00df ISO 185 ist eine Eisenlegierung, die sich durch eine hervorragende Druckfestigkeit, gute Ma\u00dfstabilit\u00e4t und eine ausgepr\u00e4gte F\u00e4higkeit zur D\u00e4mpfung von Vibrationen und Ger\u00e4uschen auszeichnet. Die perlitische Mikrostruktur verleiht dem Material eine h\u00f6here H\u00e4rte und mechanische Festigkeit, w\u00e4hrend die lamellare Graphitstruktur die Bearbeitbarkeit verbessert und das Risiko spr\u00f6der [&hellip;]<\/p>\n","protected":false},"author":3,"featured_media":0,"parent":157363,"menu_order":0,"comment_status":"closed","ping_status":"closed","template":"","meta":{"_acf_changed":false,"footnotes":""},"class_list":["post-157369","page","type-page","status-publish","hentry"],"acf":[],"_links":{"self":[{"href":"https:\/\/www.avo.it\/de\/wp-json\/wp\/v2\/pages\/157369","targetHints":{"allow":["GET"]}}],"collection":[{"href":"https:\/\/www.avo.it\/de\/wp-json\/wp\/v2\/pages"}],"about":[{"href":"https:\/\/www.avo.it\/de\/wp-json\/wp\/v2\/types\/page"}],"author":[{"embeddable":true,"href":"https:\/\/www.avo.it\/de\/wp-json\/wp\/v2\/users\/3"}],"replies":[{"embeddable":true,"href":"https:\/\/www.avo.it\/de\/wp-json\/wp\/v2\/comments?post=157369"}],"version-history":[{"count":1,"href":"https:\/\/www.avo.it\/de\/wp-json\/wp\/v2\/pages\/157369\/revisions"}],"predecessor-version":[{"id":157370,"href":"https:\/\/www.avo.it\/de\/wp-json\/wp\/v2\/pages\/157369\/revisions\/157370"}],"up":[{"embeddable":true,"href":"https:\/\/www.avo.it\/de\/wp-json\/wp\/v2\/pages\/157363"}],"wp:attachment":[{"href":"https:\/\/www.avo.it\/de\/wp-json\/wp\/v2\/media?parent=157369"}],"curies":[{"name":"wp","href":"https:\/\/api.w.org\/{rel}","templated":true}]}}