{"id":157373,"date":"2025-08-11T09:22:06","date_gmt":"2025-08-11T09:22:06","guid":{"rendered":"https:\/\/avo.it\/sonderprojekte\/fuehrungsraeder\/"},"modified":"2026-01-08T15:22:49","modified_gmt":"2026-01-08T15:22:49","slug":"fuehrungsraeder","status":"publish","type":"page","link":"https:\/\/www.avo.it\/de\/sonderprojekte\/fuehrungsraeder\/","title":{"rendered":"F\u00fchrungsr\u00e4der"},"content":{"rendered":"\t\t<div data-elementor-type=\"wp-page\" data-elementor-id=\"157373\" class=\"elementor elementor-157373 elementor-150150\" data-elementor-post-type=\"page\">\n\t\t\t\t<div class=\"elementor-element elementor-element-60bc2b0 e-con-full e-flex e-con e-parent\" data-id=\"60bc2b0\" data-element_type=\"container\" data-e-type=\"container\" data-settings=\"{&quot;background_background&quot;:&quot;classic&quot;}\">\n\t\t<div class=\"elementor-element elementor-element-f8adefa e-con-full e-flex e-con e-child\" data-id=\"f8adefa\" data-element_type=\"container\" data-e-type=\"container\" data-settings=\"{&quot;background_background&quot;:&quot;classic&quot;}\">\n\t\t<div class=\"elementor-element elementor-element-3d4e6b4 e-con-full e-flex e-con e-child\" data-id=\"3d4e6b4\" data-element_type=\"container\" data-e-type=\"container\" data-settings=\"{&quot;background_background&quot;:&quot;classic&quot;}\">\n\t\t\t\t<div class=\"elementor-element elementor-element-d863903 elementor-widget elementor-widget-heading\" data-id=\"d863903\" data-element_type=\"widget\" data-e-type=\"widget\" data-widget_type=\"heading.default\">\n\t\t\t\t\t<h1 class=\"elementor-heading-title elementor-size-default\"><span style=\"color: #B3E5FC\">F\u00fchrungsr\u00e4der<\/span><\/h1>\t\t\t\t<\/div>\n\t\t\t\t<\/div>\n\t\t\t\t<\/div>\n\t\t\t\t<\/div>\n\t\t<div class=\"elementor-element elementor-element-36a3602 e-con-full e-flex e-con e-parent\" data-id=\"36a3602\" data-element_type=\"container\" data-e-type=\"container\">\n\t\t\t\t<div class=\"elementor-element elementor-element-bcf8d72 elementor-widget elementor-widget-heading\" data-id=\"bcf8d72\" data-element_type=\"widget\" data-e-type=\"widget\" data-widget_type=\"heading.default\">\n\t\t\t\t\t<h2 class=\"elementor-heading-title elementor-size-default\">AVO-F\u00fchrungsr\u00e4der: Pr\u00e4zision, Zuverl\u00e4ssigkeit und Langlebigkeit f\u00fcr jede industrielle Anwendung<\/h2>\t\t\t\t<\/div>\n\t\t\t\t<div class=\"elementor-element elementor-element-761ab9f elementor-widget elementor-widget-text-editor\" data-id=\"761ab9f\" data-element_type=\"widget\" data-e-type=\"widget\" data-widget_type=\"text-editor.default\">\n\t\t\t\t\t\t\t\t\t<p>Die AVO-F\u00fchrungsr\u00e4der sind darauf ausgelegt, in allen industriellen Anwendungen einen pr\u00e4zisen und gleichm\u00e4\u00dfigen Lauf zu gew\u00e4hrleisten und gleichzeitig hohe Verschlei\u00dffestigkeit sowie dauerhaft stabile Leistungswerte zu bieten. Durch die Kombination hochwertiger Materialien und einer kompakten Konstruktion eignen sie sich ideal f\u00fcr F\u00f6rderanlagen, automatisierte Produktionslinien und Handlingsysteme \u2013 auch unter anspruchsvollen Bedingungen oder bei intensiver Dauernutzung.<\/p>\n<p>Die verschiedenen verf\u00fcgbaren Laufbel\u00e4ge \u2013 aus Polyamid, Polyurethan oder Gummi \u2013 sorgen f\u00fcr einen kontrollierten und ger\u00e4uscharmen Betrieb. Optional erh\u00e4ltliche Kugellager oder Gleitlager erm\u00f6glichen eine optimale Anpassung an spezifische Anforderungen, reduzieren Reibung und erh\u00f6hen die Gesamteffizienz des Systems.<\/p>\n\t\t\t\t\t\t\t\t<\/div>\n\t\t\t\t<\/div>\n\t\t<div class=\"elementor-element elementor-element-7fc9202 e-con-full e-flex e-con e-parent\" data-id=\"7fc9202\" data-element_type=\"container\" data-e-type=\"container\">\n\t\t<div class=\"elementor-element elementor-element-fa2a6b3 e-con-full e-flex e-con e-child\" data-id=\"fa2a6b3\" data-element_type=\"container\" data-e-type=\"container\">\n\t\t<div class=\"elementor-element elementor-element-564bfb0 e-con-full e-flex e-con e-child\" data-id=\"564bfb0\" data-element_type=\"container\" data-e-type=\"container\">\n\t\t\t\t<div class=\"elementor-element elementor-element-2ebe14a elementor-widget elementor-widget-heading\" data-id=\"2ebe14a\" data-element_type=\"widget\" data-e-type=\"widget\" data-widget_type=\"heading.default\">\n\t\t\t\t\t<h2 class=\"elementor-heading-title elementor-size-default\">Haupteigenschaften der AVO-F\u00fchrungsr\u00e4der:<\/h2>\t\t\t\t<\/div>\n\t\t\t\t<div class=\"elementor-element elementor-element-081a0ee elementor-widget elementor-widget-text-editor\" data-id=\"081a0ee\" data-element_type=\"widget\" data-e-type=\"widget\" data-widget_type=\"text-editor.default\">\n\t\t\t\t\t\t\t\t\t<ul>\n<li>Breite Auswahl an Laufbel\u00e4gen aus Polyamid, Polyurethan oder Gummi f\u00fcr unterschiedliche Einsatzanforderungen<\/li>\n<li>Kugellager oder Gleitlager zur Reibungsminimierung und f\u00fcr lange Lebensdauer<\/li>\n<li>Kompatibilit\u00e4t mit g\u00e4ngigen F\u00f6rder- und Automationssystemen<\/li>\n<li>Verf\u00fcgbar in verschiedenen Durchmessern, Breiten und Konfigurationen auf Anfrage<\/li>\n<li>Hohe Laufpr\u00e4zision und Seitenstabilit\u00e4t, auch bei hohen Geschwindigkeiten<\/li>\n<\/ul>\n<p>Die Verf\u00fcgbarkeit unterschiedlicher Durchmesser, Breiten und Ausf\u00fchrungen erm\u00f6glicht eine optimale Anpassung an Lastanforderungen, Geschwindigkeit und Einsatzumgebung.<\/p>\n<p>Die hohe Laufgenauigkeit sowie die stabile Seitenf\u00fchrung \u2013 selbst bei hohen Drehzahlen \u2013 machen die AVO-F\u00fchrungsr\u00e4der zu einer zuverl\u00e4ssigen, leistungsstarken und vielseitigen L\u00f6sung f\u00fcr hocheffiziente industrielle Anwendungen.<\/p>\n<p>Alle Ausf\u00fchrungen sind so konstruiert, dass sie mit den wichtigsten F\u00f6rder-, Handlings- und Automationssystemen kompatibel sind und sich problemlos in bestehende Anlagen oder neue Installationen integrieren lassen.<\/p>\n\t\t\t\t\t\t\t\t<\/div>\n\t\t\t\t<\/div>\n\t\t<div class=\"elementor-element elementor-element-3f755b5 e-con-full e-flex e-con e-child\" data-id=\"3f755b5\" data-element_type=\"container\" data-e-type=\"container\">\n\t\t\t\t<div class=\"elementor-element elementor-element-3339c5d elementor-widget elementor-widget-image\" data-id=\"3339c5d\" data-element_type=\"widget\" data-e-type=\"widget\" data-widget_type=\"image.default\">\n\t\t\t\t\t\t\t\t\t\t\t\t\t\t\t\t<a href=\"https:\/\/www.avo.it\/wp-content\/uploads\/2025\/10\/PIASTRELLA-GUIDA-2-1.jpg\" data-elementor-open-lightbox=\"yes\" data-e-action-hash=\"#elementor-action%3Aaction%3Dlightbox%26settings%3DeyJpZCI6MTUzMTQxLCJ1cmwiOiJodHRwczpcL1wvd3d3LmF2by5pdFwvd3AtY29udGVudFwvdXBsb2Fkc1wvMjAyNVwvMTBcL1BJQVNUUkVMTEEtR1VJREEtMi0xLmpwZyJ9\">\n\t\t\t\t\t\t\t<img fetchpriority=\"high\" decoding=\"async\" width=\"2505\" height=\"1300\" src=\"https:\/\/www.avo.it\/wp-content\/uploads\/2025\/10\/PIASTRELLA-GUIDA-2-1.jpg\" class=\"attachment-full size-full wp-image-153141\" alt=\"\" srcset=\"https:\/\/www.avo.it\/wp-content\/uploads\/2025\/10\/PIASTRELLA-GUIDA-2-1.jpg 2505w, https:\/\/www.avo.it\/wp-content\/uploads\/2025\/10\/PIASTRELLA-GUIDA-2-1-300x156.jpg 300w, https:\/\/www.avo.it\/wp-content\/uploads\/2025\/10\/PIASTRELLA-GUIDA-2-1-1024x531.jpg 1024w, https:\/\/www.avo.it\/wp-content\/uploads\/2025\/10\/PIASTRELLA-GUIDA-2-1-768x399.jpg 768w, https:\/\/www.avo.it\/wp-content\/uploads\/2025\/10\/PIASTRELLA-GUIDA-2-1-1536x797.jpg 1536w, https:\/\/www.avo.it\/wp-content\/uploads\/2025\/10\/PIASTRELLA-GUIDA-2-1-2048x1063.jpg 2048w\" sizes=\"(max-width: 2505px) 100vw, 2505px\" \/>\t\t\t\t\t\t\t\t<\/a>\n\t\t\t\t\t\t\t\t\t\t\t\t\t\t\t<\/div>\n\t\t\t\t<div class=\"elementor-element elementor-element-a510bc3 elementor-arrows-position-outside elementor-widget-mobile__width-initial elementor-pagination-position-outside elementor-widget elementor-widget-image-carousel\" data-id=\"a510bc3\" data-element_type=\"widget\" data-e-type=\"widget\" data-settings=\"{&quot;slides_to_show&quot;:&quot;2&quot;,&quot;slides_to_show_mobile&quot;:&quot;1&quot;,&quot;navigation&quot;:&quot;both&quot;,&quot;autoplay&quot;:&quot;yes&quot;,&quot;autoplay_speed&quot;:5000,&quot;infinite&quot;:&quot;yes&quot;,&quot;speed&quot;:500,&quot;image_spacing_custom&quot;:{&quot;unit&quot;:&quot;px&quot;,&quot;size&quot;:20,&quot;sizes&quot;:[]},&quot;image_spacing_custom_tablet&quot;:{&quot;unit&quot;:&quot;px&quot;,&quot;size&quot;:&quot;&quot;,&quot;sizes&quot;:[]}}\" data-widget_type=\"image-carousel.default\">\n\t\t\t\t\t\t\t<div class=\"elementor-image-carousel-wrapper swiper\" role=\"region\" aria-roledescription=\"carousel\" aria-label=\"Carosello supporti molleggiati\" dir=\"ltr\">\n\t\t\t<div class=\"elementor-image-carousel swiper-wrapper\" aria-live=\"off\">\n\t\t\t\t\t\t\t\t<div class=\"swiper-slide\" role=\"group\" aria-roledescription=\"slide\" aria-label=\"1 von 7\"><a data-elementor-open-lightbox=\"yes\" data-elementor-lightbox-slideshow=\"a510bc3\" data-e-action-hash=\"#elementor-action%3Aaction%3Dlightbox%26settings%3DeyJpZCI6MTUyMjYwLCJ1cmwiOiJodHRwczpcL1wvd3d3LmF2by5pdFwvd3AtY29udGVudFwvdXBsb2Fkc1wvMjAyNVwvMDlcLzExLTUuanBnIiwic2xpZGVzaG93IjoiYTUxMGJjMyJ9\" href=\"https:\/\/www.avo.it\/wp-content\/uploads\/2025\/09\/11-5.jpg\"><figure class=\"swiper-slide-inner\"><img decoding=\"async\" class=\"swiper-slide-image\" src=\"https:\/\/www.avo.it\/wp-content\/uploads\/2025\/09\/11-5.jpg\" alt=\"11-5\" \/><\/figure><\/a><\/div><div class=\"swiper-slide\" role=\"group\" aria-roledescription=\"slide\" aria-label=\"2 von 7\"><a data-elementor-open-lightbox=\"yes\" data-elementor-lightbox-slideshow=\"a510bc3\" data-e-action-hash=\"#elementor-action%3Aaction%3Dlightbox%26settings%3DeyJpZCI6MTUzMjUzLCJ1cmwiOiJodHRwczpcL1wvd3d3LmF2by5pdFwvd3AtY29udGVudFwvdXBsb2Fkc1wvMjAyNVwvMTBcL0dVSURBLTMtQklBTkNBLTEuanBnIiwic2xpZGVzaG93IjoiYTUxMGJjMyJ9\" href=\"https:\/\/www.avo.it\/wp-content\/uploads\/2025\/10\/GUIDA-3-BIANCA-1.jpg\"><figure class=\"swiper-slide-inner\"><img decoding=\"async\" class=\"swiper-slide-image\" src=\"https:\/\/www.avo.it\/wp-content\/uploads\/2025\/10\/GUIDA-3-BIANCA-1.jpg\" alt=\"GUIDA 3 BIANCA-1\" \/><\/figure><\/a><\/div><div class=\"swiper-slide\" role=\"group\" aria-roledescription=\"slide\" aria-label=\"3 von 7\"><a data-elementor-open-lightbox=\"yes\" data-elementor-lightbox-slideshow=\"a510bc3\" data-e-action-hash=\"#elementor-action%3Aaction%3Dlightbox%26settings%3DeyJpZCI6MTUzMjU4LCJ1cmwiOiJodHRwczpcL1wvd3d3LmF2by5pdFwvd3AtY29udGVudFwvdXBsb2Fkc1wvMjAyNVwvMTBcL0dVSURBLTMtQklBTkNBLTUuanBnIiwic2xpZGVzaG93IjoiYTUxMGJjMyJ9\" href=\"https:\/\/www.avo.it\/wp-content\/uploads\/2025\/10\/GUIDA-3-BIANCA-5.jpg\"><figure class=\"swiper-slide-inner\"><img decoding=\"async\" class=\"swiper-slide-image\" src=\"https:\/\/www.avo.it\/wp-content\/uploads\/2025\/10\/GUIDA-3-BIANCA-5.jpg\" alt=\"GUIDA 3 BIANCA-5\" \/><\/figure><\/a><\/div><div class=\"swiper-slide\" role=\"group\" aria-roledescription=\"slide\" aria-label=\"4 von 7\"><a data-elementor-open-lightbox=\"yes\" data-elementor-lightbox-slideshow=\"a510bc3\" data-e-action-hash=\"#elementor-action%3Aaction%3Dlightbox%26settings%3DeyJpZCI6MTUzMjYzLCJ1cmwiOiJodHRwczpcL1wvd3d3LmF2by5pdFwvd3AtY29udGVudFwvdXBsb2Fkc1wvMjAyNVwvMTBcL0dVSURBLTEtTkVSQS0xLmpwZyIsInNsaWRlc2hvdyI6ImE1MTBiYzMifQ%3D%3D\" href=\"https:\/\/www.avo.it\/wp-content\/uploads\/2025\/10\/GUIDA-1-NERA-1.jpg\"><figure class=\"swiper-slide-inner\"><img decoding=\"async\" class=\"swiper-slide-image\" src=\"https:\/\/www.avo.it\/wp-content\/uploads\/2025\/10\/GUIDA-1-NERA-1.jpg\" alt=\"GUIDA 1 NERA-1\" \/><\/figure><\/a><\/div><div class=\"swiper-slide\" role=\"group\" aria-roledescription=\"slide\" aria-label=\"5 von 7\"><a data-elementor-open-lightbox=\"yes\" data-elementor-lightbox-slideshow=\"a510bc3\" data-e-action-hash=\"#elementor-action%3Aaction%3Dlightbox%26settings%3DeyJpZCI6MTUzMjY4LCJ1cmwiOiJodHRwczpcL1wvd3d3LmF2by5pdFwvd3AtY29udGVudFwvdXBsb2Fkc1wvMjAyNVwvMTBcL0dVSURBLTEtTkVSQS01LmpwZyIsInNsaWRlc2hvdyI6ImE1MTBiYzMifQ%3D%3D\" href=\"https:\/\/www.avo.it\/wp-content\/uploads\/2025\/10\/GUIDA-1-NERA-5.jpg\"><figure class=\"swiper-slide-inner\"><img decoding=\"async\" class=\"swiper-slide-image\" src=\"https:\/\/www.avo.it\/wp-content\/uploads\/2025\/10\/GUIDA-1-NERA-5.jpg\" alt=\"GUIDA 1 NERA-5\" \/><\/figure><\/a><\/div><div class=\"swiper-slide\" role=\"group\" aria-roledescription=\"slide\" aria-label=\"6 von 7\"><a data-elementor-open-lightbox=\"yes\" data-elementor-lightbox-slideshow=\"a510bc3\" data-e-action-hash=\"#elementor-action%3Aaction%3Dlightbox%26settings%3DeyJpZCI6MTUzMjczLCJ1cmwiOiJodHRwczpcL1wvd3d3LmF2by5pdFwvd3AtY29udGVudFwvdXBsb2Fkc1wvMjAyNVwvMTBcL0dVSURBLTItTUFSUk9ORS0xLmpwZyIsInNsaWRlc2hvdyI6ImE1MTBiYzMifQ%3D%3D\" href=\"https:\/\/www.avo.it\/wp-content\/uploads\/2025\/10\/GUIDA-2-MARRONE-1.jpg\"><figure class=\"swiper-slide-inner\"><img decoding=\"async\" class=\"swiper-slide-image\" src=\"https:\/\/www.avo.it\/wp-content\/uploads\/2025\/10\/GUIDA-2-MARRONE-1.jpg\" alt=\"GUIDA 2 MARRONE-1\" \/><\/figure><\/a><\/div><div class=\"swiper-slide\" role=\"group\" aria-roledescription=\"slide\" aria-label=\"7 von 7\"><a data-elementor-open-lightbox=\"yes\" data-elementor-lightbox-slideshow=\"a510bc3\" data-e-action-hash=\"#elementor-action%3Aaction%3Dlightbox%26settings%3DeyJpZCI6MTUzMjc4LCJ1cmwiOiJodHRwczpcL1wvd3d3LmF2by5pdFwvd3AtY29udGVudFwvdXBsb2Fkc1wvMjAyNVwvMTBcL0dVSURBLTItTUFSUk9ORS01LmpwZyIsInNsaWRlc2hvdyI6ImE1MTBiYzMifQ%3D%3D\" href=\"https:\/\/www.avo.it\/wp-content\/uploads\/2025\/10\/GUIDA-2-MARRONE-5.jpg\"><figure class=\"swiper-slide-inner\"><img decoding=\"async\" class=\"swiper-slide-image\" src=\"https:\/\/www.avo.it\/wp-content\/uploads\/2025\/10\/GUIDA-2-MARRONE-5.jpg\" alt=\"GUIDA 2 MARRONE-5\" \/><\/figure><\/a><\/div>\t\t\t<\/div>\n\t\t\t\t\t\t\t\t\t\t\t\t<div class=\"elementor-swiper-button elementor-swiper-button-prev\" role=\"button\" tabindex=\"0\">\n\t\t\t\t\t\t<svg aria-hidden=\"true\" class=\"e-font-icon-svg e-eicon-chevron-left\" viewBox=\"0 0 1000 1000\" xmlns=\"http:\/\/www.w3.org\/2000\/svg\"><path d=\"M646 125C629 125 613 133 604 142L308 442C296 454 292 471 292 487 292 504 296 521 308 533L604 854C617 867 629 875 646 875 663 875 679 871 692 858 704 846 713 829 713 812 713 796 708 779 692 767L438 487 692 225C700 217 708 204 708 187 708 171 704 154 692 142 675 129 663 125 646 125Z\"><\/path><\/svg>\t\t\t\t\t<\/div>\n\t\t\t\t\t<div class=\"elementor-swiper-button elementor-swiper-button-next\" role=\"button\" tabindex=\"0\">\n\t\t\t\t\t\t<svg aria-hidden=\"true\" class=\"e-font-icon-svg e-eicon-chevron-right\" viewBox=\"0 0 1000 1000\" xmlns=\"http:\/\/www.w3.org\/2000\/svg\"><path d=\"M696 533C708 521 713 504 713 487 713 471 708 454 696 446L400 146C388 133 375 125 354 125 338 125 325 129 313 142 300 154 292 171 292 187 292 204 296 221 308 233L563 492 304 771C292 783 288 800 288 817 288 833 296 850 308 863 321 871 338 875 354 875 371 875 388 867 400 854L696 533Z\"><\/path><\/svg>\t\t\t\t\t<\/div>\n\t\t\t\t\n\t\t\t\t\t\t\t\t\t<div class=\"swiper-pagination\"><\/div>\n\t\t\t\t\t\t\t\t\t<\/div>\n\t\t\t\t\t\t<\/div>\n\t\t<div class=\"elementor-element elementor-element-a051dad e-con-full e-flex e-con e-child\" data-id=\"a051dad\" data-element_type=\"container\" data-e-type=\"container\" data-settings=\"{&quot;background_background&quot;:&quot;classic&quot;}\">\n\t\t\t\t<div class=\"elementor-element elementor-element-5a283a1 elementor-widget elementor-widget-heading\" data-id=\"5a283a1\" data-element_type=\"widget\" data-e-type=\"widget\" data-widget_type=\"heading.default\">\n\t\t\t\t\t<h2 class=\"elementor-heading-title elementor-size-default\">AVO-F\u00fchrungsr\u00e4der<\/h2>\t\t\t\t<\/div>\n\t\t\t\t<\/div>\n\t\t\t\t<\/div>\n\t\t\t\t<\/div>\n\t\t\t\t<\/div>\n\t\t<div class=\"elementor-element elementor-element-9c44684 e-con-full e-flex e-con e-parent\" data-id=\"9c44684\" data-element_type=\"container\" data-e-type=\"container\">\n\t\t<div class=\"elementor-element elementor-element-e185976 e-con-full e-flex e-con e-child\" data-id=\"e185976\" data-element_type=\"container\" data-e-type=\"container\">\n\t\t<div class=\"elementor-element elementor-element-c9fab96 e-con-full e-flex e-con e-child\" data-id=\"c9fab96\" data-element_type=\"container\" data-e-type=\"container\">\n\t\t\t\t<div class=\"elementor-element elementor-element-f75ff5f elementor-widget elementor-widget-text-editor\" data-id=\"f75ff5f\" data-element_type=\"widget\" data-e-type=\"widget\" data-widget_type=\"text-editor.default\">\n\t\t\t\t\t\t\t\t\t<p><strong>F\u00fcr weitere technische Informationen oder eine individuelle Beratung:<\/strong><\/p>\n\t\t\t\t\t\t\t\t<\/div>\n\t\t\t\t<div class=\"elementor-element elementor-element-4f1e16a elementor-position-inline-end elementor-mobile-position-inline-end elementor-view-default elementor-widget elementor-widget-icon-box\" data-id=\"4f1e16a\" data-element_type=\"widget\" data-e-type=\"widget\" data-widget_type=\"icon-box.default\">\n\t\t\t\t\t\t\t<div class=\"elementor-icon-box-wrapper\">\n\n\t\t\t\t\t\t<div class=\"elementor-icon-box-icon\">\n\t\t\t\t<a href=\"https:\/\/www.avo.it\/contatti\/\" title=\"Approfondisci\" class=\"elementor-icon\" tabindex=\"-1\" aria-label=\"Kontaktieren Sie uns\">\n\t\t\t\t<svg xmlns=\"http:\/\/www.w3.org\/2000\/svg\" id=\"Livello_1\" data-name=\"Livello 1\" viewBox=\"0 0 36.78 36.78\"><defs><style>      .cls-1 {        fill: #b3e5fc;      }      .cls-2 {        fill: #21355a;      }    <\/style><\/defs><circle class=\"cls-1\" cx=\"18.39\" cy=\"18.39\" r=\"18.39\"><\/circle><path class=\"cls-2\" d=\"M13.65,26.72l7.81-7.81c.28-.28.28-.77,0-1.04l-7.81-7.81,1.04-1.04,7.81,7.81c.84.84.84,2.3,0,3.13l-7.81,7.81-1.04-1.04Z\"><\/path><\/svg>\t\t\t\t<\/a>\n\t\t\t<\/div>\n\t\t\t\n\t\t\t\t\t\t<div class=\"elementor-icon-box-content\">\n\n\t\t\t\t\t\t\t\t\t<h3 class=\"elementor-icon-box-title\">\n\t\t\t\t\t\t<a href=\"https:\/\/www.avo.it\/contatti\/\" title=\"Approfondisci\" >\n\t\t\t\t\t\t\tKontaktieren Sie uns\t\t\t\t\t\t<\/a>\n\t\t\t\t\t<\/h3>\n\t\t\t\t\n\t\t\t\t\n\t\t\t<\/div>\n\t\t\t\n\t\t<\/div>\n\t\t\t\t\t\t<\/div>\n\t\t\t\t<\/div>\n\t\t\t\t<\/div>\n\t\t\t\t<\/div>\n\t\t\t\t<\/div>\n\t\t","protected":false},"excerpt":{"rendered":"<p>F\u00fchrungsr\u00e4der AVO-F\u00fchrungsr\u00e4der: Pr\u00e4zision, Zuverl\u00e4ssigkeit und Langlebigkeit f\u00fcr jede industrielle Anwendung Die AVO-F\u00fchrungsr\u00e4der sind darauf ausgelegt, in allen industriellen Anwendungen einen pr\u00e4zisen und gleichm\u00e4\u00dfigen Lauf zu gew\u00e4hrleisten und gleichzeitig hohe Verschlei\u00dffestigkeit sowie dauerhaft stabile Leistungswerte zu bieten. Durch die Kombination hochwertiger Materialien und einer kompakten Konstruktion eignen sie sich ideal f\u00fcr F\u00f6rderanlagen, automatisierte Produktionslinien und Handlingsysteme [&hellip;]<\/p>\n","protected":false},"author":2,"featured_media":0,"parent":157371,"menu_order":0,"comment_status":"closed","ping_status":"closed","template":"","meta":{"_acf_changed":false,"footnotes":""},"class_list":["post-157373","page","type-page","status-publish","hentry"],"acf":[],"_links":{"self":[{"href":"https:\/\/www.avo.it\/de\/wp-json\/wp\/v2\/pages\/157373","targetHints":{"allow":["GET"]}}],"collection":[{"href":"https:\/\/www.avo.it\/de\/wp-json\/wp\/v2\/pages"}],"about":[{"href":"https:\/\/www.avo.it\/de\/wp-json\/wp\/v2\/types\/page"}],"author":[{"embeddable":true,"href":"https:\/\/www.avo.it\/de\/wp-json\/wp\/v2\/users\/2"}],"replies":[{"embeddable":true,"href":"https:\/\/www.avo.it\/de\/wp-json\/wp\/v2\/comments?post=157373"}],"version-history":[{"count":1,"href":"https:\/\/www.avo.it\/de\/wp-json\/wp\/v2\/pages\/157373\/revisions"}],"predecessor-version":[{"id":157374,"href":"https:\/\/www.avo.it\/de\/wp-json\/wp\/v2\/pages\/157373\/revisions\/157374"}],"up":[{"embeddable":true,"href":"https:\/\/www.avo.it\/de\/wp-json\/wp\/v2\/pages\/157371"}],"wp:attachment":[{"href":"https:\/\/www.avo.it\/de\/wp-json\/wp\/v2\/media?parent=157373"}],"curies":[{"name":"wp","href":"https:\/\/api.w.org\/{rel}","templated":true}]}}