{"id":157390,"date":"2025-08-11T07:35:50","date_gmt":"2025-08-11T07:35:50","guid":{"rendered":"https:\/\/avo.it\/sonderprojekte\/dreibein-loesungen\/"},"modified":"2026-01-09T14:46:02","modified_gmt":"2026-01-09T14:46:02","slug":"dreibein-loesungen","status":"publish","type":"page","link":"https:\/\/www.avo.it\/de\/sonderprojekte\/dreibein-loesungen\/","title":{"rendered":"Dreibein-L\u00f6sungen"},"content":{"rendered":"\t\t<div data-elementor-type=\"wp-page\" data-elementor-id=\"157390\" class=\"elementor elementor-157390 elementor-149978\" data-elementor-post-type=\"page\">\n\t\t\t\t<div class=\"elementor-element elementor-element-3bfdd92 e-con-full e-flex e-con e-parent\" data-id=\"3bfdd92\" data-element_type=\"container\" data-e-type=\"container\" data-settings=\"{&quot;background_background&quot;:&quot;classic&quot;}\">\n\t\t<div class=\"elementor-element elementor-element-2ef1d14 e-con-full e-flex e-con e-child\" data-id=\"2ef1d14\" data-element_type=\"container\" data-e-type=\"container\" data-settings=\"{&quot;background_background&quot;:&quot;classic&quot;}\">\n\t\t<div class=\"elementor-element elementor-element-223f166 e-con-full e-flex e-con e-child\" data-id=\"223f166\" data-element_type=\"container\" data-e-type=\"container\" data-settings=\"{&quot;background_background&quot;:&quot;classic&quot;}\">\n\t\t\t\t<div class=\"elementor-element elementor-element-d27ee57 elementor-widget elementor-widget-heading\" data-id=\"d27ee57\" data-element_type=\"widget\" data-e-type=\"widget\" data-widget_type=\"heading.default\">\n\t\t\t\t\t<h1 class=\"elementor-heading-title elementor-size-default\">Dreibein <span style=\"color: #B3E5FC\">l\u00f6sungen<\/span><\/h1>\t\t\t\t<\/div>\n\t\t\t\t<\/div>\n\t\t\t\t<\/div>\n\t\t\t\t<\/div>\n\t\t<div class=\"elementor-element elementor-element-f496d88 e-con-full e-flex e-con e-parent\" data-id=\"f496d88\" data-element_type=\"container\" data-e-type=\"container\">\n\t\t\t\t<div class=\"elementor-element elementor-element-1a448e9 elementor-widget elementor-widget-heading\" data-id=\"1a448e9\" data-element_type=\"widget\" data-e-type=\"widget\" data-widget_type=\"heading.default\">\n\t\t\t\t\t<h2 class=\"elementor-heading-title elementor-size-default\">Dreibein mit AVO-Polyurethanr\u00e4dern: Stabilit\u00e4t, Man\u00f6vrierbarkeit und Bodenschutz<\/h2>\t\t\t\t<\/div>\n\t\t\t\t<div class=\"elementor-element elementor-element-a77ee49 elementor-widget elementor-widget-text-editor\" data-id=\"a77ee49\" data-element_type=\"widget\" data-e-type=\"widget\" data-widget_type=\"text-editor.default\">\n\t\t\t\t\t\t\t\t\t<p>Das AVO-Dreibeinsystem mit Polyurethanr\u00e4dern ist eine robuste und vielseitige L\u00f6sung, die entwickelt wurde, um maximale Stabilit\u00e4t auch bei schweren oder ungleichm\u00e4\u00dfig verteilten Lasten zu gew\u00e4hrleisten.<\/p>\n<p>Die spezielle Dreipunktkonstruktion sorgt f\u00fcr gleichm\u00e4\u00dfigen Bodenkontakt und erm\u00f6glicht eine sichere Bewegung, selbst auf leicht unebenen oder nicht vollst\u00e4ndig nivellierten Oberfl\u00e4chen.<\/p>\n<p>Die hochbelastbaren Polyurethanr\u00e4der gew\u00e4hrleisten einen ruhigen, ger\u00e4uscharmen und sicheren Lauf, dank ihrer hohen F\u00e4higkeit, St\u00f6\u00dfe und Vibrationen zu absorbieren. Dieser elastische und verschlei\u00dffeste Werkstoff sch\u00fctzt empfindliche B\u00f6den vor Kratzern und Besch\u00e4digungen und ist daher ideal in industriellen oder logistischen Umgebungen, in denen die Unversehrtheit der Bodenfl\u00e4che entscheidend ist.<\/p>\n\t\t\t\t\t\t\t\t<\/div>\n\t\t\t\t<\/div>\n\t\t<div class=\"elementor-element elementor-element-53bebb0 e-con-full e-flex e-con e-parent\" data-id=\"53bebb0\" data-element_type=\"container\" data-e-type=\"container\">\n\t\t<div class=\"elementor-element elementor-element-d3f4fc4 e-con-full e-flex e-con e-child\" data-id=\"d3f4fc4\" data-element_type=\"container\" data-e-type=\"container\">\n\t\t<div class=\"elementor-element elementor-element-973cf62 e-con-full e-flex e-con e-child\" data-id=\"973cf62\" data-element_type=\"container\" data-e-type=\"container\">\n\t\t\t\t<div class=\"elementor-element elementor-element-5620922 elementor-widget elementor-widget-heading\" data-id=\"5620922\" data-element_type=\"widget\" data-e-type=\"widget\" data-widget_type=\"heading.default\">\n\t\t\t\t\t<h2 class=\"elementor-heading-title elementor-size-default\">Hauptmerkmale:<\/h2>\t\t\t\t<\/div>\n\t\t\t\t<div class=\"elementor-element elementor-element-013a798 elementor-widget elementor-widget-text-editor\" data-id=\"013a798\" data-element_type=\"widget\" data-e-type=\"widget\" data-widget_type=\"text-editor.default\">\n\t\t\t\t\t\t\t\t\t<ul>\n<li>Stabile, selbstnivellierende Konstruktion durch Dreirad-Design<\/li>\n<li>Hochleistungs-Polyurethan, best\u00e4ndig gegen \u00d6le, Fette und chemische Einfl\u00fcsse<\/li>\n<li>Hervorragende Man\u00f6vrierbarkeit auch in engen Bereichen<\/li>\n<li>Bodenschonende, nicht markierende Lauffl\u00e4chen<\/li>\n<li>Verschiedene Raddurchmesser und Tragf\u00e4higkeiten f\u00fcr alle Anwendungsanforderungen verf\u00fcgbar<\/li>\n<\/ul>\n<p>Das Dreibeinsystem mit Polyurethanr\u00e4dern ist eine zuverl\u00e4ssige L\u00f6sung f\u00fcr Anwender, die ein stabiles, bodenschonendes und langlebiges Transportsystem ben\u00f6tigen.<\/p>\n<p>Die sorgf\u00e4ltig ausbalancierte Dreiradkonstruktion erm\u00f6glicht eine nat\u00fcrliche Selbstnivellierung, passt sich Bodenunregelm\u00e4\u00dfigkeiten an und sorgt f\u00fcr eine gleichm\u00e4\u00dfige Lastverteilung. Dadurch werden Schwingungen, Vibrationen und unregelm\u00e4\u00dfiger Reifenverschlei\u00df reduziert, was die Sicherheit bei s\u00e4mtlichen Handhabungsprozessen erh\u00f6ht.<\/p>\n<p>Die Hochleistungs-Polyurethanr\u00e4der bieten ausgezeichnete mechanische Festigkeit sowie Abrieb-, \u00d6l-, Fett- und Chemikalienbest\u00e4ndigkeit. Diese Eigenschaften machen sie ideal f\u00fcr industrielle, logistische und produktionstechnische Einsatzbereiche.<\/p>\n\t\t\t\t\t\t\t\t<\/div>\n\t\t\t\t<\/div>\n\t\t<div class=\"elementor-element elementor-element-e31f73e e-con-full e-flex e-con e-child\" data-id=\"e31f73e\" data-element_type=\"container\" data-e-type=\"container\">\n\t\t\t\t<div class=\"elementor-element elementor-element-6f08902 elementor-widget elementor-widget-image\" data-id=\"6f08902\" data-element_type=\"widget\" data-e-type=\"widget\" data-widget_type=\"image.default\">\n\t\t\t\t\t\t\t\t\t\t\t\t\t\t\t\t<a href=\"https:\/\/www.avo.it\/wp-content\/uploads\/2025\/09\/ANTEPRIMA-tripode.jpg\" data-elementor-open-lightbox=\"yes\" data-e-action-hash=\"#elementor-action%3Aaction%3Dlightbox%26settings%3DeyJpZCI6MTUxNTQzLCJ1cmwiOiJodHRwczpcL1wvd3d3LmF2by5pdFwvd3AtY29udGVudFwvdXBsb2Fkc1wvMjAyNVwvMDlcL0FOVEVQUklNQS10cmlwb2RlLmpwZyJ9\">\n\t\t\t\t\t\t\t<img fetchpriority=\"high\" decoding=\"async\" width=\"2048\" height=\"1244\" src=\"https:\/\/www.avo.it\/wp-content\/uploads\/2025\/09\/ANTEPRIMA-tripode.jpg\" class=\"attachment-full size-full wp-image-151543\" alt=\"\" srcset=\"https:\/\/www.avo.it\/wp-content\/uploads\/2025\/09\/ANTEPRIMA-tripode.jpg 2048w, https:\/\/www.avo.it\/wp-content\/uploads\/2025\/09\/ANTEPRIMA-tripode-300x182.jpg 300w, https:\/\/www.avo.it\/wp-content\/uploads\/2025\/09\/ANTEPRIMA-tripode-1024x622.jpg 1024w, https:\/\/www.avo.it\/wp-content\/uploads\/2025\/09\/ANTEPRIMA-tripode-768x467.jpg 768w, https:\/\/www.avo.it\/wp-content\/uploads\/2025\/09\/ANTEPRIMA-tripode-1536x933.jpg 1536w\" sizes=\"(max-width: 2048px) 100vw, 2048px\" \/>\t\t\t\t\t\t\t\t<\/a>\n\t\t\t\t\t\t\t\t\t\t\t\t\t\t\t<\/div>\n\t\t\t\t<div class=\"elementor-element elementor-element-408f0ac elementor-arrows-position-outside elementor-widget-mobile__width-initial elementor-pagination-position-outside elementor-widget elementor-widget-image-carousel\" data-id=\"408f0ac\" data-element_type=\"widget\" data-e-type=\"widget\" data-settings=\"{&quot;slides_to_show&quot;:&quot;2&quot;,&quot;slides_to_show_mobile&quot;:&quot;1&quot;,&quot;navigation&quot;:&quot;both&quot;,&quot;autoplay&quot;:&quot;yes&quot;,&quot;autoplay_speed&quot;:5000,&quot;infinite&quot;:&quot;yes&quot;,&quot;speed&quot;:500,&quot;image_spacing_custom&quot;:{&quot;unit&quot;:&quot;px&quot;,&quot;size&quot;:20,&quot;sizes&quot;:[]},&quot;image_spacing_custom_tablet&quot;:{&quot;unit&quot;:&quot;px&quot;,&quot;size&quot;:&quot;&quot;,&quot;sizes&quot;:[]}}\" data-widget_type=\"image-carousel.default\">\n\t\t\t\t\t\t\t<div class=\"elementor-image-carousel-wrapper swiper\" role=\"region\" aria-roledescription=\"carousel\" aria-label=\"Carosello supporti molleggiati\" dir=\"ltr\">\n\t\t\t<div class=\"elementor-image-carousel swiper-wrapper\" aria-live=\"off\">\n\t\t\t\t\t\t\t\t<div class=\"swiper-slide\" role=\"group\" aria-roledescription=\"slide\" aria-label=\"1 von 7\"><a data-elementor-open-lightbox=\"yes\" data-elementor-lightbox-slideshow=\"408f0ac\" data-e-action-hash=\"#elementor-action%3Aaction%3Dlightbox%26settings%3DeyJpZCI6MTUxNDk1LCJ1cmwiOiJodHRwczpcL1wvd3d3LmF2by5pdFwvd3AtY29udGVudFwvdXBsb2Fkc1wvMjAyNVwvMDlcL01BUkdIRVJJVEEtMUJJUy0zLmpwZyIsInNsaWRlc2hvdyI6IjQwOGYwYWMifQ%3D%3D\" href=\"https:\/\/www.avo.it\/wp-content\/uploads\/2025\/09\/MARGHERITA-1BIS-3.jpg\"><figure class=\"swiper-slide-inner\"><img decoding=\"async\" class=\"swiper-slide-image\" src=\"https:\/\/www.avo.it\/wp-content\/uploads\/2025\/09\/MARGHERITA-1BIS-3.jpg\" alt=\"MARGHERITA 1BIS-3\" \/><\/figure><\/a><\/div><div class=\"swiper-slide\" role=\"group\" aria-roledescription=\"slide\" aria-label=\"2 von 7\"><a data-elementor-open-lightbox=\"yes\" data-elementor-lightbox-slideshow=\"408f0ac\" data-e-action-hash=\"#elementor-action%3Aaction%3Dlightbox%26settings%3DeyJpZCI6MTUxNTA1LCJ1cmwiOiJodHRwczpcL1wvd3d3LmF2by5pdFwvd3AtY29udGVudFwvdXBsb2Fkc1wvMjAyNVwvMDlcL01BUkdIRVJJVEEtMUJJUy01LmpwZyIsInNsaWRlc2hvdyI6IjQwOGYwYWMifQ%3D%3D\" href=\"https:\/\/www.avo.it\/wp-content\/uploads\/2025\/09\/MARGHERITA-1BIS-5.jpg\"><figure class=\"swiper-slide-inner\"><img decoding=\"async\" class=\"swiper-slide-image\" src=\"https:\/\/www.avo.it\/wp-content\/uploads\/2025\/09\/MARGHERITA-1BIS-5.jpg\" alt=\"MARGHERITA 1BIS-5\" \/><\/figure><\/a><\/div><div class=\"swiper-slide\" role=\"group\" aria-roledescription=\"slide\" aria-label=\"3 von 7\"><a data-elementor-open-lightbox=\"yes\" data-elementor-lightbox-slideshow=\"408f0ac\" data-e-action-hash=\"#elementor-action%3Aaction%3Dlightbox%26settings%3DeyJpZCI6MTUxNTEwLCJ1cmwiOiJodHRwczpcL1wvd3d3LmF2by5pdFwvd3AtY29udGVudFwvdXBsb2Fkc1wvMjAyNVwvMDlcL01BUkdIRVJJVEEtMUJJUy03LmpwZyIsInNsaWRlc2hvdyI6IjQwOGYwYWMifQ%3D%3D\" href=\"https:\/\/www.avo.it\/wp-content\/uploads\/2025\/09\/MARGHERITA-1BIS-7.jpg\"><figure class=\"swiper-slide-inner\"><img decoding=\"async\" class=\"swiper-slide-image\" src=\"https:\/\/www.avo.it\/wp-content\/uploads\/2025\/09\/MARGHERITA-1BIS-7.jpg\" alt=\"MARGHERITA 1BIS-7\" \/><\/figure><\/a><\/div><div class=\"swiper-slide\" role=\"group\" aria-roledescription=\"slide\" aria-label=\"4 von 7\"><a data-elementor-open-lightbox=\"yes\" data-elementor-lightbox-slideshow=\"408f0ac\" data-e-action-hash=\"#elementor-action%3Aaction%3Dlightbox%26settings%3DeyJpZCI6MTUxNTE1LCJ1cmwiOiJodHRwczpcL1wvd3d3LmF2by5pdFwvd3AtY29udGVudFwvdXBsb2Fkc1wvMjAyNVwvMDlcL01BUkdIRVJJVEEtMi0xLmpwZyIsInNsaWRlc2hvdyI6IjQwOGYwYWMifQ%3D%3D\" href=\"https:\/\/www.avo.it\/wp-content\/uploads\/2025\/09\/MARGHERITA-2-1.jpg\"><figure class=\"swiper-slide-inner\"><img decoding=\"async\" class=\"swiper-slide-image\" src=\"https:\/\/www.avo.it\/wp-content\/uploads\/2025\/09\/MARGHERITA-2-1.jpg\" alt=\"MARGHERITA 2-1\" \/><\/figure><\/a><\/div><div class=\"swiper-slide\" role=\"group\" aria-roledescription=\"slide\" aria-label=\"5 von 7\"><a data-elementor-open-lightbox=\"yes\" data-elementor-lightbox-slideshow=\"408f0ac\" data-e-action-hash=\"#elementor-action%3Aaction%3Dlightbox%26settings%3DeyJpZCI6MTUxNTI1LCJ1cmwiOiJodHRwczpcL1wvd3d3LmF2by5pdFwvd3AtY29udGVudFwvdXBsb2Fkc1wvMjAyNVwvMDlcL01BUkdIRVJJVEEtMi00LmpwZyIsInNsaWRlc2hvdyI6IjQwOGYwYWMifQ%3D%3D\" href=\"https:\/\/www.avo.it\/wp-content\/uploads\/2025\/09\/MARGHERITA-2-4.jpg\"><figure class=\"swiper-slide-inner\"><img decoding=\"async\" class=\"swiper-slide-image\" src=\"https:\/\/www.avo.it\/wp-content\/uploads\/2025\/09\/MARGHERITA-2-4.jpg\" alt=\"MARGHERITA 2-4\" \/><\/figure><\/a><\/div><div class=\"swiper-slide\" role=\"group\" aria-roledescription=\"slide\" aria-label=\"6 von 7\"><a data-elementor-open-lightbox=\"yes\" data-elementor-lightbox-slideshow=\"408f0ac\" data-e-action-hash=\"#elementor-action%3Aaction%3Dlightbox%26settings%3DeyJpZCI6MTUxNTMwLCJ1cmwiOiJodHRwczpcL1wvd3d3LmF2by5pdFwvd3AtY29udGVudFwvdXBsb2Fkc1wvMjAyNVwvMDlcL01BUkdIRVJJVEEtMi01LmpwZyIsInNsaWRlc2hvdyI6IjQwOGYwYWMifQ%3D%3D\" href=\"https:\/\/www.avo.it\/wp-content\/uploads\/2025\/09\/MARGHERITA-2-5.jpg\"><figure class=\"swiper-slide-inner\"><img decoding=\"async\" class=\"swiper-slide-image\" src=\"https:\/\/www.avo.it\/wp-content\/uploads\/2025\/09\/MARGHERITA-2-5.jpg\" alt=\"MARGHERITA 2-5\" \/><\/figure><\/a><\/div><div class=\"swiper-slide\" role=\"group\" aria-roledescription=\"slide\" aria-label=\"7 von 7\"><a data-elementor-open-lightbox=\"yes\" data-elementor-lightbox-slideshow=\"408f0ac\" data-e-action-hash=\"#elementor-action%3Aaction%3Dlightbox%26settings%3DeyJpZCI6MTUxNTM1LCJ1cmwiOiJodHRwczpcL1wvd3d3LmF2by5pdFwvd3AtY29udGVudFwvdXBsb2Fkc1wvMjAyNVwvMDlcL01BUkdIRVJJVEEtMi03LmpwZyIsInNsaWRlc2hvdyI6IjQwOGYwYWMifQ%3D%3D\" href=\"https:\/\/www.avo.it\/wp-content\/uploads\/2025\/09\/MARGHERITA-2-7.jpg\"><figure class=\"swiper-slide-inner\"><img decoding=\"async\" class=\"swiper-slide-image\" src=\"https:\/\/www.avo.it\/wp-content\/uploads\/2025\/09\/MARGHERITA-2-7.jpg\" alt=\"MARGHERITA 2-7\" \/><\/figure><\/a><\/div>\t\t\t<\/div>\n\t\t\t\t\t\t\t\t\t\t\t\t<div class=\"elementor-swiper-button elementor-swiper-button-prev\" role=\"button\" tabindex=\"0\">\n\t\t\t\t\t\t<svg aria-hidden=\"true\" class=\"e-font-icon-svg e-eicon-chevron-left\" viewBox=\"0 0 1000 1000\" xmlns=\"http:\/\/www.w3.org\/2000\/svg\"><path d=\"M646 125C629 125 613 133 604 142L308 442C296 454 292 471 292 487 292 504 296 521 308 533L604 854C617 867 629 875 646 875 663 875 679 871 692 858 704 846 713 829 713 812 713 796 708 779 692 767L438 487 692 225C700 217 708 204 708 187 708 171 704 154 692 142 675 129 663 125 646 125Z\"><\/path><\/svg>\t\t\t\t\t<\/div>\n\t\t\t\t\t<div class=\"elementor-swiper-button elementor-swiper-button-next\" role=\"button\" tabindex=\"0\">\n\t\t\t\t\t\t<svg aria-hidden=\"true\" class=\"e-font-icon-svg e-eicon-chevron-right\" viewBox=\"0 0 1000 1000\" xmlns=\"http:\/\/www.w3.org\/2000\/svg\"><path d=\"M696 533C708 521 713 504 713 487 713 471 708 454 696 446L400 146C388 133 375 125 354 125 338 125 325 129 313 142 300 154 292 171 292 187 292 204 296 221 308 233L563 492 304 771C292 783 288 800 288 817 288 833 296 850 308 863 321 871 338 875 354 875 371 875 388 867 400 854L696 533Z\"><\/path><\/svg>\t\t\t\t\t<\/div>\n\t\t\t\t\n\t\t\t\t\t\t\t\t\t<div class=\"swiper-pagination\"><\/div>\n\t\t\t\t\t\t\t\t\t<\/div>\n\t\t\t\t\t\t<\/div>\n\t\t<div class=\"elementor-element elementor-element-016759d e-con-full e-flex e-con e-child\" data-id=\"016759d\" data-element_type=\"container\" data-e-type=\"container\" data-settings=\"{&quot;background_background&quot;:&quot;classic&quot;}\">\n\t\t\t\t<div class=\"elementor-element elementor-element-47047a9 elementor-widget elementor-widget-heading\" data-id=\"47047a9\" data-element_type=\"widget\" data-e-type=\"widget\" data-widget_type=\"heading.default\">\n\t\t\t\t\t<h2 class=\"elementor-heading-title elementor-size-default\">Vorschau Dreibeinl\u00f6sungen<\/h2>\t\t\t\t<\/div>\n\t\t\t\t<\/div>\n\t\t\t\t<\/div>\n\t\t\t\t<\/div>\n\t\t\t\t<\/div>\n\t\t<div class=\"elementor-element elementor-element-37e4a66 e-con-full e-flex e-con e-parent\" data-id=\"37e4a66\" data-element_type=\"container\" data-e-type=\"container\">\n\t\t<div class=\"elementor-element elementor-element-f0f5766 e-con-full e-flex e-con e-child\" data-id=\"f0f5766\" data-element_type=\"container\" data-e-type=\"container\">\n\t\t\t\t<div class=\"elementor-element elementor-element-599849f elementor-widget elementor-widget-text-editor\" data-id=\"599849f\" data-element_type=\"widget\" data-e-type=\"widget\" data-widget_type=\"text-editor.default\">\n\t\t\t\t\t\t\t\t\t<p><strong>F\u00fcr weitere technische Informationen oder eine individuelle Beratung:<\/strong><\/p>\n\t\t\t\t\t\t\t\t<\/div>\n\t\t\t\t<div class=\"elementor-element elementor-element-d6dc38a elementor-position-inline-end elementor-mobile-position-inline-end elementor-view-default elementor-widget elementor-widget-icon-box\" data-id=\"d6dc38a\" data-element_type=\"widget\" data-e-type=\"widget\" data-widget_type=\"icon-box.default\">\n\t\t\t\t\t\t\t<div class=\"elementor-icon-box-wrapper\">\n\n\t\t\t\t\t\t<div class=\"elementor-icon-box-icon\">\n\t\t\t\t<a href=\"https:\/\/www.avo.it\/contatti\/\" title=\"Approfondisci\" class=\"elementor-icon\" tabindex=\"-1\" aria-label=\"Kontaktieren Sie uns\">\n\t\t\t\t<svg xmlns=\"http:\/\/www.w3.org\/2000\/svg\" id=\"Livello_1\" data-name=\"Livello 1\" viewBox=\"0 0 36.78 36.78\"><defs><style>      .cls-1 {        fill: #b3e5fc;      }      .cls-2 {        fill: #21355a;      }    <\/style><\/defs><circle class=\"cls-1\" cx=\"18.39\" cy=\"18.39\" r=\"18.39\"><\/circle><path class=\"cls-2\" d=\"M13.65,26.72l7.81-7.81c.28-.28.28-.77,0-1.04l-7.81-7.81,1.04-1.04,7.81,7.81c.84.84.84,2.3,0,3.13l-7.81,7.81-1.04-1.04Z\"><\/path><\/svg>\t\t\t\t<\/a>\n\t\t\t<\/div>\n\t\t\t\n\t\t\t\t\t\t<div class=\"elementor-icon-box-content\">\n\n\t\t\t\t\t\t\t\t\t<h3 class=\"elementor-icon-box-title\">\n\t\t\t\t\t\t<a href=\"https:\/\/www.avo.it\/contatti\/\" title=\"Approfondisci\" >\n\t\t\t\t\t\t\tKontaktieren Sie uns\t\t\t\t\t\t<\/a>\n\t\t\t\t\t<\/h3>\n\t\t\t\t\n\t\t\t\t\n\t\t\t<\/div>\n\t\t\t\n\t\t<\/div>\n\t\t\t\t\t\t<\/div>\n\t\t\t\t<\/div>\n\t\t\t\t<\/div>\n\t\t\t\t<\/div>\n\t\t","protected":false},"excerpt":{"rendered":"<p>Dreibein l\u00f6sungen Dreibein mit AVO-Polyurethanr\u00e4dern: Stabilit\u00e4t, Man\u00f6vrierbarkeit und Bodenschutz Das AVO-Dreibeinsystem mit Polyurethanr\u00e4dern ist eine robuste und vielseitige L\u00f6sung, die entwickelt wurde, um maximale Stabilit\u00e4t auch bei schweren oder ungleichm\u00e4\u00dfig verteilten Lasten zu gew\u00e4hrleisten. Die spezielle Dreipunktkonstruktion sorgt f\u00fcr gleichm\u00e4\u00dfigen Bodenkontakt und erm\u00f6glicht eine sichere Bewegung, selbst auf leicht unebenen oder nicht vollst\u00e4ndig nivellierten Oberfl\u00e4chen. [&hellip;]<\/p>\n","protected":false},"author":2,"featured_media":0,"parent":157371,"menu_order":0,"comment_status":"closed","ping_status":"closed","template":"","meta":{"_acf_changed":false,"footnotes":""},"class_list":["post-157390","page","type-page","status-publish","hentry"],"acf":[],"_links":{"self":[{"href":"https:\/\/www.avo.it\/de\/wp-json\/wp\/v2\/pages\/157390","targetHints":{"allow":["GET"]}}],"collection":[{"href":"https:\/\/www.avo.it\/de\/wp-json\/wp\/v2\/pages"}],"about":[{"href":"https:\/\/www.avo.it\/de\/wp-json\/wp\/v2\/types\/page"}],"author":[{"embeddable":true,"href":"https:\/\/www.avo.it\/de\/wp-json\/wp\/v2\/users\/2"}],"replies":[{"embeddable":true,"href":"https:\/\/www.avo.it\/de\/wp-json\/wp\/v2\/comments?post=157390"}],"version-history":[{"count":1,"href":"https:\/\/www.avo.it\/de\/wp-json\/wp\/v2\/pages\/157390\/revisions"}],"predecessor-version":[{"id":157391,"href":"https:\/\/www.avo.it\/de\/wp-json\/wp\/v2\/pages\/157390\/revisions\/157391"}],"up":[{"embeddable":true,"href":"https:\/\/www.avo.it\/de\/wp-json\/wp\/v2\/pages\/157371"}],"wp:attachment":[{"href":"https:\/\/www.avo.it\/de\/wp-json\/wp\/v2\/media?parent=157390"}],"curies":[{"name":"wp","href":"https:\/\/api.w.org\/{rel}","templated":true}]}}