{"id":157394,"date":"2025-08-11T07:51:46","date_gmt":"2025-08-11T07:51:46","guid":{"rendered":"https:\/\/avo.it\/sonderprojekte\/vulkollan-raeder\/"},"modified":"2026-01-09T14:55:25","modified_gmt":"2026-01-09T14:55:25","slug":"vulkollan-raeder","status":"publish","type":"page","link":"https:\/\/www.avo.it\/de\/sonderprojekte\/vulkollan-raeder\/","title":{"rendered":"Vulkollan\u00ae-R\u00e4der"},"content":{"rendered":"\t\t<div data-elementor-type=\"wp-page\" data-elementor-id=\"157394\" class=\"elementor elementor-157394 elementor-149992\" data-elementor-post-type=\"page\">\n\t\t\t\t<div class=\"elementor-element elementor-element-4e47212 e-con-full e-flex e-con e-parent\" data-id=\"4e47212\" data-element_type=\"container\" data-e-type=\"container\" data-settings=\"{&quot;background_background&quot;:&quot;classic&quot;}\">\n\t\t<div class=\"elementor-element elementor-element-1cc2e3a e-con-full e-flex e-con e-child\" data-id=\"1cc2e3a\" data-element_type=\"container\" data-e-type=\"container\" data-settings=\"{&quot;background_background&quot;:&quot;classic&quot;}\">\n\t\t<div class=\"elementor-element elementor-element-6ce81c7 e-con-full e-flex e-con e-child\" data-id=\"6ce81c7\" data-element_type=\"container\" data-e-type=\"container\" data-settings=\"{&quot;background_background&quot;:&quot;classic&quot;}\">\n\t\t\t\t<div class=\"elementor-element elementor-element-f0c50af elementor-widget elementor-widget-heading\" data-id=\"f0c50af\" data-element_type=\"widget\" data-e-type=\"widget\" data-widget_type=\"heading.default\">\n\t\t\t\t\t<h1 class=\"elementor-heading-title elementor-size-default\">Vulkollan\u00ae <span style=\"color: #B3E5FC\">r\u00e4der<\/span><\/h1>\t\t\t\t<\/div>\n\t\t\t\t<\/div>\n\t\t\t\t<\/div>\n\t\t\t\t<\/div>\n\t\t<div class=\"elementor-element elementor-element-5edc49f e-con-full e-flex e-con e-parent\" data-id=\"5edc49f\" data-element_type=\"container\" data-e-type=\"container\">\n\t\t\t\t<div class=\"elementor-element elementor-element-d333f13 elementor-widget elementor-widget-heading\" data-id=\"d333f13\" data-element_type=\"widget\" data-e-type=\"widget\" data-widget_type=\"heading.default\">\n\t\t\t\t\t<h2 class=\"elementor-heading-title elementor-size-default\">Vulkollan\u00ae-R\u00e4der: H\u00f6chstleistung f\u00fcr anspruchsvollste Industrieanwendungen<\/h2>\t\t\t\t<\/div>\n\t\t\t\t<div class=\"elementor-element elementor-element-d77a42b elementor-widget elementor-widget-text-editor\" data-id=\"d77a42b\" data-element_type=\"widget\" data-e-type=\"widget\" data-widget_type=\"text-editor.default\">\n\t\t\t\t\t\t\t\t\t<p>Vulkollan\u00ae-R\u00e4der sind die ideale L\u00f6sung f\u00fcr hochintensive industrielle Anwendungen, die eine gro\u00dfe Tragf\u00e4higkeit, extreme Verschlei\u00dffestigkeit und hervorragende dynamische Leistungswerte erfordern.<br \/>Hergestellt aus einem auf Desmodur\u00ae basierenden Polyurethan-Elastomer, kombinieren diese R\u00e4der hohe Belastbarkeit, Elastizit\u00e4t und au\u00dfergew\u00f6hnliche mechanische Festigkeit.<\/p>\n<p>Vulkollan\u00ae zeichnet sich durch seine au\u00dfergew\u00f6hnliche Schnitt-, Rei\u00df- und dynamische Erm\u00fcdungsbest\u00e4ndigkeit aus und eignet sich daher optimal f\u00fcr Dauerbetrieb, intensive Arbeitszyklen und anspruchsvolle Betriebsbedingungen \u2013 auch bei Kontakt mit \u00d6len, Fetten und chemischen Substanzen.<\/p>\n\t\t\t\t\t\t\t\t<\/div>\n\t\t\t\t<\/div>\n\t\t<div class=\"elementor-element elementor-element-3ef2e97 e-con-full e-flex e-con e-parent\" data-id=\"3ef2e97\" data-element_type=\"container\" data-e-type=\"container\">\n\t\t<div class=\"elementor-element elementor-element-af431f8 e-con-full e-flex e-con e-child\" data-id=\"af431f8\" data-element_type=\"container\" data-e-type=\"container\">\n\t\t<div class=\"elementor-element elementor-element-14f8026 e-con-full e-flex e-con e-child\" data-id=\"14f8026\" data-element_type=\"container\" data-e-type=\"container\">\n\t\t\t\t<div class=\"elementor-element elementor-element-2c9de40 elementor-widget elementor-widget-heading\" data-id=\"2c9de40\" data-element_type=\"widget\" data-e-type=\"widget\" data-widget_type=\"heading.default\">\n\t\t\t\t\t<h2 class=\"elementor-heading-title elementor-size-default\">Hauptvorteile von Vulkollan\u00ae-R\u00e4dern:<\/h2>\t\t\t\t<\/div>\n\t\t\t\t<div class=\"elementor-element elementor-element-352ba81 elementor-widget elementor-widget-text-editor\" data-id=\"352ba81\" data-element_type=\"widget\" data-e-type=\"widget\" data-widget_type=\"text-editor.default\">\n\t\t\t\t\t\t\t\t\t<ul>\n<li>Sehr hohe dynamische Tragf\u00e4higkeit bei minimaler Verformung<\/li>\n<li>Maximale Bodenhaftung und Traktion, auch auf glatten oder geneigten Fl\u00e4chen<\/li>\n<li>Geringer Rollwiderstand f\u00fcr hohe Energieeffizienz<\/li>\n<li>Hervorragende Verschlei\u00dffestigkeit und lange Lebensdauer selbst unter schwierigen Bedingungen<\/li>\n<li>Hohe Elastizit\u00e4t f\u00fcr gute Vibrationsd\u00e4mpfung und besonders ruhigen Lauf<\/li>\n<\/ul>\n\t\t\t\t\t\t\t\t<\/div>\n\t\t\t\t<div class=\"elementor-element elementor-element-3fbb79a elementor-widget elementor-widget-text-editor\" data-id=\"3fbb79a\" data-element_type=\"widget\" data-e-type=\"widget\" data-widget_type=\"text-editor.default\">\n\t\t\t\t\t\t\t\t\t<p>Verf\u00fcgbar in verschiedenen Geh\u00e4useausf\u00fchrungen (Bock, Lenk, mit Bremse) und Raddurchmessern erf\u00fcllen Vulkollan\u00ae-L\u00f6sungen zuverl\u00e4ssig die Anforderungen der F\u00f6rdertechnik im Automotive- und Logistiksektor, im Werkzeugmaschinenbau, in der Robotik und in der industriellen Automatisierung.<\/p>\n<p>Sie finden breite Anwendung in automatisierten Transportsystemen wie AGV und AMR, wo die hohe Formstabilit\u00e4t, der geringe Rollwiderstand und die kontrollierte Bodenhaftung selbst bei hohen Geschwindigkeiten eine sichere und pr\u00e4zise Bewegung gew\u00e4hrleisten. Auch in Gabelstaplern, Regalbedienger\u00e4ten und automatisierten Lagereinrichtungen bietet Vulkollan\u00ae durch seine Kombination aus mechanischer Festigkeit und Vibrationsd\u00e4mpfung einen ger\u00e4uscharmen Betrieb ohne vorzeitigen Verschlei\u00df.<\/p>\n<p>Vulkollan\u00ae wird zudem in industriellen Maschinen, Fertigungslinien, Montageanlagen und Pr\u00e4zisionsrobotern eingesetzt, wo ein Werkstoff erforderlich ist, der auch unter kontinuierlicher Belastung, dynamischen Lastwechseln und wechselnden Temperaturen dauerhaft stabile Leistungswerte liefert.<br \/>Die einzigartige Kombination aus Elastizit\u00e4t und Robustheit macht Vulkollan\u00ae zu einem Referenzmaterial f\u00fcr alle Branchen, die kontinuierliche Bewegungsabl\u00e4ufe, hohe Pr\u00e4zision, Zuverl\u00e4ssigkeit und lange Lebensdauer erfordern.<\/p>\n<p>Setzen Sie auf Vulkollan\u00ae-L\u00f6sungen, um langfristige Betriebssicherheit, Effizienz und maximale Leistungsf\u00e4higkeit sicherzustellen.<\/p>\n\t\t\t\t\t\t\t\t<\/div>\n\t\t\t\t<\/div>\n\t\t<div class=\"elementor-element elementor-element-7f4ba8d e-con-full e-flex e-con e-child\" data-id=\"7f4ba8d\" data-element_type=\"container\" data-e-type=\"container\">\n\t\t\t\t<div class=\"elementor-element elementor-element-bcb37e5 elementor-widget elementor-widget-image\" data-id=\"bcb37e5\" data-element_type=\"widget\" data-e-type=\"widget\" data-widget_type=\"image.default\">\n\t\t\t\t\t\t\t\t\t\t\t\t\t\t\t\t<a href=\"https:\/\/www.avo.it\/wp-content\/uploads\/2025\/10\/PIASTRELLA-VULKOLLAN-3-1.jpg\" data-elementor-open-lightbox=\"yes\" data-e-action-hash=\"#elementor-action%3Aaction%3Dlightbox%26settings%3DeyJpZCI6MTUyNjg1LCJ1cmwiOiJodHRwczpcL1wvd3d3LmF2by5pdFwvd3AtY29udGVudFwvdXBsb2Fkc1wvMjAyNVwvMTBcL1BJQVNUUkVMTEEtVlVMS09MTEFOLTMtMS5qcGcifQ%3D%3D\">\n\t\t\t\t\t\t\t<img fetchpriority=\"high\" decoding=\"async\" width=\"2505\" height=\"1300\" src=\"https:\/\/www.avo.it\/wp-content\/uploads\/2025\/10\/PIASTRELLA-VULKOLLAN-3-1.jpg\" class=\"attachment-full size-full wp-image-152685\" alt=\"\" srcset=\"https:\/\/www.avo.it\/wp-content\/uploads\/2025\/10\/PIASTRELLA-VULKOLLAN-3-1.jpg 2505w, https:\/\/www.avo.it\/wp-content\/uploads\/2025\/10\/PIASTRELLA-VULKOLLAN-3-1-300x156.jpg 300w, https:\/\/www.avo.it\/wp-content\/uploads\/2025\/10\/PIASTRELLA-VULKOLLAN-3-1-1024x531.jpg 1024w, https:\/\/www.avo.it\/wp-content\/uploads\/2025\/10\/PIASTRELLA-VULKOLLAN-3-1-768x399.jpg 768w, https:\/\/www.avo.it\/wp-content\/uploads\/2025\/10\/PIASTRELLA-VULKOLLAN-3-1-1536x797.jpg 1536w, https:\/\/www.avo.it\/wp-content\/uploads\/2025\/10\/PIASTRELLA-VULKOLLAN-3-1-2048x1063.jpg 2048w\" sizes=\"(max-width: 2505px) 100vw, 2505px\" \/>\t\t\t\t\t\t\t\t<\/a>\n\t\t\t\t\t\t\t\t\t\t\t\t\t\t\t<\/div>\n\t\t\t\t<div class=\"elementor-element elementor-element-20ef4b9 elementor-arrows-position-outside elementor-widget-mobile__width-initial elementor-pagination-position-outside elementor-widget elementor-widget-image-carousel\" data-id=\"20ef4b9\" data-element_type=\"widget\" data-e-type=\"widget\" data-settings=\"{&quot;slides_to_show&quot;:&quot;2&quot;,&quot;speed&quot;:624,&quot;slides_to_show_mobile&quot;:&quot;1&quot;,&quot;navigation&quot;:&quot;both&quot;,&quot;autoplay&quot;:&quot;yes&quot;,&quot;autoplay_speed&quot;:5000,&quot;infinite&quot;:&quot;yes&quot;,&quot;image_spacing_custom&quot;:{&quot;unit&quot;:&quot;px&quot;,&quot;size&quot;:20,&quot;sizes&quot;:[]},&quot;image_spacing_custom_tablet&quot;:{&quot;unit&quot;:&quot;px&quot;,&quot;size&quot;:&quot;&quot;,&quot;sizes&quot;:[]}}\" data-widget_type=\"image-carousel.default\">\n\t\t\t\t\t\t\t<div class=\"elementor-image-carousel-wrapper swiper\" role=\"region\" aria-roledescription=\"carousel\" aria-label=\"Carosello Volkollan\" dir=\"ltr\">\n\t\t\t<div class=\"elementor-image-carousel swiper-wrapper swiper-image-stretch\" aria-live=\"off\">\n\t\t\t\t\t\t\t\t<div class=\"swiper-slide\" role=\"group\" aria-roledescription=\"slide\" aria-label=\"1 von 6\"><a data-elementor-open-lightbox=\"yes\" data-elementor-lightbox-slideshow=\"20ef4b9\" data-e-action-hash=\"#elementor-action%3Aaction%3Dlightbox%26settings%3DeyJpZCI6MTUwMDAwLCJ1cmwiOiJodHRwczpcL1wvd3d3LmF2by5pdFwvd3AtY29udGVudFwvdXBsb2Fkc1wvMjAyNVwvMDhcL0FWTy12dWxrb2xsYW4tMThBLU5SLTEuanBnIiwic2xpZGVzaG93IjoiMjBlZjRiOSJ9\" href=\"https:\/\/www.avo.it\/wp-content\/uploads\/2025\/08\/AVO-vulkollan-18A-NR-1.jpg\"><figure class=\"swiper-slide-inner\"><img decoding=\"async\" class=\"swiper-slide-image\" src=\"https:\/\/www.avo.it\/wp-content\/uploads\/2025\/08\/AVO-vulkollan-18A-NR-1.jpg\" alt=\"AVO-vulkollan 18A NR-1\" \/><\/figure><\/a><\/div><div class=\"swiper-slide\" role=\"group\" aria-roledescription=\"slide\" aria-label=\"2 von 6\"><a data-elementor-open-lightbox=\"yes\" data-elementor-lightbox-slideshow=\"20ef4b9\" data-e-action-hash=\"#elementor-action%3Aaction%3Dlightbox%26settings%3DeyJpZCI6MTUwMDA1LCJ1cmwiOiJodHRwczpcL1wvd3d3LmF2by5pdFwvd3AtY29udGVudFwvdXBsb2Fkc1wvMjAyNVwvMDhcL0FWTy12dWxrb2xsYW4tMThBLU5SLTUuanBnLmpwZyIsInNsaWRlc2hvdyI6IjIwZWY0YjkifQ%3D%3D\" href=\"https:\/\/www.avo.it\/wp-content\/uploads\/2025\/08\/AVO-vulkollan-18A-NR-5.jpg.jpg\"><figure class=\"swiper-slide-inner\"><img decoding=\"async\" class=\"swiper-slide-image\" src=\"https:\/\/www.avo.it\/wp-content\/uploads\/2025\/08\/AVO-vulkollan-18A-NR-5.jpg.jpg\" alt=\"AVO-vulkollan 18A NR-5.jpg\" \/><\/figure><\/a><\/div><div class=\"swiper-slide\" role=\"group\" aria-roledescription=\"slide\" aria-label=\"3 von 6\"><a data-elementor-open-lightbox=\"yes\" data-elementor-lightbox-slideshow=\"20ef4b9\" data-e-action-hash=\"#elementor-action%3Aaction%3Dlightbox%26settings%3DeyJpZCI6MTUyNzMzLCJ1cmwiOiJodHRwczpcL1wvd3d3LmF2by5pdFwvd3AtY29udGVudFwvdXBsb2Fkc1wvMjAyNVwvMTBcL1JVT1RBLVZVTEtPTExBTi0xLmpwZyIsInNsaWRlc2hvdyI6IjIwZWY0YjkifQ%3D%3D\" href=\"https:\/\/www.avo.it\/wp-content\/uploads\/2025\/10\/RUOTA-VULKOLLAN-1.jpg\"><figure class=\"swiper-slide-inner\"><img decoding=\"async\" class=\"swiper-slide-image\" src=\"https:\/\/www.avo.it\/wp-content\/uploads\/2025\/10\/RUOTA-VULKOLLAN-1.jpg\" alt=\"RUOTA VULKOLLAN-1\" \/><\/figure><\/a><\/div><div class=\"swiper-slide\" role=\"group\" aria-roledescription=\"slide\" aria-label=\"4 von 6\"><a data-elementor-open-lightbox=\"yes\" data-elementor-lightbox-slideshow=\"20ef4b9\" data-e-action-hash=\"#elementor-action%3Aaction%3Dlightbox%26settings%3DeyJpZCI6MTUyNzM4LCJ1cmwiOiJodHRwczpcL1wvd3d3LmF2by5pdFwvd3AtY29udGVudFwvdXBsb2Fkc1wvMjAyNVwvMTBcL1JVT1RBLVZVTEtPTExBTi01LmpwZyIsInNsaWRlc2hvdyI6IjIwZWY0YjkifQ%3D%3D\" href=\"https:\/\/www.avo.it\/wp-content\/uploads\/2025\/10\/RUOTA-VULKOLLAN-5.jpg\"><figure class=\"swiper-slide-inner\"><img decoding=\"async\" class=\"swiper-slide-image\" src=\"https:\/\/www.avo.it\/wp-content\/uploads\/2025\/10\/RUOTA-VULKOLLAN-5.jpg\" alt=\"RUOTA VULKOLLAN-5\" \/><\/figure><\/a><\/div><div class=\"swiper-slide\" role=\"group\" aria-roledescription=\"slide\" aria-label=\"5 von 6\"><a data-elementor-open-lightbox=\"yes\" data-elementor-lightbox-slideshow=\"20ef4b9\" data-e-action-hash=\"#elementor-action%3Aaction%3Dlightbox%26settings%3DeyJpZCI6MTUyNzQzLCJ1cmwiOiJodHRwczpcL1wvd3d3LmF2by5pdFwvd3AtY29udGVudFwvdXBsb2Fkc1wvMjAyNVwvMTBcLzExQ0gtMS5qcGciLCJzbGlkZXNob3ciOiIyMGVmNGI5In0%3D\" href=\"https:\/\/www.avo.it\/wp-content\/uploads\/2025\/10\/11CH-1.jpg\"><figure class=\"swiper-slide-inner\"><img decoding=\"async\" class=\"swiper-slide-image\" src=\"https:\/\/www.avo.it\/wp-content\/uploads\/2025\/10\/11CH-1.jpg\" alt=\"11CH-1\" \/><\/figure><\/a><\/div><div class=\"swiper-slide\" role=\"group\" aria-roledescription=\"slide\" aria-label=\"6 von 6\"><a data-elementor-open-lightbox=\"yes\" data-elementor-lightbox-slideshow=\"20ef4b9\" data-e-action-hash=\"#elementor-action%3Aaction%3Dlightbox%26settings%3DeyJpZCI6MTUyNzQ4LCJ1cmwiOiJodHRwczpcL1wvd3d3LmF2by5pdFwvd3AtY29udGVudFwvdXBsb2Fkc1wvMjAyNVwvMTBcLzExQ0gtNS5qcGciLCJzbGlkZXNob3ciOiIyMGVmNGI5In0%3D\" href=\"https:\/\/www.avo.it\/wp-content\/uploads\/2025\/10\/11CH-5.jpg\"><figure class=\"swiper-slide-inner\"><img decoding=\"async\" class=\"swiper-slide-image\" src=\"https:\/\/www.avo.it\/wp-content\/uploads\/2025\/10\/11CH-5.jpg\" alt=\"11CH-5\" \/><\/figure><\/a><\/div>\t\t\t<\/div>\n\t\t\t\t\t\t\t\t\t\t\t\t<div class=\"elementor-swiper-button elementor-swiper-button-prev\" role=\"button\" tabindex=\"0\">\n\t\t\t\t\t\t<svg aria-hidden=\"true\" class=\"e-font-icon-svg e-eicon-chevron-left\" viewBox=\"0 0 1000 1000\" xmlns=\"http:\/\/www.w3.org\/2000\/svg\"><path d=\"M646 125C629 125 613 133 604 142L308 442C296 454 292 471 292 487 292 504 296 521 308 533L604 854C617 867 629 875 646 875 663 875 679 871 692 858 704 846 713 829 713 812 713 796 708 779 692 767L438 487 692 225C700 217 708 204 708 187 708 171 704 154 692 142 675 129 663 125 646 125Z\"><\/path><\/svg>\t\t\t\t\t<\/div>\n\t\t\t\t\t<div class=\"elementor-swiper-button elementor-swiper-button-next\" role=\"button\" tabindex=\"0\">\n\t\t\t\t\t\t<svg aria-hidden=\"true\" class=\"e-font-icon-svg e-eicon-chevron-right\" viewBox=\"0 0 1000 1000\" xmlns=\"http:\/\/www.w3.org\/2000\/svg\"><path d=\"M696 533C708 521 713 504 713 487 713 471 708 454 696 446L400 146C388 133 375 125 354 125 338 125 325 129 313 142 300 154 292 171 292 187 292 204 296 221 308 233L563 492 304 771C292 783 288 800 288 817 288 833 296 850 308 863 321 871 338 875 354 875 371 875 388 867 400 854L696 533Z\"><\/path><\/svg>\t\t\t\t\t<\/div>\n\t\t\t\t\n\t\t\t\t\t\t\t\t\t<div class=\"swiper-pagination\"><\/div>\n\t\t\t\t\t\t\t\t\t<\/div>\n\t\t\t\t\t\t<\/div>\n\t\t<div class=\"elementor-element elementor-element-4633aa3 e-con-full e-flex e-con e-child\" data-id=\"4633aa3\" data-element_type=\"container\" data-e-type=\"container\" data-settings=\"{&quot;background_background&quot;:&quot;classic&quot;}\">\n\t\t\t\t<div class=\"elementor-element elementor-element-d69ac36 elementor-widget elementor-widget-heading\" data-id=\"d69ac36\" data-element_type=\"widget\" data-e-type=\"widget\" data-widget_type=\"heading.default\">\n\t\t\t\t\t<h2 class=\"elementor-heading-title elementor-size-default\">Vulkollan\u00ae-R\u00e4der<\/h2>\t\t\t\t<\/div>\n\t\t\t\t<\/div>\n\t\t\t\t<\/div>\n\t\t\t\t<\/div>\n\t\t\t\t<\/div>\n\t\t<div class=\"elementor-element elementor-element-6bef0d1 e-con-full e-flex e-con e-parent\" data-id=\"6bef0d1\" data-element_type=\"container\" data-e-type=\"container\">\n\t\t<div class=\"elementor-element elementor-element-1e16a76 e-con-full e-flex e-con e-child\" data-id=\"1e16a76\" data-element_type=\"container\" data-e-type=\"container\">\n\t\t<div class=\"elementor-element elementor-element-f799210 e-con-full e-flex e-con e-child\" data-id=\"f799210\" data-element_type=\"container\" data-e-type=\"container\">\n\t\t\t\t<div class=\"elementor-element elementor-element-7da783c elementor-widget elementor-widget-text-editor\" data-id=\"7da783c\" data-element_type=\"widget\" data-e-type=\"widget\" data-widget_type=\"text-editor.default\">\n\t\t\t\t\t\t\t\t\t<p><strong>F\u00fcr weitere technische Informationen oder eine individuelle Beratung:<\/strong><\/p>\n\t\t\t\t\t\t\t\t<\/div>\n\t\t\t\t<div class=\"elementor-element elementor-element-01e1c6a elementor-position-inline-end elementor-mobile-position-inline-end elementor-view-default elementor-widget elementor-widget-icon-box\" data-id=\"01e1c6a\" data-element_type=\"widget\" data-e-type=\"widget\" data-widget_type=\"icon-box.default\">\n\t\t\t\t\t\t\t<div class=\"elementor-icon-box-wrapper\">\n\n\t\t\t\t\t\t<div class=\"elementor-icon-box-icon\">\n\t\t\t\t<a href=\"https:\/\/www.avo.it\/contatti\/\" title=\"Approfondisci\" class=\"elementor-icon\" tabindex=\"-1\" aria-label=\"Kontaktieren Sie uns\">\n\t\t\t\t<svg xmlns=\"http:\/\/www.w3.org\/2000\/svg\" id=\"Livello_1\" data-name=\"Livello 1\" viewBox=\"0 0 36.78 36.78\"><defs><style>      .cls-1 {        fill: #b3e5fc;      }      .cls-2 {        fill: #21355a;      }    <\/style><\/defs><circle class=\"cls-1\" cx=\"18.39\" cy=\"18.39\" r=\"18.39\"><\/circle><path class=\"cls-2\" d=\"M13.65,26.72l7.81-7.81c.28-.28.28-.77,0-1.04l-7.81-7.81,1.04-1.04,7.81,7.81c.84.84.84,2.3,0,3.13l-7.81,7.81-1.04-1.04Z\"><\/path><\/svg>\t\t\t\t<\/a>\n\t\t\t<\/div>\n\t\t\t\n\t\t\t\t\t\t<div class=\"elementor-icon-box-content\">\n\n\t\t\t\t\t\t\t\t\t<h3 class=\"elementor-icon-box-title\">\n\t\t\t\t\t\t<a href=\"https:\/\/www.avo.it\/contatti\/\" title=\"Approfondisci\" >\n\t\t\t\t\t\t\tKontaktieren Sie uns\t\t\t\t\t\t<\/a>\n\t\t\t\t\t<\/h3>\n\t\t\t\t\n\t\t\t\t\n\t\t\t<\/div>\n\t\t\t\n\t\t<\/div>\n\t\t\t\t\t\t<\/div>\n\t\t\t\t<\/div>\n\t\t\t\t<\/div>\n\t\t\t\t<\/div>\n\t\t\t\t<\/div>\n\t\t","protected":false},"excerpt":{"rendered":"<p>Vulkollan\u00ae r\u00e4der Vulkollan\u00ae-R\u00e4der: H\u00f6chstleistung f\u00fcr anspruchsvollste Industrieanwendungen Vulkollan\u00ae-R\u00e4der sind die ideale L\u00f6sung f\u00fcr hochintensive industrielle Anwendungen, die eine gro\u00dfe Tragf\u00e4higkeit, extreme Verschlei\u00dffestigkeit und hervorragende dynamische Leistungswerte erfordern.Hergestellt aus einem auf Desmodur\u00ae basierenden Polyurethan-Elastomer, kombinieren diese R\u00e4der hohe Belastbarkeit, Elastizit\u00e4t und au\u00dfergew\u00f6hnliche mechanische Festigkeit. Vulkollan\u00ae zeichnet sich durch seine au\u00dfergew\u00f6hnliche Schnitt-, Rei\u00df- und dynamische Erm\u00fcdungsbest\u00e4ndigkeit aus [&hellip;]<\/p>\n","protected":false},"author":2,"featured_media":0,"parent":157371,"menu_order":0,"comment_status":"closed","ping_status":"closed","template":"","meta":{"_acf_changed":false,"footnotes":""},"class_list":["post-157394","page","type-page","status-publish","hentry"],"acf":[],"_links":{"self":[{"href":"https:\/\/www.avo.it\/de\/wp-json\/wp\/v2\/pages\/157394","targetHints":{"allow":["GET"]}}],"collection":[{"href":"https:\/\/www.avo.it\/de\/wp-json\/wp\/v2\/pages"}],"about":[{"href":"https:\/\/www.avo.it\/de\/wp-json\/wp\/v2\/types\/page"}],"author":[{"embeddable":true,"href":"https:\/\/www.avo.it\/de\/wp-json\/wp\/v2\/users\/2"}],"replies":[{"embeddable":true,"href":"https:\/\/www.avo.it\/de\/wp-json\/wp\/v2\/comments?post=157394"}],"version-history":[{"count":1,"href":"https:\/\/www.avo.it\/de\/wp-json\/wp\/v2\/pages\/157394\/revisions"}],"predecessor-version":[{"id":157395,"href":"https:\/\/www.avo.it\/de\/wp-json\/wp\/v2\/pages\/157394\/revisions\/157395"}],"up":[{"embeddable":true,"href":"https:\/\/www.avo.it\/de\/wp-json\/wp\/v2\/pages\/157371"}],"wp:attachment":[{"href":"https:\/\/www.avo.it\/de\/wp-json\/wp\/v2\/media?parent=157394"}],"curies":[{"name":"wp","href":"https:\/\/api.w.org\/{rel}","templated":true}]}}