{"id":157396,"date":"2025-12-22T11:59:57","date_gmt":"2025-12-22T11:59:57","guid":{"rendered":"https:\/\/avo.it\/anwendungen\/cleaning-sektor\/"},"modified":"2026-01-09T14:58:00","modified_gmt":"2026-01-09T14:58:00","slug":"cleaning-sektor","status":"publish","type":"page","link":"https:\/\/www.avo.it\/de\/anwendungen\/cleaning-sektor\/","title":{"rendered":"Cleaning-Sektor"},"content":{"rendered":"\t\t<div data-elementor-type=\"wp-page\" data-elementor-id=\"157396\" class=\"elementor elementor-157396 elementor-156096\" data-elementor-post-type=\"page\">\n\t\t\t\t<div class=\"elementor-element elementor-element-3ba02e9 e-con-full e-flex e-con e-parent\" data-id=\"3ba02e9\" data-element_type=\"container\" data-e-type=\"container\" data-settings=\"{&quot;background_background&quot;:&quot;classic&quot;}\">\n\t\t<div class=\"elementor-element elementor-element-c5657f8 e-con-full e-flex e-con e-child\" data-id=\"c5657f8\" data-element_type=\"container\" data-e-type=\"container\" data-settings=\"{&quot;background_background&quot;:&quot;classic&quot;}\">\n\t\t<div class=\"elementor-element elementor-element-945756d e-con-full e-flex e-con e-child\" data-id=\"945756d\" data-element_type=\"container\" data-e-type=\"container\" data-settings=\"{&quot;background_background&quot;:&quot;classic&quot;}\">\n\t\t\t\t<div class=\"elementor-element elementor-element-d495e70 elementor-widget elementor-widget-heading\" data-id=\"d495e70\" data-element_type=\"widget\" data-e-type=\"widget\" data-widget_type=\"heading.default\">\n\t\t\t\t\t<h1 class=\"elementor-heading-title elementor-size-default\">Cleaning <span style=\"color: #B3E5FC\">sektor<\/span><\/h1>\t\t\t\t<\/div>\n\t\t\t\t<\/div>\n\t\t\t\t<\/div>\n\t\t\t\t<\/div>\n\t\t<div class=\"elementor-element elementor-element-ba1411c e-con-full e-flex e-con e-parent\" data-id=\"ba1411c\" data-element_type=\"container\" data-e-type=\"container\">\n\t\t<div class=\"elementor-element elementor-element-8d47057 e-con-full e-flex e-con e-child\" data-id=\"8d47057\" data-element_type=\"container\" data-e-type=\"container\">\n\t\t\t\t<div class=\"elementor-element elementor-element-48f0b4f elementor-widget elementor-widget-text-editor\" data-id=\"48f0b4f\" data-element_type=\"widget\" data-e-type=\"widget\" data-widget_type=\"text-editor.default\">\n\t\t\t\t\t\t\t\t\t<p>Im Reinigungssektor ist eine effiziente und sichere Bewegung der Ger\u00e4te ein entscheidender Faktor, um Hygiene, Produktivit\u00e4t und betriebliche Zuverl\u00e4ssigkeit sicherzustellen.<\/p>\n<p>Die R\u00e4der und Geh\u00e4use von AVO kommen in professionellen Reinigungswagen, Scheuersaugmaschinen, Industriesaugern sowie Ger\u00e4ten zum Einsatz, die in Umgebungen wie Krankenh\u00e4usern, Gesundheitseinrichtungen, Lebensmittelbetrieben, Flugh\u00e4fen, Einkaufszentren und \u00f6ffentlichen Bereichen verwendet werden \u2013 \u00fcberall dort, wo h\u00f6chste Hygienestandards gefordert sind.<\/p>\n<p>Unsere L\u00f6sungen sind dank des Einsatzes von Polyurethanen und Hochleistungsmaterialien in Kombination mit verzinkten oder Edelstahlgeh\u00e4usen darauf ausgelegt, h\u00e4ufigen Waschvorg\u00e4ngen, aggressiven Reinigungsmitteln und dauerhafter Feuchtigkeit standzuhalten.<\/p>\n<p>Das glatte, kompakte Design reduziert Schmutzansammlungen und erleichtert die Reinigung und Desinfektion. Gleichzeitig sorgen die hohe Laufruhe und der geringe Rollwiderstand daf\u00fcr, dass die k\u00f6rperliche Belastung der Bediener reduziert wird und der Nutzungskomfort steigt \u2013 selbst in sensiblen Bereichen wie Krankenhausfluren oder \u00f6ffentlich zug\u00e4nglichen R\u00e4umen.<\/p>\n<p>L\u00f6sungen speziell entwickelt f\u00fcr den professionellen Reinigungsbereich, in dem Sauberkeit, Zuverl\u00e4ssigkeit und Langlebigkeit Hand in Hand gehen m\u00fcssen.<\/p>\n\t\t\t\t\t\t\t\t<\/div>\n\t\t\t\t<\/div>\n\t\t\t\t<\/div>\n\t\t\t\t<\/div>\n\t\t","protected":false},"excerpt":{"rendered":"<p>Cleaning sektor Im Reinigungssektor ist eine effiziente und sichere Bewegung der Ger\u00e4te ein entscheidender Faktor, um Hygiene, Produktivit\u00e4t und betriebliche Zuverl\u00e4ssigkeit sicherzustellen. Die R\u00e4der und Geh\u00e4use von AVO kommen in professionellen Reinigungswagen, Scheuersaugmaschinen, Industriesaugern sowie Ger\u00e4ten zum Einsatz, die in Umgebungen wie Krankenh\u00e4usern, Gesundheitseinrichtungen, Lebensmittelbetrieben, Flugh\u00e4fen, Einkaufszentren und \u00f6ffentlichen Bereichen verwendet werden \u2013 \u00fcberall dort, [&hellip;]<\/p>\n","protected":false},"author":2,"featured_media":0,"parent":48336,"menu_order":0,"comment_status":"closed","ping_status":"closed","template":"","meta":{"_acf_changed":false,"footnotes":""},"class_list":["post-157396","page","type-page","status-publish","hentry"],"acf":[],"_links":{"self":[{"href":"https:\/\/www.avo.it\/de\/wp-json\/wp\/v2\/pages\/157396","targetHints":{"allow":["GET"]}}],"collection":[{"href":"https:\/\/www.avo.it\/de\/wp-json\/wp\/v2\/pages"}],"about":[{"href":"https:\/\/www.avo.it\/de\/wp-json\/wp\/v2\/types\/page"}],"author":[{"embeddable":true,"href":"https:\/\/www.avo.it\/de\/wp-json\/wp\/v2\/users\/2"}],"replies":[{"embeddable":true,"href":"https:\/\/www.avo.it\/de\/wp-json\/wp\/v2\/comments?post=157396"}],"version-history":[{"count":1,"href":"https:\/\/www.avo.it\/de\/wp-json\/wp\/v2\/pages\/157396\/revisions"}],"predecessor-version":[{"id":157397,"href":"https:\/\/www.avo.it\/de\/wp-json\/wp\/v2\/pages\/157396\/revisions\/157397"}],"up":[{"embeddable":true,"href":"https:\/\/www.avo.it\/de\/wp-json\/wp\/v2\/pages\/48336"}],"wp:attachment":[{"href":"https:\/\/www.avo.it\/de\/wp-json\/wp\/v2\/media?parent=157396"}],"curies":[{"name":"wp","href":"https:\/\/api.w.org\/{rel}","templated":true}]}}