{"id":157398,"date":"2025-12-22T11:54:54","date_gmt":"2025-12-22T11:54:54","guid":{"rendered":"https:\/\/avo.it\/anwendungen\/nautik-sektor\/"},"modified":"2026-01-09T14:59:57","modified_gmt":"2026-01-09T14:59:57","slug":"nautik-sektor","status":"publish","type":"page","link":"https:\/\/www.avo.it\/de\/anwendungen\/nautik-sektor\/","title":{"rendered":"Nautik-Sektor"},"content":{"rendered":"\t\t<div data-elementor-type=\"wp-page\" data-elementor-id=\"157398\" class=\"elementor elementor-157398 elementor-156092\" data-elementor-post-type=\"page\">\n\t\t\t\t<div class=\"elementor-element elementor-element-1f8b90f e-con-full e-flex e-con e-parent\" data-id=\"1f8b90f\" data-element_type=\"container\" data-e-type=\"container\" data-settings=\"{&quot;background_background&quot;:&quot;classic&quot;}\">\n\t\t<div class=\"elementor-element elementor-element-aaaf984 e-con-full e-flex e-con e-child\" data-id=\"aaaf984\" data-element_type=\"container\" data-e-type=\"container\" data-settings=\"{&quot;background_background&quot;:&quot;classic&quot;}\">\n\t\t<div class=\"elementor-element elementor-element-eaaa72b e-con-full e-flex e-con e-child\" data-id=\"eaaa72b\" data-element_type=\"container\" data-e-type=\"container\" data-settings=\"{&quot;background_background&quot;:&quot;classic&quot;}\">\n\t\t\t\t<div class=\"elementor-element elementor-element-e0cd974 elementor-widget elementor-widget-heading\" data-id=\"e0cd974\" data-element_type=\"widget\" data-e-type=\"widget\" data-widget_type=\"heading.default\">\n\t\t\t\t\t<h1 class=\"elementor-heading-title elementor-size-default\">Nautik<span style=\"color: #B3E5FC\">sektor<\/span><\/h1>\t\t\t\t<\/div>\n\t\t\t\t<\/div>\n\t\t\t\t<\/div>\n\t\t\t\t<\/div>\n\t\t<div class=\"elementor-element elementor-element-a9ca7cf e-con-full e-flex e-con e-parent\" data-id=\"a9ca7cf\" data-element_type=\"container\" data-e-type=\"container\">\n\t\t<div class=\"elementor-element elementor-element-7869e7c e-con-full e-flex e-con e-child\" data-id=\"7869e7c\" data-element_type=\"container\" data-e-type=\"container\">\n\t\t\t\t<div class=\"elementor-element elementor-element-91dc648 elementor-widget elementor-widget-text-editor\" data-id=\"91dc648\" data-element_type=\"widget\" data-e-type=\"widget\" data-widget_type=\"text-editor.default\">\n\t\t\t\t\t\t\t\t\t<p>Im maritimen Bereich erfordert die Materialbewegung L\u00f6sungen, die Korrosionsbest\u00e4ndigkeit, langfristige Zuverl\u00e4ssigkeit und gleichbleibende Leistungswerte selbst unter anspruchsvollen Seebedingungen gew\u00e4hrleisten.<br \/>Die R\u00e4der und Geh\u00e4use von AVO kommen bei Werftwagen, Bootstransportsystemen, bordeigenen Ger\u00e4ten, St\u00fctzstrukturen sowie logistischen Anlagen zum Einsatz, die in H\u00e4fen, Marinas und Wartungsbereichen verwendet werden. Sie sind darauf ausgelegt, hohe Lasten, kontinuierliche Feuchtigkeit, Salzwasser und Temperaturschwankungen zu bew\u00e4ltigen und damit Sicherheit und Betriebs\u00adkontinuit\u00e4t sicherzustellen.<\/p>\n<p>Eine zentrale Rolle spielt der Einsatz spezialisierter Materialien wie Hochleistungs-Polyurethane und Traggeh\u00e4use f\u00fcr Schwer- und Extraschwerlasten, einschlie\u00dflich Edelstahlgeh\u00e4usen in <strong>AISI 304<\/strong> und <strong>AISI 316<\/strong>, die ideal geeignet sind, um Oxidation und langfristigen Materialabbau zu verhindern.<br \/>Ein weiteres Beispiel sind R\u00e4der und Geh\u00e4use f\u00fcr die <strong>Containerbewegung<\/strong>, ausgestattet mit Twistlock-Aufnahmen, die zuverl\u00e4ssigen Halt und hohe Sicherheit bieten, ohne die Leistungsf\u00e4higkeit zu beeintr\u00e4chtigen.<\/p>\n<p>Glatte Oberfl\u00e4chen und ein funktionales Design erleichtern Reinigungs- und Wartungsarbeiten, w\u00e4hrend die hohe Laufruhe den Kraftaufwand der Bediener reduziert \u2013 selbst auf unebenen Untergr\u00fcnden, wie sie in Hafenbereichen typisch sind.<\/p>\n<p>L\u00f6sungen, die speziell f\u00fcr den nautischen Bereich entwickelt wurden \u2013 wo Zuverl\u00e4ssigkeit, Langlebigkeit und Sicherheit unverzichtbare Anforderungen sind.<\/p>\n\t\t\t\t\t\t\t\t<\/div>\n\t\t\t\t<\/div>\n\t\t\t\t<\/div>\n\t\t\t\t<\/div>\n\t\t","protected":false},"excerpt":{"rendered":"<p>Nautiksektor Im maritimen Bereich erfordert die Materialbewegung L\u00f6sungen, die Korrosionsbest\u00e4ndigkeit, langfristige Zuverl\u00e4ssigkeit und gleichbleibende Leistungswerte selbst unter anspruchsvollen Seebedingungen gew\u00e4hrleisten.Die R\u00e4der und Geh\u00e4use von AVO kommen bei Werftwagen, Bootstransportsystemen, bordeigenen Ger\u00e4ten, St\u00fctzstrukturen sowie logistischen Anlagen zum Einsatz, die in H\u00e4fen, Marinas und Wartungsbereichen verwendet werden. Sie sind darauf ausgelegt, hohe Lasten, kontinuierliche Feuchtigkeit, Salzwasser und [&hellip;]<\/p>\n","protected":false},"author":2,"featured_media":0,"parent":48336,"menu_order":0,"comment_status":"closed","ping_status":"closed","template":"","meta":{"_acf_changed":false,"footnotes":""},"class_list":["post-157398","page","type-page","status-publish","hentry"],"acf":[],"_links":{"self":[{"href":"https:\/\/www.avo.it\/de\/wp-json\/wp\/v2\/pages\/157398","targetHints":{"allow":["GET"]}}],"collection":[{"href":"https:\/\/www.avo.it\/de\/wp-json\/wp\/v2\/pages"}],"about":[{"href":"https:\/\/www.avo.it\/de\/wp-json\/wp\/v2\/types\/page"}],"author":[{"embeddable":true,"href":"https:\/\/www.avo.it\/de\/wp-json\/wp\/v2\/users\/2"}],"replies":[{"embeddable":true,"href":"https:\/\/www.avo.it\/de\/wp-json\/wp\/v2\/comments?post=157398"}],"version-history":[{"count":1,"href":"https:\/\/www.avo.it\/de\/wp-json\/wp\/v2\/pages\/157398\/revisions"}],"predecessor-version":[{"id":157399,"href":"https:\/\/www.avo.it\/de\/wp-json\/wp\/v2\/pages\/157398\/revisions\/157399"}],"up":[{"embeddable":true,"href":"https:\/\/www.avo.it\/de\/wp-json\/wp\/v2\/pages\/48336"}],"wp:attachment":[{"href":"https:\/\/www.avo.it\/de\/wp-json\/wp\/v2\/media?parent=157398"}],"curies":[{"name":"wp","href":"https:\/\/api.w.org\/{rel}","templated":true}]}}