{"id":48235,"date":"2025-02-17T09:33:41","date_gmt":"2025-02-17T09:33:41","guid":{"rendered":"https:\/\/avo.dkrweb.it\/konstruktion\/"},"modified":"2025-07-30T10:29:48","modified_gmt":"2025-07-30T10:29:48","slug":"konstruktion","status":"publish","type":"page","link":"https:\/\/www.avo.it\/de\/konstruktion\/","title":{"rendered":"Konstruktion"},"content":{"rendered":"\t\t<div data-elementor-type=\"wp-page\" data-elementor-id=\"48235\" class=\"elementor elementor-48235 elementor-13992\" data-elementor-post-type=\"page\">\n\t\t\t\t<div class=\"elementor-element elementor-element-8137d82 e-con-full e-flex e-con e-parent\" data-id=\"8137d82\" data-element_type=\"container\" data-e-type=\"container\">\n\t\t<div class=\"elementor-element elementor-element-d45507d e-con-full e-flex e-con e-child\" data-id=\"d45507d\" data-element_type=\"container\" data-e-type=\"container\" data-settings=\"{&quot;background_background&quot;:&quot;classic&quot;}\">\n\t\t<div class=\"elementor-element elementor-element-3c545ed e-con-full e-flex e-con e-child\" data-id=\"3c545ed\" data-element_type=\"container\" data-e-type=\"container\" data-settings=\"{&quot;background_background&quot;:&quot;classic&quot;}\">\n\t\t\t\t<div class=\"elementor-element elementor-element-74cd373 elementor-widget elementor-widget-heading\" data-id=\"74cd373\" data-element_type=\"widget\" data-e-type=\"widget\" data-widget_type=\"heading.default\">\n\t\t\t\t\t<h1 class=\"elementor-heading-title elementor-size-default\">Konstruktion<\/h1>\t\t\t\t<\/div>\n\t\t\t\t<\/div>\n\t\t\t\t<\/div>\n\t\t\t\t<\/div>\n\t\t<div class=\"elementor-element elementor-element-2e17df6 e-con-full e-flex e-con e-parent\" data-id=\"2e17df6\" data-element_type=\"container\" data-e-type=\"container\">\n\t\t<div class=\"elementor-element elementor-element-cc7d1be e-con-full e-flex e-con e-child\" data-id=\"cc7d1be\" data-element_type=\"container\" data-e-type=\"container\">\n\t\t\t\t<div class=\"elementor-element elementor-element-49591b7 elementor-widget elementor-widget-heading\" data-id=\"49591b7\" data-element_type=\"widget\" data-e-type=\"widget\" data-widget_type=\"heading.default\">\n\t\t\t\t\t<h2 class=\"elementor-heading-title elementor-size-default\">W\u00e4hlen Sie AVO Aldo Valsecchi  f\u00fcr Ihre n\u00e4chste Design-Herausforderung.<\/h2>\t\t\t\t<\/div>\n\t\t\t\t<\/div>\n\t\t<div class=\"elementor-element elementor-element-74e7cb7 e-con-full e-flex e-con e-child\" data-id=\"74e7cb7\" data-element_type=\"container\" data-e-type=\"container\">\n\t\t<div class=\"elementor-element elementor-element-90edbd9 e-con-full e-flex e-con e-child\" data-id=\"90edbd9\" data-element_type=\"container\" data-e-type=\"container\">\n\t\t\t\t<div class=\"elementor-element elementor-element-378c25a elementor-widget elementor-widget-text-editor\" data-id=\"378c25a\" data-element_type=\"widget\" data-e-type=\"widget\" data-widget_type=\"text-editor.default\">\n\t\t\t\t\t\t\t\t\t<p>Unsere Grundwerte bei AVO Aldo Valsecchi sind Kundenorientierung, Erfahrung, Innovation, Qualit\u00e4t und Umweltbewusstsein.<\/p>\n<p>Wir sind der ideale Partner f\u00fcr unsere Kunden und bieten Flexibilit\u00e4t sowie ein breites Produktspektrum, das speziell auf deren Bed\u00fcrfnisse zugeschnitten ist. Unsere Produktionsdiversifikation erm\u00f6glicht es uns, R\u00e4der und Rollen f\u00fcr vielf\u00e4ltige Anwendungen herzustellen. Diese Flexibilit\u00e4t hat uns bef\u00e4higt, hochkar\u00e4tige Planungs- und Konstruktionskompetenzen zu entwickeln und renommierte Kooperationen mit f\u00fchrenden Industrieunternehmen und Institutionen einzugehen.<\/p>\n<p>Mit \u00fcber achtzig Jahren Branchenerfahrung verf\u00fcgen wir \u00fcber ein fundiertes Know-how auf h\u00f6chstem Niveau. Wir investieren kontinuierlich in die Innovationskraft unseres Designs und verwenden modernste 3D-CAD-Technologie. Unsere Ideen werden zu Konstruktionen, und Konstruktionen werden zu hochwertigen Produkten.<\/p>\n<p>Qualit\u00e4t zieht sich als roter Faden durch alle unsere Projekte und bindet alle Abteilungen von Anfang an ein. Wir verpflichten uns zu hohen Qualit\u00e4tsstandards in jedem Prozessschritt. Im Rahmen unseres Engagements f\u00fcr Nachhaltigkeit zielen alle unsere Projekte darauf ab, direkte und indirekte Umweltauswirkungen zu minimieren. Wir k\u00fcmmern uns um die Umwelt und arbeiten st\u00e4ndig daran, unseren \u00f6kologischen Fu\u00dfabdruck zu reduzieren.<\/p>\n\t\t\t\t\t\t\t\t<\/div>\n\t\t\t\t<div class=\"elementor-element elementor-element-507830f elementor-position-inline-end elementor-mobile-position-inline-end elementor-view-default elementor-widget elementor-widget-icon-box\" data-id=\"507830f\" data-element_type=\"widget\" data-e-type=\"widget\" data-widget_type=\"icon-box.default\">\n\t\t\t\t\t\t\t<div class=\"elementor-icon-box-wrapper\">\n\n\t\t\t\t\t\t<div class=\"elementor-icon-box-icon\">\n\t\t\t\t<a href=\"https:\/\/www.avo.it\/de\/kontakt\/?infoart=Progettazione\" title=\"Richiedi informazioni\" class=\"elementor-icon\" tabindex=\"-1\" aria-label=\"Informationen anfordern\">\n\t\t\t\t<svg xmlns=\"http:\/\/www.w3.org\/2000\/svg\" id=\"Livello_1\" data-name=\"Livello 1\" viewBox=\"0 0 36.78 36.78\"><defs><style>      .cls-1 {        fill: #b3e5fc;      }      .cls-2 {        fill: #21355a;      }    <\/style><\/defs><circle class=\"cls-1\" cx=\"18.39\" cy=\"18.39\" r=\"18.39\"><\/circle><path class=\"cls-2\" d=\"M13.65,26.72l7.81-7.81c.28-.28.28-.77,0-1.04l-7.81-7.81,1.04-1.04,7.81,7.81c.84.84.84,2.3,0,3.13l-7.81,7.81-1.04-1.04Z\"><\/path><\/svg>\t\t\t\t<\/a>\n\t\t\t<\/div>\n\t\t\t\n\t\t\t\t\t\t<div class=\"elementor-icon-box-content\">\n\n\t\t\t\t\t\t\t\t\t<span class=\"elementor-icon-box-title\">\n\t\t\t\t\t\t<a href=\"https:\/\/www.avo.it\/de\/kontakt\/?infoart=Progettazione\" title=\"Richiedi informazioni\" >\n\t\t\t\t\t\t\tInformationen anfordern\t\t\t\t\t\t<\/a>\n\t\t\t\t\t<\/span>\n\t\t\t\t\n\t\t\t\t\n\t\t\t<\/div>\n\t\t\t\n\t\t<\/div>\n\t\t\t\t\t\t<\/div>\n\t\t\t\t<\/div>\n\t\t<div class=\"elementor-element elementor-element-68c7159 e-con-full e-flex e-con e-child\" data-id=\"68c7159\" data-element_type=\"container\" data-e-type=\"container\" data-settings=\"{&quot;background_background&quot;:&quot;classic&quot;}\">\n\t\t\t\t<div class=\"elementor-element elementor-element-63cd73e elementor-widget elementor-widget-image\" data-id=\"63cd73e\" data-element_type=\"widget\" data-e-type=\"widget\" data-widget_type=\"image.default\">\n\t\t\t\t\t\t\t\t\t\t\t\t\t\t\t<img fetchpriority=\"high\" decoding=\"async\" width=\"1500\" height=\"1663\" src=\"https:\/\/www.avo.it\/wp-content\/uploads\/2025\/04\/AVO-foto-ruota-verde-progettazione.jpg\" class=\"attachment-full size-full wp-image-48242\" alt=\"\" srcset=\"https:\/\/www.avo.it\/wp-content\/uploads\/2025\/04\/AVO-foto-ruota-verde-progettazione.jpg 1500w, https:\/\/www.avo.it\/wp-content\/uploads\/2025\/04\/AVO-foto-ruota-verde-progettazione-271x300.jpg 271w, https:\/\/www.avo.it\/wp-content\/uploads\/2025\/04\/AVO-foto-ruota-verde-progettazione-924x1024.jpg 924w, https:\/\/www.avo.it\/wp-content\/uploads\/2025\/04\/AVO-foto-ruota-verde-progettazione-768x851.jpg 768w, https:\/\/www.avo.it\/wp-content\/uploads\/2025\/04\/AVO-foto-ruota-verde-progettazione-1385x1536.jpg 1385w\" sizes=\"(max-width: 1500px) 100vw, 1500px\" \/>\t\t\t\t\t\t\t\t\t\t\t\t\t\t\t<\/div>\n\t\t\t\t<\/div>\n\t\t\t\t<\/div>\n\t\t\t\t<\/div>\n\t\t<div class=\"elementor-element elementor-element-deec5b9 e-con-full e-flex e-con e-parent\" data-id=\"deec5b9\" data-element_type=\"container\" data-e-type=\"container\" data-settings=\"{&quot;background_background&quot;:&quot;classic&quot;}\">\n\t\t\t\t<div class=\"elementor-element elementor-element-7b8ed7f elementor-position-inline-start elementor-view-default elementor-mobile-position-block-start elementor-widget elementor-widget-icon-box\" data-id=\"7b8ed7f\" data-element_type=\"widget\" data-e-type=\"widget\" data-widget_type=\"icon-box.default\">\n\t\t\t\t\t\t\t<div class=\"elementor-icon-box-wrapper\">\n\n\t\t\t\t\t\t<div class=\"elementor-icon-box-icon\">\n\t\t\t\t<span  class=\"elementor-icon\">\n\t\t\t\t<svg xmlns=\"http:\/\/www.w3.org\/2000\/svg\" viewBox=\"0 0 24 24\"><path d=\"m17.987,2.28C16.075.575,13.51-.234,10.937.062c-3.992.458-7.293,3.674-7.847,7.647-.413,2.964.595,5.827,2.765,7.853,1.363,1.273,2.146,3.029,2.146,4.816v3.622h8v-3.853c0-1.686.752-3.309,2.118-4.571,1.831-1.694,2.882-4.091,2.882-6.576,0-2.563-1.098-5.012-3.013-6.72Zm-2.987,17.867v2.853h-6v-2.622c0-.464-.052-.924-.14-1.378h6.249c-.066.378-.109.76-.109,1.147Zm2.439-5.305c-.987.912-1.695,1.993-2.086,3.158h-6.759c-.407-1.185-1.107-2.281-2.058-3.169-1.928-1.801-2.823-4.347-2.456-6.984.492-3.528,3.424-6.385,6.97-6.792,2.32-.267,4.547.434,6.272,1.972,1.701,1.518,2.678,3.695,2.678,5.973,0,2.24-.909,4.315-2.561,5.842Zm-.939-5.842c0-.274-.03-.551-.094-.85l1.526-.897-1.521-2.586-1.516.892c-.408-.34-.882-.606-1.396-.786v-1.771h-3v1.771c-.515.18-.988.446-1.396.786l-1.516-.892-1.521,2.586,1.526.897c-.063.299-.094.576-.094.85s.03.551.094.85l-1.526.897,1.521,2.586,1.516-.892c.408.34.882.606,1.396.786v1.771h3v-1.771c.515-.18.988-.446,1.396-.786l1.516.892,1.521-2.586-1.526-.897c.063-.299.094-.576.094-.85Zm.063,2.103l-.507.862-1.351-.77c-.542.667-1.315,1.126-2.206,1.255v1.55h-1v-1.55c-.887-.128-1.659-.585-2.2-1.248l-1.356.763-.507-.862,1.335-.751c-.174-.416-.272-.872-.272-1.352,0-.472.096-.922.266-1.333l-1.329-.77.507-.862,1.344.779c.542-.671,1.319-1.134,2.213-1.263v-1.55h1v1.55c.887.128,1.659.585,2.2,1.248l1.356-.763.507.862-1.335.751c.174.416.272.872.272,1.352,0,.476-.097.93-.269,1.344l1.333.759Zm-4.563-4.103c-1.103,0-2,.897-2,2s.897,2,2,2,2-.897,2-2-.897-2-2-2Zm0,3c-.552,0-1-.449-1-1s.448-1,1-1,1,.449,1,1-.448,1-1,1Z\"><\/path><\/svg>\t\t\t\t<\/span>\n\t\t\t<\/div>\n\t\t\t\n\t\t\t\t\t\t<div class=\"elementor-icon-box-content\">\n\n\t\t\t\t\t\t\t\t\t<h3 class=\"elementor-icon-box-title\">\n\t\t\t\t\t\t<span  >\n\t\t\t\t\t\t\tWir bieten Ihnen innovative, hochwertige und umweltfreundliche L\u00f6sungen.\t\t\t\t\t\t<\/span>\n\t\t\t\t\t<\/h3>\n\t\t\t\t\n\t\t\t\t\n\t\t\t<\/div>\n\t\t\t\n\t\t<\/div>\n\t\t\t\t\t\t<\/div>\n\t\t\t\t<\/div>\n\t\t\t\t<\/div>\n\t\t","protected":false},"excerpt":{"rendered":"<p>Konstruktion W\u00e4hlen Sie AVO Aldo Valsecchi f\u00fcr Ihre n\u00e4chste Design-Herausforderung. Unsere Grundwerte bei AVO Aldo Valsecchi sind Kundenorientierung, Erfahrung, Innovation, Qualit\u00e4t und Umweltbewusstsein. Wir sind der ideale Partner f\u00fcr unsere Kunden und bieten Flexibilit\u00e4t sowie ein breites Produktspektrum, das speziell auf deren Bed\u00fcrfnisse zugeschnitten ist. Unsere Produktionsdiversifikation erm\u00f6glicht es uns, R\u00e4der und Rollen f\u00fcr vielf\u00e4ltige [&hellip;]<\/p>\n","protected":false},"author":2,"featured_media":0,"parent":0,"menu_order":0,"comment_status":"closed","ping_status":"closed","template":"","meta":{"_acf_changed":false,"footnotes":""},"class_list":["post-48235","page","type-page","status-publish","hentry"],"acf":[],"_links":{"self":[{"href":"https:\/\/www.avo.it\/de\/wp-json\/wp\/v2\/pages\/48235","targetHints":{"allow":["GET"]}}],"collection":[{"href":"https:\/\/www.avo.it\/de\/wp-json\/wp\/v2\/pages"}],"about":[{"href":"https:\/\/www.avo.it\/de\/wp-json\/wp\/v2\/types\/page"}],"author":[{"embeddable":true,"href":"https:\/\/www.avo.it\/de\/wp-json\/wp\/v2\/users\/2"}],"replies":[{"embeddable":true,"href":"https:\/\/www.avo.it\/de\/wp-json\/wp\/v2\/comments?post=48235"}],"version-history":[{"count":4,"href":"https:\/\/www.avo.it\/de\/wp-json\/wp\/v2\/pages\/48235\/revisions"}],"predecessor-version":[{"id":146832,"href":"https:\/\/www.avo.it\/de\/wp-json\/wp\/v2\/pages\/48235\/revisions\/146832"}],"wp:attachment":[{"href":"https:\/\/www.avo.it\/de\/wp-json\/wp\/v2\/media?parent=48235"}],"curies":[{"name":"wp","href":"https:\/\/api.w.org\/{rel}","templated":true}]}}