{"id":48244,"date":"2025-02-17T11:29:38","date_gmt":"2025-02-17T11:29:38","guid":{"rendered":"https:\/\/avo.dkrweb.it\/fertigungsprozess\/"},"modified":"2025-12-10T11:14:41","modified_gmt":"2025-12-10T11:14:41","slug":"fertigungsprozess","status":"publish","type":"page","link":"https:\/\/www.avo.it\/de\/fertigungsprozess\/","title":{"rendered":"Fertigungsprozess"},"content":{"rendered":"\t\t<div data-elementor-type=\"wp-page\" data-elementor-id=\"48244\" class=\"elementor elementor-48244 elementor-14016\" data-elementor-post-type=\"page\">\n\t\t\t\t<div class=\"elementor-element elementor-element-7c0ea3b e-con-full e-flex e-con e-parent\" data-id=\"7c0ea3b\" data-element_type=\"container\" data-e-type=\"container\">\n\t\t<div class=\"elementor-element elementor-element-bdfb208 e-con-full e-flex e-con e-child\" data-id=\"bdfb208\" data-element_type=\"container\" data-e-type=\"container\" data-settings=\"{&quot;background_background&quot;:&quot;classic&quot;}\">\n\t\t<div class=\"elementor-element elementor-element-d1878e2 e-con-full e-flex e-con e-child\" data-id=\"d1878e2\" data-element_type=\"container\" data-e-type=\"container\" data-settings=\"{&quot;background_background&quot;:&quot;classic&quot;}\">\n\t\t\t\t<div class=\"elementor-element elementor-element-7ee25a2 elementor-widget elementor-widget-heading\" data-id=\"7ee25a2\" data-element_type=\"widget\" data-e-type=\"widget\" data-widget_type=\"heading.default\">\n\t\t\t\t\t<h1 class=\"elementor-heading-title elementor-size-default\">Fertigungsprozess<\/h1>\t\t\t\t<\/div>\n\t\t\t\t<\/div>\n\t\t\t\t<\/div>\n\t\t\t\t<\/div>\n\t\t<div class=\"elementor-element elementor-element-7447df7 e-con-full e-flex e-con e-parent\" data-id=\"7447df7\" data-element_type=\"container\" data-e-type=\"container\">\n\t\t<div class=\"elementor-element elementor-element-80c33ae e-con-full e-flex e-con e-child\" data-id=\"80c33ae\" data-element_type=\"container\" data-e-type=\"container\">\n\t\t\t\t<div class=\"elementor-element elementor-element-df38c45 elementor-widget elementor-widget-heading\" data-id=\"df38c45\" data-element_type=\"widget\" data-e-type=\"widget\" data-widget_type=\"heading.default\">\n\t\t\t\t\t<h2 class=\"elementor-heading-title elementor-size-default\">Qualit\u00e4t, Kontrolle und integrierte Produktion<\/h2>\t\t\t\t<\/div>\n\t\t\t\t<\/div>\n\t\t<div class=\"elementor-element elementor-element-23e954f e-con-full e-flex e-con e-child\" data-id=\"23e954f\" data-element_type=\"container\" data-e-type=\"container\">\n\t\t<div class=\"elementor-element elementor-element-284aa9a e-con-full e-flex e-con e-child\" data-id=\"284aa9a\" data-element_type=\"container\" data-e-type=\"container\">\n\t\t\t\t<div class=\"elementor-element elementor-element-fc2bcde elementor-widget elementor-widget-text-editor\" data-id=\"fc2bcde\" data-element_type=\"widget\" data-e-type=\"widget\" data-widget_type=\"text-editor.default\">\n\t\t\t\t\t\t\t\t\t<p>Die Integration der Hauptproduktionsstufen innerhalb des Unternehmens erm\u00f6glicht eine kontinuierliche und direkte Kontrolle der hohen Qualit\u00e4tsstandards im Prozess. Dieser Ansatz gew\u00e4hrleistet ein synergetisches Management der Schl\u00fcsselphasen und tr\u00e4gt dazu bei, auf jeder Produktionsstufe ein hohes Qualit\u00e4tsniveau zu halten.<\/p>\n<p>Die drei angrenzenden Produktionseinheiten erstrecken sich \u00fcber eine Gesamtfl\u00e4che von etwa 17.000 m\u00b2. Diese Gr\u00f6\u00dfe bietet ausreichend Platz f\u00fcr eine effiziente und pr\u00e4zise Durchf\u00fchrung der Produktionsaktivit\u00e4ten.<\/p>\n<p>Innerhalb dieser Einheiten werden die verschiedenen Abteilungen als eigenst\u00e4ndige Produktionseinheiten gef\u00fchrt, die jeweils f\u00fcr die Qualit\u00e4t der eingehenden und ausgehenden Waren verantwortlich sind \u2013 gem\u00e4\u00df dem Integrierten Qualit\u00e4ts- und Umweltmanagementsystem (IQMS) des Unternehmens. Dieser organisatorische Ansatz f\u00f6rdert nicht nur eine strenge Qualit\u00e4tskontrolle, sondern auch eine klare Verantwortlichkeit, um die Einhaltung der Standards in jeder Produktionsphase sicherzustellen. Die \u00dcbereinstimmung mit dem Umweltmanagementsystem (EMS) unterstreicht das kontinuierliche Engagement des Unternehmens f\u00fcr operative Exzellenz und Kundenzufriedenheit.<\/p>\n<p>Die Produktionsprozesse unserer Produkte sind in mehrere spezialisierte und integrierte Stufen unterteilt, um ein hochwertiges Endergebnis zu gew\u00e4hrleisten. Nachfolgend eine kurze Beschreibung der einzelnen Prozessschritte:<\/p>\n\t\t\t\t\t\t\t\t<\/div>\n\t\t\t\t<\/div>\n\t\t<div class=\"elementor-element elementor-element-1ae6579 e-con-full e-flex e-con e-child\" data-id=\"1ae6579\" data-element_type=\"container\" data-e-type=\"container\" data-settings=\"{&quot;background_background&quot;:&quot;classic&quot;}\">\n\t\t\t\t<\/div>\n\t\t\t\t<\/div>\n\t\t\t\t<\/div>\n\t\t<div class=\"elementor-element elementor-element-557c125 e-con-full e-flex e-con e-parent\" data-id=\"557c125\" data-element_type=\"container\" data-e-type=\"container\">\n\t\t<div class=\"elementor-element elementor-element-2599ba9 e-con-full e-flex e-con e-child\" data-id=\"2599ba9\" data-element_type=\"container\" data-e-type=\"container\">\n\t\t<div class=\"elementor-element elementor-element-343f919 e-con-full e-flex e-con e-child\" data-id=\"343f919\" data-element_type=\"container\" data-e-type=\"container\" data-settings=\"{&quot;background_background&quot;:&quot;classic&quot;}\">\n\t\t\t\t<\/div>\n\t\t<div class=\"elementor-element elementor-element-2e53485 e-con-full e-flex e-con e-child\" data-id=\"2e53485\" data-element_type=\"container\" data-e-type=\"container\" data-settings=\"{&quot;background_background&quot;:&quot;classic&quot;}\">\n\t\t<div class=\"elementor-element elementor-element-57b12fc e-con-full e-flex e-con e-child\" data-id=\"57b12fc\" data-element_type=\"container\" data-e-type=\"container\">\n\t\t\t\t<div class=\"elementor-element elementor-element-e0a4ea4 elementor-widget elementor-widget-heading\" data-id=\"e0a4ea4\" data-element_type=\"widget\" data-e-type=\"widget\" data-widget_type=\"heading.default\">\n\t\t\t\t\t<h2 class=\"elementor-heading-title elementor-size-default\">Transfer-Schneiden<\/h2>\t\t\t\t<\/div>\n\t\t\t\t<div class=\"elementor-element elementor-element-0fd3768 elementor-widget elementor-widget-text-editor\" data-id=\"0fd3768\" data-element_type=\"widget\" data-e-type=\"widget\" data-widget_type=\"text-editor.default\">\n\t\t\t\t\t\t\t\t\t<p>Eisen- und Edelstahlbandprodukte (Coils) werden in einem ersten Schritt einer Kaltumformung unterzogen&#8230;<\/p>\n\t\t\t\t\t\t\t\t<\/div>\n\t\t\t\t<\/div>\n\t\t\t\t<div class=\"elementor-element elementor-element-e81d995 elementor-position-inline-end elementor-mobile-position-inline-end elementor-view-default elementor-widget elementor-widget-icon-box\" data-id=\"e81d995\" data-element_type=\"widget\" data-e-type=\"widget\" data-widget_type=\"icon-box.default\">\n\t\t\t\t\t\t\t<div class=\"elementor-icon-box-wrapper\">\n\n\t\t\t\t\t\t<div class=\"elementor-icon-box-icon\">\n\t\t\t\t<a href=\"#elementor-action%3Aaction%3Dpopup%3Aopen%26settings%3DeyJpZCI6NDgyNTcsInRvZ2dsZSI6ZmFsc2V9\" title=\"Approfondisci\" class=\"elementor-icon\" tabindex=\"-1\" aria-label=\"mehr erfahren\">\n\t\t\t\t<svg xmlns=\"http:\/\/www.w3.org\/2000\/svg\" id=\"Livello_1\" data-name=\"Livello 1\" viewBox=\"0 0 34.83 34.83\"><defs><style>      .cls-1 {        fill: #b3e5fc;      }    <\/style><\/defs><circle class=\"cls-1\" cx=\"17.42\" cy=\"17.41\" r=\"17.41\"><\/circle><path d=\"M26.27,17.41c0,.49-.4.89-.89.89h-7.09v7.09c0,.49-.4.89-.89.89s-.89-.4-.89-.89v-7.09h-7.09c-.49,0-.89-.4-.89-.89s.4-.89.89-.89h7.09v-7.09c0-.49.4-.89.89-.89s.89.4.89.89v7.09h7.09c.49,0,.89.4.89.89Z\"><\/path><\/svg>\t\t\t\t<\/a>\n\t\t\t<\/div>\n\t\t\t\n\t\t\t\t\t\t<div class=\"elementor-icon-box-content\">\n\n\t\t\t\t\t\t\t\t\t<h3 class=\"elementor-icon-box-title\">\n\t\t\t\t\t\t<a href=\"#elementor-action%3Aaction%3Dpopup%3Aopen%26settings%3DeyJpZCI6NDgyNTcsInRvZ2dsZSI6ZmFsc2V9\" title=\"Approfondisci\" >\n\t\t\t\t\t\t\tmehr erfahren\t\t\t\t\t\t<\/a>\n\t\t\t\t\t<\/h3>\n\t\t\t\t\n\t\t\t\t\n\t\t\t<\/div>\n\t\t\t\n\t\t<\/div>\n\t\t\t\t\t\t<\/div>\n\t\t\t\t<\/div>\n\t\t\t\t<\/div>\n\t\t<div class=\"elementor-element elementor-element-229765b e-con-full e-flex e-con e-child\" data-id=\"229765b\" data-element_type=\"container\" data-e-type=\"container\">\n\t\t<div class=\"elementor-element elementor-element-f149d05 e-con-full e-flex e-con e-child\" data-id=\"f149d05\" data-element_type=\"container\" data-e-type=\"container\" data-settings=\"{&quot;background_background&quot;:&quot;classic&quot;}\">\n\t\t\t\t<\/div>\n\t\t<div class=\"elementor-element elementor-element-203053e e-con-full e-flex e-con e-child\" data-id=\"203053e\" data-element_type=\"container\" data-e-type=\"container\" data-settings=\"{&quot;background_background&quot;:&quot;classic&quot;}\">\n\t\t<div class=\"elementor-element elementor-element-6eaf957 e-con-full e-flex e-con e-child\" data-id=\"6eaf957\" data-element_type=\"container\" data-e-type=\"container\">\n\t\t\t\t<div class=\"elementor-element elementor-element-afb711c elementor-widget elementor-widget-heading\" data-id=\"afb711c\" data-element_type=\"widget\" data-e-type=\"widget\" data-widget_type=\"heading.default\">\n\t\t\t\t\t<h2 class=\"elementor-heading-title elementor-size-default\">Stanzabteilung<\/h2>\t\t\t\t<\/div>\n\t\t\t\t<div class=\"elementor-element elementor-element-a6054ec elementor-widget elementor-widget-text-editor\" data-id=\"a6054ec\" data-element_type=\"widget\" data-e-type=\"widget\" data-widget_type=\"text-editor.default\">\n\t\t\t\t\t\t\t\t\t<p>Die Stanzabteilung umfasst Stanzen, Pressen und manuelle Montagen mit hydraulischen und mechanischen Pressen&#8230;<\/p>\n\t\t\t\t\t\t\t\t<\/div>\n\t\t\t\t<\/div>\n\t\t\t\t<div class=\"elementor-element elementor-element-eee097c elementor-position-inline-end elementor-mobile-position-inline-end elementor-view-default elementor-widget elementor-widget-icon-box\" data-id=\"eee097c\" data-element_type=\"widget\" data-e-type=\"widget\" data-widget_type=\"icon-box.default\">\n\t\t\t\t\t\t\t<div class=\"elementor-icon-box-wrapper\">\n\n\t\t\t\t\t\t<div class=\"elementor-icon-box-icon\">\n\t\t\t\t<a href=\"#elementor-action%3Aaction%3Dpopup%3Aopen%26settings%3DeyJpZCI6NDgyNTksInRvZ2dsZSI6ZmFsc2V9\" title=\"Approfondisci\" class=\"elementor-icon\" tabindex=\"-1\" aria-label=\"mehr erfahren\">\n\t\t\t\t<svg xmlns=\"http:\/\/www.w3.org\/2000\/svg\" id=\"Livello_1\" data-name=\"Livello 1\" viewBox=\"0 0 34.83 34.83\"><defs><style>      .cls-1 {        fill: #b3e5fc;      }    <\/style><\/defs><circle class=\"cls-1\" cx=\"17.42\" cy=\"17.41\" r=\"17.41\"><\/circle><path d=\"M26.27,17.41c0,.49-.4.89-.89.89h-7.09v7.09c0,.49-.4.89-.89.89s-.89-.4-.89-.89v-7.09h-7.09c-.49,0-.89-.4-.89-.89s.4-.89.89-.89h7.09v-7.09c0-.49.4-.89.89-.89s.89.4.89.89v7.09h7.09c.49,0,.89.4.89.89Z\"><\/path><\/svg>\t\t\t\t<\/a>\n\t\t\t<\/div>\n\t\t\t\n\t\t\t\t\t\t<div class=\"elementor-icon-box-content\">\n\n\t\t\t\t\t\t\t\t\t<h3 class=\"elementor-icon-box-title\">\n\t\t\t\t\t\t<a href=\"#elementor-action%3Aaction%3Dpopup%3Aopen%26settings%3DeyJpZCI6NDgyNTksInRvZ2dsZSI6ZmFsc2V9\" title=\"Approfondisci\" >\n\t\t\t\t\t\t\tmehr erfahren\t\t\t\t\t\t<\/a>\n\t\t\t\t\t<\/h3>\n\t\t\t\t\n\t\t\t\t\n\t\t\t<\/div>\n\t\t\t\n\t\t<\/div>\n\t\t\t\t\t\t<\/div>\n\t\t\t\t<\/div>\n\t\t\t\t<\/div>\n\t\t<div class=\"elementor-element elementor-element-889a5ff e-con-full e-flex e-con e-child\" data-id=\"889a5ff\" data-element_type=\"container\" data-e-type=\"container\">\n\t\t<div class=\"elementor-element elementor-element-a972a14 e-con-full e-flex e-con e-child\" data-id=\"a972a14\" data-element_type=\"container\" data-e-type=\"container\" data-settings=\"{&quot;background_background&quot;:&quot;classic&quot;}\">\n\t\t\t\t<\/div>\n\t\t<div class=\"elementor-element elementor-element-979b936 e-con-full e-flex e-con e-child\" data-id=\"979b936\" data-element_type=\"container\" data-e-type=\"container\" data-settings=\"{&quot;background_background&quot;:&quot;classic&quot;}\">\n\t\t<div class=\"elementor-element elementor-element-ce7735e e-con-full e-flex e-con e-child\" data-id=\"ce7735e\" data-element_type=\"container\" data-e-type=\"container\">\n\t\t\t\t<div class=\"elementor-element elementor-element-e8d61b6 elementor-widget elementor-widget-heading\" data-id=\"e8d61b6\" data-element_type=\"widget\" data-e-type=\"widget\" data-widget_type=\"heading.default\">\n\t\t\t\t\t<h2 class=\"elementor-heading-title elementor-size-default\">Automatische Montage<\/h2>\t\t\t\t<\/div>\n\t\t\t\t<div class=\"elementor-element elementor-element-8551cd4 elementor-widget elementor-widget-text-editor\" data-id=\"8551cd4\" data-element_type=\"widget\" data-e-type=\"widget\" data-widget_type=\"text-editor.default\">\n\t\t\t\t\t\t\t\t\t<p>In der Abteilung f\u00fcr automatische Montage erfolgt die automatische Montage von M\u00f6belrollen und Gummir\u00e4dern&#8230;<\/p>\n\t\t\t\t\t\t\t\t<\/div>\n\t\t\t\t<\/div>\n\t\t\t\t<div class=\"elementor-element elementor-element-fe41892 elementor-position-inline-end elementor-mobile-position-inline-end elementor-view-default elementor-widget elementor-widget-icon-box\" data-id=\"fe41892\" data-element_type=\"widget\" data-e-type=\"widget\" data-widget_type=\"icon-box.default\">\n\t\t\t\t\t\t\t<div class=\"elementor-icon-box-wrapper\">\n\n\t\t\t\t\t\t<div class=\"elementor-icon-box-icon\">\n\t\t\t\t<a href=\"#elementor-action%3Aaction%3Dpopup%3Aopen%26settings%3DeyJpZCI6NDgyNjMsInRvZ2dsZSI6ZmFsc2V9\" title=\"Approfondisci\" class=\"elementor-icon\" tabindex=\"-1\" aria-label=\"mehr erfahren\">\n\t\t\t\t<svg xmlns=\"http:\/\/www.w3.org\/2000\/svg\" id=\"Livello_1\" data-name=\"Livello 1\" viewBox=\"0 0 34.83 34.83\"><defs><style>      .cls-1 {        fill: #b3e5fc;      }    <\/style><\/defs><circle class=\"cls-1\" cx=\"17.42\" cy=\"17.41\" r=\"17.41\"><\/circle><path d=\"M26.27,17.41c0,.49-.4.89-.89.89h-7.09v7.09c0,.49-.4.89-.89.89s-.89-.4-.89-.89v-7.09h-7.09c-.49,0-.89-.4-.89-.89s.4-.89.89-.89h7.09v-7.09c0-.49.4-.89.89-.89s.89.4.89.89v7.09h7.09c.49,0,.89.4.89.89Z\"><\/path><\/svg>\t\t\t\t<\/a>\n\t\t\t<\/div>\n\t\t\t\n\t\t\t\t\t\t<div class=\"elementor-icon-box-content\">\n\n\t\t\t\t\t\t\t\t\t<h3 class=\"elementor-icon-box-title\">\n\t\t\t\t\t\t<a href=\"#elementor-action%3Aaction%3Dpopup%3Aopen%26settings%3DeyJpZCI6NDgyNjMsInRvZ2dsZSI6ZmFsc2V9\" title=\"Approfondisci\" >\n\t\t\t\t\t\t\tmehr erfahren\t\t\t\t\t\t<\/a>\n\t\t\t\t\t<\/h3>\n\t\t\t\t\n\t\t\t\t\n\t\t\t<\/div>\n\t\t\t\n\t\t<\/div>\n\t\t\t\t\t\t<\/div>\n\t\t\t\t<\/div>\n\t\t\t\t<\/div>\n\t\t\t\t<\/div>\n\t\t<div class=\"elementor-element elementor-element-d52c83a e-con-full e-flex e-con e-parent\" data-id=\"d52c83a\" data-element_type=\"container\" data-e-type=\"container\">\n\t\t<div class=\"elementor-element elementor-element-0fe6a58 e-con-full e-flex e-con e-child\" data-id=\"0fe6a58\" data-element_type=\"container\" data-e-type=\"container\">\n\t\t<div class=\"elementor-element elementor-element-51da131 e-con-full e-flex e-con e-child\" data-id=\"51da131\" data-element_type=\"container\" data-e-type=\"container\" data-settings=\"{&quot;background_background&quot;:&quot;classic&quot;}\">\n\t\t\t\t<\/div>\n\t\t<div class=\"elementor-element elementor-element-729fd85 e-con-full e-flex e-con e-child\" data-id=\"729fd85\" data-element_type=\"container\" data-e-type=\"container\" data-settings=\"{&quot;background_background&quot;:&quot;classic&quot;}\">\n\t\t<div class=\"elementor-element elementor-element-37e5c42 e-con-full e-flex e-con e-child\" data-id=\"37e5c42\" data-element_type=\"container\" data-e-type=\"container\">\n\t\t\t\t<div class=\"elementor-element elementor-element-f11d296 elementor-widget elementor-widget-heading\" data-id=\"f11d296\" data-element_type=\"widget\" data-e-type=\"widget\" data-widget_type=\"heading.default\">\n\t\t\t\t\t<h2 class=\"elementor-heading-title elementor-size-default\">Vulkanisation<\/h2>\t\t\t\t<\/div>\n\t\t\t\t<div class=\"elementor-element elementor-element-d959623 elementor-widget elementor-widget-text-editor\" data-id=\"d959623\" data-element_type=\"widget\" data-e-type=\"widget\" data-widget_type=\"text-editor.default\">\n\t\t\t\t\t\t\t\t\t<p>Die Vulkanisationsabteilung widmet sich der Beschichtung von Gusseisen-, Stahl- oder Aluminiumkernen mit Polyurethan&#8230;<\/p>\n\t\t\t\t\t\t\t\t<\/div>\n\t\t\t\t<\/div>\n\t\t\t\t<div class=\"elementor-element elementor-element-1fba186 elementor-position-inline-end elementor-mobile-position-inline-end elementor-view-default elementor-widget elementor-widget-icon-box\" data-id=\"1fba186\" data-element_type=\"widget\" data-e-type=\"widget\" data-widget_type=\"icon-box.default\">\n\t\t\t\t\t\t\t<div class=\"elementor-icon-box-wrapper\">\n\n\t\t\t\t\t\t<div class=\"elementor-icon-box-icon\">\n\t\t\t\t<a href=\"#elementor-action%3Aaction%3Dpopup%3Aopen%26settings%3DeyJpZCI6NDgyNjUsInRvZ2dsZSI6ZmFsc2V9\" title=\"Approfondisci\" class=\"elementor-icon\" tabindex=\"-1\" aria-label=\"mehr erfahren\">\n\t\t\t\t<svg xmlns=\"http:\/\/www.w3.org\/2000\/svg\" id=\"Livello_1\" data-name=\"Livello 1\" viewBox=\"0 0 34.83 34.83\"><defs><style>      .cls-1 {        fill: #b3e5fc;      }    <\/style><\/defs><circle class=\"cls-1\" cx=\"17.42\" cy=\"17.41\" r=\"17.41\"><\/circle><path d=\"M26.27,17.41c0,.49-.4.89-.89.89h-7.09v7.09c0,.49-.4.89-.89.89s-.89-.4-.89-.89v-7.09h-7.09c-.49,0-.89-.4-.89-.89s.4-.89.89-.89h7.09v-7.09c0-.49.4-.89.89-.89s.89.4.89.89v7.09h7.09c.49,0,.89.4.89.89Z\"><\/path><\/svg>\t\t\t\t<\/a>\n\t\t\t<\/div>\n\t\t\t\n\t\t\t\t\t\t<div class=\"elementor-icon-box-content\">\n\n\t\t\t\t\t\t\t\t\t<h3 class=\"elementor-icon-box-title\">\n\t\t\t\t\t\t<a href=\"#elementor-action%3Aaction%3Dpopup%3Aopen%26settings%3DeyJpZCI6NDgyNjUsInRvZ2dsZSI6ZmFsc2V9\" title=\"Approfondisci\" >\n\t\t\t\t\t\t\tmehr erfahren\t\t\t\t\t\t<\/a>\n\t\t\t\t\t<\/h3>\n\t\t\t\t\n\t\t\t\t\n\t\t\t<\/div>\n\t\t\t\n\t\t<\/div>\n\t\t\t\t\t\t<\/div>\n\t\t\t\t<\/div>\n\t\t\t\t<\/div>\n\t\t<div class=\"elementor-element elementor-element-81b8b88 e-con-full e-flex e-con e-child\" data-id=\"81b8b88\" data-element_type=\"container\" data-e-type=\"container\">\n\t\t<div class=\"elementor-element elementor-element-beb1ae4 e-con-full e-flex e-con e-child\" data-id=\"beb1ae4\" data-element_type=\"container\" data-e-type=\"container\" data-settings=\"{&quot;background_background&quot;:&quot;classic&quot;}\">\n\t\t\t\t<\/div>\n\t\t<div class=\"elementor-element elementor-element-e2ef85b e-con-full e-flex e-con e-child\" data-id=\"e2ef85b\" data-element_type=\"container\" data-e-type=\"container\" data-settings=\"{&quot;background_background&quot;:&quot;classic&quot;}\">\n\t\t<div class=\"elementor-element elementor-element-fc3a434 e-con-full e-flex e-con e-child\" data-id=\"fc3a434\" data-element_type=\"container\" data-e-type=\"container\">\n\t\t\t\t<div class=\"elementor-element elementor-element-1923e00 elementor-widget elementor-widget-heading\" data-id=\"1923e00\" data-element_type=\"widget\" data-e-type=\"widget\" data-widget_type=\"heading.default\">\n\t\t\t\t\t<h2 class=\"elementor-heading-title elementor-size-default\">Formgebung (Spritzguss)<\/h2>\t\t\t\t<\/div>\n\t\t\t\t<div class=\"elementor-element elementor-element-31d133a elementor-widget elementor-widget-text-editor\" data-id=\"31d133a\" data-element_type=\"widget\" data-e-type=\"widget\" data-widget_type=\"text-editor.default\">\n\t\t\t\t\t\t\t\t\t<p>In der Kunststoff-Spritzgussabteilung werden thermoplastische Granulate durch Schmelzen und Einspritzen in Formen zu R\u00e4dern verarbeitet&#8230;<\/p>\n\t\t\t\t\t\t\t\t<\/div>\n\t\t\t\t<\/div>\n\t\t\t\t<div class=\"elementor-element elementor-element-7013deb elementor-position-inline-end elementor-mobile-position-inline-end elementor-view-default elementor-widget elementor-widget-icon-box\" data-id=\"7013deb\" data-element_type=\"widget\" data-e-type=\"widget\" data-widget_type=\"icon-box.default\">\n\t\t\t\t\t\t\t<div class=\"elementor-icon-box-wrapper\">\n\n\t\t\t\t\t\t<div class=\"elementor-icon-box-icon\">\n\t\t\t\t<a href=\"#elementor-action%3Aaction%3Dpopup%3Aopen%26settings%3DeyJpZCI6NDgyNjcsInRvZ2dsZSI6ZmFsc2V9\" title=\"Approfondisci\" class=\"elementor-icon\" tabindex=\"-1\" aria-label=\"mehr erfahren\">\n\t\t\t\t<svg xmlns=\"http:\/\/www.w3.org\/2000\/svg\" id=\"Livello_1\" data-name=\"Livello 1\" viewBox=\"0 0 34.83 34.83\"><defs><style>      .cls-1 {        fill: #b3e5fc;      }    <\/style><\/defs><circle class=\"cls-1\" cx=\"17.42\" cy=\"17.41\" r=\"17.41\"><\/circle><path d=\"M26.27,17.41c0,.49-.4.89-.89.89h-7.09v7.09c0,.49-.4.89-.89.89s-.89-.4-.89-.89v-7.09h-7.09c-.49,0-.89-.4-.89-.89s.4-.89.89-.89h7.09v-7.09c0-.49.4-.89.89-.89s.89.4.89.89v7.09h7.09c.49,0,.89.4.89.89Z\"><\/path><\/svg>\t\t\t\t<\/a>\n\t\t\t<\/div>\n\t\t\t\n\t\t\t\t\t\t<div class=\"elementor-icon-box-content\">\n\n\t\t\t\t\t\t\t\t\t<h3 class=\"elementor-icon-box-title\">\n\t\t\t\t\t\t<a href=\"#elementor-action%3Aaction%3Dpopup%3Aopen%26settings%3DeyJpZCI6NDgyNjcsInRvZ2dsZSI6ZmFsc2V9\" title=\"Approfondisci\" >\n\t\t\t\t\t\t\tmehr erfahren\t\t\t\t\t\t<\/a>\n\t\t\t\t\t<\/h3>\n\t\t\t\t\n\t\t\t\t\n\t\t\t<\/div>\n\t\t\t\n\t\t<\/div>\n\t\t\t\t\t\t<\/div>\n\t\t\t\t<\/div>\n\t\t\t\t<\/div>\n\t\t<div class=\"elementor-element elementor-element-7926f47 e-con-full e-flex e-con e-child\" data-id=\"7926f47\" data-element_type=\"container\" data-e-type=\"container\">\n\t\t<div class=\"elementor-element elementor-element-8df0c10 e-con-full e-flex e-con e-child\" data-id=\"8df0c10\" data-element_type=\"container\" data-e-type=\"container\" data-settings=\"{&quot;background_background&quot;:&quot;classic&quot;}\">\n\t\t\t\t<\/div>\n\t\t<div class=\"elementor-element elementor-element-13910dc e-con-full e-flex e-con e-child\" data-id=\"13910dc\" data-element_type=\"container\" data-e-type=\"container\" data-settings=\"{&quot;background_background&quot;:&quot;classic&quot;}\">\n\t\t<div class=\"elementor-element elementor-element-06e1f33 e-con-full e-flex e-con e-child\" data-id=\"06e1f33\" data-element_type=\"container\" data-e-type=\"container\">\n\t\t\t\t<div class=\"elementor-element elementor-element-d29ae98 elementor-widget elementor-widget-heading\" data-id=\"d29ae98\" data-element_type=\"widget\" data-e-type=\"widget\" data-widget_type=\"heading.default\">\n\t\t\t\t\t<h2 class=\"elementor-heading-title elementor-size-default\">Montage und Verpackung<\/h2>\t\t\t\t<\/div>\n\t\t\t\t<div class=\"elementor-element elementor-element-6bf86d7 elementor-widget elementor-widget-text-editor\" data-id=\"6bf86d7\" data-element_type=\"widget\" data-e-type=\"widget\" data-widget_type=\"text-editor.default\">\n\t\t\t\t\t\t\t\t\t<p>In der Montage- und Verpackungsabteilung wird das Endprodukt hergestellt&#8230;<\/p>\n\t\t\t\t\t\t\t\t<\/div>\n\t\t\t\t<\/div>\n\t\t\t\t<div class=\"elementor-element elementor-element-898c335 elementor-position-inline-end elementor-mobile-position-inline-end elementor-view-default elementor-widget elementor-widget-icon-box\" data-id=\"898c335\" data-element_type=\"widget\" data-e-type=\"widget\" data-widget_type=\"icon-box.default\">\n\t\t\t\t\t\t\t<div class=\"elementor-icon-box-wrapper\">\n\n\t\t\t\t\t\t<div class=\"elementor-icon-box-icon\">\n\t\t\t\t<a href=\"#elementor-action%3Aaction%3Dpopup%3Aopen%26settings%3DeyJpZCI6NDgyNjksInRvZ2dsZSI6ZmFsc2V9\" title=\"Approfondisci\" class=\"elementor-icon\" tabindex=\"-1\" aria-label=\"mehr erfahren\">\n\t\t\t\t<svg xmlns=\"http:\/\/www.w3.org\/2000\/svg\" id=\"Livello_1\" data-name=\"Livello 1\" viewBox=\"0 0 34.83 34.83\"><defs><style>      .cls-1 {        fill: #b3e5fc;      }    <\/style><\/defs><circle class=\"cls-1\" cx=\"17.42\" cy=\"17.41\" r=\"17.41\"><\/circle><path d=\"M26.27,17.41c0,.49-.4.89-.89.89h-7.09v7.09c0,.49-.4.89-.89.89s-.89-.4-.89-.89v-7.09h-7.09c-.49,0-.89-.4-.89-.89s.4-.89.89-.89h7.09v-7.09c0-.49.4-.89.89-.89s.89.4.89.89v7.09h7.09c.49,0,.89.4.89.89Z\"><\/path><\/svg>\t\t\t\t<\/a>\n\t\t\t<\/div>\n\t\t\t\n\t\t\t\t\t\t<div class=\"elementor-icon-box-content\">\n\n\t\t\t\t\t\t\t\t\t<h3 class=\"elementor-icon-box-title\">\n\t\t\t\t\t\t<a href=\"#elementor-action%3Aaction%3Dpopup%3Aopen%26settings%3DeyJpZCI6NDgyNjksInRvZ2dsZSI6ZmFsc2V9\" title=\"Approfondisci\" >\n\t\t\t\t\t\t\tmehr erfahren\t\t\t\t\t\t<\/a>\n\t\t\t\t\t<\/h3>\n\t\t\t\t\n\t\t\t\t\n\t\t\t<\/div>\n\t\t\t\n\t\t<\/div>\n\t\t\t\t\t\t<\/div>\n\t\t\t\t<\/div>\n\t\t\t\t<\/div>\n\t\t\t\t<\/div>\n\t\t\t\t<\/div>\n\t\t","protected":false},"excerpt":{"rendered":"<p>Fertigungsprozess Qualit\u00e4t, Kontrolle und integrierte Produktion Die Integration der Hauptproduktionsstufen innerhalb des Unternehmens erm\u00f6glicht eine kontinuierliche und direkte Kontrolle der hohen Qualit\u00e4tsstandards im Prozess. Dieser Ansatz gew\u00e4hrleistet ein synergetisches Management der Schl\u00fcsselphasen und tr\u00e4gt dazu bei, auf jeder Produktionsstufe ein hohes Qualit\u00e4tsniveau zu halten. Die drei angrenzenden Produktionseinheiten erstrecken sich \u00fcber eine Gesamtfl\u00e4che von etwa [&hellip;]<\/p>\n","protected":false},"author":2,"featured_media":0,"parent":0,"menu_order":0,"comment_status":"closed","ping_status":"closed","template":"","meta":{"_acf_changed":false,"footnotes":""},"class_list":["post-48244","page","type-page","status-publish","hentry"],"acf":[],"_links":{"self":[{"href":"https:\/\/www.avo.it\/de\/wp-json\/wp\/v2\/pages\/48244","targetHints":{"allow":["GET"]}}],"collection":[{"href":"https:\/\/www.avo.it\/de\/wp-json\/wp\/v2\/pages"}],"about":[{"href":"https:\/\/www.avo.it\/de\/wp-json\/wp\/v2\/types\/page"}],"author":[{"embeddable":true,"href":"https:\/\/www.avo.it\/de\/wp-json\/wp\/v2\/users\/2"}],"replies":[{"embeddable":true,"href":"https:\/\/www.avo.it\/de\/wp-json\/wp\/v2\/comments?post=48244"}],"version-history":[{"count":5,"href":"https:\/\/www.avo.it\/de\/wp-json\/wp\/v2\/pages\/48244\/revisions"}],"predecessor-version":[{"id":153796,"href":"https:\/\/www.avo.it\/de\/wp-json\/wp\/v2\/pages\/48244\/revisions\/153796"}],"wp:attachment":[{"href":"https:\/\/www.avo.it\/de\/wp-json\/wp\/v2\/media?parent=48244"}],"curies":[{"name":"wp","href":"https:\/\/api.w.org\/{rel}","templated":true}]}}