{"id":48290,"date":"2025-02-19T15:15:52","date_gmt":"2025-02-19T15:15:52","guid":{"rendered":"https:\/\/avo.dkrweb.it\/umwelt\/"},"modified":"2025-12-10T13:32:58","modified_gmt":"2025-12-10T13:32:58","slug":"umwelt","status":"publish","type":"page","link":"https:\/\/www.avo.it\/de\/umwelt\/","title":{"rendered":"Umwelt"},"content":{"rendered":"\t\t<div data-elementor-type=\"wp-page\" data-elementor-id=\"48290\" class=\"elementor elementor-48290 elementor-14337\" data-elementor-post-type=\"page\">\n\t\t\t\t<div class=\"elementor-element elementor-element-fcf94de e-con-full e-flex e-con e-parent\" data-id=\"fcf94de\" data-element_type=\"container\" data-e-type=\"container\">\n\t\t<div class=\"elementor-element elementor-element-df889e9 e-con-full e-flex e-con e-child\" data-id=\"df889e9\" data-element_type=\"container\" data-e-type=\"container\" data-settings=\"{&quot;background_background&quot;:&quot;classic&quot;}\">\n\t\t<div class=\"elementor-element elementor-element-9fe2ef7 e-con-full e-flex e-con e-child\" data-id=\"9fe2ef7\" data-element_type=\"container\" data-e-type=\"container\" data-settings=\"{&quot;background_background&quot;:&quot;classic&quot;}\">\n\t\t\t\t<div class=\"elementor-element elementor-element-7b04e47 elementor-widget elementor-widget-heading\" data-id=\"7b04e47\" data-element_type=\"widget\" data-e-type=\"widget\" data-widget_type=\"heading.default\">\n\t\t\t\t\t<h1 class=\"elementor-heading-title elementor-size-default\">Umwelt<\/h1>\t\t\t\t<\/div>\n\t\t\t\t<\/div>\n\t\t\t\t<\/div>\n\t\t\t\t<\/div>\n\t\t<div class=\"elementor-element elementor-element-8ba9af4 e-con-full e-flex e-con e-parent\" data-id=\"8ba9af4\" data-element_type=\"container\" data-e-type=\"container\">\n\t\t<div class=\"elementor-element elementor-element-8cd4cea e-con-full e-flex e-con e-child\" data-id=\"8cd4cea\" data-element_type=\"container\" data-e-type=\"container\">\n\t\t\t\t<div class=\"elementor-element elementor-element-c858f59 elementor-widget elementor-widget-heading\" data-id=\"c858f59\" data-element_type=\"widget\" data-e-type=\"widget\" data-widget_type=\"heading.default\">\n\t\t\t\t\t<h2 class=\"elementor-heading-title elementor-size-default\">Innovation im Einklang mit der Umwelt<\/h2>\t\t\t\t<\/div>\n\t\t\t\t<\/div>\n\t\t<div class=\"elementor-element elementor-element-644ca84 e-con-full e-flex e-con e-child\" data-id=\"644ca84\" data-element_type=\"container\" data-e-type=\"container\">\n\t\t<div class=\"elementor-element elementor-element-25370b1 e-con-full e-flex e-con e-child\" data-id=\"25370b1\" data-element_type=\"container\" data-e-type=\"container\">\n\t\t\t\t<div class=\"elementor-element elementor-element-032fea8 elementor-widget elementor-widget-text-editor\" data-id=\"032fea8\" data-element_type=\"widget\" data-e-type=\"widget\" data-widget_type=\"text-editor.default\">\n\t\t\t\t\t\t\t\t\t<p><strong>AVO Aldo Valsecchi<\/strong> stellt den Umweltschutz in den Mittelpunkt seiner Unternehmensmission und hat dies durch die Zertifizierung nach <a href=\"https:\/\/www.avo.it\/wp-content\/uploads\/2025\/05\/ISO-14001-CERT-610-2003-AE-TRI-SINCERT-4-en-US-20240410-20240416110952.pdf\">UNI EN ISO 14001<\/a> sowie die Einf\u00fchrung eines Integrierten Qualit\u00e4ts- und Umweltmanagementsystems (IQMS) unterstrichen.<br \/>Das Unternehmen f\u00fchrte eine gr\u00fcndliche Bewertung der Umweltaspekte durch und initiierte eine Reihe von Ma\u00dfnahmen zur Kontrolle und Verringerung sowohl direkter als auch indirekter Umweltbelastungen. Ein bedeutender Fortschritt wurde mit der Installation einer Photovoltaik-Anlage auf dem Produktionsgeb\u00e4ude in der Via XX Settembre 105 mit einer Leistung von 350 kWp erreicht.<\/p>\n\t\t\t\t\t\t\t\t<\/div>\n\t\t<div class=\"elementor-element elementor-element-e920283 e-con-full e-flex e-con e-child\" data-id=\"e920283\" data-element_type=\"container\" data-e-type=\"container\" data-settings=\"{&quot;background_background&quot;:&quot;classic&quot;}\">\n\t\t\t\t<\/div>\n\t\t<div class=\"elementor-element elementor-element-5965a0e e-con-full e-flex e-con e-child\" data-id=\"5965a0e\" data-element_type=\"container\" data-e-type=\"container\">\n\t\t\t\t<div class=\"elementor-element elementor-element-ac89ecd elementor-widget elementor-widget-text-editor\" data-id=\"ac89ecd\" data-element_type=\"widget\" data-e-type=\"widget\" data-widget_type=\"text-editor.default\">\n\t\t\t\t\t\t\t\t\t<p><strong>AVO Aldo Valsecchi<\/strong> engagiert sich konkret f\u00fcr ein verantwortungsbewusstes Umweltmanagement, bewusst der sensiblen Lage des Standorts. Die N\u00e4he zum Lago Maggiore mit seiner Bucht, den T\u00e4lern von Ossola und dem Nationalpark Val Grande macht die Ber\u00fccksichtigung landschaftlicher und naturkundlicher Aspekte besonders wichtig.<\/p>\n<p><strong>AVO Aldo Valsecchi<\/strong> arbeitet kontinuierlich daran, die Umweltbelastungen seiner T\u00e4tigkeit zu minimieren und zeigt dabei gro\u00dfen Respekt f\u00fcr die Sch\u00f6nheit und Zerbrechlichkeit dieser Region. Umweltbewusstsein ist eine wesentliche St\u00e4rke bei der Herstellung unserer Produkte.<\/p>\n<p>In diesem Zusammenhang verpflichtet sich AVO Aldo Valsecchi zur Einhaltung der RoHS-Richtlinie sowie der REACH-Verordnung. Diese Vorschriften legen strenge Grenzen f\u00fcr die Verwendung gef\u00e4hrlicher Stoffe in Produkten fest und gew\u00e4hrleisten Sicherheit sowie \u00f6kologische Nachhaltigkeit.<\/p>\n<p>Das Unternehmen zeichnet sich durch eine tiefgehende Analyse des Produktlebenszyklus aus und stellt den Kunden detaillierte Informationen bereit. In Zusammenarbeit mit f\u00fchrenden italienischen Kunststoffherstellern wird an der Verwendung umweltfreundlicher Polymere geforscht, um die Umweltbelastung zu verringern und nachhaltige L\u00f6sungen zu f\u00f6rdern.<\/p>\n<p>Dieses Engagement f\u00fcr \u00d6kologie und Nachhaltigkeit spiegelt die Verpflichtung zu verantwortungsvollen Fertigungsprozessen wider und erf\u00fcllt gleichzeitig aktuelle Vorschriften sowie die Erwartungen von Kunden, die zunehmend Wert auf umweltfreundliche Produkte legen.<\/p>\n\t\t\t\t\t\t\t\t<\/div>\n\t\t\t\t<\/div>\n\t\t<div class=\"elementor-element elementor-element-9d98ea6 e-con-full e-flex e-con e-child\" data-id=\"9d98ea6\" data-element_type=\"container\" data-e-type=\"container\">\n\t\t\t\t<div class=\"elementor-element elementor-element-1f544ff elementor-widget elementor-widget-image\" data-id=\"1f544ff\" data-element_type=\"widget\" data-e-type=\"widget\" data-widget_type=\"image.default\">\n\t\t\t\t\t\t\t\t\t\t\t\t\t\t\t\t<a href=\"https:\/\/www.reach-italia.info\/index_en.php\" target=\"_blank\" title=\"Reach\">\n\t\t\t\t\t\t\t<img fetchpriority=\"high\" decoding=\"async\" width=\"565\" height=\"294\" src=\"https:\/\/www.avo.it\/wp-content\/uploads\/2025\/04\/reach-logo.jpg\" class=\"attachment-full size-full wp-image-48293\" alt=\"\" srcset=\"https:\/\/www.avo.it\/wp-content\/uploads\/2025\/04\/reach-logo.jpg 565w, https:\/\/www.avo.it\/wp-content\/uploads\/2025\/04\/reach-logo-300x156.jpg 300w\" sizes=\"(max-width: 565px) 100vw, 565px\" \/>\t\t\t\t\t\t\t\t<\/a>\n\t\t\t\t\t\t\t\t\t\t\t\t\t\t\t<\/div>\n\t\t\t\t<div class=\"elementor-element elementor-element-d9992c1 elementor-widget elementor-widget-image\" data-id=\"d9992c1\" data-element_type=\"widget\" data-e-type=\"widget\" data-widget_type=\"image.default\">\n\t\t\t\t\t\t\t\t\t\t\t\t\t\t\t\t<a href=\"https:\/\/environment.ec.europa.eu\/topics\/waste-and-recycling\/rohs-directive_de\" target=\"_blank\" title=\"Rohs\">\n\t\t\t\t\t\t\t<img decoding=\"async\" width=\"116\" height=\"116\" src=\"https:\/\/www.avo.it\/wp-content\/uploads\/2025\/04\/rohs-logo.jpg\" class=\"attachment-full size-full wp-image-48294\" alt=\"\" \/>\t\t\t\t\t\t\t\t<\/a>\n\t\t\t\t\t\t\t\t\t\t\t\t\t\t\t<\/div>\n\t\t\t\t<div class=\"elementor-element elementor-element-430a6c8 elementor-widget elementor-widget-image\" data-id=\"430a6c8\" data-element_type=\"widget\" data-e-type=\"widget\" data-widget_type=\"image.default\">\n\t\t\t\t\t\t\t\t\t\t\t\t\t\t\t\t<a href=\"https:\/\/avo.dkrweb.it\/wp-content\/uploads\/2025\/04\/AVO_smaltimento_prodotti.pdf\" target=\"_blank\" title=\"Smaltimento\">\n\t\t\t\t\t\t\t<img decoding=\"async\" src=\"https:\/\/www.avo.it\/wp-content\/uploads\/2025\/04\/AVO-trash-icon.svg\" class=\"attachment-full size-full wp-image-48295\" alt=\"\" \/>\t\t\t\t\t\t\t\t<\/a>\n\t\t\t\t\t\t\t\t\t\t\t\t\t\t\t<\/div>\n\t\t\t\t<div class=\"elementor-element elementor-element-0c79b59 elementor-widget elementor-widget-image\" data-id=\"0c79b59\" data-element_type=\"widget\" data-e-type=\"widget\" data-widget_type=\"image.default\">\n\t\t\t\t\t\t\t\t\t\t\t\t\t\t\t\t<a href=\"https:\/\/www.distrettolaghi.it\/de\" target=\"_blank\" title=\"Distretto turistico dei laghi\">\n\t\t\t\t\t\t\t<img decoding=\"async\" width=\"1200\" height=\"267\" src=\"https:\/\/www.avo.it\/wp-content\/uploads\/2025\/04\/Logo-distretto-turistico-dei-laghi.jpg\" class=\"attachment-full size-full wp-image-28795\" alt=\"Logo distretto turistico dei laghi\" srcset=\"https:\/\/www.avo.it\/wp-content\/uploads\/2025\/04\/Logo-distretto-turistico-dei-laghi.jpg 1200w, https:\/\/www.avo.it\/wp-content\/uploads\/2025\/04\/Logo-distretto-turistico-dei-laghi-300x67.jpg 300w, https:\/\/www.avo.it\/wp-content\/uploads\/2025\/04\/Logo-distretto-turistico-dei-laghi-1024x228.jpg 1024w, https:\/\/www.avo.it\/wp-content\/uploads\/2025\/04\/Logo-distretto-turistico-dei-laghi-768x171.jpg 768w\" sizes=\"(max-width: 1200px) 100vw, 1200px\" \/>\t\t\t\t\t\t\t\t<\/a>\n\t\t\t\t\t\t\t\t\t\t\t\t\t\t\t<\/div>\n\t\t\t\t<div class=\"elementor-element elementor-element-9bb7098 elementor-widget elementor-widget-image\" data-id=\"9bb7098\" data-element_type=\"widget\" data-e-type=\"widget\" data-widget_type=\"image.default\">\n\t\t\t\t\t\t\t\t\t\t\t\t\t\t\t\t<a href=\"https:\/\/www.parcovalgrande.it\/Gindex.php\" target=\"_blank\" title=\"Valgrande\">\n\t\t\t\t\t\t\t<img loading=\"lazy\" decoding=\"async\" width=\"313\" height=\"189\" src=\"https:\/\/www.avo.it\/wp-content\/uploads\/2025\/04\/logo-parco-valgrande.png\" class=\"attachment-full size-full wp-image-48296\" alt=\"\" srcset=\"https:\/\/www.avo.it\/wp-content\/uploads\/2025\/04\/logo-parco-valgrande.png 313w, https:\/\/www.avo.it\/wp-content\/uploads\/2025\/04\/logo-parco-valgrande-300x181.png 300w\" sizes=\"(max-width: 313px) 100vw, 313px\" \/>\t\t\t\t\t\t\t\t<\/a>\n\t\t\t\t\t\t\t\t\t\t\t\t\t\t\t<\/div>\n\t\t\t\t<\/div>\n\t\t\t\t<\/div>\n\t\t\t\t<\/div>\n\t\t\t\t<\/div>\n\t\t\t\t<\/div>\n\t\t","protected":false},"excerpt":{"rendered":"<p>Umwelt Innovation im Einklang mit der Umwelt AVO Aldo Valsecchi stellt den Umweltschutz in den Mittelpunkt seiner Unternehmensmission und hat dies durch die Zertifizierung nach UNI EN ISO 14001 sowie die Einf\u00fchrung eines Integrierten Qualit\u00e4ts- und Umweltmanagementsystems (IQMS) unterstrichen.Das Unternehmen f\u00fchrte eine gr\u00fcndliche Bewertung der Umweltaspekte durch und initiierte eine Reihe von Ma\u00dfnahmen zur Kontrolle [&hellip;]<\/p>\n","protected":false},"author":2,"featured_media":0,"parent":0,"menu_order":0,"comment_status":"closed","ping_status":"closed","template":"","meta":{"_acf_changed":false,"footnotes":""},"class_list":["post-48290","page","type-page","status-publish","hentry"],"acf":[],"_links":{"self":[{"href":"https:\/\/www.avo.it\/de\/wp-json\/wp\/v2\/pages\/48290","targetHints":{"allow":["GET"]}}],"collection":[{"href":"https:\/\/www.avo.it\/de\/wp-json\/wp\/v2\/pages"}],"about":[{"href":"https:\/\/www.avo.it\/de\/wp-json\/wp\/v2\/types\/page"}],"author":[{"embeddable":true,"href":"https:\/\/www.avo.it\/de\/wp-json\/wp\/v2\/users\/2"}],"replies":[{"embeddable":true,"href":"https:\/\/www.avo.it\/de\/wp-json\/wp\/v2\/comments?post=48290"}],"version-history":[{"count":5,"href":"https:\/\/www.avo.it\/de\/wp-json\/wp\/v2\/pages\/48290\/revisions"}],"predecessor-version":[{"id":153801,"href":"https:\/\/www.avo.it\/de\/wp-json\/wp\/v2\/pages\/48290\/revisions\/153801"}],"wp:attachment":[{"href":"https:\/\/www.avo.it\/de\/wp-json\/wp\/v2\/media?parent=48290"}],"curies":[{"name":"wp","href":"https:\/\/api.w.org\/{rel}","templated":true}]}}