{"id":48303,"date":"2025-02-19T16:07:43","date_gmt":"2025-02-19T16:07:43","guid":{"rendered":"https:\/\/avo.dkrweb.it\/zertifizierungen\/"},"modified":"2025-12-10T13:34:11","modified_gmt":"2025-12-10T13:34:11","slug":"zertifizierungen","status":"publish","type":"page","link":"https:\/\/www.avo.it\/de\/zertifizierungen\/","title":{"rendered":"Zertifizierungen"},"content":{"rendered":"\t\t<div data-elementor-type=\"wp-page\" data-elementor-id=\"48303\" class=\"elementor elementor-48303 elementor-14355\" data-elementor-post-type=\"page\">\n\t\t\t\t<div class=\"elementor-element elementor-element-ebdb9cf e-con-full e-flex e-con e-parent\" data-id=\"ebdb9cf\" data-element_type=\"container\" data-e-type=\"container\">\n\t\t<div class=\"elementor-element elementor-element-ef0484c e-con-full e-flex e-con e-child\" data-id=\"ef0484c\" data-element_type=\"container\" data-e-type=\"container\" data-settings=\"{&quot;background_background&quot;:&quot;classic&quot;}\">\n\t\t<div class=\"elementor-element elementor-element-7a9f84f e-con-full e-flex e-con e-child\" data-id=\"7a9f84f\" data-element_type=\"container\" data-e-type=\"container\" data-settings=\"{&quot;background_background&quot;:&quot;classic&quot;}\">\n\t\t\t\t<div class=\"elementor-element elementor-element-c2aaeca elementor-widget elementor-widget-heading\" data-id=\"c2aaeca\" data-element_type=\"widget\" data-e-type=\"widget\" data-widget_type=\"heading.default\">\n\t\t\t\t\t<h1 class=\"elementor-heading-title elementor-size-default\"><span>Zertifizierungen<\/span><\/h1>\t\t\t\t<\/div>\n\t\t\t\t<\/div>\n\t\t\t\t<\/div>\n\t\t\t\t<\/div>\n\t\t<div class=\"elementor-element elementor-element-a671099 e-con-full e-flex e-con e-parent\" data-id=\"a671099\" data-element_type=\"container\" data-e-type=\"container\">\n\t\t<div class=\"elementor-element elementor-element-b1dee49 e-con-full e-flex e-con e-child\" data-id=\"b1dee49\" data-element_type=\"container\" data-e-type=\"container\">\n\t\t\t\t<div class=\"elementor-element elementor-element-1083780 elementor-widget elementor-widget-heading\" data-id=\"1083780\" data-element_type=\"widget\" data-e-type=\"widget\" data-widget_type=\"heading.default\">\n\t\t\t\t\t<h2 class=\"elementor-heading-title elementor-size-default\">Qualit\u00e4tsmanagement<\/h2>\t\t\t\t<\/div>\n\t\t\t\t<\/div>\n\t\t<div class=\"elementor-element elementor-element-c9fd08d e-con-full e-flex e-con e-child\" data-id=\"c9fd08d\" data-element_type=\"container\" data-e-type=\"container\">\n\t\t<div class=\"elementor-element elementor-element-381433c e-con-full e-flex e-con e-child\" data-id=\"381433c\" data-element_type=\"container\" data-e-type=\"container\">\n\t\t\t\t<div class=\"elementor-element elementor-element-a30ad4a elementor-widget elementor-widget-text-editor\" data-id=\"a30ad4a\" data-element_type=\"widget\" data-e-type=\"widget\" data-widget_type=\"text-editor.default\">\n\t\t\t\t\t\t\t\t\t<p><strong>AVO Aldo Valsecchi<\/strong> verpflichtet sich, Produkte herzustellen, die den strengen internationalen Vorschriften der R\u00e4der- und Lenkrollenbranche entsprechen. Dieses Engagement zielt darauf ab, hohe Qualit\u00e4ts- und Sicherheitsstandards sicherzustellen.<br \/>Die Einhaltung von Normen ist ein zentrales Prinzip, das durch einen prozessorientierten Ansatz und die Kunden-Lieferanten-Kette gew\u00e4hrleistet wird, unterst\u00fctzt durch das Integrierte Qualit\u00e4ts- und Umweltmanagementsystem (IQMS), das die Anforderungen der UNI EN ISO 9001 und UNI EN ISO 14001 erf\u00fcllt.<\/p>\n<p>Mitarbeiterschulungen haben hohe Priorit\u00e4t, regelm\u00e4\u00dfige Updates stellen sicher, dass die Belegschaft technologisch stets auf dem neuesten Stand ist und mit modernsten Produktionsanlagen sowie fortschrittlichen IT-Tools arbeitet \u2013 im Einklang mit der Unternehmensphilosophie.<\/p>\n<p>Das Qualit\u00e4tsverst\u00e4ndnis erstreckt sich auch auf die sorgf\u00e4ltige Auswahl der Lieferanten, die strengen Kontrollen und schriftlichen Vorgaben unterliegen. Flexibilit\u00e4t ist zudem eine wesentliche Anforderung an die Partner von AVO Aldo Valsecchi , die durch ihre Zusammenarbeit Synergien mit dem Unternehmen maximieren sollen.<\/p>\n<p>Die Unternehmenspolitik stellt die Erf\u00fcllung von Anforderungen und die Sicherstellung der Kundenzufriedenheit in den Mittelpunkt. Die Kundenbindung wird durch st\u00e4ndige Prozesskontrollen mittels Kontrollkarten und Qualit\u00e4tsmanagementkarten hervorgehoben.<\/p>\n<p>Spezialprozesse sind mit Messinstrumenten zertifiziert, die speziell von der Qualit\u00e4tskontrolle (GQ) von AVO Aldo Valsecchi entwickelt wurden.<\/p>\n\t\t\t\t\t\t\t\t<\/div>\n\t\t\t\t<\/div>\n\t\t<div class=\"elementor-element elementor-element-cfb1f8a e-con-full e-flex e-con e-child\" data-id=\"cfb1f8a\" data-element_type=\"container\" data-e-type=\"container\" data-settings=\"{&quot;background_background&quot;:&quot;classic&quot;}\">\n\t\t\t\t<\/div>\n\t\t\t\t<\/div>\n\t\t\t\t<\/div>\n\t\t<div class=\"elementor-element elementor-element-d01943f e-con-full e-flex e-con e-parent\" data-id=\"d01943f\" data-element_type=\"container\" data-e-type=\"container\">\n\t\t\t\t<div class=\"elementor-element elementor-element-da2e669 elementor-widget elementor-widget-heading\" data-id=\"da2e669\" data-element_type=\"widget\" data-e-type=\"widget\" data-widget_type=\"heading.default\">\n\t\t\t\t\t<h2 class=\"elementor-heading-title elementor-size-default\">Unsere Zertifizierungen<\/h2>\t\t\t\t<\/div>\n\t\t<div class=\"elementor-element elementor-element-022752d e-con-full e-flex e-con e-child\" data-id=\"022752d\" data-element_type=\"container\" data-e-type=\"container\">\n\t\t<div class=\"elementor-element elementor-element-6d6213f e-con-full e-flex e-con e-child\" data-id=\"6d6213f\" data-element_type=\"container\" data-e-type=\"container\">\n\t\t\t\t<div class=\"elementor-element elementor-element-c8fd8f2 elementor-position-inline-start elementor-view-default elementor-mobile-position-block-start elementor-widget elementor-widget-icon-box\" data-id=\"c8fd8f2\" data-element_type=\"widget\" data-e-type=\"widget\" data-widget_type=\"icon-box.default\">\n\t\t\t\t\t\t\t<div class=\"elementor-icon-box-wrapper\">\n\n\t\t\t\t\t\t<div class=\"elementor-icon-box-icon\">\n\t\t\t\t<span  class=\"elementor-icon\">\n\t\t\t\t<svg xmlns=\"http:\/\/www.w3.org\/2000\/svg\" viewBox=\"0 0 24 24\"><path d=\"m7,13h5v1h-5v-1Zm10-4H7v1h10v-1Zm0-4H7v1h10v-1Zm4,12.942v5.998l-2.5-1.683-2.5,1.683v-5.998c-.617-.631-1-1.492-1-2.442,0-1.93,1.57-3.5,3.5-3.5.539,0,1.044.133,1.5.351V2.5c0-.827-.673-1.5-1.5-1.5H5.5c-.827,0-1.5.673-1.5,1.5v18.5h10v1H3V2.5c0-1.378,1.121-2.5,2.5-2.5h13c1.379,0,2.5,1.122,2.5,2.5v10.558c.617.631,1,1.492,1,2.442s-.383,1.81-1,2.442Zm-5-2.442c0,1.378,1.121,2.5,2.5,2.5s2.5-1.122,2.5-2.5-1.121-2.5-2.5-2.5-2.5,1.122-2.5,2.5Zm4,6.561v-3.412c-.456.219-.961.351-1.5.351s-1.044-.133-1.5-.351v3.412l1.5-1.009,1.5,1.009Z\"><\/path><\/svg>\t\t\t\t<\/span>\n\t\t\t<\/div>\n\t\t\t\n\t\t\t\t\t\t<div class=\"elementor-icon-box-content\">\n\n\t\t\t\t\t\t\t\t\t<h3 class=\"elementor-icon-box-title\">\n\t\t\t\t\t\t<span  >\n\t\t\t\t\t\t\tUNI EN ISO 9001\t\t\t\t\t\t<\/span>\n\t\t\t\t\t<\/h3>\n\t\t\t\t\n\t\t\t\t\n\t\t\t<\/div>\n\t\t\t\n\t\t<\/div>\n\t\t\t\t\t\t<\/div>\n\t\t\t\t<div class=\"elementor-element elementor-element-112ebbd elementor-position-inline-end elementor-mobile-position-inline-end elementor-view-default elementor-widget elementor-widget-icon-box\" data-id=\"112ebbd\" data-element_type=\"widget\" data-e-type=\"widget\" data-widget_type=\"icon-box.default\">\n\t\t\t\t\t\t\t<div class=\"elementor-icon-box-wrapper\">\n\n\t\t\t\t\t\t<div class=\"elementor-icon-box-icon\">\n\t\t\t\t<a href=\"https:\/\/avo.dkrweb.it\/wp-content\/uploads\/2025\/05\/ISO-9001-CERT-06329-2000-AQ-TRI-SINCERT-4-en-US-20240410-20240416110802.pdf\" target=\"_blank\" title=\"Vedi certificazione ISO 9001\" class=\"elementor-icon\" tabindex=\"-1\" aria-label=\"Zertifikate einsehbar\">\n\t\t\t\t<svg xmlns=\"http:\/\/www.w3.org\/2000\/svg\" id=\"Livello_1\" data-name=\"Livello 1\" viewBox=\"0 0 36.78 36.78\"><defs><style>      .cls-1 {        fill: #b3e5fc;      }      .cls-2 {        fill: #21355a;      }    <\/style><\/defs><circle class=\"cls-1\" cx=\"18.39\" cy=\"18.39\" r=\"18.39\"><\/circle><path class=\"cls-2\" d=\"M13.65,26.72l7.81-7.81c.28-.28.28-.77,0-1.04l-7.81-7.81,1.04-1.04,7.81,7.81c.84.84.84,2.3,0,3.13l-7.81,7.81-1.04-1.04Z\"><\/path><\/svg>\t\t\t\t<\/a>\n\t\t\t<\/div>\n\t\t\t\n\t\t\t\t\t\t<div class=\"elementor-icon-box-content\">\n\n\t\t\t\t\t\t\t\t\t<h3 class=\"elementor-icon-box-title\">\n\t\t\t\t\t\t<a href=\"https:\/\/avo.dkrweb.it\/wp-content\/uploads\/2025\/05\/ISO-9001-CERT-06329-2000-AQ-TRI-SINCERT-4-en-US-20240410-20240416110802.pdf\" target=\"_blank\" title=\"Vedi certificazione ISO 9001\" >\n\t\t\t\t\t\t\tZertifikate einsehbar\t\t\t\t\t\t<\/a>\n\t\t\t\t\t<\/h3>\n\t\t\t\t\n\t\t\t\t\n\t\t\t<\/div>\n\t\t\t\n\t\t<\/div>\n\t\t\t\t\t\t<\/div>\n\t\t\t\t<\/div>\n\t\t<div class=\"elementor-element elementor-element-ab2a0c3 e-con-full e-flex e-con e-child\" data-id=\"ab2a0c3\" data-element_type=\"container\" data-e-type=\"container\">\n\t\t\t\t<div class=\"elementor-element elementor-element-b75d04f elementor-position-inline-start elementor-view-default elementor-mobile-position-block-start elementor-widget elementor-widget-icon-box\" data-id=\"b75d04f\" data-element_type=\"widget\" data-e-type=\"widget\" data-widget_type=\"icon-box.default\">\n\t\t\t\t\t\t\t<div class=\"elementor-icon-box-wrapper\">\n\n\t\t\t\t\t\t<div class=\"elementor-icon-box-icon\">\n\t\t\t\t<span  class=\"elementor-icon\">\n\t\t\t\t<svg xmlns=\"http:\/\/www.w3.org\/2000\/svg\" viewBox=\"0 0 24 24\"><path d=\"m7,13h5v1h-5v-1Zm10-4H7v1h10v-1Zm0-4H7v1h10v-1Zm4,12.942v5.998l-2.5-1.683-2.5,1.683v-5.998c-.617-.631-1-1.492-1-2.442,0-1.93,1.57-3.5,3.5-3.5.539,0,1.044.133,1.5.351V2.5c0-.827-.673-1.5-1.5-1.5H5.5c-.827,0-1.5.673-1.5,1.5v18.5h10v1H3V2.5c0-1.378,1.121-2.5,2.5-2.5h13c1.379,0,2.5,1.122,2.5,2.5v10.558c.617.631,1,1.492,1,2.442s-.383,1.81-1,2.442Zm-5-2.442c0,1.378,1.121,2.5,2.5,2.5s2.5-1.122,2.5-2.5-1.121-2.5-2.5-2.5-2.5,1.122-2.5,2.5Zm4,6.561v-3.412c-.456.219-.961.351-1.5.351s-1.044-.133-1.5-.351v3.412l1.5-1.009,1.5,1.009Z\"><\/path><\/svg>\t\t\t\t<\/span>\n\t\t\t<\/div>\n\t\t\t\n\t\t\t\t\t\t<div class=\"elementor-icon-box-content\">\n\n\t\t\t\t\t\t\t\t\t<h3 class=\"elementor-icon-box-title\">\n\t\t\t\t\t\t<span  >\n\t\t\t\t\t\t\tUNI EN ISO 14001\t\t\t\t\t\t<\/span>\n\t\t\t\t\t<\/h3>\n\t\t\t\t\n\t\t\t\t\n\t\t\t<\/div>\n\t\t\t\n\t\t<\/div>\n\t\t\t\t\t\t<\/div>\n\t\t\t\t<div class=\"elementor-element elementor-element-9d58a30 elementor-position-inline-end elementor-mobile-position-inline-end elementor-view-default elementor-widget elementor-widget-icon-box\" data-id=\"9d58a30\" data-element_type=\"widget\" data-e-type=\"widget\" data-widget_type=\"icon-box.default\">\n\t\t\t\t\t\t\t<div class=\"elementor-icon-box-wrapper\">\n\n\t\t\t\t\t\t<div class=\"elementor-icon-box-icon\">\n\t\t\t\t<a href=\"https:\/\/avo.dkrweb.it\/wp-content\/uploads\/2025\/05\/ISO-14001-CERT-610-2003-AE-TRI-SINCERT-4-en-US-20240410-20240416110952.pdf\" target=\"_blank\" title=\"Vedi certificazione ISO 14001\" class=\"elementor-icon\" tabindex=\"-1\" aria-label=\"Zertifikate einsehbar\">\n\t\t\t\t<svg xmlns=\"http:\/\/www.w3.org\/2000\/svg\" id=\"Livello_1\" data-name=\"Livello 1\" viewBox=\"0 0 36.78 36.78\"><defs><style>      .cls-1 {        fill: #b3e5fc;      }      .cls-2 {        fill: #21355a;      }    <\/style><\/defs><circle class=\"cls-1\" cx=\"18.39\" cy=\"18.39\" r=\"18.39\"><\/circle><path class=\"cls-2\" d=\"M13.65,26.72l7.81-7.81c.28-.28.28-.77,0-1.04l-7.81-7.81,1.04-1.04,7.81,7.81c.84.84.84,2.3,0,3.13l-7.81,7.81-1.04-1.04Z\"><\/path><\/svg>\t\t\t\t<\/a>\n\t\t\t<\/div>\n\t\t\t\n\t\t\t\t\t\t<div class=\"elementor-icon-box-content\">\n\n\t\t\t\t\t\t\t\t\t<h3 class=\"elementor-icon-box-title\">\n\t\t\t\t\t\t<a href=\"https:\/\/avo.dkrweb.it\/wp-content\/uploads\/2025\/05\/ISO-14001-CERT-610-2003-AE-TRI-SINCERT-4-en-US-20240410-20240416110952.pdf\" target=\"_blank\" title=\"Vedi certificazione ISO 14001\" >\n\t\t\t\t\t\t\tZertifikate einsehbar\t\t\t\t\t\t<\/a>\n\t\t\t\t\t<\/h3>\n\t\t\t\t\n\t\t\t\t\n\t\t\t<\/div>\n\t\t\t\n\t\t<\/div>\n\t\t\t\t\t\t<\/div>\n\t\t\t\t<\/div>\n\t\t<div class=\"elementor-element elementor-element-8b786d8 e-con-full e-flex e-con e-child\" data-id=\"8b786d8\" data-element_type=\"container\" data-e-type=\"container\">\n\t\t\t\t<div class=\"elementor-element elementor-element-85cb2a8 elementor-position-inline-start elementor-view-default elementor-mobile-position-block-start elementor-widget elementor-widget-icon-box\" data-id=\"85cb2a8\" data-element_type=\"widget\" data-e-type=\"widget\" data-widget_type=\"icon-box.default\">\n\t\t\t\t\t\t\t<div class=\"elementor-icon-box-wrapper\">\n\n\t\t\t\t\t\t<div class=\"elementor-icon-box-icon\">\n\t\t\t\t<span  class=\"elementor-icon\">\n\t\t\t\t<svg xmlns=\"http:\/\/www.w3.org\/2000\/svg\" viewBox=\"0 0 24 24\"><path d=\"m7,13h5v1h-5v-1Zm10-4H7v1h10v-1Zm0-4H7v1h10v-1Zm4,12.942v5.998l-2.5-1.683-2.5,1.683v-5.998c-.617-.631-1-1.492-1-2.442,0-1.93,1.57-3.5,3.5-3.5.539,0,1.044.133,1.5.351V2.5c0-.827-.673-1.5-1.5-1.5H5.5c-.827,0-1.5.673-1.5,1.5v18.5h10v1H3V2.5c0-1.378,1.121-2.5,2.5-2.5h13c1.379,0,2.5,1.122,2.5,2.5v10.558c.617.631,1,1.492,1,2.442s-.383,1.81-1,2.442Zm-5-2.442c0,1.378,1.121,2.5,2.5,2.5s2.5-1.122,2.5-2.5-1.121-2.5-2.5-2.5-2.5,1.122-2.5,2.5Zm4,6.561v-3.412c-.456.219-.961.351-1.5.351s-1.044-.133-1.5-.351v3.412l1.5-1.009,1.5,1.009Z\"><\/path><\/svg>\t\t\t\t<\/span>\n\t\t\t<\/div>\n\t\t\t\n\t\t\t\t\t\t<div class=\"elementor-icon-box-content\">\n\n\t\t\t\t\t\t\t\t\t<h3 class=\"elementor-icon-box-title\">\n\t\t\t\t\t\t<span  >\n\t\t\t\t\t\t\tAEO-ZERTIFIZIERUNG\t\t\t\t\t\t<\/span>\n\t\t\t\t\t<\/h3>\n\t\t\t\t\n\t\t\t\t\n\t\t\t<\/div>\n\t\t\t\n\t\t<\/div>\n\t\t\t\t\t\t<\/div>\n\t\t\t\t<div class=\"elementor-element elementor-element-be32696 elementor-position-inline-end elementor-mobile-position-inline-end elementor-view-default elementor-widget elementor-widget-icon-box\" data-id=\"be32696\" data-element_type=\"widget\" data-e-type=\"widget\" data-widget_type=\"icon-box.default\">\n\t\t\t\t\t\t\t<div class=\"elementor-icon-box-wrapper\">\n\n\t\t\t\t\t\t<div class=\"elementor-icon-box-icon\">\n\t\t\t\t<a href=\"https:\/\/www.adm.gov.it\/portale\/en\/dogane\/operatore\/operatore-economico-autorizzato-aeo\/conosci-aeo\" target=\"_blank\" title=\"Vedi certificazione AEO\" class=\"elementor-icon\" tabindex=\"-1\" aria-label=\"Zertifikate einsehbar\">\n\t\t\t\t<svg xmlns=\"http:\/\/www.w3.org\/2000\/svg\" id=\"Livello_1\" data-name=\"Livello 1\" viewBox=\"0 0 36.78 36.78\"><defs><style>      .cls-1 {        fill: #b3e5fc;      }      .cls-2 {        fill: #21355a;      }    <\/style><\/defs><circle class=\"cls-1\" cx=\"18.39\" cy=\"18.39\" r=\"18.39\"><\/circle><path class=\"cls-2\" d=\"M13.65,26.72l7.81-7.81c.28-.28.28-.77,0-1.04l-7.81-7.81,1.04-1.04,7.81,7.81c.84.84.84,2.3,0,3.13l-7.81,7.81-1.04-1.04Z\"><\/path><\/svg>\t\t\t\t<\/a>\n\t\t\t<\/div>\n\t\t\t\n\t\t\t\t\t\t<div class=\"elementor-icon-box-content\">\n\n\t\t\t\t\t\t\t\t\t<h3 class=\"elementor-icon-box-title\">\n\t\t\t\t\t\t<a href=\"https:\/\/www.adm.gov.it\/portale\/en\/dogane\/operatore\/operatore-economico-autorizzato-aeo\/conosci-aeo\" target=\"_blank\" title=\"Vedi certificazione AEO\" >\n\t\t\t\t\t\t\tZertifikate einsehbar\t\t\t\t\t\t<\/a>\n\t\t\t\t\t<\/h3>\n\t\t\t\t\n\t\t\t\t\n\t\t\t<\/div>\n\t\t\t\n\t\t<\/div>\n\t\t\t\t\t\t<\/div>\n\t\t\t\t<\/div>\n\t\t<div class=\"elementor-element elementor-element-cf09664 e-con-full e-flex e-con e-child\" data-id=\"cf09664\" data-element_type=\"container\" data-e-type=\"container\">\n\t\t\t\t<div class=\"elementor-element elementor-element-81d6636 elementor-position-inline-start elementor-view-default elementor-mobile-position-block-start elementor-widget elementor-widget-icon-box\" data-id=\"81d6636\" data-element_type=\"widget\" data-e-type=\"widget\" data-widget_type=\"icon-box.default\">\n\t\t\t\t\t\t\t<div class=\"elementor-icon-box-wrapper\">\n\n\t\t\t\t\t\t<div class=\"elementor-icon-box-icon\">\n\t\t\t\t<span  class=\"elementor-icon\">\n\t\t\t\t<svg xmlns=\"http:\/\/www.w3.org\/2000\/svg\" viewBox=\"0 0 24 24\"><path d=\"m7,13h5v1h-5v-1Zm10-4H7v1h10v-1Zm0-4H7v1h10v-1Zm4,12.942v5.998l-2.5-1.683-2.5,1.683v-5.998c-.617-.631-1-1.492-1-2.442,0-1.93,1.57-3.5,3.5-3.5.539,0,1.044.133,1.5.351V2.5c0-.827-.673-1.5-1.5-1.5H5.5c-.827,0-1.5.673-1.5,1.5v18.5h10v1H3V2.5c0-1.378,1.121-2.5,2.5-2.5h13c1.379,0,2.5,1.122,2.5,2.5v10.558c.617.631,1,1.492,1,2.442s-.383,1.81-1,2.442Zm-5-2.442c0,1.378,1.121,2.5,2.5,2.5s2.5-1.122,2.5-2.5-1.121-2.5-2.5-2.5-2.5,1.122-2.5,2.5Zm4,6.561v-3.412c-.456.219-.961.351-1.5.351s-1.044-.133-1.5-.351v3.412l1.5-1.009,1.5,1.009Z\"><\/path><\/svg>\t\t\t\t<\/span>\n\t\t\t<\/div>\n\t\t\t\n\t\t\t\t\t\t<div class=\"elementor-icon-box-content\">\n\n\t\t\t\t\t\t\t\t\t<h3 class=\"elementor-icon-box-title\">\n\t\t\t\t\t\t<span  >\n\t\t\t\t\t\t\tHISTORISCHE MARKE\t\t\t\t\t\t<\/span>\n\t\t\t\t\t<\/h3>\n\t\t\t\t\n\t\t\t\t\n\t\t\t<\/div>\n\t\t\t\n\t\t<\/div>\n\t\t\t\t\t\t<\/div>\n\t\t\t\t<div class=\"elementor-element elementor-element-8047659 elementor-position-inline-end elementor-mobile-position-inline-end elementor-view-default elementor-widget elementor-widget-icon-box\" data-id=\"8047659\" data-element_type=\"widget\" data-e-type=\"widget\" data-widget_type=\"icon-box.default\">\n\t\t\t\t\t\t\t<div class=\"elementor-icon-box-wrapper\">\n\n\t\t\t\t\t\t<div class=\"elementor-icon-box-icon\">\n\t\t\t\t<a href=\"https:\/\/uibm.mise.gov.it\/index.php\/it\/marchio-storico-di-interesse-nazionale\" target=\"_blank\" title=\"Vedi certificazione marchio storico\" class=\"elementor-icon\" tabindex=\"-1\" aria-label=\"Zertifikate einsehbar\">\n\t\t\t\t<svg xmlns=\"http:\/\/www.w3.org\/2000\/svg\" id=\"Livello_1\" data-name=\"Livello 1\" viewBox=\"0 0 36.78 36.78\"><defs><style>      .cls-1 {        fill: #b3e5fc;      }      .cls-2 {        fill: #21355a;      }    <\/style><\/defs><circle class=\"cls-1\" cx=\"18.39\" cy=\"18.39\" r=\"18.39\"><\/circle><path class=\"cls-2\" d=\"M13.65,26.72l7.81-7.81c.28-.28.28-.77,0-1.04l-7.81-7.81,1.04-1.04,7.81,7.81c.84.84.84,2.3,0,3.13l-7.81,7.81-1.04-1.04Z\"><\/path><\/svg>\t\t\t\t<\/a>\n\t\t\t<\/div>\n\t\t\t\n\t\t\t\t\t\t<div class=\"elementor-icon-box-content\">\n\n\t\t\t\t\t\t\t\t\t<h3 class=\"elementor-icon-box-title\">\n\t\t\t\t\t\t<a href=\"https:\/\/uibm.mise.gov.it\/index.php\/it\/marchio-storico-di-interesse-nazionale\" target=\"_blank\" title=\"Vedi certificazione marchio storico\" >\n\t\t\t\t\t\t\tZertifikate einsehbar\t\t\t\t\t\t<\/a>\n\t\t\t\t\t<\/h3>\n\t\t\t\t\n\t\t\t\t\n\t\t\t<\/div>\n\t\t\t\n\t\t<\/div>\n\t\t\t\t\t\t<\/div>\n\t\t\t\t<\/div>\n\t\t\t\t<\/div>\n\t\t\t\t<\/div>\n\t\t\t\t<\/div>\n\t\t","protected":false},"excerpt":{"rendered":"<p>Zertifizierungen Qualit\u00e4tsmanagement AVO Aldo Valsecchi verpflichtet sich, Produkte herzustellen, die den strengen internationalen Vorschriften der R\u00e4der- und Lenkrollenbranche entsprechen. Dieses Engagement zielt darauf ab, hohe Qualit\u00e4ts- und Sicherheitsstandards sicherzustellen.Die Einhaltung von Normen ist ein zentrales Prinzip, das durch einen prozessorientierten Ansatz und die Kunden-Lieferanten-Kette gew\u00e4hrleistet wird, unterst\u00fctzt durch das Integrierte Qualit\u00e4ts- und Umweltmanagementsystem (IQMS), das [&hellip;]<\/p>\n","protected":false},"author":2,"featured_media":0,"parent":0,"menu_order":0,"comment_status":"closed","ping_status":"closed","template":"","meta":{"_acf_changed":false,"footnotes":""},"class_list":["post-48303","page","type-page","status-publish","hentry"],"acf":[],"_links":{"self":[{"href":"https:\/\/www.avo.it\/de\/wp-json\/wp\/v2\/pages\/48303","targetHints":{"allow":["GET"]}}],"collection":[{"href":"https:\/\/www.avo.it\/de\/wp-json\/wp\/v2\/pages"}],"about":[{"href":"https:\/\/www.avo.it\/de\/wp-json\/wp\/v2\/types\/page"}],"author":[{"embeddable":true,"href":"https:\/\/www.avo.it\/de\/wp-json\/wp\/v2\/users\/2"}],"replies":[{"embeddable":true,"href":"https:\/\/www.avo.it\/de\/wp-json\/wp\/v2\/comments?post=48303"}],"version-history":[{"count":5,"href":"https:\/\/www.avo.it\/de\/wp-json\/wp\/v2\/pages\/48303\/revisions"}],"predecessor-version":[{"id":153803,"href":"https:\/\/www.avo.it\/de\/wp-json\/wp\/v2\/pages\/48303\/revisions\/153803"}],"wp:attachment":[{"href":"https:\/\/www.avo.it\/de\/wp-json\/wp\/v2\/media?parent=48303"}],"curies":[{"name":"wp","href":"https:\/\/api.w.org\/{rel}","templated":true}]}}