{"id":48360,"date":"2025-04-07T14:07:50","date_gmt":"2025-04-07T14:07:50","guid":{"rendered":"https:\/\/avo.dkrweb.it\/anwendungen\/intralogistik-und-automatisierung\/"},"modified":"2025-12-10T13:44:18","modified_gmt":"2025-12-10T13:44:18","slug":"intralogistik-und-automatisierung","status":"publish","type":"page","link":"https:\/\/www.avo.it\/de\/anwendungen\/intralogistik-und-automatisierung\/","title":{"rendered":"Intralogistik und Automatisierung"},"content":{"rendered":"\t\t<div data-elementor-type=\"wp-page\" data-elementor-id=\"48360\" class=\"elementor elementor-48360 elementor-20576\" data-elementor-post-type=\"page\">\n\t\t\t\t<div class=\"elementor-element elementor-element-6c56cf5 e-con-full e-flex e-con e-parent\" data-id=\"6c56cf5\" data-element_type=\"container\" data-e-type=\"container\" data-settings=\"{&quot;background_background&quot;:&quot;classic&quot;}\">\n\t\t<div class=\"elementor-element elementor-element-f165aeb e-con-full e-flex e-con e-child\" data-id=\"f165aeb\" data-element_type=\"container\" data-e-type=\"container\" data-settings=\"{&quot;background_background&quot;:&quot;classic&quot;}\">\n\t\t<div class=\"elementor-element elementor-element-cc7540a e-con-full e-flex e-con e-child\" data-id=\"cc7540a\" data-element_type=\"container\" data-e-type=\"container\" data-settings=\"{&quot;background_background&quot;:&quot;classic&quot;}\">\n\t\t\t\t<div class=\"elementor-element elementor-element-2d26ec2 elementor-widget elementor-widget-heading\" data-id=\"2d26ec2\" data-element_type=\"widget\" data-e-type=\"widget\" data-widget_type=\"heading.default\">\n\t\t\t\t\t<h1 class=\"elementor-heading-title elementor-size-default\">Intralogistik und <span style=\"color: #B3E5FC\">Automatisierung<\/span><\/h1>\t\t\t\t<\/div>\n\t\t\t\t<\/div>\n\t\t\t\t<\/div>\n\t\t\t\t<\/div>\n\t\t<div class=\"elementor-element elementor-element-ae6b401 e-con-full e-flex e-con e-parent\" data-id=\"ae6b401\" data-element_type=\"container\" data-e-type=\"container\">\n\t\t<div class=\"elementor-element elementor-element-2bcbe99 e-con-full e-flex e-con e-child\" data-id=\"2bcbe99\" data-element_type=\"container\" data-e-type=\"container\">\n\t\t\t\t<div class=\"elementor-element elementor-element-64d05e7 elementor-widget elementor-widget-text-editor\" data-id=\"64d05e7\" data-element_type=\"widget\" data-e-type=\"widget\" data-widget_type=\"text-editor.default\">\n\t\t\t\t\t\t\t\t\t<p>F\u00fcr den Einsatz in der Intralogistik \u2013 insbesondere bei Fahrerlosen <strong>Transportsystemen (FTS\/AGVs) und Autonomen Mobilen Robotern (AMR)<\/strong> \u2013 bietet AVO hochwertige R\u00e4der und Lenkrollen, die speziell auf die Optimierung logistischer Abl\u00e4ufe ausgelegt sind.<\/p>\n<p>Dank unserer langj\u00e4hrigen Erfahrung entwickeln und <strong>fertigen wir kundenspezifische L\u00f6sungen<\/strong>, die exakt auf technische und betriebliche Anforderungen abgestimmt sind. Ob zur Steigerung der Durchsatzleistung, f\u00fcr erh\u00f6hte Laufruhe oder f\u00fcr den Einsatz unter speziellen Umgebungsbedingungen \u2013 unsere <strong>Produkte gew\u00e4hrleisten h\u00f6chste Leistungsf\u00e4higkeit<\/strong>, Sicherheit und Zuverl\u00e4ssigkeit.<\/p>\n<p>Die individuelle Anpassbarkeit erm\u00f6glicht es uns, innovative, langlebige und leistungsstarke L\u00f6sungen f\u00fcr FTS- und AMR-Systeme bereitzustellen.<\/p>\n\t\t\t\t\t\t\t\t<\/div>\n\t\t\t\t<\/div>\n\t\t\t\t<\/div>\n\t\t\t\t<\/div>\n\t\t","protected":false},"excerpt":{"rendered":"<p>Intralogistik und Automatisierung F\u00fcr den Einsatz in der Intralogistik \u2013 insbesondere bei Fahrerlosen Transportsystemen (FTS\/AGVs) und Autonomen Mobilen Robotern (AMR) \u2013 bietet AVO hochwertige R\u00e4der und Lenkrollen, die speziell auf die Optimierung logistischer Abl\u00e4ufe ausgelegt sind. Dank unserer langj\u00e4hrigen Erfahrung entwickeln und fertigen wir kundenspezifische L\u00f6sungen, die exakt auf technische und betriebliche Anforderungen abgestimmt sind. [&hellip;]<\/p>\n","protected":false},"author":2,"featured_media":0,"parent":48336,"menu_order":0,"comment_status":"closed","ping_status":"closed","template":"","meta":{"_acf_changed":false,"footnotes":""},"class_list":["post-48360","page","type-page","status-publish","hentry"],"acf":[],"_links":{"self":[{"href":"https:\/\/www.avo.it\/de\/wp-json\/wp\/v2\/pages\/48360","targetHints":{"allow":["GET"]}}],"collection":[{"href":"https:\/\/www.avo.it\/de\/wp-json\/wp\/v2\/pages"}],"about":[{"href":"https:\/\/www.avo.it\/de\/wp-json\/wp\/v2\/types\/page"}],"author":[{"embeddable":true,"href":"https:\/\/www.avo.it\/de\/wp-json\/wp\/v2\/users\/2"}],"replies":[{"embeddable":true,"href":"https:\/\/www.avo.it\/de\/wp-json\/wp\/v2\/comments?post=48360"}],"version-history":[{"count":3,"href":"https:\/\/www.avo.it\/de\/wp-json\/wp\/v2\/pages\/48360\/revisions"}],"predecessor-version":[{"id":153843,"href":"https:\/\/www.avo.it\/de\/wp-json\/wp\/v2\/pages\/48360\/revisions\/153843"}],"up":[{"embeddable":true,"href":"https:\/\/www.avo.it\/de\/wp-json\/wp\/v2\/pages\/48336"}],"wp:attachment":[{"href":"https:\/\/www.avo.it\/de\/wp-json\/wp\/v2\/media?parent=48360"}],"curies":[{"name":"wp","href":"https:\/\/api.w.org\/{rel}","templated":true}]}}