{"id":48362,"date":"2025-04-07T14:18:17","date_gmt":"2025-04-07T14:18:17","guid":{"rendered":"https:\/\/avo.dkrweb.it\/anwendungen\/lebensmittelindustrie\/"},"modified":"2025-12-10T13:44:57","modified_gmt":"2025-12-10T13:44:57","slug":"lebensmittelindustrie","status":"publish","type":"page","link":"https:\/\/www.avo.it\/de\/anwendungen\/lebensmittelindustrie\/","title":{"rendered":"Lebensmittelindustrie"},"content":{"rendered":"\t\t<div data-elementor-type=\"wp-page\" data-elementor-id=\"48362\" class=\"elementor elementor-48362 elementor-20592\" data-elementor-post-type=\"page\">\n\t\t\t\t<div class=\"elementor-element elementor-element-c3e828c e-con-full e-flex e-con e-parent\" data-id=\"c3e828c\" data-element_type=\"container\" data-e-type=\"container\" data-settings=\"{&quot;background_background&quot;:&quot;classic&quot;}\">\n\t\t<div class=\"elementor-element elementor-element-a3a3776 e-con-full e-flex e-con e-child\" data-id=\"a3a3776\" data-element_type=\"container\" data-e-type=\"container\" data-settings=\"{&quot;background_background&quot;:&quot;classic&quot;}\">\n\t\t<div class=\"elementor-element elementor-element-6faa361 e-con-full e-flex e-con e-child\" data-id=\"6faa361\" data-element_type=\"container\" data-e-type=\"container\" data-settings=\"{&quot;background_background&quot;:&quot;classic&quot;}\">\n\t\t\t\t<div class=\"elementor-element elementor-element-d442003 elementor-widget elementor-widget-heading\" data-id=\"d442003\" data-element_type=\"widget\" data-e-type=\"widget\" data-widget_type=\"heading.default\">\n\t\t\t\t\t<h1 class=\"elementor-heading-title elementor-size-default\">Lebensmittelindustrie<\/h1>\t\t\t\t<\/div>\n\t\t\t\t<\/div>\n\t\t\t\t<\/div>\n\t\t\t\t<\/div>\n\t\t<div class=\"elementor-element elementor-element-d7cf79e e-con-full e-flex e-con e-parent\" data-id=\"d7cf79e\" data-element_type=\"container\" data-e-type=\"container\">\n\t\t<div class=\"elementor-element elementor-element-81c49f4 e-con-full e-flex e-con e-child\" data-id=\"81c49f4\" data-element_type=\"container\" data-e-type=\"container\">\n\t\t\t\t<div class=\"elementor-element elementor-element-e9d9e37 elementor-widget elementor-widget-text-editor\" data-id=\"e9d9e37\" data-element_type=\"widget\" data-e-type=\"widget\" data-widget_type=\"text-editor.default\">\n\t\t\t\t\t\t\t\t\t<p>Unsere R\u00e4der und Lenkrollen f\u00fcr die Lebensmittelindustrie erf\u00fcllen h\u00f6chste Anforderungen an Hygiene und Produktsicherheit. Sie bestehen aus <strong>lebensmittelechten Materialien, die selbst anspruchsvollen Betriebsbedingungen standhalten und gleichzeitig maximale Lebensdauer<\/strong> und Leistungsf\u00e4higkeit bieten.<\/p>\n<p>Unsere Befestigungselemente sind auch in Edelstahl (z.\u202fB. AISI 304 oder AISI 316) erh\u00e4ltlich \u2013 ein Werkstoff, der sich durch hohe Korrosionsbest\u00e4ndigkeit, Chemikalienresistenz und einfache <strong>Reinigung auszeichnet und damit f\u00fcr sensible<\/strong> Hygienebereiche ideal geeignet ist.<\/p>\n\t\t\t\t\t\t\t\t<\/div>\n\t\t\t\t<\/div>\n\t\t\t\t<\/div>\n\t\t\t\t<\/div>\n\t\t","protected":false},"excerpt":{"rendered":"<p>Lebensmittelindustrie Unsere R\u00e4der und Lenkrollen f\u00fcr die Lebensmittelindustrie erf\u00fcllen h\u00f6chste Anforderungen an Hygiene und Produktsicherheit. Sie bestehen aus lebensmittelechten Materialien, die selbst anspruchsvollen Betriebsbedingungen standhalten und gleichzeitig maximale Lebensdauer und Leistungsf\u00e4higkeit bieten. Unsere Befestigungselemente sind auch in Edelstahl (z.\u202fB. AISI 304 oder AISI 316) erh\u00e4ltlich \u2013 ein Werkstoff, der sich durch hohe Korrosionsbest\u00e4ndigkeit, Chemikalienresistenz und [&hellip;]<\/p>\n","protected":false},"author":2,"featured_media":0,"parent":48336,"menu_order":0,"comment_status":"closed","ping_status":"closed","template":"","meta":{"_acf_changed":false,"footnotes":""},"class_list":["post-48362","page","type-page","status-publish","hentry"],"acf":[],"_links":{"self":[{"href":"https:\/\/www.avo.it\/de\/wp-json\/wp\/v2\/pages\/48362","targetHints":{"allow":["GET"]}}],"collection":[{"href":"https:\/\/www.avo.it\/de\/wp-json\/wp\/v2\/pages"}],"about":[{"href":"https:\/\/www.avo.it\/de\/wp-json\/wp\/v2\/types\/page"}],"author":[{"embeddable":true,"href":"https:\/\/www.avo.it\/de\/wp-json\/wp\/v2\/users\/2"}],"replies":[{"embeddable":true,"href":"https:\/\/www.avo.it\/de\/wp-json\/wp\/v2\/comments?post=48362"}],"version-history":[{"count":3,"href":"https:\/\/www.avo.it\/de\/wp-json\/wp\/v2\/pages\/48362\/revisions"}],"predecessor-version":[{"id":153844,"href":"https:\/\/www.avo.it\/de\/wp-json\/wp\/v2\/pages\/48362\/revisions\/153844"}],"up":[{"embeddable":true,"href":"https:\/\/www.avo.it\/de\/wp-json\/wp\/v2\/pages\/48336"}],"wp:attachment":[{"href":"https:\/\/www.avo.it\/de\/wp-json\/wp\/v2\/media?parent=48362"}],"curies":[{"name":"wp","href":"https:\/\/api.w.org\/{rel}","templated":true}]}}