{"id":48364,"date":"2025-04-07T14:27:01","date_gmt":"2025-04-07T14:27:01","guid":{"rendered":"https:\/\/avo.dkrweb.it\/anwendungen\/aufzugsbranche\/"},"modified":"2025-12-10T13:45:38","modified_gmt":"2025-12-10T13:45:38","slug":"aufzugsbranche","status":"publish","type":"page","link":"https:\/\/www.avo.it\/de\/anwendungen\/aufzugsbranche\/","title":{"rendered":"Aufzugsbranche"},"content":{"rendered":"\t\t<div data-elementor-type=\"wp-page\" data-elementor-id=\"48364\" class=\"elementor elementor-48364 elementor-20613\" data-elementor-post-type=\"page\">\n\t\t\t\t<div class=\"elementor-element elementor-element-ea7a2e1 e-con-full e-flex e-con e-parent\" data-id=\"ea7a2e1\" data-element_type=\"container\" data-e-type=\"container\" data-settings=\"{&quot;background_background&quot;:&quot;classic&quot;}\">\n\t\t<div class=\"elementor-element elementor-element-b395501 e-con-full e-flex e-con e-child\" data-id=\"b395501\" data-element_type=\"container\" data-e-type=\"container\" data-settings=\"{&quot;background_background&quot;:&quot;classic&quot;}\">\n\t\t<div class=\"elementor-element elementor-element-cb607b2 e-con-full e-flex e-con e-child\" data-id=\"cb607b2\" data-element_type=\"container\" data-e-type=\"container\" data-settings=\"{&quot;background_background&quot;:&quot;classic&quot;}\">\n\t\t\t\t<div class=\"elementor-element elementor-element-13e972d elementor-widget elementor-widget-heading\" data-id=\"13e972d\" data-element_type=\"widget\" data-e-type=\"widget\" data-widget_type=\"heading.default\">\n\t\t\t\t\t<h1 class=\"elementor-heading-title elementor-size-default\">Aufzugsbranche<\/h1>\t\t\t\t<\/div>\n\t\t\t\t<\/div>\n\t\t\t\t<\/div>\n\t\t\t\t<\/div>\n\t\t<div class=\"elementor-element elementor-element-a495b7b e-con-full e-flex e-con e-parent\" data-id=\"a495b7b\" data-element_type=\"container\" data-e-type=\"container\">\n\t\t<div class=\"elementor-element elementor-element-11a41db e-con-full e-flex e-con e-child\" data-id=\"11a41db\" data-element_type=\"container\" data-e-type=\"container\">\n\t\t\t\t<div class=\"elementor-element elementor-element-5670e1c elementor-widget elementor-widget-text-editor\" data-id=\"5670e1c\" data-element_type=\"widget\" data-e-type=\"widget\" data-widget_type=\"text-editor.default\">\n\t\t\t\t\t\t\t\t\t<p>Unsere gegossenen Polyurethanr\u00e4der und -rollen wurden speziell f\u00fcr <strong>Anwendungen im Aufzugsbau entwickelt<\/strong>, bei denen Zuverl\u00e4ssigkeit und Tragf\u00e4higkeit im Vordergrund stehen.<\/p>\n<p>Polyurethan als Laufbelag sorgt f\u00fcr optimale D\u00e4mpfungseigenschaften, hohe Abriebfestigkeit und einen ger\u00e4uscharmen Betrieb \u2013 <strong>entscheidende Vorteile f\u00fcr Aufz\u00fcge,<\/strong> Plattformlifte und \u00e4hnliche Anwendungen.<\/p>\n\t\t\t\t\t\t\t\t<\/div>\n\t\t\t\t<\/div>\n\t\t\t\t<\/div>\n\t\t\t\t<\/div>\n\t\t","protected":false},"excerpt":{"rendered":"<p>Aufzugsbranche Unsere gegossenen Polyurethanr\u00e4der und -rollen wurden speziell f\u00fcr Anwendungen im Aufzugsbau entwickelt, bei denen Zuverl\u00e4ssigkeit und Tragf\u00e4higkeit im Vordergrund stehen. Polyurethan als Laufbelag sorgt f\u00fcr optimale D\u00e4mpfungseigenschaften, hohe Abriebfestigkeit und einen ger\u00e4uscharmen Betrieb \u2013 entscheidende Vorteile f\u00fcr Aufz\u00fcge, Plattformlifte und \u00e4hnliche Anwendungen.<\/p>\n","protected":false},"author":2,"featured_media":0,"parent":48336,"menu_order":0,"comment_status":"closed","ping_status":"closed","template":"","meta":{"_acf_changed":false,"footnotes":""},"class_list":["post-48364","page","type-page","status-publish","hentry"],"acf":[],"_links":{"self":[{"href":"https:\/\/www.avo.it\/de\/wp-json\/wp\/v2\/pages\/48364","targetHints":{"allow":["GET"]}}],"collection":[{"href":"https:\/\/www.avo.it\/de\/wp-json\/wp\/v2\/pages"}],"about":[{"href":"https:\/\/www.avo.it\/de\/wp-json\/wp\/v2\/types\/page"}],"author":[{"embeddable":true,"href":"https:\/\/www.avo.it\/de\/wp-json\/wp\/v2\/users\/2"}],"replies":[{"embeddable":true,"href":"https:\/\/www.avo.it\/de\/wp-json\/wp\/v2\/comments?post=48364"}],"version-history":[{"count":3,"href":"https:\/\/www.avo.it\/de\/wp-json\/wp\/v2\/pages\/48364\/revisions"}],"predecessor-version":[{"id":153845,"href":"https:\/\/www.avo.it\/de\/wp-json\/wp\/v2\/pages\/48364\/revisions\/153845"}],"up":[{"embeddable":true,"href":"https:\/\/www.avo.it\/de\/wp-json\/wp\/v2\/pages\/48336"}],"wp:attachment":[{"href":"https:\/\/www.avo.it\/de\/wp-json\/wp\/v2\/media?parent=48364"}],"curies":[{"name":"wp","href":"https:\/\/api.w.org\/{rel}","templated":true}]}}