{"id":48366,"date":"2025-04-07T14:28:04","date_gmt":"2025-04-07T14:28:04","guid":{"rendered":"https:\/\/avo.dkrweb.it\/anwendungen\/bau-und-baustellenbereich\/"},"modified":"2025-12-10T13:46:17","modified_gmt":"2025-12-10T13:46:17","slug":"bau-und-baustellenbereich","status":"publish","type":"page","link":"https:\/\/www.avo.it\/de\/anwendungen\/bau-und-baustellenbereich\/","title":{"rendered":"Bau- und Baustellenbereich"},"content":{"rendered":"\t\t<div data-elementor-type=\"wp-page\" data-elementor-id=\"48366\" class=\"elementor elementor-48366 elementor-20616\" data-elementor-post-type=\"page\">\n\t\t\t\t<div class=\"elementor-element elementor-element-35a7041 e-con-full e-flex e-con e-parent\" data-id=\"35a7041\" data-element_type=\"container\" data-e-type=\"container\" data-settings=\"{&quot;background_background&quot;:&quot;classic&quot;}\">\n\t\t<div class=\"elementor-element elementor-element-14d955c e-con-full e-flex e-con e-child\" data-id=\"14d955c\" data-element_type=\"container\" data-e-type=\"container\" data-settings=\"{&quot;background_background&quot;:&quot;classic&quot;}\">\n\t\t<div class=\"elementor-element elementor-element-af14491 e-con-full e-flex e-con e-child\" data-id=\"af14491\" data-element_type=\"container\" data-e-type=\"container\" data-settings=\"{&quot;background_background&quot;:&quot;classic&quot;}\">\n\t\t\t\t<div class=\"elementor-element elementor-element-c3b712f elementor-widget elementor-widget-heading\" data-id=\"c3b712f\" data-element_type=\"widget\" data-e-type=\"widget\" data-widget_type=\"heading.default\">\n\t\t\t\t\t<h1 class=\"elementor-heading-title elementor-size-default\">Bau- und <span style=\"color: #B3E5FC\">Baustellenbereich<\/span><\/h1>\t\t\t\t<\/div>\n\t\t\t\t<\/div>\n\t\t\t\t<\/div>\n\t\t\t\t<\/div>\n\t\t<div class=\"elementor-element elementor-element-9409c56 e-con-full e-flex e-con e-parent\" data-id=\"9409c56\" data-element_type=\"container\" data-e-type=\"container\">\n\t\t<div class=\"elementor-element elementor-element-3206428 e-con-full e-flex e-con e-child\" data-id=\"3206428\" data-element_type=\"container\" data-e-type=\"container\">\n\t\t\t\t<div class=\"elementor-element elementor-element-24c09d0 elementor-widget elementor-widget-text-editor\" data-id=\"24c09d0\" data-element_type=\"widget\" data-e-type=\"widget\" data-widget_type=\"text-editor.default\">\n\t\t\t\t\t\t\t\t\t<p>Unsere Vollgummi- und Luftreifenr\u00e4der sowie Polyurethanr\u00e4der mit Polyamid 6-<strong>Kern sind auf die besonderen Anforderungen<\/strong> des Baugewerbes ausgelegt.<\/p>\n<p>Sie bieten h\u00f6chste Belastbarkeit, Schlagfestigkeit und Widerstandsf\u00e4higkeit gegen\u00fcber rauen Umgebungen \u2013 <strong>ideal f\u00fcr den Einsatz auf Baustellen, in Betonwerken oder im Anlagenbau<\/strong>. Luftreifen bieten dabei zus\u00e4tzliche Vibrationsd\u00e4mpfung und bessere Bodenhaftung auf unebenen Fl\u00e4chen.<\/p>\n\t\t\t\t\t\t\t\t<\/div>\n\t\t\t\t<\/div>\n\t\t\t\t<\/div>\n\t\t\t\t<\/div>\n\t\t","protected":false},"excerpt":{"rendered":"<p>Bau- und Baustellenbereich Unsere Vollgummi- und Luftreifenr\u00e4der sowie Polyurethanr\u00e4der mit Polyamid 6-Kern sind auf die besonderen Anforderungen des Baugewerbes ausgelegt. Sie bieten h\u00f6chste Belastbarkeit, Schlagfestigkeit und Widerstandsf\u00e4higkeit gegen\u00fcber rauen Umgebungen \u2013 ideal f\u00fcr den Einsatz auf Baustellen, in Betonwerken oder im Anlagenbau. Luftreifen bieten dabei zus\u00e4tzliche Vibrationsd\u00e4mpfung und bessere Bodenhaftung auf unebenen Fl\u00e4chen.<\/p>\n","protected":false},"author":2,"featured_media":0,"parent":48336,"menu_order":0,"comment_status":"closed","ping_status":"closed","template":"","meta":{"_acf_changed":false,"footnotes":""},"class_list":["post-48366","page","type-page","status-publish","hentry"],"acf":[],"_links":{"self":[{"href":"https:\/\/www.avo.it\/de\/wp-json\/wp\/v2\/pages\/48366","targetHints":{"allow":["GET"]}}],"collection":[{"href":"https:\/\/www.avo.it\/de\/wp-json\/wp\/v2\/pages"}],"about":[{"href":"https:\/\/www.avo.it\/de\/wp-json\/wp\/v2\/types\/page"}],"author":[{"embeddable":true,"href":"https:\/\/www.avo.it\/de\/wp-json\/wp\/v2\/users\/2"}],"replies":[{"embeddable":true,"href":"https:\/\/www.avo.it\/de\/wp-json\/wp\/v2\/comments?post=48366"}],"version-history":[{"count":3,"href":"https:\/\/www.avo.it\/de\/wp-json\/wp\/v2\/pages\/48366\/revisions"}],"predecessor-version":[{"id":153846,"href":"https:\/\/www.avo.it\/de\/wp-json\/wp\/v2\/pages\/48366\/revisions\/153846"}],"up":[{"embeddable":true,"href":"https:\/\/www.avo.it\/de\/wp-json\/wp\/v2\/pages\/48336"}],"wp:attachment":[{"href":"https:\/\/www.avo.it\/de\/wp-json\/wp\/v2\/media?parent=48366"}],"curies":[{"name":"wp","href":"https:\/\/api.w.org\/{rel}","templated":true}]}}