{"id":48370,"date":"2025-04-07T14:28:35","date_gmt":"2025-04-07T14:28:35","guid":{"rendered":"https:\/\/avo.dkrweb.it\/anwendungen\/umwelttechnik-entsorgung\/"},"modified":"2026-01-12T08:53:46","modified_gmt":"2026-01-12T08:53:46","slug":"umwelttechnik-entsorgung","status":"publish","type":"page","link":"https:\/\/www.avo.it\/de\/anwendungen\/umwelttechnik-entsorgung\/","title":{"rendered":"Umwelttechnik \/ Entsorgung"},"content":{"rendered":"\t\t<div data-elementor-type=\"wp-page\" data-elementor-id=\"48370\" class=\"elementor elementor-48370 elementor-20620\" data-elementor-post-type=\"page\">\n\t\t\t\t<div class=\"elementor-element elementor-element-3007664 e-con-full e-flex e-con e-parent\" data-id=\"3007664\" data-element_type=\"container\" data-e-type=\"container\" data-settings=\"{&quot;background_background&quot;:&quot;classic&quot;}\">\n\t\t<div class=\"elementor-element elementor-element-5439631 e-con-full e-flex e-con e-child\" data-id=\"5439631\" data-element_type=\"container\" data-e-type=\"container\" data-settings=\"{&quot;background_background&quot;:&quot;classic&quot;}\">\n\t\t<div class=\"elementor-element elementor-element-681c221 e-con-full e-flex e-con e-child\" data-id=\"681c221\" data-element_type=\"container\" data-e-type=\"container\" data-settings=\"{&quot;background_background&quot;:&quot;classic&quot;}\">\n\t\t\t\t<div class=\"elementor-element elementor-element-d353d3d elementor-widget elementor-widget-heading\" data-id=\"d353d3d\" data-element_type=\"widget\" data-e-type=\"widget\" data-widget_type=\"heading.default\">\n\t\t\t\t\t<h1 class=\"elementor-heading-title elementor-size-default\">Umwelttechnik \/ Entsorgung<\/h1>\t\t\t\t<\/div>\n\t\t\t\t<\/div>\n\t\t\t\t<\/div>\n\t\t\t\t<\/div>\n\t\t<div class=\"elementor-element elementor-element-335a5e6 e-con-full e-flex e-con e-parent\" data-id=\"335a5e6\" data-element_type=\"container\" data-e-type=\"container\">\n\t\t<div class=\"elementor-element elementor-element-318c49a e-con-full e-flex e-con e-child\" data-id=\"318c49a\" data-element_type=\"container\" data-e-type=\"container\">\n\t\t\t\t<div class=\"elementor-element elementor-element-b437dd6 elementor-widget elementor-widget-text-editor\" data-id=\"b437dd6\" data-element_type=\"widget\" data-e-type=\"widget\" data-widget_type=\"text-editor.default\">\n\t\t\t\t\t\t\t\t\t<p>Unsere Vollgummir\u00e4der mit Metall- oder Kunststoffkern <strong>bieten herausragende Performance<\/strong> in Bereichen wie Abfallwirtschaft und Recycling.<\/p>\n<p>Metallkerne sorgen f\u00fcr h\u00f6chste Schlagfestigkeit bei schweren Lasten, w\u00e4hrend Kunststoffkerne leichtere L\u00f6sungen bieten, <strong>die best\u00e4ndig gegen chemische Einfl\u00fcsse wie Reinigungs- und Desinfektionsmittel sind<\/strong>.<\/p>\n<p>AVO-R\u00e4der sind ausgelegt f\u00fcr Abfallcontainer, Tonnen und Sammelbeh\u00e4lter \u2013 f\u00fcr sicheres und leichtg\u00e4ngiges Handling auf allen Untergr\u00fcnden.<\/p>\n\t\t\t\t\t\t\t\t<\/div>\n\t\t\t\t<\/div>\n\t\t\t\t<\/div>\n\t\t\t\t<\/div>\n\t\t","protected":false},"excerpt":{"rendered":"<p>Umwelttechnik \/ Entsorgung Unsere Vollgummir\u00e4der mit Metall- oder Kunststoffkern bieten herausragende Performance in Bereichen wie Abfallwirtschaft und Recycling. Metallkerne sorgen f\u00fcr h\u00f6chste Schlagfestigkeit bei schweren Lasten, w\u00e4hrend Kunststoffkerne leichtere L\u00f6sungen bieten, die best\u00e4ndig gegen chemische Einfl\u00fcsse wie Reinigungs- und Desinfektionsmittel sind. AVO-R\u00e4der sind ausgelegt f\u00fcr Abfallcontainer, Tonnen und Sammelbeh\u00e4lter \u2013 f\u00fcr sicheres und leichtg\u00e4ngiges Handling [&hellip;]<\/p>\n","protected":false},"author":2,"featured_media":0,"parent":48336,"menu_order":0,"comment_status":"closed","ping_status":"closed","template":"","meta":{"_acf_changed":false,"footnotes":""},"class_list":["post-48370","page","type-page","status-publish","hentry"],"acf":[],"_links":{"self":[{"href":"https:\/\/www.avo.it\/de\/wp-json\/wp\/v2\/pages\/48370","targetHints":{"allow":["GET"]}}],"collection":[{"href":"https:\/\/www.avo.it\/de\/wp-json\/wp\/v2\/pages"}],"about":[{"href":"https:\/\/www.avo.it\/de\/wp-json\/wp\/v2\/types\/page"}],"author":[{"embeddable":true,"href":"https:\/\/www.avo.it\/de\/wp-json\/wp\/v2\/users\/2"}],"replies":[{"embeddable":true,"href":"https:\/\/www.avo.it\/de\/wp-json\/wp\/v2\/comments?post=48370"}],"version-history":[{"count":5,"href":"https:\/\/www.avo.it\/de\/wp-json\/wp\/v2\/pages\/48370\/revisions"}],"predecessor-version":[{"id":157408,"href":"https:\/\/www.avo.it\/de\/wp-json\/wp\/v2\/pages\/48370\/revisions\/157408"}],"up":[{"embeddable":true,"href":"https:\/\/www.avo.it\/de\/wp-json\/wp\/v2\/pages\/48336"}],"wp:attachment":[{"href":"https:\/\/www.avo.it\/de\/wp-json\/wp\/v2\/media?parent=48370"}],"curies":[{"name":"wp","href":"https:\/\/api.w.org\/{rel}","templated":true}]}}