{"id":48374,"date":"2025-04-07T14:29:10","date_gmt":"2025-04-07T14:29:10","guid":{"rendered":"https:\/\/avo.dkrweb.it\/anwendungen\/medizintechnik\/"},"modified":"2026-01-12T08:58:05","modified_gmt":"2026-01-12T08:58:05","slug":"medizintechnik","status":"publish","type":"page","link":"https:\/\/www.avo.it\/de\/anwendungen\/medizintechnik\/","title":{"rendered":"Medizintechnik"},"content":{"rendered":"\t\t<div data-elementor-type=\"wp-page\" data-elementor-id=\"48374\" class=\"elementor elementor-48374 elementor-20624\" data-elementor-post-type=\"page\">\n\t\t\t\t<div class=\"elementor-element elementor-element-f8dcf36 e-con-full e-flex e-con e-parent\" data-id=\"f8dcf36\" data-element_type=\"container\" data-e-type=\"container\" data-settings=\"{&quot;background_background&quot;:&quot;classic&quot;}\">\n\t\t<div class=\"elementor-element elementor-element-5562e02 e-con-full e-flex e-con e-child\" data-id=\"5562e02\" data-element_type=\"container\" data-e-type=\"container\" data-settings=\"{&quot;background_background&quot;:&quot;classic&quot;}\">\n\t\t<div class=\"elementor-element elementor-element-00042b5 e-con-full e-flex e-con e-child\" data-id=\"00042b5\" data-element_type=\"container\" data-e-type=\"container\" data-settings=\"{&quot;background_background&quot;:&quot;classic&quot;}\">\n\t\t\t\t<div class=\"elementor-element elementor-element-f14a334 elementor-widget elementor-widget-heading\" data-id=\"f14a334\" data-element_type=\"widget\" data-e-type=\"widget\" data-widget_type=\"heading.default\">\n\t\t\t\t\t<h1 class=\"elementor-heading-title elementor-size-default\">Medizintechnik<\/h1>\t\t\t\t<\/div>\n\t\t\t\t<\/div>\n\t\t\t\t<\/div>\n\t\t\t\t<\/div>\n\t\t<div class=\"elementor-element elementor-element-6eee3e7 e-con-full e-flex e-con e-parent\" data-id=\"6eee3e7\" data-element_type=\"container\" data-e-type=\"container\">\n\t\t<div class=\"elementor-element elementor-element-ef6d1e4 e-con-full e-flex e-con e-child\" data-id=\"ef6d1e4\" data-element_type=\"container\" data-e-type=\"container\">\n\t\t\t\t<div class=\"elementor-element elementor-element-b7f5d06 elementor-widget elementor-widget-text-editor\" data-id=\"b7f5d06\" data-element_type=\"widget\" data-e-type=\"widget\" data-widget_type=\"text-editor.default\">\n\t\t\t\t\t\t\t\t\tUnsere Lenkrollen aus thermoplastischem Material sowie aus Edelstahl AISI 304 und AISI 316 <strong>erf\u00fcllen die strengen Anforderungen der Medizintechnik.<\/strong><br><br>Sie bieten hohe Korrosionsbest\u00e4ndigkeit, chemische Resistenz, Temperaturstabilit\u00e4t und exzellente D\u00e4mpfung \u2013 <strong>ideal f\u00fcr Kliniken, Labore, Pflegeeinrichtungen und mobile medizinische Ger\u00e4te.<\/strong><br><br>Edelstahl AISI 316 ist besonders f\u00fcr aggressive Reinigungsprozesse und salzhaltige Umgebungen geeignet.\t\t\t\t\t\t\t\t<\/div>\n\t\t\t\t<\/div>\n\t\t\t\t<\/div>\n\t\t\t\t<\/div>\n\t\t","protected":false},"excerpt":{"rendered":"<p>Medizintechnik Unsere Lenkrollen aus thermoplastischem Material sowie aus Edelstahl AISI 304 und AISI 316 erf\u00fcllen die strengen Anforderungen der Medizintechnik. Sie bieten hohe Korrosionsbest\u00e4ndigkeit, chemische Resistenz, Temperaturstabilit\u00e4t und exzellente D\u00e4mpfung \u2013 ideal f\u00fcr Kliniken, Labore, Pflegeeinrichtungen und mobile medizinische Ger\u00e4te. Edelstahl AISI 316 ist besonders f\u00fcr aggressive Reinigungsprozesse und salzhaltige Umgebungen geeignet.<\/p>\n","protected":false},"author":2,"featured_media":0,"parent":48336,"menu_order":0,"comment_status":"closed","ping_status":"closed","template":"","meta":{"_acf_changed":false,"footnotes":""},"class_list":["post-48374","page","type-page","status-publish","hentry"],"acf":[],"_links":{"self":[{"href":"https:\/\/www.avo.it\/de\/wp-json\/wp\/v2\/pages\/48374","targetHints":{"allow":["GET"]}}],"collection":[{"href":"https:\/\/www.avo.it\/de\/wp-json\/wp\/v2\/pages"}],"about":[{"href":"https:\/\/www.avo.it\/de\/wp-json\/wp\/v2\/types\/page"}],"author":[{"embeddable":true,"href":"https:\/\/www.avo.it\/de\/wp-json\/wp\/v2\/users\/2"}],"replies":[{"embeddable":true,"href":"https:\/\/www.avo.it\/de\/wp-json\/wp\/v2\/comments?post=48374"}],"version-history":[{"count":3,"href":"https:\/\/www.avo.it\/de\/wp-json\/wp\/v2\/pages\/48374\/revisions"}],"predecessor-version":[{"id":153888,"href":"https:\/\/www.avo.it\/de\/wp-json\/wp\/v2\/pages\/48374\/revisions\/153888"}],"up":[{"embeddable":true,"href":"https:\/\/www.avo.it\/de\/wp-json\/wp\/v2\/pages\/48336"}],"wp:attachment":[{"href":"https:\/\/www.avo.it\/de\/wp-json\/wp\/v2\/media?parent=48374"}],"curies":[{"name":"wp","href":"https:\/\/api.w.org\/{rel}","templated":true}]}}