{"id":48376,"date":"2025-04-07T14:29:20","date_gmt":"2025-04-07T14:29:20","guid":{"rendered":"https:\/\/avo.dkrweb.it\/anwendungen\/automobilindustrie\/"},"modified":"2026-01-12T08:57:47","modified_gmt":"2026-01-12T08:57:47","slug":"automobilindustrie","status":"publish","type":"page","link":"https:\/\/www.avo.it\/de\/anwendungen\/automobilindustrie\/","title":{"rendered":"Automobilindustrie"},"content":{"rendered":"\t\t<div data-elementor-type=\"wp-page\" data-elementor-id=\"48376\" class=\"elementor elementor-48376 elementor-20626\" data-elementor-post-type=\"page\">\n\t\t\t\t<div class=\"elementor-element elementor-element-d7df8b9 e-con-full e-flex e-con e-parent\" data-id=\"d7df8b9\" data-element_type=\"container\" data-e-type=\"container\" data-settings=\"{&quot;background_background&quot;:&quot;classic&quot;}\">\n\t\t<div class=\"elementor-element elementor-element-e0d01f9 e-con-full e-flex e-con e-child\" data-id=\"e0d01f9\" data-element_type=\"container\" data-e-type=\"container\" data-settings=\"{&quot;background_background&quot;:&quot;classic&quot;}\">\n\t\t<div class=\"elementor-element elementor-element-52d700c e-con-full e-flex e-con e-child\" data-id=\"52d700c\" data-element_type=\"container\" data-e-type=\"container\" data-settings=\"{&quot;background_background&quot;:&quot;classic&quot;}\">\n\t\t\t\t<div class=\"elementor-element elementor-element-01f2376 elementor-widget elementor-widget-heading\" data-id=\"01f2376\" data-element_type=\"widget\" data-e-type=\"widget\" data-widget_type=\"heading.default\">\n\t\t\t\t\t<h1 class=\"elementor-heading-title elementor-size-default\">Automobilindustrie<\/h1>\t\t\t\t<\/div>\n\t\t\t\t<\/div>\n\t\t\t\t<\/div>\n\t\t\t\t<\/div>\n\t\t<div class=\"elementor-element elementor-element-38c365f e-con-full e-flex e-con e-parent\" data-id=\"38c365f\" data-element_type=\"container\" data-e-type=\"container\">\n\t\t<div class=\"elementor-element elementor-element-8f25cce e-con-full e-flex e-con e-child\" data-id=\"8f25cce\" data-element_type=\"container\" data-e-type=\"container\">\n\t\t\t\t<div class=\"elementor-element elementor-element-29a59f3 elementor-widget elementor-widget-text-editor\" data-id=\"29a59f3\" data-element_type=\"widget\" data-e-type=\"widget\" data-widget_type=\"text-editor.default\">\n\t\t\t\t\t\t\t\t\t<p>Unsere Hochleistungs-Polyurethanr\u00e4der mit gew\u00f6lbtem Lauffl\u00e4chenprofil sorgen f\u00fcr optimale <strong>Lastverteilung und exzellente Laufeigenschaften auf unterschiedlichsten Oberfl\u00e4chen<\/strong>.<\/p>\n<p><strong>Dank ihrer vibrationsd\u00e4mpfenden Eigenschaften<\/strong> bieten sie maximalen Fahrkomfort und Schutz f\u00fcr das Equipment.<\/p>\n<p>In Kombination mit gefederten Lenkrollen \u2013 verf\u00fcgbar f\u00fcr mittlere, schwere und besonders schwere Lastbereiche \u2013 <strong>stellen sie eine optimale L\u00f6sung f\u00fcr fahrbare Systeme<\/strong> in der Automobilproduktion und -logistik dar.<\/p>\n\t\t\t\t\t\t\t\t<\/div>\n\t\t\t\t<\/div>\n\t\t\t\t<\/div>\n\t\t\t\t<\/div>\n\t\t","protected":false},"excerpt":{"rendered":"<p>Automobilindustrie Unsere Hochleistungs-Polyurethanr\u00e4der mit gew\u00f6lbtem Lauffl\u00e4chenprofil sorgen f\u00fcr optimale Lastverteilung und exzellente Laufeigenschaften auf unterschiedlichsten Oberfl\u00e4chen. Dank ihrer vibrationsd\u00e4mpfenden Eigenschaften bieten sie maximalen Fahrkomfort und Schutz f\u00fcr das Equipment. In Kombination mit gefederten Lenkrollen \u2013 verf\u00fcgbar f\u00fcr mittlere, schwere und besonders schwere Lastbereiche \u2013 stellen sie eine optimale L\u00f6sung f\u00fcr fahrbare Systeme in der Automobilproduktion [&hellip;]<\/p>\n","protected":false},"author":2,"featured_media":0,"parent":48336,"menu_order":0,"comment_status":"closed","ping_status":"closed","template":"","meta":{"_acf_changed":false,"footnotes":""},"class_list":["post-48376","page","type-page","status-publish","hentry"],"acf":[],"_links":{"self":[{"href":"https:\/\/www.avo.it\/de\/wp-json\/wp\/v2\/pages\/48376","targetHints":{"allow":["GET"]}}],"collection":[{"href":"https:\/\/www.avo.it\/de\/wp-json\/wp\/v2\/pages"}],"about":[{"href":"https:\/\/www.avo.it\/de\/wp-json\/wp\/v2\/types\/page"}],"author":[{"embeddable":true,"href":"https:\/\/www.avo.it\/de\/wp-json\/wp\/v2\/users\/2"}],"replies":[{"embeddable":true,"href":"https:\/\/www.avo.it\/de\/wp-json\/wp\/v2\/comments?post=48376"}],"version-history":[{"count":4,"href":"https:\/\/www.avo.it\/de\/wp-json\/wp\/v2\/pages\/48376\/revisions"}],"predecessor-version":[{"id":157411,"href":"https:\/\/www.avo.it\/de\/wp-json\/wp\/v2\/pages\/48376\/revisions\/157411"}],"up":[{"embeddable":true,"href":"https:\/\/www.avo.it\/de\/wp-json\/wp\/v2\/pages\/48336"}],"wp:attachment":[{"href":"https:\/\/www.avo.it\/de\/wp-json\/wp\/v2\/media?parent=48376"}],"curies":[{"name":"wp","href":"https:\/\/api.w.org\/{rel}","templated":true}]}}