{"id":48407,"date":"2025-02-25T11:15:13","date_gmt":"2025-02-25T11:15:13","guid":{"rendered":"https:\/\/avo.dkrweb.it\/vertriebsnetz\/"},"modified":"2025-12-10T14:00:17","modified_gmt":"2025-12-10T14:00:17","slug":"vertriebsnetz","status":"publish","type":"page","link":"https:\/\/www.avo.it\/de\/vertriebsnetz\/","title":{"rendered":"Vertriebsnetz"},"content":{"rendered":"\t\t<div data-elementor-type=\"wp-page\" data-elementor-id=\"48407\" class=\"elementor elementor-48407 elementor-14412\" data-elementor-post-type=\"page\">\n\t\t\t\t<div class=\"elementor-element elementor-element-8cf879f e-con-full e-flex e-con e-parent\" data-id=\"8cf879f\" data-element_type=\"container\" data-e-type=\"container\" data-settings=\"{&quot;background_background&quot;:&quot;classic&quot;}\">\n\t\t<div class=\"elementor-element elementor-element-5992ab7 e-con-full e-flex e-con e-child\" data-id=\"5992ab7\" data-element_type=\"container\" data-e-type=\"container\" data-settings=\"{&quot;background_background&quot;:&quot;classic&quot;}\">\n\t\t<div class=\"elementor-element elementor-element-24f465e e-con-full e-flex e-con e-child\" data-id=\"24f465e\" data-element_type=\"container\" data-e-type=\"container\" data-settings=\"{&quot;background_background&quot;:&quot;classic&quot;}\">\n\t\t\t\t<div class=\"elementor-element elementor-element-baa0978 elementor-widget elementor-widget-heading\" data-id=\"baa0978\" data-element_type=\"widget\" data-e-type=\"widget\" data-widget_type=\"heading.default\">\n\t\t\t\t\t<h1 class=\"elementor-heading-title elementor-size-default\">Vertriebsnetz<\/h1>\t\t\t\t<\/div>\n\t\t\t\t<\/div>\n\t\t\t\t<\/div>\n\t\t\t\t<\/div>\n\t\t<div class=\"elementor-element elementor-element-e824bae e-con-full e-flex e-con e-parent\" data-id=\"e824bae\" data-element_type=\"container\" data-e-type=\"container\">\n\t\t<div class=\"elementor-element elementor-element-3e87d70 e-con-full e-flex e-con e-child\" data-id=\"3e87d70\" data-element_type=\"container\" data-e-type=\"container\">\n\t\t<div class=\"elementor-element elementor-element-16882c3 e-con-full e-flex e-con e-child\" data-id=\"16882c3\" data-element_type=\"container\" data-e-type=\"container\">\n\t\t\t\t<div class=\"elementor-element elementor-element-aa1b850 elementor-widget elementor-widget-heading\" data-id=\"aa1b850\" data-element_type=\"widget\" data-e-type=\"widget\" data-widget_type=\"heading.default\">\n\t\t\t\t\t<h2 class=\"elementor-heading-title elementor-size-default\">Zuverl\u00e4ssigkeit<\/h2>\t\t\t\t<\/div>\n\t\t\t\t<div class=\"elementor-element elementor-element-46d123f elementor-widget elementor-widget-heading\" data-id=\"46d123f\" data-element_type=\"widget\" data-e-type=\"widget\" data-widget_type=\"heading.default\">\n\t\t\t\t\t<h2 class=\"elementor-heading-title elementor-size-default\">ohne Grenzen<\/h2>\t\t\t\t<\/div>\n\t\t\t\t<\/div>\n\t\t<div class=\"elementor-element elementor-element-5124ab7 e-con-full e-flex e-con e-child\" data-id=\"5124ab7\" data-element_type=\"container\" data-e-type=\"container\">\n\t\t\t\t<div class=\"elementor-element elementor-element-8315a12 elementor-widget elementor-widget-text-editor\" data-id=\"8315a12\" data-element_type=\"widget\" data-e-type=\"widget\" data-widget_type=\"text-editor.default\">\n\t\t\t\t\t\t\t\t\t<p>AVO Aldo Valsecchi ist eine feste Gr\u00f6\u00dfe auf dem italienischen sowie internationalen Markt.<br \/>Im Laufe der Jahre haben wir ein leistungsstarkes Vertriebsnetz aufgebaut, das uns eine fl\u00e4chendeckende Pr\u00e4senz in Italien sowie in den wichtigsten internationalen M\u00e4rkten erm\u00f6glicht.<br \/>Unser Engagement f\u00fcr h\u00f6chste Produktqualit\u00e4t und Zuverl\u00e4ssigkeit hat uns zu einem f\u00fchrenden Anbieter in \u00fcber 50 L\u00e4ndern weltweit gemacht. Wir freuen uns darauf, Ihnen eine partnerschaftliche und l\u00f6sungsorientierte Gesch\u00e4ftsbeziehung anzubieten.<\/p>\n\t\t\t\t\t\t\t\t<\/div>\n\t\t\t\t<\/div>\n\t\t\t\t<\/div>\n\t\t\t\t<\/div>\n\t\t<div class=\"elementor-element elementor-element-3f5a315 e-con-full e-flex e-con e-parent\" data-id=\"3f5a315\" data-element_type=\"container\" data-e-type=\"container\">\n\t\t<div class=\"elementor-element elementor-element-70dbb6e e-con-full e-flex e-con e-child\" data-id=\"70dbb6e\" data-element_type=\"container\" data-e-type=\"container\" data-settings=\"{&quot;background_background&quot;:&quot;classic&quot;}\">\n\t\t<div class=\"elementor-element elementor-element-f7e6ff7 e-con-full e-flex e-con e-child\" data-id=\"f7e6ff7\" data-element_type=\"container\" data-e-type=\"container\">\n\t\t\t\t<div class=\"elementor-element elementor-element-0fcbec5 elementor-widget elementor-widget-heading\" data-id=\"0fcbec5\" data-element_type=\"widget\" data-e-type=\"widget\" data-widget_type=\"heading.default\">\n\t\t\t\t\t<h2 class=\"elementor-heading-title elementor-size-default\">Vertrieb Italien<\/h2>\t\t\t\t<\/div>\n\t\t\t\t<div class=\"elementor-element elementor-element-5da324f elementor-widget elementor-widget-text-editor\" data-id=\"5da324f\" data-element_type=\"widget\" data-e-type=\"widget\" data-widget_type=\"text-editor.default\">\n\t\t\t\t\t\t\t\t\t<p>Vertrieb italien<br \/>Unsere fl\u00e4chendeckende Pr\u00e4senz in Italien ist das Ergebnis eines strategisch aufgebauten und langj\u00e4hrig etablierten Vertriebsnetzes.<\/p>\n<p>Mit Ansprechpartnern in ganz Italien sind wir bereit, Sie mit hochwertigen Produkten und kompetentem Kundenservice zu unterst\u00fctzen.<\/p>\n<p><strong>AVO Aldo Valsecchi<\/strong> ist Ihr zuverl\u00e4ssiger Partner f\u00fcr gesch\u00e4ftliche Anforderungen im italienischen Markt.<br \/>F\u00fcr Informationen oder Anfragen kontaktieren Sie uns bitte unter:<\/p>\n\t\t\t\t\t\t\t\t<\/div>\n\t\t<div class=\"elementor-element elementor-element-b2c3098 e-con-full e-flex e-con e-child\" data-id=\"b2c3098\" data-element_type=\"container\" data-e-type=\"container\">\n\t\t\t\t<div class=\"elementor-element elementor-element-60e4927 elementor-widget elementor-widget-text-editor\" data-id=\"60e4927\" data-element_type=\"widget\" data-e-type=\"widget\" data-widget_type=\"text-editor.default\">\n\t\t\t\t\t\t\t\t\t<p>E-mail:\u00a0 \u00a0 <a href=\"mailto:venditeitalia@avo.it\"><strong>venditeitalia@avo.it<\/strong><\/a><br \/>Tel:\u00a0 \u00a0 \u00a0 \u00a0 <a href=\"tel: +390323869911\"><strong>+39 0323 869911<\/strong><\/a><\/p>\n\t\t\t\t\t\t\t\t<\/div>\n\t\t\t\t<\/div>\n\t\t\t\t<div class=\"elementor-element elementor-element-0dc248b elementor-widget elementor-widget-heading\" data-id=\"0dc248b\" data-element_type=\"widget\" data-e-type=\"widget\" data-widget_type=\"heading.default\">\n\t\t\t\t\t<h2 class=\"elementor-heading-title elementor-size-default\">Wir sind f\u00fcr Sie da \u2013 f\u00fcr Ihr Wachstum und Ihren Erfolg.<\/h2>\t\t\t\t<\/div>\n\t\t\t\t<\/div>\n\t\t<div class=\"elementor-element elementor-element-a413c68 e-con-full e-flex e-con e-child\" data-id=\"a413c68\" data-element_type=\"container\" data-e-type=\"container\" data-settings=\"{&quot;background_background&quot;:&quot;classic&quot;}\">\n\t\t\t\t<\/div>\n\t\t\t\t<\/div>\n\t\t\t\t<\/div>\n\t\t<div class=\"elementor-element elementor-element-4d0bb33 e-con-full e-flex e-con e-parent\" data-id=\"4d0bb33\" data-element_type=\"container\" data-e-type=\"container\">\n\t\t<div class=\"elementor-element elementor-element-9418314 e-con-full e-flex e-con e-child\" data-id=\"9418314\" data-element_type=\"container\" data-e-type=\"container\" data-settings=\"{&quot;background_background&quot;:&quot;classic&quot;}\">\n\t\t<div class=\"elementor-element elementor-element-78c8412 e-con-full e-flex e-con e-child\" data-id=\"78c8412\" data-element_type=\"container\" data-e-type=\"container\">\n\t\t\t\t<div class=\"elementor-element elementor-element-7f58520 elementor-widget elementor-widget-heading\" data-id=\"7f58520\" data-element_type=\"widget\" data-e-type=\"widget\" data-widget_type=\"heading.default\">\n\t\t\t\t\t<h3 class=\"elementor-heading-title elementor-size-default\">Exportvertrieb<\/h3>\t\t\t\t<\/div>\n\t\t\t\t<div class=\"elementor-element elementor-element-154bd7f elementor-widget elementor-widget-text-editor\" data-id=\"154bd7f\" data-element_type=\"widget\" data-e-type=\"widget\" data-widget_type=\"text-editor.default\">\n\t\t\t\t\t\t\t\t\t<p>\u00dcber die Landesgrenzen hinaus garantieren wir unsere weltweite Pr\u00e4senz durch ein Netz qualifizierter Vertriebspartner und direkten Verkauf an Industrieunternehmen verschiedenster Branchen weltweit.<\/p>\n<p><strong>AVO Aldo Valsecchi<\/strong> \u00fcberzeugt durch h\u00f6chste Produktqualit\u00e4t und Zuverl\u00e4ssigkeit \u2013 gepaart mit einer hohen Flexibilit\u00e4t zur Anpassung an die spezifischen Anforderungen jedes Marktes.<\/p>\n<p>Unsere f\u00fchrende Position in \u00fcber 50 L\u00e4ndern belegt das Vertrauen, das unsere internationalen Kunden in unsere Produkte und unseren Service setzen.<\/p>\n<p>F\u00fcr Kooperationsanfragen oder Informationen kontaktieren Sie uns bitte unter:<\/p>\n\t\t\t\t\t\t\t\t<\/div>\n\t\t<div class=\"elementor-element elementor-element-b631d2f e-con-full e-flex e-con e-child\" data-id=\"b631d2f\" data-element_type=\"container\" data-e-type=\"container\">\n\t\t\t\t<div class=\"elementor-element elementor-element-e16e848 elementor-widget elementor-widget-text-editor\" data-id=\"e16e848\" data-element_type=\"widget\" data-e-type=\"widget\" data-widget_type=\"text-editor.default\">\n\t\t\t\t\t\t\t\t\t<p>E-mail:\u00a0 \u00a0 <a href=\"mailto:export@avo.it\"><strong>export@avo.it<\/strong><\/a><br \/>Tel:\u00a0 \u00a0 \u00a0 \u00a0 <a href=\"tel: +390323869911\"><strong>+39 0323 869911<\/strong><\/a><\/p>\n\t\t\t\t\t\t\t\t<\/div>\n\t\t\t\t<\/div>\n\t\t\t\t<div class=\"elementor-element elementor-element-470b7ab elementor-widget elementor-widget-heading\" data-id=\"470b7ab\" data-element_type=\"widget\" data-e-type=\"widget\" data-widget_type=\"heading.default\">\n\t\t\t\t\t<h2 class=\"elementor-heading-title elementor-size-default\">Wir freuen uns auf eine erfolgreiche Zusammenarbeit mit Ihnen \u2013 weltweit.<\/h2>\t\t\t\t<\/div>\n\t\t\t\t<\/div>\n\t\t<div class=\"elementor-element elementor-element-ed0d954 e-con-full e-flex e-con e-child\" data-id=\"ed0d954\" data-element_type=\"container\" data-e-type=\"container\" data-settings=\"{&quot;background_background&quot;:&quot;classic&quot;}\">\n\t\t\t\t<\/div>\n\t\t\t\t<\/div>\n\t\t\t\t<\/div>\n\t\t\t\t<\/div>\n\t\t","protected":false},"excerpt":{"rendered":"<p>Vertriebsnetz Zuverl\u00e4ssigkeit ohne Grenzen AVO Aldo Valsecchi ist eine feste Gr\u00f6\u00dfe auf dem italienischen sowie internationalen Markt.Im Laufe der Jahre haben wir ein leistungsstarkes Vertriebsnetz aufgebaut, das uns eine fl\u00e4chendeckende Pr\u00e4senz in Italien sowie in den wichtigsten internationalen M\u00e4rkten erm\u00f6glicht.Unser Engagement f\u00fcr h\u00f6chste Produktqualit\u00e4t und Zuverl\u00e4ssigkeit hat uns zu einem f\u00fchrenden Anbieter in \u00fcber 50 [&hellip;]<\/p>\n","protected":false},"author":2,"featured_media":0,"parent":0,"menu_order":0,"comment_status":"closed","ping_status":"closed","template":"","meta":{"_acf_changed":false,"footnotes":""},"class_list":["post-48407","page","type-page","status-publish","hentry"],"acf":[],"_links":{"self":[{"href":"https:\/\/www.avo.it\/de\/wp-json\/wp\/v2\/pages\/48407","targetHints":{"allow":["GET"]}}],"collection":[{"href":"https:\/\/www.avo.it\/de\/wp-json\/wp\/v2\/pages"}],"about":[{"href":"https:\/\/www.avo.it\/de\/wp-json\/wp\/v2\/types\/page"}],"author":[{"embeddable":true,"href":"https:\/\/www.avo.it\/de\/wp-json\/wp\/v2\/users\/2"}],"replies":[{"embeddable":true,"href":"https:\/\/www.avo.it\/de\/wp-json\/wp\/v2\/comments?post=48407"}],"version-history":[{"count":3,"href":"https:\/\/www.avo.it\/de\/wp-json\/wp\/v2\/pages\/48407\/revisions"}],"predecessor-version":[{"id":153892,"href":"https:\/\/www.avo.it\/de\/wp-json\/wp\/v2\/pages\/48407\/revisions\/153892"}],"wp:attachment":[{"href":"https:\/\/www.avo.it\/de\/wp-json\/wp\/v2\/media?parent=48407"}],"curies":[{"name":"wp","href":"https:\/\/api.w.org\/{rel}","templated":true}]}}