{"id":152635,"date":"2025-08-18T09:16:26","date_gmt":"2025-08-18T09:16:26","guid":{"rendered":"https:\/\/avo.it\/informacion-tecnica\/definiciones-y-componentes-basicos\/"},"modified":"2025-10-04T12:35:59","modified_gmt":"2025-10-04T12:35:59","slug":"definiciones-y-componentes-basicos","status":"publish","type":"page","link":"https:\/\/www.avo.it\/es\/informacion-tecnica\/definiciones-y-componentes-basicos\/","title":{"rendered":"Definiciones y componentes b\u00e1sicos"},"content":{"rendered":"\t\t<div data-elementor-type=\"wp-page\" data-elementor-id=\"152635\" class=\"elementor elementor-152635 elementor-150493\" data-elementor-post-type=\"page\">\n\t\t\t\t<div class=\"elementor-element elementor-element-1511d79 e-con-full e-flex e-con e-parent\" data-id=\"1511d79\" data-element_type=\"container\" data-e-type=\"container\" data-settings=\"{&quot;background_background&quot;:&quot;classic&quot;}\">\n\t\t<div class=\"elementor-element elementor-element-31022d2 e-con-full e-flex e-con e-child\" data-id=\"31022d2\" data-element_type=\"container\" data-e-type=\"container\" data-settings=\"{&quot;background_background&quot;:&quot;classic&quot;}\">\n\t\t<div class=\"elementor-element elementor-element-c27cfbc e-con-full e-flex e-con e-child\" data-id=\"c27cfbc\" data-element_type=\"container\" data-e-type=\"container\" data-settings=\"{&quot;background_background&quot;:&quot;classic&quot;}\">\n\t\t\t\t<div class=\"elementor-element elementor-element-6226712 elementor-widget elementor-widget-heading\" data-id=\"6226712\" data-element_type=\"widget\" data-e-type=\"widget\" data-widget_type=\"heading.default\">\n\t\t\t\t\t<h1 class=\"elementor-heading-title elementor-size-default\">Definiciones y <span style=\"color: #B3E5FC\">componentes b\u00e1sicos<\/span><\/h1>\t\t\t\t<\/div>\n\t\t\t\t<\/div>\n\t\t\t\t<\/div>\n\t\t\t\t<\/div>\n\t\t<div class=\"elementor-element elementor-element-fefa795 e-con-full e-flex e-con e-parent\" data-id=\"fefa795\" data-element_type=\"container\" data-e-type=\"container\">\n\t\t\t\t<div class=\"elementor-element elementor-element-cc1fac0 elementor-widget elementor-widget-heading\" data-id=\"cc1fac0\" data-element_type=\"widget\" data-e-type=\"widget\" data-widget_type=\"heading.default\">\n\t\t\t\t\t<h2 class=\"elementor-heading-title elementor-size-default\">Definiciones y componentes b\u00e1sicos de las ruedas<\/h2>\t\t\t\t<\/div>\n\t\t\t\t<div class=\"elementor-element elementor-element-f261ed8 elementor-widget elementor-widget-text-editor\" data-id=\"f261ed8\" data-element_type=\"widget\" data-e-type=\"widget\" data-widget_type=\"text-editor.default\">\n\t\t\t\t\t\t\t\t\t<p class=\"p1\">Una <strong>rueda<\/strong> est\u00e1 compuesta por banda de rodadura, n\u00facleo, cubo y rodamiento.<br \/>\nLas <strong>ruedas giratorias (soportes giratorios)<\/strong> rotan alrededor del eje vertical, garantizando maniobrabilidad y estabilidad, y pueden equiparse con distintos sistemas de bloqueo.<br \/>\nLas <strong>ruedas fijas<\/strong> no son orientables y est\u00e1n dise\u00f1adas para desplazamientos en l\u00ednea recta.<\/p>\n\t\t\t\t\t\t\t\t<\/div>\n\t\t\t\t<\/div>\n\t\t<div class=\"elementor-element elementor-element-82723b7 e-con-full e-flex e-con e-parent\" data-id=\"82723b7\" data-element_type=\"container\" data-e-type=\"container\">\n\t\t<div class=\"elementor-element elementor-element-dd72034 e-con-full e-flex e-con e-child\" data-id=\"dd72034\" data-element_type=\"container\" data-e-type=\"container\">\n\t\t<div class=\"elementor-element elementor-element-42308e3 e-con-full e-flex e-con e-child\" data-id=\"42308e3\" data-element_type=\"container\" data-e-type=\"container\">\n\t\t\t\t<div class=\"elementor-element elementor-element-6eb067e elementor-widget elementor-widget-heading\" data-id=\"6eb067e\" data-element_type=\"widget\" data-e-type=\"widget\" data-widget_type=\"heading.default\">\n\t\t\t\t\t<h3 class=\"elementor-heading-title elementor-size-default\">Rueda<\/h3>\t\t\t\t<\/div>\n\t\t\t\t<div class=\"elementor-element elementor-element-95752f7 elementor-widget elementor-widget-text-editor\" data-id=\"95752f7\" data-element_type=\"widget\" data-e-type=\"widget\" data-widget_type=\"text-editor.default\">\n\t\t\t\t\t\t\t\t\t<p class=\"p1\">Una rueda se compone de banda de rodadura, n\u00facleo y cubo.<\/p>\n<p><\/p>\n<p class=\"p1\">Los distintos tipos de ruedas se diferencian por capacidad de carga, resistencia al rodamiento y caracter\u00edsticas de desplazamiento.<br \/>\nLas caracter\u00edsticas espec\u00edficas de cada serie de ruedas se describen en detalle en la secci\u00f3n correspondiente.<\/p>\n<p><\/p>\n<p class=\"p1\"><b>Nomenclatura:<\/b><br \/>\n1 = banda de rodadura<br \/>\n2 = n\u00facleo<br \/>\n3 = cubo<br \/>\n4 = rodamiento de la rueda<\/p>\n\t\t\t\t\t\t\t\t<\/div>\n\t\t\t\t<\/div>\n\t\t<div class=\"elementor-element elementor-element-81f1a8a e-con-full e-flex e-con e-child\" data-id=\"81f1a8a\" data-element_type=\"container\" data-e-type=\"container\">\n\t\t\t\t<div class=\"elementor-element elementor-element-cf51b61 elementor-widget elementor-widget-image\" data-id=\"cf51b61\" data-element_type=\"widget\" data-e-type=\"widget\" data-widget_type=\"image.default\">\n\t\t\t\t\t\t\t\t\t\t\t\t\t\t\t\t<a href=\"https:\/\/www.avo.it\/wp-content\/uploads\/2025\/08\/definizioni-ruota.png\" data-elementor-open-lightbox=\"yes\" data-e-action-hash=\"#elementor-action%3Aaction%3Dlightbox%26settings%3DeyJpZCI6MTUwNTMyLCJ1cmwiOiJodHRwczpcL1wvd3d3LmF2by5pdFwvd3AtY29udGVudFwvdXBsb2Fkc1wvMjAyNVwvMDhcL2RlZmluaXppb25pLXJ1b3RhLnBuZyJ9\">\n\t\t\t\t\t\t\t<img fetchpriority=\"high\" decoding=\"async\" width=\"589\" height=\"794\" src=\"https:\/\/www.avo.it\/wp-content\/uploads\/2025\/08\/definizioni-ruota.png\" class=\"attachment-full size-full wp-image-150532\" alt=\"\" srcset=\"https:\/\/www.avo.it\/wp-content\/uploads\/2025\/08\/definizioni-ruota.png 589w, https:\/\/www.avo.it\/wp-content\/uploads\/2025\/08\/definizioni-ruota-223x300.png 223w\" sizes=\"(max-width: 589px) 100vw, 589px\" \/>\t\t\t\t\t\t\t\t<\/a>\n\t\t\t\t\t\t\t\t\t\t\t\t\t\t\t<\/div>\n\t\t\t\t<\/div>\n\t\t\t\t<\/div>\n\t\t\t\t<\/div>\n\t\t<div class=\"elementor-element elementor-element-8eb4d24 e-con-full e-flex e-con e-parent\" data-id=\"8eb4d24\" data-element_type=\"container\" data-e-type=\"container\">\n\t\t\t\t<div class=\"elementor-element elementor-element-61f827b elementor-widget-divider--view-line elementor-widget elementor-widget-divider\" data-id=\"61f827b\" data-element_type=\"widget\" data-e-type=\"widget\" data-widget_type=\"divider.default\">\n\t\t\t\t\t\t\t<div class=\"elementor-divider\">\n\t\t\t<span class=\"elementor-divider-separator\">\n\t\t\t\t\t\t<\/span>\n\t\t<\/div>\n\t\t\t\t\t\t<\/div>\n\t\t<div class=\"elementor-element elementor-element-aaa00fd e-con-full e-flex e-con e-child\" data-id=\"aaa00fd\" data-element_type=\"container\" data-e-type=\"container\">\n\t\t<div class=\"elementor-element elementor-element-bce66f3 e-con-full e-flex e-con e-child\" data-id=\"bce66f3\" data-element_type=\"container\" data-e-type=\"container\">\n\t\t\t\t<div class=\"elementor-element elementor-element-4f2feeb elementor-widget elementor-widget-heading\" data-id=\"4f2feeb\" data-element_type=\"widget\" data-e-type=\"widget\" data-widget_type=\"heading.default\">\n\t\t\t\t\t<h3 class=\"elementor-heading-title elementor-size-default\">Rueda giratoria (soporte giratorio)<\/h3>\t\t\t\t<\/div>\n\t\t\t\t<div class=\"elementor-element elementor-element-4c4dbd7 elementor-widget elementor-widget-text-editor\" data-id=\"4c4dbd7\" data-element_type=\"widget\" data-e-type=\"widget\" data-widget_type=\"text-editor.default\">\n\t\t\t\t\t\t\t\t\t<p class=\"p1\"><b>Nomenclatura:<\/b><br \/>\n1\u20133 = soporte giratorio<br \/>\n1 = placa superior<br \/>\n2 = cabeza giratoria (cojinete de giro)<br \/>\n3 = horquilla giratoria<br \/>\n4 = rueda<br \/>\n5 = eje<\/p>\n\t\t\t\t\t\t\t\t<\/div>\n\t\t\t\t<div class=\"elementor-element elementor-element-650a3e8 elementor-widget elementor-widget-text-editor\" data-id=\"650a3e8\" data-element_type=\"widget\" data-e-type=\"widget\" data-widget_type=\"text-editor.default\">\n\t\t\t\t\t\t\t\t\t<p class=\"p1\"><b>Dimensiones:<\/b><br \/>\nH = altura total \/ altura de instalaci\u00f3n<br \/>\nF = desplazamiento (offset)<br \/>\nA, B = dimensiones de la placa superior<br \/>\na, b = distancias entre orificios<br \/>\nd = di\u00e1metro de los orificios de fijaci\u00f3n<\/p>\n\t\t\t\t\t\t\t\t<\/div>\n\t\t\t\t<div class=\"elementor-element elementor-element-7bba2d1 elementor-widget elementor-widget-text-editor\" data-id=\"7bba2d1\" data-element_type=\"widget\" data-e-type=\"widget\" data-widget_type=\"text-editor.default\">\n\t\t\t\t\t\t\t\t\t<p class=\"p1\">Las ruedas giratorias <strong>rotan verticalmente<\/strong>, lo que <strong>permite maniobrar f\u00e1cilmente<\/strong> m\u00e1quinas y equipos.<br \/>\nLa cabeza giratoria conecta la horquilla con el elemento de fijaci\u00f3n.<\/p>\n<p><\/p>\n<p class=\"p1\">El eje del cojinete de giro se sit\u00faa normalmente a una distancia horizontal del eje de la rueda (desplazamiento), lo que facilita la rotaci\u00f3n de la horquilla.<br \/>\nEste desplazamiento permite una rotaci\u00f3n fluida sin dispositivos adicionales y garantiza estabilidad en el desplazamiento rectil\u00edneo.<\/p>\n<p><\/p>\n<p class=\"p1\">Las ruedas giratorias pueden equiparse con:<\/p>\n<ul class=\"ul1\">\n<li class=\"li1\"><b>Freno de rueda<\/b> (bloqueo de la rotaci\u00f3n de la rueda)<\/li>\n<li class=\"li1\"><b>Freno total<\/b> (bloqueo de la rueda y de la rotaci\u00f3n del cabezal)<\/li>\n<li class=\"li1\"><b>Bloqueo direccional<\/b> (bloqueo del movimiento de giro)<\/li>\n<\/ul>\n\t\t\t\t\t\t\t\t<\/div>\n\t\t\t\t<\/div>\n\t\t<div class=\"elementor-element elementor-element-31bf3e6 e-con-full e-flex e-con e-child\" data-id=\"31bf3e6\" data-element_type=\"container\" data-e-type=\"container\">\n\t\t\t\t<div class=\"elementor-element elementor-element-1cacc8c elementor-widget elementor-widget-image\" data-id=\"1cacc8c\" data-element_type=\"widget\" data-e-type=\"widget\" data-widget_type=\"image.default\">\n\t\t\t\t\t\t\t\t\t\t\t\t\t\t\t\t<a href=\"https:\/\/www.avo.it\/wp-content\/uploads\/2025\/08\/ruota-supporto-girevole.png\" data-elementor-open-lightbox=\"yes\" data-e-action-hash=\"#elementor-action%3Aaction%3Dlightbox%26settings%3DeyJpZCI6MTUwNTU1LCJ1cmwiOiJodHRwczpcL1wvd3d3LmF2by5pdFwvd3AtY29udGVudFwvdXBsb2Fkc1wvMjAyNVwvMDhcL3J1b3RhLXN1cHBvcnRvLWdpcmV2b2xlLnBuZyJ9\">\n\t\t\t\t\t\t\t<img decoding=\"async\" width=\"374\" height=\"590\" src=\"https:\/\/www.avo.it\/wp-content\/uploads\/2025\/08\/ruota-supporto-girevole.png\" class=\"attachment-full size-full wp-image-150555\" alt=\"\" srcset=\"https:\/\/www.avo.it\/wp-content\/uploads\/2025\/08\/ruota-supporto-girevole.png 374w, https:\/\/www.avo.it\/wp-content\/uploads\/2025\/08\/ruota-supporto-girevole-190x300.png 190w\" sizes=\"(max-width: 374px) 100vw, 374px\" \/>\t\t\t\t\t\t\t\t<\/a>\n\t\t\t\t\t\t\t\t\t\t\t\t\t\t\t<\/div>\n\t\t\t\t<\/div>\n\t\t\t\t<\/div>\n\t\t\t\t<\/div>\n\t\t<div class=\"elementor-element elementor-element-e104d9e e-con-full e-flex e-con e-parent\" data-id=\"e104d9e\" data-element_type=\"container\" data-e-type=\"container\">\n\t\t\t\t<div class=\"elementor-element elementor-element-9744aad elementor-widget-divider--view-line elementor-widget elementor-widget-divider\" data-id=\"9744aad\" data-element_type=\"widget\" data-e-type=\"widget\" data-widget_type=\"divider.default\">\n\t\t\t\t\t\t\t<div class=\"elementor-divider\">\n\t\t\t<span class=\"elementor-divider-separator\">\n\t\t\t\t\t\t<\/span>\n\t\t<\/div>\n\t\t\t\t\t\t<\/div>\n\t\t<div class=\"elementor-element elementor-element-4d4bfd8 e-con-full e-flex e-con e-child\" data-id=\"4d4bfd8\" data-element_type=\"container\" data-e-type=\"container\">\n\t\t<div class=\"elementor-element elementor-element-8af4124 e-con-full e-flex e-con e-child\" data-id=\"8af4124\" data-element_type=\"container\" data-e-type=\"container\">\n\t\t\t\t<div class=\"elementor-element elementor-element-eb47885 elementor-widget elementor-widget-heading\" data-id=\"eb47885\" data-element_type=\"widget\" data-e-type=\"widget\" data-widget_type=\"heading.default\">\n\t\t\t\t\t<h3 class=\"elementor-heading-title elementor-size-default\">Rueda fija (soporte fijo)<\/h3>\t\t\t\t<\/div>\n\t\t\t\t<div class=\"elementor-element elementor-element-57b5826 elementor-widget elementor-widget-text-editor\" data-id=\"57b5826\" data-element_type=\"widget\" data-e-type=\"widget\" data-widget_type=\"text-editor.default\">\n\t\t\t\t\t\t\t\t\t<p class=\"p1\"><b>Nomenclatura:<\/b><br \/>\n1 = soporte fijo<br \/>\n2 = rueda<br \/>\n3 = eje<\/p>\n\t\t\t\t\t\t\t\t<\/div>\n\t\t\t\t<div class=\"elementor-element elementor-element-efad9ea elementor-widget elementor-widget-text-editor\" data-id=\"efad9ea\" data-element_type=\"widget\" data-e-type=\"widget\" data-widget_type=\"text-editor.default\">\n\t\t\t\t\t\t\t\t\t<p class=\"p1\"><b>Dimensiones:<\/b><br \/>\nH = altura total \/ altura de instalaci\u00f3n<br \/>\nA, B = dimensiones de la placa superior<br \/>\na, b = distancias entre orificios<br \/>\nd = di\u00e1metro de los orificios de fijaci\u00f3n<\/p>\n\t\t\t\t\t\t\t\t<\/div>\n\t\t\t\t<div class=\"elementor-element elementor-element-212cd96 elementor-widget elementor-widget-text-editor\" data-id=\"212cd96\" data-element_type=\"widget\" data-e-type=\"widget\" data-widget_type=\"text-editor.default\">\n\t\t\t\t\t\t\t\t\t<p class=\"p1\">Las ruedas fijas no son orientables y garantizan el movimiento rectil\u00edneo de maquinaria o equipos en una <strong>direcci\u00f3n definida<\/strong>.<\/p>\n\t\t\t\t\t\t\t\t<\/div>\n\t\t\t\t<\/div>\n\t\t<div class=\"elementor-element elementor-element-b1d12e1 e-con-full e-flex e-con e-child\" data-id=\"b1d12e1\" data-element_type=\"container\" data-e-type=\"container\">\n\t\t\t\t<div class=\"elementor-element elementor-element-86a3b7b elementor-widget elementor-widget-image\" data-id=\"86a3b7b\" data-element_type=\"widget\" data-e-type=\"widget\" data-widget_type=\"image.default\">\n\t\t\t\t\t\t\t\t\t\t\t\t\t\t\t\t<a href=\"https:\/\/www.avo.it\/wp-content\/uploads\/2025\/08\/ruota-supporto-fisso.png\" data-elementor-open-lightbox=\"yes\" data-e-action-hash=\"#elementor-action%3Aaction%3Dlightbox%26settings%3DeyJpZCI6MTUwNTk3LCJ1cmwiOiJodHRwczpcL1wvd3d3LmF2by5pdFwvd3AtY29udGVudFwvdXBsb2Fkc1wvMjAyNVwvMDhcL3J1b3RhLXN1cHBvcnRvLWZpc3NvLnBuZyJ9\">\n\t\t\t\t\t\t\t<img decoding=\"async\" width=\"396\" height=\"604\" src=\"https:\/\/www.avo.it\/wp-content\/uploads\/2025\/08\/ruota-supporto-fisso.png\" class=\"attachment-full size-full wp-image-150597\" alt=\"\" srcset=\"https:\/\/www.avo.it\/wp-content\/uploads\/2025\/08\/ruota-supporto-fisso.png 396w, https:\/\/www.avo.it\/wp-content\/uploads\/2025\/08\/ruota-supporto-fisso-197x300.png 197w\" sizes=\"(max-width: 396px) 100vw, 396px\" \/>\t\t\t\t\t\t\t\t<\/a>\n\t\t\t\t\t\t\t\t\t\t\t\t\t\t\t<\/div>\n\t\t\t\t<\/div>\n\t\t\t\t<\/div>\n\t\t\t\t<\/div>\n\t\t<div class=\"elementor-element elementor-element-d898b0a e-con-full e-flex e-con e-parent\" data-id=\"d898b0a\" data-element_type=\"container\" data-e-type=\"container\">\n\t\t\t\t<div class=\"elementor-element elementor-element-85bf455 elementor-widget elementor-widget-text-editor\" data-id=\"85bf455\" data-element_type=\"widget\" data-e-type=\"widget\" data-widget_type=\"text-editor.default\">\n\t\t\t\t\t\t\t\t\t<p class=\"p1\"><b>Para m\u00e1s detalles t\u00e9cnicos o para solicitar una asesor\u00eda personalizada:<\/b><br \/>\n<b><\/b><\/p>\n\t\t\t\t\t\t\t\t<\/div>\n\t\t\t\t<div class=\"elementor-element elementor-element-a373f41 elementor-position-inline-end elementor-mobile-position-inline-end elementor-view-default elementor-widget elementor-widget-icon-box\" data-id=\"a373f41\" data-element_type=\"widget\" data-e-type=\"widget\" data-widget_type=\"icon-box.default\">\n\t\t\t\t\t\t\t<div class=\"elementor-icon-box-wrapper\">\n\n\t\t\t\t\t\t<div class=\"elementor-icon-box-icon\">\n\t\t\t\t<a href=\"https:\/\/www.avo.it\/contatti\/\" title=\"Approfondisci\" class=\"elementor-icon\" tabindex=\"-1\" aria-label=\"Cont\u00e1ctenos\">\n\t\t\t\t<svg xmlns=\"http:\/\/www.w3.org\/2000\/svg\" id=\"Livello_1\" data-name=\"Livello 1\" viewBox=\"0 0 36.78 36.78\"><defs><style>      .cls-1 {        fill: #b3e5fc;      }      .cls-2 {        fill: #21355a;      }    <\/style><\/defs><circle class=\"cls-1\" cx=\"18.39\" cy=\"18.39\" r=\"18.39\"><\/circle><path class=\"cls-2\" d=\"M13.65,26.72l7.81-7.81c.28-.28.28-.77,0-1.04l-7.81-7.81,1.04-1.04,7.81,7.81c.84.84.84,2.3,0,3.13l-7.81,7.81-1.04-1.04Z\"><\/path><\/svg>\t\t\t\t<\/a>\n\t\t\t<\/div>\n\t\t\t\n\t\t\t\t\t\t<div class=\"elementor-icon-box-content\">\n\n\t\t\t\t\t\t\t\t\t<h3 class=\"elementor-icon-box-title\">\n\t\t\t\t\t\t<a href=\"https:\/\/www.avo.it\/contatti\/\" title=\"Approfondisci\" >\n\t\t\t\t\t\t\tCont\u00e1ctenos\t\t\t\t\t\t<\/a>\n\t\t\t\t\t<\/h3>\n\t\t\t\t\n\t\t\t\t\n\t\t\t<\/div>\n\t\t\t\n\t\t<\/div>\n\t\t\t\t\t\t<\/div>\n\t\t\t\t<\/div>\n\t\t\t\t<\/div>\n\t\t","protected":false},"excerpt":{"rendered":"<p>Definiciones y componentes b\u00e1sicos Definiciones y componentes b\u00e1sicos de las ruedas Una rueda est\u00e1 compuesta por banda de rodadura, n\u00facleo, cubo y rodamiento. Las ruedas giratorias (soportes giratorios) rotan alrededor del eje vertical, garantizando maniobrabilidad y estabilidad, y pueden equiparse con distintos sistemas de bloqueo. Las ruedas fijas no son orientables y est\u00e1n dise\u00f1adas para [&hellip;]<\/p>\n","protected":false},"author":2,"featured_media":0,"parent":152631,"menu_order":0,"comment_status":"closed","ping_status":"closed","template":"","meta":{"_acf_changed":false,"footnotes":""},"class_list":["post-152635","page","type-page","status-publish","hentry"],"acf":[],"_links":{"self":[{"href":"https:\/\/www.avo.it\/es\/wp-json\/wp\/v2\/pages\/152635","targetHints":{"allow":["GET"]}}],"collection":[{"href":"https:\/\/www.avo.it\/es\/wp-json\/wp\/v2\/pages"}],"about":[{"href":"https:\/\/www.avo.it\/es\/wp-json\/wp\/v2\/types\/page"}],"author":[{"embeddable":true,"href":"https:\/\/www.avo.it\/es\/wp-json\/wp\/v2\/users\/2"}],"replies":[{"embeddable":true,"href":"https:\/\/www.avo.it\/es\/wp-json\/wp\/v2\/comments?post=152635"}],"version-history":[{"count":2,"href":"https:\/\/www.avo.it\/es\/wp-json\/wp\/v2\/pages\/152635\/revisions"}],"predecessor-version":[{"id":152883,"href":"https:\/\/www.avo.it\/es\/wp-json\/wp\/v2\/pages\/152635\/revisions\/152883"}],"up":[{"embeddable":true,"href":"https:\/\/www.avo.it\/es\/wp-json\/wp\/v2\/pages\/152631"}],"wp:attachment":[{"href":"https:\/\/www.avo.it\/es\/wp-json\/wp\/v2\/media?parent=152635"}],"curies":[{"name":"wp","href":"https:\/\/api.w.org\/{rel}","templated":true}]}}