{"id":152639,"date":"2025-08-18T10:23:51","date_gmt":"2025-08-18T10:23:51","guid":{"rendered":"https:\/\/avo.it\/informacion-tecnica\/sistemas-de-rotacion\/"},"modified":"2025-10-03T14:32:00","modified_gmt":"2025-10-03T14:32:00","slug":"sistemas-de-rotacion","status":"publish","type":"page","link":"https:\/\/www.avo.it\/es\/informacion-tecnica\/sistemas-de-rotacion\/","title":{"rendered":"Sistemas de rotaci\u00f3n"},"content":{"rendered":"\t\t<div data-elementor-type=\"wp-page\" data-elementor-id=\"152639\" class=\"elementor elementor-152639 elementor-150608\" data-elementor-post-type=\"page\">\n\t\t\t\t<div class=\"elementor-element elementor-element-ee6b60a e-con-full e-flex e-con e-parent\" data-id=\"ee6b60a\" data-element_type=\"container\" data-e-type=\"container\" data-settings=\"{&quot;background_background&quot;:&quot;classic&quot;}\">\n\t\t<div class=\"elementor-element elementor-element-4234e80 e-con-full e-flex e-con e-child\" data-id=\"4234e80\" data-element_type=\"container\" data-e-type=\"container\" data-settings=\"{&quot;background_background&quot;:&quot;classic&quot;}\">\n\t\t<div class=\"elementor-element elementor-element-4bfe4bc e-con-full dkr-background-banner e-flex e-con e-child\" data-id=\"4bfe4bc\" data-element_type=\"container\" data-e-type=\"container\" data-settings=\"{&quot;background_background&quot;:&quot;classic&quot;}\">\n\t\t\t\t<div class=\"elementor-element elementor-element-44ee3a9 elementor-widget elementor-widget-heading\" data-id=\"44ee3a9\" data-element_type=\"widget\" data-e-type=\"widget\" data-widget_type=\"heading.default\">\n\t\t\t\t\t<h1 class=\"elementor-heading-title elementor-size-default\">Sistemas de <span style=\"color: #B3E5FC\">rotaci\u00f3n<\/span><\/h1>\t\t\t\t<\/div>\n\t\t\t\t<\/div>\n\t\t\t\t<\/div>\n\t\t\t\t<\/div>\n\t\t<div class=\"elementor-element elementor-element-b60a749 e-con-full e-flex e-con e-parent\" data-id=\"b60a749\" data-element_type=\"container\" data-e-type=\"container\">\n\t\t\t\t<div class=\"elementor-element elementor-element-06d6324 elementor-widget elementor-widget-heading\" data-id=\"06d6324\" data-element_type=\"widget\" data-e-type=\"widget\" data-widget_type=\"heading.default\">\n\t\t\t\t\t<h2 class=\"elementor-heading-title elementor-size-default\">Sistemas de rotaci\u00f3n<\/h2>\t\t\t\t<\/div>\n\t\t\t\t<div class=\"elementor-element elementor-element-3ba1a71 elementor-widget elementor-widget-text-editor\" data-id=\"3ba1a71\" data-element_type=\"widget\" data-e-type=\"widget\" data-widget_type=\"text-editor.default\">\n\t\t\t\t\t\t\t\t\t<p class=\"p1\">Los sistemas de rotaci\u00f3n var\u00edan en funci\u00f3n de las prestaciones y la capacidad de carga: <strong>los casquillos de nailon<\/strong> son econ\u00f3micos y duraderos, adecuados para bajas velocidades; <strong>las jaulas de rodillos<\/strong> reducen la fricci\u00f3n y permiten mover cargas pesadas; <strong>los rodamientos de bolas<\/strong> garantizan la m\u00e1xima suavidad, durabilidad y fiabilidad incluso a altas velocidades.<\/p>\n\t\t\t\t\t\t\t\t<\/div>\n\t\t\t\t<\/div>\n\t\t<div class=\"elementor-element elementor-element-0fcc5be e-con-full e-flex e-con e-parent\" data-id=\"0fcc5be\" data-element_type=\"container\" data-e-type=\"container\">\n\t\t<div class=\"elementor-element elementor-element-8eec782 e-con-full e-flex e-con e-child\" data-id=\"8eec782\" data-element_type=\"container\" data-e-type=\"container\">\n\t\t<div class=\"elementor-element elementor-element-2d6d8f5 e-con-full e-flex e-con e-child\" data-id=\"2d6d8f5\" data-element_type=\"container\" data-e-type=\"container\">\n\t\t\t\t<div class=\"elementor-element elementor-element-6585a9a elementor-position-inline-end elementor-mobile-position-inline-end elementor-view-default elementor-widget elementor-widget-icon-box\" data-id=\"6585a9a\" data-element_type=\"widget\" data-e-type=\"widget\" data-widget_type=\"icon-box.default\">\n\t\t\t\t\t\t\t<div class=\"elementor-icon-box-wrapper\">\n\n\t\t\t\t\t\t<div class=\"elementor-icon-box-icon\">\n\t\t\t\t<span  class=\"elementor-icon\">\n\t\t\t\t<svg xmlns=\"http:\/\/www.w3.org\/2000\/svg\" id=\"uuid-d686d51e-f4f3-47f4-bffb-0e1569e9f477\" width=\"13.01mm\" height=\"12.66mm\" viewBox=\"0 0 36.89 35.89\"><rect width=\"36.89\" height=\"8.89\"><\/rect><rect y=\"27\" width=\"36.89\" height=\"8.89\"><\/rect><\/svg>\t\t\t\t<\/span>\n\t\t\t<\/div>\n\t\t\t\n\t\t\t\t\t\t<div class=\"elementor-icon-box-content\">\n\n\t\t\t\t\t\t\t\t\t<h3 class=\"elementor-icon-box-title\">\n\t\t\t\t\t\t<span  >\n\t\t\t\t\t\t\tCasquillo autolubricante de nailon\t\t\t\t\t\t<\/span>\n\t\t\t\t\t<\/h3>\n\t\t\t\t\n\t\t\t\t\n\t\t\t<\/div>\n\t\t\t\n\t\t<\/div>\n\t\t\t\t\t\t<\/div>\n\t\t\t\t<div class=\"elementor-element elementor-element-dd8fc0e elementor-widget elementor-widget-text-editor\" data-id=\"dd8fc0e\" data-element_type=\"widget\" data-e-type=\"widget\" data-widget_type=\"text-editor.default\">\n\t\t\t\t\t\t\t\t\t<p class=\"p1\">El elemento de rodadura m\u00e1s sencillo es el casquillo: econ\u00f3mico y robusto, se utiliza en ruedas institucionales y en carros con baja velocidad de desplazamiento y uso limitado.<br \/>\nLa aplicaci\u00f3n de casquillos depende de los materiales de ruedas y cubos; cuando estos son de poliamida, polipropileno o fundici\u00f3n, no se utilizan casquillos, ya que dichos materiales ya ofrecen buenas propiedades de rodadura. El nailon es uno de los materiales m\u00e1s adecuados, especialmente eficaz con ruedas de goma y soportes de chapa.<br \/>\nNormalmente los casquillos no requieren mantenimiento, salvo en condiciones especiales (por ejemplo, alta concentraci\u00f3n de polvo en el aire). Tambi\u00e9n son resistentes a la corrosi\u00f3n.<\/p>\n\t\t\t\t\t\t\t\t<\/div>\n\t\t\t\t<\/div>\n\t\t<div class=\"elementor-element elementor-element-16c0629 e-con-full e-flex e-con e-child\" data-id=\"16c0629\" data-element_type=\"container\" data-e-type=\"container\">\n\t\t\t\t<div class=\"elementor-element elementor-element-7eb1ab6 elementor-widget elementor-widget-image\" data-id=\"7eb1ab6\" data-element_type=\"widget\" data-e-type=\"widget\" data-widget_type=\"image.default\">\n\t\t\t\t\t\t\t\t\t\t\t\t\t\t\t\t<a href=\"https:\/\/www.avo.it\/wp-content\/uploads\/2025\/08\/boccola-autolubrificante.jpg\" data-elementor-open-lightbox=\"yes\" data-e-action-hash=\"#elementor-action%3Aaction%3Dlightbox%26settings%3DeyJpZCI6MTUxMTU5LCJ1cmwiOiJodHRwczpcL1wvd3d3LmF2by5pdFwvd3AtY29udGVudFwvdXBsb2Fkc1wvMjAyNVwvMDhcL2JvY2NvbGEtYXV0b2x1YnJpZmljYW50ZS5qcGcifQ%3D%3D\">\n\t\t\t\t\t\t\t<img fetchpriority=\"high\" decoding=\"async\" width=\"2048\" height=\"2048\" src=\"https:\/\/www.avo.it\/wp-content\/uploads\/2025\/08\/boccola-autolubrificante.jpg\" class=\"attachment-full size-full wp-image-151159\" alt=\"\" srcset=\"https:\/\/www.avo.it\/wp-content\/uploads\/2025\/08\/boccola-autolubrificante.jpg 2048w, https:\/\/www.avo.it\/wp-content\/uploads\/2025\/08\/boccola-autolubrificante-300x300.jpg 300w, https:\/\/www.avo.it\/wp-content\/uploads\/2025\/08\/boccola-autolubrificante-1024x1024.jpg 1024w, https:\/\/www.avo.it\/wp-content\/uploads\/2025\/08\/boccola-autolubrificante-150x150.jpg 150w, https:\/\/www.avo.it\/wp-content\/uploads\/2025\/08\/boccola-autolubrificante-768x768.jpg 768w, https:\/\/www.avo.it\/wp-content\/uploads\/2025\/08\/boccola-autolubrificante-1536x1536.jpg 1536w\" sizes=\"(max-width: 2048px) 100vw, 2048px\" \/>\t\t\t\t\t\t\t\t<\/a>\n\t\t\t\t\t\t\t\t\t\t\t\t\t\t\t<\/div>\n\t\t\t\t<\/div>\n\t\t\t\t<\/div>\n\t\t\t\t<\/div>\n\t\t<div class=\"elementor-element elementor-element-37ea351 e-con-full e-flex e-con e-parent\" data-id=\"37ea351\" data-element_type=\"container\" data-e-type=\"container\">\n\t\t<div class=\"elementor-element elementor-element-b39db7b e-con-full e-flex e-con e-child\" data-id=\"b39db7b\" data-element_type=\"container\" data-e-type=\"container\">\n\t\t<div class=\"elementor-element elementor-element-e36a5ec e-con-full e-flex e-con e-child\" data-id=\"e36a5ec\" data-element_type=\"container\" data-e-type=\"container\">\n\t\t\t\t<div class=\"elementor-element elementor-element-9e508f9 elementor-position-inline-end elementor-mobile-position-inline-end elementor-view-default elementor-widget elementor-widget-icon-box\" data-id=\"9e508f9\" data-element_type=\"widget\" data-e-type=\"widget\" data-widget_type=\"icon-box.default\">\n\t\t\t\t\t\t\t<div class=\"elementor-icon-box-wrapper\">\n\n\t\t\t\t\t\t<div class=\"elementor-icon-box-icon\">\n\t\t\t\t<span  class=\"elementor-icon\">\n\t\t\t\t<svg xmlns=\"http:\/\/www.w3.org\/2000\/svg\" id=\"uuid-e4fd7a6f-26cd-4e7a-9b8f-9993e63f767d\" width=\"102.64\" height=\"36.45\" viewBox=\"0 0 102.64 36.45\"><path d=\"M37.9,9.89H0V0h37.9v9.89ZM1,8.89h35.9V1H1v7.89Z\"><\/path><path d=\"M37.9,23.18H0v-9.89h37.9v9.89ZM1,22.18h35.9v-7.89H1v7.89Z\"><\/path><path d=\"M37.9,36.45H0v-9.89h37.9v9.89ZM1,35.45h35.9v-7.89H1v7.89Z\"><\/path><rect x=\"65.76\" y=\"13.78\" width=\"36.88\" height=\"8.89\"><\/rect><rect x=\"65.76\" y=\"-.1\" width=\"36.88\" height=\"8.89\"><\/rect><rect x=\"65.76\" y=\"27.67\" width=\"36.88\" height=\"8.89\"><\/rect><\/svg>\t\t\t\t<\/span>\n\t\t\t<\/div>\n\t\t\t\n\t\t\t\t\t\t<div class=\"elementor-icon-box-content\">\n\n\t\t\t\t\t\t\t\t\t<h3 class=\"elementor-icon-box-title\">\n\t\t\t\t\t\t<span  >\n\t\t\t\t\t\t\tRodamientos de rodillos\t\t\t\t\t\t<\/span>\n\t\t\t\t\t<\/h3>\n\t\t\t\t\n\t\t\t\t\n\t\t\t<\/div>\n\t\t\t\n\t\t<\/div>\n\t\t\t\t\t\t<\/div>\n\t\t\t\t<div class=\"elementor-element elementor-element-2ebdd4a elementor-widget elementor-widget-text-editor\" data-id=\"2ebdd4a\" data-element_type=\"widget\" data-e-type=\"widget\" data-widget_type=\"text-editor.default\">\n\t\t\t\t\t\t\t\t\t<p class=\"p1\">Por su practicidad y resistencia, las jaulas de rodillos se emplean con frecuencia en soportes de carros. Su dise\u00f1o compacto las hace adecuadas en aplicaciones con espacio reducido. Generalmente no necesitan mantenimiento, ya que se lubrican con grasa de larga duraci\u00f3n en el montaje.<br \/>\nLa estructura, tambi\u00e9n disponible en acero inoxidable, consiste en una jaula de pl\u00e1stico o met\u00e1lica que aloja rodillos cil\u00edndricos de acero que giran entre el eje y el cubo de la rueda. El movimiento genera fricci\u00f3n de rodadura en lugar de fricci\u00f3n deslizante, reduciendo el esfuerzo de empuje y permitiendo transportar cargas muy pesadas.<\/p>\n\t\t\t\t\t\t\t\t<\/div>\n\t\t\t\t<\/div>\n\t\t<div class=\"elementor-element elementor-element-4058dde e-con-full e-flex e-con e-child\" data-id=\"4058dde\" data-element_type=\"container\" data-e-type=\"container\">\n\t\t\t\t<div class=\"elementor-element elementor-element-cb56c94 elementor-widget elementor-widget-image\" data-id=\"cb56c94\" data-element_type=\"widget\" data-e-type=\"widget\" data-widget_type=\"image.default\">\n\t\t\t\t\t\t\t\t\t\t\t\t\t\t\t\t<a href=\"https:\/\/www.avo.it\/wp-content\/uploads\/2025\/08\/gabbia-a-rulli-sistemi-rotazione.jpg\" data-elementor-open-lightbox=\"yes\" data-e-action-hash=\"#elementor-action%3Aaction%3Dlightbox%26settings%3DeyJpZCI6MTUxMTY5LCJ1cmwiOiJodHRwczpcL1wvd3d3LmF2by5pdFwvd3AtY29udGVudFwvdXBsb2Fkc1wvMjAyNVwvMDhcL2dhYmJpYS1hLXJ1bGxpLXNpc3RlbWktcm90YXppb25lLmpwZyJ9\">\n\t\t\t\t\t\t\t<img decoding=\"async\" width=\"2048\" height=\"2048\" src=\"https:\/\/www.avo.it\/wp-content\/uploads\/2025\/08\/gabbia-a-rulli-sistemi-rotazione.jpg\" class=\"attachment-full size-full wp-image-151169\" alt=\"\" srcset=\"https:\/\/www.avo.it\/wp-content\/uploads\/2025\/08\/gabbia-a-rulli-sistemi-rotazione.jpg 2048w, https:\/\/www.avo.it\/wp-content\/uploads\/2025\/08\/gabbia-a-rulli-sistemi-rotazione-300x300.jpg 300w, https:\/\/www.avo.it\/wp-content\/uploads\/2025\/08\/gabbia-a-rulli-sistemi-rotazione-1024x1024.jpg 1024w, https:\/\/www.avo.it\/wp-content\/uploads\/2025\/08\/gabbia-a-rulli-sistemi-rotazione-150x150.jpg 150w, https:\/\/www.avo.it\/wp-content\/uploads\/2025\/08\/gabbia-a-rulli-sistemi-rotazione-768x768.jpg 768w, https:\/\/www.avo.it\/wp-content\/uploads\/2025\/08\/gabbia-a-rulli-sistemi-rotazione-1536x1536.jpg 1536w\" sizes=\"(max-width: 2048px) 100vw, 2048px\" \/>\t\t\t\t\t\t\t\t<\/a>\n\t\t\t\t\t\t\t\t\t\t\t\t\t\t\t<\/div>\n\t\t\t\t<\/div>\n\t\t\t\t<\/div>\n\t\t\t\t<\/div>\n\t\t<div class=\"elementor-element elementor-element-7706f2d e-con-full e-flex e-con e-parent\" data-id=\"7706f2d\" data-element_type=\"container\" data-e-type=\"container\">\n\t\t<div class=\"elementor-element elementor-element-efd5767 e-con-full e-flex e-con e-child\" data-id=\"efd5767\" data-element_type=\"container\" data-e-type=\"container\">\n\t\t<div class=\"elementor-element elementor-element-0d81512 e-con-full e-flex e-con e-child\" data-id=\"0d81512\" data-element_type=\"container\" data-e-type=\"container\">\n\t\t\t\t<div class=\"elementor-element elementor-element-19f4b7f elementor-position-inline-end elementor-mobile-position-inline-end elementor-view-default elementor-widget elementor-widget-icon-box\" data-id=\"19f4b7f\" data-element_type=\"widget\" data-e-type=\"widget\" data-widget_type=\"icon-box.default\">\n\t\t\t\t\t\t\t<div class=\"elementor-icon-box-wrapper\">\n\n\t\t\t\t\t\t<div class=\"elementor-icon-box-icon\">\n\t\t\t\t<span  class=\"elementor-icon\">\n\t\t\t\t<svg xmlns=\"http:\/\/www.w3.org\/2000\/svg\" id=\"uuid-9d9551c2-060d-4ffd-a092-d8bd4491c1ba\" width=\"13.01mm\" height=\"12.62mm\" viewBox=\"0 0 36.89 35.78\"><rect width=\"36.89\" height=\"8.89\"><\/rect><rect y=\"26.89\" width=\"36.89\" height=\"8.89\"><\/rect><path d=\"M18.44,9.89c4.41,0,8,3.59,8,8s-3.59,8-8,8-8-3.59-8-8,3.59-8,8-8M18.44,8.89c-4.97,0-9,4.03-9,9s4.03,9,9,9,9-4.03,9-9-4.03-9-9-9h0Z\"><\/path><\/svg>\t\t\t\t<\/span>\n\t\t\t<\/div>\n\t\t\t\n\t\t\t\t\t\t<div class=\"elementor-icon-box-content\">\n\n\t\t\t\t\t\t\t\t\t<h3 class=\"elementor-icon-box-title\">\n\t\t\t\t\t\t<span  >\n\t\t\t\t\t\t\tRodamientos de bolas\t\t\t\t\t\t<\/span>\n\t\t\t\t\t<\/h3>\n\t\t\t\t\n\t\t\t\t\n\t\t\t<\/div>\n\t\t\t\n\t\t<\/div>\n\t\t\t\t\t\t<\/div>\n\t\t\t\t<div class=\"elementor-element elementor-element-f95f224 elementor-widget elementor-widget-text-editor\" data-id=\"f95f224\" data-element_type=\"widget\" data-e-type=\"widget\" data-widget_type=\"text-editor.default\">\n\t\t\t\t\t\t\t\t\t<p class=\"p1\">Cuando se requiere alta suavidad de rodadura, incluso a velocidades elevadas, y resistencia a cargas pesadas en cualquier condici\u00f3n, el elemento m\u00e1s utilizado es el rodamiento de bolas de una hilera (o de precisi\u00f3n). Los cuerpos rodantes son bolas templadas que, insertadas en una jaula, ruedan entre dos anillos, uno interior y otro exterior. Como protecci\u00f3n frente al polvo se a\u00f1ade un aro externo (protecci\u00f3n sin contacto, tipo Z).<br \/>\nSeg\u00fan las necesidades, se pueden incorporar uno o dos anillos de estanqueidad adicionales (sin contacto, tipos RS o 2RS).<br \/>\nLos rodamientos de bolas tambi\u00e9n est\u00e1n disponibles en acero inoxidable; en ambas versiones no requieren mantenimiento, ya que se lubrican con grasa de larga duraci\u00f3n durante el montaje. Existe adem\u00e1s una variante c\u00f3nica, utilizada sobre todo en soportes institucionales, en la que las bolas ruedan en pistas c\u00f3nicas. La estructura est\u00e1 templada y, como en los dem\u00e1s casos, lubricada en el montaje.<\/p>\n\t\t\t\t\t\t\t\t<\/div>\n\t\t\t\t<\/div>\n\t\t<div class=\"elementor-element elementor-element-60e97b0 e-con-full e-flex e-con e-child\" data-id=\"60e97b0\" data-element_type=\"container\" data-e-type=\"container\">\n\t\t\t\t<div class=\"elementor-element elementor-element-6467dbf elementor-widget elementor-widget-image\" data-id=\"6467dbf\" data-element_type=\"widget\" data-e-type=\"widget\" data-widget_type=\"image.default\">\n\t\t\t\t\t\t\t\t\t\t\t\t\t\t\t\t<a href=\"https:\/\/www.avo.it\/wp-content\/uploads\/2025\/10\/EXTRA-CATALOGOSEZIONIRUOTA-112-CUSCRUOTA-112-CUSC-1.jpg\" data-elementor-open-lightbox=\"yes\" data-e-action-hash=\"#elementor-action%3Aaction%3Dlightbox%26settings%3DeyJpZCI6MTUyNjk5LCJ1cmwiOiJodHRwczpcL1wvd3d3LmF2by5pdFwvd3AtY29udGVudFwvdXBsb2Fkc1wvMjAyNVwvMTBcL0VYVFJBLUNBVEFMT0dPU0VaSU9OSVJVT1RBLTExMi1DVVNDUlVPVEEtMTEyLUNVU0MtMS5qcGcifQ%3D%3D\">\n\t\t\t\t\t\t\t<img decoding=\"async\" width=\"2048\" height=\"2048\" src=\"https:\/\/www.avo.it\/wp-content\/uploads\/2025\/10\/EXTRA-CATALOGOSEZIONIRUOTA-112-CUSCRUOTA-112-CUSC-1.jpg\" class=\"attachment-full size-full wp-image-152699\" alt=\"\" srcset=\"https:\/\/www.avo.it\/wp-content\/uploads\/2025\/10\/EXTRA-CATALOGOSEZIONIRUOTA-112-CUSCRUOTA-112-CUSC-1.jpg 2048w, https:\/\/www.avo.it\/wp-content\/uploads\/2025\/10\/EXTRA-CATALOGOSEZIONIRUOTA-112-CUSCRUOTA-112-CUSC-1-300x300.jpg 300w, https:\/\/www.avo.it\/wp-content\/uploads\/2025\/10\/EXTRA-CATALOGOSEZIONIRUOTA-112-CUSCRUOTA-112-CUSC-1-1024x1024.jpg 1024w, https:\/\/www.avo.it\/wp-content\/uploads\/2025\/10\/EXTRA-CATALOGOSEZIONIRUOTA-112-CUSCRUOTA-112-CUSC-1-150x150.jpg 150w, https:\/\/www.avo.it\/wp-content\/uploads\/2025\/10\/EXTRA-CATALOGOSEZIONIRUOTA-112-CUSCRUOTA-112-CUSC-1-768x768.jpg 768w, https:\/\/www.avo.it\/wp-content\/uploads\/2025\/10\/EXTRA-CATALOGOSEZIONIRUOTA-112-CUSCRUOTA-112-CUSC-1-1536x1536.jpg 1536w\" sizes=\"(max-width: 2048px) 100vw, 2048px\" \/>\t\t\t\t\t\t\t\t<\/a>\n\t\t\t\t\t\t\t\t\t\t\t\t\t\t\t<\/div>\n\t\t\t\t<\/div>\n\t\t\t\t<\/div>\n\t\t\t\t<\/div>\n\t\t<div class=\"elementor-element elementor-element-d005e63 e-con-full e-flex e-con e-parent\" data-id=\"d005e63\" data-element_type=\"container\" data-e-type=\"container\">\n\t\t\t\t<div class=\"elementor-element elementor-element-9096422 elementor-widget elementor-widget-text-editor\" data-id=\"9096422\" data-element_type=\"widget\" data-e-type=\"widget\" data-widget_type=\"text-editor.default\">\n\t\t\t\t\t\t\t\t\t<p class=\"p1\"><b>Para m\u00e1s detalles t\u00e9cnicos o para solicitar una asesor\u00eda personalizada:<\/b><br \/>\n<b><\/b><\/p>\n\t\t\t\t\t\t\t\t<\/div>\n\t\t\t\t<div class=\"elementor-element elementor-element-f2b7d56 elementor-position-inline-end elementor-mobile-position-inline-end elementor-view-default elementor-widget elementor-widget-icon-box\" data-id=\"f2b7d56\" data-element_type=\"widget\" data-e-type=\"widget\" data-widget_type=\"icon-box.default\">\n\t\t\t\t\t\t\t<div class=\"elementor-icon-box-wrapper\">\n\n\t\t\t\t\t\t<div class=\"elementor-icon-box-icon\">\n\t\t\t\t<a href=\"https:\/\/www.avo.it\/contatti\/\" title=\"Approfondisci\" class=\"elementor-icon\" tabindex=\"-1\" aria-label=\"Cont\u00e1ctenos\">\n\t\t\t\t<svg xmlns=\"http:\/\/www.w3.org\/2000\/svg\" id=\"Livello_1\" data-name=\"Livello 1\" viewBox=\"0 0 36.78 36.78\"><defs><style>      .cls-1 {        fill: #b3e5fc;      }      .cls-2 {        fill: #21355a;      }    <\/style><\/defs><circle class=\"cls-1\" cx=\"18.39\" cy=\"18.39\" r=\"18.39\"><\/circle><path class=\"cls-2\" d=\"M13.65,26.72l7.81-7.81c.28-.28.28-.77,0-1.04l-7.81-7.81,1.04-1.04,7.81,7.81c.84.84.84,2.3,0,3.13l-7.81,7.81-1.04-1.04Z\"><\/path><\/svg>\t\t\t\t<\/a>\n\t\t\t<\/div>\n\t\t\t\n\t\t\t\t\t\t<div class=\"elementor-icon-box-content\">\n\n\t\t\t\t\t\t\t\t\t<h3 class=\"elementor-icon-box-title\">\n\t\t\t\t\t\t<a href=\"https:\/\/www.avo.it\/contatti\/\" title=\"Approfondisci\" >\n\t\t\t\t\t\t\tCont\u00e1ctenos\t\t\t\t\t\t<\/a>\n\t\t\t\t\t<\/h3>\n\t\t\t\t\n\t\t\t\t\n\t\t\t<\/div>\n\t\t\t\n\t\t<\/div>\n\t\t\t\t\t\t<\/div>\n\t\t\t\t<\/div>\n\t\t\t\t<\/div>\n\t\t","protected":false},"excerpt":{"rendered":"<p>Sistemas de rotaci\u00f3n Sistemas de rotaci\u00f3n Los sistemas de rotaci\u00f3n var\u00edan en funci\u00f3n de las prestaciones y la capacidad de carga: los casquillos de nailon son econ\u00f3micos y duraderos, adecuados para bajas velocidades; las jaulas de rodillos reducen la fricci\u00f3n y permiten mover cargas pesadas; los rodamientos de bolas garantizan la m\u00e1xima suavidad, durabilidad y [&hellip;]<\/p>\n","protected":false},"author":2,"featured_media":0,"parent":152631,"menu_order":0,"comment_status":"closed","ping_status":"closed","template":"","meta":{"_acf_changed":false,"footnotes":""},"class_list":["post-152639","page","type-page","status-publish","hentry"],"acf":[],"_links":{"self":[{"href":"https:\/\/www.avo.it\/es\/wp-json\/wp\/v2\/pages\/152639","targetHints":{"allow":["GET"]}}],"collection":[{"href":"https:\/\/www.avo.it\/es\/wp-json\/wp\/v2\/pages"}],"about":[{"href":"https:\/\/www.avo.it\/es\/wp-json\/wp\/v2\/types\/page"}],"author":[{"embeddable":true,"href":"https:\/\/www.avo.it\/es\/wp-json\/wp\/v2\/users\/2"}],"replies":[{"embeddable":true,"href":"https:\/\/www.avo.it\/es\/wp-json\/wp\/v2\/comments?post=152639"}],"version-history":[{"count":3,"href":"https:\/\/www.avo.it\/es\/wp-json\/wp\/v2\/pages\/152639\/revisions"}],"predecessor-version":[{"id":152729,"href":"https:\/\/www.avo.it\/es\/wp-json\/wp\/v2\/pages\/152639\/revisions\/152729"}],"up":[{"embeddable":true,"href":"https:\/\/www.avo.it\/es\/wp-json\/wp\/v2\/pages\/152631"}],"wp:attachment":[{"href":"https:\/\/www.avo.it\/es\/wp-json\/wp\/v2\/media?parent=152639"}],"curies":[{"name":"wp","href":"https:\/\/api.w.org\/{rel}","templated":true}]}}