{"id":152670,"date":"2025-08-18T08:39:18","date_gmt":"2025-08-18T08:39:18","guid":{"rendered":"https:\/\/avo.it\/informacion-tecnica\/factores-ambientales\/"},"modified":"2025-10-05T07:22:04","modified_gmt":"2025-10-05T07:22:04","slug":"factores-ambientales","status":"publish","type":"page","link":"https:\/\/www.avo.it\/es\/informacion-tecnica\/factores-ambientales\/","title":{"rendered":"Factores ambientales"},"content":{"rendered":"\t\t<div data-elementor-type=\"wp-page\" data-elementor-id=\"152670\" class=\"elementor elementor-152670 elementor-150426\" data-elementor-post-type=\"page\">\n\t\t\t\t<div class=\"elementor-element elementor-element-5a42572 e-con-full e-flex e-con e-parent\" data-id=\"5a42572\" data-element_type=\"container\" data-e-type=\"container\" data-settings=\"{&quot;background_background&quot;:&quot;classic&quot;}\">\n\t\t<div class=\"elementor-element elementor-element-66a5fd5 e-con-full e-flex e-con e-child\" data-id=\"66a5fd5\" data-element_type=\"container\" data-e-type=\"container\" data-settings=\"{&quot;background_background&quot;:&quot;classic&quot;}\">\n\t\t<div class=\"elementor-element elementor-element-1524045 e-con-full e-flex e-con e-child\" data-id=\"1524045\" data-element_type=\"container\" data-e-type=\"container\" data-settings=\"{&quot;background_background&quot;:&quot;classic&quot;}\">\n\t\t\t\t<div class=\"elementor-element elementor-element-fa46211 elementor-widget elementor-widget-heading\" data-id=\"fa46211\" data-element_type=\"widget\" data-e-type=\"widget\" data-widget_type=\"heading.default\">\n\t\t\t\t\t<h1 class=\"elementor-heading-title elementor-size-default\">Factores <span style=\"color: #B3E5FC\"><br>ambientales<\/span><\/h1>\t\t\t\t<\/div>\n\t\t\t\t<\/div>\n\t\t\t\t<\/div>\n\t\t\t\t<\/div>\n\t\t<div class=\"elementor-element elementor-element-be1211c e-con-full e-flex e-con e-parent\" data-id=\"be1211c\" data-element_type=\"container\" data-e-type=\"container\">\n\t\t\t\t<div class=\"elementor-element elementor-element-5299829 elementor-widget elementor-widget-heading\" data-id=\"5299829\" data-element_type=\"widget\" data-e-type=\"widget\" data-widget_type=\"heading.default\">\n\t\t\t\t\t<h2 class=\"elementor-heading-title elementor-size-default\">Factores ambientales<\/h2>\t\t\t\t<\/div>\n\t\t\t\t<div class=\"elementor-element elementor-element-885614c elementor-widget elementor-widget-text-editor\" data-id=\"885614c\" data-element_type=\"widget\" data-e-type=\"widget\" data-widget_type=\"text-editor.default\">\n\t\t\t\t\t\t\t\t\t<p>Al seleccionar una rueda o soporte, las condiciones ambientales son decisivas para la seguridad y la vida \u00fatil. AVO ofrece soluciones espec\u00edficas en cuatro \u00e1mbitos:<\/p>\n\t\t\t\t\t\t\t\t<\/div>\n\t\t\t\t<\/div>\n\t\t<div class=\"elementor-element elementor-element-2cf1eee e-con-full e-flex e-con e-parent\" data-id=\"2cf1eee\" data-element_type=\"container\" data-e-type=\"container\">\n\t\t<div class=\"elementor-element elementor-element-83fd8de e-con-full e-flex e-con e-child\" data-id=\"83fd8de\" data-element_type=\"container\" data-e-type=\"container\">\n\t\t<div class=\"elementor-element elementor-element-d66cb4f e-con-full e-flex e-con e-child\" data-id=\"d66cb4f\" data-element_type=\"container\" data-e-type=\"container\">\n\t\t\t\t<div class=\"elementor-element elementor-element-67de1ed elementor-widget elementor-widget-heading\" data-id=\"67de1ed\" data-element_type=\"widget\" data-e-type=\"widget\" data-widget_type=\"heading.default\">\n\t\t\t\t\t<h3 class=\"elementor-heading-title elementor-size-default\">Resistencia a la corrosi\u00f3n<\/h3>\t\t\t\t<\/div>\n\t\t\t\t<div class=\"elementor-element elementor-element-11e84ed elementor-widget elementor-widget-text-editor\" data-id=\"11e84ed\" data-element_type=\"widget\" data-e-type=\"widget\" data-widget_type=\"text-editor.default\">\n\t\t\t\t\t\t\t\t\t<p>Soportes en acero inoxidable AISI 304\/316, ruedas en poliamida y poliuretano AVOWATER para entornos h\u00famedos, marinos o sometidos a lavados frecuentes.<\/p>\n\t\t\t\t\t\t\t\t<\/div>\n\t\t\t\t<\/div>\n\t\t<div class=\"elementor-element elementor-element-59ece6e e-con-full e-flex e-con e-child\" data-id=\"59ece6e\" data-element_type=\"container\" data-e-type=\"container\">\n\t\t\t\t<div class=\"elementor-element elementor-element-bdadc1d elementor-widget elementor-widget-image\" data-id=\"bdadc1d\" data-element_type=\"widget\" data-e-type=\"widget\" data-widget_type=\"image.default\">\n\t\t\t\t\t\t\t\t\t\t\t\t\t\t\t\t<a href=\"https:\/\/www.avo.it\/wp-content\/uploads\/2025\/08\/fattori-ambientali01.png\" data-elementor-open-lightbox=\"yes\" data-e-action-hash=\"#elementor-action%3Aaction%3Dlightbox%26settings%3DeyJpZCI6MTUxMDYwLCJ1cmwiOiJodHRwczpcL1wvd3d3LmF2by5pdFwvd3AtY29udGVudFwvdXBsb2Fkc1wvMjAyNVwvMDhcL2ZhdHRvcmktYW1iaWVudGFsaTAxLnBuZyJ9\">\n\t\t\t\t\t\t\t<img fetchpriority=\"high\" decoding=\"async\" width=\"2048\" height=\"2048\" src=\"https:\/\/www.avo.it\/wp-content\/uploads\/2025\/08\/fattori-ambientali01.png\" class=\"attachment-full size-full wp-image-151060\" alt=\"\" srcset=\"https:\/\/www.avo.it\/wp-content\/uploads\/2025\/08\/fattori-ambientali01.png 2048w, https:\/\/www.avo.it\/wp-content\/uploads\/2025\/08\/fattori-ambientali01-300x300.png 300w, https:\/\/www.avo.it\/wp-content\/uploads\/2025\/08\/fattori-ambientali01-1024x1024.png 1024w, https:\/\/www.avo.it\/wp-content\/uploads\/2025\/08\/fattori-ambientali01-150x150.png 150w, https:\/\/www.avo.it\/wp-content\/uploads\/2025\/08\/fattori-ambientali01-768x768.png 768w, https:\/\/www.avo.it\/wp-content\/uploads\/2025\/08\/fattori-ambientali01-1536x1536.png 1536w\" sizes=\"(max-width: 2048px) 100vw, 2048px\" \/>\t\t\t\t\t\t\t\t<\/a>\n\t\t\t\t\t\t\t\t\t\t\t\t\t\t\t<\/div>\n\t\t\t\t<\/div>\n\t\t\t\t<\/div>\n\t\t\t\t<\/div>\n\t\t<div class=\"elementor-element elementor-element-cf2452d e-con-full e-flex e-con e-parent\" data-id=\"cf2452d\" data-element_type=\"container\" data-e-type=\"container\">\n\t\t\t\t<div class=\"elementor-element elementor-element-9ad6c29 elementor-widget-divider--view-line elementor-widget elementor-widget-divider\" data-id=\"9ad6c29\" data-element_type=\"widget\" data-e-type=\"widget\" data-widget_type=\"divider.default\">\n\t\t\t\t\t\t\t<div class=\"elementor-divider\">\n\t\t\t<span class=\"elementor-divider-separator\">\n\t\t\t\t\t\t<\/span>\n\t\t<\/div>\n\t\t\t\t\t\t<\/div>\n\t\t<div class=\"elementor-element elementor-element-0e32fcb e-con-full e-flex e-con e-child\" data-id=\"0e32fcb\" data-element_type=\"container\" data-e-type=\"container\">\n\t\t<div class=\"elementor-element elementor-element-d3972a8 e-con-full e-flex e-con e-child\" data-id=\"d3972a8\" data-element_type=\"container\" data-e-type=\"container\">\n\t\t\t\t<div class=\"elementor-element elementor-element-43ec8f2 elementor-widget elementor-widget-heading\" data-id=\"43ec8f2\" data-element_type=\"widget\" data-e-type=\"widget\" data-widget_type=\"heading.default\">\n\t\t\t\t\t<h3 class=\"elementor-heading-title elementor-size-default\">Resistencia t\u00e9rmica<\/h3>\t\t\t\t<\/div>\n\t\t\t\t<div class=\"elementor-element elementor-element-e93d8cd elementor-widget elementor-widget-text-editor\" data-id=\"e93d8cd\" data-element_type=\"widget\" data-e-type=\"widget\" data-widget_type=\"text-editor.default\">\n\t\t\t\t\t\t\t\t\t<p>Ruedas de fundici\u00f3n gris con estructura perl\u00edtica para altas temperaturas, caucho resistente al calor hasta &gt;100 \u00b0C y poliuretanos AVO con gran rendimiento a bajas temperaturas, aptos para log\u00edstica en fr\u00edo.<\/p>\n\t\t\t\t\t\t\t\t<\/div>\n\t\t\t\t<\/div>\n\t\t<div class=\"elementor-element elementor-element-8a11155 e-con-full e-flex e-con e-child\" data-id=\"8a11155\" data-element_type=\"container\" data-e-type=\"container\">\n\t\t\t\t<div class=\"elementor-element elementor-element-bba98d3 elementor-widget elementor-widget-image\" data-id=\"bba98d3\" data-element_type=\"widget\" data-e-type=\"widget\" data-widget_type=\"image.default\">\n\t\t\t\t\t\t\t\t\t\t\t\t\t\t\t\t<a href=\"https:\/\/www.avo.it\/wp-content\/uploads\/2025\/08\/fattori-ambientali02.png\" data-elementor-open-lightbox=\"yes\" data-e-action-hash=\"#elementor-action%3Aaction%3Dlightbox%26settings%3DeyJpZCI6MTUxMDY1LCJ1cmwiOiJodHRwczpcL1wvd3d3LmF2by5pdFwvd3AtY29udGVudFwvdXBsb2Fkc1wvMjAyNVwvMDhcL2ZhdHRvcmktYW1iaWVudGFsaTAyLnBuZyJ9\">\n\t\t\t\t\t\t\t<img decoding=\"async\" width=\"2048\" height=\"2048\" src=\"https:\/\/www.avo.it\/wp-content\/uploads\/2025\/08\/fattori-ambientali02.png\" class=\"attachment-full size-full wp-image-151065\" alt=\"\" srcset=\"https:\/\/www.avo.it\/wp-content\/uploads\/2025\/08\/fattori-ambientali02.png 2048w, https:\/\/www.avo.it\/wp-content\/uploads\/2025\/08\/fattori-ambientali02-300x300.png 300w, https:\/\/www.avo.it\/wp-content\/uploads\/2025\/08\/fattori-ambientali02-1024x1024.png 1024w, https:\/\/www.avo.it\/wp-content\/uploads\/2025\/08\/fattori-ambientali02-150x150.png 150w, https:\/\/www.avo.it\/wp-content\/uploads\/2025\/08\/fattori-ambientali02-768x768.png 768w, https:\/\/www.avo.it\/wp-content\/uploads\/2025\/08\/fattori-ambientali02-1536x1536.png 1536w\" sizes=\"(max-width: 2048px) 100vw, 2048px\" \/>\t\t\t\t\t\t\t\t<\/a>\n\t\t\t\t\t\t\t\t\t\t\t\t\t\t\t<\/div>\n\t\t\t\t<\/div>\n\t\t\t\t<\/div>\n\t\t\t\t<\/div>\n\t\t<div class=\"elementor-element elementor-element-59b02bb e-con-full e-flex e-con e-parent\" data-id=\"59b02bb\" data-element_type=\"container\" data-e-type=\"container\">\n\t\t\t\t<div class=\"elementor-element elementor-element-99a18d4 elementor-widget-divider--view-line elementor-widget elementor-widget-divider\" data-id=\"99a18d4\" data-element_type=\"widget\" data-e-type=\"widget\" data-widget_type=\"divider.default\">\n\t\t\t\t\t\t\t<div class=\"elementor-divider\">\n\t\t\t<span class=\"elementor-divider-separator\">\n\t\t\t\t\t\t<\/span>\n\t\t<\/div>\n\t\t\t\t\t\t<\/div>\n\t\t<div class=\"elementor-element elementor-element-ae0e22d e-con-full e-flex e-con e-child\" data-id=\"ae0e22d\" data-element_type=\"container\" data-e-type=\"container\">\n\t\t<div class=\"elementor-element elementor-element-abb9d73 e-con-full e-flex e-con e-child\" data-id=\"abb9d73\" data-element_type=\"container\" data-e-type=\"container\">\n\t\t\t\t<div class=\"elementor-element elementor-element-ba4e822 elementor-widget elementor-widget-heading\" data-id=\"ba4e822\" data-element_type=\"widget\" data-e-type=\"widget\" data-widget_type=\"heading.default\">\n\t\t\t\t\t<h3 class=\"elementor-heading-title elementor-size-default\">Conductividad el\u00e9ctrica<\/h3>\t\t\t\t<\/div>\n\t\t\t\t<div class=\"elementor-element elementor-element-bde2b8f elementor-widget elementor-widget-text-editor\" data-id=\"bde2b8f\" data-element_type=\"widget\" data-e-type=\"widget\" data-widget_type=\"text-editor.default\">\n\t\t\t\t\t\t\t\t\t<p>El poliuretano AVOANTISTATIC disipa cargas electrost\u00e1ticas (R \u2264 50 M\u03a9), protegiendo equipos y aumentando la seguridad en sectores electr\u00f3nico y qu\u00edmico.<\/p>\n\t\t\t\t\t\t\t\t<\/div>\n\t\t\t\t<\/div>\n\t\t<div class=\"elementor-element elementor-element-f0b68ed e-con-full e-flex e-con e-child\" data-id=\"f0b68ed\" data-element_type=\"container\" data-e-type=\"container\">\n\t\t\t\t<div class=\"elementor-element elementor-element-eda0cce elementor-widget elementor-widget-image\" data-id=\"eda0cce\" data-element_type=\"widget\" data-e-type=\"widget\" data-widget_type=\"image.default\">\n\t\t\t\t\t\t\t\t\t\t\t\t\t\t\t\t<a href=\"https:\/\/www.avo.it\/wp-content\/uploads\/2025\/08\/fattori-ambientali03.png\" data-elementor-open-lightbox=\"yes\" data-e-action-hash=\"#elementor-action%3Aaction%3Dlightbox%26settings%3DeyJpZCI6MTUxMDcwLCJ1cmwiOiJodHRwczpcL1wvd3d3LmF2by5pdFwvd3AtY29udGVudFwvdXBsb2Fkc1wvMjAyNVwvMDhcL2ZhdHRvcmktYW1iaWVudGFsaTAzLnBuZyJ9\">\n\t\t\t\t\t\t\t<img decoding=\"async\" width=\"2048\" height=\"2048\" src=\"https:\/\/www.avo.it\/wp-content\/uploads\/2025\/08\/fattori-ambientali03.png\" class=\"attachment-full size-full wp-image-151070\" alt=\"\" srcset=\"https:\/\/www.avo.it\/wp-content\/uploads\/2025\/08\/fattori-ambientali03.png 2048w, https:\/\/www.avo.it\/wp-content\/uploads\/2025\/08\/fattori-ambientali03-300x300.png 300w, https:\/\/www.avo.it\/wp-content\/uploads\/2025\/08\/fattori-ambientali03-1024x1024.png 1024w, https:\/\/www.avo.it\/wp-content\/uploads\/2025\/08\/fattori-ambientali03-150x150.png 150w, https:\/\/www.avo.it\/wp-content\/uploads\/2025\/08\/fattori-ambientali03-768x768.png 768w, https:\/\/www.avo.it\/wp-content\/uploads\/2025\/08\/fattori-ambientali03-1536x1536.png 1536w\" sizes=\"(max-width: 2048px) 100vw, 2048px\" \/>\t\t\t\t\t\t\t\t<\/a>\n\t\t\t\t\t\t\t\t\t\t\t\t\t\t\t<\/div>\n\t\t\t\t<\/div>\n\t\t\t\t<\/div>\n\t\t\t\t<\/div>\n\t\t<div class=\"elementor-element elementor-element-211feed e-con-full e-flex e-con e-parent\" data-id=\"211feed\" data-element_type=\"container\" data-e-type=\"container\">\n\t\t\t\t<div class=\"elementor-element elementor-element-463d23e elementor-widget-divider--view-line elementor-widget elementor-widget-divider\" data-id=\"463d23e\" data-element_type=\"widget\" data-e-type=\"widget\" data-widget_type=\"divider.default\">\n\t\t\t\t\t\t\t<div class=\"elementor-divider\">\n\t\t\t<span class=\"elementor-divider-separator\">\n\t\t\t\t\t\t<\/span>\n\t\t<\/div>\n\t\t\t\t\t\t<\/div>\n\t\t<div class=\"elementor-element elementor-element-a914af9 e-con-full e-flex e-con e-child\" data-id=\"a914af9\" data-element_type=\"container\" data-e-type=\"container\">\n\t\t<div class=\"elementor-element elementor-element-1fbe47e e-con-full e-flex e-con e-child\" data-id=\"1fbe47e\" data-element_type=\"container\" data-e-type=\"container\">\n\t\t\t\t<div class=\"elementor-element elementor-element-f8cb06e elementor-widget elementor-widget-heading\" data-id=\"f8cb06e\" data-element_type=\"widget\" data-e-type=\"widget\" data-widget_type=\"heading.default\">\n\t\t\t\t\t<h3 class=\"elementor-heading-title elementor-size-default\">Resistencia qu\u00edmica<\/h3>\t\t\t\t<\/div>\n\t\t\t\t<div class=\"elementor-element elementor-element-2a0eee6 elementor-widget elementor-widget-text-editor\" data-id=\"2a0eee6\" data-element_type=\"widget\" data-e-type=\"widget\" data-widget_type=\"text-editor.default\">\n\t\t\t\t\t\t\t\t\t<p>Poliuretanos AVOPRENE y AVOTOP, resistentes a hidr\u00f3lisis, aceites, disolventes y bases diluidas. Tambi\u00e9n polipropileno y poliamida 6 con refuerzo de vidrio para entornos con solventes clorados y agentes corrosivos.<\/p>\n\t\t\t\t\t\t\t\t<\/div>\n\t\t\t\t<\/div>\n\t\t<div class=\"elementor-element elementor-element-fd6af7e e-con-full e-flex e-con e-child\" data-id=\"fd6af7e\" data-element_type=\"container\" data-e-type=\"container\">\n\t\t\t\t<div class=\"elementor-element elementor-element-79540f5 elementor-widget elementor-widget-image\" data-id=\"79540f5\" data-element_type=\"widget\" data-e-type=\"widget\" data-widget_type=\"image.default\">\n\t\t\t\t\t\t\t\t\t\t\t\t\t\t\t\t<a href=\"https:\/\/www.avo.it\/wp-content\/uploads\/2025\/08\/fattori-ambientali04.png\" data-elementor-open-lightbox=\"yes\" data-e-action-hash=\"#elementor-action%3Aaction%3Dlightbox%26settings%3DeyJpZCI6MTUxMDc1LCJ1cmwiOiJodHRwczpcL1wvd3d3LmF2by5pdFwvd3AtY29udGVudFwvdXBsb2Fkc1wvMjAyNVwvMDhcL2ZhdHRvcmktYW1iaWVudGFsaTA0LnBuZyJ9\">\n\t\t\t\t\t\t\t<img loading=\"lazy\" decoding=\"async\" width=\"2048\" height=\"2048\" src=\"https:\/\/www.avo.it\/wp-content\/uploads\/2025\/08\/fattori-ambientali04.png\" class=\"attachment-full size-full wp-image-151075\" alt=\"\" srcset=\"https:\/\/www.avo.it\/wp-content\/uploads\/2025\/08\/fattori-ambientali04.png 2048w, https:\/\/www.avo.it\/wp-content\/uploads\/2025\/08\/fattori-ambientali04-300x300.png 300w, https:\/\/www.avo.it\/wp-content\/uploads\/2025\/08\/fattori-ambientali04-1024x1024.png 1024w, https:\/\/www.avo.it\/wp-content\/uploads\/2025\/08\/fattori-ambientali04-150x150.png 150w, https:\/\/www.avo.it\/wp-content\/uploads\/2025\/08\/fattori-ambientali04-768x768.png 768w, https:\/\/www.avo.it\/wp-content\/uploads\/2025\/08\/fattori-ambientali04-1536x1536.png 1536w\" sizes=\"(max-width: 2048px) 100vw, 2048px\" \/>\t\t\t\t\t\t\t\t<\/a>\n\t\t\t\t\t\t\t\t\t\t\t\t\t\t\t<\/div>\n\t\t\t\t<\/div>\n\t\t\t\t<\/div>\n\t\t\t\t<\/div>\n\t\t<div class=\"elementor-element elementor-element-3fadec4 e-con-full e-flex e-con e-parent\" data-id=\"3fadec4\" data-element_type=\"container\" data-e-type=\"container\">\n\t\t<div class=\"elementor-element elementor-element-3b219d6 e-con-full e-flex e-con e-child\" data-id=\"3b219d6\" data-element_type=\"container\" data-e-type=\"container\">\n\t\t<div class=\"elementor-element elementor-element-0e75501 e-con-full e-flex e-con e-child\" data-id=\"0e75501\" data-element_type=\"container\" data-e-type=\"container\">\n\t\t<div class=\"elementor-element elementor-element-65a8339 e-con-full e-flex e-con e-child\" data-id=\"65a8339\" data-element_type=\"container\" data-e-type=\"container\">\n\t\t\t\t<div class=\"elementor-element elementor-element-dee5941 elementor-widget elementor-widget-text-editor\" data-id=\"dee5941\" data-element_type=\"widget\" data-e-type=\"widget\" data-widget_type=\"text-editor.default\">\n\t\t\t\t\t\t\t\t\t<p><strong>Para m\u00e1s detalles t\u00e9cnicos o para solicitar una asesor\u00eda personalizada:<\/strong><\/p>\n\t\t\t\t\t\t\t\t<\/div>\n\t\t\t\t<div class=\"elementor-element elementor-element-4cb0957 elementor-position-inline-end elementor-mobile-position-inline-end elementor-view-default elementor-widget elementor-widget-icon-box\" data-id=\"4cb0957\" data-element_type=\"widget\" data-e-type=\"widget\" data-widget_type=\"icon-box.default\">\n\t\t\t\t\t\t\t<div class=\"elementor-icon-box-wrapper\">\n\n\t\t\t\t\t\t<div class=\"elementor-icon-box-icon\">\n\t\t\t\t<a href=\"https:\/\/www.avo.it\/contatti\/\" title=\"Approfondisci\" class=\"elementor-icon\" tabindex=\"-1\" aria-label=\"Cont\u00e1ctenos\">\n\t\t\t\t<svg xmlns=\"http:\/\/www.w3.org\/2000\/svg\" id=\"Livello_1\" data-name=\"Livello 1\" viewBox=\"0 0 36.78 36.78\"><defs><style>      .cls-1 {        fill: #b3e5fc;      }      .cls-2 {        fill: #21355a;      }    <\/style><\/defs><circle class=\"cls-1\" cx=\"18.39\" cy=\"18.39\" r=\"18.39\"><\/circle><path class=\"cls-2\" d=\"M13.65,26.72l7.81-7.81c.28-.28.28-.77,0-1.04l-7.81-7.81,1.04-1.04,7.81,7.81c.84.84.84,2.3,0,3.13l-7.81,7.81-1.04-1.04Z\"><\/path><\/svg>\t\t\t\t<\/a>\n\t\t\t<\/div>\n\t\t\t\n\t\t\t\t\t\t<div class=\"elementor-icon-box-content\">\n\n\t\t\t\t\t\t\t\t\t<h3 class=\"elementor-icon-box-title\">\n\t\t\t\t\t\t<a href=\"https:\/\/www.avo.it\/contatti\/\" title=\"Approfondisci\" >\n\t\t\t\t\t\t\tCont\u00e1ctenos\t\t\t\t\t\t<\/a>\n\t\t\t\t\t<\/h3>\n\t\t\t\t\n\t\t\t\t\n\t\t\t<\/div>\n\t\t\t\n\t\t<\/div>\n\t\t\t\t\t\t<\/div>\n\t\t\t\t<\/div>\n\t\t\t\t<\/div>\n\t\t\t\t<\/div>\n\t\t\t\t<\/div>\n\t\t\t\t<\/div>\n\t\t","protected":false},"excerpt":{"rendered":"<p>Factores ambientales Factores ambientales Al seleccionar una rueda o soporte, las condiciones ambientales son decisivas para la seguridad y la vida \u00fatil. AVO ofrece soluciones espec\u00edficas en cuatro \u00e1mbitos: Resistencia a la corrosi\u00f3n Soportes en acero inoxidable AISI 304\/316, ruedas en poliamida y poliuretano AVOWATER para entornos h\u00famedos, marinos o sometidos a lavados frecuentes. Resistencia [&hellip;]<\/p>\n","protected":false},"author":3,"featured_media":0,"parent":152631,"menu_order":0,"comment_status":"closed","ping_status":"closed","template":"","meta":{"_acf_changed":false,"footnotes":""},"class_list":["post-152670","page","type-page","status-publish","hentry"],"acf":[],"_links":{"self":[{"href":"https:\/\/www.avo.it\/es\/wp-json\/wp\/v2\/pages\/152670","targetHints":{"allow":["GET"]}}],"collection":[{"href":"https:\/\/www.avo.it\/es\/wp-json\/wp\/v2\/pages"}],"about":[{"href":"https:\/\/www.avo.it\/es\/wp-json\/wp\/v2\/types\/page"}],"author":[{"embeddable":true,"href":"https:\/\/www.avo.it\/es\/wp-json\/wp\/v2\/users\/3"}],"replies":[{"embeddable":true,"href":"https:\/\/www.avo.it\/es\/wp-json\/wp\/v2\/comments?post=152670"}],"version-history":[{"count":2,"href":"https:\/\/www.avo.it\/es\/wp-json\/wp\/v2\/pages\/152670\/revisions"}],"predecessor-version":[{"id":152910,"href":"https:\/\/www.avo.it\/es\/wp-json\/wp\/v2\/pages\/152670\/revisions\/152910"}],"up":[{"embeddable":true,"href":"https:\/\/www.avo.it\/es\/wp-json\/wp\/v2\/pages\/152631"}],"wp:attachment":[{"href":"https:\/\/www.avo.it\/es\/wp-json\/wp\/v2\/media?parent=152670"}],"curies":[{"name":"wp","href":"https:\/\/api.w.org\/{rel}","templated":true}]}}