{"id":152672,"date":"2025-08-18T08:44:42","date_gmt":"2025-08-18T08:44:42","guid":{"rendered":"https:\/\/avo.it\/informacion-tecnica\/guia-de-seleccion\/"},"modified":"2025-10-05T07:20:32","modified_gmt":"2025-10-05T07:20:32","slug":"guia-de-seleccion","status":"publish","type":"page","link":"https:\/\/www.avo.it\/es\/informacion-tecnica\/guia-de-seleccion\/","title":{"rendered":"Gu\u00eda de selecci\u00f3n"},"content":{"rendered":"\t\t<div data-elementor-type=\"wp-page\" data-elementor-id=\"152672\" class=\"elementor elementor-152672 elementor-150439\" data-elementor-post-type=\"page\">\n\t\t\t\t<div class=\"elementor-element elementor-element-5eccb8b e-con-full e-flex e-con e-parent\" data-id=\"5eccb8b\" data-element_type=\"container\" data-e-type=\"container\" data-settings=\"{&quot;background_background&quot;:&quot;classic&quot;}\">\n\t\t<div class=\"elementor-element elementor-element-15e59d7 e-con-full e-flex e-con e-child\" data-id=\"15e59d7\" data-element_type=\"container\" data-e-type=\"container\" data-settings=\"{&quot;background_background&quot;:&quot;classic&quot;}\">\n\t\t<div class=\"elementor-element elementor-element-adbe67c e-con-full e-flex e-con e-child\" data-id=\"adbe67c\" data-element_type=\"container\" data-e-type=\"container\" data-settings=\"{&quot;background_background&quot;:&quot;classic&quot;}\">\n\t\t\t\t<div class=\"elementor-element elementor-element-25f7ed3 elementor-widget elementor-widget-heading\" data-id=\"25f7ed3\" data-element_type=\"widget\" data-e-type=\"widget\" data-widget_type=\"heading.default\">\n\t\t\t\t\t<h1 class=\"elementor-heading-title elementor-size-default\">Gu\u00eda de <span style=\"color: #B3E5FC\"><br>selecci\u00f3n<\/span><\/h1>\t\t\t\t<\/div>\n\t\t\t\t<\/div>\n\t\t\t\t<\/div>\n\t\t\t\t<\/div>\n\t\t<div class=\"elementor-element elementor-element-0a7f3cd e-con-full e-flex e-con e-parent\" data-id=\"0a7f3cd\" data-element_type=\"container\" data-e-type=\"container\">\n\t\t\t\t<div class=\"elementor-element elementor-element-947275b elementor-widget elementor-widget-heading\" data-id=\"947275b\" data-element_type=\"widget\" data-e-type=\"widget\" data-widget_type=\"heading.default\">\n\t\t\t\t\t<h2 class=\"elementor-heading-title elementor-size-default\">Selecci\u00f3n correcta de ruedas y rodillos: tipo, capacidad y condiciones de uso<\/h2>\t\t\t\t<\/div>\n\t\t\t\t<div class=\"elementor-element elementor-element-5b54d78 elementor-widget elementor-widget-text-editor\" data-id=\"5b54d78\" data-element_type=\"widget\" data-e-type=\"widget\" data-widget_type=\"text-editor.default\">\n\t\t\t\t\t\t\t\t\t<p>La elecci\u00f3n de ruedas y rodillos requiere m\u00e1s que una simple evaluaci\u00f3n mec\u00e1nica: definir tipo (rueda, soporte, rodillo), calcular capacidad con factor de seguridad y considerar entorno, temperatura, pavimento e higiene. La selecci\u00f3n de materiales, cubos, soportes y accesorios garantiza seguridad, durabilidad y eficiencia.<\/p>\n\t\t\t\t\t\t\t\t<\/div>\n\t\t\t\t<\/div>\n\t\t<div class=\"elementor-element elementor-element-f4e69a8 e-con-full e-flex e-con e-parent\" data-id=\"f4e69a8\" data-element_type=\"container\" data-e-type=\"container\">\n\t\t<div class=\"elementor-element elementor-element-b9a456e e-con-full e-flex e-con e-child\" data-id=\"b9a456e\" data-element_type=\"container\" data-e-type=\"container\">\n\t\t<div class=\"elementor-element elementor-element-91c255b e-con-full e-flex e-con e-child\" data-id=\"91c255b\" data-element_type=\"container\" data-e-type=\"container\">\n\t\t\t\t<div class=\"elementor-element elementor-element-1bc217a elementor-widget elementor-widget-heading\" data-id=\"1bc217a\" data-element_type=\"widget\" data-e-type=\"widget\" data-widget_type=\"heading.default\">\n\t\t\t\t\t<h3 class=\"elementor-heading-title elementor-size-default\">1. Selecci\u00f3n del tipo de producto<\/h3>\t\t\t\t<\/div>\n\t\t\t\t<div class=\"elementor-element elementor-element-d027b5b elementor-widget elementor-widget-text-editor\" data-id=\"d027b5b\" data-element_type=\"widget\" data-e-type=\"widget\" data-widget_type=\"text-editor.default\">\n\t\t\t\t\t\t\t\t\trueda simple, rueda con soporte (giratoria o fija), rodillo o rodillo con soporte.\t\t\t\t\t\t\t\t<\/div>\n\t\t\t\t<\/div>\n\t\t<div class=\"elementor-element elementor-element-016f7d1 e-con-full e-flex e-con e-child\" data-id=\"016f7d1\" data-element_type=\"container\" data-e-type=\"container\">\n\t\t\t\t<div class=\"elementor-element elementor-element-4d84b28 elementor-widget elementor-widget-image\" data-id=\"4d84b28\" data-element_type=\"widget\" data-e-type=\"widget\" data-widget_type=\"image.default\">\n\t\t\t\t\t\t\t\t\t\t\t\t\t\t\t\t<a href=\"https:\/\/www.avo.it\/wp-content\/uploads\/2025\/09\/Progetto-senza-titolo-73-scaled.png\" data-elementor-open-lightbox=\"yes\" data-e-action-hash=\"#elementor-action%3Aaction%3Dlightbox%26settings%3DeyJpZCI6MTUxNDU4LCJ1cmwiOiJodHRwczpcL1wvd3d3LmF2by5pdFwvd3AtY29udGVudFwvdXBsb2Fkc1wvMjAyNVwvMDlcL1Byb2dldHRvLXNlbnphLXRpdG9sby03My1zY2FsZWQucG5nIn0%3D\">\n\t\t\t\t\t\t\t<img fetchpriority=\"high\" decoding=\"async\" width=\"2560\" height=\"2560\" src=\"https:\/\/www.avo.it\/wp-content\/uploads\/2025\/09\/Progetto-senza-titolo-73-scaled.png\" class=\"attachment-full size-full wp-image-151458\" alt=\"\" srcset=\"https:\/\/www.avo.it\/wp-content\/uploads\/2025\/09\/Progetto-senza-titolo-73-scaled.png 2560w, https:\/\/www.avo.it\/wp-content\/uploads\/2025\/09\/Progetto-senza-titolo-73-300x300.png 300w, https:\/\/www.avo.it\/wp-content\/uploads\/2025\/09\/Progetto-senza-titolo-73-1024x1024.png 1024w, https:\/\/www.avo.it\/wp-content\/uploads\/2025\/09\/Progetto-senza-titolo-73-150x150.png 150w, https:\/\/www.avo.it\/wp-content\/uploads\/2025\/09\/Progetto-senza-titolo-73-768x768.png 768w, https:\/\/www.avo.it\/wp-content\/uploads\/2025\/09\/Progetto-senza-titolo-73-1536x1536.png 1536w, https:\/\/www.avo.it\/wp-content\/uploads\/2025\/09\/Progetto-senza-titolo-73-2048x2048.png 2048w\" sizes=\"(max-width: 2560px) 100vw, 2560px\" \/>\t\t\t\t\t\t\t\t<\/a>\n\t\t\t\t\t\t\t\t\t\t\t\t\t\t\t<\/div>\n\t\t\t\t<\/div>\n\t\t\t\t<\/div>\n\t\t\t\t<\/div>\n\t\t<div class=\"elementor-element elementor-element-ac43ccf e-con-full e-flex e-con e-parent\" data-id=\"ac43ccf\" data-element_type=\"container\" data-e-type=\"container\">\n\t\t\t\t<div class=\"elementor-element elementor-element-53c1aac elementor-widget-divider--view-line elementor-widget elementor-widget-divider\" data-id=\"53c1aac\" data-element_type=\"widget\" data-e-type=\"widget\" data-widget_type=\"divider.default\">\n\t\t\t\t\t\t\t<div class=\"elementor-divider\">\n\t\t\t<span class=\"elementor-divider-separator\">\n\t\t\t\t\t\t<\/span>\n\t\t<\/div>\n\t\t\t\t\t\t<\/div>\n\t\t<div class=\"elementor-element elementor-element-da733e4 e-con-full e-flex e-con e-child\" data-id=\"da733e4\" data-element_type=\"container\" data-e-type=\"container\">\n\t\t<div class=\"elementor-element elementor-element-2455375 e-con-full e-flex e-con e-child\" data-id=\"2455375\" data-element_type=\"container\" data-e-type=\"container\">\n\t\t\t\t<div class=\"elementor-element elementor-element-3f3360f elementor-widget elementor-widget-heading\" data-id=\"3f3360f\" data-element_type=\"widget\" data-e-type=\"widget\" data-widget_type=\"heading.default\">\n\t\t\t\t\t<h3 class=\"elementor-heading-title elementor-size-default\">2. Determinaci\u00f3n de la capacidad necesaria<\/h3>\t\t\t\t<\/div>\n\t\t\t\t<div class=\"elementor-element elementor-element-8c06e64 elementor-widget elementor-widget-text-editor\" data-id=\"8c06e64\" data-element_type=\"widget\" data-e-type=\"widget\" data-widget_type=\"text-editor.default\">\n\t\t\t\t\t\t\t\t\t<p>Depende del peso del carro\/equipo, la carga m\u00e1xima y el n\u00famero de ruedas instaladas.<\/p>\n\t\t\t\t\t\t\t\t<\/div>\n\t\t\t\t<\/div>\n\t\t<div class=\"elementor-element elementor-element-7161342 e-con-full e-flex e-con e-child\" data-id=\"7161342\" data-element_type=\"container\" data-e-type=\"container\">\n\t\t\t\t<div class=\"elementor-element elementor-element-1f9a531 elementor-widget elementor-widget-image\" data-id=\"1f9a531\" data-element_type=\"widget\" data-e-type=\"widget\" data-widget_type=\"image.default\">\n\t\t\t\t\t\t\t\t\t\t\t\t\t\t\t\t<a href=\"https:\/\/www.avo.it\/wp-content\/uploads\/2025\/08\/anteprima-piastrella-calcolo-portata-ridotta.png\" data-elementor-open-lightbox=\"yes\" data-e-action-hash=\"#elementor-action%3Aaction%3Dlightbox%26settings%3DeyJpZCI6MTUxMzg0LCJ1cmwiOiJodHRwczpcL1wvd3d3LmF2by5pdFwvd3AtY29udGVudFwvdXBsb2Fkc1wvMjAyNVwvMDhcL2FudGVwcmltYS1waWFzdHJlbGxhLWNhbGNvbG8tcG9ydGF0YS1yaWRvdHRhLnBuZyJ9\">\n\t\t\t\t\t\t\t<img decoding=\"async\" width=\"1500\" height=\"792\" src=\"https:\/\/www.avo.it\/wp-content\/uploads\/2025\/08\/anteprima-piastrella-calcolo-portata-ridotta.png\" class=\"attachment-full size-full wp-image-151384\" alt=\"\" srcset=\"https:\/\/www.avo.it\/wp-content\/uploads\/2025\/08\/anteprima-piastrella-calcolo-portata-ridotta.png 1500w, https:\/\/www.avo.it\/wp-content\/uploads\/2025\/08\/anteprima-piastrella-calcolo-portata-ridotta-300x158.png 300w, https:\/\/www.avo.it\/wp-content\/uploads\/2025\/08\/anteprima-piastrella-calcolo-portata-ridotta-1024x541.png 1024w, https:\/\/www.avo.it\/wp-content\/uploads\/2025\/08\/anteprima-piastrella-calcolo-portata-ridotta-768x406.png 768w\" sizes=\"(max-width: 1500px) 100vw, 1500px\" \/>\t\t\t\t\t\t\t\t<\/a>\n\t\t\t\t\t\t\t\t\t\t\t\t\t\t\t<\/div>\n\t\t\t\t<\/div>\n\t\t\t\t<\/div>\n\t\t\t\t<\/div>\n\t\t<div class=\"elementor-element elementor-element-edec564 e-con-full e-flex e-con e-parent\" data-id=\"edec564\" data-element_type=\"container\" data-e-type=\"container\">\n\t\t\t\t<div class=\"elementor-element elementor-element-e6381f1 elementor-widget-divider--view-line elementor-widget elementor-widget-divider\" data-id=\"e6381f1\" data-element_type=\"widget\" data-e-type=\"widget\" data-widget_type=\"divider.default\">\n\t\t\t\t\t\t\t<div class=\"elementor-divider\">\n\t\t\t<span class=\"elementor-divider-separator\">\n\t\t\t\t\t\t<\/span>\n\t\t<\/div>\n\t\t\t\t\t\t<\/div>\n\t\t<div class=\"elementor-element elementor-element-b06b717 e-con-full e-flex e-con e-child\" data-id=\"b06b717\" data-element_type=\"container\" data-e-type=\"container\">\n\t\t<div class=\"elementor-element elementor-element-c1d8972 e-con-full e-flex e-con e-child\" data-id=\"c1d8972\" data-element_type=\"container\" data-e-type=\"container\">\n\t\t\t\t<div class=\"elementor-element elementor-element-33860fb elementor-widget elementor-widget-heading\" data-id=\"33860fb\" data-element_type=\"widget\" data-e-type=\"widget\" data-widget_type=\"heading.default\">\n\t\t\t\t\t<h3 class=\"elementor-heading-title elementor-size-default\">3. Evaluaci\u00f3n de factores ambientales<\/h3>\t\t\t\t<\/div>\n\t\t\t\t<div class=\"elementor-element elementor-element-68affb3 elementor-widget elementor-widget-text-editor\" data-id=\"68affb3\" data-element_type=\"widget\" data-e-type=\"widget\" data-widget_type=\"text-editor.default\">\n\t\t\t\t\t\t\t\t\t<p>temperatura, agentes qu\u00edmicos, humedad\/agua, requisitos de higiene, tipo de pavimento.<\/p>\n\t\t\t\t\t\t\t\t<\/div>\n\t\t\t\t<\/div>\n\t\t<div class=\"elementor-element elementor-element-582b9eb e-con-full e-flex e-con e-child\" data-id=\"582b9eb\" data-element_type=\"container\" data-e-type=\"container\">\n\t\t\t\t<div class=\"elementor-element elementor-element-514bcf7 elementor-widget elementor-widget-image\" data-id=\"514bcf7\" data-element_type=\"widget\" data-e-type=\"widget\" data-widget_type=\"image.default\">\n\t\t\t\t\t\t\t\t\t\t\t\t\t\t\t\t<a href=\"https:\/\/www.avo.it\/wp-content\/uploads\/2025\/08\/guida-alla-scelta-03.png\" data-elementor-open-lightbox=\"yes\" data-e-action-hash=\"#elementor-action%3Aaction%3Dlightbox%26settings%3DeyJpZCI6MTUxMDM3LCJ1cmwiOiJodHRwczpcL1wvd3d3LmF2by5pdFwvd3AtY29udGVudFwvdXBsb2Fkc1wvMjAyNVwvMDhcL2d1aWRhLWFsbGEtc2NlbHRhLTAzLnBuZyJ9\">\n\t\t\t\t\t\t\t<img decoding=\"async\" width=\"2048\" height=\"2048\" src=\"https:\/\/www.avo.it\/wp-content\/uploads\/2025\/08\/guida-alla-scelta-03.png\" class=\"attachment-full size-full wp-image-151037\" alt=\"\" srcset=\"https:\/\/www.avo.it\/wp-content\/uploads\/2025\/08\/guida-alla-scelta-03.png 2048w, https:\/\/www.avo.it\/wp-content\/uploads\/2025\/08\/guida-alla-scelta-03-300x300.png 300w, https:\/\/www.avo.it\/wp-content\/uploads\/2025\/08\/guida-alla-scelta-03-1024x1024.png 1024w, https:\/\/www.avo.it\/wp-content\/uploads\/2025\/08\/guida-alla-scelta-03-150x150.png 150w, https:\/\/www.avo.it\/wp-content\/uploads\/2025\/08\/guida-alla-scelta-03-768x768.png 768w, https:\/\/www.avo.it\/wp-content\/uploads\/2025\/08\/guida-alla-scelta-03-1536x1536.png 1536w\" sizes=\"(max-width: 2048px) 100vw, 2048px\" \/>\t\t\t\t\t\t\t\t<\/a>\n\t\t\t\t\t\t\t\t\t\t\t\t\t\t\t<\/div>\n\t\t\t\t<\/div>\n\t\t\t\t<\/div>\n\t\t\t\t<\/div>\n\t\t<div class=\"elementor-element elementor-element-57ac8df e-con-full e-flex e-con e-parent\" data-id=\"57ac8df\" data-element_type=\"container\" data-e-type=\"container\">\n\t\t\t\t<div class=\"elementor-element elementor-element-74ae33c elementor-widget-divider--view-line elementor-widget elementor-widget-divider\" data-id=\"74ae33c\" data-element_type=\"widget\" data-e-type=\"widget\" data-widget_type=\"divider.default\">\n\t\t\t\t\t\t\t<div class=\"elementor-divider\">\n\t\t\t<span class=\"elementor-divider-separator\">\n\t\t\t\t\t\t<\/span>\n\t\t<\/div>\n\t\t\t\t\t\t<\/div>\n\t\t<div class=\"elementor-element elementor-element-e8ae579 e-con-full e-flex e-con e-child\" data-id=\"e8ae579\" data-element_type=\"container\" data-e-type=\"container\">\n\t\t<div class=\"elementor-element elementor-element-c72ad8b e-con-full e-flex e-con e-child\" data-id=\"c72ad8b\" data-element_type=\"container\" data-e-type=\"container\">\n\t\t\t\t<div class=\"elementor-element elementor-element-0dc1b4e elementor-widget elementor-widget-heading\" data-id=\"0dc1b4e\" data-element_type=\"widget\" data-e-type=\"widget\" data-widget_type=\"heading.default\">\n\t\t\t\t\t<h3 class=\"elementor-heading-title elementor-size-default\">4. Selecci\u00f3n del material de la banda<\/h3>\t\t\t\t<\/div>\n\t\t\t\t<div class=\"elementor-element elementor-element-d8dced3 elementor-widget elementor-widget-text-editor\" data-id=\"d8dced3\" data-element_type=\"widget\" data-e-type=\"widget\" data-widget_type=\"text-editor.default\">\n\t\t\t\t\t\t\t\t\t<p>poliuretano, caucho, TPR, poliamida, fundici\u00f3n o acero, seg\u00fan aplicaci\u00f3n.<\/p>\n\t\t\t\t\t\t\t\t<\/div>\n\t\t\t\t<\/div>\n\t\t<div class=\"elementor-element elementor-element-43fcd7f e-con-full e-flex e-con e-child\" data-id=\"43fcd7f\" data-element_type=\"container\" data-e-type=\"container\">\n\t\t\t\t<div class=\"elementor-element elementor-element-3d3dee5 elementor-widget elementor-widget-image\" data-id=\"3d3dee5\" data-element_type=\"widget\" data-e-type=\"widget\" data-widget_type=\"image.default\">\n\t\t\t\t\t\t\t\t\t\t\t\t\t\t\t\t<a href=\"https:\/\/www.avo.it\/wp-content\/uploads\/2025\/08\/guida-alla-scelta-04-rif.png\" data-elementor-open-lightbox=\"yes\" data-e-action-hash=\"#elementor-action%3Aaction%3Dlightbox%26settings%3DeyJpZCI6MTUxMTExLCJ1cmwiOiJodHRwczpcL1wvd3d3LmF2by5pdFwvd3AtY29udGVudFwvdXBsb2Fkc1wvMjAyNVwvMDhcL2d1aWRhLWFsbGEtc2NlbHRhLTA0LXJpZi5wbmcifQ%3D%3D\">\n\t\t\t\t\t\t\t<img loading=\"lazy\" decoding=\"async\" width=\"2048\" height=\"1503\" src=\"https:\/\/www.avo.it\/wp-content\/uploads\/2025\/08\/guida-alla-scelta-04-rif.png\" class=\"attachment-full size-full wp-image-151111\" alt=\"\" srcset=\"https:\/\/www.avo.it\/wp-content\/uploads\/2025\/08\/guida-alla-scelta-04-rif.png 2048w, https:\/\/www.avo.it\/wp-content\/uploads\/2025\/08\/guida-alla-scelta-04-rif-300x220.png 300w, https:\/\/www.avo.it\/wp-content\/uploads\/2025\/08\/guida-alla-scelta-04-rif-1024x752.png 1024w, https:\/\/www.avo.it\/wp-content\/uploads\/2025\/08\/guida-alla-scelta-04-rif-768x564.png 768w, https:\/\/www.avo.it\/wp-content\/uploads\/2025\/08\/guida-alla-scelta-04-rif-1536x1127.png 1536w\" sizes=\"(max-width: 2048px) 100vw, 2048px\" \/>\t\t\t\t\t\t\t\t<\/a>\n\t\t\t\t\t\t\t\t\t\t\t\t\t\t\t<\/div>\n\t\t\t\t<\/div>\n\t\t\t\t<\/div>\n\t\t\t\t<\/div>\n\t\t<div class=\"elementor-element elementor-element-479f0a6 e-con-full e-flex e-con e-parent\" data-id=\"479f0a6\" data-element_type=\"container\" data-e-type=\"container\">\n\t\t\t\t<div class=\"elementor-element elementor-element-d201206 elementor-widget-divider--view-line elementor-widget elementor-widget-divider\" data-id=\"d201206\" data-element_type=\"widget\" data-e-type=\"widget\" data-widget_type=\"divider.default\">\n\t\t\t\t\t\t\t<div class=\"elementor-divider\">\n\t\t\t<span class=\"elementor-divider-separator\">\n\t\t\t\t\t\t<\/span>\n\t\t<\/div>\n\t\t\t\t\t\t<\/div>\n\t\t<div class=\"elementor-element elementor-element-7ab71fd e-con-full e-flex e-con e-child\" data-id=\"7ab71fd\" data-element_type=\"container\" data-e-type=\"container\">\n\t\t<div class=\"elementor-element elementor-element-8f521a4 e-con-full e-flex e-con e-child\" data-id=\"8f521a4\" data-element_type=\"container\" data-e-type=\"container\">\n\t\t\t\t<div class=\"elementor-element elementor-element-347e017 elementor-widget elementor-widget-heading\" data-id=\"347e017\" data-element_type=\"widget\" data-e-type=\"widget\" data-widget_type=\"heading.default\">\n\t\t\t\t\t<h3 class=\"elementor-heading-title elementor-size-default\">5. Selecci\u00f3n del tipo de cubo<\/h3>\t\t\t\t<\/div>\n\t\t\t\t<div class=\"elementor-element elementor-element-c2e8631 elementor-widget elementor-widget-text-editor\" data-id=\"c2e8631\" data-element_type=\"widget\" data-e-type=\"widget\" data-widget_type=\"text-editor.default\">\n\t\t\t\t\t\t\t\t\t<p>Orificio pasante, casquillo, rodillos o rodamientos de bolas, seg\u00fan carga y suavidad requerida.<\/p>\n\t\t\t\t\t\t\t\t<\/div>\n\t\t\t\t<\/div>\n\t\t<div class=\"elementor-element elementor-element-dd07f76 e-con-full e-flex e-con e-child\" data-id=\"dd07f76\" data-element_type=\"container\" data-e-type=\"container\">\n\t\t\t\t<div class=\"elementor-element elementor-element-0b8cd43 elementor-widget elementor-widget-image\" data-id=\"0b8cd43\" data-element_type=\"widget\" data-e-type=\"widget\" data-widget_type=\"image.default\">\n\t\t\t\t\t\t\t\t\t\t\t\t\t\t\t\t<a href=\"https:\/\/www.avo.it\/wp-content\/uploads\/2025\/08\/guida-alla-scelta-05.png\" data-elementor-open-lightbox=\"yes\" data-e-action-hash=\"#elementor-action%3Aaction%3Dlightbox%26settings%3DeyJpZCI6MTUxMDQ3LCJ1cmwiOiJodHRwczpcL1wvd3d3LmF2by5pdFwvd3AtY29udGVudFwvdXBsb2Fkc1wvMjAyNVwvMDhcL2d1aWRhLWFsbGEtc2NlbHRhLTA1LnBuZyJ9\">\n\t\t\t\t\t\t\t<img loading=\"lazy\" decoding=\"async\" width=\"2048\" height=\"2048\" src=\"https:\/\/www.avo.it\/wp-content\/uploads\/2025\/08\/guida-alla-scelta-05.png\" class=\"attachment-full size-full wp-image-151047\" alt=\"\" srcset=\"https:\/\/www.avo.it\/wp-content\/uploads\/2025\/08\/guida-alla-scelta-05.png 2048w, https:\/\/www.avo.it\/wp-content\/uploads\/2025\/08\/guida-alla-scelta-05-300x300.png 300w, https:\/\/www.avo.it\/wp-content\/uploads\/2025\/08\/guida-alla-scelta-05-1024x1024.png 1024w, https:\/\/www.avo.it\/wp-content\/uploads\/2025\/08\/guida-alla-scelta-05-150x150.png 150w, https:\/\/www.avo.it\/wp-content\/uploads\/2025\/08\/guida-alla-scelta-05-768x768.png 768w, https:\/\/www.avo.it\/wp-content\/uploads\/2025\/08\/guida-alla-scelta-05-1536x1536.png 1536w\" sizes=\"(max-width: 2048px) 100vw, 2048px\" \/>\t\t\t\t\t\t\t\t<\/a>\n\t\t\t\t\t\t\t\t\t\t\t\t\t\t\t<\/div>\n\t\t\t\t<\/div>\n\t\t\t\t<\/div>\n\t\t\t\t<\/div>\n\t\t<div class=\"elementor-element elementor-element-1cf5324 e-con-full e-flex e-con e-parent\" data-id=\"1cf5324\" data-element_type=\"container\" data-e-type=\"container\">\n\t\t\t\t<div class=\"elementor-element elementor-element-86b1dea elementor-widget-divider--view-line elementor-widget elementor-widget-divider\" data-id=\"86b1dea\" data-element_type=\"widget\" data-e-type=\"widget\" data-widget_type=\"divider.default\">\n\t\t\t\t\t\t\t<div class=\"elementor-divider\">\n\t\t\t<span class=\"elementor-divider-separator\">\n\t\t\t\t\t\t<\/span>\n\t\t<\/div>\n\t\t\t\t\t\t<\/div>\n\t\t<div class=\"elementor-element elementor-element-6b9c35e e-con-full e-flex e-con e-child\" data-id=\"6b9c35e\" data-element_type=\"container\" data-e-type=\"container\">\n\t\t<div class=\"elementor-element elementor-element-fe67602 e-con-full e-flex e-con e-child\" data-id=\"fe67602\" data-element_type=\"container\" data-e-type=\"container\">\n\t\t\t\t<div class=\"elementor-element elementor-element-01f47d2 elementor-widget elementor-widget-heading\" data-id=\"01f47d2\" data-element_type=\"widget\" data-e-type=\"widget\" data-widget_type=\"heading.default\">\n\t\t\t\t\t<h3 class=\"elementor-heading-title elementor-size-default\">6. Selecci\u00f3n de soporte, fijaci\u00f3n y accesorios<\/h3>\t\t\t\t<\/div>\n\t\t\t\t<div class=\"elementor-element elementor-element-2a52d53 elementor-widget elementor-widget-text-editor\" data-id=\"2a52d53\" data-element_type=\"widget\" data-e-type=\"widget\" data-widget_type=\"text-editor.default\">\n\t\t\t\t\t\t\t\t\t<p>Soportes fijos o giratorios, tipos de espiga\/placa y accesorios como protectores o frenos.<\/p>\n\t\t\t\t\t\t\t\t<\/div>\n\t\t\t\t<\/div>\n\t\t<div class=\"elementor-element elementor-element-2784ccc e-con-full e-flex e-con e-child\" data-id=\"2784ccc\" data-element_type=\"container\" data-e-type=\"container\">\n\t\t\t\t<div class=\"elementor-element elementor-element-5891387 elementor-widget elementor-widget-image\" data-id=\"5891387\" data-element_type=\"widget\" data-e-type=\"widget\" data-widget_type=\"image.default\">\n\t\t\t\t\t\t\t\t\t\t\t\t\t\t\t\t<a href=\"https:\/\/www.avo.it\/wp-content\/uploads\/2025\/08\/guida-alla-scelta-06-rif.png\" data-elementor-open-lightbox=\"yes\" data-e-action-hash=\"#elementor-action%3Aaction%3Dlightbox%26settings%3DeyJpZCI6MTUxMTE2LCJ1cmwiOiJodHRwczpcL1wvd3d3LmF2by5pdFwvd3AtY29udGVudFwvdXBsb2Fkc1wvMjAyNVwvMDhcL2d1aWRhLWFsbGEtc2NlbHRhLTA2LXJpZi5wbmcifQ%3D%3D\">\n\t\t\t\t\t\t\t<img loading=\"lazy\" decoding=\"async\" width=\"2048\" height=\"1482\" src=\"https:\/\/www.avo.it\/wp-content\/uploads\/2025\/08\/guida-alla-scelta-06-rif.png\" class=\"attachment-full size-full wp-image-151116\" alt=\"\" srcset=\"https:\/\/www.avo.it\/wp-content\/uploads\/2025\/08\/guida-alla-scelta-06-rif.png 2048w, https:\/\/www.avo.it\/wp-content\/uploads\/2025\/08\/guida-alla-scelta-06-rif-300x217.png 300w, https:\/\/www.avo.it\/wp-content\/uploads\/2025\/08\/guida-alla-scelta-06-rif-1024x741.png 1024w, https:\/\/www.avo.it\/wp-content\/uploads\/2025\/08\/guida-alla-scelta-06-rif-768x556.png 768w, https:\/\/www.avo.it\/wp-content\/uploads\/2025\/08\/guida-alla-scelta-06-rif-1536x1112.png 1536w\" sizes=\"(max-width: 2048px) 100vw, 2048px\" \/>\t\t\t\t\t\t\t\t<\/a>\n\t\t\t\t\t\t\t\t\t\t\t\t\t\t\t<\/div>\n\t\t\t\t<\/div>\n\t\t\t\t<\/div>\n\t\t\t\t<\/div>\n\t\t<div class=\"elementor-element elementor-element-27de9e7 e-con-full e-flex e-con e-parent\" data-id=\"27de9e7\" data-element_type=\"container\" data-e-type=\"container\">\n\t\t<div class=\"elementor-element elementor-element-ed4151c e-con-full e-flex e-con e-child\" data-id=\"ed4151c\" data-element_type=\"container\" data-e-type=\"container\">\n\t\t<div class=\"elementor-element elementor-element-07d0cd9 e-con-full e-flex e-con e-child\" data-id=\"07d0cd9\" data-element_type=\"container\" data-e-type=\"container\">\n\t\t<div class=\"elementor-element elementor-element-eda6e20 e-con-full e-flex e-con e-child\" data-id=\"eda6e20\" data-element_type=\"container\" data-e-type=\"container\">\n\t\t\t\t<div class=\"elementor-element elementor-element-a8c248f elementor-widget elementor-widget-text-editor\" data-id=\"a8c248f\" data-element_type=\"widget\" data-e-type=\"widget\" data-widget_type=\"text-editor.default\">\n\t\t\t\t\t\t\t\t\t<p><strong>Para m\u00e1s detalles t\u00e9cnicos o para solicitar una asesor\u00eda personalizada:<\/strong><\/p>\n\t\t\t\t\t\t\t\t<\/div>\n\t\t\t\t<div class=\"elementor-element elementor-element-1a71c6e elementor-position-inline-end elementor-mobile-position-inline-end elementor-view-default elementor-widget elementor-widget-icon-box\" data-id=\"1a71c6e\" data-element_type=\"widget\" data-e-type=\"widget\" data-widget_type=\"icon-box.default\">\n\t\t\t\t\t\t\t<div class=\"elementor-icon-box-wrapper\">\n\n\t\t\t\t\t\t<div class=\"elementor-icon-box-icon\">\n\t\t\t\t<a href=\"https:\/\/www.avo.it\/contatti\/\" title=\"Approfondisci\" class=\"elementor-icon\" tabindex=\"-1\" aria-label=\"Cont\u00e1ctenos\">\n\t\t\t\t<svg xmlns=\"http:\/\/www.w3.org\/2000\/svg\" id=\"Livello_1\" data-name=\"Livello 1\" viewBox=\"0 0 36.78 36.78\"><defs><style>      .cls-1 {        fill: #b3e5fc;      }      .cls-2 {        fill: #21355a;      }    <\/style><\/defs><circle class=\"cls-1\" cx=\"18.39\" cy=\"18.39\" r=\"18.39\"><\/circle><path class=\"cls-2\" d=\"M13.65,26.72l7.81-7.81c.28-.28.28-.77,0-1.04l-7.81-7.81,1.04-1.04,7.81,7.81c.84.84.84,2.3,0,3.13l-7.81,7.81-1.04-1.04Z\"><\/path><\/svg>\t\t\t\t<\/a>\n\t\t\t<\/div>\n\t\t\t\n\t\t\t\t\t\t<div class=\"elementor-icon-box-content\">\n\n\t\t\t\t\t\t\t\t\t<h3 class=\"elementor-icon-box-title\">\n\t\t\t\t\t\t<a href=\"https:\/\/www.avo.it\/contatti\/\" title=\"Approfondisci\" >\n\t\t\t\t\t\t\tCont\u00e1ctenos\t\t\t\t\t\t<\/a>\n\t\t\t\t\t<\/h3>\n\t\t\t\t\n\t\t\t\t\n\t\t\t<\/div>\n\t\t\t\n\t\t<\/div>\n\t\t\t\t\t\t<\/div>\n\t\t\t\t<\/div>\n\t\t\t\t<\/div>\n\t\t\t\t<\/div>\n\t\t\t\t<\/div>\n\t\t\t\t<\/div>\n\t\t","protected":false},"excerpt":{"rendered":"<p>Gu\u00eda de selecci\u00f3n Selecci\u00f3n correcta de ruedas y rodillos: tipo, capacidad y condiciones de uso La elecci\u00f3n de ruedas y rodillos requiere m\u00e1s que una simple evaluaci\u00f3n mec\u00e1nica: definir tipo (rueda, soporte, rodillo), calcular capacidad con factor de seguridad y considerar entorno, temperatura, pavimento e higiene. La selecci\u00f3n de materiales, cubos, soportes y accesorios garantiza [&hellip;]<\/p>\n","protected":false},"author":3,"featured_media":0,"parent":152631,"menu_order":0,"comment_status":"closed","ping_status":"closed","template":"","meta":{"_acf_changed":false,"footnotes":""},"class_list":["post-152672","page","type-page","status-publish","hentry"],"acf":[],"_links":{"self":[{"href":"https:\/\/www.avo.it\/es\/wp-json\/wp\/v2\/pages\/152672","targetHints":{"allow":["GET"]}}],"collection":[{"href":"https:\/\/www.avo.it\/es\/wp-json\/wp\/v2\/pages"}],"about":[{"href":"https:\/\/www.avo.it\/es\/wp-json\/wp\/v2\/types\/page"}],"author":[{"embeddable":true,"href":"https:\/\/www.avo.it\/es\/wp-json\/wp\/v2\/users\/3"}],"replies":[{"embeddable":true,"href":"https:\/\/www.avo.it\/es\/wp-json\/wp\/v2\/comments?post=152672"}],"version-history":[{"count":2,"href":"https:\/\/www.avo.it\/es\/wp-json\/wp\/v2\/pages\/152672\/revisions"}],"predecessor-version":[{"id":152905,"href":"https:\/\/www.avo.it\/es\/wp-json\/wp\/v2\/pages\/152672\/revisions\/152905"}],"up":[{"embeddable":true,"href":"https:\/\/www.avo.it\/es\/wp-json\/wp\/v2\/pages\/152631"}],"wp:attachment":[{"href":"https:\/\/www.avo.it\/es\/wp-json\/wp\/v2\/media?parent=152672"}],"curies":[{"name":"wp","href":"https:\/\/api.w.org\/{rel}","templated":true}]}}