{"id":152674,"date":"2025-08-18T12:33:11","date_gmt":"2025-08-18T12:33:11","guid":{"rendered":"https:\/\/avo.it\/informacion-tecnica\/calculo-de-la-capacidad-de-carga\/"},"modified":"2025-10-01T13:41:12","modified_gmt":"2025-10-01T13:41:12","slug":"calculo-de-la-capacidad-de-carga","status":"publish","type":"page","link":"https:\/\/www.avo.it\/es\/informacion-tecnica\/calculo-de-la-capacidad-de-carga\/","title":{"rendered":"C\u00e1lculo de la capacidad de carga"},"content":{"rendered":"\t\t<div data-elementor-type=\"wp-page\" data-elementor-id=\"152674\" class=\"elementor elementor-152674 elementor-150749\" data-elementor-post-type=\"page\">\n\t\t\t\t<div class=\"elementor-element elementor-element-99d28fb e-con-full e-flex e-con e-parent\" data-id=\"99d28fb\" data-element_type=\"container\" data-e-type=\"container\" data-settings=\"{&quot;background_background&quot;:&quot;classic&quot;}\">\n\t\t<div class=\"elementor-element elementor-element-84caecb e-con-full e-flex e-con e-child\" data-id=\"84caecb\" data-element_type=\"container\" data-e-type=\"container\" data-settings=\"{&quot;background_background&quot;:&quot;classic&quot;}\">\n\t\t<div class=\"elementor-element elementor-element-2c30186 e-con-full e-flex e-con e-child\" data-id=\"2c30186\" data-element_type=\"container\" data-e-type=\"container\" data-settings=\"{&quot;background_background&quot;:&quot;classic&quot;}\">\n\t\t\t\t<div class=\"elementor-element elementor-element-92b1a67 elementor-widget elementor-widget-heading\" data-id=\"92b1a67\" data-element_type=\"widget\" data-e-type=\"widget\" data-widget_type=\"heading.default\">\n\t\t\t\t\t<h1 class=\"elementor-heading-title elementor-size-default\">C\u00e1lculo de la <span style=\"color: #B3E5FC\"><br>de carga<\/span><\/h1>\t\t\t\t<\/div>\n\t\t\t\t<\/div>\n\t\t\t\t<\/div>\n\t\t\t\t<\/div>\n\t\t<div class=\"elementor-element elementor-element-00fffe5 e-con-full e-flex e-con e-parent\" data-id=\"00fffe5\" data-element_type=\"container\" data-e-type=\"container\">\n\t\t\t\t<div class=\"elementor-element elementor-element-851d847 elementor-widget elementor-widget-heading\" data-id=\"851d847\" data-element_type=\"widget\" data-e-type=\"widget\" data-widget_type=\"heading.default\">\n\t\t\t\t\t<h2 class=\"elementor-heading-title elementor-size-default\">Criterios para c\u00e1lculo de la capacidad de carga<\/h2>\t\t\t\t<\/div>\n\t\t\t\t<div class=\"elementor-element elementor-element-daa55cb elementor-widget elementor-widget-text-editor\" data-id=\"daa55cb\" data-element_type=\"widget\" data-e-type=\"widget\" data-widget_type=\"text-editor.default\">\n\t\t\t\t\t\t\t\t\t<p class=\"p1\">La <strong>capacidad din\u00e1mica<\/strong> se determina mediante ensayos seg\u00fan DIN EN 12527\u201312533 y depende del peso del carro, la carga m\u00e1xima y el n\u00famero de ruedas, considerando un factor de seguridad. La <strong>capacidad est\u00e1tica<\/strong> eval\u00faa la deformaci\u00f3n de la banda bajo carga en reposo. F\u00f3rmula: P = (P1 + P2)\/3, ya que a menudo solo tres ruedas contactan completamente con el suelo.<\/p>\n\t\t\t\t\t\t\t\t<\/div>\n\t\t\t\t<\/div>\n\t\t<div class=\"elementor-element elementor-element-8b312a1 e-con-full e-flex e-con e-parent\" data-id=\"8b312a1\" data-element_type=\"container\" data-e-type=\"container\">\n\t\t<div class=\"elementor-element elementor-element-6f41750 e-con-full e-flex e-con e-child\" data-id=\"6f41750\" data-element_type=\"container\" data-e-type=\"container\">\n\t\t<div class=\"elementor-element elementor-element-790d513 e-con-full e-flex e-con e-child\" data-id=\"790d513\" data-element_type=\"container\" data-e-type=\"container\">\n\t\t\t\t<div class=\"elementor-element elementor-element-31e5894 elementor-widget elementor-widget-heading\" data-id=\"31e5894\" data-element_type=\"widget\" data-e-type=\"widget\" data-widget_type=\"heading.default\">\n\t\t\t\t\t<h3 class=\"elementor-heading-title elementor-size-default\">Capacidad din\u00e1mica<\/h3>\t\t\t\t<\/div>\n\t\t\t\t<div class=\"elementor-element elementor-element-327b367 elementor-widget elementor-widget-text-editor\" data-id=\"327b367\" data-element_type=\"widget\" data-e-type=\"widget\" data-widget_type=\"text-editor.default\">\n\t\t\t\t\t\t\t\t\t<p class=\"p1\">El valor indicado es la carga m\u00e1xima que la rueda o el soporte puede soportar, definido por ensayos de banco giratorios conforme a DIN EN 12527\u201312533 (ISO 22878\u201322884).<\/p>\n<p><\/p>\n<p class=\"p1\">Para definir la capacidad requerida deben considerarse: peso en vac\u00edo del equipo, carga m\u00e1xima adicional y n\u00famero de ruedas instaladas. Con cuatro o m\u00e1s ruedas, la carga no siempre se distribuye de forma uniforme.<\/p>\n<p><\/p>\n<p class=\"p1\"><b>F\u00f3rmula:<\/b> P = (P1 + P2)\/3<\/p>\n\t\t\t\t\t\t\t\t<\/div>\n\t\t\t\t<div class=\"elementor-element elementor-element-8e385ea elementor-widget elementor-widget-text-editor\" data-id=\"8e385ea\" data-element_type=\"widget\" data-e-type=\"widget\" data-widget_type=\"text-editor.default\">\n\t\t\t\t\t\t\t\t\t<p class=\"p1\"><strong>P1<\/strong> = carga \u00fatil<br \/>\n<strong>P2<\/strong> = peso del carro\/equipo<br \/>\nLa divisi\u00f3n por 3 se justifica porque en la pr\u00e1ctica solo 3 de 4 ruedas suelen estar en contacto con el suelo.<\/p>\n<p><\/p>\n<p class=\"p1\">Las ruedas con rodamientos de bolas alcanzan &gt;4 km\/h, pero con capacidad reducida.<\/p>\n\t\t\t\t\t\t\t\t<\/div>\n\t\t\t\t<\/div>\n\t\t\t\t<\/div>\n\t\t\t\t<\/div>\n\t\t<div class=\"elementor-element elementor-element-c64b08a e-con-full e-flex e-con e-parent\" data-id=\"c64b08a\" data-element_type=\"container\" data-e-type=\"container\">\n\t\t\t\t<div class=\"elementor-element elementor-element-4c1fe47 elementor-widget-divider--view-line elementor-widget elementor-widget-divider\" data-id=\"4c1fe47\" data-element_type=\"widget\" data-e-type=\"widget\" data-widget_type=\"divider.default\">\n\t\t\t\t\t\t\t<div class=\"elementor-divider\">\n\t\t\t<span class=\"elementor-divider-separator\">\n\t\t\t\t\t\t<\/span>\n\t\t<\/div>\n\t\t\t\t\t\t<\/div>\n\t\t<div class=\"elementor-element elementor-element-bcdbde6 e-con-full e-flex e-con e-child\" data-id=\"bcdbde6\" data-element_type=\"container\" data-e-type=\"container\">\n\t\t<div class=\"elementor-element elementor-element-bd714a9 e-con-full e-flex e-con e-child\" data-id=\"bd714a9\" data-element_type=\"container\" data-e-type=\"container\">\n\t\t\t\t<div class=\"elementor-element elementor-element-e41b8fb elementor-widget elementor-widget-heading\" data-id=\"e41b8fb\" data-element_type=\"widget\" data-e-type=\"widget\" data-widget_type=\"heading.default\">\n\t\t\t\t\t<h3 class=\"elementor-heading-title elementor-size-default\">Capacidad est\u00e1tica<\/h3>\t\t\t\t<\/div>\n\t\t\t\t<div class=\"elementor-element elementor-element-02dada9 elementor-widget elementor-widget-text-editor\" data-id=\"02dada9\" data-element_type=\"widget\" data-e-type=\"widget\" data-widget_type=\"text-editor.default\">\n\t\t\t\t\t\t\t\t\t<p class=\"p1\">Se determina seg\u00fan ISO 22878, evaluando la deformaci\u00f3n de la banda tras un tiempo definido. Los datos est\u00e1n en las fichas t\u00e9cnicas descargables o disponibles bajo solicitud.<\/p>\n\t\t\t\t\t\t\t\t<\/div>\n\t\t\t\t<\/div>\n\t\t\t\t<\/div>\n\t\t\t\t<\/div>\n\t\t<div class=\"elementor-element elementor-element-b1954a4 e-con-full e-flex e-con e-parent\" data-id=\"b1954a4\" data-element_type=\"container\" data-e-type=\"container\">\n\t\t\t\t<div class=\"elementor-element elementor-element-c57ce15 elementor-widget-divider--view-line elementor-widget elementor-widget-divider\" data-id=\"c57ce15\" data-element_type=\"widget\" data-e-type=\"widget\" data-widget_type=\"divider.default\">\n\t\t\t\t\t\t\t<div class=\"elementor-divider\">\n\t\t\t<span class=\"elementor-divider-separator\">\n\t\t\t\t\t\t<\/span>\n\t\t<\/div>\n\t\t\t\t\t\t<\/div>\n\t\t<div class=\"elementor-element elementor-element-04f850e e-con-full e-flex e-con e-child\" data-id=\"04f850e\" data-element_type=\"container\" data-e-type=\"container\">\n\t\t<div class=\"elementor-element elementor-element-7bea777 e-con-full e-flex e-con e-child\" data-id=\"7bea777\" data-element_type=\"container\" data-e-type=\"container\">\n\t\t\t\t<div class=\"elementor-element elementor-element-c995c65 elementor-widget elementor-widget-heading\" data-id=\"c995c65\" data-element_type=\"widget\" data-e-type=\"widget\" data-widget_type=\"heading.default\">\n\t\t\t\t\t<h3 class=\"elementor-heading-title elementor-size-default\">Conjuntos rueda\u2013soporte<\/h3>\t\t\t\t<\/div>\n\t\t\t\t<div class=\"elementor-element elementor-element-371381f elementor-widget elementor-widget-text-editor\" data-id=\"371381f\" data-element_type=\"widget\" data-e-type=\"widget\" data-widget_type=\"text-editor.default\">\n\t\t\t\t\t\t\t\t\t<p class=\"p1\">La capacidad depende de material y tama\u00f1o de la rueda, tipo de soporte (fijo o giratorio), tipo de rodamiento, calidad de materiales y condiciones de uso (suelo, velocidad, temperatura). Una selecci\u00f3n incorrecta puede causar desgaste prematuro, deformaciones o fallos.<\/p>\n\t\t\t\t\t\t\t\t<\/div>\n\t\t\t\t<\/div>\n\t\t\t\t<\/div>\n\t\t\t\t<\/div>\n\t\t<div class=\"elementor-element elementor-element-934fe56 e-con-full e-flex e-con e-parent\" data-id=\"934fe56\" data-element_type=\"container\" data-e-type=\"container\">\n\t\t<div class=\"elementor-element elementor-element-5498667 e-con-full e-flex e-con e-child\" data-id=\"5498667\" data-element_type=\"container\" data-e-type=\"container\">\n\t\t<div class=\"elementor-element elementor-element-95278aa e-con-full e-flex e-con e-child\" data-id=\"95278aa\" data-element_type=\"container\" data-e-type=\"container\">\n\t\t<div class=\"elementor-element elementor-element-a83646d e-con-full e-flex e-con e-child\" data-id=\"a83646d\" data-element_type=\"container\" data-e-type=\"container\">\n\t\t\t\t<div class=\"elementor-element elementor-element-843d633 elementor-widget elementor-widget-text-editor\" data-id=\"843d633\" data-element_type=\"widget\" data-e-type=\"widget\" data-widget_type=\"text-editor.default\">\n\t\t\t\t\t\t\t\t\t<p class=\"p1\"><b>Para m\u00e1s detalles t\u00e9cnicos o para solicitar una asesor\u00eda personalizada:<\/b><\/p>\n\t\t\t\t\t\t\t\t<\/div>\n\t\t\t\t<div class=\"elementor-element elementor-element-d4345b6 elementor-position-inline-end elementor-mobile-position-inline-end elementor-view-default elementor-widget elementor-widget-icon-box\" data-id=\"d4345b6\" data-element_type=\"widget\" data-e-type=\"widget\" data-widget_type=\"icon-box.default\">\n\t\t\t\t\t\t\t<div class=\"elementor-icon-box-wrapper\">\n\n\t\t\t\t\t\t<div class=\"elementor-icon-box-icon\">\n\t\t\t\t<a href=\"https:\/\/www.avo.it\/contatti\/\" title=\"Approfondisci\" class=\"elementor-icon\" tabindex=\"-1\" aria-label=\"Cont\u00e1ctenos\">\n\t\t\t\t<svg xmlns=\"http:\/\/www.w3.org\/2000\/svg\" id=\"Livello_1\" data-name=\"Livello 1\" viewBox=\"0 0 36.78 36.78\"><defs><style>      .cls-1 {        fill: #b3e5fc;      }      .cls-2 {        fill: #21355a;      }    <\/style><\/defs><circle class=\"cls-1\" cx=\"18.39\" cy=\"18.39\" r=\"18.39\"><\/circle><path class=\"cls-2\" d=\"M13.65,26.72l7.81-7.81c.28-.28.28-.77,0-1.04l-7.81-7.81,1.04-1.04,7.81,7.81c.84.84.84,2.3,0,3.13l-7.81,7.81-1.04-1.04Z\"><\/path><\/svg>\t\t\t\t<\/a>\n\t\t\t<\/div>\n\t\t\t\n\t\t\t\t\t\t<div class=\"elementor-icon-box-content\">\n\n\t\t\t\t\t\t\t\t\t<h3 class=\"elementor-icon-box-title\">\n\t\t\t\t\t\t<a href=\"https:\/\/www.avo.it\/contatti\/\" title=\"Approfondisci\" >\n\t\t\t\t\t\t\tCont\u00e1ctenos\t\t\t\t\t\t<\/a>\n\t\t\t\t\t<\/h3>\n\t\t\t\t\n\t\t\t\t\n\t\t\t<\/div>\n\t\t\t\n\t\t<\/div>\n\t\t\t\t\t\t<\/div>\n\t\t\t\t<\/div>\n\t\t\t\t<\/div>\n\t\t\t\t<\/div>\n\t\t\t\t<\/div>\n\t\t\t\t<\/div>\n\t\t","protected":false},"excerpt":{"rendered":"<p>C\u00e1lculo de la de carga Criterios para c\u00e1lculo de la capacidad de carga La capacidad din\u00e1mica se determina mediante ensayos seg\u00fan DIN EN 12527\u201312533 y depende del peso del carro, la carga m\u00e1xima y el n\u00famero de ruedas, considerando un factor de seguridad. La capacidad est\u00e1tica eval\u00faa la deformaci\u00f3n de la banda bajo carga en [&hellip;]<\/p>\n","protected":false},"author":3,"featured_media":0,"parent":152631,"menu_order":0,"comment_status":"closed","ping_status":"closed","template":"","meta":{"_acf_changed":false,"footnotes":""},"class_list":["post-152674","page","type-page","status-publish","hentry"],"acf":[],"_links":{"self":[{"href":"https:\/\/www.avo.it\/es\/wp-json\/wp\/v2\/pages\/152674","targetHints":{"allow":["GET"]}}],"collection":[{"href":"https:\/\/www.avo.it\/es\/wp-json\/wp\/v2\/pages"}],"about":[{"href":"https:\/\/www.avo.it\/es\/wp-json\/wp\/v2\/types\/page"}],"author":[{"embeddable":true,"href":"https:\/\/www.avo.it\/es\/wp-json\/wp\/v2\/users\/3"}],"replies":[{"embeddable":true,"href":"https:\/\/www.avo.it\/es\/wp-json\/wp\/v2\/comments?post=152674"}],"version-history":[{"count":1,"href":"https:\/\/www.avo.it\/es\/wp-json\/wp\/v2\/pages\/152674\/revisions"}],"predecessor-version":[{"id":152675,"href":"https:\/\/www.avo.it\/es\/wp-json\/wp\/v2\/pages\/152674\/revisions\/152675"}],"up":[{"embeddable":true,"href":"https:\/\/www.avo.it\/es\/wp-json\/wp\/v2\/pages\/152631"}],"wp:attachment":[{"href":"https:\/\/www.avo.it\/es\/wp-json\/wp\/v2\/media?parent=152674"}],"curies":[{"name":"wp","href":"https:\/\/api.w.org\/{rel}","templated":true}]}}