{"id":152676,"date":"2025-08-18T09:09:30","date_gmt":"2025-08-18T09:09:30","guid":{"rendered":"https:\/\/avo.it\/informacion-tecnica\/accesorios\/"},"modified":"2025-10-01T13:44:50","modified_gmt":"2025-10-01T13:44:50","slug":"accesorios","status":"publish","type":"page","link":"https:\/\/www.avo.it\/es\/informacion-tecnica\/accesorios\/","title":{"rendered":"Accesorios"},"content":{"rendered":"\t\t<div data-elementor-type=\"wp-page\" data-elementor-id=\"152676\" class=\"elementor elementor-152676 elementor-150488\" data-elementor-post-type=\"page\">\n\t\t\t\t<div class=\"elementor-element elementor-element-5a98839 e-con-full e-flex e-con e-parent\" data-id=\"5a98839\" data-element_type=\"container\" data-e-type=\"container\" data-settings=\"{&quot;background_background&quot;:&quot;classic&quot;}\">\n\t\t<div class=\"elementor-element elementor-element-4fafbae e-con-full e-flex e-con e-child\" data-id=\"4fafbae\" data-element_type=\"container\" data-e-type=\"container\" data-settings=\"{&quot;background_background&quot;:&quot;classic&quot;}\">\n\t\t<div class=\"elementor-element elementor-element-74947ac e-con-full e-flex e-con e-child\" data-id=\"74947ac\" data-element_type=\"container\" data-e-type=\"container\" data-settings=\"{&quot;background_background&quot;:&quot;classic&quot;}\">\n\t\t\t\t<div class=\"elementor-element elementor-element-3a8c620 elementor-widget elementor-widget-heading\" data-id=\"3a8c620\" data-element_type=\"widget\" data-e-type=\"widget\" data-widget_type=\"heading.default\">\n\t\t\t\t\t<h1 class=\"elementor-heading-title elementor-size-default\"><span style=\"color: #B3E5FC\">Accesorios<\/span><\/h1>\t\t\t\t<\/div>\n\t\t\t\t<\/div>\n\t\t\t\t<\/div>\n\t\t\t\t<\/div>\n\t\t<div class=\"elementor-element elementor-element-a65a2a1 e-con-full e-flex e-con e-parent\" data-id=\"a65a2a1\" data-element_type=\"container\" data-e-type=\"container\">\n\t\t\t\t<div class=\"elementor-element elementor-element-fb47279 elementor-widget elementor-widget-heading\" data-id=\"fb47279\" data-element_type=\"widget\" data-e-type=\"widget\" data-widget_type=\"heading.default\">\n\t\t\t\t\t<h2 class=\"elementor-heading-title elementor-size-default\">Accesorios para ruedas y soportes<\/h2>\t\t\t\t<\/div>\n\t\t\t\t<div class=\"elementor-element elementor-element-3f1900c elementor-widget elementor-widget-text-editor\" data-id=\"3f1900c\" data-element_type=\"widget\" data-e-type=\"widget\" data-widget_type=\"text-editor.default\">\n\t\t\t\t\t\t\t\t\t<p>Los accesorios mejoran la seguridad y la eficiencia de los carros. Los <strong>protectores de hilo<\/strong> evitan que residuos se enrollen en el eje, reduciendo desgaste y mantenimiento. Los <strong>frenos direccionales<\/strong> bloquean los soportes giratorios para mayor estabilidad en trayectos rectil\u00edneos. Los <strong>protectores de pies<\/strong> resguardan al operario frente a golpes y aplastamientos.<\/p>\n\t\t\t\t\t\t\t\t<\/div>\n\t\t\t\t<\/div>\n\t\t<div class=\"elementor-element elementor-element-c0e2b9a e-con-full e-flex e-con e-parent\" data-id=\"c0e2b9a\" data-element_type=\"container\" data-e-type=\"container\">\n\t\t<div class=\"elementor-element elementor-element-4827805 e-con-full e-flex e-con e-child\" data-id=\"4827805\" data-element_type=\"container\" data-e-type=\"container\">\n\t\t<div class=\"elementor-element elementor-element-04dcbb1 e-con-full e-flex e-con e-child\" data-id=\"04dcbb1\" data-element_type=\"container\" data-e-type=\"container\">\n\t\t\t\t<div class=\"elementor-element elementor-element-1b2c826 elementor-widget elementor-widget-heading\" data-id=\"1b2c826\" data-element_type=\"widget\" data-e-type=\"widget\" data-widget_type=\"heading.default\">\n\t\t\t\t\t<h3 class=\"elementor-heading-title elementor-size-default\">Protectores de hilo<\/h3>\t\t\t\t<\/div>\n\t\t\t\t<div class=\"elementor-element elementor-element-ca19c9f elementor-widget elementor-widget-text-editor\" data-id=\"ca19c9f\" data-element_type=\"widget\" data-e-type=\"widget\" data-widget_type=\"text-editor.default\">\n\t\t\t\t\t\t\t\t\t<p>Evitan el enrollamiento de cabellos, <strong>cuerdas o residuos en el eje<\/strong>. Fabricados en acero cincado, acero inoxidable o pl\u00e1sticos t\u00e9cnicos, son esenciales en hospitales, industrias alimentarias y laboratorios. Reducen mantenimiento y prolongan la vida \u00fatil de la rueda.<\/p>\n\t\t\t\t\t\t\t\t<\/div>\n\t\t\t\t<\/div>\n\t\t<div class=\"elementor-element elementor-element-13e14e4 e-con-full e-flex e-con e-child\" data-id=\"13e14e4\" data-element_type=\"container\" data-e-type=\"container\">\n\t\t\t\t<div class=\"elementor-element elementor-element-9e5097d elementor-widget elementor-widget-image\" data-id=\"9e5097d\" data-element_type=\"widget\" data-e-type=\"widget\" data-widget_type=\"image.default\">\n\t\t\t\t\t\t\t\t\t\t\t\t\t\t\t\t<a href=\"https:\/\/www.avo.it\/wp-content\/uploads\/2025\/08\/PARAFILI.png\" data-elementor-open-lightbox=\"yes\" data-e-action-hash=\"#elementor-action%3Aaction%3Dlightbox%26settings%3DeyJpZCI6MTUxMDg4LCJ1cmwiOiJodHRwczpcL1wvd3d3LmF2by5pdFwvd3AtY29udGVudFwvdXBsb2Fkc1wvMjAyNVwvMDhcL1BBUkFGSUxJLWUxNzU2Mjk2NjQ1NzQxLnBuZyJ9\">\n\t\t\t\t\t\t\t<img fetchpriority=\"high\" decoding=\"async\" width=\"2048\" height=\"2048\" src=\"https:\/\/www.avo.it\/wp-content\/uploads\/2025\/08\/PARAFILI-e1756296645741.png\" class=\"attachment-full size-full wp-image-151088\" alt=\"\" \/>\t\t\t\t\t\t\t\t<\/a>\n\t\t\t\t\t\t\t\t\t\t\t\t\t\t\t<\/div>\n\t\t\t\t<\/div>\n\t\t\t\t<\/div>\n\t\t\t\t<\/div>\n\t\t<div class=\"elementor-element elementor-element-4111f9c e-con-full e-flex e-con e-parent\" data-id=\"4111f9c\" data-element_type=\"container\" data-e-type=\"container\">\n\t\t\t\t<div class=\"elementor-element elementor-element-cdf2b76 elementor-widget-divider--view-line elementor-widget elementor-widget-divider\" data-id=\"cdf2b76\" data-element_type=\"widget\" data-e-type=\"widget\" data-widget_type=\"divider.default\">\n\t\t\t\t\t\t\t<div class=\"elementor-divider\">\n\t\t\t<span class=\"elementor-divider-separator\">\n\t\t\t\t\t\t<\/span>\n\t\t<\/div>\n\t\t\t\t\t\t<\/div>\n\t\t<div class=\"elementor-element elementor-element-b8d1686 e-con-full e-flex e-con e-child\" data-id=\"b8d1686\" data-element_type=\"container\" data-e-type=\"container\">\n\t\t<div class=\"elementor-element elementor-element-0caf82f e-con-full e-flex e-con e-child\" data-id=\"0caf82f\" data-element_type=\"container\" data-e-type=\"container\">\n\t\t\t\t<div class=\"elementor-element elementor-element-06c3eab elementor-widget elementor-widget-heading\" data-id=\"06c3eab\" data-element_type=\"widget\" data-e-type=\"widget\" data-widget_type=\"heading.default\">\n\t\t\t\t\t<h3 class=\"elementor-heading-title elementor-size-default\">Frenos direccionales<\/h3>\t\t\t\t<\/div>\n\t\t\t\t<div class=\"elementor-element elementor-element-58498f9 elementor-widget elementor-widget-text-editor\" data-id=\"58498f9\" data-element_type=\"widget\" data-e-type=\"widget\" data-widget_type=\"text-editor.default\">\n\t\t\t\t\t\t\t\t\t<p>Accesorios aplicados a soportes giratorios que <strong>permiten bloquear temporalmente la rotaci\u00f3n, transformando la rueda giratoria en fija<\/strong>. Mejoran la estabilidad en trayectos largos. Se accionan f\u00e1cilmente con palanca o pedal.<\/p>\n\t\t\t\t\t\t\t\t<\/div>\n\t\t\t\t<\/div>\n\t\t<div class=\"elementor-element elementor-element-cd946e3 e-con-full e-flex e-con e-child\" data-id=\"cd946e3\" data-element_type=\"container\" data-e-type=\"container\">\n\t\t\t\t<div class=\"elementor-element elementor-element-7cb9fb5 elementor-widget elementor-widget-image\" data-id=\"7cb9fb5\" data-element_type=\"widget\" data-e-type=\"widget\" data-widget_type=\"image.default\">\n\t\t\t\t\t\t\t\t\t\t\t\t\t\t\t\t<a href=\"https:\/\/www.avo.it\/wp-content\/uploads\/2025\/08\/FRENI-DIREZIONALI.png\" data-elementor-open-lightbox=\"yes\" data-e-action-hash=\"#elementor-action%3Aaction%3Dlightbox%26settings%3DeyJpZCI6MTUxMDgzLCJ1cmwiOiJodHRwczpcL1wvd3d3LmF2by5pdFwvd3AtY29udGVudFwvdXBsb2Fkc1wvMjAyNVwvMDhcL0ZSRU5JLURJUkVaSU9OQUxJLnBuZyJ9\">\n\t\t\t\t\t\t\t<img decoding=\"async\" width=\"2048\" height=\"2048\" src=\"https:\/\/www.avo.it\/wp-content\/uploads\/2025\/08\/FRENI-DIREZIONALI.png\" class=\"attachment-full size-full wp-image-151083\" alt=\"\" srcset=\"https:\/\/www.avo.it\/wp-content\/uploads\/2025\/08\/FRENI-DIREZIONALI.png 2048w, https:\/\/www.avo.it\/wp-content\/uploads\/2025\/08\/FRENI-DIREZIONALI-300x300.png 300w, https:\/\/www.avo.it\/wp-content\/uploads\/2025\/08\/FRENI-DIREZIONALI-1024x1024.png 1024w, https:\/\/www.avo.it\/wp-content\/uploads\/2025\/08\/FRENI-DIREZIONALI-150x150.png 150w, https:\/\/www.avo.it\/wp-content\/uploads\/2025\/08\/FRENI-DIREZIONALI-768x768.png 768w, https:\/\/www.avo.it\/wp-content\/uploads\/2025\/08\/FRENI-DIREZIONALI-1536x1536.png 1536w\" sizes=\"(max-width: 2048px) 100vw, 2048px\" \/>\t\t\t\t\t\t\t\t<\/a>\n\t\t\t\t\t\t\t\t\t\t\t\t\t\t\t<\/div>\n\t\t\t\t<\/div>\n\t\t\t\t<\/div>\n\t\t\t\t<\/div>\n\t\t<div class=\"elementor-element elementor-element-7dd553c e-con-full e-flex e-con e-parent\" data-id=\"7dd553c\" data-element_type=\"container\" data-e-type=\"container\">\n\t\t\t\t<div class=\"elementor-element elementor-element-29b4dfd elementor-widget-divider--view-line elementor-widget elementor-widget-divider\" data-id=\"29b4dfd\" data-element_type=\"widget\" data-e-type=\"widget\" data-widget_type=\"divider.default\">\n\t\t\t\t\t\t\t<div class=\"elementor-divider\">\n\t\t\t<span class=\"elementor-divider-separator\">\n\t\t\t\t\t\t<\/span>\n\t\t<\/div>\n\t\t\t\t\t\t<\/div>\n\t\t<div class=\"elementor-element elementor-element-9e07b39 e-con-full e-flex e-con e-child\" data-id=\"9e07b39\" data-element_type=\"container\" data-e-type=\"container\">\n\t\t<div class=\"elementor-element elementor-element-4e6689f e-con-full e-flex e-con e-child\" data-id=\"4e6689f\" data-element_type=\"container\" data-e-type=\"container\">\n\t\t\t\t<div class=\"elementor-element elementor-element-7d25c64 elementor-widget elementor-widget-heading\" data-id=\"7d25c64\" data-element_type=\"widget\" data-e-type=\"widget\" data-widget_type=\"heading.default\">\n\t\t\t\t\t<h3 class=\"elementor-heading-title elementor-size-default\">Protectores de pies<\/h3>\t\t\t\t<\/div>\n\t\t\t\t<div class=\"elementor-element elementor-element-e64e158 elementor-widget elementor-widget-text-editor\" data-id=\"e64e158\" data-element_type=\"widget\" data-e-type=\"widget\" data-widget_type=\"text-editor.default\">\n\t\t\t\t\t\t\t\t\t<p>Dispositivos de seguridad montados en los soportes, a pocos mil\u00edmetros del suelo, <strong>que desv\u00edan obst\u00e1culos y evitan atrapamientos<\/strong>. Fabricados en acero o pl\u00e1sticos resistentes a impactos, se utilizan en entornos industriales y log\u00edsticos donde la seguridad del personal es prioritaria.<\/p>\n\t\t\t\t\t\t\t\t<\/div>\n\t\t\t\t<\/div>\n\t\t<div class=\"elementor-element elementor-element-29e7038 e-con-full e-flex e-con e-child\" data-id=\"29e7038\" data-element_type=\"container\" data-e-type=\"container\">\n\t\t\t\t<div class=\"elementor-element elementor-element-b4bf22d elementor-widget elementor-widget-image\" data-id=\"b4bf22d\" data-element_type=\"widget\" data-e-type=\"widget\" data-widget_type=\"image.default\">\n\t\t\t\t\t\t\t\t\t\t\t\t\t\t\t\t<a href=\"https:\/\/www.avo.it\/wp-content\/uploads\/2025\/08\/PARAPIEDI.png\" data-elementor-open-lightbox=\"yes\" data-e-action-hash=\"#elementor-action%3Aaction%3Dlightbox%26settings%3DeyJpZCI6MTUxMDkzLCJ1cmwiOiJodHRwczpcL1wvd3d3LmF2by5pdFwvd3AtY29udGVudFwvdXBsb2Fkc1wvMjAyNVwvMDhcL1BBUkFQSUVESS5wbmcifQ%3D%3D\">\n\t\t\t\t\t\t\t<img decoding=\"async\" width=\"2048\" height=\"2048\" src=\"https:\/\/www.avo.it\/wp-content\/uploads\/2025\/08\/PARAPIEDI.png\" class=\"attachment-full size-full wp-image-151093\" alt=\"\" srcset=\"https:\/\/www.avo.it\/wp-content\/uploads\/2025\/08\/PARAPIEDI.png 2048w, https:\/\/www.avo.it\/wp-content\/uploads\/2025\/08\/PARAPIEDI-300x300.png 300w, https:\/\/www.avo.it\/wp-content\/uploads\/2025\/08\/PARAPIEDI-1024x1024.png 1024w, https:\/\/www.avo.it\/wp-content\/uploads\/2025\/08\/PARAPIEDI-150x150.png 150w, https:\/\/www.avo.it\/wp-content\/uploads\/2025\/08\/PARAPIEDI-768x768.png 768w, https:\/\/www.avo.it\/wp-content\/uploads\/2025\/08\/PARAPIEDI-1536x1536.png 1536w\" sizes=\"(max-width: 2048px) 100vw, 2048px\" \/>\t\t\t\t\t\t\t\t<\/a>\n\t\t\t\t\t\t\t\t\t\t\t\t\t\t\t<\/div>\n\t\t\t\t<\/div>\n\t\t\t\t<\/div>\n\t\t\t\t<\/div>\n\t\t<div class=\"elementor-element elementor-element-3ca9f9f e-con-full e-flex e-con e-parent\" data-id=\"3ca9f9f\" data-element_type=\"container\" data-e-type=\"container\">\n\t\t<div class=\"elementor-element elementor-element-ecd2697 e-con-full e-flex e-con e-child\" data-id=\"ecd2697\" data-element_type=\"container\" data-e-type=\"container\">\n\t\t<div class=\"elementor-element elementor-element-6402836 e-con-full e-flex e-con e-child\" data-id=\"6402836\" data-element_type=\"container\" data-e-type=\"container\">\n\t\t<div class=\"elementor-element elementor-element-bcef2e6 e-con-full e-flex e-con e-child\" data-id=\"bcef2e6\" data-element_type=\"container\" data-e-type=\"container\">\n\t\t\t\t<div class=\"elementor-element elementor-element-4c0d892 elementor-widget elementor-widget-text-editor\" data-id=\"4c0d892\" data-element_type=\"widget\" data-e-type=\"widget\" data-widget_type=\"text-editor.default\">\n\t\t\t\t\t\t\t\t\t<p><strong>Para m\u00e1s detalles t\u00e9cnicos o para solicitar una asesor\u00eda personalizada:<\/strong><\/p>\n\t\t\t\t\t\t\t\t<\/div>\n\t\t\t\t<div class=\"elementor-element elementor-element-b4356e8 elementor-position-inline-end elementor-mobile-position-inline-end elementor-view-default elementor-widget elementor-widget-icon-box\" data-id=\"b4356e8\" data-element_type=\"widget\" data-e-type=\"widget\" data-widget_type=\"icon-box.default\">\n\t\t\t\t\t\t\t<div class=\"elementor-icon-box-wrapper\">\n\n\t\t\t\t\t\t<div class=\"elementor-icon-box-icon\">\n\t\t\t\t<a href=\"https:\/\/www.avo.it\/contatti\/\" title=\"Approfondisci\" class=\"elementor-icon\" tabindex=\"-1\" aria-label=\"Cont\u00e1ctenos\">\n\t\t\t\t<svg xmlns=\"http:\/\/www.w3.org\/2000\/svg\" id=\"Livello_1\" data-name=\"Livello 1\" viewBox=\"0 0 36.78 36.78\"><defs><style>      .cls-1 {        fill: #b3e5fc;      }      .cls-2 {        fill: #21355a;      }    <\/style><\/defs><circle class=\"cls-1\" cx=\"18.39\" cy=\"18.39\" r=\"18.39\"><\/circle><path class=\"cls-2\" d=\"M13.65,26.72l7.81-7.81c.28-.28.28-.77,0-1.04l-7.81-7.81,1.04-1.04,7.81,7.81c.84.84.84,2.3,0,3.13l-7.81,7.81-1.04-1.04Z\"><\/path><\/svg>\t\t\t\t<\/a>\n\t\t\t<\/div>\n\t\t\t\n\t\t\t\t\t\t<div class=\"elementor-icon-box-content\">\n\n\t\t\t\t\t\t\t\t\t<h3 class=\"elementor-icon-box-title\">\n\t\t\t\t\t\t<a href=\"https:\/\/www.avo.it\/contatti\/\" title=\"Approfondisci\" >\n\t\t\t\t\t\t\tCont\u00e1ctenos\t\t\t\t\t\t<\/a>\n\t\t\t\t\t<\/h3>\n\t\t\t\t\n\t\t\t\t\n\t\t\t<\/div>\n\t\t\t\n\t\t<\/div>\n\t\t\t\t\t\t<\/div>\n\t\t\t\t<\/div>\n\t\t\t\t<\/div>\n\t\t\t\t<\/div>\n\t\t\t\t<\/div>\n\t\t\t\t<\/div>\n\t\t","protected":false},"excerpt":{"rendered":"<p>Accesorios Accesorios para ruedas y soportes Los accesorios mejoran la seguridad y la eficiencia de los carros. Los protectores de hilo evitan que residuos se enrollen en el eje, reduciendo desgaste y mantenimiento. Los frenos direccionales bloquean los soportes giratorios para mayor estabilidad en trayectos rectil\u00edneos. Los protectores de pies resguardan al operario frente a [&hellip;]<\/p>\n","protected":false},"author":3,"featured_media":0,"parent":152631,"menu_order":0,"comment_status":"closed","ping_status":"closed","template":"","meta":{"_acf_changed":false,"footnotes":""},"class_list":["post-152676","page","type-page","status-publish","hentry"],"acf":[],"_links":{"self":[{"href":"https:\/\/www.avo.it\/es\/wp-json\/wp\/v2\/pages\/152676","targetHints":{"allow":["GET"]}}],"collection":[{"href":"https:\/\/www.avo.it\/es\/wp-json\/wp\/v2\/pages"}],"about":[{"href":"https:\/\/www.avo.it\/es\/wp-json\/wp\/v2\/types\/page"}],"author":[{"embeddable":true,"href":"https:\/\/www.avo.it\/es\/wp-json\/wp\/v2\/users\/3"}],"replies":[{"embeddable":true,"href":"https:\/\/www.avo.it\/es\/wp-json\/wp\/v2\/comments?post=152676"}],"version-history":[{"count":1,"href":"https:\/\/www.avo.it\/es\/wp-json\/wp\/v2\/pages\/152676\/revisions"}],"predecessor-version":[{"id":152677,"href":"https:\/\/www.avo.it\/es\/wp-json\/wp\/v2\/pages\/152676\/revisions\/152677"}],"up":[{"embeddable":true,"href":"https:\/\/www.avo.it\/es\/wp-json\/wp\/v2\/pages\/152631"}],"wp:attachment":[{"href":"https:\/\/www.avo.it\/es\/wp-json\/wp\/v2\/media?parent=152676"}],"curies":[{"name":"wp","href":"https:\/\/api.w.org\/{rel}","templated":true}]}}