{"id":152678,"date":"2025-08-18T09:19:04","date_gmt":"2025-08-18T09:19:04","guid":{"rendered":"https:\/\/avo.it\/informacion-tecnica\/tipos-de-fijacion\/"},"modified":"2025-10-05T07:16:48","modified_gmt":"2025-10-05T07:16:48","slug":"tipos-de-fijacion","status":"publish","type":"page","link":"https:\/\/www.avo.it\/es\/informacion-tecnica\/tipos-de-fijacion\/","title":{"rendered":"Tipos de fijaci\u00f3n"},"content":{"rendered":"\t\t<div data-elementor-type=\"wp-page\" data-elementor-id=\"152678\" class=\"elementor elementor-152678 elementor-150507\" data-elementor-post-type=\"page\">\n\t\t\t\t<div class=\"elementor-element elementor-element-d2048cc e-con-full e-flex e-con e-parent\" data-id=\"d2048cc\" data-element_type=\"container\" data-e-type=\"container\" data-settings=\"{&quot;background_background&quot;:&quot;classic&quot;}\">\n\t\t<div class=\"elementor-element elementor-element-53eef5d e-con-full e-flex e-con e-child\" data-id=\"53eef5d\" data-element_type=\"container\" data-e-type=\"container\" data-settings=\"{&quot;background_background&quot;:&quot;classic&quot;}\">\n\t\t<div class=\"elementor-element elementor-element-2a75af5 e-con-full e-flex e-con e-child\" data-id=\"2a75af5\" data-element_type=\"container\" data-e-type=\"container\" data-settings=\"{&quot;background_background&quot;:&quot;classic&quot;}\">\n\t\t\t\t<div class=\"elementor-element elementor-element-e966b92 elementor-widget elementor-widget-heading\" data-id=\"e966b92\" data-element_type=\"widget\" data-e-type=\"widget\" data-widget_type=\"heading.default\">\n\t\t\t\t\t<h1 class=\"elementor-heading-title elementor-size-default\">Tipos de<span style=\"color: #B3E5FC\"><br>fijaci\u00f3n<\/span><\/h1>\t\t\t\t<\/div>\n\t\t\t\t<\/div>\n\t\t\t\t<\/div>\n\t\t\t\t<\/div>\n\t\t<div class=\"elementor-element elementor-element-eec997e e-con-full e-flex e-con e-parent\" data-id=\"eec997e\" data-element_type=\"container\" data-e-type=\"container\">\n\t\t\t\t<div class=\"elementor-element elementor-element-d831498 elementor-widget elementor-widget-heading\" data-id=\"d831498\" data-element_type=\"widget\" data-e-type=\"widget\" data-widget_type=\"heading.default\">\n\t\t\t\t\t<h2 class=\"elementor-heading-title elementor-size-default\">Sistemas de fijaci\u00f3n para ruedas y soportes<\/h2>\t\t\t\t<\/div>\n\t\t\t\t<div class=\"elementor-element elementor-element-9aa9155 elementor-widget elementor-widget-text-editor\" data-id=\"9aa9155\" data-element_type=\"widget\" data-e-type=\"widget\" data-widget_type=\"text-editor.default\">\n\t\t\t\t\t\t\t\t\t<p>Las ruedas pueden montarse con distintos sistemas: <strong>placa<\/strong> superior para superficies planas con taladros normalizados, orificio central para instalaciones r\u00e1pidas y compactas, <strong>espiga lisa o roscada<\/strong> para carros ligeros o <strong>cargas pesadas<\/strong>, y espiga expansible ideal para estructuras tubulares. Cada soluci\u00f3n garantiza estabilidad, seguridad y facilidad de montaje.<\/p>\n\t\t\t\t\t\t\t\t<\/div>\n\t\t\t\t<\/div>\n\t\t<div class=\"elementor-element elementor-element-d4f1473 e-con-full e-flex e-con e-parent\" data-id=\"d4f1473\" data-element_type=\"container\" data-e-type=\"container\">\n\t\t<div class=\"elementor-element elementor-element-e9e83ba e-con-full e-flex e-con e-child\" data-id=\"e9e83ba\" data-element_type=\"container\" data-e-type=\"container\">\n\t\t<div class=\"elementor-element elementor-element-290b0a2 e-con-full e-flex e-con e-child\" data-id=\"290b0a2\" data-element_type=\"container\" data-e-type=\"container\">\n\t\t\t\t<div class=\"elementor-element elementor-element-3700ed1 elementor-widget elementor-widget-heading\" data-id=\"3700ed1\" data-element_type=\"widget\" data-e-type=\"widget\" data-widget_type=\"heading.default\">\n\t\t\t\t\t<h3 class=\"elementor-heading-title elementor-size-default\">Placa superior<\/h3>\t\t\t\t<\/div>\n\t\t\t\t<div class=\"elementor-element elementor-element-d69b607 elementor-widget elementor-widget-text-editor\" data-id=\"d69b607\" data-element_type=\"widget\" data-e-type=\"widget\" data-widget_type=\"text-editor.default\">\n\t\t\t\t\t\t\t\t\t<p>La rueda con soporte se fija sobre una superficie plana mediante <strong>tornillos y tuercas<\/strong>, utilizando <strong>interejes de fijaci\u00f3n estandarizados<\/strong>. Disponible tanto para <strong>soportes giratorios como fijos.<\/strong><br \/>En ruedas con bloqueo direccional, la placa debe montarse con el lado corto orientado en la direcci\u00f3n de avance.<\/p>\n\t\t\t\t\t\t\t\t<\/div>\n\t\t\t\t<\/div>\n\t\t<div class=\"elementor-element elementor-element-fe16fce e-con-full e-flex e-con e-child\" data-id=\"fe16fce\" data-element_type=\"container\" data-e-type=\"container\">\n\t\t\t\t<div class=\"elementor-element elementor-element-f2800b5 elementor-widget elementor-widget-image\" data-id=\"f2800b5\" data-element_type=\"widget\" data-e-type=\"widget\" data-widget_type=\"image.default\">\n\t\t\t\t\t\t\t\t\t\t\t\t\t\t\t\t<a href=\"https:\/\/www.avo.it\/wp-content\/uploads\/2025\/08\/tipologie_fissaggio-piastra.png\" data-elementor-open-lightbox=\"yes\" data-e-action-hash=\"#elementor-action%3Aaction%3Dlightbox%26settings%3DeyJpZCI6MTUwNTEzLCJ1cmwiOiJodHRwczpcL1wvd3d3LmF2by5pdFwvd3AtY29udGVudFwvdXBsb2Fkc1wvMjAyNVwvMDhcL3RpcG9sb2dpZV9maXNzYWdnaW8tcGlhc3RyYS5wbmcifQ%3D%3D\">\n\t\t\t\t\t\t\t<img fetchpriority=\"high\" decoding=\"async\" width=\"475\" height=\"364\" src=\"https:\/\/www.avo.it\/wp-content\/uploads\/2025\/08\/tipologie_fissaggio-piastra.png\" class=\"attachment-full size-full wp-image-150513\" alt=\"\" srcset=\"https:\/\/www.avo.it\/wp-content\/uploads\/2025\/08\/tipologie_fissaggio-piastra.png 475w, https:\/\/www.avo.it\/wp-content\/uploads\/2025\/08\/tipologie_fissaggio-piastra-300x230.png 300w\" sizes=\"(max-width: 475px) 100vw, 475px\" \/>\t\t\t\t\t\t\t\t<\/a>\n\t\t\t\t\t\t\t\t\t\t\t\t\t\t\t<\/div>\n\t\t\t\t<\/div>\n\t\t\t\t<\/div>\n\t\t\t\t<\/div>\n\t\t<div class=\"elementor-element elementor-element-e7deffb e-con-full e-flex e-con e-parent\" data-id=\"e7deffb\" data-element_type=\"container\" data-e-type=\"container\">\n\t\t\t\t<div class=\"elementor-element elementor-element-0127445 elementor-widget-divider--view-line elementor-widget elementor-widget-divider\" data-id=\"0127445\" data-element_type=\"widget\" data-e-type=\"widget\" data-widget_type=\"divider.default\">\n\t\t\t\t\t\t\t<div class=\"elementor-divider\">\n\t\t\t<span class=\"elementor-divider-separator\">\n\t\t\t\t\t\t<\/span>\n\t\t<\/div>\n\t\t\t\t\t\t<\/div>\n\t\t<div class=\"elementor-element elementor-element-43e0434 e-con-full e-flex e-con e-child\" data-id=\"43e0434\" data-element_type=\"container\" data-e-type=\"container\">\n\t\t<div class=\"elementor-element elementor-element-e5c4b14 e-con-full e-flex e-con e-child\" data-id=\"e5c4b14\" data-element_type=\"container\" data-e-type=\"container\">\n\t\t\t\t<div class=\"elementor-element elementor-element-7da9aec elementor-widget elementor-widget-heading\" data-id=\"7da9aec\" data-element_type=\"widget\" data-e-type=\"widget\" data-widget_type=\"heading.default\">\n\t\t\t\t\t<h3 class=\"elementor-heading-title elementor-size-default\">Fijaci\u00f3n mediante orificio<\/h3>\t\t\t\t<\/div>\n\t\t\t\t<div class=\"elementor-element elementor-element-abd4884 elementor-widget elementor-widget-text-editor\" data-id=\"abd4884\" data-element_type=\"widget\" data-e-type=\"widget\" data-widget_type=\"text-editor.default\">\n\t\t\t\t\t\t\t\t\t<p>Consiste en un orificio central en la <strong>placa del soporte<\/strong>, donde se inserta un tornillo, espiga o perno para el <strong>montaje directo en estructuras o equipos<\/strong>. Soluci\u00f3n indicada cuando el espacio es limitado o cuando se requiere un reemplazo r\u00e1pido de la rueda.<\/p>\n\t\t\t\t\t\t\t\t<\/div>\n\t\t\t\t<\/div>\n\t\t<div class=\"elementor-element elementor-element-0f5f831 e-con-full e-flex e-con e-child\" data-id=\"0f5f831\" data-element_type=\"container\" data-e-type=\"container\">\n\t\t\t\t<div class=\"elementor-element elementor-element-9919cdd elementor-widget elementor-widget-image\" data-id=\"9919cdd\" data-element_type=\"widget\" data-e-type=\"widget\" data-widget_type=\"image.default\">\n\t\t\t\t\t\t\t\t\t\t\t\t\t\t\t\t<a href=\"https:\/\/www.avo.it\/wp-content\/uploads\/2025\/08\/tipologie_fissaggio-foro.png\" data-elementor-open-lightbox=\"yes\" data-e-action-hash=\"#elementor-action%3Aaction%3Dlightbox%26settings%3DeyJpZCI6MTUwNTIyLCJ1cmwiOiJodHRwczpcL1wvd3d3LmF2by5pdFwvd3AtY29udGVudFwvdXBsb2Fkc1wvMjAyNVwvMDhcL3RpcG9sb2dpZV9maXNzYWdnaW8tZm9yby5wbmcifQ%3D%3D\">\n\t\t\t\t\t\t\t<img decoding=\"async\" width=\"411\" height=\"385\" src=\"https:\/\/www.avo.it\/wp-content\/uploads\/2025\/08\/tipologie_fissaggio-foro.png\" class=\"attachment-full size-full wp-image-150522\" alt=\"\" srcset=\"https:\/\/www.avo.it\/wp-content\/uploads\/2025\/08\/tipologie_fissaggio-foro.png 411w, https:\/\/www.avo.it\/wp-content\/uploads\/2025\/08\/tipologie_fissaggio-foro-300x281.png 300w\" sizes=\"(max-width: 411px) 100vw, 411px\" \/>\t\t\t\t\t\t\t\t<\/a>\n\t\t\t\t\t\t\t\t\t\t\t\t\t\t\t<\/div>\n\t\t\t\t<\/div>\n\t\t\t\t<\/div>\n\t\t\t\t<\/div>\n\t\t<div class=\"elementor-element elementor-element-19c0a41 e-con-full e-flex e-con e-parent\" data-id=\"19c0a41\" data-element_type=\"container\" data-e-type=\"container\">\n\t\t\t\t<div class=\"elementor-element elementor-element-2ceaad1 elementor-widget-divider--view-line elementor-widget elementor-widget-divider\" data-id=\"2ceaad1\" data-element_type=\"widget\" data-e-type=\"widget\" data-widget_type=\"divider.default\">\n\t\t\t\t\t\t\t<div class=\"elementor-divider\">\n\t\t\t<span class=\"elementor-divider-separator\">\n\t\t\t\t\t\t<\/span>\n\t\t<\/div>\n\t\t\t\t\t\t<\/div>\n\t\t<div class=\"elementor-element elementor-element-1f781e5 e-con-full e-flex e-con e-child\" data-id=\"1f781e5\" data-element_type=\"container\" data-e-type=\"container\">\n\t\t<div class=\"elementor-element elementor-element-012dfa6 e-con-full e-flex e-con e-child\" data-id=\"012dfa6\" data-element_type=\"container\" data-e-type=\"container\">\n\t\t\t\t<div class=\"elementor-element elementor-element-04d9342 elementor-widget elementor-widget-heading\" data-id=\"04d9342\" data-element_type=\"widget\" data-e-type=\"widget\" data-widget_type=\"heading.default\">\n\t\t\t\t\t<h3 class=\"elementor-heading-title elementor-size-default\">Espiga lisa<\/h3>\t\t\t\t<\/div>\n\t\t\t\t<div class=\"elementor-element elementor-element-68ace3a elementor-widget elementor-widget-text-editor\" data-id=\"68ace3a\" data-element_type=\"widget\" data-e-type=\"widget\" data-widget_type=\"text-editor.default\">\n\t\t\t\t\t\t\t\t\t<p>Utiliza una <strong>espiga integrada<\/strong> en la parte superior del soporte, que se introduce directamente en el chasis o equipo y se asegura mediante elementos adicionales. Soluci\u00f3n compacta para carros ligeros y equipos m\u00f3viles.<\/p>\n\t\t\t\t\t\t\t\t<\/div>\n\t\t\t\t<\/div>\n\t\t<div class=\"elementor-element elementor-element-89824a3 e-con-full e-flex e-con e-child\" data-id=\"89824a3\" data-element_type=\"container\" data-e-type=\"container\">\n\t\t\t\t<div class=\"elementor-element elementor-element-22142de elementor-widget elementor-widget-image\" data-id=\"22142de\" data-element_type=\"widget\" data-e-type=\"widget\" data-widget_type=\"image.default\">\n\t\t\t\t\t\t\t\t\t\t\t\t\t\t\t\t<a href=\"https:\/\/www.avo.it\/wp-content\/uploads\/2025\/08\/tipologie_fissaggio-perno_liscio.png\" data-elementor-open-lightbox=\"yes\" data-e-action-hash=\"#elementor-action%3Aaction%3Dlightbox%26settings%3DeyJpZCI6MTUwNTM3LCJ1cmwiOiJodHRwczpcL1wvd3d3LmF2by5pdFwvd3AtY29udGVudFwvdXBsb2Fkc1wvMjAyNVwvMDhcL3RpcG9sb2dpZV9maXNzYWdnaW8tcGVybm9fbGlzY2lvLnBuZyJ9\">\n\t\t\t\t\t\t\t<img decoding=\"async\" width=\"408\" height=\"442\" src=\"https:\/\/www.avo.it\/wp-content\/uploads\/2025\/08\/tipologie_fissaggio-perno_liscio.png\" class=\"attachment-full size-full wp-image-150537\" alt=\"\" srcset=\"https:\/\/www.avo.it\/wp-content\/uploads\/2025\/08\/tipologie_fissaggio-perno_liscio.png 408w, https:\/\/www.avo.it\/wp-content\/uploads\/2025\/08\/tipologie_fissaggio-perno_liscio-277x300.png 277w\" sizes=\"(max-width: 408px) 100vw, 408px\" \/>\t\t\t\t\t\t\t\t<\/a>\n\t\t\t\t\t\t\t\t\t\t\t\t\t\t\t<\/div>\n\t\t\t\t<\/div>\n\t\t\t\t<\/div>\n\t\t\t\t<\/div>\n\t\t<div class=\"elementor-element elementor-element-d89f2ac e-con-full e-flex e-con e-parent\" data-id=\"d89f2ac\" data-element_type=\"container\" data-e-type=\"container\">\n\t\t\t\t<div class=\"elementor-element elementor-element-2806224 elementor-widget-divider--view-line elementor-widget elementor-widget-divider\" data-id=\"2806224\" data-element_type=\"widget\" data-e-type=\"widget\" data-widget_type=\"divider.default\">\n\t\t\t\t\t\t\t<div class=\"elementor-divider\">\n\t\t\t<span class=\"elementor-divider-separator\">\n\t\t\t\t\t\t<\/span>\n\t\t<\/div>\n\t\t\t\t\t\t<\/div>\n\t\t<div class=\"elementor-element elementor-element-b185dc8 e-con-full e-flex e-con e-child\" data-id=\"b185dc8\" data-element_type=\"container\" data-e-type=\"container\">\n\t\t<div class=\"elementor-element elementor-element-2731297 e-con-full e-flex e-con e-child\" data-id=\"2731297\" data-element_type=\"container\" data-e-type=\"container\">\n\t\t\t\t<div class=\"elementor-element elementor-element-79e1961 elementor-widget elementor-widget-heading\" data-id=\"79e1961\" data-element_type=\"widget\" data-e-type=\"widget\" data-widget_type=\"heading.default\">\n\t\t\t\t\t<h3 class=\"elementor-heading-title elementor-size-default\">Espiga roscada<\/h3>\t\t\t\t<\/div>\n\t\t\t\t<div class=\"elementor-element elementor-element-9629d14 elementor-widget elementor-widget-text-editor\" data-id=\"9629d14\" data-element_type=\"widget\" data-e-type=\"widget\" data-widget_type=\"text-editor.default\">\n\t\t\t\t\t\t\t\t\t<p>Incorpora una espiga con <strong>rosca exterior integrada<\/strong> en la parte superior del soporte, que se enrosca directamente en el chasis. Garantiza una uni\u00f3n estable y resistente, adecuada para cargas elevadas. Disponible en soportes giratorios y fijos.<\/p>\n\t\t\t\t\t\t\t\t<\/div>\n\t\t\t\t<\/div>\n\t\t<div class=\"elementor-element elementor-element-896cbb3 e-con-full e-flex e-con e-child\" data-id=\"896cbb3\" data-element_type=\"container\" data-e-type=\"container\">\n\t\t\t\t<div class=\"elementor-element elementor-element-59b7c70 elementor-widget elementor-widget-image\" data-id=\"59b7c70\" data-element_type=\"widget\" data-e-type=\"widget\" data-widget_type=\"image.default\">\n\t\t\t\t\t\t\t\t\t\t\t\t\t\t\t\t<a href=\"https:\/\/www.avo.it\/wp-content\/uploads\/2025\/08\/tipologie_fissaggio-tramite_perno_filettato.png\" data-elementor-open-lightbox=\"yes\" data-e-action-hash=\"#elementor-action%3Aaction%3Dlightbox%26settings%3DeyJpZCI6MTUwNTQyLCJ1cmwiOiJodHRwczpcL1wvd3d3LmF2by5pdFwvd3AtY29udGVudFwvdXBsb2Fkc1wvMjAyNVwvMDhcL3RpcG9sb2dpZV9maXNzYWdnaW8tdHJhbWl0ZV9wZXJub19maWxldHRhdG8ucG5nIn0%3D\">\n\t\t\t\t\t\t\t<img loading=\"lazy\" decoding=\"async\" width=\"397\" height=\"430\" src=\"https:\/\/www.avo.it\/wp-content\/uploads\/2025\/08\/tipologie_fissaggio-tramite_perno_filettato.png\" class=\"attachment-full size-full wp-image-150542\" alt=\"\" srcset=\"https:\/\/www.avo.it\/wp-content\/uploads\/2025\/08\/tipologie_fissaggio-tramite_perno_filettato.png 397w, https:\/\/www.avo.it\/wp-content\/uploads\/2025\/08\/tipologie_fissaggio-tramite_perno_filettato-277x300.png 277w\" sizes=\"(max-width: 397px) 100vw, 397px\" \/>\t\t\t\t\t\t\t\t<\/a>\n\t\t\t\t\t\t\t\t\t\t\t\t\t\t\t<\/div>\n\t\t\t\t<\/div>\n\t\t\t\t<\/div>\n\t\t\t\t<\/div>\n\t\t<div class=\"elementor-element elementor-element-fd2bd32 e-con-full e-flex e-con e-parent\" data-id=\"fd2bd32\" data-element_type=\"container\" data-e-type=\"container\">\n\t\t\t\t<div class=\"elementor-element elementor-element-0dd47fa elementor-widget-divider--view-line elementor-widget elementor-widget-divider\" data-id=\"0dd47fa\" data-element_type=\"widget\" data-e-type=\"widget\" data-widget_type=\"divider.default\">\n\t\t\t\t\t\t\t<div class=\"elementor-divider\">\n\t\t\t<span class=\"elementor-divider-separator\">\n\t\t\t\t\t\t<\/span>\n\t\t<\/div>\n\t\t\t\t\t\t<\/div>\n\t\t<div class=\"elementor-element elementor-element-e7f5b02 e-con-full e-flex e-con e-child\" data-id=\"e7f5b02\" data-element_type=\"container\" data-e-type=\"container\">\n\t\t<div class=\"elementor-element elementor-element-33d55bb e-con-full e-flex e-con e-child\" data-id=\"33d55bb\" data-element_type=\"container\" data-e-type=\"container\">\n\t\t\t\t<div class=\"elementor-element elementor-element-dea6f75 elementor-widget elementor-widget-heading\" data-id=\"dea6f75\" data-element_type=\"widget\" data-e-type=\"widget\" data-widget_type=\"heading.default\">\n\t\t\t\t\t<h3 class=\"elementor-heading-title elementor-size-default\">Espiga expansible<\/h3>\t\t\t\t<\/div>\n\t\t\t\t<div class=\"elementor-element elementor-element-2f23105 elementor-widget elementor-widget-text-editor\" data-id=\"2f23105\" data-element_type=\"widget\" data-e-type=\"widget\" data-widget_type=\"text-editor.default\">\n\t\t\t\t\t\t\t\t\t<p>Se inserta una espiga cil\u00edndrica con elemento de goma en el interior del tubo de soporte. <strong>Al apretar el tornillo central, el casquillo de goma se expande<\/strong> contra las paredes, asegurando un montaje firme sin mecanizados adicionales. Ideal para estructuras tubulares y equipos m\u00f3viles, permite montajes y desmontajes frecuentes con buena resistencia mec\u00e1nica y absorci\u00f3n de vibraciones.<\/p>\n\t\t\t\t\t\t\t\t<\/div>\n\t\t\t\t<\/div>\n\t\t<div class=\"elementor-element elementor-element-9958d31 e-con-full e-flex e-con e-child\" data-id=\"9958d31\" data-element_type=\"container\" data-e-type=\"container\">\n\t\t\t\t<div class=\"elementor-element elementor-element-e6daf41 elementor-widget elementor-widget-image\" data-id=\"e6daf41\" data-element_type=\"widget\" data-e-type=\"widget\" data-widget_type=\"image.default\">\n\t\t\t\t\t\t\t\t\t\t\t\t\t\t\t\t<a href=\"https:\/\/www.avo.it\/wp-content\/uploads\/2025\/08\/tipologie_fissaggio-perno_espandibile.png\" data-elementor-open-lightbox=\"yes\" data-e-action-hash=\"#elementor-action%3Aaction%3Dlightbox%26settings%3DeyJpZCI6MTUwNTUwLCJ1cmwiOiJodHRwczpcL1wvd3d3LmF2by5pdFwvd3AtY29udGVudFwvdXBsb2Fkc1wvMjAyNVwvMDhcL3RpcG9sb2dpZV9maXNzYWdnaW8tcGVybm9fZXNwYW5kaWJpbGUucG5nIn0%3D\">\n\t\t\t\t\t\t\t<img loading=\"lazy\" decoding=\"async\" width=\"364\" height=\"439\" src=\"https:\/\/www.avo.it\/wp-content\/uploads\/2025\/08\/tipologie_fissaggio-perno_espandibile.png\" class=\"attachment-full size-full wp-image-150550\" alt=\"\" srcset=\"https:\/\/www.avo.it\/wp-content\/uploads\/2025\/08\/tipologie_fissaggio-perno_espandibile.png 364w, https:\/\/www.avo.it\/wp-content\/uploads\/2025\/08\/tipologie_fissaggio-perno_espandibile-249x300.png 249w\" sizes=\"(max-width: 364px) 100vw, 364px\" \/>\t\t\t\t\t\t\t\t<\/a>\n\t\t\t\t\t\t\t\t\t\t\t\t\t\t\t<\/div>\n\t\t\t\t<\/div>\n\t\t\t\t<\/div>\n\t\t\t\t<\/div>\n\t\t<div class=\"elementor-element elementor-element-516107a e-con-full e-flex e-con e-parent\" data-id=\"516107a\" data-element_type=\"container\" data-e-type=\"container\">\n\t\t\t\t<div class=\"elementor-element elementor-element-50782e2 elementor-widget elementor-widget-text-editor\" data-id=\"50782e2\" data-element_type=\"widget\" data-e-type=\"widget\" data-widget_type=\"text-editor.default\">\n\t\t\t\t\t\t\t\t\t<p><strong>Para m\u00e1s detalles t\u00e9cnicos o para solicitar una asesor\u00eda personalizada:<\/strong><\/p>\n\t\t\t\t\t\t\t\t<\/div>\n\t\t\t\t<div class=\"elementor-element elementor-element-85d5750 elementor-position-inline-end elementor-mobile-position-inline-end elementor-view-default elementor-widget elementor-widget-icon-box\" data-id=\"85d5750\" data-element_type=\"widget\" data-e-type=\"widget\" data-widget_type=\"icon-box.default\">\n\t\t\t\t\t\t\t<div class=\"elementor-icon-box-wrapper\">\n\n\t\t\t\t\t\t<div class=\"elementor-icon-box-icon\">\n\t\t\t\t<a href=\"https:\/\/www.avo.it\/contatti\/\" title=\"Approfondisci\" class=\"elementor-icon\" tabindex=\"-1\" aria-label=\"Cont\u00e1ctenos\">\n\t\t\t\t<svg xmlns=\"http:\/\/www.w3.org\/2000\/svg\" id=\"Livello_1\" data-name=\"Livello 1\" viewBox=\"0 0 36.78 36.78\"><defs><style>      .cls-1 {        fill: #b3e5fc;      }      .cls-2 {        fill: #21355a;      }    <\/style><\/defs><circle class=\"cls-1\" cx=\"18.39\" cy=\"18.39\" r=\"18.39\"><\/circle><path class=\"cls-2\" d=\"M13.65,26.72l7.81-7.81c.28-.28.28-.77,0-1.04l-7.81-7.81,1.04-1.04,7.81,7.81c.84.84.84,2.3,0,3.13l-7.81,7.81-1.04-1.04Z\"><\/path><\/svg>\t\t\t\t<\/a>\n\t\t\t<\/div>\n\t\t\t\n\t\t\t\t\t\t<div class=\"elementor-icon-box-content\">\n\n\t\t\t\t\t\t\t\t\t<h3 class=\"elementor-icon-box-title\">\n\t\t\t\t\t\t<a href=\"https:\/\/www.avo.it\/contatti\/\" title=\"Approfondisci\" >\n\t\t\t\t\t\t\tCont\u00e1ctenos\t\t\t\t\t\t<\/a>\n\t\t\t\t\t<\/h3>\n\t\t\t\t\n\t\t\t\t\n\t\t\t<\/div>\n\t\t\t\n\t\t<\/div>\n\t\t\t\t\t\t<\/div>\n\t\t\t\t<\/div>\n\t\t\t\t<\/div>\n\t\t","protected":false},"excerpt":{"rendered":"<p>Tipos defijaci\u00f3n Sistemas de fijaci\u00f3n para ruedas y soportes Las ruedas pueden montarse con distintos sistemas: placa superior para superficies planas con taladros normalizados, orificio central para instalaciones r\u00e1pidas y compactas, espiga lisa o roscada para carros ligeros o cargas pesadas, y espiga expansible ideal para estructuras tubulares. Cada soluci\u00f3n garantiza estabilidad, seguridad y facilidad [&hellip;]<\/p>\n","protected":false},"author":3,"featured_media":0,"parent":152631,"menu_order":0,"comment_status":"closed","ping_status":"closed","template":"","meta":{"_acf_changed":false,"footnotes":""},"class_list":["post-152678","page","type-page","status-publish","hentry"],"acf":[],"_links":{"self":[{"href":"https:\/\/www.avo.it\/es\/wp-json\/wp\/v2\/pages\/152678","targetHints":{"allow":["GET"]}}],"collection":[{"href":"https:\/\/www.avo.it\/es\/wp-json\/wp\/v2\/pages"}],"about":[{"href":"https:\/\/www.avo.it\/es\/wp-json\/wp\/v2\/types\/page"}],"author":[{"embeddable":true,"href":"https:\/\/www.avo.it\/es\/wp-json\/wp\/v2\/users\/3"}],"replies":[{"embeddable":true,"href":"https:\/\/www.avo.it\/es\/wp-json\/wp\/v2\/comments?post=152678"}],"version-history":[{"count":2,"href":"https:\/\/www.avo.it\/es\/wp-json\/wp\/v2\/pages\/152678\/revisions"}],"predecessor-version":[{"id":152900,"href":"https:\/\/www.avo.it\/es\/wp-json\/wp\/v2\/pages\/152678\/revisions\/152900"}],"up":[{"embeddable":true,"href":"https:\/\/www.avo.it\/es\/wp-json\/wp\/v2\/pages\/152631"}],"wp:attachment":[{"href":"https:\/\/www.avo.it\/es\/wp-json\/wp\/v2\/media?parent=152678"}],"curies":[{"name":"wp","href":"https:\/\/api.w.org\/{rel}","templated":true}]}}