{"id":152680,"date":"2025-08-18T12:26:22","date_gmt":"2025-08-18T12:26:22","guid":{"rendered":"https:\/\/avo.it\/informacion-tecnica\/soluciones-de-montaje\/"},"modified":"2025-10-01T13:54:41","modified_gmt":"2025-10-01T13:54:41","slug":"soluciones-de-montaje","status":"publish","type":"page","link":"https:\/\/www.avo.it\/es\/informacion-tecnica\/soluciones-de-montaje\/","title":{"rendered":"Soluciones de montaje"},"content":{"rendered":"\t\t<div data-elementor-type=\"wp-page\" data-elementor-id=\"152680\" class=\"elementor elementor-152680 elementor-150733\" data-elementor-post-type=\"page\">\n\t\t\t\t<div class=\"elementor-element elementor-element-4080292 e-con-full e-flex e-con e-parent\" data-id=\"4080292\" data-element_type=\"container\" data-e-type=\"container\" data-settings=\"{&quot;background_background&quot;:&quot;classic&quot;}\">\n\t\t<div class=\"elementor-element elementor-element-ec8fd27 e-con-full e-flex e-con e-child\" data-id=\"ec8fd27\" data-element_type=\"container\" data-e-type=\"container\" data-settings=\"{&quot;background_background&quot;:&quot;classic&quot;}\">\n\t\t<div class=\"elementor-element elementor-element-1892c96 e-con-full e-flex e-con e-child\" data-id=\"1892c96\" data-element_type=\"container\" data-e-type=\"container\" data-settings=\"{&quot;background_background&quot;:&quot;classic&quot;}\">\n\t\t\t\t<div class=\"elementor-element elementor-element-08d751f elementor-widget elementor-widget-heading\" data-id=\"08d751f\" data-element_type=\"widget\" data-e-type=\"widget\" data-widget_type=\"heading.default\">\n\t\t\t\t\t<h1 class=\"elementor-heading-title elementor-size-default\">Soluciones de <span style=\"color: #B3E5FC\">montaje<\/span><\/h1>\t\t\t\t<\/div>\n\t\t\t\t<\/div>\n\t\t\t\t<\/div>\n\t\t\t\t<\/div>\n\t\t<div class=\"elementor-element elementor-element-3de11fb e-con-full e-flex e-con e-parent\" data-id=\"3de11fb\" data-element_type=\"container\" data-e-type=\"container\">\n\t\t\t\t<div class=\"elementor-element elementor-element-22d1d58 elementor-widget elementor-widget-heading\" data-id=\"22d1d58\" data-element_type=\"widget\" data-e-type=\"widget\" data-widget_type=\"heading.default\">\n\t\t\t\t\t<h2 class=\"elementor-heading-title elementor-size-default\">Configuraciones y soluciones de montaje<\/h2>\t\t\t\t<\/div>\n\t\t\t\t<div class=\"elementor-element elementor-element-751bbed elementor-widget elementor-widget-text-editor\" data-id=\"751bbed\" data-element_type=\"widget\" data-e-type=\"widget\" data-widget_type=\"text-editor.default\">\n\t\t\t\t\t\t\t\t\t<p class=\"p1\">Las soluciones de montaje difieren en estabilidad y capacidad de carga: <strong>1 giratoria<\/strong> + <strong>2 fijas<\/strong> es econ\u00f3mica pero menos estable; <strong>2 giratorias<\/strong> + <strong>2 fijas<\/strong> es la m\u00e1s equilibrada, con excelente capacidad de carga y maniobrabilidad; <strong>4 giratorias<\/strong> es ideal en espacios reducidos; <strong>4 fijas<\/strong> para recorridos rectil\u00edneos; <strong>4 giratorias<\/strong> + <strong>2 fijas<\/strong> es la mejor opci\u00f3n para cargas pesadas y grandes dimensiones.<\/p>\n\t\t\t\t\t\t\t\t<\/div>\n\t\t\t\t<\/div>\n\t\t<div class=\"elementor-element elementor-element-dc1c999 e-con-full e-flex e-con e-parent\" data-id=\"dc1c999\" data-element_type=\"container\" data-e-type=\"container\">\n\t\t<div class=\"elementor-element elementor-element-74752a4 e-con-full e-flex e-con e-child\" data-id=\"74752a4\" data-element_type=\"container\" data-e-type=\"container\">\n\t\t<div class=\"elementor-element elementor-element-1aa6ea7 e-con-full e-flex e-con e-child\" data-id=\"1aa6ea7\" data-element_type=\"container\" data-e-type=\"container\">\n\t\t\t\t<div class=\"elementor-element elementor-element-e9eaf02 elementor-widget elementor-widget-heading\" data-id=\"e9eaf02\" data-element_type=\"widget\" data-e-type=\"widget\" data-widget_type=\"heading.default\">\n\t\t\t\t\t<h3 class=\"elementor-heading-title elementor-size-default\">1 rueda giratoria \u2013 2 ruedas fijas<\/h3>\t\t\t\t<\/div>\n\t\t\t\t<div class=\"elementor-element elementor-element-c31cd0b elementor-widget elementor-widget-text-editor\" data-id=\"c31cd0b\" data-element_type=\"widget\" data-e-type=\"widget\" data-widget_type=\"text-editor.default\">\n\t\t\t\t\t\t\t\t\t<p class=\"p1\">La soluci\u00f3n m\u00e1s econ\u00f3mica para carros ligeros y de tama\u00f1o reducido. Ofrece gran maniobrabilidad, pero existe riesgo de vuelco si la carga est\u00e1 descentrada.<\/p>\n\t\t\t\t\t\t\t\t<\/div>\n\t\t\t\t<\/div>\n\t\t\t\t<div class=\"elementor-element elementor-element-100300c elementor-widget elementor-widget-image\" data-id=\"100300c\" data-element_type=\"widget\" data-e-type=\"widget\" data-widget_type=\"image.default\">\n\t\t\t\t\t\t\t\t\t\t\t\t\t\t\t<img fetchpriority=\"high\" decoding=\"async\" width=\"278\" height=\"210\" src=\"https:\/\/www.avo.it\/wp-content\/uploads\/2025\/08\/ruota-supporto-rotante.png\" class=\"attachment-full size-full wp-image-150758\" alt=\"\" \/>\t\t\t\t\t\t\t\t\t\t\t\t\t\t\t<\/div>\n\t\t\t\t<\/div>\n\t\t<div class=\"elementor-element elementor-element-1562005 e-con-full e-flex e-con e-child\" data-id=\"1562005\" data-element_type=\"container\" data-e-type=\"container\">\n\t\t<div class=\"elementor-element elementor-element-159ebdb e-con-full e-flex e-con e-child\" data-id=\"159ebdb\" data-element_type=\"container\" data-e-type=\"container\">\n\t\t\t\t<div class=\"elementor-element elementor-element-3719bdd elementor-widget elementor-widget-heading\" data-id=\"3719bdd\" data-element_type=\"widget\" data-e-type=\"widget\" data-widget_type=\"heading.default\">\n\t\t\t\t\t<h3 class=\"elementor-heading-title elementor-size-default\">2 ruedas giratorias \u2013 2 ruedas fijas<\/h3>\t\t\t\t<\/div>\n\t\t\t\t<div class=\"elementor-element elementor-element-7f016eb elementor-widget elementor-widget-text-editor\" data-id=\"7f016eb\" data-element_type=\"widget\" data-e-type=\"widget\" data-widget_type=\"text-editor.default\">\n\t\t\t\t\t\t\t\t\t<p class=\"p1\">La soluci\u00f3n ideal, que combina excelente capacidad de carga y buena maniobrabilidad. Elimina el riesgo de vuelco incluso con cargas distribuidas de manera desigual.<\/p>\n\t\t\t\t\t\t\t\t<\/div>\n\t\t\t\t<\/div>\n\t\t\t\t<div class=\"elementor-element elementor-element-e935d74 elementor-widget elementor-widget-image\" data-id=\"e935d74\" data-element_type=\"widget\" data-e-type=\"widget\" data-widget_type=\"image.default\">\n\t\t\t\t\t\t\t\t\t\t\t\t\t\t\t<img decoding=\"async\" width=\"270\" height=\"202\" src=\"https:\/\/www.avo.it\/wp-content\/uploads\/2025\/08\/2-ruote-rotanti-2-fisse.png\" class=\"attachment-full size-full wp-image-150766\" alt=\"\" \/>\t\t\t\t\t\t\t\t\t\t\t\t\t\t\t<\/div>\n\t\t\t\t<\/div>\n\t\t\t\t<\/div>\n\t\t<div class=\"elementor-element elementor-element-7639fa0 e-con-full e-flex e-con e-parent\" data-id=\"7639fa0\" data-element_type=\"container\" data-e-type=\"container\">\n\t\t<div class=\"elementor-element elementor-element-e16ef3c e-con-full e-flex e-con e-child\" data-id=\"e16ef3c\" data-element_type=\"container\" data-e-type=\"container\">\n\t\t<div class=\"elementor-element elementor-element-aaecd67 e-con-full e-flex e-con e-child\" data-id=\"aaecd67\" data-element_type=\"container\" data-e-type=\"container\">\n\t\t\t\t<div class=\"elementor-element elementor-element-f2322d7 elementor-widget elementor-widget-heading\" data-id=\"f2322d7\" data-element_type=\"widget\" data-e-type=\"widget\" data-widget_type=\"heading.default\">\n\t\t\t\t\t<h3 class=\"elementor-heading-title elementor-size-default\">4 ruedas giratorias<\/h3>\t\t\t\t<\/div>\n\t\t\t\t<div class=\"elementor-element elementor-element-dd04bd0 elementor-widget elementor-widget-text-editor\" data-id=\"dd04bd0\" data-element_type=\"widget\" data-e-type=\"widget\" data-widget_type=\"text-editor.default\">\n\t\t\t\t\t\t\t\t\t<p class=\"p1\">Configuraci\u00f3n recomendada cuando el carro debe operar en espacios reducidos y ser empujado o arrastrado desde cualquier lado. Ofrece gran maniobrabilidad y buena capacidad de carga.<\/p>\n\t\t\t\t\t\t\t\t<\/div>\n\t\t\t\t<\/div>\n\t\t\t\t<div class=\"elementor-element elementor-element-314ea23 elementor-widget elementor-widget-image\" data-id=\"314ea23\" data-element_type=\"widget\" data-e-type=\"widget\" data-widget_type=\"image.default\">\n\t\t\t\t\t\t\t\t\t\t\t\t\t\t\t<img decoding=\"async\" width=\"290\" height=\"248\" src=\"https:\/\/www.avo.it\/wp-content\/uploads\/2025\/08\/4-ruote-supporti-rotanti.png\" class=\"attachment-full size-full wp-image-150783\" alt=\"\" \/>\t\t\t\t\t\t\t\t\t\t\t\t\t\t\t<\/div>\n\t\t\t\t<\/div>\n\t\t<div class=\"elementor-element elementor-element-58d2f56 e-con-full e-flex e-con e-child\" data-id=\"58d2f56\" data-element_type=\"container\" data-e-type=\"container\">\n\t\t<div class=\"elementor-element elementor-element-8ef627c e-con-full e-flex e-con e-child\" data-id=\"8ef627c\" data-element_type=\"container\" data-e-type=\"container\">\n\t\t\t\t<div class=\"elementor-element elementor-element-bb54c0d elementor-widget elementor-widget-heading\" data-id=\"bb54c0d\" data-element_type=\"widget\" data-e-type=\"widget\" data-widget_type=\"heading.default\">\n\t\t\t\t\t<h3 class=\"elementor-heading-title elementor-size-default\">2 ruedas giratorias \u2013 2 ruedas fijas<\/h3>\t\t\t\t<\/div>\n\t\t\t\t<div class=\"elementor-element elementor-element-39cea21 elementor-widget elementor-widget-text-editor\" data-id=\"39cea21\" data-element_type=\"widget\" data-e-type=\"widget\" data-widget_type=\"text-editor.default\">\n\t\t\t\t\t\t\t\t\t<p class=\"p1\">La soluci\u00f3n ideal, que combina excelente capacidad de carga y buena maniobrabilidad. Elimina el riesgo de vuelco incluso con cargas distribuidas de manera desigual.<\/p>\n\t\t\t\t\t\t\t\t<\/div>\n\t\t\t\t<\/div>\n\t\t\t\t<div class=\"elementor-element elementor-element-172fb12 elementor-widget elementor-widget-image\" data-id=\"172fb12\" data-element_type=\"widget\" data-e-type=\"widget\" data-widget_type=\"image.default\">\n\t\t\t\t\t\t\t\t\t\t\t\t\t\t\t<img loading=\"lazy\" decoding=\"async\" width=\"314\" height=\"242\" src=\"https:\/\/www.avo.it\/wp-content\/uploads\/2025\/08\/2-supporto-ruote-rotanti-2-supporto-fisse.png\" class=\"attachment-full size-full wp-image-150788\" alt=\"\" srcset=\"https:\/\/www.avo.it\/wp-content\/uploads\/2025\/08\/2-supporto-ruote-rotanti-2-supporto-fisse.png 314w, https:\/\/www.avo.it\/wp-content\/uploads\/2025\/08\/2-supporto-ruote-rotanti-2-supporto-fisse-300x231.png 300w\" sizes=\"(max-width: 314px) 100vw, 314px\" \/>\t\t\t\t\t\t\t\t\t\t\t\t\t\t\t<\/div>\n\t\t\t\t<\/div>\n\t\t\t\t<\/div>\n\t\t<div class=\"elementor-element elementor-element-bcd1806 e-con-full e-flex e-con e-parent\" data-id=\"bcd1806\" data-element_type=\"container\" data-e-type=\"container\">\n\t\t<div class=\"elementor-element elementor-element-190603a e-con-full e-flex e-con e-child\" data-id=\"190603a\" data-element_type=\"container\" data-e-type=\"container\">\n\t\t<div class=\"elementor-element elementor-element-0820495 e-con-full e-flex e-con e-child\" data-id=\"0820495\" data-element_type=\"container\" data-e-type=\"container\">\n\t\t\t\t<div class=\"elementor-element elementor-element-ee17bff elementor-widget elementor-widget-heading\" data-id=\"ee17bff\" data-element_type=\"widget\" data-e-type=\"widget\" data-widget_type=\"heading.default\">\n\t\t\t\t\t<h3 class=\"elementor-heading-title elementor-size-default\">4 ruedas fijas<\/h3>\t\t\t\t<\/div>\n\t\t\t\t<div class=\"elementor-element elementor-element-941636e elementor-widget elementor-widget-text-editor\" data-id=\"941636e\" data-element_type=\"widget\" data-e-type=\"widget\" data-widget_type=\"text-editor.default\">\n\t\t\t\t\t\t\t\t\t<p class=\"p1\">Soluci\u00f3n adecuada para cargas medias y recorridos rectil\u00edneos. Mantenimiento m\u00ednimo, ya que los soportes carecen de elementos giratorios.<\/p>\n\t\t\t\t\t\t\t\t<\/div>\n\t\t\t\t<\/div>\n\t\t\t\t<div class=\"elementor-element elementor-element-88f133e elementor-widget elementor-widget-image\" data-id=\"88f133e\" data-element_type=\"widget\" data-e-type=\"widget\" data-widget_type=\"image.default\">\n\t\t\t\t\t\t\t\t\t\t\t\t\t\t\t<img loading=\"lazy\" decoding=\"async\" width=\"416\" height=\"244\" src=\"https:\/\/www.avo.it\/wp-content\/uploads\/2025\/08\/4-ruote-supporto-fisso.png\" class=\"attachment-full size-full wp-image-150796\" alt=\"\" srcset=\"https:\/\/www.avo.it\/wp-content\/uploads\/2025\/08\/4-ruote-supporto-fisso.png 416w, https:\/\/www.avo.it\/wp-content\/uploads\/2025\/08\/4-ruote-supporto-fisso-300x176.png 300w\" sizes=\"(max-width: 416px) 100vw, 416px\" \/>\t\t\t\t\t\t\t\t\t\t\t\t\t\t\t<\/div>\n\t\t\t\t<\/div>\n\t\t<div class=\"elementor-element elementor-element-d40e0d9 e-con-full e-flex e-con e-child\" data-id=\"d40e0d9\" data-element_type=\"container\" data-e-type=\"container\">\n\t\t<div class=\"elementor-element elementor-element-c0465f3 e-con-full e-flex e-con e-child\" data-id=\"c0465f3\" data-element_type=\"container\" data-e-type=\"container\">\n\t\t\t\t<div class=\"elementor-element elementor-element-c93b75b elementor-widget elementor-widget-heading\" data-id=\"c93b75b\" data-element_type=\"widget\" data-e-type=\"widget\" data-widget_type=\"heading.default\">\n\t\t\t\t\t<h3 class=\"elementor-heading-title elementor-size-default\">4 ruedas giratorias \u2013 2 ruedas fijas<\/h3>\t\t\t\t<\/div>\n\t\t\t\t<div class=\"elementor-element elementor-element-bc0ea16 elementor-widget elementor-widget-text-editor\" data-id=\"bc0ea16\" data-element_type=\"widget\" data-e-type=\"widget\" data-widget_type=\"text-editor.default\">\n\t\t\t\t\t\t\t\t\t<p class=\"p1\">La mejor soluci\u00f3n para carros grandes y cargas pesadas. Capacidad y maniobrabilidad excelentes. Estabilidad perfecta y posibilidad de empuje o arrastre desde ambos lados.<\/p>\n\t\t\t\t\t\t\t\t<\/div>\n\t\t\t\t<\/div>\n\t\t\t\t<div class=\"elementor-element elementor-element-de32015 elementor-widget elementor-widget-image\" data-id=\"de32015\" data-element_type=\"widget\" data-e-type=\"widget\" data-widget_type=\"image.default\">\n\t\t\t\t\t\t\t\t\t\t\t\t\t\t\t<img loading=\"lazy\" decoding=\"async\" width=\"310\" height=\"204\" src=\"https:\/\/www.avo.it\/wp-content\/uploads\/2025\/08\/4-ruote-supporto-rotante-2-fisso.png\" class=\"attachment-full size-full wp-image-150801\" alt=\"\" srcset=\"https:\/\/www.avo.it\/wp-content\/uploads\/2025\/08\/4-ruote-supporto-rotante-2-fisso.png 310w, https:\/\/www.avo.it\/wp-content\/uploads\/2025\/08\/4-ruote-supporto-rotante-2-fisso-300x197.png 300w\" sizes=\"(max-width: 310px) 100vw, 310px\" \/>\t\t\t\t\t\t\t\t\t\t\t\t\t\t\t<\/div>\n\t\t\t\t<\/div>\n\t\t\t\t<\/div>\n\t\t<div class=\"elementor-element elementor-element-2ab571e e-con-full e-flex e-con e-parent\" data-id=\"2ab571e\" data-element_type=\"container\" data-e-type=\"container\">\n\t\t\t\t<div class=\"elementor-element elementor-element-89a8180 elementor-widget elementor-widget-text-editor\" data-id=\"89a8180\" data-element_type=\"widget\" data-e-type=\"widget\" data-widget_type=\"text-editor.default\">\n\t\t\t\t\t\t\t\t\t<p class=\"p1\"><b>Para m\u00e1s detalles t\u00e9cnicos o para solicitar una asesor\u00eda personalizada:<\/b><\/p>\n\t\t\t\t\t\t\t\t<\/div>\n\t\t\t\t<div class=\"elementor-element elementor-element-3d2b373 elementor-position-inline-end elementor-mobile-position-inline-end elementor-view-default elementor-widget elementor-widget-icon-box\" data-id=\"3d2b373\" data-element_type=\"widget\" data-e-type=\"widget\" data-widget_type=\"icon-box.default\">\n\t\t\t\t\t\t\t<div class=\"elementor-icon-box-wrapper\">\n\n\t\t\t\t\t\t<div class=\"elementor-icon-box-icon\">\n\t\t\t\t<a href=\"https:\/\/www.avo.it\/contatti\/\" title=\"Approfondisci\" class=\"elementor-icon\" tabindex=\"-1\" aria-label=\"Cont\u00e1ctenos\">\n\t\t\t\t<svg xmlns=\"http:\/\/www.w3.org\/2000\/svg\" id=\"Livello_1\" data-name=\"Livello 1\" viewBox=\"0 0 36.78 36.78\"><defs><style>      .cls-1 {        fill: #b3e5fc;      }      .cls-2 {        fill: #21355a;      }    <\/style><\/defs><circle class=\"cls-1\" cx=\"18.39\" cy=\"18.39\" r=\"18.39\"><\/circle><path class=\"cls-2\" d=\"M13.65,26.72l7.81-7.81c.28-.28.28-.77,0-1.04l-7.81-7.81,1.04-1.04,7.81,7.81c.84.84.84,2.3,0,3.13l-7.81,7.81-1.04-1.04Z\"><\/path><\/svg>\t\t\t\t<\/a>\n\t\t\t<\/div>\n\t\t\t\n\t\t\t\t\t\t<div class=\"elementor-icon-box-content\">\n\n\t\t\t\t\t\t\t\t\t<h3 class=\"elementor-icon-box-title\">\n\t\t\t\t\t\t<a href=\"https:\/\/www.avo.it\/contatti\/\" title=\"Approfondisci\" >\n\t\t\t\t\t\t\tCont\u00e1ctenos\t\t\t\t\t\t<\/a>\n\t\t\t\t\t<\/h3>\n\t\t\t\t\n\t\t\t\t\n\t\t\t<\/div>\n\t\t\t\n\t\t<\/div>\n\t\t\t\t\t\t<\/div>\n\t\t\t\t<\/div>\n\t\t\t\t<\/div>\n\t\t","protected":false},"excerpt":{"rendered":"<p>Soluciones de montaje Configuraciones y soluciones de montaje Las soluciones de montaje difieren en estabilidad y capacidad de carga: 1 giratoria + 2 fijas es econ\u00f3mica pero menos estable; 2 giratorias + 2 fijas es la m\u00e1s equilibrada, con excelente capacidad de carga y maniobrabilidad; 4 giratorias es ideal en espacios reducidos; 4 fijas para [&hellip;]<\/p>\n","protected":false},"author":2,"featured_media":0,"parent":152631,"menu_order":0,"comment_status":"closed","ping_status":"closed","template":"","meta":{"_acf_changed":false,"footnotes":""},"class_list":["post-152680","page","type-page","status-publish","hentry"],"acf":[],"_links":{"self":[{"href":"https:\/\/www.avo.it\/es\/wp-json\/wp\/v2\/pages\/152680","targetHints":{"allow":["GET"]}}],"collection":[{"href":"https:\/\/www.avo.it\/es\/wp-json\/wp\/v2\/pages"}],"about":[{"href":"https:\/\/www.avo.it\/es\/wp-json\/wp\/v2\/types\/page"}],"author":[{"embeddable":true,"href":"https:\/\/www.avo.it\/es\/wp-json\/wp\/v2\/users\/2"}],"replies":[{"embeddable":true,"href":"https:\/\/www.avo.it\/es\/wp-json\/wp\/v2\/comments?post=152680"}],"version-history":[{"count":1,"href":"https:\/\/www.avo.it\/es\/wp-json\/wp\/v2\/pages\/152680\/revisions"}],"predecessor-version":[{"id":152681,"href":"https:\/\/www.avo.it\/es\/wp-json\/wp\/v2\/pages\/152680\/revisions\/152681"}],"up":[{"embeddable":true,"href":"https:\/\/www.avo.it\/es\/wp-json\/wp\/v2\/pages\/152631"}],"wp:attachment":[{"href":"https:\/\/www.avo.it\/es\/wp-json\/wp\/v2\/media?parent=152680"}],"curies":[{"name":"wp","href":"https:\/\/api.w.org\/{rel}","templated":true}]}}