{"id":152945,"date":"2025-08-18T10:56:15","date_gmt":"2025-08-18T10:56:15","guid":{"rendered":"https:\/\/avo.it\/material-resina-fenolica\/"},"modified":"2025-10-06T13:03:59","modified_gmt":"2025-10-06T13:03:59","slug":"material-resina-fenolica","status":"publish","type":"page","link":"https:\/\/www.avo.it\/es\/informacion-tecnica\/informacion-sobre-materiales\/material-resina-fenolica\/","title":{"rendered":"Material: resina fen\u00f3lica"},"content":{"rendered":"\t\t<div data-elementor-type=\"wp-page\" data-elementor-id=\"152945\" class=\"elementor elementor-152945 elementor-150686\" data-elementor-post-type=\"page\">\n\t\t\t\t<div class=\"elementor-element elementor-element-37af547 e-con-full e-flex e-con e-parent\" data-id=\"37af547\" data-element_type=\"container\" data-e-type=\"container\" data-settings=\"{&quot;background_background&quot;:&quot;classic&quot;}\">\n\t\t<div class=\"elementor-element elementor-element-ad80b55 e-con-full e-flex e-con e-child\" data-id=\"ad80b55\" data-element_type=\"container\" data-e-type=\"container\" data-settings=\"{&quot;background_background&quot;:&quot;classic&quot;}\">\n\t\t<div class=\"elementor-element elementor-element-09287b2 e-con-full e-flex e-con e-child\" data-id=\"09287b2\" data-element_type=\"container\" data-e-type=\"container\" data-settings=\"{&quot;background_background&quot;:&quot;classic&quot;}\">\n\t\t\t\t<div class=\"elementor-element elementor-element-2dc3d11 elementor-widget elementor-widget-heading\" data-id=\"2dc3d11\" data-element_type=\"widget\" data-e-type=\"widget\" data-widget_type=\"heading.default\">\n\t\t\t\t\t<h1 class=\"elementor-heading-title elementor-size-default\">Material: <span style=\"color: #B3E5FC\"><br>resina fen\u00f3lica<\/span><\/h1>\t\t\t\t<\/div>\n\t\t\t\t<\/div>\n\t\t\t\t<\/div>\n\t\t\t\t<\/div>\n\t\t<div class=\"elementor-element elementor-element-93c087c e-con-full e-flex e-con e-parent\" data-id=\"93c087c\" data-element_type=\"container\" data-e-type=\"container\">\n\t\t<div class=\"elementor-element elementor-element-7c8ddf6 e-con-full e-flex e-con e-child\" data-id=\"7c8ddf6\" data-element_type=\"container\" data-e-type=\"container\">\n\t\t<div class=\"elementor-element elementor-element-50dd037 e-con-full e-flex e-con e-child\" data-id=\"50dd037\" data-element_type=\"container\" data-e-type=\"container\">\n\t\t\t\t<div class=\"elementor-element elementor-element-4db9fac elementor-widget elementor-widget-heading\" data-id=\"4db9fac\" data-element_type=\"widget\" data-e-type=\"widget\" data-widget_type=\"heading.default\">\n\t\t\t\t\t<h2 class=\"elementor-heading-title elementor-size-default\">Resina fen\u00f3lica<\/h2>\t\t\t\t<\/div>\n\t\t\t\t<div class=\"elementor-element elementor-element-c03093b elementor-widget elementor-widget-text-editor\" data-id=\"c03093b\" data-element_type=\"widget\" data-e-type=\"widget\" data-widget_type=\"text-editor.default\">\n\t\t\t\t\t\t\t\t\t<p>Las ruedas de resina fen\u00f3lica se producen mediante la compresi\u00f3n de capas de tejido de algod\u00f3n impregnadas con resina fen\u00f3lica a alta presi\u00f3n y temperatura. El resultado es un material ligero pero muy resistente, con <strong>alt\u00edsima resistencia a la compresi\u00f3n<\/strong>, <strong>buena capacidad de carga<\/strong> y <strong>excelente resistencia al desgaste<\/strong>.<br \/>Las ruedas de resina fen\u00f3lica presentan <strong>baja resistencia a la rodadura<\/strong>, buena resistencia frente a numerosos productos qu\u00edmicos y son adecuadas para aplicaciones con <strong>altas temperaturas<\/strong>.<br \/>Sin embargo, no se recomienda su uso sobre <strong>suelos irregulares<\/strong> ni en aplicaciones con <strong>fuertes impactos mec\u00e1nicos<\/strong>, ya que el material es r\u00edgido y menos capaz de absorber golpes en comparaci\u00f3n con compuestos el\u00e1sticos.<\/p>\n\t\t\t\t\t\t\t\t<\/div>\n\t\t\t\t<div class=\"elementor-element elementor-element-ee3a4ac elementor-widget elementor-widget-text-editor\" data-id=\"ee3a4ac\" data-element_type=\"widget\" data-e-type=\"widget\" data-widget_type=\"text-editor.default\">\n\t\t\t\t\t\t\t\t\t<p><strong>Para m\u00e1s detalles t\u00e9cnicos o para solicitar un asesoramiento personalizado:<\/strong><\/p>\n\t\t\t\t\t\t\t\t<\/div>\n\t\t\t\t<div class=\"elementor-element elementor-element-31fd163 elementor-position-inline-end elementor-mobile-position-inline-end elementor-view-default elementor-widget elementor-widget-icon-box\" data-id=\"31fd163\" data-element_type=\"widget\" data-e-type=\"widget\" data-widget_type=\"icon-box.default\">\n\t\t\t\t\t\t\t<div class=\"elementor-icon-box-wrapper\">\n\n\t\t\t\t\t\t<div class=\"elementor-icon-box-icon\">\n\t\t\t\t<a href=\"https:\/\/www.avo.it\/contatti\/\" title=\"Approfondisci\" class=\"elementor-icon\" tabindex=\"-1\" aria-label=\"Cont\u00e1ctenos\">\n\t\t\t\t<svg xmlns=\"http:\/\/www.w3.org\/2000\/svg\" id=\"Livello_1\" data-name=\"Livello 1\" viewBox=\"0 0 36.78 36.78\"><defs><style>      .cls-1 {        fill: #b3e5fc;      }      .cls-2 {        fill: #21355a;      }    <\/style><\/defs><circle class=\"cls-1\" cx=\"18.39\" cy=\"18.39\" r=\"18.39\"><\/circle><path class=\"cls-2\" d=\"M13.65,26.72l7.81-7.81c.28-.28.28-.77,0-1.04l-7.81-7.81,1.04-1.04,7.81,7.81c.84.84.84,2.3,0,3.13l-7.81,7.81-1.04-1.04Z\"><\/path><\/svg>\t\t\t\t<\/a>\n\t\t\t<\/div>\n\t\t\t\n\t\t\t\t\t\t<div class=\"elementor-icon-box-content\">\n\n\t\t\t\t\t\t\t\t\t<h3 class=\"elementor-icon-box-title\">\n\t\t\t\t\t\t<a href=\"https:\/\/www.avo.it\/contatti\/\" title=\"Approfondisci\" >\n\t\t\t\t\t\t\tCont\u00e1ctenos\t\t\t\t\t\t<\/a>\n\t\t\t\t\t<\/h3>\n\t\t\t\t\n\t\t\t\t\n\t\t\t<\/div>\n\t\t\t\n\t\t<\/div>\n\t\t\t\t\t\t<\/div>\n\t\t\t\t<\/div>\n\t\t<div class=\"elementor-element elementor-element-415f693 e-con-full e-flex e-con e-child\" data-id=\"415f693\" data-element_type=\"container\" data-e-type=\"container\">\n\t\t\t\t<div class=\"elementor-element elementor-element-1c80b8d elementor-widget elementor-widget-image\" data-id=\"1c80b8d\" data-element_type=\"widget\" data-e-type=\"widget\" data-widget_type=\"image.default\">\n\t\t\t\t\t\t\t\t\t\t\t\t\t\t\t\t<a href=\"https:\/\/www.avo.it\/wp-content\/uploads\/2025\/08\/RESINE-FENOLICHE.jpg\" data-elementor-open-lightbox=\"yes\" data-e-action-hash=\"#elementor-action%3Aaction%3Dlightbox%26settings%3DeyJpZCI6MTUxMzcwLCJ1cmwiOiJodHRwczpcL1wvd3d3LmF2by5pdFwvd3AtY29udGVudFwvdXBsb2Fkc1wvMjAyNVwvMDhcL1JFU0lORS1GRU5PTElDSEUuanBnIn0%3D\">\n\t\t\t\t\t\t\t<img fetchpriority=\"high\" decoding=\"async\" width=\"2048\" height=\"1318\" src=\"https:\/\/www.avo.it\/wp-content\/uploads\/2025\/08\/RESINE-FENOLICHE.jpg\" class=\"attachment-full size-full wp-image-151370\" alt=\"\" srcset=\"https:\/\/www.avo.it\/wp-content\/uploads\/2025\/08\/RESINE-FENOLICHE.jpg 2048w, https:\/\/www.avo.it\/wp-content\/uploads\/2025\/08\/RESINE-FENOLICHE-300x193.jpg 300w, https:\/\/www.avo.it\/wp-content\/uploads\/2025\/08\/RESINE-FENOLICHE-1024x659.jpg 1024w, https:\/\/www.avo.it\/wp-content\/uploads\/2025\/08\/RESINE-FENOLICHE-768x494.jpg 768w, https:\/\/www.avo.it\/wp-content\/uploads\/2025\/08\/RESINE-FENOLICHE-1536x989.jpg 1536w\" sizes=\"(max-width: 2048px) 100vw, 2048px\" \/>\t\t\t\t\t\t\t\t<\/a>\n\t\t\t\t\t\t\t\t\t\t\t\t\t\t\t<\/div>\n\t\t\t\t<\/div>\n\t\t\t\t<\/div>\n\t\t\t\t<\/div>\n\t\t\t\t<\/div>\n\t\t","protected":false},"excerpt":{"rendered":"<p>Material: resina fen\u00f3lica Resina fen\u00f3lica Las ruedas de resina fen\u00f3lica se producen mediante la compresi\u00f3n de capas de tejido de algod\u00f3n impregnadas con resina fen\u00f3lica a alta presi\u00f3n y temperatura. El resultado es un material ligero pero muy resistente, con alt\u00edsima resistencia a la compresi\u00f3n, buena capacidad de carga y excelente resistencia al desgaste.Las ruedas [&hellip;]<\/p>\n","protected":false},"author":3,"featured_media":0,"parent":152963,"menu_order":0,"comment_status":"closed","ping_status":"closed","template":"","meta":{"_acf_changed":false,"footnotes":""},"class_list":["post-152945","page","type-page","status-publish","hentry"],"acf":[],"_links":{"self":[{"href":"https:\/\/www.avo.it\/es\/wp-json\/wp\/v2\/pages\/152945","targetHints":{"allow":["GET"]}}],"collection":[{"href":"https:\/\/www.avo.it\/es\/wp-json\/wp\/v2\/pages"}],"about":[{"href":"https:\/\/www.avo.it\/es\/wp-json\/wp\/v2\/types\/page"}],"author":[{"embeddable":true,"href":"https:\/\/www.avo.it\/es\/wp-json\/wp\/v2\/users\/3"}],"replies":[{"embeddable":true,"href":"https:\/\/www.avo.it\/es\/wp-json\/wp\/v2\/comments?post=152945"}],"version-history":[{"count":1,"href":"https:\/\/www.avo.it\/es\/wp-json\/wp\/v2\/pages\/152945\/revisions"}],"predecessor-version":[{"id":152946,"href":"https:\/\/www.avo.it\/es\/wp-json\/wp\/v2\/pages\/152945\/revisions\/152946"}],"up":[{"embeddable":true,"href":"https:\/\/www.avo.it\/es\/wp-json\/wp\/v2\/pages\/152963"}],"wp:attachment":[{"href":"https:\/\/www.avo.it\/es\/wp-json\/wp\/v2\/media?parent=152945"}],"curies":[{"name":"wp","href":"https:\/\/api.w.org\/{rel}","templated":true}]}}