{"id":152953,"date":"2025-08-27T07:39:46","date_gmt":"2025-08-27T07:39:46","guid":{"rendered":"https:\/\/avo.it\/material-goma-neumatica\/"},"modified":"2025-10-06T13:03:59","modified_gmt":"2025-10-06T13:03:59","slug":"material-goma-neumatica","status":"publish","type":"page","link":"https:\/\/www.avo.it\/es\/informacion-tecnica\/informacion-sobre-materiales\/material-goma-neumatica\/","title":{"rendered":"Material: goma neum\u00e1tica"},"content":{"rendered":"\t\t<div data-elementor-type=\"wp-page\" data-elementor-id=\"152953\" class=\"elementor elementor-152953 elementor-151200\" data-elementor-post-type=\"page\">\n\t\t\t\t<div class=\"elementor-element elementor-element-5f4e14d e-con-full e-flex e-con e-parent\" data-id=\"5f4e14d\" data-element_type=\"container\" data-e-type=\"container\" data-settings=\"{&quot;background_background&quot;:&quot;classic&quot;}\">\n\t\t<div class=\"elementor-element elementor-element-18f275e e-con-full e-flex e-con e-child\" data-id=\"18f275e\" data-element_type=\"container\" data-e-type=\"container\" data-settings=\"{&quot;background_background&quot;:&quot;classic&quot;}\">\n\t\t<div class=\"elementor-element elementor-element-dace993 e-con-full e-flex e-con e-child\" data-id=\"dace993\" data-element_type=\"container\" data-e-type=\"container\" data-settings=\"{&quot;background_background&quot;:&quot;classic&quot;}\">\n\t\t\t\t<div class=\"elementor-element elementor-element-7986977 elementor-widget elementor-widget-heading\" data-id=\"7986977\" data-element_type=\"widget\" data-e-type=\"widget\" data-widget_type=\"heading.default\">\n\t\t\t\t\t<h1 class=\"elementor-heading-title elementor-size-default\">Material: <span style=\"color: #B3E5FC\"><br>goma neum\u00e1tica<\/span><\/h1>\t\t\t\t<\/div>\n\t\t\t\t<\/div>\n\t\t\t\t<\/div>\n\t\t\t\t<\/div>\n\t\t<div class=\"elementor-element elementor-element-87d27b0 e-con-full e-flex e-con e-parent\" data-id=\"87d27b0\" data-element_type=\"container\" data-e-type=\"container\">\n\t\t<div class=\"elementor-element elementor-element-54015d5 e-con-full e-flex e-con e-child\" data-id=\"54015d5\" data-element_type=\"container\" data-e-type=\"container\">\n\t\t<div class=\"elementor-element elementor-element-bc9278d e-con-full e-flex e-con e-child\" data-id=\"bc9278d\" data-element_type=\"container\" data-e-type=\"container\">\n\t\t\t\t<div class=\"elementor-element elementor-element-c998ba4 elementor-widget elementor-widget-heading\" data-id=\"c998ba4\" data-element_type=\"widget\" data-e-type=\"widget\" data-widget_type=\"heading.default\">\n\t\t\t\t\t<h2 class=\"elementor-heading-title elementor-size-default\">Goma neum\u00e1tica<\/h2>\t\t\t\t<\/div>\n\t\t\t\t<div class=\"elementor-element elementor-element-d913f95 elementor-widget elementor-widget-text-editor\" data-id=\"d913f95\" data-element_type=\"widget\" data-e-type=\"widget\" data-widget_type=\"text-editor.default\">\n\t\t\t\t\t\t\t\t\t<p>Las ruedas de goma neum\u00e1tica est\u00e1n equipadas con un neum\u00e1tico relleno de aire, fabricado en caucho natural o sint\u00e9tico, montado sobre llanta de acero o pl\u00e1stico. Se caracterizan por su <strong>alt\u00edsima elasticidad<\/strong>, <strong>excelente absorci\u00f3n de impactos<\/strong> y <strong>rodadura silenciosa<\/strong>, incluso sobre superficies irregulares o rugosas.<br \/>Estas propiedades las hacen especialmente adecuadas para aplicaciones que requieren <strong>gran confort de marcha<\/strong>, <strong>baja transmisi\u00f3n de vibraciones<\/strong> y la <strong>protecci\u00f3n de la carga transportada<\/strong>.<br \/>Las ruedas neum\u00e1ticas ofrecen buena resistencia a la rodadura, aunque con capacidades de carga inferiores en comparaci\u00f3n con las ruedas de goma maciza o poliuretano. Son sensibles a los pinchazos y requieren un mantenimiento regular de la presi\u00f3n del aire.<\/p>\n\t\t\t\t\t\t\t\t<\/div>\n\t\t\t\t<div class=\"elementor-element elementor-element-603d84e elementor-widget elementor-widget-text-editor\" data-id=\"603d84e\" data-element_type=\"widget\" data-e-type=\"widget\" data-widget_type=\"text-editor.default\">\n\t\t\t\t\t\t\t\t\t<div class=\"x_elementToProof\" data-olk-copy-source=\"MessageBody\"><strong>Para m\u00e1s detalles t\u00e9cnicos o para solicitar una asesor\u00eda personalizada:<\/strong><\/div>\n\t\t\t\t\t\t\t\t<\/div>\n\t\t\t\t<div class=\"elementor-element elementor-element-d99e52c elementor-position-inline-end elementor-mobile-position-inline-end elementor-view-default elementor-widget elementor-widget-icon-box\" data-id=\"d99e52c\" data-element_type=\"widget\" data-e-type=\"widget\" data-widget_type=\"icon-box.default\">\n\t\t\t\t\t\t\t<div class=\"elementor-icon-box-wrapper\">\n\n\t\t\t\t\t\t<div class=\"elementor-icon-box-icon\">\n\t\t\t\t<a href=\"https:\/\/www.avo.it\/contatti\/\" title=\"Approfondisci\" class=\"elementor-icon\" tabindex=\"-1\" aria-label=\"Cont\u00e1ctenos\">\n\t\t\t\t<svg xmlns=\"http:\/\/www.w3.org\/2000\/svg\" id=\"Livello_1\" data-name=\"Livello 1\" viewBox=\"0 0 36.78 36.78\"><defs><style>      .cls-1 {        fill: #b3e5fc;      }      .cls-2 {        fill: #21355a;      }    <\/style><\/defs><circle class=\"cls-1\" cx=\"18.39\" cy=\"18.39\" r=\"18.39\"><\/circle><path class=\"cls-2\" d=\"M13.65,26.72l7.81-7.81c.28-.28.28-.77,0-1.04l-7.81-7.81,1.04-1.04,7.81,7.81c.84.84.84,2.3,0,3.13l-7.81,7.81-1.04-1.04Z\"><\/path><\/svg>\t\t\t\t<\/a>\n\t\t\t<\/div>\n\t\t\t\n\t\t\t\t\t\t<div class=\"elementor-icon-box-content\">\n\n\t\t\t\t\t\t\t\t\t<h3 class=\"elementor-icon-box-title\">\n\t\t\t\t\t\t<a href=\"https:\/\/www.avo.it\/contatti\/\" title=\"Approfondisci\" >\n\t\t\t\t\t\t\tCont\u00e1ctenos\t\t\t\t\t\t<\/a>\n\t\t\t\t\t<\/h3>\n\t\t\t\t\n\t\t\t\t\n\t\t\t<\/div>\n\t\t\t\n\t\t<\/div>\n\t\t\t\t\t\t<\/div>\n\t\t\t\t<\/div>\n\t\t<div class=\"elementor-element elementor-element-3c574d0 e-con-full e-flex e-con e-child\" data-id=\"3c574d0\" data-element_type=\"container\" data-e-type=\"container\">\n\t\t\t\t<div class=\"elementor-element elementor-element-9d14f8f elementor-widget elementor-widget-image\" data-id=\"9d14f8f\" data-element_type=\"widget\" data-e-type=\"widget\" data-widget_type=\"image.default\">\n\t\t\t\t\t\t\t\t\t\t\t\t\t\t\t\t<a href=\"https:\/\/www.avo.it\/wp-content\/uploads\/2025\/08\/PNEUMATICA-dettaglio.jpg\" data-elementor-open-lightbox=\"yes\" data-e-action-hash=\"#elementor-action%3Aaction%3Dlightbox%26settings%3DeyJpZCI6MTUxMjUzLCJ1cmwiOiJodHRwczpcL1wvd3d3LmF2by5pdFwvd3AtY29udGVudFwvdXBsb2Fkc1wvMjAyNVwvMDhcL1BORVVNQVRJQ0EtZGV0dGFnbGlvLmpwZyJ9\">\n\t\t\t\t\t\t\t<img fetchpriority=\"high\" decoding=\"async\" width=\"2048\" height=\"1533\" src=\"https:\/\/www.avo.it\/wp-content\/uploads\/2025\/08\/PNEUMATICA-dettaglio.jpg\" class=\"attachment-full size-full wp-image-151253\" alt=\"\" srcset=\"https:\/\/www.avo.it\/wp-content\/uploads\/2025\/08\/PNEUMATICA-dettaglio.jpg 2048w, https:\/\/www.avo.it\/wp-content\/uploads\/2025\/08\/PNEUMATICA-dettaglio-300x225.jpg 300w, https:\/\/www.avo.it\/wp-content\/uploads\/2025\/08\/PNEUMATICA-dettaglio-1024x767.jpg 1024w, https:\/\/www.avo.it\/wp-content\/uploads\/2025\/08\/PNEUMATICA-dettaglio-768x575.jpg 768w, https:\/\/www.avo.it\/wp-content\/uploads\/2025\/08\/PNEUMATICA-dettaglio-1536x1150.jpg 1536w\" sizes=\"(max-width: 2048px) 100vw, 2048px\" \/>\t\t\t\t\t\t\t\t<\/a>\n\t\t\t\t\t\t\t\t\t\t\t\t\t\t\t<\/div>\n\t\t\t\t<\/div>\n\t\t\t\t<\/div>\n\t\t\t\t<\/div>\n\t\t\t\t<\/div>\n\t\t","protected":false},"excerpt":{"rendered":"<p>Material: goma neum\u00e1tica Goma neum\u00e1tica Las ruedas de goma neum\u00e1tica est\u00e1n equipadas con un neum\u00e1tico relleno de aire, fabricado en caucho natural o sint\u00e9tico, montado sobre llanta de acero o pl\u00e1stico. Se caracterizan por su alt\u00edsima elasticidad, excelente absorci\u00f3n de impactos y rodadura silenciosa, incluso sobre superficies irregulares o rugosas.Estas propiedades las hacen especialmente adecuadas [&hellip;]<\/p>\n","protected":false},"author":2,"featured_media":0,"parent":152963,"menu_order":0,"comment_status":"closed","ping_status":"closed","template":"","meta":{"_acf_changed":false,"footnotes":""},"class_list":["post-152953","page","type-page","status-publish","hentry"],"acf":[],"_links":{"self":[{"href":"https:\/\/www.avo.it\/es\/wp-json\/wp\/v2\/pages\/152953","targetHints":{"allow":["GET"]}}],"collection":[{"href":"https:\/\/www.avo.it\/es\/wp-json\/wp\/v2\/pages"}],"about":[{"href":"https:\/\/www.avo.it\/es\/wp-json\/wp\/v2\/types\/page"}],"author":[{"embeddable":true,"href":"https:\/\/www.avo.it\/es\/wp-json\/wp\/v2\/users\/2"}],"replies":[{"embeddable":true,"href":"https:\/\/www.avo.it\/es\/wp-json\/wp\/v2\/comments?post=152953"}],"version-history":[{"count":1,"href":"https:\/\/www.avo.it\/es\/wp-json\/wp\/v2\/pages\/152953\/revisions"}],"predecessor-version":[{"id":152954,"href":"https:\/\/www.avo.it\/es\/wp-json\/wp\/v2\/pages\/152953\/revisions\/152954"}],"up":[{"embeddable":true,"href":"https:\/\/www.avo.it\/es\/wp-json\/wp\/v2\/pages\/152963"}],"wp:attachment":[{"href":"https:\/\/www.avo.it\/es\/wp-json\/wp\/v2\/media?parent=152953"}],"curies":[{"name":"wp","href":"https:\/\/api.w.org\/{rel}","templated":true}]}}