{"id":152955,"date":"2025-08-27T07:40:59","date_gmt":"2025-08-27T07:40:59","guid":{"rendered":"https:\/\/avo.it\/material-decauville\/"},"modified":"2025-10-06T13:03:59","modified_gmt":"2025-10-06T13:03:59","slug":"material-decauville","status":"publish","type":"page","link":"https:\/\/www.avo.it\/es\/informacion-tecnica\/informacion-sobre-materiales\/material-decauville\/","title":{"rendered":"Material: decauville"},"content":{"rendered":"\t\t<div data-elementor-type=\"wp-page\" data-elementor-id=\"152955\" class=\"elementor elementor-152955 elementor-151205\" data-elementor-post-type=\"page\">\n\t\t\t\t<div class=\"elementor-element elementor-element-9207018 e-con-full e-flex e-con e-parent\" data-id=\"9207018\" data-element_type=\"container\" data-e-type=\"container\" data-settings=\"{&quot;background_background&quot;:&quot;classic&quot;}\">\n\t\t<div class=\"elementor-element elementor-element-26d10f7 e-con-full e-flex e-con e-child\" data-id=\"26d10f7\" data-element_type=\"container\" data-e-type=\"container\" data-settings=\"{&quot;background_background&quot;:&quot;classic&quot;}\">\n\t\t<div class=\"elementor-element elementor-element-6f653db e-con-full e-flex e-con e-child\" data-id=\"6f653db\" data-element_type=\"container\" data-e-type=\"container\" data-settings=\"{&quot;background_background&quot;:&quot;classic&quot;}\">\n\t\t\t\t<div class=\"elementor-element elementor-element-3078daf elementor-widget elementor-widget-heading\" data-id=\"3078daf\" data-element_type=\"widget\" data-e-type=\"widget\" data-widget_type=\"heading.default\">\n\t\t\t\t\t<h1 class=\"elementor-heading-title elementor-size-default\">Material: <span style=\"color: #B3E5FC\"><br>decauville<\/span><\/h1>\t\t\t\t<\/div>\n\t\t\t\t<\/div>\n\t\t\t\t<\/div>\n\t\t\t\t<\/div>\n\t\t<div class=\"elementor-element elementor-element-8ebeb6b e-con-full e-flex e-con e-parent\" data-id=\"8ebeb6b\" data-element_type=\"container\" data-e-type=\"container\">\n\t\t<div class=\"elementor-element elementor-element-15a449e e-con-full e-flex e-con e-child\" data-id=\"15a449e\" data-element_type=\"container\" data-e-type=\"container\">\n\t\t<div class=\"elementor-element elementor-element-a43c1a7 e-con-full e-flex e-con e-child\" data-id=\"a43c1a7\" data-element_type=\"container\" data-e-type=\"container\">\n\t\t\t\t<div class=\"elementor-element elementor-element-a4387a2 elementor-widget elementor-widget-heading\" data-id=\"a4387a2\" data-element_type=\"widget\" data-e-type=\"widget\" data-widget_type=\"heading.default\">\n\t\t\t\t\t<h2 class=\"elementor-heading-title elementor-size-default\">Decauville<\/h2>\t\t\t\t<\/div>\n\t\t\t\t<div class=\"elementor-element elementor-element-a142294 elementor-widget elementor-widget-text-editor\" data-id=\"a142294\" data-element_type=\"widget\" data-e-type=\"widget\" data-widget_type=\"text-editor.default\">\n\t\t\t\t\t\t\t\t\t<p>Los sistemas Decauville, reconocidos por su <strong>modularidad<\/strong> y <strong>practicidad<\/strong>, representan una soluci\u00f3n vers\u00e1til para la construcci\u00f3n de <strong>l\u00edneas ferroviarias ligeras y temporales<\/strong>. Basados en <strong>ra\u00edles prefabricados de acero tratado t\u00e9rmicamente<\/strong>, f\u00e1cilmente transportables y ensamblables, permiten crear r\u00e1pidamente trazados para la manipulaci\u00f3n de materiales en <strong>canteras, obras, plantas industriales y \u00e1reas log\u00edsticas<\/strong>.<\/p>\n<p>La <strong>estructura modular<\/strong> garantiza un montaje y desmontaje r\u00e1pidos, reduciendo tiempos y costes operativos. Los ra\u00edles Decauville de acero tratado t\u00e9rmicamente se distinguen por su <strong>alta resistencia mec\u00e1nica<\/strong>, <strong>durabilidad en el tiempo<\/strong> y <strong>estabilidad incluso bajo cargas pesadas<\/strong>, ofreciendo un rendimiento fiable incluso en condiciones de trabajo exigentes.<br \/>La compatibilidad con vagones y carros espec\u00edficos hace que estos sistemas sean altamente funcionales para el transporte de <strong>materiales pesados y voluminosos<\/strong>.<\/p>\n<p>Adem\u00e1s de los aspectos t\u00e9cnicos, la gama Decauville ofrece gran <strong>flexibilidad de uso<\/strong>: los ra\u00edles pueden reconfigurarse seg\u00fan las necesidades del sitio, garantizando <strong>eficiencia y seguridad<\/strong> en cada fase operativa.<\/p>\n\t\t\t\t\t\t\t\t<\/div>\n\t\t\t\t<div class=\"elementor-element elementor-element-cc57d39 elementor-widget elementor-widget-text-editor\" data-id=\"cc57d39\" data-element_type=\"widget\" data-e-type=\"widget\" data-widget_type=\"text-editor.default\">\n\t\t\t\t\t\t\t\t\t<p><strong>Para m\u00e1s detalles t\u00e9cnicos o para solicitar un asesoramiento personalizado:<\/strong><\/p>\n\t\t\t\t\t\t\t\t<\/div>\n\t\t\t\t<div class=\"elementor-element elementor-element-ed00a70 elementor-position-inline-end elementor-mobile-position-inline-end elementor-view-default elementor-widget elementor-widget-icon-box\" data-id=\"ed00a70\" data-element_type=\"widget\" data-e-type=\"widget\" data-widget_type=\"icon-box.default\">\n\t\t\t\t\t\t\t<div class=\"elementor-icon-box-wrapper\">\n\n\t\t\t\t\t\t<div class=\"elementor-icon-box-icon\">\n\t\t\t\t<a href=\"https:\/\/www.avo.it\/contatti\/\" title=\"Approfondisci\" class=\"elementor-icon\" tabindex=\"-1\" aria-label=\"Cont\u00e1ctenos\">\n\t\t\t\t<svg xmlns=\"http:\/\/www.w3.org\/2000\/svg\" id=\"Livello_1\" data-name=\"Livello 1\" viewBox=\"0 0 36.78 36.78\"><defs><style>      .cls-1 {        fill: #b3e5fc;      }      .cls-2 {        fill: #21355a;      }    <\/style><\/defs><circle class=\"cls-1\" cx=\"18.39\" cy=\"18.39\" r=\"18.39\"><\/circle><path class=\"cls-2\" d=\"M13.65,26.72l7.81-7.81c.28-.28.28-.77,0-1.04l-7.81-7.81,1.04-1.04,7.81,7.81c.84.84.84,2.3,0,3.13l-7.81,7.81-1.04-1.04Z\"><\/path><\/svg>\t\t\t\t<\/a>\n\t\t\t<\/div>\n\t\t\t\n\t\t\t\t\t\t<div class=\"elementor-icon-box-content\">\n\n\t\t\t\t\t\t\t\t\t<h3 class=\"elementor-icon-box-title\">\n\t\t\t\t\t\t<a href=\"https:\/\/www.avo.it\/contatti\/\" title=\"Approfondisci\" >\n\t\t\t\t\t\t\tCont\u00e1ctenos\t\t\t\t\t\t<\/a>\n\t\t\t\t\t<\/h3>\n\t\t\t\t\n\t\t\t\t\n\t\t\t<\/div>\n\t\t\t\n\t\t<\/div>\n\t\t\t\t\t\t<\/div>\n\t\t\t\t<\/div>\n\t\t<div class=\"elementor-element elementor-element-839b994 e-con-full e-flex e-con e-child\" data-id=\"839b994\" data-element_type=\"container\" data-e-type=\"container\">\n\t\t\t\t<div class=\"elementor-element elementor-element-638ba61 elementor-widget elementor-widget-image\" data-id=\"638ba61\" data-element_type=\"widget\" data-e-type=\"widget\" data-widget_type=\"image.default\">\n\t\t\t\t\t\t\t\t\t\t\t\t\t\t\t\t<a href=\"https:\/\/www.avo.it\/wp-content\/uploads\/2025\/08\/DECAUVILLE-dettaglio.jpg\" data-elementor-open-lightbox=\"yes\" data-e-action-hash=\"#elementor-action%3Aaction%3Dlightbox%26settings%3DeyJpZCI6MTUxMjQ1LCJ1cmwiOiJodHRwczpcL1wvd3d3LmF2by5pdFwvd3AtY29udGVudFwvdXBsb2Fkc1wvMjAyNVwvMDhcL0RFQ0FVVklMTEUtZGV0dGFnbGlvLmpwZyJ9\">\n\t\t\t\t\t\t\t<img fetchpriority=\"high\" decoding=\"async\" width=\"2048\" height=\"1631\" src=\"https:\/\/www.avo.it\/wp-content\/uploads\/2025\/08\/DECAUVILLE-dettaglio.jpg\" class=\"attachment-full size-full wp-image-151245\" alt=\"\" srcset=\"https:\/\/www.avo.it\/wp-content\/uploads\/2025\/08\/DECAUVILLE-dettaglio.jpg 2048w, https:\/\/www.avo.it\/wp-content\/uploads\/2025\/08\/DECAUVILLE-dettaglio-300x239.jpg 300w, https:\/\/www.avo.it\/wp-content\/uploads\/2025\/08\/DECAUVILLE-dettaglio-1024x816.jpg 1024w, https:\/\/www.avo.it\/wp-content\/uploads\/2025\/08\/DECAUVILLE-dettaglio-768x612.jpg 768w, https:\/\/www.avo.it\/wp-content\/uploads\/2025\/08\/DECAUVILLE-dettaglio-1536x1223.jpg 1536w\" sizes=\"(max-width: 2048px) 100vw, 2048px\" \/>\t\t\t\t\t\t\t\t<\/a>\n\t\t\t\t\t\t\t\t\t\t\t\t\t\t\t<\/div>\n\t\t\t\t<\/div>\n\t\t\t\t<\/div>\n\t\t\t\t<\/div>\n\t\t\t\t<\/div>\n\t\t","protected":false},"excerpt":{"rendered":"<p>Material: decauville Decauville Los sistemas Decauville, reconocidos por su modularidad y practicidad, representan una soluci\u00f3n vers\u00e1til para la construcci\u00f3n de l\u00edneas ferroviarias ligeras y temporales. Basados en ra\u00edles prefabricados de acero tratado t\u00e9rmicamente, f\u00e1cilmente transportables y ensamblables, permiten crear r\u00e1pidamente trazados para la manipulaci\u00f3n de materiales en canteras, obras, plantas industriales y \u00e1reas log\u00edsticas. La [&hellip;]<\/p>\n","protected":false},"author":2,"featured_media":0,"parent":152963,"menu_order":0,"comment_status":"closed","ping_status":"closed","template":"","meta":{"_acf_changed":false,"footnotes":""},"class_list":["post-152955","page","type-page","status-publish","hentry"],"acf":[],"_links":{"self":[{"href":"https:\/\/www.avo.it\/es\/wp-json\/wp\/v2\/pages\/152955","targetHints":{"allow":["GET"]}}],"collection":[{"href":"https:\/\/www.avo.it\/es\/wp-json\/wp\/v2\/pages"}],"about":[{"href":"https:\/\/www.avo.it\/es\/wp-json\/wp\/v2\/types\/page"}],"author":[{"embeddable":true,"href":"https:\/\/www.avo.it\/es\/wp-json\/wp\/v2\/users\/2"}],"replies":[{"embeddable":true,"href":"https:\/\/www.avo.it\/es\/wp-json\/wp\/v2\/comments?post=152955"}],"version-history":[{"count":1,"href":"https:\/\/www.avo.it\/es\/wp-json\/wp\/v2\/pages\/152955\/revisions"}],"predecessor-version":[{"id":152956,"href":"https:\/\/www.avo.it\/es\/wp-json\/wp\/v2\/pages\/152955\/revisions\/152956"}],"up":[{"embeddable":true,"href":"https:\/\/www.avo.it\/es\/wp-json\/wp\/v2\/pages\/152963"}],"wp:attachment":[{"href":"https:\/\/www.avo.it\/es\/wp-json\/wp\/v2\/media?parent=152955"}],"curies":[{"name":"wp","href":"https:\/\/api.w.org\/{rel}","templated":true}]}}