{"id":153366,"date":"2025-08-11T09:01:50","date_gmt":"2025-08-11T09:01:50","guid":{"rendered":"https:\/\/avo.it\/proyectos-especiales\/soluciones-personalizadas\/"},"modified":"2025-10-31T10:45:09","modified_gmt":"2025-10-31T10:45:09","slug":"soluciones-personalizadas","status":"publish","type":"page","link":"https:\/\/www.avo.it\/es\/proyectos-especiales\/soluciones-personalizadas\/","title":{"rendered":"Soluciones personalizadas"},"content":{"rendered":"\t\t<div data-elementor-type=\"wp-page\" data-elementor-id=\"153366\" class=\"elementor elementor-153366 elementor-150096\" data-elementor-post-type=\"page\">\n\t\t\t\t<div class=\"elementor-element elementor-element-92e9b9f e-con-full e-flex e-con e-parent\" data-id=\"92e9b9f\" data-element_type=\"container\" data-e-type=\"container\" data-settings=\"{&quot;background_background&quot;:&quot;classic&quot;}\">\n\t\t<div class=\"elementor-element elementor-element-2aa24f1 e-con-full e-flex e-con e-child\" data-id=\"2aa24f1\" data-element_type=\"container\" data-e-type=\"container\" data-settings=\"{&quot;background_background&quot;:&quot;classic&quot;}\">\n\t\t<div class=\"elementor-element elementor-element-3a7ef50 e-con-full e-flex e-con e-child\" data-id=\"3a7ef50\" data-element_type=\"container\" data-e-type=\"container\" data-settings=\"{&quot;background_background&quot;:&quot;classic&quot;}\">\n\t\t\t\t<div class=\"elementor-element elementor-element-ea9b0bf elementor-widget elementor-widget-heading\" data-id=\"ea9b0bf\" data-element_type=\"widget\" data-e-type=\"widget\" data-widget_type=\"heading.default\">\n\t\t\t\t\t<h1 class=\"elementor-heading-title elementor-size-default\">Soluciones <span style=\"color: #B3E5FC\">personalizadas<\/span><\/h1>\t\t\t\t<\/div>\n\t\t\t\t<\/div>\n\t\t\t\t<\/div>\n\t\t\t\t<\/div>\n\t\t<div class=\"elementor-element elementor-element-87c7198 e-con-full e-flex e-con e-parent\" data-id=\"87c7198\" data-element_type=\"container\" data-e-type=\"container\">\n\t\t\t\t<div class=\"elementor-element elementor-element-72a3ed5 elementor-widget elementor-widget-heading\" data-id=\"72a3ed5\" data-element_type=\"widget\" data-e-type=\"widget\" data-widget_type=\"heading.default\">\n\t\t\t\t\t<h2 class=\"elementor-heading-title elementor-size-default\">Soluciones personalizadas AVO: cada detalle hecho a medida para tus necesidades<\/h2>\t\t\t\t<\/div>\n\t\t\t\t<div class=\"elementor-element elementor-element-6bc2d53 elementor-widget elementor-widget-text-editor\" data-id=\"6bc2d53\" data-element_type=\"widget\" data-e-type=\"widget\" data-widget_type=\"text-editor.default\">\n\t\t\t\t\t\t\t\t\t<p>AVO ofrece una amplia gama de soluciones personalizadas, dise\u00f1adas para adaptarse perfectamente a los requisitos t\u00e9cnicos, funcionales y est\u00e9ticos de cada aplicaci\u00f3n.<\/p>\n<p>Desde la elecci\u00f3n de los colores hasta las caracter\u00edsticas constructivas y la fabricaci\u00f3n de ruedas seg\u00fan plano, cada detalle puede configurarse seg\u00fan las necesidades del cliente, garantizando coherencia con la identidad de marca, los requisitos del sistema y el entorno operativo.<\/p>\n<p>Los colores personalizados permiten integrar est\u00e9ticamente las ruedas y los soportes con las m\u00e1quinas y dispositivos donde se instalan, cumpliendo criterios tanto visuales como normativos (por ejemplo, codificaci\u00f3n por colores para seguridad, zonas est\u00e9riles o \u00e1reas de acceso controlado).<\/p>\n\t\t\t\t\t\t\t\t<\/div>\n\t\t\t\t<\/div>\n\t\t<div class=\"elementor-element elementor-element-a3941ea e-con-full e-flex e-con e-parent\" data-id=\"a3941ea\" data-element_type=\"container\" data-e-type=\"container\">\n\t\t<div class=\"elementor-element elementor-element-33d32cf e-con-full e-flex e-con e-child\" data-id=\"33d32cf\" data-element_type=\"container\" data-e-type=\"container\">\n\t\t<div class=\"elementor-element elementor-element-d24add9 e-con-full e-flex e-con e-child\" data-id=\"d24add9\" data-element_type=\"container\" data-e-type=\"container\">\n\t\t\t\t<div class=\"elementor-element elementor-element-e785dfd elementor-widget elementor-widget-heading\" data-id=\"e785dfd\" data-element_type=\"widget\" data-e-type=\"widget\" data-widget_type=\"heading.default\">\n\t\t\t\t\t<h2 class=\"elementor-heading-title elementor-size-default\">Servicios de personalizaci\u00f3n disponibles:<\/h2>\t\t\t\t<\/div>\n\t\t\t\t<div class=\"elementor-element elementor-element-9440814 elementor-widget elementor-widget-text-editor\" data-id=\"9440814\" data-element_type=\"widget\" data-e-type=\"widget\" data-widget_type=\"text-editor.default\">\n\t\t\t\t\t\t\t\t\t<ul>\n<li>Colores personalizados para la banda de rodadura o los componentes pl\u00e1sticos<\/li>\n<li>Personalizaci\u00f3n del cubo y de los orificios de montaje<\/li>\n<li>Perfiles especiales de la banda de rodadura seg\u00fan las necesidades (anti-marca, drenaje, alta adherencia\u2026)<\/li>\n<li>Soluciones seg\u00fan plano o muestra, incluso para producciones dedicadas o series limitadas<\/li>\n<li>Integraci\u00f3n de logotipos o c\u00f3digos de identificaci\u00f3n del cliente<\/li>\n<\/ul>\n<p>Gracias a su departamento t\u00e9cnico interno y a un proceso de producci\u00f3n flexible, AVO puede fabricar productos personalizados en plazos cortos, manteniendo altos est\u00e1ndares de calidad, trazabilidad y repetibilidad.<\/p>\n<p>La personalizaci\u00f3n del cubo y de los orificios de montaje permite la adaptaci\u00f3n a diferentes sistemas de fijaci\u00f3n, ejes o soportes, garantizando un acoplamiento preciso y seguro. Tambi\u00e9n est\u00e1n disponibles perfiles especiales de la banda de rodadura, dise\u00f1ados para funciones espec\u00edficas como anti-marca, drenaje de l\u00edquidos o mayor adherencia en superficies irregulares o inclinadas.<\/p>\n<p>AVO tambi\u00e9n puede desarrollar soluciones a medida a partir de planos o muestras, con posibilidad de producciones dedicadas, prototipos o series peque\u00f1as, en conformidad con las especificaciones del cliente. La integraci\u00f3n de logotipos, c\u00f3digos de identificaci\u00f3n o marcados personalizados facilita la trazabilidad de los componentes y su identificaci\u00f3n r\u00e1pida a lo largo de la cadena de suministro.<\/p>\n\t\t\t\t\t\t\t\t<\/div>\n\t\t\t\t<\/div>\n\t\t<div class=\"elementor-element elementor-element-cd5217b e-con-full e-flex e-con e-child\" data-id=\"cd5217b\" data-element_type=\"container\" data-e-type=\"container\">\n\t\t\t\t<div class=\"elementor-element elementor-element-df6bf9c elementor-widget elementor-widget-image\" data-id=\"df6bf9c\" data-element_type=\"widget\" data-e-type=\"widget\" data-widget_type=\"image.default\">\n\t\t\t\t\t\t\t\t\t\t\t\t\t\t\t\t<a href=\"https:\/\/www.avo.it\/wp-content\/uploads\/2025\/10\/PIASTRELLA-SOLUZ-PERSON-3-2.jpg\" data-elementor-open-lightbox=\"yes\" data-e-action-hash=\"#elementor-action%3Aaction%3Dlightbox%26settings%3DeyJpZCI6MTUzMTM0LCJ1cmwiOiJodHRwczpcL1wvd3d3LmF2by5pdFwvd3AtY29udGVudFwvdXBsb2Fkc1wvMjAyNVwvMTBcL1BJQVNUUkVMTEEtU09MVVotUEVSU09OLTMtMi5qcGcifQ%3D%3D\">\n\t\t\t\t\t\t\t<img fetchpriority=\"high\" decoding=\"async\" width=\"2505\" height=\"1300\" src=\"https:\/\/www.avo.it\/wp-content\/uploads\/2025\/10\/PIASTRELLA-SOLUZ-PERSON-3-2.jpg\" class=\"attachment-full size-full wp-image-153134\" alt=\"\" srcset=\"https:\/\/www.avo.it\/wp-content\/uploads\/2025\/10\/PIASTRELLA-SOLUZ-PERSON-3-2.jpg 2505w, https:\/\/www.avo.it\/wp-content\/uploads\/2025\/10\/PIASTRELLA-SOLUZ-PERSON-3-2-300x156.jpg 300w, https:\/\/www.avo.it\/wp-content\/uploads\/2025\/10\/PIASTRELLA-SOLUZ-PERSON-3-2-1024x531.jpg 1024w, https:\/\/www.avo.it\/wp-content\/uploads\/2025\/10\/PIASTRELLA-SOLUZ-PERSON-3-2-768x399.jpg 768w, https:\/\/www.avo.it\/wp-content\/uploads\/2025\/10\/PIASTRELLA-SOLUZ-PERSON-3-2-1536x797.jpg 1536w, https:\/\/www.avo.it\/wp-content\/uploads\/2025\/10\/PIASTRELLA-SOLUZ-PERSON-3-2-2048x1063.jpg 2048w\" sizes=\"(max-width: 2505px) 100vw, 2505px\" \/>\t\t\t\t\t\t\t\t<\/a>\n\t\t\t\t\t\t\t\t\t\t\t\t\t\t\t<\/div>\n\t\t<div class=\"elementor-element elementor-element-819ccef e-con-full e-flex e-con e-child\" data-id=\"819ccef\" data-element_type=\"container\" data-e-type=\"container\" data-settings=\"{&quot;background_background&quot;:&quot;classic&quot;}\">\n\t\t\t\t<div class=\"elementor-element elementor-element-af72303 elementor-widget elementor-widget-heading\" data-id=\"af72303\" data-element_type=\"widget\" data-e-type=\"widget\" data-widget_type=\"heading.default\">\n\t\t\t\t\t<h2 class=\"elementor-heading-title elementor-size-default\">Soluciones personalizadas AVO<\/h2>\t\t\t\t<\/div>\n\t\t\t\t<\/div>\n\t\t\t\t<\/div>\n\t\t\t\t<\/div>\n\t\t\t\t<\/div>\n\t\t<div class=\"elementor-element elementor-element-0120c61 e-con-full e-flex e-con e-parent\" data-id=\"0120c61\" data-element_type=\"container\" data-e-type=\"container\">\n\t\t<div class=\"elementor-element elementor-element-8605c27 e-con-full e-flex e-con e-child\" data-id=\"8605c27\" data-element_type=\"container\" data-e-type=\"container\">\n\t\t<div class=\"elementor-element elementor-element-ca93e09 e-con-full e-flex e-con e-child\" data-id=\"ca93e09\" data-element_type=\"container\" data-e-type=\"container\">\n\t\t\t\t<div class=\"elementor-element elementor-element-f6b1ad8 elementor-widget elementor-widget-text-editor\" data-id=\"f6b1ad8\" data-element_type=\"widget\" data-e-type=\"widget\" data-widget_type=\"text-editor.default\">\n\t\t\t\t\t\t\t\t\t<p><strong>\u00bfTienes un proyecto espec\u00edfico?<\/strong><br \/>Nuestro equipo t\u00e9cnico est\u00e1 disponible para evaluar tus necesidades y desarrollar soluciones a medida, en plena colaboraci\u00f3n con el cliente.<\/p>\n\t\t\t\t\t\t\t\t<\/div>\n\t\t\t\t<div class=\"elementor-element elementor-element-39486ca elementor-position-inline-end elementor-mobile-position-inline-end elementor-view-default elementor-widget elementor-widget-icon-box\" data-id=\"39486ca\" data-element_type=\"widget\" data-e-type=\"widget\" data-widget_type=\"icon-box.default\">\n\t\t\t\t\t\t\t<div class=\"elementor-icon-box-wrapper\">\n\n\t\t\t\t\t\t<div class=\"elementor-icon-box-icon\">\n\t\t\t\t<a href=\"https:\/\/www.avo.it\/contatti\/\" title=\"Approfondisci\" class=\"elementor-icon\" tabindex=\"-1\" aria-label=\"cont\u00e1ctanos\">\n\t\t\t\t<svg xmlns=\"http:\/\/www.w3.org\/2000\/svg\" id=\"Livello_1\" data-name=\"Livello 1\" viewBox=\"0 0 36.78 36.78\"><defs><style>      .cls-1 {        fill: #b3e5fc;      }      .cls-2 {        fill: #21355a;      }    <\/style><\/defs><circle class=\"cls-1\" cx=\"18.39\" cy=\"18.39\" r=\"18.39\"><\/circle><path class=\"cls-2\" d=\"M13.65,26.72l7.81-7.81c.28-.28.28-.77,0-1.04l-7.81-7.81,1.04-1.04,7.81,7.81c.84.84.84,2.3,0,3.13l-7.81,7.81-1.04-1.04Z\"><\/path><\/svg>\t\t\t\t<\/a>\n\t\t\t<\/div>\n\t\t\t\n\t\t\t\t\t\t<div class=\"elementor-icon-box-content\">\n\n\t\t\t\t\t\t\t\t\t<h3 class=\"elementor-icon-box-title\">\n\t\t\t\t\t\t<a href=\"https:\/\/www.avo.it\/contatti\/\" title=\"Approfondisci\" >\n\t\t\t\t\t\t\tcont\u00e1ctanos\t\t\t\t\t\t<\/a>\n\t\t\t\t\t<\/h3>\n\t\t\t\t\n\t\t\t\t\n\t\t\t<\/div>\n\t\t\t\n\t\t<\/div>\n\t\t\t\t\t\t<\/div>\n\t\t\t\t<\/div>\n\t\t\t\t<\/div>\n\t\t\t\t<\/div>\n\t\t\t\t<\/div>\n\t\t","protected":false},"excerpt":{"rendered":"<p>Soluciones personalizadas Soluciones personalizadas AVO: cada detalle hecho a medida para tus necesidades AVO ofrece una amplia gama de soluciones personalizadas, dise\u00f1adas para adaptarse perfectamente a los requisitos t\u00e9cnicos, funcionales y est\u00e9ticos de cada aplicaci\u00f3n. Desde la elecci\u00f3n de los colores hasta las caracter\u00edsticas constructivas y la fabricaci\u00f3n de ruedas seg\u00fan plano, cada detalle puede [&hellip;]<\/p>\n","protected":false},"author":2,"featured_media":0,"parent":153342,"menu_order":0,"comment_status":"closed","ping_status":"closed","template":"","meta":{"_acf_changed":false,"footnotes":""},"class_list":["post-153366","page","type-page","status-publish","hentry"],"acf":[],"_links":{"self":[{"href":"https:\/\/www.avo.it\/es\/wp-json\/wp\/v2\/pages\/153366","targetHints":{"allow":["GET"]}}],"collection":[{"href":"https:\/\/www.avo.it\/es\/wp-json\/wp\/v2\/pages"}],"about":[{"href":"https:\/\/www.avo.it\/es\/wp-json\/wp\/v2\/types\/page"}],"author":[{"embeddable":true,"href":"https:\/\/www.avo.it\/es\/wp-json\/wp\/v2\/users\/2"}],"replies":[{"embeddable":true,"href":"https:\/\/www.avo.it\/es\/wp-json\/wp\/v2\/comments?post=153366"}],"version-history":[{"count":3,"href":"https:\/\/www.avo.it\/es\/wp-json\/wp\/v2\/pages\/153366\/revisions"}],"predecessor-version":[{"id":153525,"href":"https:\/\/www.avo.it\/es\/wp-json\/wp\/v2\/pages\/153366\/revisions\/153525"}],"up":[{"embeddable":true,"href":"https:\/\/www.avo.it\/es\/wp-json\/wp\/v2\/pages\/153342"}],"wp:attachment":[{"href":"https:\/\/www.avo.it\/es\/wp-json\/wp\/v2\/media?parent=153366"}],"curies":[{"name":"wp","href":"https:\/\/api.w.org\/{rel}","templated":true}]}}