{"id":156367,"date":"2025-12-22T11:58:49","date_gmt":"2025-12-22T11:58:49","guid":{"rendered":"https:\/\/avo.it\/aplicaciones\/fabricacion-de-flight-cases\/"},"modified":"2025-12-23T21:22:02","modified_gmt":"2025-12-23T21:22:02","slug":"fabricacion-de-flight-cases","status":"publish","type":"page","link":"https:\/\/www.avo.it\/es\/aplicaciones\/fabricacion-de-flight-cases\/","title":{"rendered":"Fabricaci\u00f3n de flight cases"},"content":{"rendered":"\t\t<div data-elementor-type=\"wp-page\" data-elementor-id=\"156367\" class=\"elementor elementor-156367 elementor-156094\" data-elementor-post-type=\"page\">\n\t\t\t\t<div class=\"elementor-element elementor-element-e622a13 e-con-full e-flex e-con e-parent\" data-id=\"e622a13\" data-element_type=\"container\" data-e-type=\"container\" data-settings=\"{&quot;background_background&quot;:&quot;classic&quot;}\">\n\t\t<div class=\"elementor-element elementor-element-776546b e-con-full e-flex e-con e-child\" data-id=\"776546b\" data-element_type=\"container\" data-e-type=\"container\" data-settings=\"{&quot;background_background&quot;:&quot;classic&quot;}\">\n\t\t<div class=\"elementor-element elementor-element-87181e2 e-con-full e-flex e-con e-child\" data-id=\"87181e2\" data-element_type=\"container\" data-e-type=\"container\" data-settings=\"{&quot;background_background&quot;:&quot;classic&quot;}\">\n\t\t\t\t<div class=\"elementor-element elementor-element-a46166a elementor-widget elementor-widget-heading\" data-id=\"a46166a\" data-element_type=\"widget\" data-e-type=\"widget\" data-widget_type=\"heading.default\">\n\t\t\t\t\t<h1 class=\"elementor-heading-title elementor-size-default\">Produzione <span style=\"color: #B3E5FC\">Flightcase<\/span><\/h1>\t\t\t\t<\/div>\n\t\t\t\t<\/div>\n\t\t\t\t<\/div>\n\t\t\t\t<\/div>\n\t\t<div class=\"elementor-element elementor-element-1901598 e-con-full e-flex e-con e-parent\" data-id=\"1901598\" data-element_type=\"container\" data-e-type=\"container\">\n\t\t<div class=\"elementor-element elementor-element-11c796e e-con-full e-flex e-con e-child\" data-id=\"11c796e\" data-element_type=\"container\" data-e-type=\"container\">\n\t\t\t\t<div class=\"elementor-element elementor-element-1891942 elementor-widget elementor-widget-text-editor\" data-id=\"1891942\" data-element_type=\"widget\" data-e-type=\"widget\" data-widget_type=\"text-editor.default\">\n\t\t\t\t\t\t\t\t\t<div class=\"flex flex-col text-sm pb-25\">\n<article class=\"text-token-text-primary w-full focus:outline-none [--shadow-height:45px] has-data-writing-block:pointer-events-none has-data-writing-block:-mt-(--shadow-height) has-data-writing-block:pt-(--shadow-height) [&amp;:has([data-writing-block])&gt;*]:pointer-events-auto scroll-mt-[calc(var(--header-height)+min(200px,max(70px,20svh)))]\" dir=\"auto\" tabindex=\"-1\" data-turn-id=\"request-WEB:b8a9b194-d857-4444-ad54-d0068549c508-14\" data-testid=\"conversation-turn-30\" data-scroll-anchor=\"true\" data-turn=\"assistant\">\n<div class=\"text-base my-auto mx-auto pb-10 [--thread-content-margin:--spacing(4)] @w-sm\/main:[--thread-content-margin:--spacing(6)] @w-lg\/main:[--thread-content-margin:--spacing(16)] px-(--thread-content-margin)\">\n<div class=\"[--thread-content-max-width:40rem] @w-lg\/main:[--thread-content-max-width:48rem] mx-auto max-w-(--thread-content-max-width) flex-1 group\/turn-messages focus-visible:outline-hidden relative flex w-full min-w-0 flex-col agent-turn\" tabindex=\"-1\">\n<div class=\"flex max-w-full flex-col grow\">\n<div class=\"min-h-8 text-message relative flex w-full flex-col items-end gap-2 text-start break-words whitespace-normal [.text-message+&amp;]:mt-1\" dir=\"auto\" data-message-author-role=\"assistant\" data-message-id=\"c56c703a-4b77-4c44-946a-cc0568032c86\" data-message-model-slug=\"gpt-5-2\">\n<div class=\"flex w-full flex-col gap-1 empty:hidden first:pt-[1px]\">\n<div class=\"markdown prose dark:prose-invert w-full break-words dark markdown-new-styling\">\n<p data-start=\"270\" data-end=\"480\">En la fabricaci\u00f3n de flight cases, la calidad de la movilidad es un factor clave para garantizar la protecci\u00f3n de los equipos, la seguridad operativa y la eficiencia en las fases de transporte, carga y montaje.<\/p>\n<p data-start=\"482\" data-end=\"783\">Las Ruedas y Rodillos AVO est\u00e1n especialmente dise\u00f1ados para responder a las exigencias espec\u00edficas de este sector, caracterizado por cargas elevadas, uso intensivo y desplazamientos continuos en entornos muy diversos, desde giras musicales y ferias profesionales hasta teatros y plat\u00f3s de televisi\u00f3n.<\/p>\n<p data-start=\"785\" data-end=\"1233\" data-is-last-node=\"\" data-is-only-node=\"\">Acero de gran espesor, freno integrado y goma el\u00e1stica de alto rendimiento son algunas de las caracter\u00edsticas distintivas de nuestras soluciones, que garantizan una excelente suavidad de rodadura, una elevada estabilidad y una alta resistencia a los impactos, incluso sobre superficies irregulares y en condiciones de trabajo exigentes. El uso de materiales de alto rendimiento asegura una larga vida \u00fatil y reduce las necesidades de mantenimiento.<\/p>\n<\/div>\n<p><\/div>\n<p><\/div>\n<p><\/div>\n<p><\/p>\n<div class=\"z-0 flex min-h-[46px] justify-start\"><\/div>\n<p><\/p>\n<div class=\"mt-3 w-full empty:hidden\">\n<div class=\"text-center\"><\/div>\n<p><\/div>\n<p><\/div>\n<p><\/div>\n<p><\/article>\n<\/div>\n<p><\/p>\n<div class=\"pointer-events-none h-px w-px absolute bottom-0\" aria-hidden=\"true\" data-edge=\"true\"><\/div>\n\t\t\t\t\t\t\t\t<\/div>\n\t\t\t\t<\/div>\n\t\t\t\t<\/div>\n\t\t\t\t<\/div>\n\t\t","protected":false},"excerpt":{"rendered":"<p>Produzione Flightcase En la fabricaci\u00f3n de flight cases, la calidad de la movilidad es un factor clave para garantizar la protecci\u00f3n de los equipos, la seguridad operativa y la eficiencia en las fases de transporte, carga y montaje. Las Ruedas y Rodillos AVO est\u00e1n especialmente dise\u00f1ados para responder a las exigencias espec\u00edficas de este sector, [&hellip;]<\/p>\n","protected":false},"author":2,"featured_media":0,"parent":48556,"menu_order":0,"comment_status":"closed","ping_status":"closed","template":"","meta":{"_acf_changed":false,"footnotes":""},"class_list":["post-156367","page","type-page","status-publish","hentry"],"acf":[],"_links":{"self":[{"href":"https:\/\/www.avo.it\/es\/wp-json\/wp\/v2\/pages\/156367","targetHints":{"allow":["GET"]}}],"collection":[{"href":"https:\/\/www.avo.it\/es\/wp-json\/wp\/v2\/pages"}],"about":[{"href":"https:\/\/www.avo.it\/es\/wp-json\/wp\/v2\/types\/page"}],"author":[{"embeddable":true,"href":"https:\/\/www.avo.it\/es\/wp-json\/wp\/v2\/users\/2"}],"replies":[{"embeddable":true,"href":"https:\/\/www.avo.it\/es\/wp-json\/wp\/v2\/comments?post=156367"}],"version-history":[{"count":2,"href":"https:\/\/www.avo.it\/es\/wp-json\/wp\/v2\/pages\/156367\/revisions"}],"predecessor-version":[{"id":156550,"href":"https:\/\/www.avo.it\/es\/wp-json\/wp\/v2\/pages\/156367\/revisions\/156550"}],"up":[{"embeddable":true,"href":"https:\/\/www.avo.it\/es\/wp-json\/wp\/v2\/pages\/48556"}],"wp:attachment":[{"href":"https:\/\/www.avo.it\/es\/wp-json\/wp\/v2\/media?parent=156367"}],"curies":[{"name":"wp","href":"https:\/\/api.w.org\/{rel}","templated":true}]}}