{"id":156380,"date":"2025-12-22T11:54:54","date_gmt":"2025-12-22T11:54:54","guid":{"rendered":"https:\/\/avo.it\/aplicaciones\/sector-nautico\/"},"modified":"2025-12-23T09:28:31","modified_gmt":"2025-12-23T09:28:31","slug":"sector-nautico","status":"publish","type":"page","link":"https:\/\/www.avo.it\/es\/aplicaciones\/sector-nautico\/","title":{"rendered":"Sector n\u00e1utico"},"content":{"rendered":"\t\t<div data-elementor-type=\"wp-page\" data-elementor-id=\"156380\" class=\"elementor elementor-156380 elementor-156092\" data-elementor-post-type=\"page\">\n\t\t\t\t<div class=\"elementor-element elementor-element-1f8b90f e-con-full e-flex e-con e-parent\" data-id=\"1f8b90f\" data-element_type=\"container\" data-e-type=\"container\" data-settings=\"{&quot;background_background&quot;:&quot;classic&quot;}\">\n\t\t<div class=\"elementor-element elementor-element-aaaf984 e-con-full e-flex e-con e-child\" data-id=\"aaaf984\" data-element_type=\"container\" data-e-type=\"container\" data-settings=\"{&quot;background_background&quot;:&quot;classic&quot;}\">\n\t\t<div class=\"elementor-element elementor-element-eaaa72b e-con-full e-flex e-con e-child\" data-id=\"eaaa72b\" data-element_type=\"container\" data-e-type=\"container\" data-settings=\"{&quot;background_background&quot;:&quot;classic&quot;}\">\n\t\t\t\t<div class=\"elementor-element elementor-element-e0cd974 elementor-widget elementor-widget-heading\" data-id=\"e0cd974\" data-element_type=\"widget\" data-e-type=\"widget\" data-widget_type=\"heading.default\">\n\t\t\t\t\t<h1 class=\"elementor-heading-title elementor-size-default\">Settore <span style=\"color: #B3E5FC\">nautico<\/span><\/h1>\t\t\t\t<\/div>\n\t\t\t\t<\/div>\n\t\t\t\t<\/div>\n\t\t\t\t<\/div>\n\t\t<div class=\"elementor-element elementor-element-a9ca7cf e-con-full e-flex e-con e-parent\" data-id=\"a9ca7cf\" data-element_type=\"container\" data-e-type=\"container\">\n\t\t<div class=\"elementor-element elementor-element-7869e7c e-con-full e-flex e-con e-child\" data-id=\"7869e7c\" data-element_type=\"container\" data-e-type=\"container\">\n\t\t\t\t<div class=\"elementor-element elementor-element-91dc648 elementor-widget elementor-widget-text-editor\" data-id=\"91dc648\" data-element_type=\"widget\" data-e-type=\"widget\" data-widget_type=\"text-editor.default\">\n\t\t\t\t\t\t\t\t\t<div class=\"flex flex-col text-sm pb-25\">\n<article class=\"text-token-text-primary w-full focus:outline-none [--shadow-height:45px] has-data-writing-block:pointer-events-none has-data-writing-block:-mt-(--shadow-height) has-data-writing-block:pt-(--shadow-height) [&amp;:has([data-writing-block])&gt;*]:pointer-events-auto scroll-mt-[calc(var(--header-height)+min(200px,max(70px,20svh)))]\" dir=\"auto\" tabindex=\"-1\" data-turn-id=\"request-WEB:b8a9b194-d857-4444-ad54-d0068549c508-20\" data-testid=\"conversation-turn-42\" data-scroll-anchor=\"true\" data-turn=\"assistant\">\n<div class=\"text-base my-auto mx-auto pb-10 [--thread-content-margin:--spacing(4)] @w-sm\/main:[--thread-content-margin:--spacing(6)] @w-lg\/main:[--thread-content-margin:--spacing(16)] px-(--thread-content-margin)\">\n<div class=\"[--thread-content-max-width:40rem] @w-lg\/main:[--thread-content-max-width:48rem] mx-auto max-w-(--thread-content-max-width) flex-1 group\/turn-messages focus-visible:outline-hidden relative flex w-full min-w-0 flex-col agent-turn\" tabindex=\"-1\">\n<div class=\"flex max-w-full flex-col grow\">\n<div class=\"min-h-8 text-message relative flex w-full flex-col items-end gap-2 text-start break-words whitespace-normal [.text-message+&amp;]:mt-1\" dir=\"auto\" data-message-author-role=\"assistant\" data-message-id=\"e27cfea2-07d9-465a-8433-9535d0eed9ba\" data-message-model-slug=\"gpt-5-2\">\n<div class=\"flex w-full flex-col gap-1 empty:hidden first:pt-[1px]\">\n<div class=\"markdown prose dark:prose-invert w-full break-words dark markdown-new-styling\">\n<p data-start=\"252\" data-end=\"956\">En el sector n\u00e1utico, las operaciones de manipulaci\u00f3n requieren soluciones capaces de garantizar una <strong data-start=\"353\" data-end=\"388\">alta resistencia a la corrosi\u00f3n<\/strong>, <strong data-start=\"390\" data-end=\"418\">fiabilidad a largo plazo<\/strong> y <strong data-start=\"421\" data-end=\"448\">prestaciones constantes<\/strong>, incluso en entornos marinos especialmente exigentes. Las <strong data-start=\"507\" data-end=\"532\">Ruedas y Rodillos AVO<\/strong> se utilizan en la fabricaci\u00f3n de <strong data-start=\"566\" data-end=\"592\">carros para astilleros<\/strong>, la <strong data-start=\"597\" data-end=\"630\">manipulaci\u00f3n de embarcaciones<\/strong>, <strong data-start=\"632\" data-end=\"654\">equipos de a bordo<\/strong>, <strong data-start=\"656\" data-end=\"682\">estructuras de soporte<\/strong> y <strong data-start=\"685\" data-end=\"708\">sistemas log\u00edsticos<\/strong> empleados en <strong data-start=\"722\" data-end=\"733\">puertos<\/strong>, <strong data-start=\"735\" data-end=\"746\">marinas<\/strong> y <strong data-start=\"749\" data-end=\"775\">\u00e1reas de mantenimiento<\/strong>. Est\u00e1n dise\u00f1adas para soportar <strong data-start=\"807\" data-end=\"826\">cargas elevadas<\/strong>, <strong data-start=\"828\" data-end=\"849\">humedad constante<\/strong>, <strong data-start=\"851\" data-end=\"880\">exposici\u00f3n al agua salina<\/strong> y <strong data-start=\"883\" data-end=\"907\">variaciones t\u00e9rmicas<\/strong>, garantizando seguridad y continuidad operativa.<\/p>\n<p data-start=\"958\" data-end=\"1445\">Un papel clave lo desempe\u00f1a el uso de <strong data-start=\"996\" data-end=\"1022\">materiales espec\u00edficos<\/strong>, como <strong data-start=\"1029\" data-end=\"1065\">poliuretanos de alto rendimiento<\/strong> y <strong data-start=\"1068\" data-end=\"1116\">soportes para cargas pesadas o extra pesadas<\/strong>, disponibles tambi\u00e9n en <strong data-start=\"1141\" data-end=\"1181\">acero inoxidable AISI 304 y AISI 316<\/strong>, ideales para prevenir la oxidaci\u00f3n y el deterioro con el paso del tiempo. Otro ejemplo son las <strong data-start=\"1278\" data-end=\"1336\">Ruedas y Rodillos para la manipulaci\u00f3n de contenedores<\/strong>, equipadas con sistemas <strong data-start=\"1361\" data-end=\"1374\">Twistlock<\/strong>, que garantizan fiabilidad y seguridad sin comprometer el rendimiento.<\/p>\n<p data-start=\"1447\" data-end=\"1718\">Las <strong data-start=\"1451\" data-end=\"1472\">superficies lisas<\/strong> y el <strong data-start=\"1478\" data-end=\"1498\">dise\u00f1o funcional<\/strong> facilitan las operaciones de <strong data-start=\"1528\" data-end=\"1556\">limpieza y mantenimiento<\/strong>, mientras que la <strong data-start=\"1574\" data-end=\"1608\">excelente suavidad de rodadura<\/strong> reduce el esfuerzo de los operarios incluso sobre superficies irregulares t\u00edpicas de los entornos portuarios.<\/p>\n<p data-start=\"1720\" data-end=\"1857\" data-is-last-node=\"\" data-is-only-node=\"\">Soluciones desarrolladas para el <strong data-start=\"1753\" data-end=\"1770\">mundo n\u00e1utico<\/strong>, donde <strong data-start=\"1778\" data-end=\"1792\">fiabilidad<\/strong>, <strong data-start=\"1794\" data-end=\"1809\">durabilidad<\/strong> y <strong data-start=\"1812\" data-end=\"1825\">seguridad<\/strong> son requisitos imprescindibles.<\/p>\n<\/div>\n<p><\/div>\n<p><\/div>\n<p><\/div>\n<p><\/div>\n<p><\/div>\n<p><\/article>\n<\/div>\n\t\t\t\t\t\t\t\t<\/div>\n\t\t\t\t<\/div>\n\t\t\t\t<\/div>\n\t\t\t\t<\/div>\n\t\t","protected":false},"excerpt":{"rendered":"<p>Settore nautico En el sector n\u00e1utico, las operaciones de manipulaci\u00f3n requieren soluciones capaces de garantizar una alta resistencia a la corrosi\u00f3n, fiabilidad a largo plazo y prestaciones constantes, incluso en entornos marinos especialmente exigentes. Las Ruedas y Rodillos AVO se utilizan en la fabricaci\u00f3n de carros para astilleros, la manipulaci\u00f3n de embarcaciones, equipos de a [&hellip;]<\/p>\n","protected":false},"author":2,"featured_media":0,"parent":48556,"menu_order":0,"comment_status":"closed","ping_status":"closed","template":"","meta":{"_acf_changed":false,"footnotes":""},"class_list":["post-156380","page","type-page","status-publish","hentry"],"acf":[],"_links":{"self":[{"href":"https:\/\/www.avo.it\/es\/wp-json\/wp\/v2\/pages\/156380","targetHints":{"allow":["GET"]}}],"collection":[{"href":"https:\/\/www.avo.it\/es\/wp-json\/wp\/v2\/pages"}],"about":[{"href":"https:\/\/www.avo.it\/es\/wp-json\/wp\/v2\/types\/page"}],"author":[{"embeddable":true,"href":"https:\/\/www.avo.it\/es\/wp-json\/wp\/v2\/users\/2"}],"replies":[{"embeddable":true,"href":"https:\/\/www.avo.it\/es\/wp-json\/wp\/v2\/comments?post=156380"}],"version-history":[{"count":1,"href":"https:\/\/www.avo.it\/es\/wp-json\/wp\/v2\/pages\/156380\/revisions"}],"predecessor-version":[{"id":156381,"href":"https:\/\/www.avo.it\/es\/wp-json\/wp\/v2\/pages\/156380\/revisions\/156381"}],"up":[{"embeddable":true,"href":"https:\/\/www.avo.it\/es\/wp-json\/wp\/v2\/pages\/48556"}],"wp:attachment":[{"href":"https:\/\/www.avo.it\/es\/wp-json\/wp\/v2\/media?parent=156380"}],"curies":[{"name":"wp","href":"https:\/\/api.w.org\/{rel}","templated":true}]}}