{"id":48498,"date":"2025-01-20T13:52:41","date_gmt":"2025-01-20T13:52:41","guid":{"rendered":"https:\/\/avo.dkrweb.it\/quienes-somos\/"},"modified":"2025-12-23T09:45:41","modified_gmt":"2025-12-23T09:45:41","slug":"quienes-somos","status":"publish","type":"page","link":"https:\/\/www.avo.it\/es\/quienes-somos\/","title":{"rendered":"Qui\u00e9nes somos"},"content":{"rendered":"\t\t<div data-elementor-type=\"wp-page\" data-elementor-id=\"48498\" class=\"elementor elementor-48498 elementor-52\" data-elementor-post-type=\"page\">\n\t\t\t\t<div class=\"elementor-element elementor-element-1dba53e e-con-full e-flex e-con e-parent\" data-id=\"1dba53e\" data-element_type=\"container\" data-e-type=\"container\">\n\t\t<div class=\"elementor-element elementor-element-761e36a e-con-full e-flex e-con e-child\" data-id=\"761e36a\" data-element_type=\"container\" data-e-type=\"container\" data-settings=\"{&quot;background_background&quot;:&quot;classic&quot;}\">\n\t\t<div class=\"elementor-element elementor-element-4d7772c e-con-full e-flex e-con e-child\" data-id=\"4d7772c\" data-element_type=\"container\" data-e-type=\"container\" data-settings=\"{&quot;background_background&quot;:&quot;classic&quot;}\">\n\t\t\t\t<div class=\"elementor-element elementor-element-c6e733f elementor-widget elementor-widget-heading\" data-id=\"c6e733f\" data-element_type=\"widget\" data-e-type=\"widget\" data-widget_type=\"heading.default\">\n\t\t\t\t\t<h1 class=\"elementor-heading-title elementor-size-default\">M\u00e1s de 80 a\u00f1os <span style=\"color: #B3E5FC\">de pasi\u00f3n<\/span><\/h1>\t\t\t\t<\/div>\n\t\t\t\t<\/div>\n\t\t\t\t<\/div>\n\t\t\t\t<\/div>\n\t\t<div class=\"elementor-element elementor-element-787c04c e-con-full e-flex e-con e-parent\" data-id=\"787c04c\" data-element_type=\"container\" data-e-type=\"container\">\n\t\t<div class=\"elementor-element elementor-element-58daa06 e-con-full e-flex e-con e-child\" data-id=\"58daa06\" data-element_type=\"container\" data-e-type=\"container\">\n\t\t\t\t<div class=\"elementor-element elementor-element-1534189 elementor-widget elementor-widget-heading\" data-id=\"1534189\" data-element_type=\"widget\" data-e-type=\"widget\" data-widget_type=\"heading.default\">\n\t\t\t\t\t<h2 class=\"elementor-heading-title elementor-size-default\">Qui\u00e9nes somos<\/h2>\t\t\t\t<\/div>\n\t\t\t\t<\/div>\n\t\t<div class=\"elementor-element elementor-element-a887e4e e-con-full e-flex e-con e-child\" data-id=\"a887e4e\" data-element_type=\"container\" data-e-type=\"container\">\n\t\t<div class=\"elementor-element elementor-element-b55df03 e-con-full e-flex e-con e-child\" data-id=\"b55df03\" data-element_type=\"container\" data-e-type=\"container\">\n\t\t\t\t<div class=\"elementor-element elementor-element-ec60ac9 elementor-widget elementor-widget-text-editor\" data-id=\"ec60ac9\" data-element_type=\"widget\" data-e-type=\"widget\" data-widget_type=\"text-editor.default\">\n\t\t\t\t\t\t\t\t\t<p>AVO Aldo Valsecchi representa una de las marcas hist\u00f3ricas dentro del sector de fabricaci\u00f3n de ruedas y soportes. Fundada en 1943 en Omegna, la empresa siempre ha apostado por la calidad de sus productos, la tecnolog\u00eda m\u00e1s avanzada \u2014tanto en t\u00e9cnicas de construcci\u00f3n como en materiales\u2014 y una gran atenci\u00f3n a las necesidades del cliente.<\/p>\n<p>El verdadero factor de \u00e9xito, sin embargo, es la pasi\u00f3n con la que los miembros de la familia Valsecchi gestionan la empresa: una combinaci\u00f3n de tradici\u00f3n e innovaci\u00f3n que ha llevado a AVO Aldo Valsecchi a convertirse en un referente en Europa.<\/p>\n<p>La empresa ha sabido interpretar los cambios en los estilos de vida y en los h\u00e1bitos cotidianos. \u00bfUn ejemplo? A finales de los a\u00f1os 50, se produjo un auge en la venta de televisores y, con ellos, de muebles para TV: pues bien, debajo de cada uno de esos muebles hab\u00eda ruedas fabricadas por AVO Aldo Valsecchi.<\/p>\n<p>Precisamente los a\u00f1os 50 representaron para Italia un punto de inflexi\u00f3n y renacimiento: el pa\u00eds entero volv\u00eda a vivir, divertirse y producir.<\/p>\n\t\t\t\t\t\t\t\t<\/div>\n\t\t\t\t<\/div>\n\t\t<div class=\"elementor-element elementor-element-543fb7e e-con-full e-flex e-con e-child\" data-id=\"543fb7e\" data-element_type=\"container\" data-e-type=\"container\" data-settings=\"{&quot;background_background&quot;:&quot;classic&quot;}\">\n\t\t\t\t<\/div>\n\t\t\t\t<\/div>\n\t\t\t\t<\/div>\n\t\t<div class=\"elementor-element elementor-element-8e460a3 e-con-full e-flex e-con e-parent\" data-id=\"8e460a3\" data-element_type=\"container\" data-e-type=\"container\" data-settings=\"{&quot;background_background&quot;:&quot;classic&quot;}\">\n\t\t<div class=\"elementor-element elementor-element-c97a63b e-con-full e-flex e-con e-child\" data-id=\"c97a63b\" data-element_type=\"container\" data-e-type=\"container\">\n\t\t<div class=\"elementor-element elementor-element-0ca0fef e-con-full e-flex e-con e-child\" data-id=\"0ca0fef\" data-element_type=\"container\" data-e-type=\"container\">\n\t\t<div class=\"elementor-element elementor-element-261dd7c e-con-full e-flex e-con e-child\" data-id=\"261dd7c\" data-element_type=\"container\" data-e-type=\"container\">\n\t\t\t\t<div class=\"elementor-element elementor-element-c26783b elementor-position-inline-start elementor-view-default elementor-mobile-position-block-start elementor-widget elementor-widget-icon-box\" data-id=\"c26783b\" data-element_type=\"widget\" data-e-type=\"widget\" data-widget_type=\"icon-box.default\">\n\t\t\t\t\t\t\t<div class=\"elementor-icon-box-wrapper\">\n\n\t\t\t\t\t\t<div class=\"elementor-icon-box-icon\">\n\t\t\t\t<span  class=\"elementor-icon\">\n\t\t\t\t<svg xmlns=\"http:\/\/www.w3.org\/2000\/svg\" width=\"512\" height=\"512\" viewBox=\"0 0 24 24\"><path d=\"M15.5,6c-1.378,0-2.5,1.122-2.5,2.5s1.122,2.5,2.5,2.5,2.5-1.122,2.5-2.5-1.122-2.5-2.5-2.5Zm0,4c-.827,0-1.5-.673-1.5-1.5s.673-1.5,1.5-1.5,1.5,.673,1.5,1.5-.673,1.5-1.5,1.5ZM24,2.544c0-1.403-1.142-2.544-2.559-2.544-5.16,.147-9.295,2.269-12.889,6.645-1.62,.019-3.237,.412-4.686,1.139-1.722,.865-3.09,2.169-3.661,3.488-.359,.83-.264,1.828,.247,2.605,.469,.713,1.2,1.122,2.006,1.122h2.541c1.326,0,2.335,.337,2.999,1.001,.683,.683,1.001,1.604,1.001,2.899v2.541c0,.824,.441,1.605,1.18,2.091,.473,.311,1.007,.47,1.535,.47,.347,0,.69-.068,1.012-.208,1.319-.57,2.624-1.938,3.488-3.661,.727-1.448,1.12-3.065,1.139-4.686,4.376-3.593,6.498-7.73,6.645-12.903ZM1.289,13.329c-.328-.5-.391-1.135-.165-1.66,.48-1.11,1.673-2.229,3.191-2.991,1.066-.535,2.233-.87,3.421-.987-.105,.141-.21,.284-.314,.43-1.603,2.235-2.861,4.969-3.262,5.879h-1.701c-.464,0-.89-.245-1.17-.671Zm14.034,6.355c-.763,1.519-1.881,2.711-2.991,3.191-.494,.215-1.107,.144-1.602-.18-.463-.305-.729-.762-.729-1.255v-1.693c.923-.382,3.649-1.571,5.879-3.171,.145-.104,.288-.209,.43-.314-.117,1.188-.452,2.355-.987,3.421Zm-.026-3.919c-1.873,1.343-4.178,2.412-5.3,2.897-.041-1.439-.465-2.543-1.29-3.369-.812-.812-1.972-1.245-3.45-1.29,.516-1.128,1.637-3.428,2.979-5.3C11.893,3.601,16.098,1.153,21.456,1c.852,0,1.544,.693,1.544,1.53-.153,5.372-2.601,9.577-7.704,13.235ZM1.732,18.732c-.604,.603-1.461,2.702-1.701,3.752-.096,.418,.029,.849,.332,1.152,.236,.236,.549,.363,.874,.363,.093,0,.186-.01,.279-.032,1.05-.24,3.148-1.097,3.752-1.701,.473-.472,.732-1.1,.732-1.768s-.26-1.296-.732-1.768c-.943-.944-2.592-.944-3.535,0Zm2.828,2.828c-.391,.391-2.223,1.194-3.268,1.433-.111,.025-.188-.029-.222-.064-.035-.035-.09-.11-.064-.222,.239-1.045,1.042-2.877,1.433-3.268,.283-.283,.66-.439,1.061-.439s.777,.156,1.061,.439,.439,.66,.439,1.061-.156,.777-.439,1.061Z\"><\/path><\/svg>\t\t\t\t<\/span>\n\t\t\t<\/div>\n\t\t\t\n\t\t\t\t\t\t<div class=\"elementor-icon-box-content\">\n\n\t\t\t\t\t\t\t\t\t<h3 class=\"elementor-icon-box-title\">\n\t\t\t\t\t\t<span  >\n\t\t\t\t\t\t\tAVO Aldo Valsecchi acelera hacia el futuro\t\t\t\t\t\t<\/span>\n\t\t\t\t\t<\/h3>\n\t\t\t\t\n\t\t\t\t\n\t\t\t<\/div>\n\t\t\t\n\t\t<\/div>\n\t\t\t\t\t\t<\/div>\n\t\t\t\t<\/div>\n\t\t<div class=\"elementor-element elementor-element-cb89718 e-con-full e-flex e-con e-child\" data-id=\"cb89718\" data-element_type=\"container\" data-e-type=\"container\">\n\t\t\t\t<div class=\"elementor-element elementor-element-9785169 elementor-widget elementor-widget-text-editor\" data-id=\"9785169\" data-element_type=\"widget\" data-e-type=\"widget\" data-widget_type=\"text-editor.default\">\n\t\t\t\t\t\t\t\t\t<p>Este periodo tambi\u00e9n fue fundamental para AVO Aldo Valsecchi : la diversificaci\u00f3n productiva ya iniciada llev\u00f3 a la empresa a tomar una decisi\u00f3n que result\u00f3 ser ganadora: entrar en el sector que mejor simbolizaba el dinamismo del momento, el de las ruedas.<br \/>En esta etapa, la experiencia de Aldo Valsecchi y el entusiasmo juvenil de su hijo Luciano impulsaron a la empresa por un camino de gran crecimiento durante los a\u00f1os 60 y 70.<\/p>\n\t\t\t\t\t\t\t\t<\/div>\n\t\t\t\t<\/div>\n\t\t\t\t<\/div>\n\t\t\t\t<\/div>\n\t\t\t\t<\/div>\n\t\t<div class=\"elementor-element elementor-element-26b3b69 e-con-full e-flex e-con e-parent\" data-id=\"26b3b69\" data-element_type=\"container\" data-e-type=\"container\">\n\t\t\t\t<div class=\"elementor-element elementor-element-2679d17 elementor-widget elementor-widget-text-editor\" data-id=\"2679d17\" data-element_type=\"widget\" data-e-type=\"widget\" data-widget_type=\"text-editor.default\">\n\t\t\t\t\t\t\t\t\t<p>Al ser uno de los primeros actores en el sector, <strong>AVO Aldo Valsecchi<\/strong> logr\u00f3 imponer su marca, primero en toda Italia y luego en Europa.<br \/>Debido a la creciente demanda, la empresa fue abandonando progresivamente otras l\u00edneas de producci\u00f3n presentes desde su fundaci\u00f3n, especializ\u00e1ndose en la fabricaci\u00f3n de ruedas y soportes.<\/p>\n<p>Inicialmente, el principal canal de distribuci\u00f3n eran las ferreter\u00edas y los mayoristas; hoy en d\u00eda, la situaci\u00f3n es similar, pero gracias a una estrategia comercial y productiva diversificada, el suministro industrial representa una parte importante de la facturaci\u00f3n.<\/p>\n<p>La introducci\u00f3n, a finales de los a\u00f1os 70, de materiales como el poliuretano supuso un gran avance en el rendimiento de los productos AVO, <strong>permitiendo satisfacer las crecientes exigencias de un n\u00famero cada vez mayor de clientes.<\/strong><\/p>\n\t\t\t\t\t\t\t\t<\/div>\n\t\t\t\t<\/div>\n\t\t<div class=\"elementor-element elementor-element-b5691e5 e-con-full e-flex e-con e-parent\" data-id=\"b5691e5\" data-element_type=\"container\" data-e-type=\"container\">\n\t\t<div class=\"elementor-element elementor-element-829c81f e-con-full e-flex e-con e-child\" data-id=\"829c81f\" data-element_type=\"container\" data-e-type=\"container\">\n\t\t<div class=\"elementor-element elementor-element-4fde8e2 e-con-full e-flex e-con e-child\" data-id=\"4fde8e2\" data-element_type=\"container\" data-e-type=\"container\" data-settings=\"{&quot;background_background&quot;:&quot;classic&quot;}\">\n\t\t\t\t<\/div>\n\t\t<div class=\"elementor-element elementor-element-a97f2a6 e-con-full e-flex e-con e-child\" data-id=\"a97f2a6\" data-element_type=\"container\" data-e-type=\"container\">\n\t\t\t\t<div class=\"elementor-element elementor-element-f6d2e9b elementor-widget elementor-widget-text-editor\" data-id=\"f6d2e9b\" data-element_type=\"widget\" data-e-type=\"widget\" data-widget_type=\"text-editor.default\">\n\t\t\t\t\t\t\t\t\t<p>La incorporaci\u00f3n a la empresa de los dos hijos de Luciano Valsecchi, Andrea y Marzia, marc\u00f3 otro momento clave para <strong>AVO Aldo Valsecchi<\/strong>: una nueva generaci\u00f3n se hac\u00eda cargo del relevo, aportando un nuevo impulso a las decisiones estrat\u00e9gicas. Hoy hemos llegado a la cuarta generaci\u00f3n con la uni\u00f3n de Giulia y Leonardo. El uso de materiales cada vez m\u00e1s sofisticados y eficientes, junto con la diversificaci\u00f3n ya iniciada en la producci\u00f3n de ruedas para uso industrial, permiti\u00f3 a la empresa conquistar posiciones relevantes en el mercado, a pesar de una competencia cada vez m\u00e1s intensa.<\/p>\n<p>AVO Aldo Valsecchi es hoy una empresa que, gracias a un formidable c\u00f3ctel de experiencia, s\u00f3lidas ra\u00edces familiares, pasi\u00f3n y know-how tecnol\u00f3gico, ya est\u00e1 proyectada hacia el futuro: la nueva y prestigiosa sede en Gravellona Toce, dise\u00f1ada para optimizar los procesos log\u00edsticos, representa esta tendencia hacia nuevos objetivos.<\/p>\n\t\t\t\t\t\t\t\t<\/div>\n\t\t\t\t<\/div>\n\t\t\t\t<\/div>\n\t\t\t\t<\/div>\n\t\t<div class=\"elementor-element elementor-element-230b258 e-con-full e-flex e-con e-parent\" data-id=\"230b258\" data-element_type=\"container\" data-e-type=\"container\" data-settings=\"{&quot;background_background&quot;:&quot;classic&quot;}\">\n\t\t\t\t<div class=\"elementor-element elementor-element-1b959ec elementor-position-inline-start elementor-view-default elementor-mobile-position-block-start elementor-widget elementor-widget-icon-box\" data-id=\"1b959ec\" data-element_type=\"widget\" data-e-type=\"widget\" data-widget_type=\"icon-box.default\">\n\t\t\t\t\t\t\t<div class=\"elementor-icon-box-wrapper\">\n\n\t\t\t\t\t\t<div class=\"elementor-icon-box-icon\">\n\t\t\t\t<span  class=\"elementor-icon\">\n\t\t\t\t<svg xmlns=\"http:\/\/www.w3.org\/2000\/svg\" viewBox=\"0 0 24 24\" width=\"512\" height=\"512\"><path d=\"m24,12C24,5.5,18.897,0,12,0,5.383,0,0,5.383,0,12s5.383,12,12,12c7.179,0,12-5.667,12-12Zm-1.031.833l-3.183-1.287c-.069-.035-.12-.097-.139-.173l-.627-2.506c-.028-.113.024-.237.14-.304l2.606-1.623c.789,1.516,1.235,3.237,1.235,5.06,0,.28-.011.558-.031.833ZM12,1c.095,0,.191.001.285.004-.643.862-1.64,2.204-1.825,2.49-.393.608-.405,1.374-.032,1.997l.733,1.222-.699-.35c-.696-.349-1.53-.212-2.075.337l-.529.529c-.34.339-.526.791-.526,1.271,0,.171.023.339.07.5h-1.8c-.109,0-.216-.045-.294-.128l-2.625-2.712C4.63,3.063,8.079,1,12,1Zm0,22c-6.065,0-11-4.935-11-11,0-1.772.422-3.447,1.169-4.932l2.416,2.495c.264.277.634.437,1.017.437h1.948c.29,0,.563.113.769.318l.372.373c.197.197.31.469.31.746v.963c0,.389.151.753.425,1.025l1.189,1.19c.249.249.386.58.386.931v2.365c0,.601.489,1.09,1.09,1.09h.213c.424,0,.812-.249.989-.633l2.241-4.855c.267-.577.062-1.265-.478-1.601l-2.562-1.603c-.323-.201-.695-.308-1.076-.308h-1.431c-.31,0-.612-.125-.83-.344l-.592-.592c-.15-.15-.233-.351-.233-.564s.083-.414.233-.564l.53-.53c.242-.243.613-.303.92-.148l.879.439c.364.184.804.112,1.085-.176.307-.307.366-.779.145-1.149l-.838-1.396c-.176-.294-.17-.654.015-.94.191-.295,1.497-2.047,2.164-2.939,3.271.437,6.092,2.316,7.8,4.976l-2.619,1.631c-.486.28-.731.857-.596,1.403l.627,2.505c.089.36.331.662.699.843l3.467,1.403c-.886,5.183-5.41,9.14-10.842,9.14Zm-.679-9.093l-1.19-1.191c-.084-.084-.131-.196-.131-.317v-.963c0-.147-.017-.294-.048-.437.012,0,.022,0,.034,0h1.431c.193,0,.383.054.548.156l2.562,1.603c.112.07.154.213.099.333l-2.322,4.908h-.213c-.049,0-.09-.041-.09-.09v-2.365c0-.618-.241-1.2-.679-1.638Z\"><\/path><\/svg>\t\t\t\t<\/span>\n\t\t\t<\/div>\n\t\t\t\n\t\t\t\t\t\t<div class=\"elementor-icon-box-content\">\n\n\t\t\t\t\t\t\t\t\t<h4 class=\"elementor-icon-box-title\">\n\t\t\t\t\t\t<span  >\n\t\t\t\t\t\t\tAVO Aldo Valsecchi\t\t\t\t\t\t<\/span>\n\t\t\t\t\t<\/h4>\n\t\t\t\t\n\t\t\t\t\t\t\t\t\t<p class=\"elementor-icon-box-description\">\n\t\t\t\t\t\tMove Your World!\t\t\t\t\t<\/p>\n\t\t\t\t\n\t\t\t<\/div>\n\t\t\t\n\t\t<\/div>\n\t\t\t\t\t\t<\/div>\n\t\t\t\t<\/div>\n\t\t\t\t<\/div>\n\t\t","protected":false},"excerpt":{"rendered":"<p>M\u00e1s de 80 a\u00f1os de pasi\u00f3n Qui\u00e9nes somos AVO Aldo Valsecchi representa una de las marcas hist\u00f3ricas dentro del sector de fabricaci\u00f3n de ruedas y soportes. Fundada en 1943 en Omegna, la empresa siempre ha apostado por la calidad de sus productos, la tecnolog\u00eda m\u00e1s avanzada \u2014tanto en t\u00e9cnicas de construcci\u00f3n como en materiales\u2014 y [&hellip;]<\/p>\n","protected":false},"author":1,"featured_media":0,"parent":0,"menu_order":0,"comment_status":"closed","ping_status":"closed","template":"","meta":{"_acf_changed":false,"footnotes":""},"class_list":["post-48498","page","type-page","status-publish","hentry"],"acf":[],"_links":{"self":[{"href":"https:\/\/www.avo.it\/es\/wp-json\/wp\/v2\/pages\/48498","targetHints":{"allow":["GET"]}}],"collection":[{"href":"https:\/\/www.avo.it\/es\/wp-json\/wp\/v2\/pages"}],"about":[{"href":"https:\/\/www.avo.it\/es\/wp-json\/wp\/v2\/types\/page"}],"author":[{"embeddable":true,"href":"https:\/\/www.avo.it\/es\/wp-json\/wp\/v2\/users\/1"}],"replies":[{"embeddable":true,"href":"https:\/\/www.avo.it\/es\/wp-json\/wp\/v2\/comments?post=48498"}],"version-history":[{"count":4,"href":"https:\/\/www.avo.it\/es\/wp-json\/wp\/v2\/pages\/48498\/revisions"}],"predecessor-version":[{"id":156395,"href":"https:\/\/www.avo.it\/es\/wp-json\/wp\/v2\/pages\/48498\/revisions\/156395"}],"wp:attachment":[{"href":"https:\/\/www.avo.it\/es\/wp-json\/wp\/v2\/media?parent=48498"}],"curies":[{"name":"wp","href":"https:\/\/api.w.org\/{rel}","templated":true}]}}