{"id":48503,"date":"2025-02-17T09:33:41","date_gmt":"2025-02-17T09:33:41","guid":{"rendered":"https:\/\/avo.dkrweb.it\/diseno\/"},"modified":"2025-07-30T10:29:58","modified_gmt":"2025-07-30T10:29:58","slug":"diseno","status":"publish","type":"page","link":"https:\/\/www.avo.it\/es\/diseno\/","title":{"rendered":"Dise\u00f1o"},"content":{"rendered":"\t\t<div data-elementor-type=\"wp-page\" data-elementor-id=\"48503\" class=\"elementor elementor-48503 elementor-13992\" data-elementor-post-type=\"page\">\n\t\t\t\t<div class=\"elementor-element elementor-element-8137d82 e-con-full e-flex e-con e-parent\" data-id=\"8137d82\" data-element_type=\"container\" data-e-type=\"container\">\n\t\t<div class=\"elementor-element elementor-element-d45507d e-con-full e-flex e-con e-child\" data-id=\"d45507d\" data-element_type=\"container\" data-e-type=\"container\" data-settings=\"{&quot;background_background&quot;:&quot;classic&quot;}\">\n\t\t<div class=\"elementor-element elementor-element-3c545ed e-con-full e-flex e-con e-child\" data-id=\"3c545ed\" data-element_type=\"container\" data-e-type=\"container\" data-settings=\"{&quot;background_background&quot;:&quot;classic&quot;}\">\n\t\t\t\t<div class=\"elementor-element elementor-element-74cd373 elementor-widget elementor-widget-heading\" data-id=\"74cd373\" data-element_type=\"widget\" data-e-type=\"widget\" data-widget_type=\"heading.default\">\n\t\t\t\t\t<h1 class=\"elementor-heading-title elementor-size-default\">Dise\u00f1o<\/h1>\t\t\t\t<\/div>\n\t\t\t\t<\/div>\n\t\t\t\t<\/div>\n\t\t\t\t<\/div>\n\t\t<div class=\"elementor-element elementor-element-2e17df6 e-con-full e-flex e-con e-parent\" data-id=\"2e17df6\" data-element_type=\"container\" data-e-type=\"container\">\n\t\t<div class=\"elementor-element elementor-element-cc7d1be e-con-full e-flex e-con e-child\" data-id=\"cc7d1be\" data-element_type=\"container\" data-e-type=\"container\">\n\t\t\t\t<div class=\"elementor-element elementor-element-49591b7 elementor-widget elementor-widget-heading\" data-id=\"49591b7\" data-element_type=\"widget\" data-e-type=\"widget\" data-widget_type=\"heading.default\">\n\t\t\t\t\t<h2 class=\"elementor-heading-title elementor-size-default\">Elige AVO Aldo Valsecchi  para tu pr\u00f3ximo desaf\u00edo de dise\u00f1o.<\/h2>\t\t\t\t<\/div>\n\t\t\t\t<\/div>\n\t\t<div class=\"elementor-element elementor-element-74e7cb7 e-con-full e-flex e-con e-child\" data-id=\"74e7cb7\" data-element_type=\"container\" data-e-type=\"container\">\n\t\t<div class=\"elementor-element elementor-element-90edbd9 e-con-full e-flex e-con e-child\" data-id=\"90edbd9\" data-element_type=\"container\" data-e-type=\"container\">\n\t\t\t\t<div class=\"elementor-element elementor-element-378c25a elementor-widget elementor-widget-text-editor\" data-id=\"378c25a\" data-element_type=\"widget\" data-e-type=\"widget\" data-widget_type=\"text-editor.default\">\n\t\t\t\t\t\t\t\t\t<p>En AVO Aldo Valsecchi, nuestros valores fundamentales son el cliente, la experiencia, la innovaci\u00f3n, la calidad y el respeto por el medio ambiente.<\/p>\n<p>Somos el socio ideal para nuestros clientes, ofreciendo flexibilidad y una amplia gama de productos dise\u00f1ados para satisfacer sus necesidades. Nuestra diversificaci\u00f3n productiva nos permite fabricar ruedas y soportes aptos para m\u00faltiples aplicaciones. Esta versatilidad nos ha permitido desarrollar competencias de alto nivel en planificaci\u00f3n y dise\u00f1o, estableciendo colaboraciones de prestigio con importantes industrias e instituciones.<\/p>\n<p>Con m\u00e1s de ochenta a\u00f1os de experiencia en el sector, hemos acumulado un know-how s\u00f3lido y de alt\u00edsimo nivel. Invertimos constantemente en la innovaci\u00f3n del dise\u00f1o utilizando tecnolog\u00eda CAD tridimensional de \u00faltima generaci\u00f3n. Nuestras ideas se transforman en proyectos, y los proyectos en productos de alta calidad.<\/p>\n<p>La calidad es el hilo conductor de todos nuestros desarrollos, implicando a todas las funciones desde las fases iniciales de cada nuevo proyecto. Estamos comprometidos con los m\u00e1s altos est\u00e1ndares de calidad en cada etapa del proceso.<\/p>\n<p>En nuestro compromiso con la sostenibilidad, todos nuestros proyectos est\u00e1n orientados a minimizar el impacto ambiental, tanto directo como indirecto. Nos importa el medio ambiente y trabajamos constantemente para reducir nuestra huella ecol\u00f3gica.<\/p>\n\t\t\t\t\t\t\t\t<\/div>\n\t\t\t\t<div class=\"elementor-element elementor-element-507830f elementor-position-inline-end elementor-mobile-position-inline-end elementor-view-default elementor-widget elementor-widget-icon-box\" data-id=\"507830f\" data-element_type=\"widget\" data-e-type=\"widget\" data-widget_type=\"icon-box.default\">\n\t\t\t\t\t\t\t<div class=\"elementor-icon-box-wrapper\">\n\n\t\t\t\t\t\t<div class=\"elementor-icon-box-icon\">\n\t\t\t\t<a href=\"https:\/\/www.avo.it\/es\/contacto\/?infoart=Progettazione\" title=\"Richiedi informazioni\" class=\"elementor-icon\" tabindex=\"-1\" aria-label=\"Solicitar informaci\u00f2n\">\n\t\t\t\t<svg xmlns=\"http:\/\/www.w3.org\/2000\/svg\" id=\"Livello_1\" data-name=\"Livello 1\" viewBox=\"0 0 36.78 36.78\"><defs><style>      .cls-1 {        fill: #b3e5fc;      }      .cls-2 {        fill: #21355a;      }    <\/style><\/defs><circle class=\"cls-1\" cx=\"18.39\" cy=\"18.39\" r=\"18.39\"><\/circle><path class=\"cls-2\" d=\"M13.65,26.72l7.81-7.81c.28-.28.28-.77,0-1.04l-7.81-7.81,1.04-1.04,7.81,7.81c.84.84.84,2.3,0,3.13l-7.81,7.81-1.04-1.04Z\"><\/path><\/svg>\t\t\t\t<\/a>\n\t\t\t<\/div>\n\t\t\t\n\t\t\t\t\t\t<div class=\"elementor-icon-box-content\">\n\n\t\t\t\t\t\t\t\t\t<span class=\"elementor-icon-box-title\">\n\t\t\t\t\t\t<a href=\"https:\/\/www.avo.it\/es\/contacto\/?infoart=Progettazione\" title=\"Richiedi informazioni\" >\n\t\t\t\t\t\t\tSolicitar informaci\u00f2n\t\t\t\t\t\t<\/a>\n\t\t\t\t\t<\/span>\n\t\t\t\t\n\t\t\t\t\n\t\t\t<\/div>\n\t\t\t\n\t\t<\/div>\n\t\t\t\t\t\t<\/div>\n\t\t\t\t<\/div>\n\t\t<div class=\"elementor-element elementor-element-68c7159 e-con-full e-flex e-con e-child\" data-id=\"68c7159\" data-element_type=\"container\" data-e-type=\"container\" data-settings=\"{&quot;background_background&quot;:&quot;classic&quot;}\">\n\t\t\t\t<div class=\"elementor-element elementor-element-63cd73e elementor-widget elementor-widget-image\" data-id=\"63cd73e\" data-element_type=\"widget\" data-e-type=\"widget\" data-widget_type=\"image.default\">\n\t\t\t\t\t\t\t\t\t\t\t\t\t\t\t<img fetchpriority=\"high\" decoding=\"async\" width=\"1500\" height=\"1663\" src=\"https:\/\/www.avo.it\/wp-content\/uploads\/2025\/04\/AVO-foto-ruota-verde-progettazione.jpg\" class=\"attachment-full size-full wp-image-28587\" alt=\"\" srcset=\"https:\/\/www.avo.it\/wp-content\/uploads\/2025\/04\/AVO-foto-ruota-verde-progettazione.jpg 1500w, https:\/\/www.avo.it\/wp-content\/uploads\/2025\/04\/AVO-foto-ruota-verde-progettazione-271x300.jpg 271w, https:\/\/www.avo.it\/wp-content\/uploads\/2025\/04\/AVO-foto-ruota-verde-progettazione-924x1024.jpg 924w, https:\/\/www.avo.it\/wp-content\/uploads\/2025\/04\/AVO-foto-ruota-verde-progettazione-768x851.jpg 768w, https:\/\/www.avo.it\/wp-content\/uploads\/2025\/04\/AVO-foto-ruota-verde-progettazione-1385x1536.jpg 1385w\" sizes=\"(max-width: 1500px) 100vw, 1500px\" \/>\t\t\t\t\t\t\t\t\t\t\t\t\t\t\t<\/div>\n\t\t\t\t<\/div>\n\t\t\t\t<\/div>\n\t\t\t\t<\/div>\n\t\t<div class=\"elementor-element elementor-element-deec5b9 e-con-full e-flex e-con e-parent\" data-id=\"deec5b9\" data-element_type=\"container\" data-e-type=\"container\" data-settings=\"{&quot;background_background&quot;:&quot;classic&quot;}\">\n\t\t\t\t<div class=\"elementor-element elementor-element-7b8ed7f elementor-position-inline-start elementor-view-default elementor-mobile-position-block-start elementor-widget elementor-widget-icon-box\" data-id=\"7b8ed7f\" data-element_type=\"widget\" data-e-type=\"widget\" data-widget_type=\"icon-box.default\">\n\t\t\t\t\t\t\t<div class=\"elementor-icon-box-wrapper\">\n\n\t\t\t\t\t\t<div class=\"elementor-icon-box-icon\">\n\t\t\t\t<span  class=\"elementor-icon\">\n\t\t\t\t<svg xmlns=\"http:\/\/www.w3.org\/2000\/svg\" viewBox=\"0 0 24 24\"><path d=\"m17.987,2.28C16.075.575,13.51-.234,10.937.062c-3.992.458-7.293,3.674-7.847,7.647-.413,2.964.595,5.827,2.765,7.853,1.363,1.273,2.146,3.029,2.146,4.816v3.622h8v-3.853c0-1.686.752-3.309,2.118-4.571,1.831-1.694,2.882-4.091,2.882-6.576,0-2.563-1.098-5.012-3.013-6.72Zm-2.987,17.867v2.853h-6v-2.622c0-.464-.052-.924-.14-1.378h6.249c-.066.378-.109.76-.109,1.147Zm2.439-5.305c-.987.912-1.695,1.993-2.086,3.158h-6.759c-.407-1.185-1.107-2.281-2.058-3.169-1.928-1.801-2.823-4.347-2.456-6.984.492-3.528,3.424-6.385,6.97-6.792,2.32-.267,4.547.434,6.272,1.972,1.701,1.518,2.678,3.695,2.678,5.973,0,2.24-.909,4.315-2.561,5.842Zm-.939-5.842c0-.274-.03-.551-.094-.85l1.526-.897-1.521-2.586-1.516.892c-.408-.34-.882-.606-1.396-.786v-1.771h-3v1.771c-.515.18-.988.446-1.396.786l-1.516-.892-1.521,2.586,1.526.897c-.063.299-.094.576-.094.85s.03.551.094.85l-1.526.897,1.521,2.586,1.516-.892c.408.34.882.606,1.396.786v1.771h3v-1.771c.515-.18.988-.446,1.396-.786l1.516.892,1.521-2.586-1.526-.897c.063-.299.094-.576.094-.85Zm.063,2.103l-.507.862-1.351-.77c-.542.667-1.315,1.126-2.206,1.255v1.55h-1v-1.55c-.887-.128-1.659-.585-2.2-1.248l-1.356.763-.507-.862,1.335-.751c-.174-.416-.272-.872-.272-1.352,0-.472.096-.922.266-1.333l-1.329-.77.507-.862,1.344.779c.542-.671,1.319-1.134,2.213-1.263v-1.55h1v1.55c.887.128,1.659.585,2.2,1.248l1.356-.763.507.862-1.335.751c.174.416.272.872.272,1.352,0,.476-.097.93-.269,1.344l1.333.759Zm-4.563-4.103c-1.103,0-2,.897-2,2s.897,2,2,2,2-.897,2-2-.897-2-2-2Zm0,3c-.552,0-1-.449-1-1s.448-1,1-1,1,.449,1,1-.448,1-1,1Z\"><\/path><\/svg>\t\t\t\t<\/span>\n\t\t\t<\/div>\n\t\t\t\n\t\t\t\t\t\t<div class=\"elementor-icon-box-content\">\n\n\t\t\t\t\t\t\t\t\t<h3 class=\"elementor-icon-box-title\">\n\t\t\t\t\t\t<span  >\n\t\t\t\t\t\t\tEstamos aqu\u00ed para ofrecerte soluciones innovadoras, de alta calidad y respetuosas con el medio ambiente\t\t\t\t\t\t<\/span>\n\t\t\t\t\t<\/h3>\n\t\t\t\t\n\t\t\t\t\n\t\t\t<\/div>\n\t\t\t\n\t\t<\/div>\n\t\t\t\t\t\t<\/div>\n\t\t\t\t<\/div>\n\t\t\t\t<\/div>\n\t\t","protected":false},"excerpt":{"rendered":"<p>Dise\u00f1o Elige AVO Aldo Valsecchi para tu pr\u00f3ximo desaf\u00edo de dise\u00f1o. En AVO Aldo Valsecchi, nuestros valores fundamentales son el cliente, la experiencia, la innovaci\u00f3n, la calidad y el respeto por el medio ambiente. Somos el socio ideal para nuestros clientes, ofreciendo flexibilidad y una amplia gama de productos dise\u00f1ados para satisfacer sus necesidades. Nuestra [&hellip;]<\/p>\n","protected":false},"author":2,"featured_media":0,"parent":0,"menu_order":0,"comment_status":"closed","ping_status":"closed","template":"","meta":{"_acf_changed":false,"footnotes":""},"class_list":["post-48503","page","type-page","status-publish","hentry"],"acf":[],"_links":{"self":[{"href":"https:\/\/www.avo.it\/es\/wp-json\/wp\/v2\/pages\/48503","targetHints":{"allow":["GET"]}}],"collection":[{"href":"https:\/\/www.avo.it\/es\/wp-json\/wp\/v2\/pages"}],"about":[{"href":"https:\/\/www.avo.it\/es\/wp-json\/wp\/v2\/types\/page"}],"author":[{"embeddable":true,"href":"https:\/\/www.avo.it\/es\/wp-json\/wp\/v2\/users\/2"}],"replies":[{"embeddable":true,"href":"https:\/\/www.avo.it\/es\/wp-json\/wp\/v2\/comments?post=48503"}],"version-history":[{"count":5,"href":"https:\/\/www.avo.it\/es\/wp-json\/wp\/v2\/pages\/48503\/revisions"}],"predecessor-version":[{"id":146833,"href":"https:\/\/www.avo.it\/es\/wp-json\/wp\/v2\/pages\/48503\/revisions\/146833"}],"wp:attachment":[{"href":"https:\/\/www.avo.it\/es\/wp-json\/wp\/v2\/media?parent=48503"}],"curies":[{"name":"wp","href":"https:\/\/api.w.org\/{rel}","templated":true}]}}