{"id":48505,"date":"2025-02-17T11:29:38","date_gmt":"2025-02-17T11:29:38","guid":{"rendered":"https:\/\/avo.dkrweb.it\/proceso-de-produccion\/"},"modified":"2025-06-27T12:35:44","modified_gmt":"2025-06-27T12:35:44","slug":"proceso-de-produccion","status":"publish","type":"page","link":"https:\/\/www.avo.it\/es\/proceso-de-produccion\/","title":{"rendered":"Proceso de producci\u00f3n"},"content":{"rendered":"\t\t<div data-elementor-type=\"wp-page\" data-elementor-id=\"48505\" class=\"elementor elementor-48505 elementor-14016\" data-elementor-post-type=\"page\">\n\t\t\t\t<div class=\"elementor-element elementor-element-7c0ea3b e-con-full e-flex e-con e-parent\" data-id=\"7c0ea3b\" data-element_type=\"container\" data-e-type=\"container\">\n\t\t<div class=\"elementor-element elementor-element-bdfb208 e-con-full e-flex e-con e-child\" data-id=\"bdfb208\" data-element_type=\"container\" data-e-type=\"container\" data-settings=\"{&quot;background_background&quot;:&quot;classic&quot;}\">\n\t\t<div class=\"elementor-element elementor-element-d1878e2 e-con-full e-flex e-con e-child\" data-id=\"d1878e2\" data-element_type=\"container\" data-e-type=\"container\" data-settings=\"{&quot;background_background&quot;:&quot;classic&quot;}\">\n\t\t\t\t<div class=\"elementor-element elementor-element-7ee25a2 elementor-widget elementor-widget-heading\" data-id=\"7ee25a2\" data-element_type=\"widget\" data-e-type=\"widget\" data-widget_type=\"heading.default\">\n\t\t\t\t\t<h1 class=\"elementor-heading-title elementor-size-default\">Proceso <span style=\"color: #B3E5FC\">de producci\u00f3n<\/span><\/h1>\t\t\t\t<\/div>\n\t\t\t\t<\/div>\n\t\t\t\t<\/div>\n\t\t\t\t<\/div>\n\t\t<div class=\"elementor-element elementor-element-7447df7 e-con-full e-flex e-con e-parent\" data-id=\"7447df7\" data-element_type=\"container\" data-e-type=\"container\">\n\t\t<div class=\"elementor-element elementor-element-80c33ae e-con-full e-flex e-con e-child\" data-id=\"80c33ae\" data-element_type=\"container\" data-e-type=\"container\">\n\t\t\t\t<div class=\"elementor-element elementor-element-df38c45 elementor-widget elementor-widget-heading\" data-id=\"df38c45\" data-element_type=\"widget\" data-e-type=\"widget\" data-widget_type=\"heading.default\">\n\t\t\t\t\t<h2 class=\"elementor-heading-title elementor-size-default\">Calidad, control y producci\u00f3n integrada<\/h2>\t\t\t\t<\/div>\n\t\t\t\t<\/div>\n\t\t<div class=\"elementor-element elementor-element-23e954f e-con-full e-flex e-con e-child\" data-id=\"23e954f\" data-element_type=\"container\" data-e-type=\"container\">\n\t\t<div class=\"elementor-element elementor-element-284aa9a e-con-full e-flex e-con e-child\" data-id=\"284aa9a\" data-element_type=\"container\" data-e-type=\"container\">\n\t\t\t\t<div class=\"elementor-element elementor-element-fc2bcde elementor-widget elementor-widget-text-editor\" data-id=\"fc2bcde\" data-element_type=\"widget\" data-e-type=\"widget\" data-widget_type=\"text-editor.default\">\n\t\t\t\t\t\t\t\t\t<p>La integraci\u00f3n de las principales fases de producci\u00f3n dentro de la empresa permite un control continuo y directo sobre los altos est\u00e1ndares de calidad del proceso. Este enfoque garantiza una gesti\u00f3n sin\u00e9rgica de las etapas clave, lo que contribuye a mantener un alto nivel de calidad en cada paso de la producci\u00f3n.<\/p>\n<p>Las tres unidades de producci\u00f3n adyacentes ocupan una superficie total de aproximadamente 17.000 m\u00b2, lo que proporciona el espacio adecuado para una ejecuci\u00f3n eficiente y precisa de las actividades productivas.<\/p>\n<p>Dentro de estas unidades, los distintos departamentos se gestionan como aut\u00e9nticas unidades de producci\u00f3n, cada una responsable de la calidad de entrada y salida, de acuerdo con el Sistema Integrado de Gesti\u00f3n de Calidad y Medio Ambiente (SIGCMA) de la empresa. Este enfoque organizativo no solo promueve un estricto control de calidad, sino tambi\u00e9n una clara asignaci\u00f3n de responsabilidades para garantizar que se cumplan los est\u00e1ndares en todas las fases del proceso.<br \/>La coherencia con el SIGMA resalta el compromiso constante de la empresa con la excelencia operativa y la satisfacci\u00f3n del cliente.<\/p>\n<p>Los procesos de fabricaci\u00f3n de nuestros productos se dividen en varias etapas especializadas e integradas para asegurar un resultado final de alta calidad. A continuaci\u00f3n, se describen brevemente las fases principales:<\/p>\n\t\t\t\t\t\t\t\t<\/div>\n\t\t\t\t<\/div>\n\t\t<div class=\"elementor-element elementor-element-1ae6579 e-con-full e-flex e-con e-child\" data-id=\"1ae6579\" data-element_type=\"container\" data-e-type=\"container\" data-settings=\"{&quot;background_background&quot;:&quot;classic&quot;}\">\n\t\t\t\t<\/div>\n\t\t\t\t<\/div>\n\t\t\t\t<\/div>\n\t\t<div class=\"elementor-element elementor-element-557c125 e-con-full e-flex e-con e-parent\" data-id=\"557c125\" data-element_type=\"container\" data-e-type=\"container\">\n\t\t<div class=\"elementor-element elementor-element-2599ba9 e-con-full e-flex e-con e-child\" data-id=\"2599ba9\" data-element_type=\"container\" data-e-type=\"container\">\n\t\t<div class=\"elementor-element elementor-element-343f919 e-con-full e-flex e-con e-child\" data-id=\"343f919\" data-element_type=\"container\" data-e-type=\"container\" data-settings=\"{&quot;background_background&quot;:&quot;classic&quot;}\">\n\t\t\t\t<\/div>\n\t\t<div class=\"elementor-element elementor-element-2e53485 e-con-full e-flex e-con e-child\" data-id=\"2e53485\" data-element_type=\"container\" data-e-type=\"container\" data-settings=\"{&quot;background_background&quot;:&quot;classic&quot;}\">\n\t\t<div class=\"elementor-element elementor-element-57b12fc e-con-full e-flex e-con e-child\" data-id=\"57b12fc\" data-element_type=\"container\" data-e-type=\"container\">\n\t\t\t\t<div class=\"elementor-element elementor-element-e0a4ea4 elementor-widget elementor-widget-heading\" data-id=\"e0a4ea4\" data-element_type=\"widget\" data-e-type=\"widget\" data-widget_type=\"heading.default\">\n\t\t\t\t\t<h2 class=\"elementor-heading-title elementor-size-default\">Corte por Transferencia<\/h2>\t\t\t\t<\/div>\n\t\t\t\t<div class=\"elementor-element elementor-element-0fd3768 elementor-widget elementor-widget-text-editor\" data-id=\"0fd3768\" data-element_type=\"widget\" data-e-type=\"widget\" data-widget_type=\"text-editor.default\">\n\t\t\t\t\t\t\t\t\t<p>Los productos laminados de hierro y acero inoxidable (coils) se someten en una primera fase a un proceso en fr\u00edo&#8230;<\/p>\n\t\t\t\t\t\t\t\t<\/div>\n\t\t\t\t<\/div>\n\t\t\t\t<div class=\"elementor-element elementor-element-e81d995 elementor-position-inline-end elementor-mobile-position-inline-end elementor-view-default elementor-widget elementor-widget-icon-box\" data-id=\"e81d995\" data-element_type=\"widget\" data-e-type=\"widget\" data-widget_type=\"icon-box.default\">\n\t\t\t\t\t\t\t<div class=\"elementor-icon-box-wrapper\">\n\n\t\t\t\t\t\t<div class=\"elementor-icon-box-icon\">\n\t\t\t\t<a href=\"#elementor-action%3Aaction%3Dpopup%3Aopen%26settings%3DeyJpZCI6NDg1MDcsInRvZ2dsZSI6ZmFsc2V9\" title=\"Approfondisci\" class=\"elementor-icon\" tabindex=\"-1\" aria-label=\"saber m\u00e1s\">\n\t\t\t\t<svg xmlns=\"http:\/\/www.w3.org\/2000\/svg\" id=\"Livello_1\" data-name=\"Livello 1\" viewBox=\"0 0 34.83 34.83\"><defs><style>      .cls-1 {        fill: #b3e5fc;      }    <\/style><\/defs><circle class=\"cls-1\" cx=\"17.42\" cy=\"17.41\" r=\"17.41\"><\/circle><path d=\"M26.27,17.41c0,.49-.4.89-.89.89h-7.09v7.09c0,.49-.4.89-.89.89s-.89-.4-.89-.89v-7.09h-7.09c-.49,0-.89-.4-.89-.89s.4-.89.89-.89h7.09v-7.09c0-.49.4-.89.89-.89s.89.4.89.89v7.09h7.09c.49,0,.89.4.89.89Z\"><\/path><\/svg>\t\t\t\t<\/a>\n\t\t\t<\/div>\n\t\t\t\n\t\t\t\t\t\t<div class=\"elementor-icon-box-content\">\n\n\t\t\t\t\t\t\t\t\t<h3 class=\"elementor-icon-box-title\">\n\t\t\t\t\t\t<a href=\"#elementor-action%3Aaction%3Dpopup%3Aopen%26settings%3DeyJpZCI6NDg1MDcsInRvZ2dsZSI6ZmFsc2V9\" title=\"Approfondisci\" >\n\t\t\t\t\t\t\tsaber m\u00e1s\t\t\t\t\t\t<\/a>\n\t\t\t\t\t<\/h3>\n\t\t\t\t\n\t\t\t\t\n\t\t\t<\/div>\n\t\t\t\n\t\t<\/div>\n\t\t\t\t\t\t<\/div>\n\t\t\t\t<\/div>\n\t\t\t\t<\/div>\n\t\t<div class=\"elementor-element elementor-element-229765b e-con-full e-flex e-con e-child\" data-id=\"229765b\" data-element_type=\"container\" data-e-type=\"container\">\n\t\t<div class=\"elementor-element elementor-element-f149d05 e-con-full e-flex e-con e-child\" data-id=\"f149d05\" data-element_type=\"container\" data-e-type=\"container\" data-settings=\"{&quot;background_background&quot;:&quot;classic&quot;}\">\n\t\t\t\t<\/div>\n\t\t<div class=\"elementor-element elementor-element-203053e e-con-full e-flex e-con e-child\" data-id=\"203053e\" data-element_type=\"container\" data-e-type=\"container\" data-settings=\"{&quot;background_background&quot;:&quot;classic&quot;}\">\n\t\t<div class=\"elementor-element elementor-element-6eaf957 e-con-full e-flex e-con e-child\" data-id=\"6eaf957\" data-element_type=\"container\" data-e-type=\"container\">\n\t\t\t\t<div class=\"elementor-element elementor-element-afb711c elementor-widget elementor-widget-heading\" data-id=\"afb711c\" data-element_type=\"widget\" data-e-type=\"widget\" data-widget_type=\"heading.default\">\n\t\t\t\t\t<h2 class=\"elementor-heading-title elementor-size-default\">Departamento de Estampado (Trance)<\/h2>\t\t\t\t<\/div>\n\t\t\t\t<div class=\"elementor-element elementor-element-a6054ec elementor-widget elementor-widget-text-editor\" data-id=\"a6054ec\" data-element_type=\"widget\" data-e-type=\"widget\" data-widget_type=\"text-editor.default\">\n\t\t\t\t\t\t\t\t\t<p>El departamento de estampaci\u00f3n incluye estampaci\u00f3n, disparo y montaje manual con prensas hidr\u00e1ulicas y mec\u00e1nicas&#8230;<\/p>\n\t\t\t\t\t\t\t\t<\/div>\n\t\t\t\t<\/div>\n\t\t\t\t<div class=\"elementor-element elementor-element-eee097c elementor-position-inline-end elementor-mobile-position-inline-end elementor-view-default elementor-widget elementor-widget-icon-box\" data-id=\"eee097c\" data-element_type=\"widget\" data-e-type=\"widget\" data-widget_type=\"icon-box.default\">\n\t\t\t\t\t\t\t<div class=\"elementor-icon-box-wrapper\">\n\n\t\t\t\t\t\t<div class=\"elementor-icon-box-icon\">\n\t\t\t\t<a href=\"#elementor-action%3Aaction%3Dpopup%3Aopen%26settings%3DeyJpZCI6NDg1MDksInRvZ2dsZSI6ZmFsc2V9\" title=\"Approfondisci\" class=\"elementor-icon\" tabindex=\"-1\" aria-label=\"saber m\u00e1s\">\n\t\t\t\t<svg xmlns=\"http:\/\/www.w3.org\/2000\/svg\" id=\"Livello_1\" data-name=\"Livello 1\" viewBox=\"0 0 34.83 34.83\"><defs><style>      .cls-1 {        fill: #b3e5fc;      }    <\/style><\/defs><circle class=\"cls-1\" cx=\"17.42\" cy=\"17.41\" r=\"17.41\"><\/circle><path d=\"M26.27,17.41c0,.49-.4.89-.89.89h-7.09v7.09c0,.49-.4.89-.89.89s-.89-.4-.89-.89v-7.09h-7.09c-.49,0-.89-.4-.89-.89s.4-.89.89-.89h7.09v-7.09c0-.49.4-.89.89-.89s.89.4.89.89v7.09h7.09c.49,0,.89.4.89.89Z\"><\/path><\/svg>\t\t\t\t<\/a>\n\t\t\t<\/div>\n\t\t\t\n\t\t\t\t\t\t<div class=\"elementor-icon-box-content\">\n\n\t\t\t\t\t\t\t\t\t<h3 class=\"elementor-icon-box-title\">\n\t\t\t\t\t\t<a href=\"#elementor-action%3Aaction%3Dpopup%3Aopen%26settings%3DeyJpZCI6NDg1MDksInRvZ2dsZSI6ZmFsc2V9\" title=\"Approfondisci\" >\n\t\t\t\t\t\t\tsaber m\u00e1s\t\t\t\t\t\t<\/a>\n\t\t\t\t\t<\/h3>\n\t\t\t\t\n\t\t\t\t\n\t\t\t<\/div>\n\t\t\t\n\t\t<\/div>\n\t\t\t\t\t\t<\/div>\n\t\t\t\t<\/div>\n\t\t\t\t<\/div>\n\t\t<div class=\"elementor-element elementor-element-889a5ff e-con-full e-flex e-con e-child\" data-id=\"889a5ff\" data-element_type=\"container\" data-e-type=\"container\">\n\t\t<div class=\"elementor-element elementor-element-a972a14 e-con-full e-flex e-con e-child\" data-id=\"a972a14\" data-element_type=\"container\" data-e-type=\"container\" data-settings=\"{&quot;background_background&quot;:&quot;classic&quot;}\">\n\t\t\t\t<\/div>\n\t\t<div class=\"elementor-element elementor-element-979b936 e-con-full e-flex e-con e-child\" data-id=\"979b936\" data-element_type=\"container\" data-e-type=\"container\" data-settings=\"{&quot;background_background&quot;:&quot;classic&quot;}\">\n\t\t<div class=\"elementor-element elementor-element-ce7735e e-con-full e-flex e-con e-child\" data-id=\"ce7735e\" data-element_type=\"container\" data-e-type=\"container\">\n\t\t\t\t<div class=\"elementor-element elementor-element-e8d61b6 elementor-widget elementor-widget-heading\" data-id=\"e8d61b6\" data-element_type=\"widget\" data-e-type=\"widget\" data-widget_type=\"heading.default\">\n\t\t\t\t\t<h2 class=\"elementor-heading-title elementor-size-default\">Montajes Autom\u00e1ticos<\/h2>\t\t\t\t<\/div>\n\t\t\t\t<div class=\"elementor-element elementor-element-8551cd4 elementor-widget elementor-widget-text-editor\" data-id=\"8551cd4\" data-element_type=\"widget\" data-e-type=\"widget\" data-widget_type=\"text-editor.default\">\n\t\t\t\t\t\t\t\t\t<p>En el departamento de montaje autom\u00e1tico se realiza el montaje autom\u00e1tico de soportes de muebles y ruedas de goma&#8230;<\/p>\n\t\t\t\t\t\t\t\t<\/div>\n\t\t\t\t<\/div>\n\t\t\t\t<div class=\"elementor-element elementor-element-fe41892 elementor-position-inline-end elementor-mobile-position-inline-end elementor-view-default elementor-widget elementor-widget-icon-box\" data-id=\"fe41892\" data-element_type=\"widget\" data-e-type=\"widget\" data-widget_type=\"icon-box.default\">\n\t\t\t\t\t\t\t<div class=\"elementor-icon-box-wrapper\">\n\n\t\t\t\t\t\t<div class=\"elementor-icon-box-icon\">\n\t\t\t\t<a href=\"#elementor-action%3Aaction%3Dpopup%3Aopen%26settings%3DeyJpZCI6NDg1MTEsInRvZ2dsZSI6ZmFsc2V9\" title=\"Approfondisci\" class=\"elementor-icon\" tabindex=\"-1\" aria-label=\"saber m\u00e1s\">\n\t\t\t\t<svg xmlns=\"http:\/\/www.w3.org\/2000\/svg\" id=\"Livello_1\" data-name=\"Livello 1\" viewBox=\"0 0 34.83 34.83\"><defs><style>      .cls-1 {        fill: #b3e5fc;      }    <\/style><\/defs><circle class=\"cls-1\" cx=\"17.42\" cy=\"17.41\" r=\"17.41\"><\/circle><path d=\"M26.27,17.41c0,.49-.4.89-.89.89h-7.09v7.09c0,.49-.4.89-.89.89s-.89-.4-.89-.89v-7.09h-7.09c-.49,0-.89-.4-.89-.89s.4-.89.89-.89h7.09v-7.09c0-.49.4-.89.89-.89s.89.4.89.89v7.09h7.09c.49,0,.89.4.89.89Z\"><\/path><\/svg>\t\t\t\t<\/a>\n\t\t\t<\/div>\n\t\t\t\n\t\t\t\t\t\t<div class=\"elementor-icon-box-content\">\n\n\t\t\t\t\t\t\t\t\t<h3 class=\"elementor-icon-box-title\">\n\t\t\t\t\t\t<a href=\"#elementor-action%3Aaction%3Dpopup%3Aopen%26settings%3DeyJpZCI6NDg1MTEsInRvZ2dsZSI6ZmFsc2V9\" title=\"Approfondisci\" >\n\t\t\t\t\t\t\tsaber m\u00e1s\t\t\t\t\t\t<\/a>\n\t\t\t\t\t<\/h3>\n\t\t\t\t\n\t\t\t\t\n\t\t\t<\/div>\n\t\t\t\n\t\t<\/div>\n\t\t\t\t\t\t<\/div>\n\t\t\t\t<\/div>\n\t\t\t\t<\/div>\n\t\t\t\t<\/div>\n\t\t<div class=\"elementor-element elementor-element-d52c83a e-con-full e-flex e-con e-parent\" data-id=\"d52c83a\" data-element_type=\"container\" data-e-type=\"container\">\n\t\t<div class=\"elementor-element elementor-element-0fe6a58 e-con-full e-flex e-con e-child\" data-id=\"0fe6a58\" data-element_type=\"container\" data-e-type=\"container\">\n\t\t<div class=\"elementor-element elementor-element-51da131 e-con-full e-flex e-con e-child\" data-id=\"51da131\" data-element_type=\"container\" data-e-type=\"container\" data-settings=\"{&quot;background_background&quot;:&quot;classic&quot;}\">\n\t\t\t\t<\/div>\n\t\t<div class=\"elementor-element elementor-element-729fd85 e-con-full e-flex e-con e-child\" data-id=\"729fd85\" data-element_type=\"container\" data-e-type=\"container\" data-settings=\"{&quot;background_background&quot;:&quot;classic&quot;}\">\n\t\t<div class=\"elementor-element elementor-element-37e5c42 e-con-full e-flex e-con e-child\" data-id=\"37e5c42\" data-element_type=\"container\" data-e-type=\"container\">\n\t\t\t\t<div class=\"elementor-element elementor-element-f11d296 elementor-widget elementor-widget-heading\" data-id=\"f11d296\" data-element_type=\"widget\" data-e-type=\"widget\" data-widget_type=\"heading.default\">\n\t\t\t\t\t<h2 class=\"elementor-heading-title elementor-size-default\">Vulcanizaci\u00f3n<\/h2>\t\t\t\t<\/div>\n\t\t\t\t<div class=\"elementor-element elementor-element-d959623 elementor-widget elementor-widget-text-editor\" data-id=\"d959623\" data-element_type=\"widget\" data-e-type=\"widget\" data-widget_type=\"text-editor.default\">\n\t\t\t\t\t\t\t\t\t<p>El departamento de vulcanizaci\u00f3n se dedica a recubrir n\u00facleos de hierro fundido, acero o aluminio con&#8230;<\/p>\n\t\t\t\t\t\t\t\t<\/div>\n\t\t\t\t<\/div>\n\t\t\t\t<div class=\"elementor-element elementor-element-1fba186 elementor-position-inline-end elementor-mobile-position-inline-end elementor-view-default elementor-widget elementor-widget-icon-box\" data-id=\"1fba186\" data-element_type=\"widget\" data-e-type=\"widget\" data-widget_type=\"icon-box.default\">\n\t\t\t\t\t\t\t<div class=\"elementor-icon-box-wrapper\">\n\n\t\t\t\t\t\t<div class=\"elementor-icon-box-icon\">\n\t\t\t\t<a href=\"#elementor-action%3Aaction%3Dpopup%3Aopen%26settings%3DeyJpZCI6NDg1MTMsInRvZ2dsZSI6ZmFsc2V9\" title=\"Approfondisci\" class=\"elementor-icon\" tabindex=\"-1\" aria-label=\"saber m\u00e1s\">\n\t\t\t\t<svg xmlns=\"http:\/\/www.w3.org\/2000\/svg\" id=\"Livello_1\" data-name=\"Livello 1\" viewBox=\"0 0 34.83 34.83\"><defs><style>      .cls-1 {        fill: #b3e5fc;      }    <\/style><\/defs><circle class=\"cls-1\" cx=\"17.42\" cy=\"17.41\" r=\"17.41\"><\/circle><path d=\"M26.27,17.41c0,.49-.4.89-.89.89h-7.09v7.09c0,.49-.4.89-.89.89s-.89-.4-.89-.89v-7.09h-7.09c-.49,0-.89-.4-.89-.89s.4-.89.89-.89h7.09v-7.09c0-.49.4-.89.89-.89s.89.4.89.89v7.09h7.09c.49,0,.89.4.89.89Z\"><\/path><\/svg>\t\t\t\t<\/a>\n\t\t\t<\/div>\n\t\t\t\n\t\t\t\t\t\t<div class=\"elementor-icon-box-content\">\n\n\t\t\t\t\t\t\t\t\t<h3 class=\"elementor-icon-box-title\">\n\t\t\t\t\t\t<a href=\"#elementor-action%3Aaction%3Dpopup%3Aopen%26settings%3DeyJpZCI6NDg1MTMsInRvZ2dsZSI6ZmFsc2V9\" title=\"Approfondisci\" >\n\t\t\t\t\t\t\tsaber m\u00e1s\t\t\t\t\t\t<\/a>\n\t\t\t\t\t<\/h3>\n\t\t\t\t\n\t\t\t\t\n\t\t\t<\/div>\n\t\t\t\n\t\t<\/div>\n\t\t\t\t\t\t<\/div>\n\t\t\t\t<\/div>\n\t\t\t\t<\/div>\n\t\t<div class=\"elementor-element elementor-element-81b8b88 e-con-full e-flex e-con e-child\" data-id=\"81b8b88\" data-element_type=\"container\" data-e-type=\"container\">\n\t\t<div class=\"elementor-element elementor-element-beb1ae4 e-con-full e-flex e-con e-child\" data-id=\"beb1ae4\" data-element_type=\"container\" data-e-type=\"container\" data-settings=\"{&quot;background_background&quot;:&quot;classic&quot;}\">\n\t\t\t\t<\/div>\n\t\t<div class=\"elementor-element elementor-element-e2ef85b e-con-full e-flex e-con e-child\" data-id=\"e2ef85b\" data-element_type=\"container\" data-e-type=\"container\" data-settings=\"{&quot;background_background&quot;:&quot;classic&quot;}\">\n\t\t<div class=\"elementor-element elementor-element-fc3a434 e-con-full e-flex e-con e-child\" data-id=\"fc3a434\" data-element_type=\"container\" data-e-type=\"container\">\n\t\t\t\t<div class=\"elementor-element elementor-element-1923e00 elementor-widget elementor-widget-heading\" data-id=\"1923e00\" data-element_type=\"widget\" data-e-type=\"widget\" data-widget_type=\"heading.default\">\n\t\t\t\t\t<h2 class=\"elementor-heading-title elementor-size-default\">Moldeo por Inyecci\u00f3n<\/h2>\t\t\t\t<\/div>\n\t\t\t\t<div class=\"elementor-element elementor-element-31d133a elementor-widget elementor-widget-text-editor\" data-id=\"31d133a\" data-element_type=\"widget\" data-e-type=\"widget\" data-widget_type=\"text-editor.default\">\n\t\t\t\t\t\t\t\t\t<p>En el departamento de moldeo de pl\u00e1sticos, los gr\u00e1nulos termopl\u00e1sticos se transforman en ruedas mediante el proceso de fundici\u00f3n&#8230;<\/p>\n\t\t\t\t\t\t\t\t<\/div>\n\t\t\t\t<\/div>\n\t\t\t\t<div class=\"elementor-element elementor-element-7013deb elementor-position-inline-end elementor-mobile-position-inline-end elementor-view-default elementor-widget elementor-widget-icon-box\" data-id=\"7013deb\" data-element_type=\"widget\" data-e-type=\"widget\" data-widget_type=\"icon-box.default\">\n\t\t\t\t\t\t\t<div class=\"elementor-icon-box-wrapper\">\n\n\t\t\t\t\t\t<div class=\"elementor-icon-box-icon\">\n\t\t\t\t<a href=\"#elementor-action%3Aaction%3Dpopup%3Aopen%26settings%3DeyJpZCI6NDg1MTUsInRvZ2dsZSI6ZmFsc2V9\" title=\"Approfondisci\" class=\"elementor-icon\" tabindex=\"-1\" aria-label=\"saber m\u00e1s\">\n\t\t\t\t<svg xmlns=\"http:\/\/www.w3.org\/2000\/svg\" id=\"Livello_1\" data-name=\"Livello 1\" viewBox=\"0 0 34.83 34.83\"><defs><style>      .cls-1 {        fill: #b3e5fc;      }    <\/style><\/defs><circle class=\"cls-1\" cx=\"17.42\" cy=\"17.41\" r=\"17.41\"><\/circle><path d=\"M26.27,17.41c0,.49-.4.89-.89.89h-7.09v7.09c0,.49-.4.89-.89.89s-.89-.4-.89-.89v-7.09h-7.09c-.49,0-.89-.4-.89-.89s.4-.89.89-.89h7.09v-7.09c0-.49.4-.89.89-.89s.89.4.89.89v7.09h7.09c.49,0,.89.4.89.89Z\"><\/path><\/svg>\t\t\t\t<\/a>\n\t\t\t<\/div>\n\t\t\t\n\t\t\t\t\t\t<div class=\"elementor-icon-box-content\">\n\n\t\t\t\t\t\t\t\t\t<h3 class=\"elementor-icon-box-title\">\n\t\t\t\t\t\t<a href=\"#elementor-action%3Aaction%3Dpopup%3Aopen%26settings%3DeyJpZCI6NDg1MTUsInRvZ2dsZSI6ZmFsc2V9\" title=\"Approfondisci\" >\n\t\t\t\t\t\t\tsaber m\u00e1s\t\t\t\t\t\t<\/a>\n\t\t\t\t\t<\/h3>\n\t\t\t\t\n\t\t\t\t\n\t\t\t<\/div>\n\t\t\t\n\t\t<\/div>\n\t\t\t\t\t\t<\/div>\n\t\t\t\t<\/div>\n\t\t\t\t<\/div>\n\t\t<div class=\"elementor-element elementor-element-7926f47 e-con-full e-flex e-con e-child\" data-id=\"7926f47\" data-element_type=\"container\" data-e-type=\"container\">\n\t\t<div class=\"elementor-element elementor-element-8df0c10 e-con-full e-flex e-con e-child\" data-id=\"8df0c10\" data-element_type=\"container\" data-e-type=\"container\" data-settings=\"{&quot;background_background&quot;:&quot;classic&quot;}\">\n\t\t\t\t<\/div>\n\t\t<div class=\"elementor-element elementor-element-13910dc e-con-full e-flex e-con e-child\" data-id=\"13910dc\" data-element_type=\"container\" data-e-type=\"container\" data-settings=\"{&quot;background_background&quot;:&quot;classic&quot;}\">\n\t\t<div class=\"elementor-element elementor-element-06e1f33 e-con-full e-flex e-con e-child\" data-id=\"06e1f33\" data-element_type=\"container\" data-e-type=\"container\">\n\t\t\t\t<div class=\"elementor-element elementor-element-d29ae98 elementor-widget elementor-widget-heading\" data-id=\"d29ae98\" data-element_type=\"widget\" data-e-type=\"widget\" data-widget_type=\"heading.default\">\n\t\t\t\t\t<h2 class=\"elementor-heading-title elementor-size-default\">Montaje y Embalaje<\/h2>\t\t\t\t<\/div>\n\t\t\t\t<div class=\"elementor-element elementor-element-6bf86d7 elementor-widget elementor-widget-text-editor\" data-id=\"6bf86d7\" data-element_type=\"widget\" data-e-type=\"widget\" data-widget_type=\"text-editor.default\">\n\t\t\t\t\t\t\t\t\t<p>En el departamento de montaje y envasado, se fabrica el producto acabado&#8230;<\/p>\n\t\t\t\t\t\t\t\t<\/div>\n\t\t\t\t<\/div>\n\t\t\t\t<div class=\"elementor-element elementor-element-898c335 elementor-position-inline-end elementor-mobile-position-inline-end elementor-view-default elementor-widget elementor-widget-icon-box\" data-id=\"898c335\" data-element_type=\"widget\" data-e-type=\"widget\" data-widget_type=\"icon-box.default\">\n\t\t\t\t\t\t\t<div class=\"elementor-icon-box-wrapper\">\n\n\t\t\t\t\t\t<div class=\"elementor-icon-box-icon\">\n\t\t\t\t<a href=\"#elementor-action%3Aaction%3Dpopup%3Aopen%26settings%3DeyJpZCI6NDg1MTcsInRvZ2dsZSI6ZmFsc2V9\" title=\"Approfondisci\" class=\"elementor-icon\" tabindex=\"-1\" aria-label=\"saber m\u00e1s\">\n\t\t\t\t<svg xmlns=\"http:\/\/www.w3.org\/2000\/svg\" id=\"Livello_1\" data-name=\"Livello 1\" viewBox=\"0 0 34.83 34.83\"><defs><style>      .cls-1 {        fill: #b3e5fc;      }    <\/style><\/defs><circle class=\"cls-1\" cx=\"17.42\" cy=\"17.41\" r=\"17.41\"><\/circle><path d=\"M26.27,17.41c0,.49-.4.89-.89.89h-7.09v7.09c0,.49-.4.89-.89.89s-.89-.4-.89-.89v-7.09h-7.09c-.49,0-.89-.4-.89-.89s.4-.89.89-.89h7.09v-7.09c0-.49.4-.89.89-.89s.89.4.89.89v7.09h7.09c.49,0,.89.4.89.89Z\"><\/path><\/svg>\t\t\t\t<\/a>\n\t\t\t<\/div>\n\t\t\t\n\t\t\t\t\t\t<div class=\"elementor-icon-box-content\">\n\n\t\t\t\t\t\t\t\t\t<h3 class=\"elementor-icon-box-title\">\n\t\t\t\t\t\t<a href=\"#elementor-action%3Aaction%3Dpopup%3Aopen%26settings%3DeyJpZCI6NDg1MTcsInRvZ2dsZSI6ZmFsc2V9\" title=\"Approfondisci\" >\n\t\t\t\t\t\t\tsaber m\u00e1s\t\t\t\t\t\t<\/a>\n\t\t\t\t\t<\/h3>\n\t\t\t\t\n\t\t\t\t\n\t\t\t<\/div>\n\t\t\t\n\t\t<\/div>\n\t\t\t\t\t\t<\/div>\n\t\t\t\t<\/div>\n\t\t\t\t<\/div>\n\t\t\t\t<\/div>\n\t\t\t\t<\/div>\n\t\t","protected":false},"excerpt":{"rendered":"<p>Proceso de producci\u00f3n Calidad, control y producci\u00f3n integrada La integraci\u00f3n de las principales fases de producci\u00f3n dentro de la empresa permite un control continuo y directo sobre los altos est\u00e1ndares de calidad del proceso. Este enfoque garantiza una gesti\u00f3n sin\u00e9rgica de las etapas clave, lo que contribuye a mantener un alto nivel de calidad en [&hellip;]<\/p>\n","protected":false},"author":2,"featured_media":0,"parent":0,"menu_order":0,"comment_status":"closed","ping_status":"closed","template":"","meta":{"_acf_changed":false,"footnotes":""},"class_list":["post-48505","page","type-page","status-publish","hentry"],"acf":[],"_links":{"self":[{"href":"https:\/\/www.avo.it\/es\/wp-json\/wp\/v2\/pages\/48505","targetHints":{"allow":["GET"]}}],"collection":[{"href":"https:\/\/www.avo.it\/es\/wp-json\/wp\/v2\/pages"}],"about":[{"href":"https:\/\/www.avo.it\/es\/wp-json\/wp\/v2\/types\/page"}],"author":[{"embeddable":true,"href":"https:\/\/www.avo.it\/es\/wp-json\/wp\/v2\/users\/2"}],"replies":[{"embeddable":true,"href":"https:\/\/www.avo.it\/es\/wp-json\/wp\/v2\/comments?post=48505"}],"version-history":[{"count":2,"href":"https:\/\/www.avo.it\/es\/wp-json\/wp\/v2\/pages\/48505\/revisions"}],"predecessor-version":[{"id":98919,"href":"https:\/\/www.avo.it\/es\/wp-json\/wp\/v2\/pages\/48505\/revisions\/98919"}],"wp:attachment":[{"href":"https:\/\/www.avo.it\/es\/wp-json\/wp\/v2\/media?parent=48505"}],"curies":[{"name":"wp","href":"https:\/\/api.w.org\/{rel}","templated":true}]}}