{"id":48524,"date":"2025-02-18T14:45:21","date_gmt":"2025-02-18T14:45:21","guid":{"rendered":"https:\/\/avo.dkrweb.it\/logistica\/"},"modified":"2025-12-23T09:46:49","modified_gmt":"2025-12-23T09:46:49","slug":"logistica","status":"publish","type":"page","link":"https:\/\/www.avo.it\/es\/logistica\/","title":{"rendered":"Log\u00edstica"},"content":{"rendered":"\t\t<div data-elementor-type=\"wp-page\" data-elementor-id=\"48524\" class=\"elementor elementor-48524 elementor-14243\" data-elementor-post-type=\"page\">\n\t\t\t\t<div class=\"elementor-element elementor-element-74aa0ca e-con-full e-flex e-con e-parent\" data-id=\"74aa0ca\" data-element_type=\"container\" data-e-type=\"container\">\n\t\t<div class=\"elementor-element elementor-element-653538c e-con-full e-flex e-con e-child\" data-id=\"653538c\" data-element_type=\"container\" data-e-type=\"container\" data-settings=\"{&quot;background_background&quot;:&quot;classic&quot;}\">\n\t\t<div class=\"elementor-element elementor-element-ba9b435 e-con-full e-flex e-con e-child\" data-id=\"ba9b435\" data-element_type=\"container\" data-e-type=\"container\" data-settings=\"{&quot;background_background&quot;:&quot;classic&quot;}\">\n\t\t\t\t<div class=\"elementor-element elementor-element-28c007e elementor-widget elementor-widget-heading\" data-id=\"28c007e\" data-element_type=\"widget\" data-e-type=\"widget\" data-widget_type=\"heading.default\">\n\t\t\t\t\t<h1 class=\"elementor-heading-title elementor-size-default\">Log\u00edstica avanzada <span style=\"color: #B3E5FC\">rapidez, eficiencia, fiabilidad<\/span><\/h1>\t\t\t\t<\/div>\n\t\t\t\t<\/div>\n\t\t\t\t<\/div>\n\t\t\t\t<\/div>\n\t\t<div class=\"elementor-element elementor-element-d8dd4d0 e-con-full e-flex e-con e-parent\" data-id=\"d8dd4d0\" data-element_type=\"container\" data-e-type=\"container\">\n\t\t<div class=\"elementor-element elementor-element-3480c20 e-con-full e-flex e-con e-child\" data-id=\"3480c20\" data-element_type=\"container\" data-e-type=\"container\">\n\t\t\t\t<div class=\"elementor-element elementor-element-3767f1b elementor-widget elementor-widget-heading\" data-id=\"3767f1b\" data-element_type=\"widget\" data-e-type=\"widget\" data-widget_type=\"heading.default\">\n\t\t\t\t\t<h2 class=\"elementor-heading-title elementor-size-default\">Gesti\u00f3n log\u00edstica y tiempos de entrega optimizados<\/h2>\t\t\t\t<\/div>\n\t\t\t\t<\/div>\n\t\t<div class=\"elementor-element elementor-element-e3b749c e-con-full e-flex e-con e-child\" data-id=\"e3b749c\" data-element_type=\"container\" data-e-type=\"container\">\n\t\t<div class=\"elementor-element elementor-element-1866c19 e-con-full e-flex e-con e-child\" data-id=\"1866c19\" data-element_type=\"container\" data-e-type=\"container\">\n\t\t\t\t<div class=\"elementor-element elementor-element-c31b687 elementor-widget elementor-widget-text-editor\" data-id=\"c31b687\" data-element_type=\"widget\" data-e-type=\"widget\" data-widget_type=\"text-editor.default\">\n\t\t\t\t\t\t\t\t\t<p>AVO Aldo Valsecchi no solo es un l\u00edder en la <strong>fabricaci\u00f3n de ruedas y soportes industriales<\/strong>, sino que tambi\u00e9n se destaca por un sistema log\u00edstico altamente eficiente. Gracias a un <strong>almac\u00e9n automatizado<\/strong> y un <strong>sistema de informaci\u00f3n avanzado<\/strong>, garantizamos:<\/p>\n\t\t\t\t\t\t\t\t<\/div>\n\t\t\t\t<\/div>\n\t\t\t\t<\/div>\n\t\t\t\t<\/div>\n\t\t<div class=\"elementor-element elementor-element-f4f6f6a e-con-full e-flex e-con e-parent\" data-id=\"f4f6f6a\" data-element_type=\"container\" data-e-type=\"container\">\n\t\t<div class=\"elementor-element elementor-element-8ae1402 e-con-full e-flex e-con e-child\" data-id=\"8ae1402\" data-element_type=\"container\" data-e-type=\"container\" data-settings=\"{&quot;background_background&quot;:&quot;classic&quot;}\">\n\t\t\t\t<div class=\"elementor-element elementor-element-8d1b76c elementor-position-inline-start elementor-view-default elementor-mobile-position-block-start elementor-widget elementor-widget-icon-box\" data-id=\"8d1b76c\" data-element_type=\"widget\" data-e-type=\"widget\" data-widget_type=\"icon-box.default\">\n\t\t\t\t\t\t\t<div class=\"elementor-icon-box-wrapper\">\n\n\t\t\t\t\t\t<div class=\"elementor-icon-box-icon\">\n\t\t\t\t<span  class=\"elementor-icon\">\n\t\t\t\t<svg xmlns=\"http:\/\/www.w3.org\/2000\/svg\" viewBox=\"0 0 24 24\"><path d=\"m10,23.5c0,.276-.224.5-.5.5H.5c-.276,0-.5-.224-.5-.5s.224-.5.5-.5h9c.276,0,.5.224.5.5ZM.5,20h7c.276,0,.5-.224.5-.5s-.224-.5-.5-.5H.5c-.276,0-.5.224-.5.5s.224.5.5.5Zm0-4h5c.276,0,.5-.224.5-.5s-.224-.5-.5-.5H.5c-.276,0-.5.224-.5.5s.224.5.5.5ZM12,0C5.383,0,0,5.383,0,12c0,.175.003.349.011.522.012.276.252.494.521.478.276-.012.49-.246.478-.521-.007-.159-.01-.318-.01-.478C1,5.935,5.935,1,12,1s11,4.935,11,11c0,5.91-4.621,10.737-10.521,10.99-.276.012-.49.245-.478.521.011.269.233.479.499.479.007,0,.015,0,.022,0,6.437-.275,11.479-5.542,11.479-11.989C24,5.383,18.617,0,12,0Zm.5,6c-.276,0-.5.224-.5.5v5.495c0,.172.089.333.234.424l4,2.505c.083.052.175.076.266.076.166,0,.329-.083.424-.234.146-.234.075-.543-.158-.689l-3.766-2.358v-5.218c0-.276-.224-.5-.5-.5Z\"><\/path><\/svg>\t\t\t\t<\/span>\n\t\t\t<\/div>\n\t\t\t\n\t\t\t\t\t\t<div class=\"elementor-icon-box-content\">\n\n\t\t\t\t\t\t\t\t\t<h3 class=\"elementor-icon-box-title\">\n\t\t\t\t\t\t<span  >\n\t\t\t\t\t\t\tEntrega r\u00e1pida\t\t\t\t\t\t<\/span>\n\t\t\t\t\t<\/h3>\n\t\t\t\t\n\t\t\t\t\n\t\t\t<\/div>\n\t\t\t\n\t\t<\/div>\n\t\t\t\t\t\t<\/div>\n\t\t\t\t<div class=\"elementor-element elementor-element-fb499fc elementor-widget elementor-widget-text-editor\" data-id=\"fb499fc\" data-element_type=\"widget\" data-e-type=\"widget\" data-widget_type=\"text-editor.default\">\n\t\t\t\t\t\t\t\t\t<p>Plazos de entrega r\u00e1pidos, optimizados para cada necesidad<\/p>\n\t\t\t\t\t\t\t\t<\/div>\n\t\t\t\t<\/div>\n\t\t<div class=\"elementor-element elementor-element-abd26b9 e-con-full e-flex e-con e-child\" data-id=\"abd26b9\" data-element_type=\"container\" data-e-type=\"container\" data-settings=\"{&quot;background_background&quot;:&quot;classic&quot;}\">\n\t\t\t\t<div class=\"elementor-element elementor-element-20e5ab2 elementor-position-inline-start elementor-view-default elementor-mobile-position-block-start elementor-widget elementor-widget-icon-box\" data-id=\"20e5ab2\" data-element_type=\"widget\" data-e-type=\"widget\" data-widget_type=\"icon-box.default\">\n\t\t\t\t\t\t\t<div class=\"elementor-icon-box-wrapper\">\n\n\t\t\t\t\t\t<div class=\"elementor-icon-box-icon\">\n\t\t\t\t<span  class=\"elementor-icon\">\n\t\t\t\t<svg xmlns=\"http:\/\/www.w3.org\/2000\/svg\" viewBox=\"0 0 24 24\" width=\"512\" height=\"512\"><path d=\"M19.5,2h-1.5V.5c0-.276-.224-.5-.5-.5s-.5,.224-.5,.5v1.5H7V.5c0-.276-.224-.5-.5-.5s-.5,.224-.5,.5v1.5h-1.5C2.019,2,0,4.019,0,6.5v13c0,2.481,2.019,4.5,4.5,4.5h4c.276,0,.5-.224,.5-.5s-.224-.5-.5-.5H4.5c-1.93,0-3.5-1.57-3.5-3.5V9H23.5c.276,0,.5-.224,.5-.5v-2c0-2.481-2.019-4.5-4.5-4.5Zm3.5,6H1v-1.5c0-1.93,1.57-3.5,3.5-3.5h15c1.93,0,3.5,1.57,3.5,3.5v1.5Zm-3.268,3.732l-7.707,7.707c-.661,.661-1.025,1.54-1.025,2.475v1.586c0,.276,.224,.5,.5,.5h1.586c.935,0,1.814-.364,2.475-1.025l7.707-7.707c.472-.472,.732-1.1,.732-1.768s-.26-1.296-.732-1.768c-.943-.944-2.592-.944-3.535,0Zm2.828,2.828l-7.707,7.707c-.472,.472-1.1,.732-1.768,.732h-1.086v-1.086c0-.668,.26-1.295,.732-1.768l7.707-7.707c.566-.566,1.555-.566,2.121,0,.283,.283,.439,.66,.439,1.061s-.156,.777-.439,1.061Zm-17.561-1.061c0-.276,.224-.5,.5-.5H14.5c.276,0,.5,.224,.5,.5s-.224,.5-.5,.5H5.5c-.276,0-.5-.224-.5-.5Zm5,5c0,.276-.224,.5-.5,.5H5.5c-.276,0-.5-.224-.5-.5s.224-.5,.5-.5h4c.276,0,.5,.224,.5,.5Z\"><\/path><\/svg>\t\t\t\t<\/span>\n\t\t\t<\/div>\n\t\t\t\n\t\t\t\t\t\t<div class=\"elementor-icon-box-content\">\n\n\t\t\t\t\t\t\t\t\t<h3 class=\"elementor-icon-box-title\">\n\t\t\t\t\t\t<span  >\n\t\t\t\t\t\t\tM\u00e1xima flexibilidad\t\t\t\t\t\t<\/span>\n\t\t\t\t\t<\/h3>\n\t\t\t\t\n\t\t\t\t\n\t\t\t<\/div>\n\t\t\t\n\t\t<\/div>\n\t\t\t\t\t\t<\/div>\n\t\t\t\t<div class=\"elementor-element elementor-element-691065c elementor-widget elementor-widget-text-editor\" data-id=\"691065c\" data-element_type=\"widget\" data-e-type=\"widget\" data-widget_type=\"text-editor.default\">\n\t\t\t\t\t\t\t\t\t<p>Plazos de entrega r\u00e1pidos, optimizados para cada necesidad<\/p>\n\t\t\t\t\t\t\t\t<\/div>\n\t\t\t\t<\/div>\n\t\t<div class=\"elementor-element elementor-element-d1dfddb e-con-full e-flex e-con e-child\" data-id=\"d1dfddb\" data-element_type=\"container\" data-e-type=\"container\" data-settings=\"{&quot;background_background&quot;:&quot;classic&quot;}\">\n\t\t\t\t<div class=\"elementor-element elementor-element-4c50668 elementor-position-inline-start elementor-view-default elementor-mobile-position-block-start elementor-widget elementor-widget-icon-box\" data-id=\"4c50668\" data-element_type=\"widget\" data-e-type=\"widget\" data-widget_type=\"icon-box.default\">\n\t\t\t\t\t\t\t<div class=\"elementor-icon-box-wrapper\">\n\n\t\t\t\t\t\t<div class=\"elementor-icon-box-icon\">\n\t\t\t\t<span  class=\"elementor-icon\">\n\t\t\t\t<svg xmlns=\"http:\/\/www.w3.org\/2000\/svg\" viewBox=\"0 0 24 24\"><path d=\"m24 12.349c0-.635-.131-1.25-.388-1.827l-3.127-7.037c-.401-.901-1.299-1.484-2.285-1.484h-7.2v1h3v7h-7v1h15.722c.18.429.278.881.278 1.349v5.651h-22v-5h-1v6h2v1c0 1.654 1.346 3 3 3s3-1.346 3-3v-1h8v1c0 1.654 1.346 3 3 3s3-1.346 3-3v-1h2v-6.651zm-17 7.651c0 1.103-.897 2-2 2s-2-.897-2-2v-1h4zm14 0c0 1.103-.897 2-2 2s-2-.897-2-2v-1h4zm-6-17h3.2c.592 0 1.131.35 1.371.891l2.715 6.109h-7.286zm-6 0h-9v-1h9zm-2 4h-7v-1h7zm-2 4h-5v-1h5z\"><\/path><\/svg>\t\t\t\t<\/span>\n\t\t\t<\/div>\n\t\t\t\n\t\t\t\t\t\t<div class=\"elementor-icon-box-content\">\n\n\t\t\t\t\t\t\t\t\t<h3 class=\"elementor-icon-box-title\">\n\t\t\t\t\t\t<span  >\n\t\t\t\t\t\t\tGesti\u00f3n puntual\t\t\t\t\t\t<\/span>\n\t\t\t\t\t<\/h3>\n\t\t\t\t\n\t\t\t\t\n\t\t\t<\/div>\n\t\t\t\n\t\t<\/div>\n\t\t\t\t\t\t<\/div>\n\t\t\t\t<div class=\"elementor-element elementor-element-245c177 elementor-widget elementor-widget-text-editor\" data-id=\"245c177\" data-element_type=\"widget\" data-e-type=\"widget\" data-widget_type=\"text-editor.default\">\n\t\t\t\t\t\t\t\t\t<p>Gesti\u00f3n integrada de pedidos para un servicio puntual en todo momento<\/p>\n\t\t\t\t\t\t\t\t<\/div>\n\t\t\t\t<\/div>\n\t\t\t\t<\/div>\n\t\t<div class=\"elementor-element elementor-element-5b550ac e-con-full e-flex e-con e-parent\" data-id=\"5b550ac\" data-element_type=\"container\" data-e-type=\"container\">\n\t\t<div class=\"elementor-element elementor-element-7fbaf21 e-con-full e-flex e-con e-child\" data-id=\"7fbaf21\" data-element_type=\"container\" data-e-type=\"container\">\n\t\t\t\t<div class=\"elementor-element elementor-element-f0acf2c elementor-widget elementor-widget-heading\" data-id=\"f0acf2c\" data-element_type=\"widget\" data-e-type=\"widget\" data-widget_type=\"heading.default\">\n\t\t\t\t\t<h4 class=\"elementor-heading-title elementor-size-default\">Optimizaci\u00f3n de la producci\u00f3n<\/h4>\t\t\t\t<\/div>\n\t\t\t\t<div class=\"elementor-element elementor-element-bd3e319 elementor-widget elementor-widget-text-editor\" data-id=\"bd3e319\" data-element_type=\"widget\" data-e-type=\"widget\" data-widget_type=\"text-editor.default\">\n\t\t\t\t\t\t\t\t\t<p>Gracias a una <strong>gesti\u00f3n eficiente del suministro y del almac\u00e9n<\/strong>, AVO Aldo Valsecchi puede cumplir los pedidos r\u00e1pidamente, asegurando siempre <strong>precisi\u00f3n y fiabilidad<\/strong>.<\/p>\n<ul>\n<li>Planificaci\u00f3n MRP (Material Requirement Planning) para un control efectivo de los requerimientos de materiales<\/li>\n<li>Gesti\u00f3n JIT (Just in Time) mediante el m\u00e9todo Kan Ban para reducir desperdicios y optimizar recursos<\/li>\n<li>Diagramas de Gantt para una programaci\u00f3n estrat\u00e9gica y puntual de la producci\u00f3n<\/li>\n<\/ul>\n<p>&nbsp;<\/p>\n<p>El objetivo es asegurar la m\u00e1xima eficiencia y fiabilidad en cada fase del proceso log\u00edstico.<\/p>\n\t\t\t\t\t\t\t\t<\/div>\n\t\t\t\t<\/div>\n\t\t<div class=\"elementor-element elementor-element-968b287 e-con-full e-flex e-con e-child\" data-id=\"968b287\" data-element_type=\"container\" data-e-type=\"container\">\n\t\t\t\t<div class=\"elementor-element elementor-element-8bd5a08 elementor-widget elementor-widget-heading\" data-id=\"8bd5a08\" data-element_type=\"widget\" data-e-type=\"widget\" data-widget_type=\"heading.default\">\n\t\t\t\t\t<h4 class=\"elementor-heading-title elementor-size-default\">Innovaci\u00f3n y tecnolog\u00eda en log\u00edstica<\/h4>\t\t\t\t<\/div>\n\t\t\t\t<div class=\"elementor-element elementor-element-f318cdd elementor-widget elementor-widget-text-editor\" data-id=\"f318cdd\" data-element_type=\"widget\" data-e-type=\"widget\" data-widget_type=\"text-editor.default\">\n\t\t\t\t\t\t\t\t\t<p>La adopci\u00f3n de <strong>tecnolog\u00edas avanzadas de gesti\u00f3n de la cadena de suministro<\/strong> nos permite optimizar cada paso, desde la producci\u00f3n hasta el almacenamiento y la entrega final. Nuestro <strong>sistema avanzado de seguimiento<\/strong> garantiza el <strong>monitoreo en tiempo real de los pedidos<\/strong>, asegurando el m\u00e1s alto nivel de eficiencia en todo momento.<\/p>\n\t\t\t\t\t\t\t\t<\/div>\n\t\t\t\t<\/div>\n\t\t\t\t<\/div>\n\t\t\t\t<\/div>\n\t\t","protected":false},"excerpt":{"rendered":"<p>Log\u00edstica avanzada rapidez, eficiencia, fiabilidad Gesti\u00f3n log\u00edstica y tiempos de entrega optimizados AVO Aldo Valsecchi no solo es un l\u00edder en la fabricaci\u00f3n de ruedas y soportes industriales, sino que tambi\u00e9n se destaca por un sistema log\u00edstico altamente eficiente. Gracias a un almac\u00e9n automatizado y un sistema de informaci\u00f3n avanzado, garantizamos: Entrega r\u00e1pida Plazos de [&hellip;]<\/p>\n","protected":false},"author":2,"featured_media":0,"parent":0,"menu_order":0,"comment_status":"closed","ping_status":"closed","template":"","meta":{"_acf_changed":false,"footnotes":""},"class_list":["post-48524","page","type-page","status-publish","hentry"],"acf":[],"_links":{"self":[{"href":"https:\/\/www.avo.it\/es\/wp-json\/wp\/v2\/pages\/48524","targetHints":{"allow":["GET"]}}],"collection":[{"href":"https:\/\/www.avo.it\/es\/wp-json\/wp\/v2\/pages"}],"about":[{"href":"https:\/\/www.avo.it\/es\/wp-json\/wp\/v2\/types\/page"}],"author":[{"embeddable":true,"href":"https:\/\/www.avo.it\/es\/wp-json\/wp\/v2\/users\/2"}],"replies":[{"embeddable":true,"href":"https:\/\/www.avo.it\/es\/wp-json\/wp\/v2\/comments?post=48524"}],"version-history":[{"count":4,"href":"https:\/\/www.avo.it\/es\/wp-json\/wp\/v2\/pages\/48524\/revisions"}],"predecessor-version":[{"id":156397,"href":"https:\/\/www.avo.it\/es\/wp-json\/wp\/v2\/pages\/48524\/revisions\/156397"}],"wp:attachment":[{"href":"https:\/\/www.avo.it\/es\/wp-json\/wp\/v2\/media?parent=48524"}],"curies":[{"name":"wp","href":"https:\/\/api.w.org\/{rel}","templated":true}]}}