{"id":48526,"date":"2025-02-19T15:15:52","date_gmt":"2025-02-19T15:15:52","guid":{"rendered":"https:\/\/avo.dkrweb.it\/medio-ambiente\/"},"modified":"2025-12-23T09:30:53","modified_gmt":"2025-12-23T09:30:53","slug":"medio-ambiente","status":"publish","type":"page","link":"https:\/\/www.avo.it\/es\/medio-ambiente\/","title":{"rendered":"Medio ambiente"},"content":{"rendered":"\t\t<div data-elementor-type=\"wp-page\" data-elementor-id=\"48526\" class=\"elementor elementor-48526 elementor-14337\" data-elementor-post-type=\"page\">\n\t\t\t\t<div class=\"elementor-element elementor-element-fcf94de e-con-full e-flex e-con e-parent\" data-id=\"fcf94de\" data-element_type=\"container\" data-e-type=\"container\">\n\t\t<div class=\"elementor-element elementor-element-df889e9 e-con-full e-flex e-con e-child\" data-id=\"df889e9\" data-element_type=\"container\" data-e-type=\"container\" data-settings=\"{&quot;background_background&quot;:&quot;classic&quot;}\">\n\t\t<div class=\"elementor-element elementor-element-9fe2ef7 e-con-full e-flex e-con e-child\" data-id=\"9fe2ef7\" data-element_type=\"container\" data-e-type=\"container\" data-settings=\"{&quot;background_background&quot;:&quot;classic&quot;}\">\n\t\t\t\t<div class=\"elementor-element elementor-element-7b04e47 elementor-widget elementor-widget-heading\" data-id=\"7b04e47\" data-element_type=\"widget\" data-e-type=\"widget\" data-widget_type=\"heading.default\">\n\t\t\t\t\t<h1 class=\"elementor-heading-title elementor-size-default\">Medio ambiente<\/h1>\t\t\t\t<\/div>\n\t\t\t\t<\/div>\n\t\t\t\t<\/div>\n\t\t\t\t<\/div>\n\t\t<div class=\"elementor-element elementor-element-8ba9af4 e-con-full e-flex e-con e-parent\" data-id=\"8ba9af4\" data-element_type=\"container\" data-e-type=\"container\">\n\t\t<div class=\"elementor-element elementor-element-8cd4cea e-con-full e-flex e-con e-child\" data-id=\"8cd4cea\" data-element_type=\"container\" data-e-type=\"container\">\n\t\t\t\t<div class=\"elementor-element elementor-element-c858f59 elementor-widget elementor-widget-heading\" data-id=\"c858f59\" data-element_type=\"widget\" data-e-type=\"widget\" data-widget_type=\"heading.default\">\n\t\t\t\t\t<h2 class=\"elementor-heading-title elementor-size-default\">Innovaci\u00f3n con respeto al medio ambiente<\/h2>\t\t\t\t<\/div>\n\t\t\t\t<\/div>\n\t\t<div class=\"elementor-element elementor-element-644ca84 e-con-full e-flex e-con e-child\" data-id=\"644ca84\" data-element_type=\"container\" data-e-type=\"container\">\n\t\t<div class=\"elementor-element elementor-element-25370b1 e-con-full e-flex e-con e-child\" data-id=\"25370b1\" data-element_type=\"container\" data-e-type=\"container\">\n\t\t\t\t<div class=\"elementor-element elementor-element-032fea8 elementor-widget elementor-widget-text-editor\" data-id=\"032fea8\" data-element_type=\"widget\" data-e-type=\"widget\" data-widget_type=\"text-editor.default\">\n\t\t\t\t\t\t\t\t\t<p><strong>AVO Aldo Valsecchi<\/strong>\u00a0sit\u00faa el respeto por el medio ambiente en el centro de su misi\u00f3n, lo que se refleja en la obtenci\u00f3n de la certificaci\u00f3n seg\u00fan la norma UNI EN ISO 14001 y en la implementaci\u00f3n de un Sistema Integrado de Gesti\u00f3n de Calidad y Medio Ambiente (SIGCM).<\/p>\n<p>La empresa ha llevado a cabo una evaluaci\u00f3n exhaustiva de los aspectos medioambientales, iniciando una serie de acciones destinadas a controlar y reducir tanto los impactos ambientales directos como los indirectos. Un paso significativo en esta direcci\u00f3n ha sido la instalaci\u00f3n de una cubierta fotovoltaica en la unidad de producci\u00f3n ubicada en Via XX Settembre, 105, con una capacidad de 350 kWp.<\/p>\n\t\t\t\t\t\t\t\t<\/div>\n\t\t<div class=\"elementor-element elementor-element-e920283 e-con-full e-flex e-con e-child\" data-id=\"e920283\" data-element_type=\"container\" data-e-type=\"container\" data-settings=\"{&quot;background_background&quot;:&quot;classic&quot;}\">\n\t\t\t\t<\/div>\n\t\t<div class=\"elementor-element elementor-element-5965a0e e-con-full e-flex e-con e-child\" data-id=\"5965a0e\" data-element_type=\"container\" data-e-type=\"container\">\n\t\t\t\t<div class=\"elementor-element elementor-element-ac89ecd elementor-widget elementor-widget-text-editor\" data-id=\"ac89ecd\" data-element_type=\"widget\" data-e-type=\"widget\" data-widget_type=\"text-editor.default\">\n\t\t\t\t\t\t\t\t\t<p><strong>AVO Aldo Valsecchi<\/strong> se compromete de manera concreta con una gesti\u00f3n ambiental responsable, consciente de la sensibilidad del territorio en el que opera. La proximidad al Lago Maggiore, con su golfo, los valles de Ossola y el Parque Nacional Val Grande, hace que la consideraci\u00f3n de los aspectos paisaj\u00edsticos y natural\u00edsticos sea fundamental.<\/p>\n<p>Por ello, AVO Aldo Valsecchi se esfuerza continuamente en minimizar el impacto ambiental de sus actividades, manifestando un profundo respeto por la belleza y fragilidad de este entorno.<\/p>\n<p>La atenci\u00f3n y el respeto por el medio ambiente constituyen un pilar fundamental en la fabricaci\u00f3n de nuestros productos. En este sentido, AVO Aldo Valsecchi se compromete a cumplir con la Directiva RoHS y el Reglamento REACH, que establecen l\u00edmites estrictos en el uso de sustancias peligrosas, garantizando as\u00ed seguridad y sostenibilidad medioambiental.<\/p>\n<p>La empresa se distingue por un an\u00e1lisis detallado del ciclo de vida de los productos, poniendo a disposici\u00f3n de sus clientes informaci\u00f3n exhaustiva. En colaboraci\u00f3n con los principales fabricantes italianos de pl\u00e1sticos, se investigan pol\u00edmeros respetuosos con el medio ambiente, contribuyendo a reducir el impacto ambiental y a promover soluciones sostenibles.<\/p>\n<p>Esta dedicaci\u00f3n a la ecolog\u00eda y la sostenibilidad refleja el compromiso de AVO Aldo Valsecchi con pr\u00e1cticas de fabricaci\u00f3n responsables, alineadas con la normativa vigente y las expectativas de clientes cada vez m\u00e1s orientados hacia productos respetuosos con el medio ambiente.<\/p>\n\t\t\t\t\t\t\t\t<\/div>\n\t\t\t\t<\/div>\n\t\t<div class=\"elementor-element elementor-element-9d98ea6 e-con-full e-flex e-con e-child\" data-id=\"9d98ea6\" data-element_type=\"container\" data-e-type=\"container\">\n\t\t\t\t<div class=\"elementor-element elementor-element-1f544ff elementor-widget elementor-widget-image\" data-id=\"1f544ff\" data-element_type=\"widget\" data-e-type=\"widget\" data-widget_type=\"image.default\">\n\t\t\t\t\t\t\t\t\t\t\t\t\t\t\t\t<a href=\"https:\/\/www.reach-italia.info\/\" target=\"_blank\" title=\"Reach\">\n\t\t\t\t\t\t\t<img fetchpriority=\"high\" decoding=\"async\" width=\"565\" height=\"294\" src=\"https:\/\/www.avo.it\/wp-content\/uploads\/2025\/04\/reach-logo.jpg\" class=\"attachment-full size-full wp-image-21273\" alt=\"\" srcset=\"https:\/\/www.avo.it\/wp-content\/uploads\/2025\/04\/reach-logo.jpg 565w, https:\/\/www.avo.it\/wp-content\/uploads\/2025\/04\/reach-logo-300x156.jpg 300w\" sizes=\"(max-width: 565px) 100vw, 565px\" \/>\t\t\t\t\t\t\t\t<\/a>\n\t\t\t\t\t\t\t\t\t\t\t\t\t\t\t<\/div>\n\t\t\t\t<div class=\"elementor-element elementor-element-d9992c1 elementor-widget elementor-widget-image\" data-id=\"d9992c1\" data-element_type=\"widget\" data-e-type=\"widget\" data-widget_type=\"image.default\">\n\t\t\t\t\t\t\t\t\t\t\t\t\t\t\t\t<a href=\"https:\/\/environment.ec.europa.eu\/topics\/waste-and-recycling\/rohs-directive_en?prefLang=es&#038;etrans=es\" target=\"_blank\" title=\"Rohs\">\n\t\t\t\t\t\t\t<img decoding=\"async\" width=\"116\" height=\"116\" src=\"https:\/\/www.avo.it\/wp-content\/uploads\/2025\/04\/rohs-logo.jpg\" class=\"attachment-full size-full wp-image-21277\" alt=\"\" \/>\t\t\t\t\t\t\t\t<\/a>\n\t\t\t\t\t\t\t\t\t\t\t\t\t\t\t<\/div>\n\t\t\t\t<div class=\"elementor-element elementor-element-430a6c8 elementor-widget elementor-widget-image\" data-id=\"430a6c8\" data-element_type=\"widget\" data-e-type=\"widget\" data-widget_type=\"image.default\">\n\t\t\t\t\t\t\t\t\t\t\t\t\t\t\t\t<a href=\"https:\/\/avo.dkrweb.it\/wp-content\/uploads\/2025\/04\/AVO_smaltimento_prodotti.pdf\" target=\"_blank\" title=\"Smaltimento\">\n\t\t\t\t\t\t\t<img decoding=\"async\" src=\"https:\/\/www.avo.it\/wp-content\/uploads\/2025\/04\/AVO-trash-icon.svg\" class=\"attachment-full size-full wp-image-21281\" alt=\"\" \/>\t\t\t\t\t\t\t\t<\/a>\n\t\t\t\t\t\t\t\t\t\t\t\t\t\t\t<\/div>\n\t\t\t\t<div class=\"elementor-element elementor-element-0c79b59 elementor-widget elementor-widget-image\" data-id=\"0c79b59\" data-element_type=\"widget\" data-e-type=\"widget\" data-widget_type=\"image.default\">\n\t\t\t\t\t\t\t\t\t\t\t\t\t\t\t\t<a href=\"https:\/\/www.distrettolaghi.it\/en\" target=\"_blank\" title=\"Distretto turistico dei laghi\">\n\t\t\t\t\t\t\t<img decoding=\"async\" width=\"1200\" height=\"267\" src=\"https:\/\/www.avo.it\/wp-content\/uploads\/2025\/04\/Logo-distretto-turistico-dei-laghi.jpg\" class=\"attachment-full size-full wp-image-28798\" alt=\"\" srcset=\"https:\/\/www.avo.it\/wp-content\/uploads\/2025\/04\/Logo-distretto-turistico-dei-laghi.jpg 1200w, https:\/\/www.avo.it\/wp-content\/uploads\/2025\/04\/Logo-distretto-turistico-dei-laghi-300x67.jpg 300w, https:\/\/www.avo.it\/wp-content\/uploads\/2025\/04\/Logo-distretto-turistico-dei-laghi-1024x228.jpg 1024w, https:\/\/www.avo.it\/wp-content\/uploads\/2025\/04\/Logo-distretto-turistico-dei-laghi-768x171.jpg 768w\" sizes=\"(max-width: 1200px) 100vw, 1200px\" \/>\t\t\t\t\t\t\t\t<\/a>\n\t\t\t\t\t\t\t\t\t\t\t\t\t\t\t<\/div>\n\t\t\t\t<div class=\"elementor-element elementor-element-9bb7098 elementor-widget elementor-widget-image\" data-id=\"9bb7098\" data-element_type=\"widget\" data-e-type=\"widget\" data-widget_type=\"image.default\">\n\t\t\t\t\t\t\t\t\t\t\t\t\t\t\t\t<a href=\"https:\/\/www.parcovalgrande.it\/Eindex.php\" target=\"_blank\" title=\"Valgrande\">\n\t\t\t\t\t\t\t<img loading=\"lazy\" decoding=\"async\" width=\"313\" height=\"189\" src=\"https:\/\/www.avo.it\/wp-content\/uploads\/2025\/04\/logo-parco-valgrande.png\" class=\"attachment-full size-full wp-image-28789\" alt=\"\" srcset=\"https:\/\/www.avo.it\/wp-content\/uploads\/2025\/04\/logo-parco-valgrande.png 313w, https:\/\/www.avo.it\/wp-content\/uploads\/2025\/04\/logo-parco-valgrande-300x181.png 300w\" sizes=\"(max-width: 313px) 100vw, 313px\" \/>\t\t\t\t\t\t\t\t<\/a>\n\t\t\t\t\t\t\t\t\t\t\t\t\t\t\t<\/div>\n\t\t\t\t<\/div>\n\t\t\t\t<\/div>\n\t\t\t\t<\/div>\n\t\t\t\t<\/div>\n\t\t\t\t<\/div>\n\t\t","protected":false},"excerpt":{"rendered":"<p>Medio ambiente Innovaci\u00f3n con respeto al medio ambiente AVO Aldo Valsecchi\u00a0sit\u00faa el respeto por el medio ambiente en el centro de su misi\u00f3n, lo que se refleja en la obtenci\u00f3n de la certificaci\u00f3n seg\u00fan la norma UNI EN ISO 14001 y en la implementaci\u00f3n de un Sistema Integrado de Gesti\u00f3n de Calidad y Medio Ambiente [&hellip;]<\/p>\n","protected":false},"author":2,"featured_media":0,"parent":0,"menu_order":0,"comment_status":"closed","ping_status":"closed","template":"","meta":{"_acf_changed":false,"footnotes":""},"class_list":["post-48526","page","type-page","status-publish","hentry"],"acf":[],"_links":{"self":[{"href":"https:\/\/www.avo.it\/es\/wp-json\/wp\/v2\/pages\/48526","targetHints":{"allow":["GET"]}}],"collection":[{"href":"https:\/\/www.avo.it\/es\/wp-json\/wp\/v2\/pages"}],"about":[{"href":"https:\/\/www.avo.it\/es\/wp-json\/wp\/v2\/types\/page"}],"author":[{"embeddable":true,"href":"https:\/\/www.avo.it\/es\/wp-json\/wp\/v2\/users\/2"}],"replies":[{"embeddable":true,"href":"https:\/\/www.avo.it\/es\/wp-json\/wp\/v2\/comments?post=48526"}],"version-history":[{"count":5,"href":"https:\/\/www.avo.it\/es\/wp-json\/wp\/v2\/pages\/48526\/revisions"}],"predecessor-version":[{"id":156385,"href":"https:\/\/www.avo.it\/es\/wp-json\/wp\/v2\/pages\/48526\/revisions\/156385"}],"wp:attachment":[{"href":"https:\/\/www.avo.it\/es\/wp-json\/wp\/v2\/media?parent=48526"}],"curies":[{"name":"wp","href":"https:\/\/api.w.org\/{rel}","templated":true}]}}