{"id":48536,"date":"2025-02-25T11:15:13","date_gmt":"2025-02-25T11:15:13","guid":{"rendered":"https:\/\/avo.dkrweb.it\/red-comercial\/"},"modified":"2025-12-23T09:47:46","modified_gmt":"2025-12-23T09:47:46","slug":"red-comercial","status":"publish","type":"page","link":"https:\/\/www.avo.it\/es\/red-comercial\/","title":{"rendered":"Red comercial"},"content":{"rendered":"\t\t<div data-elementor-type=\"wp-page\" data-elementor-id=\"48536\" class=\"elementor elementor-48536 elementor-14412\" data-elementor-post-type=\"page\">\n\t\t\t\t<div class=\"elementor-element elementor-element-8cf879f e-con-full e-flex e-con e-parent\" data-id=\"8cf879f\" data-element_type=\"container\" data-e-type=\"container\" data-settings=\"{&quot;background_background&quot;:&quot;classic&quot;}\">\n\t\t<div class=\"elementor-element elementor-element-5992ab7 e-con-full e-flex e-con e-child\" data-id=\"5992ab7\" data-element_type=\"container\" data-e-type=\"container\" data-settings=\"{&quot;background_background&quot;:&quot;classic&quot;}\">\n\t\t<div class=\"elementor-element elementor-element-24f465e e-con-full e-flex e-con e-child\" data-id=\"24f465e\" data-element_type=\"container\" data-e-type=\"container\" data-settings=\"{&quot;background_background&quot;:&quot;classic&quot;}\">\n\t\t\t\t<div class=\"elementor-element elementor-element-baa0978 elementor-widget elementor-widget-heading\" data-id=\"baa0978\" data-element_type=\"widget\" data-e-type=\"widget\" data-widget_type=\"heading.default\">\n\t\t\t\t\t<h1 class=\"elementor-heading-title elementor-size-default\">red <span style=\"color: #B3E5FC\">comercial<\/span><\/h1>\t\t\t\t<\/div>\n\t\t\t\t<\/div>\n\t\t\t\t<\/div>\n\t\t\t\t<\/div>\n\t\t<div class=\"elementor-element elementor-element-e824bae e-con-full e-flex e-con e-parent\" data-id=\"e824bae\" data-element_type=\"container\" data-e-type=\"container\">\n\t\t<div class=\"elementor-element elementor-element-3e87d70 e-con-full e-flex e-con e-child\" data-id=\"3e87d70\" data-element_type=\"container\" data-e-type=\"container\">\n\t\t<div class=\"elementor-element elementor-element-16882c3 e-con-full e-flex e-con e-child\" data-id=\"16882c3\" data-element_type=\"container\" data-e-type=\"container\">\n\t\t\t\t<div class=\"elementor-element elementor-element-aa1b850 elementor-widget elementor-widget-heading\" data-id=\"aa1b850\" data-element_type=\"widget\" data-e-type=\"widget\" data-widget_type=\"heading.default\">\n\t\t\t\t\t<h2 class=\"elementor-heading-title elementor-size-default\">Fiabilidad<\/h2>\t\t\t\t<\/div>\n\t\t\t\t<div class=\"elementor-element elementor-element-46d123f elementor-widget elementor-widget-heading\" data-id=\"46d123f\" data-element_type=\"widget\" data-e-type=\"widget\" data-widget_type=\"heading.default\">\n\t\t\t\t\t<h2 class=\"elementor-heading-title elementor-size-default\">Sin Fronteras<\/h2>\t\t\t\t<\/div>\n\t\t\t\t<\/div>\n\t\t<div class=\"elementor-element elementor-element-5124ab7 e-con-full e-flex e-con e-child\" data-id=\"5124ab7\" data-element_type=\"container\" data-e-type=\"container\">\n\t\t\t\t<div class=\"elementor-element elementor-element-8315a12 elementor-widget elementor-widget-text-editor\" data-id=\"8315a12\" data-element_type=\"widget\" data-e-type=\"widget\" data-widget_type=\"text-editor.default\">\n\t\t\t\t\t\t\t\t\t<p class=\"p1\">AVO Aldo Valsecchi<span class=\"Apple-converted-space\">\u00a0 <\/span>representa una <b>excelencia consolidada<\/b> en el panorama comercial italiano e internacional.<br \/>\nA lo largo de los a\u00f1os, hemos desarrollado una <b>red de ventas eficiente<\/b> que nos permite estar presentes en toda Italia y en los mercados extranjeros m\u00e1s significativos.<\/p>\n<p>&nbsp;<\/p>\n<p class=\"p1\">Nuestra dedicaci\u00f3n a la <b>alta calidad y fiabilidad<\/b> nos ha permitido posicionarnos como l\u00edderes en <b>m\u00e1s de 50 pa\u00edses en todo el mundo<\/b>.<\/p>\n<p><\/p>\n<p class=\"p1\">Estamos a tu disposici\u00f3n para ofrecerte una experiencia comercial \u00fanica, centrada en satisfacer tus necesidades.<\/p>\n\t\t\t\t\t\t\t\t<\/div>\n\t\t\t\t<\/div>\n\t\t\t\t<\/div>\n\t\t\t\t<\/div>\n\t\t<div class=\"elementor-element elementor-element-3f5a315 e-con-full e-flex e-con e-parent\" data-id=\"3f5a315\" data-element_type=\"container\" data-e-type=\"container\">\n\t\t<div class=\"elementor-element elementor-element-70dbb6e e-con-full e-flex e-con e-child\" data-id=\"70dbb6e\" data-element_type=\"container\" data-e-type=\"container\" data-settings=\"{&quot;background_background&quot;:&quot;classic&quot;}\">\n\t\t<div class=\"elementor-element elementor-element-f7e6ff7 e-con-full e-flex e-con e-child\" data-id=\"f7e6ff7\" data-element_type=\"container\" data-e-type=\"container\">\n\t\t\t\t<div class=\"elementor-element elementor-element-0fcbec5 elementor-widget elementor-widget-heading\" data-id=\"0fcbec5\" data-element_type=\"widget\" data-e-type=\"widget\" data-widget_type=\"heading.default\">\n\t\t\t\t\t<h2 class=\"elementor-heading-title elementor-size-default\">Departamento de ventas Italia<\/h2>\t\t\t\t<\/div>\n\t\t\t\t<div class=\"elementor-element elementor-element-5da324f elementor-widget elementor-widget-text-editor\" data-id=\"5da324f\" data-element_type=\"widget\" data-e-type=\"widget\" data-widget_type=\"text-editor.default\">\n\t\t\t\t\t\t\t\t\t<p class=\"p1\">Nuestra amplia presencia en Italia es el resultado de una red de ventas <b>estrat\u00e9gica y bien consolidada<\/b>.<br \/>\nCon <b>puntos de contacto distribuidos por todo el pa\u00eds<\/b>, estamos listos para atenderte con productos de alta calidad y un servicio al cliente confiable.<\/p>\n<p><\/p>\n<p class=\"p1\">AVO Aldo Valsecchi es tu socio de confianza para responder a tus necesidades comerciales en el mercado italiano.<\/p>\n<p><\/p>\n<p class=\"p1\">Para cualquier informaci\u00f3n o consulta, no dudes en contactarnos a trav\u00e9s de:<\/p>\n\t\t\t\t\t\t\t\t<\/div>\n\t\t<div class=\"elementor-element elementor-element-b2c3098 e-con-full e-flex e-con e-child\" data-id=\"b2c3098\" data-element_type=\"container\" data-e-type=\"container\">\n\t\t\t\t<div class=\"elementor-element elementor-element-60e4927 elementor-widget elementor-widget-text-editor\" data-id=\"60e4927\" data-element_type=\"widget\" data-e-type=\"widget\" data-widget_type=\"text-editor.default\">\n\t\t\t\t\t\t\t\t\t<p>Correo electr\u00f3nico: <a href=\"mailto:venditeitalia@avo.it\"><strong>venditeitalia@avo.it<\/strong><\/a><br \/>Tel\u00e9fono: <a href=\"tel: +390323869911\"><strong>+39 0323 869911<\/strong><\/a><\/p>\n\t\t\t\t\t\t\t\t<\/div>\n\t\t\t\t<\/div>\n\t\t\t\t<div class=\"elementor-element elementor-element-0dc248b elementor-widget elementor-widget-heading\" data-id=\"0dc248b\" data-element_type=\"widget\" data-e-type=\"widget\" data-widget_type=\"heading.default\">\n\t\t\t\t\t<h2 class=\"elementor-heading-title elementor-size-default\">Estamos aqu\u00ed para apoyar tu crecimiento y contribuir al \u00e9xito de tu negocio.<\/h2>\t\t\t\t<\/div>\n\t\t\t\t<\/div>\n\t\t<div class=\"elementor-element elementor-element-a413c68 e-con-full e-flex e-con e-child\" data-id=\"a413c68\" data-element_type=\"container\" data-e-type=\"container\" data-settings=\"{&quot;background_background&quot;:&quot;classic&quot;}\">\n\t\t\t\t<\/div>\n\t\t\t\t<\/div>\n\t\t\t\t<\/div>\n\t\t<div class=\"elementor-element elementor-element-4d0bb33 e-con-full e-flex e-con e-parent\" data-id=\"4d0bb33\" data-element_type=\"container\" data-e-type=\"container\">\n\t\t<div class=\"elementor-element elementor-element-9418314 e-con-full e-flex e-con e-child\" data-id=\"9418314\" data-element_type=\"container\" data-e-type=\"container\" data-settings=\"{&quot;background_background&quot;:&quot;classic&quot;}\">\n\t\t<div class=\"elementor-element elementor-element-78c8412 e-con-full e-flex e-con e-child\" data-id=\"78c8412\" data-element_type=\"container\" data-e-type=\"container\">\n\t\t\t\t<div class=\"elementor-element elementor-element-7f58520 elementor-widget elementor-widget-heading\" data-id=\"7f58520\" data-element_type=\"widget\" data-e-type=\"widget\" data-widget_type=\"heading.default\">\n\t\t\t\t\t<h3 class=\"elementor-heading-title elementor-size-default\">Departamento de ventas internacionales<\/h3>\t\t\t\t<\/div>\n\t\t\t\t<div class=\"elementor-element elementor-element-154bd7f elementor-widget elementor-widget-text-editor\" data-id=\"154bd7f\" data-element_type=\"widget\" data-e-type=\"widget\" data-widget_type=\"text-editor.default\">\n\t\t\t\t\t\t\t\t\t<p class=\"p1\">M\u00e1s all\u00e1 de las fronteras nacionales, nuestra <b>presencia global<\/b> est\u00e1 garantizada por una red de distribuidores calificados y ventas directas a industrias de diversos sectores en todo el mundo.<\/p>\n<p>&nbsp;<\/p>\n<p class=\"p1\">AVO Aldo Valsecchi<span class=\"Apple-converted-space\">\u00a0 <\/span>se distingue por la <b>alta calidad y fiabilidad de sus productos<\/b>, combinadas con la <b>flexibilidad para responder a las diferentes necesidades de cada mercado<\/b>.<\/p>\n<p>&nbsp;<\/p>\n<p class=\"p1\">Nuestra posici\u00f3n l\u00edder en <b>m\u00e1s de 50 pa\u00edses<\/b> es un testimonio de la <b>confianza que nuestros clientes internacionales depositan en nuestros productos y servicios<\/b>.<\/p>\n<p><\/p>\n<p class=\"p1\">Para cualquier solicitud de cooperaci\u00f3n o informaci\u00f3n, cont\u00e1ctanos a trav\u00e9s de:<\/p>\n\t\t\t\t\t\t\t\t<\/div>\n\t\t<div class=\"elementor-element elementor-element-b631d2f e-con-full e-flex e-con e-child\" data-id=\"b631d2f\" data-element_type=\"container\" data-e-type=\"container\">\n\t\t\t\t<div class=\"elementor-element elementor-element-e16e848 elementor-widget elementor-widget-text-editor\" data-id=\"e16e848\" data-element_type=\"widget\" data-e-type=\"widget\" data-widget_type=\"text-editor.default\">\n\t\t\t\t\t\t\t\t\t<p>Correo electr\u00f3nico: <a href=\"mailto:export@avo.it\"><strong>export@avo.it<\/strong><\/a><br \/>Tel\u00e9fono: <a href=\"tel: +390323869911\"><strong>+39 0323 869911<\/strong><\/a><\/p>\n\t\t\t\t\t\t\t\t<\/div>\n\t\t\t\t<\/div>\n\t\t\t\t<div class=\"elementor-element elementor-element-470b7ab elementor-widget elementor-widget-heading\" data-id=\"470b7ab\" data-element_type=\"widget\" data-e-type=\"widget\" data-widget_type=\"heading.default\">\n\t\t\t\t\t<h2 class=\"elementor-heading-title elementor-size-default\">Estamos preparados para construir oportunidades de \u00e9xito junto a ti en el panorama global de negocios.<\/h2>\t\t\t\t<\/div>\n\t\t\t\t<\/div>\n\t\t<div class=\"elementor-element elementor-element-ed0d954 e-con-full e-flex e-con e-child\" data-id=\"ed0d954\" data-element_type=\"container\" data-e-type=\"container\" data-settings=\"{&quot;background_background&quot;:&quot;classic&quot;}\">\n\t\t\t\t<\/div>\n\t\t\t\t<\/div>\n\t\t\t\t<\/div>\n\t\t\t\t<\/div>\n\t\t","protected":false},"excerpt":{"rendered":"<p>red comercial Fiabilidad Sin Fronteras AVO Aldo Valsecchi\u00a0 representa una excelencia consolidada en el panorama comercial italiano e internacional. A lo largo de los a\u00f1os, hemos desarrollado una red de ventas eficiente que nos permite estar presentes en toda Italia y en los mercados extranjeros m\u00e1s significativos. &nbsp; Nuestra dedicaci\u00f3n a la alta calidad y [&hellip;]<\/p>\n","protected":false},"author":2,"featured_media":0,"parent":0,"menu_order":0,"comment_status":"closed","ping_status":"closed","template":"","meta":{"_acf_changed":false,"footnotes":""},"class_list":["post-48536","page","type-page","status-publish","hentry"],"acf":[],"_links":{"self":[{"href":"https:\/\/www.avo.it\/es\/wp-json\/wp\/v2\/pages\/48536","targetHints":{"allow":["GET"]}}],"collection":[{"href":"https:\/\/www.avo.it\/es\/wp-json\/wp\/v2\/pages"}],"about":[{"href":"https:\/\/www.avo.it\/es\/wp-json\/wp\/v2\/types\/page"}],"author":[{"embeddable":true,"href":"https:\/\/www.avo.it\/es\/wp-json\/wp\/v2\/users\/2"}],"replies":[{"embeddable":true,"href":"https:\/\/www.avo.it\/es\/wp-json\/wp\/v2\/comments?post=48536"}],"version-history":[{"count":5,"href":"https:\/\/www.avo.it\/es\/wp-json\/wp\/v2\/pages\/48536\/revisions"}],"predecessor-version":[{"id":156400,"href":"https:\/\/www.avo.it\/es\/wp-json\/wp\/v2\/pages\/48536\/revisions\/156400"}],"wp:attachment":[{"href":"https:\/\/www.avo.it\/es\/wp-json\/wp\/v2\/media?parent=48536"}],"curies":[{"name":"wp","href":"https:\/\/api.w.org\/{rel}","templated":true}]}}