{"id":48543,"date":"2025-01-23T09:14:27","date_gmt":"2025-01-23T09:14:27","guid":{"rendered":"https:\/\/avo.dkrweb.it\/descargas\/"},"modified":"2025-10-10T10:39:04","modified_gmt":"2025-10-10T10:39:04","slug":"descargas","status":"publish","type":"page","link":"https:\/\/www.avo.it\/es\/descargas\/","title":{"rendered":"Descargas"},"content":{"rendered":"\t\t<div data-elementor-type=\"wp-page\" data-elementor-id=\"48543\" class=\"elementor elementor-48543 elementor-222\" data-elementor-post-type=\"page\">\n\t\t\t\t<div class=\"elementor-element elementor-element-533c7f3 e-con-full e-flex e-con e-parent\" data-id=\"533c7f3\" data-element_type=\"container\" data-e-type=\"container\">\n\t\t<div class=\"elementor-element elementor-element-ff7ddbf e-con-full e-flex e-con e-child\" data-id=\"ff7ddbf\" data-element_type=\"container\" data-e-type=\"container\" data-settings=\"{&quot;background_background&quot;:&quot;classic&quot;}\">\n\t\t<div class=\"elementor-element elementor-element-0971e74 e-con-full e-flex e-con e-child\" data-id=\"0971e74\" data-element_type=\"container\" data-e-type=\"container\" data-settings=\"{&quot;background_background&quot;:&quot;classic&quot;}\">\n\t\t\t\t<div class=\"elementor-element elementor-element-eea7883 elementor-widget elementor-widget-heading\" data-id=\"eea7883\" data-element_type=\"widget\" data-e-type=\"widget\" data-widget_type=\"heading.default\">\n\t\t\t\t\t<h1 class=\"elementor-heading-title elementor-size-default\">Descargas<\/h1>\t\t\t\t<\/div>\n\t\t\t\t<\/div>\n\t\t\t\t<\/div>\n\t\t\t\t<\/div>\n\t\t<div class=\"elementor-element elementor-element-076ffb4 e-con-full e-flex e-con e-parent\" data-id=\"076ffb4\" data-element_type=\"container\" data-e-type=\"container\">\n\t\t<div class=\"elementor-element elementor-element-0a34579 e-con-full e-flex e-con e-child\" data-id=\"0a34579\" data-element_type=\"container\" data-e-type=\"container\">\n\t\t<div class=\"elementor-element elementor-element-e42d879 e-con-full e-flex e-con e-child\" data-id=\"e42d879\" data-element_type=\"container\" data-e-type=\"container\">\n\t\t\t\t<div class=\"elementor-element elementor-element-330cd40 elementor-widget elementor-widget-heading\" data-id=\"330cd40\" data-element_type=\"widget\" data-e-type=\"widget\" data-widget_type=\"heading.default\">\n\t\t\t\t\t<h2 class=\"elementor-heading-title elementor-size-default\">Bienvenido a la zona de descargas de AVO Aldo Valsecchi <\/h2>\t\t\t\t<\/div>\n\t\t\t\t<\/div>\n\t\t<div class=\"elementor-element elementor-element-f3e7850 e-con-full e-flex e-con e-child\" data-id=\"f3e7850\" data-element_type=\"container\" data-e-type=\"container\">\n\t\t\t\t<div class=\"elementor-element elementor-element-23cff1b elementor-widget elementor-widget-text-editor\" data-id=\"23cff1b\" data-element_type=\"widget\" data-e-type=\"widget\" data-widget_type=\"text-editor.default\">\n\t\t\t\t\t\t\t\t\t<p>Aqu\u00ed puede consultar y descargar la informaci\u00f3n y los materiales de venta m\u00e1s importantes.<br \/>Todos los documentos se actualizan peri\u00f3dicamente para garantizar la transparencia, la exhaustividad y un apoyo eficaz a las actividades de clientes y socios.<\/p>\n\t\t\t\t\t\t\t\t<\/div>\n\t\t\t\t<\/div>\n\t\t\t\t<\/div>\n\t\t\t\t<\/div>\n\t\t<div class=\"elementor-element elementor-element-5a6bdc8 e-con-full e-flex e-con e-parent\" data-id=\"5a6bdc8\" data-element_type=\"container\" data-e-type=\"container\">\n\t\t<div class=\"elementor-element elementor-element-e84f8dc e-con-full e-flex e-con e-child\" data-id=\"e84f8dc\" data-element_type=\"container\" data-e-type=\"container\">\n\t\t<div class=\"elementor-element elementor-element-7bbe598 e-con-full e-flex e-con e-child\" data-id=\"7bbe598\" data-element_type=\"container\" data-e-type=\"container\">\n\t\t\t\t<div class=\"elementor-element elementor-element-7314e3c elementor-position-inline-start elementor-view-default elementor-mobile-position-block-start elementor-widget elementor-widget-icon-box\" data-id=\"7314e3c\" data-element_type=\"widget\" data-e-type=\"widget\" data-widget_type=\"icon-box.default\">\n\t\t\t\t\t\t\t<div class=\"elementor-icon-box-wrapper\">\n\n\t\t\t\t\t\t<div class=\"elementor-icon-box-icon\">\n\t\t\t\t<span  class=\"elementor-icon\">\n\t\t\t\t<svg xmlns=\"http:\/\/www.w3.org\/2000\/svg\" viewBox=\"0 0 24 24\" width=\"512\" height=\"512\"><path d=\"m15.904,16.143c.197.193.201.51.008.707l-2.515,2.57c-.381.381-.88.574-1.378.579-.499-.004-1.034-.196-1.413-.575l-2.519-2.574c-.193-.197-.189-.514.008-.707.199-.193.516-.188.707.008l2.515,2.57c.056.056.117.103.183.143v-7.363c0-.276.224-.5.5-.5s.5.224.5.5v7.363c.066-.04.129-.088.187-.146l2.511-2.566c.193-.196.51-.201.707-.008Zm6.096-6.157v9.515c0,2.481-2.019,4.5-4.5,4.5H6.5c-2.481,0-4.5-2.019-4.5-4.5V4.5C2,2.019,4.019,0,6.5,0h5.515c1.735,0,3.368.676,4.597,1.904l3.484,3.485c1.228,1.227,1.904,2.859,1.904,4.596Zm-8-3.485c0,.827.673,1.5,1.5,1.5h5.132c-.273-.706-.693-1.353-1.244-1.904l-3.484-3.485c-.552-.551-1.199-.97-1.904-1.243v5.132Zm7,3.485c0-.334-.03-.663-.088-.985h-5.412c-1.379,0-2.5-1.122-2.5-2.5V1.088c-.322-.058-.651-.088-.985-.088h-5.515c-1.93,0-3.5,1.57-3.5,3.5v15c0,1.93,1.57,3.5,3.5,3.5h11c1.93,0,3.5-1.57,3.5-3.5v-9.515Zm-8.981,10.014c-.007,0,.006,0,0,0h0Z\"><\/path><\/svg>\t\t\t\t<\/span>\n\t\t\t<\/div>\n\t\t\t\n\t\t\t\t\t\t<div class=\"elementor-icon-box-content\">\n\n\t\t\t\t\t\t\t\t\t<h3 class=\"elementor-icon-box-title\">\n\t\t\t\t\t\t<span  >\n\t\t\t\t\t\t\tCAT\u00c1LOGO COMPLETO\t\t\t\t\t\t<\/span>\n\t\t\t\t\t<\/h3>\n\t\t\t\t\n\t\t\t\t\n\t\t\t<\/div>\n\t\t\t\n\t\t<\/div>\n\t\t\t\t\t\t<\/div>\n\t\t\t\t<div class=\"elementor-element elementor-element-c6933b9 elementor-position-inline-end elementor-mobile-position-inline-end elementor-view-default elementor-widget elementor-widget-icon-box\" data-id=\"c6933b9\" data-element_type=\"widget\" data-e-type=\"widget\" data-widget_type=\"icon-box.default\">\n\t\t\t\t\t\t\t<div class=\"elementor-icon-box-wrapper\">\n\n\t\t\t\t\t\t<div class=\"elementor-icon-box-icon\">\n\t\t\t\t<a href=\"https:\/\/www.avo.it\/wp-content\/uploads\/2025\/04\/AVO_Catalogo.pdf\" target=\"_blank\" class=\"elementor-icon\" tabindex=\"-1\" aria-label=\"descargar\">\n\t\t\t\t<svg xmlns=\"http:\/\/www.w3.org\/2000\/svg\" id=\"Livello_1\" data-name=\"Livello 1\" viewBox=\"0 0 36.78 36.78\"><defs><style>      .cls-1 {        fill: #b3e5fc;      }      .cls-2 {        fill: #21355a;      }    <\/style><\/defs><circle class=\"cls-1\" cx=\"18.39\" cy=\"18.39\" r=\"18.39\"><\/circle><path class=\"cls-2\" d=\"M13.65,26.72l7.81-7.81c.28-.28.28-.77,0-1.04l-7.81-7.81,1.04-1.04,7.81,7.81c.84.84.84,2.3,0,3.13l-7.81,7.81-1.04-1.04Z\"><\/path><\/svg>\t\t\t\t<\/a>\n\t\t\t<\/div>\n\t\t\t\n\t\t\t\t\t\t<div class=\"elementor-icon-box-content\">\n\n\t\t\t\t\t\t\t\t\t<h3 class=\"elementor-icon-box-title\">\n\t\t\t\t\t\t<a href=\"https:\/\/www.avo.it\/wp-content\/uploads\/2025\/04\/AVO_Catalogo.pdf\" target=\"_blank\" >\n\t\t\t\t\t\t\tdescargar\t\t\t\t\t\t<\/a>\n\t\t\t\t\t<\/h3>\n\t\t\t\t\n\t\t\t\t\n\t\t\t<\/div>\n\t\t\t\n\t\t<\/div>\n\t\t\t\t\t\t<\/div>\n\t\t\t\t<\/div>\n\t\t<div class=\"elementor-element elementor-element-4ed43c1 e-con-full e-flex e-con e-child\" data-id=\"4ed43c1\" data-element_type=\"container\" data-e-type=\"container\">\n\t\t\t\t<div class=\"elementor-element elementor-element-053e4a9 elementor-position-inline-start elementor-view-default elementor-mobile-position-block-start elementor-widget elementor-widget-icon-box\" data-id=\"053e4a9\" data-element_type=\"widget\" data-e-type=\"widget\" data-widget_type=\"icon-box.default\">\n\t\t\t\t\t\t\t<div class=\"elementor-icon-box-wrapper\">\n\n\t\t\t\t\t\t<div class=\"elementor-icon-box-icon\">\n\t\t\t\t<span  class=\"elementor-icon\">\n\t\t\t\t<svg xmlns=\"http:\/\/www.w3.org\/2000\/svg\" viewBox=\"0 0 24 24\" width=\"512\" height=\"512\"><path d=\"m15.904,16.143c.197.193.201.51.008.707l-2.515,2.57c-.381.381-.88.574-1.378.579-.499-.004-1.034-.196-1.413-.575l-2.519-2.574c-.193-.197-.189-.514.008-.707.199-.193.516-.188.707.008l2.515,2.57c.056.056.117.103.183.143v-7.363c0-.276.224-.5.5-.5s.5.224.5.5v7.363c.066-.04.129-.088.187-.146l2.511-2.566c.193-.196.51-.201.707-.008Zm6.096-6.157v9.515c0,2.481-2.019,4.5-4.5,4.5H6.5c-2.481,0-4.5-2.019-4.5-4.5V4.5C2,2.019,4.019,0,6.5,0h5.515c1.735,0,3.368.676,4.597,1.904l3.484,3.485c1.228,1.227,1.904,2.859,1.904,4.596Zm-8-3.485c0,.827.673,1.5,1.5,1.5h5.132c-.273-.706-.693-1.353-1.244-1.904l-3.484-3.485c-.552-.551-1.199-.97-1.904-1.243v5.132Zm7,3.485c0-.334-.03-.663-.088-.985h-5.412c-1.379,0-2.5-1.122-2.5-2.5V1.088c-.322-.058-.651-.088-.985-.088h-5.515c-1.93,0-3.5,1.57-3.5,3.5v15c0,1.93,1.57,3.5,3.5,3.5h11c1.93,0,3.5-1.57,3.5-3.5v-9.515Zm-8.981,10.014c-.007,0,.006,0,0,0h0Z\"><\/path><\/svg>\t\t\t\t<\/span>\n\t\t\t<\/div>\n\t\t\t\n\t\t\t\t\t\t<div class=\"elementor-icon-box-content\">\n\n\t\t\t\t\t\t\t\t\t<h3 class=\"elementor-icon-box-title\">\n\t\t\t\t\t\t<span  >\n\t\t\t\t\t\t\tPRESENTACI\u00d3N DE LA EMPRESA\t\t\t\t\t\t<\/span>\n\t\t\t\t\t<\/h3>\n\t\t\t\t\n\t\t\t\t\n\t\t\t<\/div>\n\t\t\t\n\t\t<\/div>\n\t\t\t\t\t\t<\/div>\n\t\t\t\t<div class=\"elementor-element elementor-element-f83f016 elementor-position-inline-end elementor-mobile-position-inline-end elementor-view-default elementor-widget elementor-widget-icon-box\" data-id=\"f83f016\" data-element_type=\"widget\" data-e-type=\"widget\" data-widget_type=\"icon-box.default\">\n\t\t\t\t\t\t\t<div class=\"elementor-icon-box-wrapper\">\n\n\t\t\t\t\t\t<div class=\"elementor-icon-box-icon\">\n\t\t\t\t<a href=\"https:\/\/www.avo.it\/wp-content\/uploads\/2025\/05\/ESP-ALDO-VALSECCHI-S.p.A_.pdf\" target=\"_blank\" title=\"presentazione aziendale AVO\" class=\"elementor-icon\" tabindex=\"-1\" aria-label=\"descargar\">\n\t\t\t\t<svg xmlns=\"http:\/\/www.w3.org\/2000\/svg\" id=\"Livello_1\" data-name=\"Livello 1\" viewBox=\"0 0 36.78 36.78\"><defs><style>      .cls-1 {        fill: #b3e5fc;      }      .cls-2 {        fill: #21355a;      }    <\/style><\/defs><circle class=\"cls-1\" cx=\"18.39\" cy=\"18.39\" r=\"18.39\"><\/circle><path class=\"cls-2\" d=\"M13.65,26.72l7.81-7.81c.28-.28.28-.77,0-1.04l-7.81-7.81,1.04-1.04,7.81,7.81c.84.84.84,2.3,0,3.13l-7.81,7.81-1.04-1.04Z\"><\/path><\/svg>\t\t\t\t<\/a>\n\t\t\t<\/div>\n\t\t\t\n\t\t\t\t\t\t<div class=\"elementor-icon-box-content\">\n\n\t\t\t\t\t\t\t\t\t<h3 class=\"elementor-icon-box-title\">\n\t\t\t\t\t\t<a href=\"https:\/\/www.avo.it\/wp-content\/uploads\/2025\/05\/ESP-ALDO-VALSECCHI-S.p.A_.pdf\" target=\"_blank\" title=\"presentazione aziendale AVO\" >\n\t\t\t\t\t\t\tdescargar\t\t\t\t\t\t<\/a>\n\t\t\t\t\t<\/h3>\n\t\t\t\t\n\t\t\t\t\n\t\t\t<\/div>\n\t\t\t\n\t\t<\/div>\n\t\t\t\t\t\t<\/div>\n\t\t\t\t<\/div>\n\t\t<div class=\"elementor-element elementor-element-bba2b6a e-con-full e-flex e-con e-child\" data-id=\"bba2b6a\" data-element_type=\"container\" data-e-type=\"container\">\n\t\t\t\t<div class=\"elementor-element elementor-element-d558aaf elementor-position-inline-start elementor-view-default elementor-mobile-position-block-start elementor-widget elementor-widget-icon-box\" data-id=\"d558aaf\" data-element_type=\"widget\" data-e-type=\"widget\" data-widget_type=\"icon-box.default\">\n\t\t\t\t\t\t\t<div class=\"elementor-icon-box-wrapper\">\n\n\t\t\t\t\t\t<div class=\"elementor-icon-box-icon\">\n\t\t\t\t<span  class=\"elementor-icon\">\n\t\t\t\t<svg xmlns=\"http:\/\/www.w3.org\/2000\/svg\" viewBox=\"0 0 24 24\" width=\"512\" height=\"512\"><path d=\"m15.904,16.143c.197.193.201.51.008.707l-2.515,2.57c-.381.381-.88.574-1.378.579-.499-.004-1.034-.196-1.413-.575l-2.519-2.574c-.193-.197-.189-.514.008-.707.199-.193.516-.188.707.008l2.515,2.57c.056.056.117.103.183.143v-7.363c0-.276.224-.5.5-.5s.5.224.5.5v7.363c.066-.04.129-.088.187-.146l2.511-2.566c.193-.196.51-.201.707-.008Zm6.096-6.157v9.515c0,2.481-2.019,4.5-4.5,4.5H6.5c-2.481,0-4.5-2.019-4.5-4.5V4.5C2,2.019,4.019,0,6.5,0h5.515c1.735,0,3.368.676,4.597,1.904l3.484,3.485c1.228,1.227,1.904,2.859,1.904,4.596Zm-8-3.485c0,.827.673,1.5,1.5,1.5h5.132c-.273-.706-.693-1.353-1.244-1.904l-3.484-3.485c-.552-.551-1.199-.97-1.904-1.243v5.132Zm7,3.485c0-.334-.03-.663-.088-.985h-5.412c-1.379,0-2.5-1.122-2.5-2.5V1.088c-.322-.058-.651-.088-.985-.088h-5.515c-1.93,0-3.5,1.57-3.5,3.5v15c0,1.93,1.57,3.5,3.5,3.5h11c1.93,0,3.5-1.57,3.5-3.5v-9.515Zm-8.981,10.014c-.007,0,.006,0,0,0h0Z\"><\/path><\/svg>\t\t\t\t<\/span>\n\t\t\t<\/div>\n\t\t\t\n\t\t\t\t\t\t<div class=\"elementor-icon-box-content\">\n\n\t\t\t\t\t\t\t\t\t<h3 class=\"elementor-icon-box-title\">\n\t\t\t\t\t\t<span  >\n\t\t\t\t\t\t\tCAT\u00c1LOGO SINT\u00c9TICO\t\t\t\t\t\t<\/span>\n\t\t\t\t\t<\/h3>\n\t\t\t\t\n\t\t\t\t\n\t\t\t<\/div>\n\t\t\t\n\t\t<\/div>\n\t\t\t\t\t\t<\/div>\n\t\t\t\t<div class=\"elementor-element elementor-element-207ff09 elementor-position-inline-end elementor-mobile-position-inline-end elementor-view-default elementor-widget elementor-widget-icon-box\" data-id=\"207ff09\" data-element_type=\"widget\" data-e-type=\"widget\" data-widget_type=\"icon-box.default\">\n\t\t\t\t\t\t\t<div class=\"elementor-icon-box-wrapper\">\n\n\t\t\t\t\t\t<div class=\"elementor-icon-box-icon\">\n\t\t\t\t<a href=\"https:\/\/www.avo.it\/wp-content\/uploads\/2025\/04\/AVO-catalogo-sintetico.pdf\" target=\"_blank\" class=\"elementor-icon\" tabindex=\"-1\" aria-label=\"descargar\">\n\t\t\t\t<svg xmlns=\"http:\/\/www.w3.org\/2000\/svg\" id=\"Livello_1\" data-name=\"Livello 1\" viewBox=\"0 0 36.78 36.78\"><defs><style>      .cls-1 {        fill: #b3e5fc;      }      .cls-2 {        fill: #21355a;      }    <\/style><\/defs><circle class=\"cls-1\" cx=\"18.39\" cy=\"18.39\" r=\"18.39\"><\/circle><path class=\"cls-2\" d=\"M13.65,26.72l7.81-7.81c.28-.28.28-.77,0-1.04l-7.81-7.81,1.04-1.04,7.81,7.81c.84.84.84,2.3,0,3.13l-7.81,7.81-1.04-1.04Z\"><\/path><\/svg>\t\t\t\t<\/a>\n\t\t\t<\/div>\n\t\t\t\n\t\t\t\t\t\t<div class=\"elementor-icon-box-content\">\n\n\t\t\t\t\t\t\t\t\t<h3 class=\"elementor-icon-box-title\">\n\t\t\t\t\t\t<a href=\"https:\/\/www.avo.it\/wp-content\/uploads\/2025\/04\/AVO-catalogo-sintetico.pdf\" target=\"_blank\" >\n\t\t\t\t\t\t\tdescargar\t\t\t\t\t\t<\/a>\n\t\t\t\t\t<\/h3>\n\t\t\t\t\n\t\t\t\t\n\t\t\t<\/div>\n\t\t\t\n\t\t<\/div>\n\t\t\t\t\t\t<\/div>\n\t\t\t\t<\/div>\n\t\t\t\t<\/div>\n\t\t\t\t<\/div>\n\t\t\t\t<\/div>\n\t\t","protected":false},"excerpt":{"rendered":"<p>Descargas Bienvenido a la zona de descargas de AVO Aldo Valsecchi Aqu\u00ed puede consultar y descargar la informaci\u00f3n y los materiales de venta m\u00e1s importantes.Todos los documentos se actualizan peri\u00f3dicamente para garantizar la transparencia, la exhaustividad y un apoyo eficaz a las actividades de clientes y socios. CAT\u00c1LOGO COMPLETO descargar PRESENTACI\u00d3N DE LA EMPRESA descargar [&hellip;]<\/p>\n","protected":false},"author":2,"featured_media":0,"parent":0,"menu_order":0,"comment_status":"closed","ping_status":"closed","template":"","meta":{"_acf_changed":false,"footnotes":""},"class_list":["post-48543","page","type-page","status-publish","hentry"],"acf":[],"_links":{"self":[{"href":"https:\/\/www.avo.it\/es\/wp-json\/wp\/v2\/pages\/48543","targetHints":{"allow":["GET"]}}],"collection":[{"href":"https:\/\/www.avo.it\/es\/wp-json\/wp\/v2\/pages"}],"about":[{"href":"https:\/\/www.avo.it\/es\/wp-json\/wp\/v2\/types\/page"}],"author":[{"embeddable":true,"href":"https:\/\/www.avo.it\/es\/wp-json\/wp\/v2\/users\/2"}],"replies":[{"embeddable":true,"href":"https:\/\/www.avo.it\/es\/wp-json\/wp\/v2\/comments?post=48543"}],"version-history":[{"count":5,"href":"https:\/\/www.avo.it\/es\/wp-json\/wp\/v2\/pages\/48543\/revisions"}],"predecessor-version":[{"id":153056,"href":"https:\/\/www.avo.it\/es\/wp-json\/wp\/v2\/pages\/48543\/revisions\/153056"}],"wp:attachment":[{"href":"https:\/\/www.avo.it\/es\/wp-json\/wp\/v2\/media?parent=48543"}],"curies":[{"name":"wp","href":"https:\/\/api.w.org\/{rel}","templated":true}]}}