{"id":48560,"date":"2025-04-07T14:29:20","date_gmt":"2025-04-07T14:29:20","guid":{"rendered":"https:\/\/avo.dkrweb.it\/aplicaciones\/automocion\/"},"modified":"2025-06-24T15:02:28","modified_gmt":"2025-06-24T15:02:28","slug":"automocion","status":"publish","type":"page","link":"https:\/\/www.avo.it\/es\/aplicaciones\/automocion\/","title":{"rendered":"Automoci\u00f3n"},"content":{"rendered":"\t\t<div data-elementor-type=\"wp-page\" data-elementor-id=\"48560\" class=\"elementor elementor-48560 elementor-20626\" data-elementor-post-type=\"page\">\n\t\t\t\t<div class=\"elementor-element elementor-element-d7df8b9 e-con-full e-flex e-con e-parent\" data-id=\"d7df8b9\" data-element_type=\"container\" data-e-type=\"container\" data-settings=\"{&quot;background_background&quot;:&quot;classic&quot;}\">\n\t\t<div class=\"elementor-element elementor-element-e0d01f9 e-con-full e-flex e-con e-child\" data-id=\"e0d01f9\" data-element_type=\"container\" data-e-type=\"container\" data-settings=\"{&quot;background_background&quot;:&quot;classic&quot;}\">\n\t\t<div class=\"elementor-element elementor-element-52d700c e-con-full e-flex e-con e-child\" data-id=\"52d700c\" data-element_type=\"container\" data-e-type=\"container\" data-settings=\"{&quot;background_background&quot;:&quot;classic&quot;}\">\n\t\t\t\t<div class=\"elementor-element elementor-element-01f2376 elementor-widget elementor-widget-heading\" data-id=\"01f2376\" data-element_type=\"widget\" data-e-type=\"widget\" data-widget_type=\"heading.default\">\n\t\t\t\t\t<h1 class=\"elementor-heading-title elementor-size-default\">Automoci\u00f3n<\/h1>\t\t\t\t<\/div>\n\t\t\t\t<\/div>\n\t\t\t\t<\/div>\n\t\t\t\t<\/div>\n\t\t<div class=\"elementor-element elementor-element-38c365f e-con-full e-flex e-con e-parent\" data-id=\"38c365f\" data-element_type=\"container\" data-e-type=\"container\">\n\t\t<div class=\"elementor-element elementor-element-8f25cce e-con-full e-flex e-con e-child\" data-id=\"8f25cce\" data-element_type=\"container\" data-e-type=\"container\">\n\t\t\t\t<div class=\"elementor-element elementor-element-29a59f3 elementor-widget elementor-widget-text-editor\" data-id=\"29a59f3\" data-element_type=\"widget\" data-e-type=\"widget\" data-widget_type=\"text-editor.default\">\n\t\t\t\t\t\t\t\t\t<p class=\"p1\">Las ruedas de poliuretano AVO, dise\u00f1adas para soportar las condiciones m\u00e1s exigentes, est\u00e1n equipadas con una <b>banda de rodadura abovedada que optimiza la distribuci\u00f3n del peso<\/b>, mejorando el rendimiento en superficies irregulares.<\/p><br>&nbsp;<br><ul class=\"ul1\">\r\n \t<li class=\"li1\"><b>Poliuretano de alto rendimiento:<\/b> Resistencia excepcional al desgaste y a los productos qu\u00edmicos.<\/li>\r\n \t<li class=\"li1\"><b>Amortiguaci\u00f3n de impactos<\/b>, reduciendo el riesgo de da\u00f1os y garantizando un desplazamiento suave y silencioso incluso en terrenos dif\u00edciles.<\/li>\r\n \t<li class=\"li1\">Soportes con suspensi\u00f3n: Disponible en versiones <b>medias, pesadas y extra pesadas<\/b>, adaptadas a diversas capacidades de carga.<\/li>\r\n<\/ul>\t\t\t\t\t\t\t\t<\/div>\n\t\t\t\t<\/div>\n\t\t\t\t<\/div>\n\t\t\t\t<\/div>\n\t\t","protected":false},"excerpt":{"rendered":"<p>Automoci\u00f3n Las ruedas de poliuretano AVO, dise\u00f1adas para soportar las condiciones m\u00e1s exigentes, est\u00e1n equipadas con una banda de rodadura abovedada que optimiza la distribuci\u00f3n del peso, mejorando el rendimiento en superficies irregulares. &nbsp; Poliuretano de alto rendimiento: Resistencia excepcional al desgaste y a los productos qu\u00edmicos. Amortiguaci\u00f3n de impactos, reduciendo el riesgo de da\u00f1os [&hellip;]<\/p>\n","protected":false},"author":2,"featured_media":0,"parent":48556,"menu_order":0,"comment_status":"closed","ping_status":"closed","template":"","meta":{"_acf_changed":false,"footnotes":""},"class_list":["post-48560","page","type-page","status-publish","hentry"],"acf":[],"_links":{"self":[{"href":"https:\/\/www.avo.it\/es\/wp-json\/wp\/v2\/pages\/48560","targetHints":{"allow":["GET"]}}],"collection":[{"href":"https:\/\/www.avo.it\/es\/wp-json\/wp\/v2\/pages"}],"about":[{"href":"https:\/\/www.avo.it\/es\/wp-json\/wp\/v2\/types\/page"}],"author":[{"embeddable":true,"href":"https:\/\/www.avo.it\/es\/wp-json\/wp\/v2\/users\/2"}],"replies":[{"embeddable":true,"href":"https:\/\/www.avo.it\/es\/wp-json\/wp\/v2\/comments?post=48560"}],"version-history":[{"count":2,"href":"https:\/\/www.avo.it\/es\/wp-json\/wp\/v2\/pages\/48560\/revisions"}],"predecessor-version":[{"id":96215,"href":"https:\/\/www.avo.it\/es\/wp-json\/wp\/v2\/pages\/48560\/revisions\/96215"}],"up":[{"embeddable":true,"href":"https:\/\/www.avo.it\/es\/wp-json\/wp\/v2\/pages\/48556"}],"wp:attachment":[{"href":"https:\/\/www.avo.it\/es\/wp-json\/wp\/v2\/media?parent=48560"}],"curies":[{"name":"wp","href":"https:\/\/api.w.org\/{rel}","templated":true}]}}